{"id":1492,"date":"2026-03-22T02:52:03","date_gmt":"2026-03-22T02:52:03","guid":{"rendered":"https:\/\/www.precisionwirerope.com\/?post_type=product&#038;p=1492"},"modified":"2026-03-22T03:00:04","modified_gmt":"2026-03-22T03:00:04","slug":"304%e4%b8%8d%e9%8a%b9%e9%8b%bc%e9%8b%bc%e7%b5%b2%e7%b9%a9%e8%80%90%e8%85%90%e8%9d%95%e5%b7%a5%e6%a5%ad%e9%9b%bb%e7%ba%9c%ef%bc%8c%e9%81%a9%e7%94%a8%e6%96%bc%e6%b5%b7%e6%b4%8b%e8%b5%b7%e9%87%8d","status":"publish","type":"product","link":"https:\/\/www.precisionwirerope.com\/zh\/product\/304-stainless-steel-wire-rope-corrosion-resistant-industrial-cable-for-marine-lifting-and-construction-applications\/","title":{"rendered":"304\u4e0d\u92b9\u92fc\u92fc\u7d72\u7e69 - \u7528\u65bc\u6d77\u6d0b\u3001\u63d0\u5347\u548c\u5efa\u7bc9\u61c9\u7528\u7684\u8010\u8150\u8755\u5de5\u696d\u96fb\u7e9c"},"content":{"rendered":"<h3 data-section-id=\"e9m2df\" data-start=\"99\" data-end=\"148\"><span role=\"text\"><strong data-start=\"103\" data-end=\"148\">1. \u4ec0\u9ebc\u662f304\u4e0d\u92b9\u92fc\u92fc\u7d72\u7e69\uff1f<\/strong><\/span><\/h3>\n<p data-start=\"150\" data-end=\"453\">304\u4e0d\u92b9\u92fc\u92fc\u7d72\u7e69\u662f\u7531\u4e00\u7a2e\u5ee3\u6cdb\u4f7f\u7528\u7684\u5967\u6c0f\u9ad4\u4e0d\u92b9\u92fc\u7b49\u7d1a\u88fd\u6210\uff0c\u56e0\u5176\u512a\u7570\u7684\u8010\u8150\u8755\u6027\u548c\u6210\u5f62\u6027\u800c\u805e\u540d\u3002.<\/p>\n<p data-start=\"455\" data-end=\"645\">\u7531\u65bc\u5176\u5e73\u8861\u7684\u6a5f\u68b0\u548c\u5316\u5b78\u6027\u80fd\uff0c304\u4e0d\u92b9\u92fc\u92fc\u7d72\u7e69\u662f\u5de5\u696d\u3001\u6d77\u6d0b\u548c\u5efa\u7bc9\u61c9\u7528\u4e2d\u6700\u5e38\u7528\u7684\u6750\u6599\u4e4b\u4e00\u3002.<\/p>\n<h3 data-section-id=\"g2a40k\" data-start=\"652\" data-end=\"677\"><span role=\"text\"><strong data-start=\"656\" data-end=\"677\">2. \u898f\u683c<\/strong><\/span><\/h3>\n<p data-start=\"679\" data-end=\"749\">304\u4e0d\u92b9\u92fc\u92fc\u7d72\u7e69\u6709\u591a\u7a2e\u5c3a\u5bf8\u53ef\u4f9b\u9078\u64c7\uff1a<\/p>\n<ul data-start=\"751\" data-end=\"918\">\n<li data-section-id=\"1bd1ls\" data-start=\"751\" data-end=\"790\"><strong data-start=\"753\" data-end=\"772\">\u76f4\u5f91\u7bc4\u570d\uff1a<\/strong> 0.03 \u6beb\u7c73 \u2013 40 \u6beb\u7c73<\/li>\n<li data-section-id=\"82rtig\" data-start=\"791\" data-end=\"868\"><strong data-start=\"793\" data-end=\"813\">\u8868\u9762\u9078\u9805\uff1a<\/strong> \u660e\u4eae\u3001\u5857\u5c64\uff08PVC\/\u5c3c\u9f8d\uff09\u3001\u934d\u92c5\u6838\u5fc3\u53ef\u9078<\/li>\n<li data-section-id=\"187wep6\" data-start=\"869\" data-end=\"918\"><strong data-start=\"871\" data-end=\"894\">\u7d50\u69cb\u985e\u578b\uff1a<\/strong> \u67d4\u6027\u6216\u58d3\u7e2e<\/li>\n<\/ul>\n<h3 data-section-id=\"nroqjc\" data-start=\"925\" data-end=\"956\"><span role=\"text\"><strong data-start=\"929\" data-end=\"956\">3. \u5e38\u898b\u7d50\u69cb<\/strong><\/span><\/h3>\n<p data-start=\"958\" data-end=\"1050\">\u6211\u5011\u63d0\u4f9b\u591a\u7a2e\u7d50\u69cb\u4ee5\u6eff\u8db3\u4e0d\u540c\u7684\u5f37\u5ea6\u548c\u9748\u6d3b\u6027\u8981\u6c42\uff1a<\/p>\n<ul data-start=\"1052\" data-end=\"1127\">\n<li data-section-id=\"15ak4k9\" data-start=\"1052\" data-end=\"1059\">1\u00d77<\/li>\n<li data-section-id=\"d3f806\" data-start=\"1060\" data-end=\"1068\">1\u00d719<\/li>\n<li data-section-id=\"15gmdy6\" data-start=\"1069\" data-end=\"1076\">6\u00d77<\/li>\n<li data-section-id=\"15ha9lr\" data-start=\"1077\" data-end=\"1084\">7\u00d77<\/li>\n<li data-section-id=\"j94lmo\" data-start=\"1085\" data-end=\"1093\">7\u00d719<\/li>\n<li data-section-id=\"j96dho\" data-start=\"1094\" data-end=\"1102\">7\u00d737<\/li>\n<li data-section-id=\"in8mqp\" data-start=\"1103\" data-end=\"1111\">6\u00d719<\/li>\n<li data-section-id=\"glai79\" data-start=\"1112\" data-end=\"1127\">6\u00d719 + IWRC<\/li>\n<\/ul>\n<p data-start=\"1129\" data-end=\"1174\">\ud83d\udc49 \u6700\u5e38\u7528\uff1a <strong data-start=\"1150\" data-end=\"1174\">1\u00d77, 1\u00d719, 7\u00d77, 7\u00d719<\/strong><\/p>\n<h3 data-section-id=\"6wf81s\" data-start=\"1181\" data-end=\"1212\"><span role=\"text\"><strong data-start=\"1185\" data-end=\"1212\">4. \u5316\u5b78\u6210\u5206<\/strong><\/span><\/h3>\n<div class=\"TyagGW_tableContainer\">\n<div class=\"group TyagGW_tableWrapper flex flex-col-reverse w-fit\" tabindex=\"-1\">\n<table class=\"w-fit min-w-(--thread-content-width)\" data-start=\"1214\" data-end=\"1453\">\n<thead data-start=\"1214\" data-end=\"1239\">\n<tr data-start=\"1214\" data-end=\"1239\">\n<th class=\"\" data-start=\"1214\" data-end=\"1224\" data-col-size=\"sm\">\u5143\u7d20<\/th>\n<th class=\"\" data-start=\"1224\" data-end=\"1239\" data-col-size=\"sm\">\u542b\u91cf (%)<\/th>\n<\/tr>\n<\/thead>\n<tbody data-start=\"1264\" data-end=\"1453\">\n<tr data-start=\"1264\" data-end=\"1287\">\n<td data-start=\"1264\" data-end=\"1277\" data-col-size=\"sm\">\u78b3 (C)<\/td>\n<td data-start=\"1277\" data-end=\"1287\" data-col-size=\"sm\">\u2264 0.07<\/td>\n<\/tr>\n<tr data-start=\"1288\" data-end=\"1312\">\n<td data-start=\"1288\" data-end=\"1303\" data-col-size=\"sm\">\u77fd (Si)<\/td>\n<td data-start=\"1303\" data-end=\"1312\" data-col-size=\"sm\">\u2264 1.0<\/td>\n<\/tr>\n<tr data-start=\"1313\" data-end=\"1339\">\n<td data-start=\"1313\" data-end=\"1330\" data-col-size=\"sm\">\u9333 (Mn)<\/td>\n<td data-start=\"1330\" data-end=\"1339\" data-col-size=\"sm\">\u2264 2.0<\/td>\n<\/tr>\n<tr data-start=\"1340\" data-end=\"1371\">\n<td data-start=\"1340\" data-end=\"1356\" data-col-size=\"sm\">\u927b (Cr)<\/td>\n<td data-start=\"1356\" data-end=\"1371\" data-col-size=\"sm\">17.0 \u2013 19.0<\/td>\n<\/tr>\n<tr data-start=\"1372\" data-end=\"1400\">\n<td data-start=\"1372\" data-end=\"1386\" data-col-size=\"sm\">\u93b3 (Ni)<\/td>\n<td data-start=\"1386\" data-end=\"1400\" data-col-size=\"sm\">8.0 \u2013 11.0<\/td>\n<\/tr>\n<tr data-start=\"1401\" data-end=\"1424\">\n<td data-start=\"1401\" data-end=\"1414\" data-col-size=\"sm\">\u786b (S)<\/td>\n<td data-start=\"1414\" data-end=\"1424\" data-col-size=\"sm\">\u2264 0.03<\/td>\n<\/tr>\n<tr data-start=\"1425\" data-end=\"1453\">\n<td data-start=\"1425\" data-end=\"1442\" data-col-size=\"sm\">\u78f7 (P)<\/td>\n<td data-start=\"1442\" data-end=\"1453\" data-col-size=\"sm\">\u2264 0.035<\/td>\n<\/tr>\n<\/tbody>\n<\/table>\n<\/div>\n<\/div>\n<h3 data-section-id=\"giwx50\" data-start=\"1460\" data-end=\"1503\"><span role=\"text\"><strong data-start=\"1464\" data-end=\"1503\">5. \u6a5f\u68b0\u8207\u7269\u7406\u6027\u8cea<\/strong><\/span><\/h3>\n<div class=\"TyagGW_tableContainer\">\n<div class=\"group TyagGW_tableWrapper flex flex-col-reverse w-fit\" tabindex=\"-1\">\n<table class=\"w-fit min-w-(--thread-content-width)\" data-start=\"1505\" data-end=\"1767\">\n<thead data-start=\"1505\" data-end=\"1525\">\n<tr data-start=\"1505\" data-end=\"1525\">\n<th class=\"\" data-start=\"1505\" data-end=\"1516\" data-col-size=\"sm\">\u6027\u8cea<\/th>\n<th class=\"\" data-start=\"1516\" data-end=\"1525\" data-col-size=\"sm\">\u503c<\/th>\n<\/tr>\n<\/thead>\n<tbody data-start=\"1545\" data-end=\"1767\">\n<tr data-start=\"1545\" data-end=\"1575\">\n<td data-start=\"1545\" data-end=\"1562\" data-col-size=\"sm\">\u5c48\u670d\u5f37\u5ea6<\/td>\n<td data-start=\"1562\" data-end=\"1575\" data-col-size=\"sm\">\u2265 205 MPa<\/td>\n<\/tr>\n<tr data-start=\"1576\" data-end=\"1608\">\n<td data-start=\"1576\" data-end=\"1595\" data-col-size=\"sm\">\u62c9\u4f38\u5f37\u5ea6<\/td>\n<td data-start=\"1595\" data-end=\"1608\" data-col-size=\"sm\">\u2265 520 MPa<\/td>\n<\/tr>\n<tr data-start=\"1609\" data-end=\"1631\">\n<td data-start=\"1609\" data-end=\"1622\" data-col-size=\"sm\">\u5ef6\u4f38\u7387<\/td>\n<td data-start=\"1622\" data-end=\"1631\" data-col-size=\"sm\">\u2265 40%<\/td>\n<\/tr>\n<tr data-start=\"1632\" data-end=\"1666\">\n<td data-start=\"1632\" data-end=\"1643\" data-col-size=\"sm\">\u786c\u5ea6<\/td>\n<td data-start=\"1643\" data-end=\"1666\" data-col-size=\"sm\">HB \u2264 187 \/ HRB \u2264 90<\/td>\n<\/tr>\n<tr data-start=\"1667\" data-end=\"1691\">\n<td data-start=\"1667\" data-end=\"1677\" data-col-size=\"sm\">\u5bc6\u5ea6<\/td>\n<td data-start=\"1677\" data-end=\"1691\" data-col-size=\"sm\">7.93 g\/cm\u00b3<\/td>\n<\/tr>\n<tr data-start=\"1692\" data-end=\"1725\">\n<td data-start=\"1692\" data-end=\"1708\" data-col-size=\"sm\">\u7194\u9ede<\/td>\n<td data-col-size=\"sm\" data-start=\"1708\" data-end=\"1725\">1398 \u2013 1420\u00b0C<\/td>\n<\/tr>\n<tr data-start=\"1726\" data-end=\"1767\">\n<td data-start=\"1726\" data-end=\"1751\" data-col-size=\"sm\">\u96fb\u963b\u7387<\/td>\n<td data-start=\"1751\" data-end=\"1767\" data-col-size=\"sm\">0.73 \u03a9\u00b7mm\u00b2\/m<\/td>\n<\/tr>\n<\/tbody>\n<\/table>\n<\/div>\n<\/div>\n<hr data-start=\"1769\" data-end=\"1772\" \/>\n<h3 data-section-id=\"1wy15uy\" data-start=\"1774\" data-end=\"1860\"><span role=\"text\"><strong data-start=\"1778\" data-end=\"1860\">6. \u70ba\u4ec0\u9ebc304\u4e0d\u92b9\u92fc\u92fc\u7d72\u7e69\u5177\u6709\u512a\u7570\u7684\u8010\u8150\u8755\u6027\uff1f<\/strong><\/span><\/h3>\n<p data-start=\"1862\" data-end=\"2119\">304\u4e0d\u92b9\u92fc\u7684\u8010\u8150\u8755\u6027\u4f86\u81ea\u5176\u927b\u542b\u91cf\u3002\u927b\u8207\u7a7a\u6c23\u4e2d\u7684\u6c27\u53cd\u61c9\uff0c\u5728\u8868\u9762\u5f62\u6210\u4e00\u5c64\u8584\u800c\u7a69\u5b9a\u7684\u6c27\u5316\u927b\u5c64\u3002\u9019\u5c64\u88ab\u52d5\u819c\u4fdd\u8b77\u6750\u6599\u514d\u53d7\u9032\u4e00\u6b65\u7684\u6c27\u5316\u548c\u8150\u8755\u3002.<\/p>\n<p data-start=\"2121\" data-end=\"2355\">\u93b3\u9032\u4e00\u6b65\u589e\u5f37\u4e86\u8010\u8150\u8755\u6027\uff0c\u4e26\u6539\u5584\u4e86\u97cc\u6027\u548c\u5ef6\u5c55\u6027\u3002\u70ba\u4e86\u4fdd\u6301\u9577\u671f\u7684\u8010\u8150\u8755\u6027\uff0c\u570b\u969b\u6a19\u6e96\u8981\u6c42\u81f3\u5c1112%\u7684\u927b\u542b\u91cf\u2014304\u4e0d\u92b9\u92fc\u8d85\u904e\u4e86\u9019\u4e00\u8981\u6c42\u3002.<\/p>\n<h3 data-section-id=\"1sfd7bq\" data-start=\"2362\" data-end=\"2385\"><span role=\"text\"><strong data-start=\"2366\" data-end=\"2385\">7. \u61c9\u7528<\/strong><\/span><\/h3>\n<p data-start=\"2387\" data-end=\"2495\">304\u4e0d\u92b9\u92fc\u92fc\u7d72\u7e69\u5ee3\u6cdb\u61c9\u7528\u65bc\u9700\u8981\u5f37\u5ea6\u548c\u8010\u8150\u8755\u6027\u7684\u884c\u696d\uff1a<\/p>\n<ul data-start=\"2497\" data-end=\"2812\">\n<li data-section-id=\"193oore\" data-start=\"2497\" data-end=\"2537\"><strong data-start=\"2499\" data-end=\"2535\">\u6d77\u6d0b\u548c\u96e2\u5cb8\u61c9\u7528<\/strong><\/li>\n<li data-section-id=\"1yr4t7d\" data-start=\"2538\" data-end=\"2583\"><strong data-start=\"2540\" data-end=\"2581\">\u5efa\u7bc9\u548c\u5efa\u7bc9\u7528\u96fb\u7e9c<\/strong><\/li>\n<li data-section-id=\"1j4mhl\" data-start=\"2584\" data-end=\"2619\"><strong data-start=\"2586\" data-end=\"2617\">\u8d77\u91cd\u548c\u7d22\u5177\u7cfb\u7d71<\/strong><\/li>\n<li data-section-id=\"zc5czv\" data-start=\"2620\" data-end=\"2653\"><strong data-start=\"2622\" data-end=\"2651\">\u98df\u54c1\u52a0\u5de5\u8a2d\u5099<\/strong><\/li>\n<li data-section-id=\"11qr8sq\" data-start=\"2654\" data-end=\"2695\"><strong data-start=\"2656\" data-end=\"2693\">\u5316\u5b78\u548c\u5de5\u696d\u8a2d\u5099<\/strong><\/li>\n<li data-section-id=\"y437tx\" data-start=\"2696\" data-end=\"2732\"><strong data-start=\"2698\" data-end=\"2730\">\u5b89\u5168\u96fb\u7e9c\u548c\u8b77\u6b04<\/strong><\/li>\n<li data-section-id=\"1s0prrr\" data-start=\"2733\" data-end=\"2773\"><strong data-start=\"2735\" data-end=\"2771\">\u9b5a\u7dda\u548c\u63a7\u5236\u96fb\u7e9c<\/strong><\/li>\n<li data-section-id=\"2f7dfh\" data-start=\"2774\" data-end=\"2812\"><strong data-start=\"2776\" data-end=\"2810\">\u96fb\u68af\u548c\u8d77\u91cd\u7cfb\u7d71<\/strong><\/li>\n<\/ul>\n<p data-start=\"2814\" data-end=\"2905\">\u5b83\u4e5f\u5e38\u4ee5\u5857\u5c64\u5f62\u5f0f\uff08PVC\u6216\u5c3c\u9f8d\uff09\u4f7f\u7528\uff0c\u4ee5\u589e\u5f37\u8010\u7528\u6027\u548c\u5b89\u5168\u6027\u3002.<\/p>\n<h3 data-section-id=\"auvml\" data-start=\"2912\" data-end=\"2944\"><span role=\"text\"><strong data-start=\"2916\" data-end=\"2944\">8. \u5b9a\u5236\u9078\u9805<\/strong><\/span><\/h3>\n<p data-start=\"2946\" data-end=\"3023\">\u6211\u5011\u63d0\u4f9b\u9748\u6d3b\u7684\u5b9a\u5236\u4ee5\u6eff\u8db3\u60a8\u7684\u5177\u9ad4\u9805\u76ee\u9700\u6c42\uff1a<\/p>\n<ul data-start=\"3025\" data-end=\"3233\">\n<li data-section-id=\"19z3taj\" data-start=\"3025\" data-end=\"3055\">\u81ea\u5b9a\u7fa9\u76f4\u5f91\u548c\u9577\u5ea6<\/li>\n<li data-section-id=\"eau3kn\" data-start=\"3056\" data-end=\"3102\">\u4e0d\u540c\u7684\u7d50\u69cb\u548c\u80a1\u7dda\u8a2d\u8a08<\/li>\n<li data-section-id=\"1pvcvte\" data-start=\"3103\" data-end=\"3153\">PVC \/ \u5c3c\u9f8d\u5857\u5c64\uff08\u53ef\u63d0\u4f9b\u591a\u7a2e\u984f\u8272\uff09<\/li>\n<li data-section-id=\"17qulmx\" data-start=\"3154\" data-end=\"3194\">\u9810\u5207\u5272\u548c\u7d44\u88dd\u7684\u92fc\u7d72\u7e69\u5957\u4ef6<\/li>\n<li data-section-id=\"1ifnabl\" data-start=\"3195\" data-end=\"3233\">\u7279\u6b8a\u5305\u88dd\u548cOEM\u54c1\u724c<\/li>\n<\/ul>\n<h3 data-section-id=\"ohslnw\" data-start=\"3240\" data-end=\"3264\"><span role=\"text\"><strong data-start=\"3244\" data-end=\"3264\">9. \u70ba\u4ec0\u9ebc\u9078\u64c7\u6211\u5011<\/strong><\/span><\/h3>\n<ul data-start=\"3266\" data-end=\"3476\">\n<li data-section-id=\"5vc80a\" data-start=\"3266\" data-end=\"3318\">\u56b4\u683c\u7684\u8cea\u91cf\u63a7\u5236\u548c\u6750\u6599\u53ef\u8ffd\u6eaf\u6027<\/li>\n<li data-section-id=\"c2t962\" data-start=\"3319\" data-end=\"3355\">\u5ee3\u6cdb\u7684\u5eab\u5b58\u548c\u5feb\u901f\u4ea4\u8ca8<\/li>\n<li data-section-id=\"1lar1hp\" data-start=\"3356\" data-end=\"3386\">\u5ba2\u88fd\u5316\u5de5\u7a0b\u652f\u63f4<\/li>\n<li data-section-id=\"18yrkc1\" data-start=\"3387\" data-end=\"3426\">\u5927\u5b97\u8a02\u55ae\u7684\u5177\u7af6\u722d\u529b\u50f9\u683c<\/li>\n<li data-section-id=\"1gdzeup\" data-start=\"3427\" data-end=\"3476\">\u5de5\u696d\u61c9\u7528\u7684\u53ef\u9760\u4f9b\u61c9\u5546<\/li>\n<\/ul>","protected":false},"excerpt":{"rendered":"<p>304\u4e0d\u92b9\u92fc\u92fc\u7d72\u7e69\u662f\u7531\u4e00\u7a2e\u5ee3\u6cdb\u4f7f\u7528\u7684\u5967\u6c0f\u9ad4\u4e0d\u92b9\u92fc\u7b49\u7d1a\u88fd\u6210\uff0c\u56e0\u5176\u512a\u7570\u7684\u8010\u8150\u8755\u6027\u548c\u6210\u5f62\u6027\u800c\u805e\u540d\u3002.<\/p>","protected":false},"featured_media":1493,"comment_status":"open","ping_status":"closed","template":"","meta":{"site-sidebar-layout":"default","site-content-layout":"","ast-site-content-layout":"default","site-content-style":"default","site-sidebar-style":"default","ast-global-header-display":"","ast-banner-title-visibility":"","ast-main-header-display":"","ast-hfb-above-header-display":"","ast-hfb-below-header-display":"","ast-hfb-mobile-header-display":"","site-post-title":"","ast-breadcrumbs-content":"","ast-featured-img":"","footer-sml-layout":"","ast-disable-related-posts":"","theme-transparent-header-meta":"default","adv-header-id-meta":"","stick-header-meta":"default","header-above-stick-meta":"","header-main-stick-meta":"","header-below-stick-meta":"","astra-migrate-meta-layouts":"set","ast-page-background-enabled":"default","ast-page-background-meta":{"desktop":{"background-color":"var(--ast-global-color-4)","background-image":"","background-repeat":"repeat","background-position":"center center","background-size":"auto","background-attachment":"scroll","background-type":"","background-media":"","overlay-type":"","overlay-color":"","overlay-opacity":"","overlay-gradient":""},"tablet":{"background-color":"","background-image":"","background-repeat":"repeat","background-position":"center center","background-size":"auto","background-attachment":"scroll","background-type":"","background-media":"","overlay-type":"","overlay-color":"","overlay-opacity":"","overlay-gradient":""},"mobile":{"background-color":"","background-image":"","background-repeat":"repeat","background-position":"center center","background-size":"auto","background-attachment":"scroll","background-type":"","background-media":"","overlay-type":"","overlay-color":"","overlay-opacity":"","overlay-gradient":""}},"ast-content-background-meta":{"desktop":{"background-color":"var(--ast-global-color-5)","background-image":"","background-repeat":"repeat","background-position":"center center","background-size":"auto","background-attachment":"scroll","background-type":"","background-media":"","overlay-type":"","overlay-color":"","overlay-opacity":"","overlay-gradient":""},"tablet":{"background-color":"var(--ast-global-color-5)","background-image":"","background-repeat":"repeat","background-position":"center center","background-size":"auto","background-attachment":"scroll","background-type":"","background-media":"","overlay-type":"","overlay-color":"","overlay-opacity":"","overlay-gradient":""},"mobile":{"background-color":"var(--ast-global-color-5)","background-image":"","background-repeat":"repeat","background-position":"center center","background-size":"auto","background-attachment":"scroll","background-type":"","background-media":"","overlay-type":"","overlay-color":"","overlay-opacity":"","overlay-gradient":""}}},"product_brand":[],"product_cat":[16],"product_tag":[55,57,59,33,63,43,32,44,35,61,60,56,58,62,27],"class_list":{"0":"post-1492","1":"product","2":"type-product","3":"status-publish","4":"has-post-thumbnail","6":"product_cat-wire-rope","7":"product_tag-304-stainless-steel-wire-rope","8":"product_tag-7x19-wire-rope","9":"product_tag-coated-wire-rope","10":"product_tag-corrosion-resistant-wire-rope","11":"product_tag-flexible-wire-rope","12":"product_tag-high-strength-wire-rope","13":"product_tag-industrial-wire-rope","14":"product_tag-lifting-wire-rope","15":"product_tag-marine-wire-rope","16":"product_tag-nylon-coated-cable","17":"product_tag-pvc-wire-rope","18":"product_tag-stainless-steel-cable","19":"product_tag-stainless-steel-cable-supplier","20":"product_tag-stainless-steel-rigging-cable","21":"product_tag-wire-rope-manufacturer","22":"desktop-align-left","23":"tablet-align-left","24":"mobile-align-left","25":"ast-product-gallery-layout-horizontal-slider","26":"ast-product-tabs-layout-horizontal","28":"first","29":"instock","30":"shipping-taxable","31":"product-type-simple"},"_links":{"self":[{"href":"https:\/\/www.precisionwirerope.com\/zh\/wp-json\/wp\/v2\/product\/1492","targetHints":{"allow":["GET"]}}],"collection":[{"href":"https:\/\/www.precisionwirerope.com\/zh\/wp-json\/wp\/v2\/product"}],"about":[{"href":"https:\/\/www.precisionwirerope.com\/zh\/wp-json\/wp\/v2\/types\/product"}],"replies":[{"embeddable":true,"href":"https:\/\/www.precisionwirerope.com\/zh\/wp-json\/wp\/v2\/comments?post=1492"}],"wp:featuredmedia":[{"embeddable":true,"href":"https:\/\/www.precisionwirerope.com\/zh\/wp-json\/wp\/v2\/media\/1493"}],"wp:attachment":[{"href":"https:\/\/www.precisionwirerope.com\/zh\/wp-json\/wp\/v2\/media?parent=1492"}],"wp:term":[{"taxonomy":"product_brand","embeddable":true,"href":"https:\/\/www.precisionwirerope.com\/zh\/wp-json\/wp\/v2\/product_brand?post=1492"},{"taxonomy":"product_cat","embeddable":true,"href":"https:\/\/www.precisionwirerope.com\/zh\/wp-json\/wp\/v2\/product_cat?post=1492"},{"taxonomy":"product_tag","embeddable":true,"href":"https:\/\/www.precisionwirerope.com\/zh\/wp-json\/wp\/v2\/product_tag?post=1492"}],"curies":[{"name":"wp","href":"https:\/\/api.w.org\/{rel}","templated":true}]}}