{"id":1488,"date":"2026-03-22T02:46:11","date_gmt":"2026-03-22T02:46:11","guid":{"rendered":"https:\/\/www.precisionwirerope.com\/?post_type=product&#038;p=1488"},"modified":"2026-05-11T22:08:22","modified_gmt":"2026-05-11T22:08:22","slug":"%e4%b8%8d%e9%8a%b9%e9%8b%bc%e9%8b%bc%e7%b5%b2%e7%b9%a9%e8%a3%bd%e9%80%a0%e5%95%86-%e9%ab%98%e5%bc%b7%e5%ba%a6-%e8%80%90%e8%85%90%e8%9d%95%e7%ba%9c%e7%b7%9a","status":"publish","type":"product","link":"https:\/\/www.precisionwirerope.com\/zh\/product\/stainless-steel-wire-rope-manufacturer-high-strength-corrosion-resistant-cable\/","title":{"rendered":"\u4e0d\u92b9\u92fc\u92fc\u7d72\u7e69\u88fd\u9020\u5546 | \u9ad8\u5f37\u5ea6\u53ca\u8010\u8150\u8755\u96fb\u7e9c"},"content":{"rendered":"<p data-start=\"186\" data-end=\"526\">\u4e0d\u92b9\u92fc\u92fc\u7d72\u7e69\u662f\u901a\u904e\u5c07\u591a\u80a1\u4e0d\u92b9\u92fc\u7d72\u626d\u7d50\u6210\u55ae\u4e00\u7684\u7e69\u7d22\u7d50\u69cb\u88fd\u9020\u7684\uff0c\u5167\u90e8\u53ef\u4ee5\u662f\u7e96\u7dad\u6838\u5fc3\u6216\u92fc\u6838\u5fc3\u3002.<\/p>\n<p data-start=\"528\" data-end=\"696\">\u5728 Precision Wire Rope\uff0c\u6211\u5011\u63d0\u4f9b\u5404\u7a2e\u7b49\u7d1a\u3001\u7d50\u69cb\u548c\u914d\u7f6e\u7684\u9ad8\u54c1\u8cea\u4e0d\u92b9\u92fc\u92fc\u7d72\u7e69\uff0c\u4ee5\u6eff\u8db3\u591a\u6a23\u7684\u61c9\u7528\u9700\u6c42\u3002.<\/p>\n<h2 data-section-id=\"1lut59q\" data-start=\"703\" data-end=\"731\"><span role=\"text\"><strong data-start=\"706\" data-end=\"731\">\u7d50\u69cb\u8207\u6750\u6599<\/strong><\/span><\/h2>\n<h3 data-section-id=\"ldjiy3\" data-start=\"733\" data-end=\"756\"><span role=\"text\"><strong data-start=\"737\" data-end=\"756\">\u6750\u6599\u7b49\u7d1a<\/strong><\/span><\/h3>\n<p data-start=\"757\" data-end=\"818\">\u6211\u5011\u63d0\u4f9b\u591a\u7a2e\u4e0d\u92b9\u92fc\u7b49\u7d1a\uff0c\u5305\u62ec\uff1a<\/p>\n<ul data-start=\"819\" data-end=\"1061\">\n<li data-section-id=\"sv9rza\" data-start=\"819\" data-end=\"876\"><strong data-start=\"821\" data-end=\"835\">304 \/ 304L<\/strong> \u2013 \u4e00\u822c\u7528\u9014\u7684\u8010\u8150\u8755\u6027<\/li>\n<li data-section-id=\"1cauyhq\" data-start=\"877\" data-end=\"964\"><strong data-start=\"879\" data-end=\"893\">316 \/ 316L<\/strong> \u2013 \u5c0d\u6d77\u6d0b\u548c\u5316\u5b78\u74b0\u5883\u7684\u5353\u8d8a\u8010\u8150\u8755\u6027<\/li>\n<li data-section-id=\"1rg6dz4\" data-start=\"965\" data-end=\"1012\"><strong data-start=\"967\" data-end=\"980\">201 \/ 202<\/strong> \u2013 \u6210\u672c\u6548\u76ca\u9ad8\u7684\u66ff\u4ee3\u54c1<\/li>\n<li data-section-id=\"v8lgqu\" data-start=\"1013\" data-end=\"1061\"><strong data-start=\"1015\" data-end=\"1029\">310 \/ 310S<\/strong> \u2013 \u9ad8\u6eab\u8010\u53d7\u6027<\/li>\n<\/ul>\n<h3 data-section-id=\"jyvvzq\" data-start=\"1068\" data-end=\"1086\"><span role=\"text\"><strong data-start=\"1072\" data-end=\"1086\">\u6838\u5fc3\u985e\u578b<\/strong><\/span><\/h3>\n<ul data-start=\"1087\" data-end=\"1281\">\n<li data-section-id=\"wjt1lq\" data-start=\"1087\" data-end=\"1137\"><strong data-start=\"1089\" data-end=\"1108\">\u7e96\u7dad\u6838\u5fc3 (FC)<\/strong> \u2013 \u67d4\u97cc\u4e14\u8f15\u4fbf<\/li>\n<li data-section-id=\"v9x8v3\" data-start=\"1138\" data-end=\"1212\"><strong data-start=\"1140\" data-end=\"1177\">\u7368\u7acb\u92fc\u7d72\u7e69\u6838\u5fc3 (IWRC)<\/strong> \u2013 \u66f4\u9ad8\u7684\u5f37\u5ea6\u548c\u8010\u7528\u6027<\/li>\n<li data-section-id=\"ydvdhi\" data-start=\"1213\" data-end=\"1281\"><strong data-start=\"1215\" data-end=\"1247\">\u92fc\u7d72\u80a1\u5fc3 (IWS)<\/strong> \u2013 \u589e\u5f37\u7684\u7d50\u69cb\u7a69\u5b9a\u6027<\/li>\n<\/ul>\n<h3 data-section-id=\"1qyaowq\" data-start=\"1288\" data-end=\"1322\"><span role=\"text\"><strong data-start=\"1292\" data-end=\"1322\">\u5178\u578b\u92fc\u7d72\u7e69\u7d50\u69cb<\/strong><\/span><\/h3>\n<ul data-start=\"1323\" data-end=\"1397\">\n<li data-section-id=\"1cgrpeq\" data-start=\"1323\" data-end=\"1341\">1\u00d73, 1\u00d77, 1\u00d719<\/li>\n<li data-section-id=\"2qzil7\" data-start=\"1342\" data-end=\"1355\">6\u00d77, 6\u00d719<\/li>\n<li data-section-id=\"1gi7oer\" data-start=\"1356\" data-end=\"1375\">7\u00d77, 7\u00d719, 7\u00d737<\/li>\n<li data-section-id=\"gg6z5s\" data-start=\"1376\" data-end=\"1397\">6W19, 6\u00d719 + IWRC<\/li>\n<\/ul>\n<h3 data-section-id=\"w9aop\" data-start=\"1404\" data-end=\"1421\"><span role=\"text\"><strong data-start=\"1408\" data-end=\"1421\">\u92ea\u8a2d\u985e\u578b<\/strong><\/span><\/h3>\n<ul data-start=\"1422\" data-end=\"1492\">\n<li data-section-id=\"a6ftli\" data-start=\"1422\" data-end=\"1451\">\u6b63\u5e38\u92ea\u8a2d (RHRL \/ LHRL)<\/li>\n<li data-section-id=\"hxog5k\" data-start=\"1452\" data-end=\"1478\">\u9577\u92ea\u8a2d (RHLL \/ LHLL)<\/li>\n<li data-section-id=\"672p7l\" data-start=\"1479\" data-end=\"1492\">\u6df7\u5408\u7de8\u7e54<\/li>\n<\/ul>\n<h3 data-section-id=\"hdtwc8\" data-start=\"1499\" data-end=\"1520\"><span role=\"text\"><strong data-start=\"1503\" data-end=\"1520\">\u8868\u9762\u985e\u578b<\/strong><\/span><\/h3>\n<ul data-start=\"1521\" data-end=\"1589\">\n<li data-section-id=\"vhd1x5\" data-start=\"1521\" data-end=\"1538\">\u660e\u4eae\u8868\u9762<\/li>\n<li data-section-id=\"uw1ss2\" data-start=\"1539\" data-end=\"1555\">\u54d1\u5149\u8868\u9762<\/li>\n<li data-section-id=\"wseuwf\" data-start=\"1556\" data-end=\"1589\">\u5857\u5c64 (PVC \/ \u5c3c\u9f8d\u53ef\u9078)<\/li>\n<\/ul>\n<h2 data-section-id=\"id1bjs\" data-start=\"1596\" data-end=\"1627\"><span role=\"text\"><strong data-start=\"1599\" data-end=\"1627\">\u6280\u8853\u898f\u683c<\/strong><\/span><\/h2>\n<div class=\"TyagGW_tableContainer\">\n<div class=\"group TyagGW_tableWrapper flex flex-col-reverse w-fit\" tabindex=\"-1\">\n<table class=\"w-fit min-w-(--thread-content-width)\" data-start=\"1629\" data-end=\"2424\">\n<thead data-start=\"1629\" data-end=\"1745\">\n<tr data-start=\"1629\" data-end=\"1745\">\n<th class=\"\" data-start=\"1629\" data-end=\"1650\" data-col-size=\"sm\">\u7e69\u76f4\u5f91 (mm)<\/th>\n<th class=\"\" data-start=\"1650\" data-end=\"1665\" data-col-size=\"sm\">\u7d50\u69cb<\/th>\n<th class=\"\" data-start=\"1665\" data-end=\"1682\" data-col-size=\"sm\">\u6750\u6599\u7b49\u7d1a<\/th>\n<th class=\"\" data-start=\"1682\" data-end=\"1694\" data-col-size=\"sm\">\u6838\u5fc3\u985e\u578b<\/th>\n<th class=\"\" data-start=\"1694\" data-end=\"1719\" data-col-size=\"sm\">\u62c9\u4f38\u5f37\u5ea6 (MPa)<\/th>\n<th class=\"\" data-start=\"1719\" data-end=\"1745\" data-col-size=\"sm\">\u65b7\u88c2\u5f37\u5ea6 (kN)<\/th>\n<\/tr>\n<\/thead>\n<tbody data-start=\"1860\" data-end=\"2424\">\n<tr data-start=\"1860\" data-end=\"1972\">\n<td data-start=\"1860\" data-end=\"1881\" data-col-size=\"sm\">0.3 \u2013 1.0<\/td>\n<td data-col-size=\"sm\" data-start=\"1881\" data-end=\"1894\">1\u00d77 \/ 1\u00d719<\/td>\n<td data-col-size=\"sm\" data-start=\"1894\" data-end=\"1911\">304 \/ 316<\/td>\n<td data-col-size=\"sm\" data-start=\"1911\" data-end=\"1922\">\u92fc<\/td>\n<td data-col-size=\"sm\" data-start=\"1922\" data-end=\"1946\">1570 \u2013 1770<\/td>\n<td data-col-size=\"sm\" data-start=\"1946\" data-end=\"1972\">0.2 \u2013 1.5<\/td>\n<\/tr>\n<tr data-start=\"1973\" data-end=\"2085\">\n<td data-start=\"1973\" data-end=\"1994\" data-col-size=\"sm\">1.0 \u2013 3.0<\/td>\n<td data-col-size=\"sm\" data-start=\"1994\" data-end=\"2007\">7\u00d77<\/td>\n<td data-col-size=\"sm\" data-start=\"2007\" data-end=\"2024\">304 \/ 316<\/td>\n<td data-col-size=\"sm\" data-start=\"2024\" data-end=\"2035\">FC \/ IWRC<\/td>\n<td data-col-size=\"sm\" data-start=\"2035\" data-end=\"2059\">1570 \u2013 1960<\/td>\n<td data-col-size=\"sm\" data-start=\"2059\" data-end=\"2085\">1.5 \u2013 8.0<\/td>\n<\/tr>\n<tr data-start=\"2086\" data-end=\"2198\">\n<td data-start=\"2086\" data-end=\"2107\" data-col-size=\"sm\">2.0 \u2013 6.0<\/td>\n<td data-start=\"2107\" data-end=\"2120\" data-col-size=\"sm\">7\u00d719<\/td>\n<td data-start=\"2120\" data-end=\"2137\" data-col-size=\"sm\">304 \/ 316<\/td>\n<td data-start=\"2137\" data-end=\"2148\" data-col-size=\"sm\">FC \/ IWRC<\/td>\n<td data-start=\"2148\" data-end=\"2172\" data-col-size=\"sm\">1570 \u2013 1960<\/td>\n<td data-start=\"2172\" data-end=\"2198\" data-col-size=\"sm\">5.0 \u2013 25.0<\/td>\n<\/tr>\n<tr data-start=\"2199\" data-end=\"2311\">\n<td data-start=\"2199\" data-end=\"2220\" data-col-size=\"sm\">6.0 \u2013 12.0<\/td>\n<td data-start=\"2220\" data-end=\"2233\" data-col-size=\"sm\">6\u00d719<\/td>\n<td data-start=\"2233\" data-end=\"2250\" data-col-size=\"sm\">304 \/ 316<\/td>\n<td data-start=\"2250\" data-end=\"2261\" data-col-size=\"sm\">IWRC<\/td>\n<td data-start=\"2261\" data-end=\"2285\" data-col-size=\"sm\">1770 \u2013 2160<\/td>\n<td data-col-size=\"sm\" data-start=\"2285\" data-end=\"2311\">20.0 \u2013 80.0<\/td>\n<\/tr>\n<tr data-start=\"2312\" data-end=\"2424\">\n<td data-start=\"2312\" data-end=\"2333\" data-col-size=\"sm\">12.0 \u2013 20.0<\/td>\n<td data-col-size=\"sm\" data-start=\"2333\" data-end=\"2346\">6\u00d736<\/td>\n<td data-col-size=\"sm\" data-start=\"2346\" data-end=\"2363\">316 \/ 316L<\/td>\n<td data-col-size=\"sm\" data-start=\"2363\" data-end=\"2374\">IWRC<\/td>\n<td data-col-size=\"sm\" data-start=\"2374\" data-end=\"2398\">1770 \u2013 2160<\/td>\n<td data-col-size=\"sm\" data-start=\"2398\" data-end=\"2424\">80.0 \u2013 200.0<\/td>\n<\/tr>\n<\/tbody>\n<\/table>\n<\/div>\n<\/div>\n<blockquote data-start=\"2426\" data-end=\"2521\">\n<p data-start=\"2428\" data-end=\"2521\"><em data-start=\"2428\" data-end=\"2521\">\u6ce8\u610f\uff1a\u6240\u6709\u898f\u683c\u5747\u53ef\u6839\u64da\u60a8\u7684\u61c9\u7528\u548c\u8ca0\u8f09\u8981\u6c42\u9032\u884c\u5b9a\u5236\u3002.<\/em><\/p>\n<\/blockquote>\n<h2 data-section-id=\"1j5qwet\" data-start=\"2528\" data-end=\"2547\"><span role=\"text\"><strong data-start=\"2531\" data-end=\"2547\">\u4e3b\u8981\u7279\u9ede<\/strong><\/span><\/h2>\n<h3 data-section-id=\"18xz1q1\" data-start=\"2549\" data-end=\"2589\"><span role=\"text\"><strong data-start=\"2553\" data-end=\"2587\">\u512a\u7570\u7684\u8010\u8150\u8755\u6027<\/strong><\/span><\/h3>\n<p data-start=\"2590\" data-end=\"2717\">\u4e0d\u92b9\u92fc\u6750\u6599\uff08\u7279\u5225\u662f316\/316L\uff09\u63d0\u4f9b\u51fa\u8272\u7684\u6297\u6f6e\u6fd5\u3001\u5316\u5b78\u54c1\u548c\u6d77\u6d0b\u74b0\u5883\u7684\u80fd\u529b\u3002.<\/p>\n<h3 data-section-id=\"15xpeud\" data-start=\"2719\" data-end=\"2763\"><span role=\"text\"><strong data-start=\"2723\" data-end=\"2761\">\u9ad8\u5f37\u5ea6\u8207\u6297\u75b2\u52de<\/strong><\/span><\/h3>\n<p data-start=\"2764\" data-end=\"2827\">\u70ba\u5728\u52d5\u614b\u8ca0\u8f09\u548c\u91cd\u8907\u4f7f\u7528\u4e0b\u7684\u8010\u7528\u6027\u800c\u8a2d\u8a08\u3002.<\/p>\n<h3 data-section-id=\"1wjfr4u\" data-start=\"2829\" data-end=\"2867\"><span role=\"text\"><strong data-start=\"2833\" data-end=\"2865\">\u9ad8\u7cbe\u5ea6\u88fd\u9020<\/strong><\/span><\/h3>\n<p data-start=\"2868\" data-end=\"2948\">\u76f4\u5f91\u516c\u5dee\u53ef\u9054 <strong data-start=\"2897\" data-end=\"2909\">\u00b10.01 \u6beb\u7c73<\/strong>, \uff0c\u78ba\u4fdd\u4e00\u81f4\u6027\u548c\u53ef\u9760\u6027\u3002.<\/p>\n<h3 data-section-id=\"3hhe0f\" data-start=\"2950\" data-end=\"2992\"><span role=\"text\"><strong data-start=\"2954\" data-end=\"2990\">\u6e05\u6f54\u8207\u74b0\u4fdd<\/strong><\/span><\/h3>\n<p data-start=\"2993\" data-end=\"3075\">\u7a69\u5b9a\u7684\u5316\u5b78\u6210\u5206\u548c\u4f4e\u96dc\u8cea\u542b\u91cf\u78ba\u4fdd\u9577\u671f\u6027\u80fd\u3002.<\/p>\n<h2 data-section-id=\"197pqvq\" data-start=\"3082\" data-end=\"3111\"><span role=\"text\"><strong data-start=\"3085\" data-end=\"3111\">\u6a19\u6e96\u8207\u5408\u898f<\/strong><\/span><\/h2>\n<p data-start=\"3113\" data-end=\"3193\">\u6211\u5011\u7684\u4e0d\u92b9\u92fc\u92fc\u7d72\u7e69\u7b26\u5408\u570b\u969b\u6a19\u6e96\uff0c\u5305\u62ec\uff1a<\/p>\n<ul data-start=\"3194\" data-end=\"3241\">\n<li data-section-id=\"15m0q8m\" data-start=\"3194\" data-end=\"3207\">GB\/T 9944<\/li>\n<li data-section-id=\"mi670e\" data-start=\"3208\" data-end=\"3223\">ASTM \/ AISI<\/li>\n<li data-section-id=\"kxeg6o\" data-start=\"3224\" data-end=\"3241\">JIS \u6a19\u6e96<\/li>\n<\/ul>\n<h2 data-section-id=\"k0zlak\" data-start=\"3248\" data-end=\"3267\"><span role=\"text\"><strong data-start=\"3251\" data-end=\"3267\">\u61c9\u7528<\/strong><\/span><\/h2>\n<ul data-start=\"3269\" data-end=\"3531\">\n<li data-section-id=\"16bujyt\" data-start=\"3269\" data-end=\"3303\">\u6d77\u6d0b\u548c\u96e2\u5cb8\u4f5c\u696d<\/li>\n<li data-section-id=\"1qatlvb\" data-start=\"3304\" data-end=\"3338\">\u8d77\u91cd\u548c\u540a\u88dd\u8a2d\u5099<\/li>\n<li data-section-id=\"k89z7d\" data-start=\"3339\" data-end=\"3374\">\u5efa\u7bc9\u548c\u57fa\u790e\u8a2d\u65bd<\/li>\n<li data-section-id=\"130ydzw\" data-start=\"3375\" data-end=\"3405\">\u96fb\u68af\u548c\u8d77\u91cd\u6a5f\u7cfb\u7d71<\/li>\n<li data-section-id=\"z4msnb\" data-start=\"3406\" data-end=\"3446\">\u5b89\u5168\u7e9c\u7e69\u548c\u9632\u76dc\u7cfb\u7d71<\/li>\n<li data-section-id=\"bz30y8\" data-start=\"3447\" data-end=\"3485\">\u9b5a\u7dda\u548c\u8fb2\u696d\u7528\u9014<\/li>\n<li data-section-id=\"1cqfb8n\" data-start=\"3486\" data-end=\"3531\">\u5efa\u7bc9\u548c\u88dd\u98fe\u61c9\u7528<\/li>\n<\/ul>\n<h2 data-section-id=\"kxvv1q\" data-start=\"3538\" data-end=\"3571\"><span role=\"text\"><strong data-start=\"3541\" data-end=\"3571\">\u5b9a\u5236\u80fd\u529b<\/strong><\/span><\/h2>\n<p data-start=\"3573\" data-end=\"3613\">\u6211\u5011\u63d0\u4f9b\u91cf\u8eab\u5b9a\u5236\u7684\u89e3\u6c7a\u65b9\u6848\uff0c\u5305\u62ec\uff1a<\/p>\n<ul data-start=\"3614\" data-end=\"3813\">\n<li data-section-id=\"neki49\" data-start=\"3614\" data-end=\"3643\">\u76f4\u5f91\u548c\u7d50\u69cb<\/li>\n<li data-section-id=\"1naxzm0\" data-start=\"3644\" data-end=\"3679\">\u6750\u6599\u7b49\u7d1a\uff08304\u3001316\u7b49\uff09<\/li>\n<li data-section-id=\"15deegd\" data-start=\"3680\" data-end=\"3709\">\u6838\u5fc3\u985e\u578b\uff08FC\u3001IWRC\u3001IWS\uff09<\/li>\n<li data-section-id=\"9scxek\" data-start=\"3710\" data-end=\"3752\">\u8868\u9762\u8655\u7406\uff08\u4eae\u9762\u3001\u555e\u9762\u3001\u5857\u5c64\uff09<\/li>\n<li data-section-id=\"1uvq9sq\" data-start=\"3753\" data-end=\"3781\">\u5857\u5c64\uff08PVC\u3001\u5c3c\u9f8d\u3001PE\uff09<\/li>\n<li data-section-id=\"yalb2g\" data-start=\"3782\" data-end=\"3813\">\u7aef\u90e8\u914d\u4ef6\u548c\u7d44\u4ef6<\/li>\n<\/ul>\n<h2 data-section-id=\"lk0893\" data-start=\"3820\" data-end=\"3844\"><span role=\"text\"><strong data-start=\"3823\" data-end=\"3844\">\u8cea\u91cf\u4fdd\u8b49<\/strong><\/span><\/h2>\n<p data-start=\"3846\" data-end=\"3909\">\u6240\u6709\u7522\u54c1\u90fd\u7d93\u904e\u56b4\u683c\u6aa2\u67e5\u548c\u6e2c\u8a66\uff0c\u4ee5\u78ba\u4fdd\uff1a<\/p>\n<ul data-start=\"3910\" data-end=\"4003\">\n<li data-section-id=\"fivfgh\" data-start=\"3910\" data-end=\"3941\">\u4e00\u81f4\u7684\u6297\u62c9\u5f37\u5ea6<\/li>\n<li data-section-id=\"1hjn31u\" data-start=\"3942\" data-end=\"3966\">\u7d50\u69cb\u5b8c\u6574\u6027<\/li>\n<li data-section-id=\"1clt7ez\" data-start=\"3967\" data-end=\"4003\">\u8010\u8150\u8755\u6027\u80fd<\/li>\n<\/ul>\n<h2 data-section-id=\"i5yrmq\" data-start=\"4010\" data-end=\"4035\"><span role=\"text\"><strong data-start=\"4013\" data-end=\"4035\">\u4ea4\u8ca8\u8207\u670d\u52d9<\/strong><\/span><\/h2>\n<ul data-start=\"4037\" data-end=\"4156\">\n<li data-section-id=\"1jszyqb\" data-start=\"4037\" data-end=\"4081\">\u6a19\u6e96\u7522\u54c1\uff1a <strong data-start=\"4058\" data-end=\"4079\">1\u20133 \u5929\u4ea4\u8ca8<\/strong><\/li>\n<li data-section-id=\"yobqmf\" data-start=\"4082\" data-end=\"4115\">\u5ba2\u88fd\u5316\u8a02\u55ae\uff1a <strong data-start=\"4099\" data-end=\"4113\">15\u201330 \u5929<\/strong><\/li>\n<li data-section-id=\"cax0sd\" data-start=\"4116\" data-end=\"4156\">\u5feb\u901f\u5831\u50f9\u548c\u6280\u8853\u652f\u6301<\/li>\n<\/ul>\n<h2 data-section-id=\"elc90z\" data-start=\"4163\" data-end=\"4173\"><span role=\"text\"><strong data-start=\"4166\" data-end=\"4173\">\u5e38\u898b\u554f\u984c<\/strong><\/span><\/h2>\n<p data-start=\"4175\" data-end=\"4342\"><strong data-start=\"4175\" data-end=\"4252\">\u554f\u984c1\uff1a304\u548c316\u4e0d\u92b9\u92fc\u92fc\u7d72\u7e69\u6709\u4ec0\u9ebc\u5340\u5225\uff1f<\/strong><br data-start=\"4252\" data-end=\"4255\" \/>316\u63d0\u4f9b\u66f4\u597d\u7684\u8010\u8150\u8755\u6027\uff0c\u7279\u5225\u662f\u5728\u6d77\u6d0b\u548c\u5316\u5b78\u74b0\u5883\u4e2d\u3002.<\/p>\n<p data-start=\"4344\" data-end=\"4471\"><strong data-start=\"4344\" data-end=\"4392\">\u554f\u984c2\uff1a\u4e0d\u92b9\u92fc\u92fc\u7d72\u7e69\u53ef\u4ee5\u5857\u8986\u55ce\uff1f<\/strong><br data-start=\"4392\" data-end=\"4395\" \/>\u662f\u7684\uff0cPVC\u3001\u5c3c\u9f8d\u548c\u5176\u4ed6\u5857\u5c64\u53ef\u7528\u65bc\u984d\u5916\u4fdd\u8b77\u3002.<\/p>\n<p data-start=\"4473\" data-end=\"4610\"><strong data-start=\"4473\" data-end=\"4518\">\u554f\u984c3\uff1a\u5982\u4f55\u9078\u64c7\u5408\u9069\u7684\u7d50\u69cb\uff1f<\/strong><br data-start=\"4518\" data-end=\"4521\" \/>\u9019\u53d6\u6c7a\u65bc\u9748\u6d3b\u6027\u3001\u8ca0\u8f09\u548c\u61c9\u7528\u3002\u6211\u5011\u7684\u5718\u968a\u53ef\u4ee5\u63a8\u85a6\u6700\u4f73\u9078\u64c7\u3002.<\/p>\n<h2 data-section-id=\"zwdc7d\" data-start=\"4617\" data-end=\"4684\"><span role=\"text\"><strong data-start=\"4620\" data-end=\"4682\">\u5c0b\u627e\u53ef\u9760\u7684\u4e0d\u92b9\u92fc\u92fc\u7d72\u7e69\u4f9b\u61c9\u5546\uff1f<\/strong><\/span><\/h2>\n<p data-start=\"4685\" data-end=\"4775\">\u4eca\u5929\u5c31\u806f\u7e6b\u6211\u5011\uff0c\u7372\u53d6\u9ad8\u54c1\u8cea\u7522\u54c1\u3001\u5177\u7af6\u722d\u529b\u7684\u50f9\u683c\u548c\u5ba2\u88fd\u5316\u89e3\u6c7a\u65b9\u6848\u3002.<\/p>","protected":false},"excerpt":{"rendered":"<p>\u4e0d\u92b9\u92fc\u92fc\u7d72\u7e69\u662f\u901a\u904e\u5c07\u591a\u80a1\u4e0d\u92b9\u92fc\u7d72\u626d\u7d50\u6210\u55ae\u4e00\u7684\u7e69\u7d22\u7d50\u69cb\u88fd\u9020\u7684\uff0c\u5167\u90e8\u53ef\u4ee5\u662f\u7e96\u7dad\u6838\u5fc3\u6216\u92fc\u6838\u5fc3\u3002.<\/p>","protected":false},"featured_media":1489,"comment_status":"open","ping_status":"closed","template":"","meta":{"site-sidebar-layout":"default","site-content-layout":"","ast-site-content-layout":"default","site-content-style":"default","site-sidebar-style":"default","ast-global-header-display":"","ast-banner-title-visibility":"","ast-main-header-display":"","ast-hfb-above-header-display":"","ast-hfb-below-header-display":"","ast-hfb-mobile-header-display":"","site-post-title":"","ast-breadcrumbs-content":"","ast-featured-img":"","footer-sml-layout":"","ast-disable-related-posts":"","theme-transparent-header-meta":"default","adv-header-id-meta":"","stick-header-meta":"default","header-above-stick-meta":"","header-main-stick-meta":"","header-below-stick-meta":"","astra-migrate-meta-layouts":"set","ast-page-background-enabled":"default","ast-page-background-meta":{"desktop":{"background-color":"var(--ast-global-color-4)","background-image":"","background-repeat":"repeat","background-position":"center center","background-size":"auto","background-attachment":"scroll","background-type":"","background-media":"","overlay-type":"","overlay-color":"","overlay-opacity":"","overlay-gradient":""},"tablet":{"background-color":"","background-image":"","background-repeat":"repeat","background-position":"center center","background-size":"auto","background-attachment":"scroll","background-type":"","background-media":"","overlay-type":"","overlay-color":"","overlay-opacity":"","overlay-gradient":""},"mobile":{"background-color":"","background-image":"","background-repeat":"repeat","background-position":"center center","background-size":"auto","background-attachment":"scroll","background-type":"","background-media":"","overlay-type":"","overlay-color":"","overlay-opacity":"","overlay-gradient":""}},"ast-content-background-meta":{"desktop":{"background-color":"var(--ast-global-color-5)","background-image":"","background-repeat":"repeat","background-position":"center center","background-size":"auto","background-attachment":"scroll","background-type":"","background-media":"","overlay-type":"","overlay-color":"","overlay-opacity":"","overlay-gradient":""},"tablet":{"background-color":"var(--ast-global-color-5)","background-image":"","background-repeat":"repeat","background-position":"center center","background-size":"auto","background-attachment":"scroll","background-type":"","background-media":"","overlay-type":"","overlay-color":"","overlay-opacity":"","overlay-gradient":""},"mobile":{"background-color":"var(--ast-global-color-5)","background-image":"","background-repeat":"repeat","background-position":"center center","background-size":"auto","background-attachment":"scroll","background-type":"","background-media":"","overlay-type":"","overlay-color":"","overlay-opacity":"","overlay-gradient":""}}},"product_brand":[],"product_cat":[16],"product_tag":[52,51,54,53,28,43,32,44,35,38,50,47,48,27,46],"class_list":{"0":"post-1488","1":"product","2":"type-product","3":"status-publish","4":"has-post-thumbnail","6":"product_cat-wire-rope","7":"product_tag-304-stainless-steel-cable","8":"product_tag-316-stainless-steel-wire-rope","9":"product_tag-coated-stainless-steel-wire-rope","10":"product_tag-corrosion-resistant-cable","11":"product_tag-custom-wire-rope","12":"product_tag-high-strength-wire-rope","13":"product_tag-industrial-wire-rope","14":"product_tag-lifting-wire-rope","15":"product_tag-marine-wire-rope","16":"product_tag-safety-cable","17":"product_tag-stainless-steel-wire-rope","18":"product_tag-steel-cable","19":"product_tag-wire-rope-construction","20":"product_tag-wire-rope-manufacturer","21":"product_tag-wire-rope-supplier","22":"desktop-align-left","23":"tablet-align-left","24":"mobile-align-left","25":"ast-product-gallery-layout-horizontal-slider","26":"ast-product-tabs-layout-horizontal","28":"first","29":"instock","30":"shipping-taxable","31":"product-type-simple"},"_links":{"self":[{"href":"https:\/\/www.precisionwirerope.com\/zh\/wp-json\/wp\/v2\/product\/1488","targetHints":{"allow":["GET"]}}],"collection":[{"href":"https:\/\/www.precisionwirerope.com\/zh\/wp-json\/wp\/v2\/product"}],"about":[{"href":"https:\/\/www.precisionwirerope.com\/zh\/wp-json\/wp\/v2\/types\/product"}],"replies":[{"embeddable":true,"href":"https:\/\/www.precisionwirerope.com\/zh\/wp-json\/wp\/v2\/comments?post=1488"}],"wp:featuredmedia":[{"embeddable":true,"href":"https:\/\/www.precisionwirerope.com\/zh\/wp-json\/wp\/v2\/media\/1489"}],"wp:attachment":[{"href":"https:\/\/www.precisionwirerope.com\/zh\/wp-json\/wp\/v2\/media?parent=1488"}],"wp:term":[{"taxonomy":"product_brand","embeddable":true,"href":"https:\/\/www.precisionwirerope.com\/zh\/wp-json\/wp\/v2\/product_brand?post=1488"},{"taxonomy":"product_cat","embeddable":true,"href":"https:\/\/www.precisionwirerope.com\/zh\/wp-json\/wp\/v2\/product_cat?post=1488"},{"taxonomy":"product_tag","embeddable":true,"href":"https:\/\/www.precisionwirerope.com\/zh\/wp-json\/wp\/v2\/product_tag?post=1488"}],"curies":[{"name":"wp","href":"https:\/\/api.w.org\/{rel}","templated":true}]}}