{"id":1484,"date":"2026-03-22T02:16:35","date_gmt":"2026-03-22T02:16:35","guid":{"rendered":"https:\/\/www.precisionwirerope.com\/?post_type=product&#038;p=1484"},"modified":"2026-03-22T02:32:48","modified_gmt":"2026-03-22T02:32:48","slug":"%e9%8d%8d%e9%8b%85%e9%8b%bc%e7%b5%b2%e7%b9%a9%e8%a3%bd%e9%80%a0%e5%95%86-%e9%ab%98%e5%bc%b7%e5%ba%a6%e8%80%90%e8%85%90%e8%9d%95%e9%8b%bc%e7%b5%b2%e7%b9%a9","status":"publish","type":"product","link":"https:\/\/www.precisionwirerope.com\/zh\/product\/galvanized-steel-wire-rope-manufacturer-high-strength-corrosion-resistant-wire-rope\/","title":{"rendered":"\u934d\u92c5\u92fc\u7d72\u7e69\u88fd\u9020\u5546 | \u9ad8\u5f37\u5ea6\u53ca\u8010\u8150\u8755\u92fc\u7d72\u7e69"},"content":{"rendered":"<p data-start=\"191\" data-end=\"493\">\u92c5\u934d\u92fc\u7d72\u7e69\u662f\u901a\u904e\u96fb\u934d\u6216\u71b1\u6d78\u934d\u92c5\u5de5\u85dd\uff0c\u5c07\u4fdd\u8b77\u6027\u92c5\u5857\u5c64\u61c9\u7528\u65bc\u9ad8\u54c1\u8cea\u92fc\u7d72\u4e0a\u800c\u88fd\u6210\u7684\u3002\u92c5\u5c64\u63d0\u4f9b\u4e86\u512a\u7570\u7684\u8010\u8150\u8755\u6027\uff0c\u986f\u8457\u5ef6\u9577\u4e86\u92fc\u7d72\u7e69\u5728\u60e1\u52a3\u74b0\u5883\u4e2d\u7684\u4f7f\u7528\u58fd\u547d\u3002.<\/p>\n<p data-start=\"495\" data-end=\"684\">\u5728\u7cbe\u5bc6\u92fc\u7d72\u7e69\uff0c\u6211\u5011\u63d0\u4f9b\u5404\u7a2e\u934d\u92c5\u92fc\u7d72\u7e69\uff0c\u65e8\u5728\u5f37\u5ea6\u3001\u8010\u7528\u6027\u548c\u5728\u5de5\u696d\u3001\u6d77\u6d0b\u53ca\u5efa\u7bc9\u61c9\u7528\u4e2d\u7684\u53ef\u9760\u6027\u80fd\u3002.<\/p>\n<h2 data-section-id=\"1lut59q\" data-start=\"691\" data-end=\"719\"><span role=\"text\"><strong data-start=\"694\" data-end=\"719\">\u7d50\u69cb\u8207\u6750\u6599<\/strong><\/span><\/h2>\n<h3 data-section-id=\"jyvvzq\" data-start=\"721\" data-end=\"739\"><span role=\"text\"><strong data-start=\"725\" data-end=\"739\">\u6838\u5fc3\u985e\u578b<\/strong><\/span><\/h3>\n<ul data-start=\"740\" data-end=\"967\">\n<li data-section-id=\"1r7s64y\" data-start=\"740\" data-end=\"809\"><strong data-start=\"742\" data-end=\"761\">\u7e96\u7dad\u6838\u5fc3 (FC)<\/strong> \u2013 \u9748\u6d3b\uff0c\u9069\u7528\u65bc\u4e00\u822c\u61c9\u7528<\/li>\n<li data-section-id=\"14dylu4\" data-start=\"810\" data-end=\"887\"><strong data-start=\"812\" data-end=\"849\">\u7368\u7acb\u92fc\u7d72\u7e69\u6838\u5fc3 (IWRC)<\/strong> \u2013 \u66f4\u9ad8\u7684\u5f37\u5ea6\u548c\u627f\u8f09\u80fd\u529b<\/li>\n<li data-section-id=\"6wwgba\" data-start=\"888\" data-end=\"967\"><strong data-start=\"890\" data-end=\"917\">\u805a\u4e19\u70ef\u6838\u5fc3 (PP)<\/strong> \u2013 \u6539\u5584\u5c0d\u6f6e\u6fd5\u548c\u8150\u8755\u7684\u62b5\u6297\u529b<\/li>\n<\/ul>\n<h3 data-section-id=\"8bzjbh\" data-start=\"974\" data-end=\"999\"><span role=\"text\"><strong data-start=\"978\" data-end=\"999\">\u934d\u92c5\u985e\u578b<\/strong><\/span><\/h3>\n<ul data-start=\"1000\" data-end=\"1157\">\n<li data-section-id=\"ucwl68\" data-start=\"1000\" data-end=\"1076\"><strong data-start=\"1002\" data-end=\"1024\">\u96fb\u934d\u92c5<\/strong> \u2013 \u5149\u6ed1\u8868\u9762\uff0c\u5747\u52fb\u5857\u5c64\uff0c\u6210\u672c\u6548\u76ca\u9ad8<\/li>\n<li data-section-id=\"1lmfcxi\" data-start=\"1077\" data-end=\"1157\"><strong data-start=\"1079\" data-end=\"1101\">\u71b1\u6d78\u934d\u92c5<\/strong> \u2013 \u66f4\u539a\u7684\u92c5\u5857\u5c64\uff0c\u512a\u8d8a\u7684\u8010\u8150\u8755\u6027<\/li>\n<\/ul>\n<h3 data-section-id=\"3hc9yf\" data-start=\"1164\" data-end=\"1191\"><span role=\"text\"><strong data-start=\"1168\" data-end=\"1191\">\u92c5\u5857\u5c64\u7b49\u7d1a<\/strong><\/span><\/h3>\n<ul data-start=\"1192\" data-end=\"1359\">\n<li data-section-id=\"61tcd\" data-start=\"1192\" data-end=\"1233\">\u8f15\u5857\u5c64 \u2013 \u9069\u7528\u65bc\u8f15\u5fae\u74b0\u5883<\/li>\n<li data-section-id=\"1hx6bct\" data-start=\"1234\" data-end=\"1288\">\u4e2d\u7b49\u5857\u5c64 \u2013 \u9069\u7528\u65bc\u4e2d\u7b49\u8150\u8755\u689d\u4ef6<\/li>\n<li data-section-id=\"15fq2vp\" data-start=\"1289\" data-end=\"1359\">\u91cd\u5857\u5c64 \u2013 \u9069\u7528\u65bc\u56b4\u82db\u74b0\u5883\uff08\u6d77\u6d0b\u3001\u96e2\u5cb8\u3001\u63a1\u7926\uff09<\/li>\n<\/ul>\n<h3 data-section-id=\"1qyaowq\" data-start=\"1366\" data-end=\"1400\"><span role=\"text\"><strong data-start=\"1370\" data-end=\"1400\">\u5178\u578b\u92fc\u7d72\u7e69\u7d50\u69cb<\/strong><\/span><\/h3>\n<ul data-start=\"1401\" data-end=\"1476\">\n<li data-section-id=\"1d8ze2j\" data-start=\"1401\" data-end=\"1414\">1\u00d77, 1\u00d719<\/li>\n<li data-section-id=\"1ceibga\" data-start=\"1415\" data-end=\"1441\">6\u00d77, 6\u00d719, 6\u00d719 + IWRC<\/li>\n<li data-section-id=\"1gi7oer\" data-start=\"1442\" data-end=\"1461\">7\u00d77, 7\u00d719, 7\u00d737<\/li>\n<li data-section-id=\"196kycp\" data-start=\"1462\" data-end=\"1476\">6\u00d736, 6W19<\/li>\n<\/ul>\n<h3 data-section-id=\"w9aop\" data-start=\"1483\" data-end=\"1500\"><span role=\"text\"><strong data-start=\"1487\" data-end=\"1500\">\u92ea\u8a2d\u985e\u578b<\/strong><\/span><\/h3>\n<ul data-start=\"1501\" data-end=\"1583\">\n<li data-section-id=\"a6ftli\" data-start=\"1501\" data-end=\"1530\">\u6b63\u5e38\u92ea\u8a2d (RHRL \/ LHRL)<\/li>\n<li data-section-id=\"hxog5k\" data-start=\"1531\" data-end=\"1557\">\u9577\u92ea\u8a2d (RHLL \/ LHLL)<\/li>\n<li data-section-id=\"po698e\" data-start=\"1558\" data-end=\"1583\">\u4ea4\u66ff \/ \u6df7\u5408\u92ea\u8a2d<\/li>\n<\/ul>\n<h2 data-section-id=\"id1bjs\" data-start=\"1590\" data-end=\"1621\"><span role=\"text\"><strong data-start=\"1593\" data-end=\"1621\">\u6280\u8853\u898f\u683c<\/strong><\/span><\/h2>\n<div class=\"TyagGW_tableContainer\">\n<div class=\"group TyagGW_tableWrapper flex flex-col-reverse w-fit\" tabindex=\"-1\">\n<table class=\"w-fit min-w-(--thread-content-width)\" data-start=\"1623\" data-end=\"2384\">\n<thead data-start=\"1623\" data-end=\"1732\">\n<tr data-start=\"1623\" data-end=\"1732\">\n<th class=\"\" data-start=\"1623\" data-end=\"1644\" data-col-size=\"sm\">\u7e69\u76f4\u5f91 (mm)<\/th>\n<th class=\"\" data-start=\"1644\" data-end=\"1659\" data-col-size=\"sm\">\u7d50\u69cb<\/th>\n<th class=\"\" data-start=\"1659\" data-end=\"1671\" data-col-size=\"sm\">\u6838\u5fc3\u985e\u578b<\/th>\n<th class=\"\" data-start=\"1671\" data-end=\"1681\" data-col-size=\"sm\">\u8868\u9762<\/th>\n<th class=\"\" data-start=\"1681\" data-end=\"1706\" data-col-size=\"sm\">\u62c9\u4f38\u5f37\u5ea6 (MPa)<\/th>\n<th class=\"\" data-start=\"1706\" data-end=\"1732\" data-col-size=\"sm\">\u65b7\u88c2\u5f37\u5ea6 (kN)<\/th>\n<\/tr>\n<\/thead>\n<tbody data-start=\"1840\" data-end=\"2384\">\n<tr data-start=\"1840\" data-end=\"1948\">\n<td data-start=\"1840\" data-end=\"1861\" data-col-size=\"sm\">1.0 \u2013 2.0<\/td>\n<td data-col-size=\"sm\" data-start=\"1861\" data-end=\"1874\">1\u00d77 \/ 1\u00d719<\/td>\n<td data-col-size=\"sm\" data-start=\"1874\" data-end=\"1885\">\u92fc<\/td>\n<td data-col-size=\"sm\" data-start=\"1885\" data-end=\"1898\">\u934d\u92c5<\/td>\n<td data-col-size=\"sm\" data-start=\"1898\" data-end=\"1922\">1570 \u2013 1770<\/td>\n<td data-col-size=\"sm\" data-start=\"1922\" data-end=\"1948\">0.8 \u2013 3.0<\/td>\n<\/tr>\n<tr data-start=\"1949\" data-end=\"2057\">\n<td data-start=\"1949\" data-end=\"1970\" data-col-size=\"sm\">2.0 \u2013 4.0<\/td>\n<td data-col-size=\"sm\" data-start=\"1970\" data-end=\"1983\">7\u00d77<\/td>\n<td data-col-size=\"sm\" data-start=\"1983\" data-end=\"1994\">FC \/ IWRC<\/td>\n<td data-col-size=\"sm\" data-start=\"1994\" data-end=\"2007\">\u934d\u92c5<\/td>\n<td data-col-size=\"sm\" data-start=\"2007\" data-end=\"2031\">1570 \u2013 1960<\/td>\n<td data-col-size=\"sm\" data-start=\"2031\" data-end=\"2057\">3.0 \u2013 12.0<\/td>\n<\/tr>\n<tr data-start=\"2058\" data-end=\"2166\">\n<td data-start=\"2058\" data-end=\"2079\" data-col-size=\"sm\">3.0 \u2013 6.0<\/td>\n<td data-col-size=\"sm\" data-start=\"2079\" data-end=\"2092\">7\u00d719<\/td>\n<td data-col-size=\"sm\" data-start=\"2092\" data-end=\"2103\">FC \/ IWRC<\/td>\n<td data-col-size=\"sm\" data-start=\"2103\" data-end=\"2116\">\u934d\u92c5<\/td>\n<td data-col-size=\"sm\" data-start=\"2116\" data-end=\"2140\">1570 \u2013 1960<\/td>\n<td data-col-size=\"sm\" data-start=\"2140\" data-end=\"2166\">10.0 \u2013 30.0<\/td>\n<\/tr>\n<tr data-start=\"2167\" data-end=\"2275\">\n<td data-start=\"2167\" data-end=\"2188\" data-col-size=\"sm\">6.0 \u2013 10.0<\/td>\n<td data-col-size=\"sm\" data-start=\"2188\" data-end=\"2201\">6\u00d719<\/td>\n<td data-col-size=\"sm\" data-start=\"2201\" data-end=\"2212\">IWRC<\/td>\n<td data-col-size=\"sm\" data-start=\"2212\" data-end=\"2225\">\u934d\u92c5<\/td>\n<td data-col-size=\"sm\" data-start=\"2225\" data-end=\"2249\">1770 \u2013 2160<\/td>\n<td data-col-size=\"sm\" data-start=\"2249\" data-end=\"2275\">25.0 \u2013 80.0<\/td>\n<\/tr>\n<tr data-start=\"2276\" data-end=\"2384\">\n<td data-start=\"2276\" data-end=\"2297\" data-col-size=\"sm\">10.0 \u2013 20.0<\/td>\n<td data-start=\"2297\" data-end=\"2310\" data-col-size=\"sm\">6\u00d736<\/td>\n<td data-start=\"2310\" data-end=\"2321\" data-col-size=\"sm\">IWRC<\/td>\n<td data-start=\"2321\" data-end=\"2334\" data-col-size=\"sm\">\u934d\u92c5<\/td>\n<td data-start=\"2334\" data-end=\"2358\" data-col-size=\"sm\">1770 \u2013 2160<\/td>\n<td data-start=\"2358\" data-end=\"2384\" data-col-size=\"sm\">80.0 \u2013 200.0<\/td>\n<\/tr>\n<\/tbody>\n<\/table>\n<\/div>\n<\/div>\n<blockquote data-start=\"2386\" data-end=\"2488\">\n<p data-start=\"2388\" data-end=\"2488\"><em data-start=\"2388\" data-end=\"2488\">\u6ce8\u610f\uff1a\u898f\u683c\u53ef\u4ee5\u6839\u64da\u76f4\u5f91\u3001\u7d50\u69cb\u548c\u5f37\u5ea6\u8981\u6c42\u9032\u884c\u5b9a\u5236\u3002.<\/em><\/p>\n<\/blockquote>\n<h2 data-section-id=\"1j5qwet\" data-start=\"2495\" data-end=\"2514\"><span role=\"text\"><strong data-start=\"2498\" data-end=\"2514\">\u4e3b\u8981\u7279\u9ede<\/strong><\/span><\/h2>\n<h3 data-section-id=\"18xz1q1\" data-start=\"2516\" data-end=\"2556\"><span role=\"text\"><strong data-start=\"2520\" data-end=\"2554\">\u512a\u7570\u7684\u8010\u8150\u8755\u6027<\/strong><\/span><\/h3>\n<p data-start=\"2557\" data-end=\"2690\">\u92c5\u5857\u5c64\u4fdd\u8b77\u92fc\u6750\u514d\u53d7\u6f6e\u6fd5\u3001\u5316\u5b78\u54c1\u548c\u74b0\u5883\u66b4\u9732\u7684\u5f71\u97ff\uff0c\u4f7f\u5176\u975e\u5e38\u9069\u5408\u6236\u5916\u548c\u6d77\u6d0b\u4f7f\u7528\u3002.<\/p>\n<h3 data-section-id=\"1xy76dm\" data-start=\"2692\" data-end=\"2728\"><span role=\"text\"><strong data-start=\"2696\" data-end=\"2726\">\u9ad8\u5f37\u5ea6\u8207\u8010\u7528\u6027<\/strong><\/span><\/h3>\n<p data-start=\"2729\" data-end=\"2855\">\u7531\u9ad8\u54c1\u8cea\u92fc\u6750\u88fd\u6210\uff0c\u7d93\u904e\u63a7\u5236\u7684\u71b1\u8655\u7406\u4ee5\u78ba\u4fdd\u512a\u8d8a\u7684\u6297\u62c9\u5f37\u5ea6\u548c\u9577\u58fd\u547d\u3002.<\/p>\n<h3 data-section-id=\"1ku1gz7\" data-start=\"2857\" data-end=\"2886\"><span role=\"text\"><strong data-start=\"2861\" data-end=\"2884\">\u7cbe\u78ba\u7684\u5c3a\u5bf8<\/strong><\/span><\/h3>\n<p data-start=\"2887\" data-end=\"3001\">\u7cbe\u5bc6\u88fd\u9020\u78ba\u4fdd\u7dca\u5bc6\u7684\u76f4\u5f91\u516c\u5dee\uff08\u9ad8\u9054\u00b10.05 mm\uff09\uff0c\u63d0\u9ad8\u8207\u8a2d\u5099\u7684\u517c\u5bb9\u6027\u3002.<\/p>\n<h3 data-section-id=\"ra3ud0\" data-start=\"3003\" data-end=\"3036\"><span role=\"text\"><strong data-start=\"3007\" data-end=\"3034\">\u6210\u672c\u6548\u76ca\u89e3\u6c7a\u65b9\u6848<\/strong><\/span><\/h3>\n<p data-start=\"3037\" data-end=\"3147\">\u8207\u4e0d\u92b9\u92fc\u92fc\u7d72\u7e69\u76f8\u6bd4\uff0c\u934d\u92c5\u92fc\u7d72\u7e69\u63d0\u4f9b\u6027\u80fd\u548c\u7d93\u6fdf\u6027\u7684\u5e73\u8861\u3002.<\/p>\n<h2 data-section-id=\"13c523q\" data-start=\"3154\" data-end=\"3180\"><span role=\"text\"><strong data-start=\"3157\" data-end=\"3180\">\u6a19\u6e96\u8207\u8cea\u91cf<\/strong><\/span><\/h2>\n<p data-start=\"3182\" data-end=\"3277\">\u6211\u5011\u7684\u934d\u92c5\u92fc\u7d72\u7e69\u6309\u7167\u570b\u969b\u6a19\u6e96\u751f\u7522\uff0c\u5305\u62ec\uff1a<\/p>\n<ul data-start=\"3278\" data-end=\"3332\">\n<li data-section-id=\"1bu1c4s\" data-start=\"3278\" data-end=\"3292\">GB\/T 20118<\/li>\n<li data-section-id=\"169dxum\" data-start=\"3293\" data-end=\"3306\">GB\/T 8918<\/li>\n<li data-section-id=\"1i0nmy4\" data-start=\"3307\" data-end=\"3332\">JIS G3525 \/ JIS H0401<\/li>\n<\/ul>\n<p data-start=\"3334\" data-end=\"3427\">\u6240\u6709\u7522\u54c1\u90fd\u7d93\u904e\u56b4\u683c\u6aa2\u67e5\uff0c\u4ee5\u78ba\u4fdd\u5857\u5c64\u5b8c\u6574\u6027\u3001\u5f37\u5ea6\u548c\u8010\u7528\u6027\u3002.<\/p>\n<h2 data-section-id=\"k0zlak\" data-start=\"3434\" data-end=\"3453\"><span role=\"text\"><strong data-start=\"3437\" data-end=\"3453\">\u61c9\u7528<\/strong><\/span><\/h2>\n<ul data-start=\"3455\" data-end=\"3654\">\n<li data-section-id=\"k89z7d\" data-start=\"3455\" data-end=\"3490\">\u5efa\u7bc9\u548c\u57fa\u790e\u8a2d\u65bd<\/li>\n<li data-section-id=\"1v729p7\" data-start=\"3491\" data-end=\"3526\">\u8d77\u91cd\u548c\u540a\u904b\u64cd\u4f5c<\/li>\n<li data-section-id=\"pym0ka\" data-start=\"3527\" data-end=\"3563\">\u6d77\u6d0b\u548c\u96e2\u5cb8\u61c9\u7528<\/li>\n<li data-section-id=\"1ct221c\" data-start=\"3564\" data-end=\"3589\">\u77f3\u6cb9\u548c\u5929\u7136\u6c23\u52d8\u63a2<\/li>\n<li data-section-id=\"4ocv1n\" data-start=\"3590\" data-end=\"3614\">\u6355\u9b5a\u548c\u62d6\u7db2<\/li>\n<li data-section-id=\"1gksk7t\" data-start=\"3615\" data-end=\"3654\">\u904b\u8f38\u548c\u56fa\u5b9a\u7cfb\u7d71<\/li>\n<\/ul>\n<h2 data-section-id=\"kxvv1q\" data-start=\"3661\" data-end=\"3694\"><span role=\"text\"><strong data-start=\"3664\" data-end=\"3694\">\u5b9a\u5236\u80fd\u529b<\/strong><\/span><\/h2>\n<p data-start=\"3696\" data-end=\"3755\">\u6211\u5011\u6839\u64da\u60a8\u7684\u8981\u6c42\u63d0\u4f9b\u91cf\u8eab\u5b9a\u5236\u7684\u89e3\u6c7a\u65b9\u6848\uff1a<\/p>\n<ul data-start=\"3756\" data-end=\"3915\">\n<li data-section-id=\"neki49\" data-start=\"3756\" data-end=\"3785\">\u76f4\u5f91\u548c\u7d50\u69cb<\/li>\n<li data-section-id=\"9j1apl\" data-start=\"3786\" data-end=\"3812\">\u92c5\u5857\u5c64\u539a\u5ea6<\/li>\n<li data-section-id=\"1jgg1a8\" data-start=\"3813\" data-end=\"3841\">\u6838\u5fc3\u985e\u578b\uff08FC\u3001IWRC\u3001PP\uff09<\/li>\n<li data-section-id=\"4d5fwm\" data-start=\"3842\" data-end=\"3877\">\u92ea\u8a2d\u985e\u578b\uff08\u5e38\u898f\u3001\u9577\u578b\u3001\u6df7\u5408\uff09<\/li>\n<li data-section-id=\"157b2r9\" data-start=\"3878\" data-end=\"3915\">\u8868\u9762\u8655\u7406\u548c\u5f37\u5ea6\u7b49\u7d1a<\/li>\n<\/ul>\n<h2 data-section-id=\"1drsmsf\" data-start=\"3922\" data-end=\"3954\"><span role=\"text\"><strong data-start=\"3925\" data-end=\"3954\">\u8cea\u91cf\u63a7\u5236\u8207\u6e2c\u8a66<\/strong><\/span><\/h2>\n<p data-start=\"3956\" data-end=\"4004\">\u6bcf\u6839\u934d\u92c5\u92fc\u7d72\u7e69\u90fd\u7d93\u904e\u6e2c\u8a66\u4ee5\u78ba\u4fdd\uff1a<\/p>\n<ul data-start=\"4005\" data-end=\"4145\">\n<li data-section-id=\"i9leeb\" data-start=\"4005\" data-end=\"4047\">\u5747\u52fb\u4e14\u7262\u56fa\u7d50\u5408\u7684\u92c5\u5857\u5c64<\/li>\n<li data-section-id=\"1hmm5n9\" data-start=\"4048\" data-end=\"4099\">\u5728\u5f4e\u66f2\u689d\u4ef6\u4e0b\u4e0d\u6703\u958b\u88c2\u6216\u812b\u843d<\/li>\n<li data-section-id=\"bye72l\" data-start=\"4100\" data-end=\"4145\">\u7d93\u904e\u9a57\u8b49\u7684\u8010\u8150\u8755\u6027\u80fd<\/li>\n<\/ul>\n<h2 data-section-id=\"i5yrmq\" data-start=\"4152\" data-end=\"4177\"><span role=\"text\"><strong data-start=\"4155\" data-end=\"4177\">\u4ea4\u8ca8\u8207\u670d\u52d9<\/strong><\/span><\/h2>\n<ul data-start=\"4179\" data-end=\"4312\">\n<li data-section-id=\"1jszyqb\" data-start=\"4179\" data-end=\"4223\">\u6a19\u6e96\u7522\u54c1\uff1a <strong data-start=\"4200\" data-end=\"4221\">1\u20133 \u5929\u4ea4\u8ca8<\/strong><\/li>\n<li data-section-id=\"1h0ln2x\" data-start=\"4224\" data-end=\"4261\">\u5ba2\u88fd\u5316\u751f\u7522\uff1a <strong data-start=\"4245\" data-end=\"4259\">15\u201330 \u5929<\/strong><\/li>\n<li data-section-id=\"1i5g750\" data-start=\"4262\" data-end=\"4312\">\u63d0\u4f9b\u5feb\u901f\u5831\u50f9\u548c\u6280\u8853\u652f\u6301<\/li>\n<\/ul>\n<h2 data-section-id=\"elc90z\" data-start=\"4319\" data-end=\"4329\"><span role=\"text\"><strong data-start=\"4322\" data-end=\"4329\">\u5e38\u898b\u554f\u984c<\/strong><\/span><\/h2>\n<p data-start=\"4331\" data-end=\"4560\"><strong data-start=\"4331\" data-end=\"4422\">Q1\uff1a\u96fb\u934d\u92c5\u548c\u71b1\u6d78\u934d\u92c5\u92fc\u7d72\u7e69\u6709\u4ec0\u9ebc\u5340\u5225\uff1f<\/strong><br data-start=\"4422\" data-end=\"4425\" \/>\u96fb\u934d\u92c5\u92fc\u7d72\u7e69\u8868\u9762\u8f03\u5149\u6ed1\uff0c\u800c\u71b1\u6d78\u934d\u92c5\u5247\u63d0\u4f9b\u66f4\u539a\u7684\u5857\u5c64\u548c\u66f4\u597d\u7684\u8010\u8150\u8755\u6027\u3002.<\/p>\n<p data-start=\"4562\" data-end=\"4709\"><strong data-start=\"4562\" data-end=\"4627\">Q2\uff1a\u934d\u92c5\u92fc\u7d72\u7e69\u9069\u5408\u6d77\u6d0b\u74b0\u5883\u55ce\uff1f<\/strong><br data-start=\"4627\" data-end=\"4630\" \/>\u662f\u7684\uff0c\u7279\u5225\u5efa\u8b70\u4f7f\u7528\u91cd\u92c5\u5857\u5c64\u6216\u71b1\u6d78\u934d\u92c5\u985e\u578b\u3002.<\/p>\n<p data-start=\"4711\" data-end=\"4842\"><strong data-start=\"4711\" data-end=\"4767\">Q3\uff1a\u6211\u53ef\u4ee5\u81ea\u5b9a\u7fa9\u7e69\u7d22\u7684\u7d50\u69cb\u548c\u5f37\u5ea6\u55ce\uff1f<\/strong><br data-start=\"4767\" data-end=\"4770\" \/>\u662f\u7684\uff0c\u6211\u5011\u6839\u64da\u60a8\u7684\u61c9\u7528\u9700\u6c42\u63d0\u4f9b\u5168\u9762\u7684\u5ba2\u88fd\u5316\u670d\u52d9\u3002.<\/p>\n<h2 data-section-id=\"sr9zaj\" data-start=\"4849\" data-end=\"4911\"><span role=\"text\"><strong data-start=\"4852\" data-end=\"4909\">\u5c0b\u627e\u53ef\u9760\u7684\u934d\u92c5\u92fc\u7d72\u7e69\u4f9b\u61c9\u5546\uff1f<\/strong><\/span><\/h2>\n<p data-start=\"4912\" data-end=\"5028\">\u4eca\u5929\u5c31\u806f\u7e6b\u6211\u5011\uff0c\u7372\u53d6\u9ad8\u54c1\u8cea\u7522\u54c1\u3001\u5177\u7af6\u722d\u529b\u7684\u50f9\u683c\u548c\u91cf\u8eab\u5b9a\u5236\u7684\u89e3\u6c7a\u65b9\u6848\u3002.<\/p>","protected":false},"excerpt":{"rendered":"<p>\u92c5\u934d\u92fc\u7d72\u7e69\u662f\u901a\u904e\u96fb\u934d\u6216\u71b1\u6d78\u934d\u92c5\u5de5\u85dd\uff0c\u5c07\u4fdd\u8b77\u6027\u92c5\u5857\u5c64\u61c9\u7528\u65bc\u9ad8\u54c1\u8cea\u92fc\u7d72\u4e0a\u800c\u88fd\u6210\u7684\u3002\u92c5\u5c64\u63d0\u4f9b\u4e86\u512a\u7570\u7684\u8010\u8150\u8755\u6027\uff0c\u986f\u8457\u5ef6\u9577\u4e86\u92fc\u7d72\u7e69\u5728\u60e1\u52a3\u74b0\u5883\u4e2d\u7684\u4f7f\u7528\u58fd\u547d\u3002.<\/p>","protected":false},"featured_media":1485,"comment_status":"open","ping_status":"closed","template":"","meta":{"site-sidebar-layout":"default","site-content-layout":"","ast-site-content-layout":"default","site-content-style":"default","site-sidebar-style":"default","ast-global-header-display":"","ast-banner-title-visibility":"","ast-main-header-display":"","ast-hfb-above-header-display":"","ast-hfb-below-header-display":"","ast-hfb-mobile-header-display":"","site-post-title":"","ast-breadcrumbs-content":"","ast-featured-img":"","footer-sml-layout":"","ast-disable-related-posts":"","theme-transparent-header-meta":"default","adv-header-id-meta":"","stick-header-meta":"default","header-above-stick-meta":"","header-main-stick-meta":"","header-below-stick-meta":"","astra-migrate-meta-layouts":"set","ast-page-background-enabled":"default","ast-page-background-meta":{"desktop":{"background-color":"var(--ast-global-color-4)","background-image":"","background-repeat":"repeat","background-position":"center center","background-size":"auto","background-attachment":"scroll","background-type":"","background-media":"","overlay-type":"","overlay-color":"","overlay-opacity":"","overlay-gradient":""},"tablet":{"background-color":"","background-image":"","background-repeat":"repeat","background-position":"center center","background-size":"auto","background-attachment":"scroll","background-type":"","background-media":"","overlay-type":"","overlay-color":"","overlay-opacity":"","overlay-gradient":""},"mobile":{"background-color":"","background-image":"","background-repeat":"repeat","background-position":"center center","background-size":"auto","background-attachment":"scroll","background-type":"","background-media":"","overlay-type":"","overlay-color":"","overlay-opacity":"","overlay-gradient":""}},"ast-content-background-meta":{"desktop":{"background-color":"var(--ast-global-color-5)","background-image":"","background-repeat":"repeat","background-position":"center center","background-size":"auto","background-attachment":"scroll","background-type":"","background-media":"","overlay-type":"","overlay-color":"","overlay-opacity":"","overlay-gradient":""},"tablet":{"background-color":"var(--ast-global-color-5)","background-image":"","background-repeat":"repeat","background-position":"center center","background-size":"auto","background-attachment":"scroll","background-type":"","background-media":"","overlay-type":"","overlay-color":"","overlay-opacity":"","overlay-gradient":""},"mobile":{"background-color":"var(--ast-global-color-5)","background-image":"","background-repeat":"repeat","background-position":"center center","background-size":"auto","background-attachment":"scroll","background-type":"","background-media":"","overlay-type":"","overlay-color":"","overlay-opacity":"","overlay-gradient":""}}},"product_brand":[],"product_cat":[16],"product_tag":[33,45,28,42,40,43,41,32,49,44,35,47,48,27,46],"class_list":{"0":"post-1484","1":"product","2":"type-product","3":"status-publish","4":"has-post-thumbnail","6":"product_cat-wire-rope","7":"product_tag-corrosion-resistant-wire-rope","8":"product_tag-crane-wire-rope","9":"product_tag-custom-wire-rope","10":"product_tag-electro-galvanized-wire-rope","11":"product_tag-galvanized-steel-wire-rope","12":"product_tag-high-strength-wire-rope","13":"product_tag-hot-dip-galvanized-wire-rope","14":"product_tag-industrial-wire-rope","15":"product_tag-iwrc-wire-rope","16":"product_tag-lifting-wire-rope","17":"product_tag-marine-wire-rope","18":"product_tag-steel-cable","19":"product_tag-wire-rope-construction","20":"product_tag-wire-rope-manufacturer","21":"product_tag-wire-rope-supplier","22":"desktop-align-left","23":"tablet-align-left","24":"mobile-align-left","25":"ast-product-gallery-layout-horizontal-slider","26":"ast-product-tabs-layout-horizontal","28":"first","29":"instock","30":"shipping-taxable","31":"product-type-simple"},"_links":{"self":[{"href":"https:\/\/www.precisionwirerope.com\/zh\/wp-json\/wp\/v2\/product\/1484","targetHints":{"allow":["GET"]}}],"collection":[{"href":"https:\/\/www.precisionwirerope.com\/zh\/wp-json\/wp\/v2\/product"}],"about":[{"href":"https:\/\/www.precisionwirerope.com\/zh\/wp-json\/wp\/v2\/types\/product"}],"replies":[{"embeddable":true,"href":"https:\/\/www.precisionwirerope.com\/zh\/wp-json\/wp\/v2\/comments?post=1484"}],"wp:featuredmedia":[{"embeddable":true,"href":"https:\/\/www.precisionwirerope.com\/zh\/wp-json\/wp\/v2\/media\/1485"}],"wp:attachment":[{"href":"https:\/\/www.precisionwirerope.com\/zh\/wp-json\/wp\/v2\/media?parent=1484"}],"wp:term":[{"taxonomy":"product_brand","embeddable":true,"href":"https:\/\/www.precisionwirerope.com\/zh\/wp-json\/wp\/v2\/product_brand?post=1484"},{"taxonomy":"product_cat","embeddable":true,"href":"https:\/\/www.precisionwirerope.com\/zh\/wp-json\/wp\/v2\/product_cat?post=1484"},{"taxonomy":"product_tag","embeddable":true,"href":"https:\/\/www.precisionwirerope.com\/zh\/wp-json\/wp\/v2\/product_tag?post=1484"}],"curies":[{"name":"wp","href":"https:\/\/api.w.org\/{rel}","templated":true}]}}