{"id":1479,"date":"2026-03-22T02:02:09","date_gmt":"2026-03-22T02:02:09","guid":{"rendered":"https:\/\/www.precisionwirerope.com\/?post_type=product&#038;p=1479"},"modified":"2026-03-22T02:09:59","modified_gmt":"2026-03-22T02:09:59","slug":"pvc-%e5%a1%97%e5%b1%a4%e9%8b%bc%e7%b5%b2%e7%b9%a9%e8%a3%bd%e9%80%a0%e5%95%86%e5%ae%9a%e5%88%b6%e5%a1%91%e6%96%99%e5%a1%97%e5%b1%a4%e9%8b%bc%e7%b5%b2%e7%b9%a9%e8%a7%a3%e6%b1%ba%e6%96%b9%e6%a1%88","status":"publish","type":"product","link":"https:\/\/www.precisionwirerope.com\/zh\/product\/pvc-coated-steel-wire-rope-manufacturer-custom-plastic-coated-wire-rope-solutions\/","title":{"rendered":"PVC\u5857\u5c64\u92fc\u7d72\u7e69\u88fd\u9020\u5546 | \u5ba2\u88fd\u5316\u5851\u6599\u5857\u5c64\u92fc\u7d72\u7e69\u89e3\u6c7a\u65b9\u6848"},"content":{"rendered":"<p data-start=\"186\" data-end=\"512\">\u5851\u81a0\u5305\u8986\u92fc\u7d72\u7e69\u662f\u901a\u904e\u5728\u9ad8\u54c1\u8cea\u92fc\u7d72\u7e69\u4e0a\u65bd\u52a0\u8010\u7528\u7684\u805a\u5408\u7269\u5857\u5c64\u4f86\u88fd\u9020\u7684\uff0c\u5305\u62ec\u934d\u92c5\u3001\u4e0d\u92b9\u92fc\u6216\u4eae\uff08\u6f64\u6ed1\u6cb9\uff09\u6838\u5fc3\u3002\u9019\u500b\u5916\u5c64\u589e\u5f37\u4e86\u5c0d\u8150\u8755\u3001\u78e8\u640d\u548c\u74b0\u5883\u66b4\u9732\u7684\u62b5\u6297\u529b\uff0c\u986f\u8457\u63d0\u9ad8\u4e86\u4f7f\u7528\u58fd\u547d\u548c\u6027\u80fd\u3002.<\/p>\n<p data-start=\"514\" data-end=\"693\">\u5728 Precision Wire Rope\uff0c\u6211\u5011\u63d0\u4f9b\u5404\u7a2e\u5857\u5c64\u92fc\u7d72\u7e69\u89e3\u6c7a\u65b9\u6848\uff0c\u4f7f\u7528 PVC\u3001PE\u3001PU \u548c\u5c3c\u9f8d\u7b49\u6750\u6599\uff0c\u9069\u7528\u65bc\u5de5\u696d\u548c\u6236\u5916\u61c9\u7528\u3002.<\/p>\n<h2 data-section-id=\"1lut59q\" data-start=\"700\" data-end=\"728\"><span role=\"text\"><strong data-start=\"703\" data-end=\"728\">\u7d50\u69cb\u8207\u6750\u6599<\/strong><\/span><\/h2>\n<h3 data-section-id=\"gruvid\" data-start=\"730\" data-end=\"752\"><span role=\"text\"><strong data-start=\"734\" data-end=\"752\">\u6838\u5fc3\u6750\u6599<\/strong><\/span><\/h3>\n<ul data-start=\"753\" data-end=\"930\">\n<li data-section-id=\"1c6ktf0\" data-start=\"753\" data-end=\"821\">\u4e0d\u92b9\u92fc (304, 316, 316L) \u2013 \u512a\u8d8a\u7684\u8010\u8150\u8755\u6027<\/li>\n<li data-section-id=\"11la092\" data-start=\"822\" data-end=\"880\">\u934d\u92c5\u92fc \u2013 \u6210\u672c\u6548\u76ca\u9ad8\u7684\u9632\u92b9\u4fdd\u8b77<\/li>\n<li data-section-id=\"97mmxw\" data-start=\"881\" data-end=\"930\">\u660e\u4eae \/ \u6cb9\u6f06\u92fc \u2013 \u4e00\u822c\u5de5\u696d\u7528\u9014<\/li>\n<\/ul>\n<h3 data-section-id=\"bi5xpj\" data-start=\"937\" data-end=\"962\"><span role=\"text\"><strong data-start=\"941\" data-end=\"962\">\u5857\u5c64\u6750\u6599<\/strong><\/span><\/h3>\n<ul data-start=\"963\" data-end=\"1124\">\n<li data-section-id=\"932mci\" data-start=\"963\" data-end=\"996\">PVC \u2013 \u9748\u6d3b\u4e14\u7d93\u6fdf<\/li>\n<li data-section-id=\"hwzyei\" data-start=\"997\" data-end=\"1030\">PE \u2013 \u826f\u597d\u7684\u5316\u5b78\u8010\u53d7\u6027<\/li>\n<li data-section-id=\"icmeb6\" data-start=\"1031\" data-end=\"1069\">PU \u2013 \u512a\u79c0\u7684\u8010\u78e8\u6027<\/li>\n<li data-section-id=\"7rekcw\" data-start=\"1070\" data-end=\"1124\">\u5c3c\u9f8d \u2013 \u512a\u8d8a\u7684\u8010\u7528\u6027\u548c\u75b2\u52de\u62b5\u6297\u529b<\/li>\n<\/ul>\n<p data-start=\"1126\" data-end=\"1201\">\u53ef\u6839\u64da\u8981\u6c42\u63d0\u4f9b\u81ea\u8a02\u5857\u5c64\u6750\u6599\uff0c\u5982 PTFE \u548c\u74b0\u6c27\u6a39\u8102\u3002.<\/p>\n<h3 data-section-id=\"1qyaowq\" data-start=\"1208\" data-end=\"1242\"><span role=\"text\"><strong data-start=\"1212\" data-end=\"1242\">\u5178\u578b\u92fc\u7d72\u7e69\u7d50\u69cb<\/strong><\/span><\/h3>\n<ul data-start=\"1243\" data-end=\"1318\">\n<li data-section-id=\"1d8ze2j\" data-start=\"1243\" data-end=\"1256\">1\u00d77, 1\u00d719<\/li>\n<li data-section-id=\"1gi7oer\" data-start=\"1257\" data-end=\"1276\">7\u00d77, 7\u00d719, 7\u00d737<\/li>\n<li data-section-id=\"1ceibga\" data-start=\"1277\" data-end=\"1303\">6\u00d77, 6\u00d719, 6\u00d719 + IWRC<\/li>\n<li data-section-id=\"196kycp\" data-start=\"1304\" data-end=\"1318\">6\u00d736, 6W19<\/li>\n<\/ul>\n<h2 data-section-id=\"id1bjs\" data-start=\"1325\" data-end=\"1356\"><span role=\"text\"><strong data-start=\"1328\" data-end=\"1356\">\u6280\u8853\u898f\u683c<\/strong><\/span><\/h2>\n<div class=\"TyagGW_tableContainer\">\n<div class=\"group TyagGW_tableWrapper flex flex-col-reverse w-fit\" tabindex=\"-1\">\n<table class=\"w-fit min-w-(--thread-content-width)\" data-start=\"1358\" data-end=\"2158\">\n<thead data-start=\"1358\" data-end=\"1474\">\n<tr data-start=\"1358\" data-end=\"1474\">\n<th class=\"\" data-start=\"1358\" data-end=\"1379\" data-col-size=\"sm\">\u7e69\u76f4\u5f91 (mm)<\/th>\n<th class=\"\" data-start=\"1379\" data-end=\"1394\" data-col-size=\"sm\">\u7d50\u69cb<\/th>\n<th class=\"\" data-start=\"1394\" data-end=\"1406\" data-col-size=\"sm\">\u6838\u5fc3\u985e\u578b<\/th>\n<th class=\"\" data-start=\"1406\" data-end=\"1425\" data-col-size=\"sm\">\u5857\u5c64\u6750\u6599<\/th>\n<th class=\"\" data-start=\"1425\" data-end=\"1448\" data-col-size=\"sm\">\u5857\u5c64\u76f4\u5f91 (mm)<\/th>\n<th class=\"\" data-start=\"1448\" data-end=\"1474\" data-col-size=\"sm\">\u65b7\u88c2\u5f37\u5ea6 (kN)<\/th>\n<\/tr>\n<\/thead>\n<tbody data-start=\"1589\" data-end=\"2158\">\n<tr data-start=\"1589\" data-end=\"1702\">\n<td data-start=\"1589\" data-end=\"1610\" data-col-size=\"sm\">1.5 \u2013 2.0<\/td>\n<td data-start=\"1610\" data-end=\"1623\" data-col-size=\"sm\">1\u00d77 \/ 1\u00d719<\/td>\n<td data-start=\"1623\" data-end=\"1634\" data-col-size=\"sm\">\u92fc<\/td>\n<td data-start=\"1634\" data-end=\"1653\" data-col-size=\"sm\">PVC \/ PE<\/td>\n<td data-start=\"1653\" data-end=\"1676\" data-col-size=\"sm\">2.0 \u2013 3.0<\/td>\n<td data-start=\"1676\" data-end=\"1702\" data-col-size=\"sm\">1.2 \u2013 3.5<\/td>\n<\/tr>\n<tr data-start=\"1703\" data-end=\"1816\">\n<td data-start=\"1703\" data-end=\"1724\" data-col-size=\"sm\">2.0 \u2013 4.0<\/td>\n<td data-col-size=\"sm\" data-start=\"1724\" data-end=\"1737\">7\u00d77<\/td>\n<td data-col-size=\"sm\" data-start=\"1737\" data-end=\"1748\">FC \/ IWRC<\/td>\n<td data-col-size=\"sm\" data-start=\"1748\" data-end=\"1767\">PVC \/ PU<\/td>\n<td data-col-size=\"sm\" data-start=\"1767\" data-end=\"1790\">3.0 \u2013 5.5<\/td>\n<td data-col-size=\"sm\" data-start=\"1790\" data-end=\"1816\">3.0 \u2013 10.0<\/td>\n<\/tr>\n<tr data-start=\"1817\" data-end=\"1930\">\n<td data-start=\"1817\" data-end=\"1838\" data-col-size=\"sm\">3.0 \u2013 6.0<\/td>\n<td data-start=\"1838\" data-end=\"1851\" data-col-size=\"sm\">7\u00d719<\/td>\n<td data-col-size=\"sm\" data-start=\"1851\" data-end=\"1862\">FC \/ IWRC<\/td>\n<td data-col-size=\"sm\" data-start=\"1862\" data-end=\"1881\">PVC \/ \u5c3c\u9f8d<\/td>\n<td data-col-size=\"sm\" data-start=\"1881\" data-end=\"1904\">4.0 \u2013 8.0<\/td>\n<td data-col-size=\"sm\" data-start=\"1904\" data-end=\"1930\">8.0 \u2013 25.0<\/td>\n<\/tr>\n<tr data-start=\"1931\" data-end=\"2044\">\n<td data-start=\"1931\" data-end=\"1952\" data-col-size=\"sm\">6.0 \u2013 10.0<\/td>\n<td data-col-size=\"sm\" data-start=\"1952\" data-end=\"1965\">6\u00d719<\/td>\n<td data-col-size=\"sm\" data-start=\"1965\" data-end=\"1976\">IWRC<\/td>\n<td data-col-size=\"sm\" data-start=\"1976\" data-end=\"1995\">PVC \/ PU<\/td>\n<td data-col-size=\"sm\" data-start=\"1995\" data-end=\"2018\">7.0 \u2013 12.0<\/td>\n<td data-col-size=\"sm\" data-start=\"2018\" data-end=\"2044\">20.0 \u2013 60.0<\/td>\n<\/tr>\n<tr data-start=\"2045\" data-end=\"2158\">\n<td data-start=\"2045\" data-end=\"2066\" data-col-size=\"sm\">10.0 \u2013 16.0<\/td>\n<td data-col-size=\"sm\" data-start=\"2066\" data-end=\"2079\">6\u00d736<\/td>\n<td data-col-size=\"sm\" data-start=\"2079\" data-end=\"2090\">IWRC<\/td>\n<td data-col-size=\"sm\" data-start=\"2090\" data-end=\"2109\">PVC \/ PE<\/td>\n<td data-col-size=\"sm\" data-start=\"2109\" data-end=\"2132\">12.0 \u2013 18.0<\/td>\n<td data-col-size=\"sm\" data-start=\"2132\" data-end=\"2158\">50.0 \u2013 150.0<\/td>\n<\/tr>\n<\/tbody>\n<\/table>\n<\/div>\n<\/div>\n<blockquote data-start=\"2160\" data-end=\"2233\">\n<p data-start=\"2162\" data-end=\"2233\"><em data-start=\"2162\" data-end=\"2233\">\u6ce8\u610f\uff1a\u898f\u683c\u53ef\u4ee5\u6839\u64da\u9805\u76ee\u8981\u6c42\u9032\u884c\u5b9a\u5236\u3002.<\/em><\/p>\n<\/blockquote>\n<h2 data-section-id=\"dfn86d\" data-start=\"2240\" data-end=\"2269\"><span role=\"text\"><strong data-start=\"2243\" data-end=\"2269\">\u6027\u80fd\u512a\u52e2<\/strong><\/span><\/h2>\n<h3 data-section-id=\"rj61ag\" data-start=\"2271\" data-end=\"2310\"><span role=\"text\"><strong data-start=\"2275\" data-end=\"2308\">\u512a\u8d8a\u7684\u8010\u8150\u8755\u6027<\/strong><\/span><\/h3>\n<p data-start=\"2311\" data-end=\"2478\">\u5857\u5c64\u53ef\u4fdd\u8b77\u92fc\u6750\u514d\u53d7\u6f6e\u6fd5\u3001\u5316\u5b78\u54c1\u548c\u6d77\u6d0b\u74b0\u5883\u7684\u5f71\u97ff\uff0c\u5ef6\u9577\u4f7f\u7528\u58fd\u547d\u53ef\u9054 <strong data-start=\"2422\" data-end=\"2435\">3\u20135 \u500d<\/strong> \u8207\u6a19\u6e96\u934d\u92c5\u92fc\u7d72\u7e69\u76f8\u6bd4\u3002.<\/p>\n<h3 data-section-id=\"10vrs96\" data-start=\"2480\" data-end=\"2514\"><span role=\"text\"><strong data-start=\"2484\" data-end=\"2512\">\u589e\u5f37\u7684\u8010\u78e8\u6027<\/strong><\/span><\/h3>\n<p data-start=\"2515\" data-end=\"2586\">\u7dda\u6750\u4e4b\u9593\u7684\u6469\u64e6\u6e1b\u5c11\uff0c\u63d0\u9ad8\u4e86\u5728\u52d5\u614b\u8ca0\u8f09\u4e0b\u7684\u8010\u7528\u6027\u3002.<\/p>\n<h3 data-section-id=\"1oncnnb\" data-start=\"2588\" data-end=\"2627\"><span role=\"text\"><strong data-start=\"2592\" data-end=\"2625\">\u512a\u79c0\u7684\u75b2\u52de\u6027\u80fd<\/strong><\/span><\/h3>\n<p data-start=\"2628\" data-end=\"2723\">\u5857\u5c64\u92fc\u7d72\u7e69\u7684\u75b2\u52de\u58fd\u547d\u53ef\u9054 <strong data-start=\"2664\" data-end=\"2690\">2 \u500d\u66f4\u9577\u7684\u75b2\u52de\u58fd\u547d<\/strong>, \uff0c\u7279\u5225\u662f\u4f7f\u7528\u5c3c\u9f8d\u5857\u5c64\u6642\u3002.<\/p>\n<h3 data-section-id=\"1veegyp\" data-start=\"2725\" data-end=\"2754\"><span role=\"text\"><strong data-start=\"2729\" data-end=\"2752\">\u5316\u5b78\u6297\u6027<\/strong><\/span><\/h3>\n<p data-start=\"2755\" data-end=\"2847\">\u8010\u9178\u3001\u583f\u3001\u6cb9\u548c\u6eb6\u5291\uff0c\u9069\u5408\u60e1\u52a3\u7684\u5de5\u696d\u74b0\u5883\u3002.<\/p>\n<hr data-start=\"2849\" data-end=\"2852\" \/>\n<h2 data-section-id=\"k0zlak\" data-start=\"2854\" data-end=\"2873\"><span role=\"text\"><strong data-start=\"2857\" data-end=\"2873\">\u61c9\u7528<\/strong><\/span><\/h2>\n<ul data-start=\"2875\" data-end=\"3086\">\n<li data-section-id=\"1g77fm3\" data-start=\"2875\" data-end=\"2907\">\u8d77\u91cd\u548c\u63d0\u5347\u7cfb\u7d71<\/li>\n<li data-section-id=\"16bujyt\" data-start=\"2908\" data-end=\"2942\">\u6d77\u6d0b\u548c\u96e2\u5cb8\u4f5c\u696d<\/li>\n<li data-section-id=\"1wm6orh\" data-start=\"2943\" data-end=\"2982\">\u63a1\u7926\u548c\u904b\u8f38\u8a2d\u5099<\/li>\n<li data-section-id=\"4ocv1n\" data-start=\"2983\" data-end=\"3007\">\u6355\u9b5a\u548c\u62d6\u7db2<\/li>\n<li data-section-id=\"z4msnb\" data-start=\"3008\" data-end=\"3048\">\u5b89\u5168\u7e9c\u7e69\u548c\u9632\u76dc\u7cfb\u7d71<\/li>\n<li data-section-id=\"ipjmta\" data-start=\"3049\" data-end=\"3086\">\u5efa\u7bc9\u548c\u88dd\u98fe\u7528\u9014<\/li>\n<\/ul>\n<h2 data-section-id=\"kxvv1q\" data-start=\"3093\" data-end=\"3126\"><span role=\"text\"><strong data-start=\"3096\" data-end=\"3126\">\u5b9a\u5236\u80fd\u529b<\/strong><\/span><\/h2>\n<p data-start=\"3128\" data-end=\"3185\">\u6211\u5011\u6839\u64da\u60a8\u7684\u9700\u6c42\u63d0\u4f9b\u5168\u9762\u7684\u5b9a\u5236\u670d\u52d9\uff1a<\/p>\n<ul data-start=\"3186\" data-end=\"3358\">\n<li data-section-id=\"x5pf81\" data-start=\"3186\" data-end=\"3212\">\u76f4\u5f91\u548c\u7d50\u69cb<\/li>\n<li data-section-id=\"j5pc7b\" data-start=\"3213\" data-end=\"3247\">\u5857\u5c64\u6750\u6599\u548c\u539a\u5ea6<\/li>\n<li data-section-id=\"epre32\" data-start=\"3248\" data-end=\"3285\">\u984f\u8272\uff08\u900f\u660e\u6216\u5b9a\u5236\uff09<\/li>\n<li data-section-id=\"yalb2g\" data-start=\"3286\" data-end=\"3317\">\u7aef\u90e8\u914d\u4ef6\u548c\u7d44\u4ef6<\/li>\n<li data-section-id=\"lru5e\" data-start=\"3318\" data-end=\"3358\">\u5f37\u5ea6\u7b49\u7d1a\u548c\u8868\u9762\u8655\u7406<\/li>\n<\/ul>\n<h2 data-section-id=\"lk0893\" data-start=\"3365\" data-end=\"3389\"><span role=\"text\"><strong data-start=\"3368\" data-end=\"3389\">\u8cea\u91cf\u4fdd\u8b49<\/strong><\/span><\/h2>\n<p data-start=\"3391\" data-end=\"3606\">\u6240\u6709\u7522\u54c1\u5747\u5728\u56b4\u683c\u7684\u8cea\u91cf\u63a7\u5236\u6d41\u7a0b\u4e0b\u88fd\u9020\uff0c\u4e26\u7d93\u904e\u5f37\u5ea6\u3001\u8010\u7528\u6027\u548c\u6027\u80fd\u6e2c\u8a66\u3002\u6211\u5011\u78ba\u4fdd\u7b26\u5408\u570b\u969b\u6a19\u6e96\uff0c\u4ee5\u4fbf\u5728\u95dc\u9375\u61c9\u7528\u4e2d\u53ef\u9760\u4f7f\u7528\u3002.<\/p>\n<h2 data-section-id=\"i5yrmq\" data-start=\"3613\" data-end=\"3638\"><span role=\"text\"><strong data-start=\"3616\" data-end=\"3638\">\u4ea4\u8ca8\u8207\u670d\u52d9<\/strong><\/span><\/h2>\n<ul data-start=\"3640\" data-end=\"3771\">\n<li data-section-id=\"1jszyqb\" data-start=\"3640\" data-end=\"3684\">\u6a19\u6e96\u7522\u54c1\uff1a <strong data-start=\"3661\" data-end=\"3682\">1\u20133 \u5929\u4ea4\u8ca8<\/strong><\/li>\n<li data-section-id=\"1yk6teq\" data-start=\"3685\" data-end=\"3720\">\u5b9a\u5236\u7522\u54c1\uff1a <strong data-start=\"3704\" data-end=\"3718\">15\u201330 \u5929<\/strong><\/li>\n<li data-section-id=\"1i5g750\" data-start=\"3721\" data-end=\"3771\">\u63d0\u4f9b\u5feb\u901f\u5831\u50f9\u548c\u6280\u8853\u652f\u6301<\/li>\n<\/ul>\n<h2 data-section-id=\"elc90z\" data-start=\"3778\" data-end=\"3788\"><span role=\"text\"><strong data-start=\"3781\" data-end=\"3788\">\u5e38\u898b\u554f\u984c<\/strong><\/span><\/h2>\n<p data-start=\"3790\" data-end=\"3955\"><strong data-start=\"3790\" data-end=\"3848\">\u554f\u984c1\uff1aPVC\u548cPU\u5857\u5c64\u6709\u4ec0\u9ebc\u5340\u5225\uff1f<\/strong><br data-start=\"3848\" data-end=\"3851\" \/>PVC\u66f4\u7d93\u6fdf\u4e14\u9748\u6d3b\uff0c\u800cPU\u5247\u63d0\u4f9b\u66f4\u597d\u7684\u8010\u78e8\u6027\u548c\u66f4\u9577\u7684\u4f7f\u7528\u58fd\u547d\u3002.<\/p>\n<p data-start=\"3957\" data-end=\"4104\"><strong data-start=\"3957\" data-end=\"4009\">\u554f\u984c2\uff1a\u6211\u53ef\u4ee5\u5b9a\u5236\u7e69\u7d22\u7684\u76f4\u5f91\u548c\u984f\u8272\u55ce\uff1f<\/strong><br data-start=\"4009\" data-end=\"4012\" \/>\u662f\u7684\uff0c\u6211\u5011\u63d0\u4f9b\u5168\u9762\u7684\u5b9a\u5236\uff0c\u5305\u62ec\u76f4\u5f91\u3001\u5857\u5c64\u539a\u5ea6\u548c\u984f\u8272\u9078\u9805\u3002.<\/p>\n<p data-start=\"4106\" data-end=\"4274\"><strong data-start=\"4106\" data-end=\"4167\">\u554f\u984c3\uff1a\u5857\u5c64\u92fc\u7d72\u7e69\u9069\u5408\u6d77\u6d0b\u74b0\u5883\u55ce\uff1f<\/strong><br data-start=\"4167\" data-end=\"4170\" \/>\u662f\u7684\uff0c\u7279\u5225\u662f\u7576\u4f7f\u7528\u4e0d\u92b9\u92fc\u6838\u5fc3\u642d\u914dPE\u6216PU\u5857\u5c64\u4ee5\u589e\u5f37\u8010\u8150\u8755\u6027\u6642\u3002.<\/p>\n<h2 data-section-id=\"qj60tn\" data-start=\"4281\" data-end=\"4322\"><span role=\"text\"><strong data-start=\"4284\" data-end=\"4320\">\u5c0b\u627e\u53ef\u9760\u7684\u4f9b\u61c9\u5546\uff1f<\/strong><\/span><\/h2>\n<p data-start=\"4323\" data-end=\"4467\">\u6211\u5011\u63d0\u4f9b\u9ad8\u6027\u80fd\u7684\u5851\u6599\u5857\u5c64\u92fc\u7d72\u7e69\u89e3\u6c7a\u65b9\u6848\uff0c\u6839\u64da\u60a8\u7684\u9700\u6c42\u91cf\u8eab\u5b9a\u5236\u3002\u4eca\u5929\u5c31\u806f\u7e6b\u6211\u5011\u4ee5\u7372\u53d6\u5feb\u901f\u5831\u50f9\u548c\u5c08\u696d\u652f\u6301\u3002.<\/p>","protected":false},"excerpt":{"rendered":"<p>\u5851\u81a0\u5305\u8986\u92fc\u7d72\u7e69\u662f\u901a\u904e\u5728\u9ad8\u54c1\u8cea\u92fc\u7d72\u7e69\u4e0a\u65bd\u52a0\u8010\u7528\u7684\u805a\u5408\u7269\u5857\u5c64\u4f86\u88fd\u9020\u7684\uff0c\u5305\u62ec\u934d\u92c5\u3001\u4e0d\u92b9\u92fc\u6216\u4eae\uff08\u6f64\u6ed1\u6cb9\uff09\u6838\u5fc3\u3002\u9019\u500b\u5916\u5c64\u589e\u5f37\u4e86\u5c0d\u8150\u8755\u3001\u78e8\u640d\u548c\u74b0\u5883\u66b4\u9732\u7684\u62b5\u6297\u529b\uff0c\u986f\u8457\u63d0\u9ad8\u4e86\u4f7f\u7528\u58fd\u547d\u548c\u6027\u80fd\u3002.<\/p>","protected":false},"featured_media":1481,"comment_status":"open","ping_status":"closed","template":"","meta":{"site-sidebar-layout":"default","site-content-layout":"","ast-site-content-layout":"default","site-content-style":"default","site-sidebar-style":"default","ast-global-header-display":"","ast-banner-title-visibility":"","ast-main-header-display":"","ast-hfb-above-header-display":"","ast-hfb-below-header-display":"","ast-hfb-mobile-header-display":"","site-post-title":"","ast-breadcrumbs-content":"","ast-featured-img":"","footer-sml-layout":"","ast-disable-related-posts":"","theme-transparent-header-meta":"default","adv-header-id-meta":"","stick-header-meta":"default","header-above-stick-meta":"","header-main-stick-meta":"","header-below-stick-meta":"","astra-migrate-meta-layouts":"set","ast-page-background-enabled":"default","ast-page-background-meta":{"desktop":{"background-color":"var(--ast-global-color-4)","background-image":"","background-repeat":"repeat","background-position":"center center","background-size":"auto","background-attachment":"scroll","background-type":"","background-media":"","overlay-type":"","overlay-color":"","overlay-opacity":"","overlay-gradient":""},"tablet":{"background-color":"","background-image":"","background-repeat":"repeat","background-position":"center center","background-size":"auto","background-attachment":"scroll","background-type":"","background-media":"","overlay-type":"","overlay-color":"","overlay-opacity":"","overlay-gradient":""},"mobile":{"background-color":"","background-image":"","background-repeat":"repeat","background-position":"center center","background-size":"auto","background-attachment":"scroll","background-type":"","background-media":"","overlay-type":"","overlay-color":"","overlay-opacity":"","overlay-gradient":""}},"ast-content-background-meta":{"desktop":{"background-color":"var(--ast-global-color-5)","background-image":"","background-repeat":"repeat","background-position":"center center","background-size":"auto","background-attachment":"scroll","background-type":"","background-media":"","overlay-type":"","overlay-color":"","overlay-opacity":"","overlay-gradient":""},"tablet":{"background-color":"var(--ast-global-color-5)","background-image":"","background-repeat":"repeat","background-position":"center center","background-size":"auto","background-attachment":"scroll","background-type":"","background-media":"","overlay-type":"","overlay-color":"","overlay-opacity":"","overlay-gradient":""},"mobile":{"background-color":"var(--ast-global-color-5)","background-image":"","background-repeat":"repeat","background-position":"center center","background-size":"auto","background-attachment":"scroll","background-type":"","background-media":"","overlay-type":"","overlay-color":"","overlay-opacity":"","overlay-gradient":""}}},"product_brand":[],"product_cat":[16],"product_tag":[34,25,33,28,39,29,36,32,37,35,24,22,26,20,23,21,38,30,31,27],"class_list":{"0":"post-1479","1":"product","2":"type-product","3":"status-publish","4":"has-post-thumbnail","6":"product_cat-wire-rope","7":"product_tag-abrasion-resistant-cable","8":"product_tag-coated-steel-cable","9":"product_tag-corrosion-resistant-wire-rope","10":"product_tag-custom-wire-rope","11":"product_tag-decorative-wire-rope","12":"product_tag-galvanized-coated-wire-rope","13":"product_tag-hoisting-wire-rope","14":"product_tag-industrial-wire-rope","15":"product_tag-lifting-cable","16":"product_tag-marine-wire-rope","17":"product_tag-nylon-coated-wire-rope","18":"product_tag-pe-coated-steel-wire-rope","19":"product_tag-plastic-coated-cable","20":"product_tag-plastic-coated-wire-rope","21":"product_tag-pu-coated-wire-rope","22":"product_tag-pvc-coated-wire-rope","23":"product_tag-safety-cable","24":"product_tag-stainless-steel-coated-wire-rope","25":"product_tag-wire-rope-assemblies","26":"product_tag-wire-rope-manufacturer","27":"desktop-align-left","28":"tablet-align-left","29":"mobile-align-left","30":"ast-product-gallery-layout-horizontal-slider","31":"ast-product-tabs-layout-horizontal","33":"first","34":"instock","35":"shipping-taxable","36":"product-type-simple"},"_links":{"self":[{"href":"https:\/\/www.precisionwirerope.com\/zh\/wp-json\/wp\/v2\/product\/1479","targetHints":{"allow":["GET"]}}],"collection":[{"href":"https:\/\/www.precisionwirerope.com\/zh\/wp-json\/wp\/v2\/product"}],"about":[{"href":"https:\/\/www.precisionwirerope.com\/zh\/wp-json\/wp\/v2\/types\/product"}],"replies":[{"embeddable":true,"href":"https:\/\/www.precisionwirerope.com\/zh\/wp-json\/wp\/v2\/comments?post=1479"}],"wp:featuredmedia":[{"embeddable":true,"href":"https:\/\/www.precisionwirerope.com\/zh\/wp-json\/wp\/v2\/media\/1481"}],"wp:attachment":[{"href":"https:\/\/www.precisionwirerope.com\/zh\/wp-json\/wp\/v2\/media?parent=1479"}],"wp:term":[{"taxonomy":"product_brand","embeddable":true,"href":"https:\/\/www.precisionwirerope.com\/zh\/wp-json\/wp\/v2\/product_brand?post=1479"},{"taxonomy":"product_cat","embeddable":true,"href":"https:\/\/www.precisionwirerope.com\/zh\/wp-json\/wp\/v2\/product_cat?post=1479"},{"taxonomy":"product_tag","embeddable":true,"href":"https:\/\/www.precisionwirerope.com\/zh\/wp-json\/wp\/v2\/product_tag?post=1479"}],"curies":[{"name":"wp","href":"https:\/\/api.w.org\/{rel}","templated":true}]}}