{"id":1496,"date":"2026-03-22T03:24:39","date_gmt":"2026-03-22T03:24:39","guid":{"rendered":"https:\/\/www.precisionwirerope.com\/?post_type=product&#038;p=1496"},"modified":"2026-03-22T03:24:39","modified_gmt":"2026-03-22T03:24:39","slug":"316-stainless-steel-wire-rope-marine-grade-corrosion-resistant-cable-for-industrial-applications","status":"publish","type":"product","link":"https:\/\/www.precisionwirerope.com\/vi\/product\/316-stainless-steel-wire-rope-marine-grade-corrosion-resistant-cable-for-industrial-applications\/","title":{"rendered":"D\u00e2y c\u00e1p th\u00e9p kh\u00f4ng g\u1ec9 316 \u2013 C\u00e1p ch\u1ed1ng \u0103n m\u00f2n c\u1ea5p h\u00e0ng h\u1ea3i cho \u1ee9ng d\u1ee5ng c\u00f4ng nghi\u1ec7p"},"content":{"rendered":"<p data-start=\"189\" data-end=\"492\">D\u00e2y c\u00e1p th\u00e9p kh\u00f4ng g\u1ec9 316 \u0111\u01b0\u1ee3c s\u1ea3n xu\u1ea5t t\u1eeb th\u00e9p kh\u00f4ng g\u1ec9 austenitic ch\u1ea5t l\u01b0\u1ee3ng cao ch\u1ee9a crom, niken v\u00e0 molybdenum. So v\u1edbi th\u00e9p kh\u00f4ng g\u1ec9 304 ti\u00eau chu\u1ea9n, vi\u1ec7c b\u1ed5 sung molybdenum l\u00e0m t\u0103ng \u0111\u00e1ng k\u1ec3 kh\u1ea3 n\u0103ng ch\u1ed1ng \u0103n m\u00f2n, \u0111\u1eb7c bi\u1ec7t trong m\u00f4i tr\u01b0\u1eddng gi\u00e0u chloride v\u00e0 kh\u1eafc nghi\u1ec7t.<\/p>\n<p data-start=\"494\" data-end=\"712\">Lo\u1ea1i d\u00e2y c\u00e1p n\u00e0y \u0111\u01b0\u1ee3c c\u00f4ng nh\u1eadn r\u1ed9ng r\u00e3i l\u00e0 c\u00e1p th\u00e9p kh\u00f4ng g\u1ec9 c\u1ea5p bi\u1ec3n, l\u00e0m cho n\u00f3 l\u00fd t\u01b0\u1edfng cho c\u00e1c \u1ee9ng d\u1ee5ng y\u00eau c\u1ea7u \u0111\u1ed9 b\u1ec1n, s\u1ee9c m\u1ea1nh v\u00e0 kh\u1ea3 n\u0103ng ch\u1ed1ng r\u1ec9 s\u00e9t v\u00e0 ti\u1ebfp x\u00fac h\u00f3a ch\u1ea5t l\u00e2u d\u00e0i.<\/p>\n<h2 data-section-id=\"1uq2vdj\" data-start=\"719\" data-end=\"743\"><span role=\"text\"><strong data-start=\"722\" data-end=\"743\">2. Th\u00f4ng s\u1ed1 k\u1ef9 thu\u1eadt<\/strong><\/span><\/h2>\n<ul data-start=\"744\" data-end=\"994\">\n<li data-section-id=\"ydfmjl\" data-start=\"744\" data-end=\"783\"><strong data-start=\"746\" data-end=\"765\">Ph\u1ea1m vi \u0111\u01b0\u1eddng k\u00ednh:<\/strong> 0,03 mm \u2013 36 mm<\/li>\n<li data-section-id=\"1dxipv8\" data-start=\"784\" data-end=\"864\"><strong data-start=\"786\" data-end=\"809\">C\u00e1c lo\u1ea1i c\u1ea5u tr\u00fac:<\/strong><br data-start=\"809\" data-end=\"812\" \/>1\u00d77, 1\u00d719, 6\u00d77, 7\u00d77, 7\u00d719, 7\u00d737, 6W19, 6\u00d719+IWRC<\/li>\n<li data-section-id=\"fqxok2\" data-start=\"865\" data-end=\"922\"><strong data-start=\"867\" data-end=\"895\">C\u1ea5u tr\u00fac ph\u1ed5 bi\u1ebfn nh\u1ea5t:<\/strong><br data-start=\"895\" data-end=\"898\" \/>1\u00d77, 1\u00d719, 7\u00d77, 7\u00d719<\/li>\n<li data-section-id=\"1rgu7kw\" data-start=\"923\" data-end=\"994\"><strong data-start=\"925\" data-end=\"939\">Lo\u1ea1i l\u00f5i:<\/strong><br data-start=\"939\" data-end=\"942\" \/>FC (L\u00f5i s\u1ee3i), IWRC (L\u00f5i d\u00e2y c\u00e1p \u0111\u1ed9c l\u1eadp)<\/li>\n<\/ul>\n<hr data-start=\"996\" data-end=\"999\" \/>\n<h2 data-section-id=\"ykyzlw\" data-start=\"1001\" data-end=\"1031\"><span role=\"text\"><strong data-start=\"1004\" data-end=\"1031\">3. Th\u00e0nh ph\u1ea7n h\u00f3a h\u1ecdc<\/strong><\/span><\/h2>\n<div class=\"TyagGW_tableContainer\">\n<div class=\"group TyagGW_tableWrapper flex flex-col-reverse w-fit\" tabindex=\"-1\">\n<table class=\"w-fit min-w-(--thread-content-width)\" data-start=\"1032\" data-end=\"1221\">\n<thead data-start=\"1032\" data-end=\"1057\">\n<tr data-start=\"1032\" data-end=\"1057\">\n<th class=\"\" data-start=\"1032\" data-end=\"1042\" data-col-size=\"sm\">Nguy\u00ean t\u1ed1<\/th>\n<th class=\"\" data-start=\"1042\" data-end=\"1057\" data-col-size=\"sm\">H\u00e0m l\u01b0\u1ee3ng (%)<\/th>\n<\/tr>\n<\/thead>\n<tbody data-start=\"1083\" data-end=\"1221\">\n<tr data-start=\"1083\" data-end=\"1097\">\n<td data-start=\"1083\" data-end=\"1087\" data-col-size=\"sm\">C<\/td>\n<td data-start=\"1087\" data-end=\"1097\" data-col-size=\"sm\">\u2264 0,08<\/td>\n<\/tr>\n<tr data-start=\"1098\" data-end=\"1113\">\n<td data-start=\"1098\" data-end=\"1103\" data-col-size=\"sm\">Si<\/td>\n<td data-start=\"1103\" data-end=\"1113\" data-col-size=\"sm\">\u2264 1,00<\/td>\n<\/tr>\n<tr data-start=\"1114\" data-end=\"1129\">\n<td data-start=\"1114\" data-end=\"1119\" data-col-size=\"sm\">Mn<\/td>\n<td data-start=\"1119\" data-end=\"1129\" data-col-size=\"sm\">\u2264 2,00<\/td>\n<\/tr>\n<tr data-start=\"1130\" data-end=\"1145\">\n<td data-start=\"1130\" data-end=\"1134\" data-col-size=\"sm\">P<\/td>\n<td data-start=\"1134\" data-end=\"1145\" data-col-size=\"sm\">\u2264 0.035<\/td>\n<\/tr>\n<tr data-start=\"1146\" data-end=\"1160\">\n<td data-start=\"1146\" data-end=\"1150\" data-col-size=\"sm\">S<\/td>\n<td data-start=\"1150\" data-end=\"1160\" data-col-size=\"sm\">\u2264 0.03<\/td>\n<\/tr>\n<tr data-start=\"1161\" data-end=\"1181\">\n<td data-start=\"1161\" data-end=\"1166\" data-col-size=\"sm\">Cr<\/td>\n<td data-start=\"1166\" data-end=\"1181\" data-col-size=\"sm\">16,0 \u2013 18,5<\/td>\n<\/tr>\n<tr data-start=\"1182\" data-end=\"1202\">\n<td data-start=\"1182\" data-end=\"1187\" data-col-size=\"sm\">Ni<\/td>\n<td data-start=\"1187\" data-end=\"1202\" data-col-size=\"sm\">10,0 \u2013 14,0<\/td>\n<\/tr>\n<tr data-start=\"1203\" data-end=\"1221\">\n<td data-start=\"1203\" data-end=\"1208\" data-col-size=\"sm\">Mo<\/td>\n<td data-start=\"1208\" data-end=\"1221\" data-col-size=\"sm\">2,0 \u2013 3,0<\/td>\n<\/tr>\n<\/tbody>\n<\/table>\n<\/div>\n<\/div>\n<h2 data-section-id=\"1ejbybq\" data-start=\"1228\" data-end=\"1270\"><span role=\"text\"><strong data-start=\"1231\" data-end=\"1270\">4. T\u00ednh ch\u1ea5t c\u01a1 h\u1ecdc &amp; v\u1eadt l\u00fd<\/strong><\/span><\/h2>\n<div class=\"TyagGW_tableContainer\">\n<div class=\"group TyagGW_tableWrapper flex flex-col-reverse w-fit\" tabindex=\"-1\">\n<table class=\"w-fit min-w-(--thread-content-width)\" data-start=\"1271\" data-end=\"1525\">\n<thead data-start=\"1271\" data-end=\"1291\">\n<tr data-start=\"1271\" data-end=\"1291\">\n<th class=\"\" data-start=\"1271\" data-end=\"1282\" data-col-size=\"sm\">T\u00ednh ch\u1ea5t<\/th>\n<th class=\"\" data-start=\"1282\" data-end=\"1291\" data-col-size=\"sm\">Gi\u00e1 tr\u1ecb<\/th>\n<\/tr>\n<\/thead>\n<tbody data-start=\"1312\" data-end=\"1525\">\n<tr data-start=\"1312\" data-end=\"1344\">\n<td data-start=\"1312\" data-end=\"1331\" data-col-size=\"sm\">\u0110\u1ed9 b\u1ec1n k\u00e9o<\/td>\n<td data-col-size=\"sm\" data-start=\"1331\" data-end=\"1344\">\u2265 620 MPa<\/td>\n<\/tr>\n<tr data-start=\"1345\" data-end=\"1375\">\n<td data-start=\"1345\" data-end=\"1362\" data-col-size=\"sm\">\u0110\u1ed9 b\u1ec1n k\u00e9o<\/td>\n<td data-start=\"1362\" data-end=\"1375\" data-col-size=\"sm\">\u2265 310 MPa<\/td>\n<\/tr>\n<tr data-start=\"1376\" data-end=\"1398\">\n<td data-start=\"1376\" data-end=\"1389\" data-col-size=\"sm\">\u0110\u1ed9 gi\u00e3n d\u00e0i<\/td>\n<td data-start=\"1389\" data-end=\"1398\" data-col-size=\"sm\">\u2265 30%<\/td>\n<\/tr>\n<tr data-start=\"1399\" data-end=\"1428\">\n<td data-start=\"1399\" data-end=\"1419\" data-col-size=\"sm\">Gi\u1ea3m di\u1ec7n t\u00edch<\/td>\n<td data-start=\"1419\" data-end=\"1428\" data-col-size=\"sm\">\u2265 40%<\/td>\n<\/tr>\n<tr data-start=\"1429\" data-end=\"1453\">\n<td data-start=\"1429\" data-end=\"1439\" data-col-size=\"sm\">M\u1eadt \u0111\u1ed9<\/td>\n<td data-start=\"1439\" data-end=\"1453\" data-col-size=\"sm\">8.03 g\/cm\u00b3<\/td>\n<\/tr>\n<tr data-start=\"1454\" data-end=\"1492\">\n<td data-start=\"1454\" data-end=\"1465\" data-col-size=\"sm\">\u0110\u1ed9 c\u1ee9ng<\/td>\n<td data-col-size=\"sm\" data-start=\"1465\" data-end=\"1492\">\u2264 HB187 \/ HRB90 \/ HV200<\/td>\n<\/tr>\n<tr data-start=\"1493\" data-end=\"1525\">\n<td data-start=\"1493\" data-end=\"1509\" data-col-size=\"sm\">Nhi\u1ec7t \u0111\u1ed9 n\u00f3ng ch\u1ea3y<\/td>\n<td data-col-size=\"sm\" data-start=\"1509\" data-end=\"1525\">1398 \u2013 1420\u2103<\/td>\n<\/tr>\n<\/tbody>\n<\/table>\n<\/div>\n<\/div>\n<h2 data-section-id=\"1drd74e\" data-start=\"1532\" data-end=\"1554\"><span role=\"text\"><strong data-start=\"1535\" data-end=\"1554\">5. T\u00ednh n\u0103ng ch\u00ednh<\/strong><\/span><\/h2>\n<ul data-start=\"1555\" data-end=\"2044\">\n<li data-section-id=\"12fvyby\" data-start=\"1555\" data-end=\"1667\"><strong data-start=\"1557\" data-end=\"1591\">Kh\u1ea3 n\u0103ng ch\u1ed1ng \u0103n m\u00f2n xu\u1ea5t s\u1eafc<\/strong><br data-start=\"1591\" data-end=\"1594\" \/>\u0110\u01b0\u1ee3c t\u0103ng c\u01b0\u1eddng b\u1edfi molybdenum, l\u00fd t\u01b0\u1edfng cho m\u00f4i tr\u01b0\u1eddng n\u01b0\u1edbc mu\u1ed1i v\u00e0 h\u00f3a ch\u1ea5t<\/li>\n<li data-section-id=\"1wjo9ou\" data-start=\"1669\" data-end=\"1770\"><strong data-start=\"1671\" data-end=\"1701\">\u0110\u1ed9 b\u1ec1n cao &amp; \u0110\u1ed9 b\u1ec1n l\u00e2u d\u00e0i<\/strong><br data-start=\"1701\" data-end=\"1704\" \/>Ph\u00f9 h\u1ee3p cho c\u00e1c \u1ee9ng d\u1ee5ng c\u00f4ng nghi\u1ec7p v\u00e0 k\u1ebft c\u1ea5u n\u1eb7ng<\/li>\n<li data-section-id=\"1dimx9r\" data-start=\"1772\" data-end=\"1868\"><strong data-start=\"1774\" data-end=\"1805\">Kh\u1ea3 n\u0103ng ch\u1ed1ng m\u1ecfi v\u01b0\u1ee3t tr\u1ed9i<\/strong><br data-start=\"1805\" data-end=\"1808\" \/>Ho\u1ea1t \u0111\u1ed9ng t\u1ed1t d\u01b0\u1edbi t\u1ea3i tr\u1ecdng l\u1eb7p l\u1ea1i v\u00e0 \u0111i\u1ec1u ki\u1ec7n \u0111\u1ed9ng<\/li>\n<li data-section-id=\"1idykoz\" data-start=\"1870\" data-end=\"1962\"><strong data-start=\"1872\" data-end=\"1896\">Kh\u1ea3 n\u0103ng ch\u1ed1ng nhi\u1ec7t t\u1ed1t<\/strong><br data-start=\"1896\" data-end=\"1899\" \/>Duy tr\u00ec c\u00e1c t\u00ednh ch\u1ea5t c\u01a1 h\u1ecdc \u1edf nhi\u1ec7t \u0111\u1ed9 cao<\/li>\n<li data-section-id=\"185bhjk\" data-start=\"1964\" data-end=\"2044\"><strong data-start=\"1966\" data-end=\"1987\">Tu\u1ed5i th\u1ecd d\u00e0i<\/strong><br data-start=\"1987\" data-end=\"1990\" \/>Gi\u1ea3m chi ph\u00ed b\u1ea3o tr\u00ec v\u00e0 t\u1ea7n su\u1ea5t thay th\u1ebf<\/li>\n<\/ul>\n<h2 data-section-id=\"1pfsubh\" data-start=\"2051\" data-end=\"2116\"><span role=\"text\"><strong data-start=\"2054\" data-end=\"2116\">6. T\u1ea1i sao th\u00e9p kh\u00f4ng g\u1ec9 316 c\u00f3 kh\u1ea3 n\u0103ng ch\u1ed1ng \u0103n m\u00f2n t\u1ed1t h\u01a1n<\/strong><\/span><\/h2>\n<p data-start=\"2117\" data-end=\"2151\">So v\u1edbi th\u00e9p kh\u00f4ng g\u1ec9 304:<\/p>\n<ul data-start=\"2153\" data-end=\"2434\">\n<li data-section-id=\"1hdl0he\" data-start=\"2153\" data-end=\"2223\">Cao h\u01a1n <strong data-start=\"2162\" data-end=\"2188\">h\u00e0m l\u01b0\u1ee3ng niken (+2\u20134%)<\/strong> c\u1ea3i thi\u1ec7n kh\u1ea3 n\u0103ng ch\u1ed1ng oxy h\u00f3a<\/li>\n<li data-section-id=\"r6rsay\" data-start=\"2224\" data-end=\"2368\">Th\u00eam <strong data-start=\"2238\" data-end=\"2257\">molybdenum (Mo)<\/strong> t\u0103ng c\u01b0\u1eddng \u0111\u00e1ng k\u1ec3 kh\u1ea3 n\u0103ng ch\u1ed1ng l\u1ea1i:\n<ul data-start=\"2298\" data-end=\"2368\">\n<li data-section-id=\"1kasw3m\" data-start=\"2298\" data-end=\"2320\">\u0102n m\u00f2n chloride<\/li>\n<li data-section-id=\"1or07zd\" data-start=\"2323\" data-end=\"2344\">\u0102n m\u00f2n pitting<\/li>\n<li data-section-id=\"1onky49\" data-start=\"2347\" data-end=\"2368\">Ti\u1ebfp x\u00fac v\u1edbi n\u01b0\u1edbc bi\u1ec3n<\/li>\n<\/ul>\n<\/li>\n<li data-section-id=\"1nzjqd8\" data-start=\"2369\" data-end=\"2434\">C\u1ea5u tr\u00fac th\u00e9p s\u1ea1ch h\u01a1n \u0111\u1ea3m b\u1ea3o <strong data-start=\"2403\" data-end=\"2434\">hi\u1ec7u su\u1ea5t h\u00f3a h\u1ecdc \u1ed5n \u0111\u1ecbnh<\/strong><\/li>\n<\/ul>\n<h2 data-section-id=\"16fm4et\" data-start=\"2441\" data-end=\"2463\"><span role=\"text\"><strong data-start=\"2444\" data-end=\"2463\">7. \u1ee8ng d\u1ee5ng<\/strong><\/span><\/h2>\n<p data-start=\"2464\" data-end=\"2512\">D\u00e2y c\u00e1p th\u00e9p kh\u00f4ng g\u1ec9 316 \u0111\u01b0\u1ee3c s\u1eed d\u1ee5ng r\u1ed9ng r\u00e3i trong:<\/p>\n<ul data-start=\"2514\" data-end=\"2818\">\n<li data-section-id=\"5rria2\" data-start=\"2514\" data-end=\"2549\">K\u1ef9 thu\u1eadt h\u00e0ng h\u1ea3i v\u00e0 ngo\u00e0i kh\u01a1i<\/li>\n<li data-section-id=\"7o1xqs\" data-start=\"2550\" data-end=\"2583\">C\u00e1c d\u1ef1 \u00e1n x\u00e2y d\u1ef1ng ven bi\u1ec3n<\/li>\n<li data-section-id=\"1r5tb74\" data-start=\"2584\" data-end=\"2622\">Ng\u00e0nh c\u00f4ng nghi\u1ec7p h\u00f3a ch\u1ea5t v\u00e0 ch\u1ebf bi\u1ebfn<\/li>\n<li data-section-id=\"1j9tydd\" data-start=\"2623\" data-end=\"2657\">\u0110\u00f3ng t\u00e0u v\u00e0 x\u1eed l\u00fd c\u1ea3ng<\/li>\n<li data-section-id=\"1bw6ns9\" data-start=\"2658\" data-end=\"2697\">Nh\u00e0 m\u00e1y \u0111i\u1ec7n v\u00e0 c\u01a1 s\u1edf h\u1ea1t nh\u00e2n<\/li>\n<li data-section-id=\"10kou17\" data-start=\"2698\" data-end=\"2727\">Thi\u1ebft b\u1ecb ch\u1ebf bi\u1ebfn th\u1ef1c ph\u1ea9m<\/li>\n<li data-section-id=\"1sanjgw\" data-start=\"2728\" data-end=\"2770\">H\u1ec7 th\u1ed1ng n\u00e2ng, rigging v\u00e0 k\u00e9o<\/li>\n<li data-section-id=\"1q8y64d\" data-start=\"2771\" data-end=\"2818\">H\u1ec7 th\u1ed1ng c\u00e1p ki\u1ebfn tr\u00fac v\u00e0 lan can<\/li>\n<\/ul>\n<h2 data-section-id=\"xhagqj\" data-start=\"2825\" data-end=\"2844\"><span role=\"text\"><strong data-start=\"2828\" data-end=\"2844\">8. Ti\u00eau chu\u1ea9n<\/strong><\/span><\/h2>\n<ul data-start=\"2845\" data-end=\"2907\">\n<li data-section-id=\"1jwgap5\" data-start=\"2845\" data-end=\"2861\"><strong data-start=\"2847\" data-end=\"2854\">GB:<\/strong> GB\/T<\/li>\n<li data-section-id=\"1rynxp4\" data-start=\"2862\" data-end=\"2887\"><strong data-start=\"2864\" data-end=\"2885\">ASTM \/ AISI (M\u1ef9)<\/strong><\/li>\n<li data-section-id=\"1hdlk31\" data-start=\"2888\" data-end=\"2907\"><strong data-start=\"2890\" data-end=\"2905\">JIS (Nh\u1eadt B\u1ea3n)<\/strong><\/li>\n<\/ul>\n<h2 data-section-id=\"1c2uxzz\" data-start=\"2914\" data-end=\"2945\"><span role=\"text\"><strong data-start=\"2917\" data-end=\"2945\">9. T\u00f9y ch\u1ecdn t\u00f9y ch\u1ec9nh<\/strong><\/span><\/h2>\n<p data-start=\"2946\" data-end=\"3006\">Ch\u00fang t\u00f4i h\u1ed7 tr\u1ee3 s\u1ea3n xu\u1ea5t t\u00f9y ch\u1ec9nh d\u1ef1a tr\u00ean y\u00eau c\u1ea7u c\u1ee7a b\u1ea1n:<\/p>\n<ul data-start=\"3008\" data-end=\"3126\">\n<li data-section-id=\"1fz3mxk\" data-start=\"3008\" data-end=\"3031\">\u0110\u01b0\u1eddng k\u00ednh v\u00e0 chi\u1ec1u d\u00e0i<\/li>\n<li data-section-id=\"qkmqy5\" data-start=\"3032\" data-end=\"3053\">Lo\u1ea1i c\u1ea5u tr\u00fac<\/li>\n<li data-section-id=\"1vdpdpj\" data-start=\"3054\" data-end=\"3097\">X\u1eed l\u00fd b\u1ec1 m\u1eb7t (s\u00e1ng, ph\u1ee7, PVC)<\/li>\n<li data-section-id=\"1g9mduz\" data-start=\"3098\" data-end=\"3126\">Lo\u1ea1i bao b\u00ec v\u00e0 cu\u1ed9n<\/li>\n<\/ul>","protected":false},"excerpt":{"rendered":"<p>D\u00e2y c\u00e1p th\u00e9p kh\u00f4ng g\u1ec9 316 \u0111\u01b0\u1ee3c s\u1ea3n xu\u1ea5t t\u1eeb th\u00e9p kh\u00f4ng g\u1ec9 austenitic ch\u1ea5t l\u01b0\u1ee3ng cao ch\u1ee9a crom, niken v\u00e0 molybdenum. So v\u1edbi th\u00e9p kh\u00f4ng g\u1ec9 304 ti\u00eau chu\u1ea9n, vi\u1ec7c b\u1ed5 sung molybdenum l\u00e0m t\u0103ng \u0111\u00e1ng k\u1ec3 kh\u1ea3 n\u0103ng ch\u1ed1ng \u0103n m\u00f2n, \u0111\u1eb7c bi\u1ec7t trong m\u00f4i tr\u01b0\u1eddng gi\u00e0u chloride v\u00e0 kh\u1eafc nghi\u1ec7t.<\/p>","protected":false},"featured_media":1497,"comment_status":"open","ping_status":"closed","template":"","meta":{"site-sidebar-layout":"default","site-content-layout":"","ast-site-content-layout":"default","site-content-style":"default","site-sidebar-style":"default","ast-global-header-display":"","ast-banner-title-visibility":"","ast-main-header-display":"","ast-hfb-above-header-display":"","ast-hfb-below-header-display":"","ast-hfb-mobile-header-display":"","site-post-title":"","ast-breadcrumbs-content":"","ast-featured-img":"","footer-sml-layout":"","ast-disable-related-posts":"","theme-transparent-header-meta":"default","adv-header-id-meta":"","stick-header-meta":"default","header-above-stick-meta":"","header-main-stick-meta":"","header-below-stick-meta":"","astra-migrate-meta-layouts":"set","ast-page-background-enabled":"default","ast-page-background-meta":{"desktop":{"background-color":"var(--ast-global-color-4)","background-image":"","background-repeat":"repeat","background-position":"center center","background-size":"auto","background-attachment":"scroll","background-type":"","background-media":"","overlay-type":"","overlay-color":"","overlay-opacity":"","overlay-gradient":""},"tablet":{"background-color":"","background-image":"","background-repeat":"repeat","background-position":"center center","background-size":"auto","background-attachment":"scroll","background-type":"","background-media":"","overlay-type":"","overlay-color":"","overlay-opacity":"","overlay-gradient":""},"mobile":{"background-color":"","background-image":"","background-repeat":"repeat","background-position":"center center","background-size":"auto","background-attachment":"scroll","background-type":"","background-media":"","overlay-type":"","overlay-color":"","overlay-opacity":"","overlay-gradient":""}},"ast-content-background-meta":{"desktop":{"background-color":"var(--ast-global-color-5)","background-image":"","background-repeat":"repeat","background-position":"center center","background-size":"auto","background-attachment":"scroll","background-type":"","background-media":"","overlay-type":"","overlay-color":"","overlay-opacity":"","overlay-gradient":""},"tablet":{"background-color":"var(--ast-global-color-5)","background-image":"","background-repeat":"repeat","background-position":"center center","background-size":"auto","background-attachment":"scroll","background-type":"","background-media":"","overlay-type":"","overlay-color":"","overlay-opacity":"","overlay-gradient":""},"mobile":{"background-color":"var(--ast-global-color-5)","background-image":"","background-repeat":"repeat","background-position":"center center","background-size":"auto","background-attachment":"scroll","background-type":"","background-media":"","overlay-type":"","overlay-color":"","overlay-opacity":"","overlay-gradient":""}}},"product_brand":[],"product_cat":[16],"product_tag":[51,68,65,33,32,67,64,56,66,27],"class_list":{"0":"post-1496","1":"product","2":"type-product","3":"status-publish","4":"has-post-thumbnail","6":"product_cat-wire-rope","7":"product_tag-316-stainless-steel-wire-rope","8":"product_tag-316-steel-cable-supplier","9":"product_tag-7x19-stainless-steel-cable","10":"product_tag-corrosion-resistant-wire-rope","11":"product_tag-industrial-wire-rope","12":"product_tag-marine-cable","13":"product_tag-marine-grade-wire-rope","14":"product_tag-stainless-steel-cable","15":"product_tag-stainless-steel-lifting-cable","16":"product_tag-wire-rope-manufacturer","17":"desktop-align-left","18":"tablet-align-left","19":"mobile-align-left","20":"ast-product-gallery-layout-horizontal-slider","21":"ast-product-tabs-layout-horizontal","23":"first","24":"instock","25":"shipping-taxable","26":"product-type-simple"},"_links":{"self":[{"href":"https:\/\/www.precisionwirerope.com\/vi\/wp-json\/wp\/v2\/product\/1496","targetHints":{"allow":["GET"]}}],"collection":[{"href":"https:\/\/www.precisionwirerope.com\/vi\/wp-json\/wp\/v2\/product"}],"about":[{"href":"https:\/\/www.precisionwirerope.com\/vi\/wp-json\/wp\/v2\/types\/product"}],"replies":[{"embeddable":true,"href":"https:\/\/www.precisionwirerope.com\/vi\/wp-json\/wp\/v2\/comments?post=1496"}],"wp:featuredmedia":[{"embeddable":true,"href":"https:\/\/www.precisionwirerope.com\/vi\/wp-json\/wp\/v2\/media\/1497"}],"wp:attachment":[{"href":"https:\/\/www.precisionwirerope.com\/vi\/wp-json\/wp\/v2\/media?parent=1496"}],"wp:term":[{"taxonomy":"product_brand","embeddable":true,"href":"https:\/\/www.precisionwirerope.com\/vi\/wp-json\/wp\/v2\/product_brand?post=1496"},{"taxonomy":"product_cat","embeddable":true,"href":"https:\/\/www.precisionwirerope.com\/vi\/wp-json\/wp\/v2\/product_cat?post=1496"},{"taxonomy":"product_tag","embeddable":true,"href":"https:\/\/www.precisionwirerope.com\/vi\/wp-json\/wp\/v2\/product_tag?post=1496"}],"curies":[{"name":"wp","href":"https:\/\/api.w.org\/{rel}","templated":true}]}}