{"id":1488,"date":"2026-03-22T02:46:11","date_gmt":"2026-03-22T02:46:11","guid":{"rendered":"https:\/\/www.precisionwirerope.com\/?post_type=product&#038;p=1488"},"modified":"2026-05-11T22:08:22","modified_gmt":"2026-05-11T22:08:22","slug":"stainless-steel-wire-rope-manufacturer-high-strength-corrosion-resistant-cable","status":"publish","type":"product","link":"https:\/\/www.precisionwirerope.com\/vi\/product\/stainless-steel-wire-rope-manufacturer-high-strength-corrosion-resistant-cable\/","title":{"rendered":"Nh\u00e0 s\u1ea3n xu\u1ea5t d\u00e2y c\u00e1p th\u00e9p kh\u00f4ng g\u1ec9 | C\u00e1p c\u00f3 \u0111\u1ed9 b\u1ec1n cao &amp; ch\u1ed1ng \u0103n m\u00f2n"},"content":{"rendered":"<p data-start=\"186\" data-end=\"526\">D\u00e2y c\u00e1p th\u00e9p kh\u00f4ng g\u1ec9 \u0111\u01b0\u1ee3c s\u1ea3n xu\u1ea5t b\u1eb1ng c\u00e1ch xo\u1eafn nhi\u1ec1u s\u1ee3i d\u00e2y th\u00e9p kh\u00f4ng g\u1ec9 th\u00e0nh m\u1ed9t c\u1ea5u tr\u00fac d\u00e2y duy nh\u1ea5t, v\u1edbi l\u00f5i b\u1eb1ng s\u1ee3i ho\u1eb7c l\u00f5i b\u1eb1ng th\u00e9p. N\u1ed5i ti\u1ebfng v\u1edbi kh\u1ea3 n\u0103ng ch\u1ed1ng \u0103n m\u00f2n tuy\u1ec7t v\u1eddi, \u0111\u1ed9 b\u1ec1n v\u00e0 \u0111\u1ed9 b\u1ec1n, n\u00f3 \u0111\u01b0\u1ee3c s\u1eed d\u1ee5ng r\u1ed9ng r\u00e3i trong c\u00e1c m\u00f4i tr\u01b0\u1eddng kh\u1eafc nghi\u1ec7t nh\u01b0 h\u00e0ng h\u1ea3i, x\u00e2y d\u1ef1ng v\u00e0 \u1ee9ng d\u1ee5ng c\u00f4ng nghi\u1ec7p.<\/p>\n<p data-start=\"528\" data-end=\"696\">T\u1ea1i Precision Wire Rope, ch\u00fang t\u00f4i cung c\u1ea5p d\u00e2y c\u00e1p th\u00e9p kh\u00f4ng g\u1ec9 ch\u1ea5t l\u01b0\u1ee3ng cao v\u1edbi nhi\u1ec1u lo\u1ea1i, c\u1ea5u tr\u00fac v\u00e0 c\u1ea5u h\u00ecnh kh\u00e1c nhau \u0111\u1ec3 \u0111\u00e1p \u1ee9ng c\u00e1c y\u00eau c\u1ea7u \u1ee9ng d\u1ee5ng \u0111a d\u1ea1ng.<\/p>\n<h2 data-section-id=\"1lut59q\" data-start=\"703\" data-end=\"731\"><span role=\"text\"><strong data-start=\"706\" data-end=\"731\">C\u1ea5u tr\u00fac &amp; V\u1eadt li\u1ec7u<\/strong><\/span><\/h2>\n<h3 data-section-id=\"ldjiy3\" data-start=\"733\" data-end=\"756\"><span role=\"text\"><strong data-start=\"737\" data-end=\"756\">C\u00e1c lo\u1ea1i v\u1eadt li\u1ec7u<\/strong><\/span><\/h3>\n<p data-start=\"757\" data-end=\"818\">Ch\u00fang t\u00f4i cung c\u1ea5p m\u1ed9t lo\u1ea1t c\u00e1c lo\u1ea1i th\u00e9p kh\u00f4ng g\u1ec9, bao g\u1ed3m:<\/p>\n<ul data-start=\"819\" data-end=\"1061\">\n<li data-section-id=\"sv9rza\" data-start=\"819\" data-end=\"876\"><strong data-start=\"821\" data-end=\"835\">304 \/ 304L<\/strong> \u2013 kh\u1ea3 n\u0103ng ch\u1ed1ng \u0103n m\u00f2n \u0111a d\u1ee5ng<\/li>\n<li data-section-id=\"1cauyhq\" data-start=\"877\" data-end=\"964\"><strong data-start=\"879\" data-end=\"893\">316 \/ 316L<\/strong> \u2013 kh\u1ea3 n\u0103ng ch\u1ed1ng \u0103n m\u00f2n xu\u1ea5t s\u1eafc cho m\u00f4i tr\u01b0\u1eddng h\u00e0ng h\u1ea3i v\u00e0 h\u00f3a ch\u1ea5t<\/li>\n<li data-section-id=\"1rg6dz4\" data-start=\"965\" data-end=\"1012\"><strong data-start=\"967\" data-end=\"980\">201 \/ 202<\/strong> \u2013 c\u00e1c l\u1ef1a ch\u1ecdn ti\u1ebft ki\u1ec7m chi ph\u00ed<\/li>\n<li data-section-id=\"v8lgqu\" data-start=\"1013\" data-end=\"1061\"><strong data-start=\"1015\" data-end=\"1029\">310 \/ 310S<\/strong> \u2013 kh\u1ea3 n\u0103ng ch\u1ecbu nhi\u1ec7t \u0111\u1ed9 cao<\/li>\n<\/ul>\n<h3 data-section-id=\"jyvvzq\" data-start=\"1068\" data-end=\"1086\"><span role=\"text\"><strong data-start=\"1072\" data-end=\"1086\">C\u00e1c lo\u1ea1i l\u00f5i<\/strong><\/span><\/h3>\n<ul data-start=\"1087\" data-end=\"1281\">\n<li data-section-id=\"wjt1lq\" data-start=\"1087\" data-end=\"1137\"><strong data-start=\"1089\" data-end=\"1108\">L\u00f5i s\u1ee3i (FC)<\/strong> \u2013 linh ho\u1ea1t v\u00e0 nh\u1eb9<\/li>\n<li data-section-id=\"v9x8v3\" data-start=\"1138\" data-end=\"1212\"><strong data-start=\"1140\" data-end=\"1177\">L\u00f5i d\u00e2y c\u00e1p \u0111\u1ed9c l\u1eadp (IWRC)<\/strong> \u2013 \u0111\u1ed9 b\u1ec1n v\u00e0 \u0111\u1ed9 b\u1ec1n cao h\u01a1n<\/li>\n<li data-section-id=\"ydvdhi\" data-start=\"1213\" data-end=\"1281\"><strong data-start=\"1215\" data-end=\"1247\">L\u00f5i s\u1ee3i th\u00e9p (IWS)<\/strong> \u2013 \u1ed5n \u0111\u1ecbnh c\u1ea5u tr\u00fac \u0111\u01b0\u1ee3c c\u1ea3i thi\u1ec7n<\/li>\n<\/ul>\n<h3 data-section-id=\"1qyaowq\" data-start=\"1288\" data-end=\"1322\"><span role=\"text\"><strong data-start=\"1292\" data-end=\"1322\">C\u1ea5u tr\u00fac d\u00e2y \u0111i\u1ec3n h\u00ecnh<\/strong><\/span><\/h3>\n<ul data-start=\"1323\" data-end=\"1397\">\n<li data-section-id=\"1cgrpeq\" data-start=\"1323\" data-end=\"1341\">1\u00d73, 1\u00d77, 1\u00d719<\/li>\n<li data-section-id=\"2qzil7\" data-start=\"1342\" data-end=\"1355\">6\u00d77, 6\u00d719<\/li>\n<li data-section-id=\"1gi7oer\" data-start=\"1356\" data-end=\"1375\">7\u00d77, 7\u00d719, 7\u00d737<\/li>\n<li data-section-id=\"gg6z5s\" data-start=\"1376\" data-end=\"1397\">6W19, 6\u00d719 + IWRC<\/li>\n<\/ul>\n<h3 data-section-id=\"w9aop\" data-start=\"1404\" data-end=\"1421\"><span role=\"text\"><strong data-start=\"1408\" data-end=\"1421\">C\u00e1c lo\u1ea1i b\u1ec7n<\/strong><\/span><\/h3>\n<ul data-start=\"1422\" data-end=\"1492\">\n<li data-section-id=\"a6ftli\" data-start=\"1422\" data-end=\"1451\">B\u1ec7n th\u01b0\u1eddng (RHRL \/ LHRL)<\/li>\n<li data-section-id=\"hxog5k\" data-start=\"1452\" data-end=\"1478\">B\u1ec7n lang (RHLL \/ LHLL)<\/li>\n<li data-section-id=\"672p7l\" data-start=\"1479\" data-end=\"1492\">B\u1ec7n h\u1ed7n h\u1ee3p<\/li>\n<\/ul>\n<h3 data-section-id=\"hdtwc8\" data-start=\"1499\" data-end=\"1520\"><span role=\"text\"><strong data-start=\"1503\" data-end=\"1520\">C\u00e1c lo\u1ea1i b\u1ec1 m\u1eb7t<\/strong><\/span><\/h3>\n<ul data-start=\"1521\" data-end=\"1589\">\n<li data-section-id=\"vhd1x5\" data-start=\"1521\" data-end=\"1538\">Ho\u00e0n thi\u1ec7n s\u00e1ng<\/li>\n<li data-section-id=\"uw1ss2\" data-start=\"1539\" data-end=\"1555\">Ho\u00e0n thi\u1ec7n m\u1edd<\/li>\n<li data-section-id=\"wseuwf\" data-start=\"1556\" data-end=\"1589\">\u0110\u01b0\u1ee3c ph\u1ee7 (PVC \/ Nylon t\u00f9y ch\u1ecdn)<\/li>\n<\/ul>\n<h2 data-section-id=\"id1bjs\" data-start=\"1596\" data-end=\"1627\"><span role=\"text\"><strong data-start=\"1599\" data-end=\"1627\">Th\u00f4ng s\u1ed1 k\u1ef9 thu\u1eadt<\/strong><\/span><\/h2>\n<div class=\"TyagGW_tableContainer\">\n<div class=\"group TyagGW_tableWrapper flex flex-col-reverse w-fit\" tabindex=\"-1\">\n<table class=\"w-fit min-w-(--thread-content-width)\" data-start=\"1629\" data-end=\"2424\">\n<thead data-start=\"1629\" data-end=\"1745\">\n<tr data-start=\"1629\" data-end=\"1745\">\n<th class=\"\" data-start=\"1629\" data-end=\"1650\" data-col-size=\"sm\">\u0110\u01b0\u1eddng k\u00ednh d\u00e2y (mm)<\/th>\n<th class=\"\" data-start=\"1650\" data-end=\"1665\" data-col-size=\"sm\">C\u1ea5u tr\u00fac<\/th>\n<th class=\"\" data-start=\"1665\" data-end=\"1682\" data-col-size=\"sm\">Lo\u1ea1i v\u1eadt li\u1ec7u<\/th>\n<th class=\"\" data-start=\"1682\" data-end=\"1694\" data-col-size=\"sm\">Lo\u1ea1i l\u00f5i<\/th>\n<th class=\"\" data-start=\"1694\" data-end=\"1719\" data-col-size=\"sm\">\u0110\u1ed9 b\u1ec1n k\u00e9o (MPa)<\/th>\n<th class=\"\" data-start=\"1719\" data-end=\"1745\" data-col-size=\"sm\">\u0110\u1ed9 b\u1ec1n k\u00e9o (kN)<\/th>\n<\/tr>\n<\/thead>\n<tbody data-start=\"1860\" data-end=\"2424\">\n<tr data-start=\"1860\" data-end=\"1972\">\n<td data-start=\"1860\" data-end=\"1881\" data-col-size=\"sm\">0.3 \u2013 1.0<\/td>\n<td data-col-size=\"sm\" data-start=\"1881\" data-end=\"1894\">1\u00d77 \/ 1\u00d719<\/td>\n<td data-col-size=\"sm\" data-start=\"1894\" data-end=\"1911\">304 \/ 316<\/td>\n<td data-col-size=\"sm\" data-start=\"1911\" data-end=\"1922\">Th\u00e9p<\/td>\n<td data-col-size=\"sm\" data-start=\"1922\" data-end=\"1946\">1570 \u2013 1770<\/td>\n<td data-col-size=\"sm\" data-start=\"1946\" data-end=\"1972\">0.2 \u2013 1.5<\/td>\n<\/tr>\n<tr data-start=\"1973\" data-end=\"2085\">\n<td data-start=\"1973\" data-end=\"1994\" data-col-size=\"sm\">1.0 \u2013 3.0<\/td>\n<td data-col-size=\"sm\" data-start=\"1994\" data-end=\"2007\">7\u00d77<\/td>\n<td data-col-size=\"sm\" data-start=\"2007\" data-end=\"2024\">304 \/ 316<\/td>\n<td data-col-size=\"sm\" data-start=\"2024\" data-end=\"2035\">FC \/ IWRC<\/td>\n<td data-col-size=\"sm\" data-start=\"2035\" data-end=\"2059\">1570 \u2013 1960<\/td>\n<td data-col-size=\"sm\" data-start=\"2059\" data-end=\"2085\">1.5 \u2013 8.0<\/td>\n<\/tr>\n<tr data-start=\"2086\" data-end=\"2198\">\n<td data-start=\"2086\" data-end=\"2107\" data-col-size=\"sm\">2.0 \u2013 6.0<\/td>\n<td data-start=\"2107\" data-end=\"2120\" data-col-size=\"sm\">7\u00d719<\/td>\n<td data-start=\"2120\" data-end=\"2137\" data-col-size=\"sm\">304 \/ 316<\/td>\n<td data-start=\"2137\" data-end=\"2148\" data-col-size=\"sm\">FC \/ IWRC<\/td>\n<td data-start=\"2148\" data-end=\"2172\" data-col-size=\"sm\">1570 \u2013 1960<\/td>\n<td data-start=\"2172\" data-end=\"2198\" data-col-size=\"sm\">5.0 \u2013 25.0<\/td>\n<\/tr>\n<tr data-start=\"2199\" data-end=\"2311\">\n<td data-start=\"2199\" data-end=\"2220\" data-col-size=\"sm\">6.0 \u2013 12.0<\/td>\n<td data-start=\"2220\" data-end=\"2233\" data-col-size=\"sm\">6\u00d719<\/td>\n<td data-start=\"2233\" data-end=\"2250\" data-col-size=\"sm\">304 \/ 316<\/td>\n<td data-start=\"2250\" data-end=\"2261\" data-col-size=\"sm\">IWRC<\/td>\n<td data-start=\"2261\" data-end=\"2285\" data-col-size=\"sm\">1770 \u2013 2160<\/td>\n<td data-col-size=\"sm\" data-start=\"2285\" data-end=\"2311\">20.0 \u2013 80.0<\/td>\n<\/tr>\n<tr data-start=\"2312\" data-end=\"2424\">\n<td data-start=\"2312\" data-end=\"2333\" data-col-size=\"sm\">12.0 \u2013 20.0<\/td>\n<td data-col-size=\"sm\" data-start=\"2333\" data-end=\"2346\">6\u00d736<\/td>\n<td data-col-size=\"sm\" data-start=\"2346\" data-end=\"2363\">316 \/ 316L<\/td>\n<td data-col-size=\"sm\" data-start=\"2363\" data-end=\"2374\">IWRC<\/td>\n<td data-col-size=\"sm\" data-start=\"2374\" data-end=\"2398\">1770 \u2013 2160<\/td>\n<td data-col-size=\"sm\" data-start=\"2398\" data-end=\"2424\">80.0 \u2013 200.0<\/td>\n<\/tr>\n<\/tbody>\n<\/table>\n<\/div>\n<\/div>\n<blockquote data-start=\"2426\" data-end=\"2521\">\n<p data-start=\"2428\" data-end=\"2521\"><em data-start=\"2428\" data-end=\"2521\">L\u01b0u \u00fd: T\u1ea5t c\u1ea3 c\u00e1c th\u00f4ng s\u1ed1 k\u1ef9 thu\u1eadt c\u00f3 th\u1ec3 \u0111\u01b0\u1ee3c t\u00f9y ch\u1ec9nh d\u1ef1a tr\u00ean \u1ee9ng d\u1ee5ng v\u00e0 y\u00eau c\u1ea7u t\u1ea3i c\u1ee7a b\u1ea1n.<\/em><\/p>\n<\/blockquote>\n<h2 data-section-id=\"1j5qwet\" data-start=\"2528\" data-end=\"2547\"><span role=\"text\"><strong data-start=\"2531\" data-end=\"2547\">T\u00ednh n\u0103ng ch\u00ednh<\/strong><\/span><\/h2>\n<h3 data-section-id=\"18xz1q1\" data-start=\"2549\" data-end=\"2589\"><span role=\"text\"><strong data-start=\"2553\" data-end=\"2587\">Kh\u1ea3 n\u0103ng ch\u1ed1ng \u0103n m\u00f2n xu\u1ea5t s\u1eafc<\/strong><\/span><\/h3>\n<p data-start=\"2590\" data-end=\"2717\">V\u1eadt li\u1ec7u th\u00e9p kh\u00f4ng g\u1ec9 (\u0111\u1eb7c bi\u1ec7t l\u00e0 316\/316L) cung c\u1ea5p kh\u1ea3 n\u0103ng ch\u1ed1ng \u1ea9m, h\u00f3a ch\u1ea5t v\u00e0 m\u00f4i tr\u01b0\u1eddng bi\u1ec3n xu\u1ea5t s\u1eafc.<\/p>\n<h3 data-section-id=\"15xpeud\" data-start=\"2719\" data-end=\"2763\"><span role=\"text\"><strong data-start=\"2723\" data-end=\"2761\">\u0110\u1ed9 b\u1ec1n cao &amp; Kh\u1ea3 n\u0103ng ch\u1ed1ng m\u1ecfi<\/strong><\/span><\/h3>\n<p data-start=\"2764\" data-end=\"2827\">\u0110\u01b0\u1ee3c thi\u1ebft k\u1ebf \u0111\u1ec3 b\u1ec1n b\u1ec9 d\u01b0\u1edbi t\u1ea3i \u0111\u1ed9ng v\u00e0 s\u1eed d\u1ee5ng l\u1eb7p l\u1ea1i.<\/p>\n<h3 data-section-id=\"1wjfr4u\" data-start=\"2829\" data-end=\"2867\"><span role=\"text\"><strong data-start=\"2833\" data-end=\"2865\">S\u1ea3n xu\u1ea5t ch\u00ednh x\u00e1c cao<\/strong><\/span><\/h3>\n<p data-start=\"2868\" data-end=\"2948\">\u0110\u1ed9 dung sai \u0111\u01b0\u1eddng k\u00ednh c\u00f3 th\u1ec3 \u0111\u1ea1t <strong data-start=\"2897\" data-end=\"2909\">\u00b10.01 mm<\/strong>, \u0111\u1ea3m b\u1ea3o t\u00ednh nh\u1ea5t qu\u00e1n v\u00e0 \u0111\u1ed9 tin c\u1eady.<\/p>\n<h3 data-section-id=\"3hhe0f\" data-start=\"2950\" data-end=\"2992\"><span role=\"text\"><strong data-start=\"2954\" data-end=\"2990\">S\u1ea1ch s\u1ebd &amp; Th\u00e2n thi\u1ec7n v\u1edbi m\u00f4i tr\u01b0\u1eddng<\/strong><\/span><\/h3>\n<p data-start=\"2993\" data-end=\"3075\">Th\u00e0nh ph\u1ea7n h\u00f3a h\u1ecdc \u1ed5n \u0111\u1ecbnh v\u00e0 h\u00e0m l\u01b0\u1ee3ng t\u1ea1p ch\u1ea5t th\u1ea5p \u0111\u1ea3m b\u1ea3o hi\u1ec7u su\u1ea5t l\u00e2u d\u00e0i.<\/p>\n<h2 data-section-id=\"197pqvq\" data-start=\"3082\" data-end=\"3111\"><span role=\"text\"><strong data-start=\"3085\" data-end=\"3111\">Ti\u00eau chu\u1ea9n &amp; Tu\u00e2n th\u1ee7<\/strong><\/span><\/h2>\n<p data-start=\"3113\" data-end=\"3193\">D\u00e2y c\u00e1p th\u00e9p kh\u00f4ng g\u1ec9 c\u1ee7a ch\u00fang t\u00f4i tu\u00e2n th\u1ee7 c\u00e1c ti\u00eau chu\u1ea9n qu\u1ed1c t\u1ebf, bao g\u1ed3m:<\/p>\n<ul data-start=\"3194\" data-end=\"3241\">\n<li data-section-id=\"15m0q8m\" data-start=\"3194\" data-end=\"3207\">GB\/T 9944<\/li>\n<li data-section-id=\"mi670e\" data-start=\"3208\" data-end=\"3223\">ASTM \/ AISI<\/li>\n<li data-section-id=\"kxeg6o\" data-start=\"3224\" data-end=\"3241\">Ti\u00eau chu\u1ea9n JIS<\/li>\n<\/ul>\n<h2 data-section-id=\"k0zlak\" data-start=\"3248\" data-end=\"3267\"><span role=\"text\"><strong data-start=\"3251\" data-end=\"3267\">\u1ee8ng d\u1ee5ng<\/strong><\/span><\/h2>\n<ul data-start=\"3269\" data-end=\"3531\">\n<li data-section-id=\"16bujyt\" data-start=\"3269\" data-end=\"3303\">Ho\u1ea1t \u0111\u1ed9ng tr\u00ean bi\u1ec3n v\u00e0 ngo\u00e0i kh\u01a1i<\/li>\n<li data-section-id=\"1qatlvb\" data-start=\"3304\" data-end=\"3338\">Thi\u1ebft b\u1ecb n\u00e2ng v\u00e0 k\u00e9o<\/li>\n<li data-section-id=\"k89z7d\" data-start=\"3339\" data-end=\"3374\">X\u00e2y d\u1ef1ng v\u00e0 c\u01a1 s\u1edf h\u1ea1 t\u1ea7ng<\/li>\n<li data-section-id=\"130ydzw\" data-start=\"3375\" data-end=\"3405\">H\u1ec7 th\u1ed1ng thang m\u00e1y v\u00e0 c\u1ea7n c\u1ea9u<\/li>\n<li data-section-id=\"z4msnb\" data-start=\"3406\" data-end=\"3446\">C\u00e1p an to\u00e0n v\u00e0 h\u1ec7 th\u1ed1ng ch\u1ed1ng tr\u1ed9m<\/li>\n<li data-section-id=\"bz30y8\" data-start=\"3447\" data-end=\"3485\">D\u00e2y c\u00e2u c\u00e1 v\u00e0 s\u1eed d\u1ee5ng n\u00f4ng nghi\u1ec7p<\/li>\n<li data-section-id=\"1cqfb8n\" data-start=\"3486\" data-end=\"3531\">\u1ee8ng d\u1ee5ng ki\u1ebfn tr\u00fac v\u00e0 trang tr\u00ed<\/li>\n<\/ul>\n<h2 data-section-id=\"kxvv1q\" data-start=\"3538\" data-end=\"3571\"><span role=\"text\"><strong data-start=\"3541\" data-end=\"3571\">Kh\u1ea3 n\u0103ng t\u00f9y ch\u1ec9nh<\/strong><\/span><\/h2>\n<p data-start=\"3573\" data-end=\"3613\">Ch\u00fang t\u00f4i cung c\u1ea5p c\u00e1c gi\u1ea3i ph\u00e1p t\u00f9y ch\u1ec9nh bao g\u1ed3m:<\/p>\n<ul data-start=\"3614\" data-end=\"3813\">\n<li data-section-id=\"neki49\" data-start=\"3614\" data-end=\"3643\">\u0110\u01b0\u1eddng k\u00ednh v\u00e0 c\u1ea5u tr\u00fac<\/li>\n<li data-section-id=\"1naxzm0\" data-start=\"3644\" data-end=\"3679\">Lo\u1ea1i v\u1eadt li\u1ec7u (304, 316, v.v.)<\/li>\n<li data-section-id=\"15deegd\" data-start=\"3680\" data-end=\"3709\">Lo\u1ea1i l\u00f5i (FC, IWRC, IWS)<\/li>\n<li data-section-id=\"9scxek\" data-start=\"3710\" data-end=\"3752\">Ho\u00e0n thi\u1ec7n b\u1ec1 m\u1eb7t (s\u00e1ng, m\u1edd, ph\u1ee7)<\/li>\n<li data-section-id=\"1uvq9sq\" data-start=\"3753\" data-end=\"3781\">L\u1edbp ph\u1ee7 (PVC, nylon, PE)<\/li>\n<li data-section-id=\"yalb2g\" data-start=\"3782\" data-end=\"3813\">Ph\u1ee5 ki\u1ec7n v\u00e0 l\u1eafp r\u00e1p<\/li>\n<\/ul>\n<h2 data-section-id=\"lk0893\" data-start=\"3820\" data-end=\"3844\"><span role=\"text\"><strong data-start=\"3823\" data-end=\"3844\">\u0110\u1ea3m b\u1ea3o ch\u1ea5t l\u01b0\u1ee3ng<\/strong><\/span><\/h2>\n<p data-start=\"3846\" data-end=\"3909\">T\u1ea5t c\u1ea3 s\u1ea3n ph\u1ea9m \u0111\u1ec1u tr\u1ea3i qua ki\u1ec3m tra v\u00e0 th\u1eed nghi\u1ec7m nghi\u00eam ng\u1eb7t \u0111\u1ec3 \u0111\u1ea3m b\u1ea3o:<\/p>\n<ul data-start=\"3910\" data-end=\"4003\">\n<li data-section-id=\"fivfgh\" data-start=\"3910\" data-end=\"3941\">\u0110\u1ed9 b\u1ec1n k\u00e9o \u0111\u1ed3ng nh\u1ea5t<\/li>\n<li data-section-id=\"1hjn31u\" data-start=\"3942\" data-end=\"3966\">T\u00ednh to\u00e0n v\u1eb9n c\u1ea5u tr\u00fac<\/li>\n<li data-section-id=\"1clt7ez\" data-start=\"3967\" data-end=\"4003\">Hi\u1ec7u su\u1ea5t ch\u1ed1ng \u0103n m\u00f2n<\/li>\n<\/ul>\n<h2 data-section-id=\"i5yrmq\" data-start=\"4010\" data-end=\"4035\"><span role=\"text\"><strong data-start=\"4013\" data-end=\"4035\">Giao h\u00e0ng &amp; D\u1ecbch v\u1ee5<\/strong><\/span><\/h2>\n<ul data-start=\"4037\" data-end=\"4156\">\n<li data-section-id=\"1jszyqb\" data-start=\"4037\" data-end=\"4081\">S\u1ea3n ph\u1ea9m ti\u00eau chu\u1ea9n: <strong data-start=\"4058\" data-end=\"4079\">Giao h\u00e0ng trong 1\u20133 ng\u00e0y<\/strong><\/li>\n<li data-section-id=\"yobqmf\" data-start=\"4082\" data-end=\"4115\">\u0110\u01a1n h\u00e0ng t\u00f9y ch\u1ec9nh: <strong data-start=\"4099\" data-end=\"4113\">15\u201330 ng\u00e0y<\/strong><\/li>\n<li data-section-id=\"cax0sd\" data-start=\"4116\" data-end=\"4156\">B\u1ea3ng b\u00e1o gi\u00e1 nhanh v\u00e0 h\u1ed7 tr\u1ee3 k\u1ef9 thu\u1eadt<\/li>\n<\/ul>\n<h2 data-section-id=\"elc90z\" data-start=\"4163\" data-end=\"4173\"><span role=\"text\"><strong data-start=\"4166\" data-end=\"4173\">C\u00e2u h\u1ecfi th\u01b0\u1eddng g\u1eb7p<\/strong><\/span><\/h2>\n<p data-start=\"4175\" data-end=\"4342\"><strong data-start=\"4175\" data-end=\"4252\">Q1: S\u1ef1 kh\u00e1c bi\u1ec7t gi\u1eefa d\u00e2y c\u00e1p th\u00e9p kh\u00f4ng g\u1ec9 304 v\u00e0 316 l\u00e0 g\u00ec?<\/strong><br data-start=\"4252\" data-end=\"4255\" \/>316 cung c\u1ea5p kh\u1ea3 n\u0103ng ch\u1ed1ng \u0103n m\u00f2n t\u1ed1t h\u01a1n, \u0111\u1eb7c bi\u1ec7t trong m\u00f4i tr\u01b0\u1eddng bi\u1ec3n v\u00e0 h\u00f3a ch\u1ea5t.<\/p>\n<p data-start=\"4344\" data-end=\"4471\"><strong data-start=\"4344\" data-end=\"4392\">Q2: D\u00e2y c\u00e1p th\u00e9p kh\u00f4ng g\u1ec9 c\u00f3 th\u1ec3 \u0111\u01b0\u1ee3c ph\u1ee7 kh\u00f4ng?<\/strong><br data-start=\"4392\" data-end=\"4395\" \/>C\u00f3, PVC, nylon v\u00e0 c\u00e1c l\u1edbp ph\u1ee7 kh\u00e1c c\u00f3 s\u1eb5n \u0111\u1ec3 b\u1ea3o v\u1ec7 th\u00eam.<\/p>\n<p data-start=\"4473\" data-end=\"4610\"><strong data-start=\"4473\" data-end=\"4518\">Q3: L\u00e0m th\u1ebf n\u00e0o \u0111\u1ec3 ch\u1ecdn c\u1ea5u tr\u00fac ph\u00f9 h\u1ee3p?<\/strong><br data-start=\"4518\" data-end=\"4521\" \/>N\u00f3 ph\u1ee5 thu\u1ed9c v\u00e0o \u0111\u1ed9 linh ho\u1ea1t, t\u1ea3i tr\u1ecdng v\u00e0 \u1ee9ng d\u1ee5ng. Nh\u00f3m c\u1ee7a ch\u00fang t\u00f4i c\u00f3 th\u1ec3 \u0111\u1ec1 xu\u1ea5t l\u1ef1a ch\u1ecdn t\u1ed1t nh\u1ea5t.<\/p>\n<h2 data-section-id=\"zwdc7d\" data-start=\"4617\" data-end=\"4684\"><span role=\"text\"><strong data-start=\"4620\" data-end=\"4682\">B\u1ea1n \u0111ang t\u00ecm ki\u1ebfm nh\u00e0 cung c\u1ea5p d\u00e2y c\u00e1p th\u00e9p kh\u00f4ng g\u1ec9 \u0111\u00e1ng tin c\u1eady?<\/strong><\/span><\/h2>\n<p data-start=\"4685\" data-end=\"4775\">Li\u00ean h\u1ec7 v\u1edbi ch\u00fang t\u00f4i h\u00f4m nay \u0111\u1ec3 c\u00f3 s\u1ea3n ph\u1ea9m ch\u1ea5t l\u01b0\u1ee3ng cao, gi\u00e1 c\u1ea3 c\u1ea1nh tranh v\u00e0 gi\u1ea3i ph\u00e1p t\u00f9y ch\u1ec9nh.<\/p>","protected":false},"excerpt":{"rendered":"<p>D\u00e2y c\u00e1p th\u00e9p kh\u00f4ng g\u1ec9 \u0111\u01b0\u1ee3c s\u1ea3n xu\u1ea5t b\u1eb1ng c\u00e1ch xo\u1eafn nhi\u1ec1u s\u1ee3i d\u00e2y th\u00e9p kh\u00f4ng g\u1ec9 th\u00e0nh m\u1ed9t c\u1ea5u tr\u00fac d\u00e2y duy nh\u1ea5t, v\u1edbi l\u00f5i b\u1eb1ng s\u1ee3i ho\u1eb7c l\u00f5i b\u1eb1ng th\u00e9p. N\u1ed5i ti\u1ebfng v\u1edbi kh\u1ea3 n\u0103ng ch\u1ed1ng \u0103n m\u00f2n tuy\u1ec7t v\u1eddi, \u0111\u1ed9 b\u1ec1n v\u00e0 \u0111\u1ed9 b\u1ec1n, n\u00f3 \u0111\u01b0\u1ee3c s\u1eed d\u1ee5ng r\u1ed9ng r\u00e3i trong c\u00e1c m\u00f4i tr\u01b0\u1eddng kh\u1eafc nghi\u1ec7t nh\u01b0 h\u00e0ng h\u1ea3i, x\u00e2y d\u1ef1ng v\u00e0 \u1ee9ng d\u1ee5ng c\u00f4ng nghi\u1ec7p.<\/p>","protected":false},"featured_media":1489,"comment_status":"open","ping_status":"closed","template":"","meta":{"site-sidebar-layout":"default","site-content-layout":"","ast-site-content-layout":"default","site-content-style":"default","site-sidebar-style":"default","ast-global-header-display":"","ast-banner-title-visibility":"","ast-main-header-display":"","ast-hfb-above-header-display":"","ast-hfb-below-header-display":"","ast-hfb-mobile-header-display":"","site-post-title":"","ast-breadcrumbs-content":"","ast-featured-img":"","footer-sml-layout":"","ast-disable-related-posts":"","theme-transparent-header-meta":"default","adv-header-id-meta":"","stick-header-meta":"default","header-above-stick-meta":"","header-main-stick-meta":"","header-below-stick-meta":"","astra-migrate-meta-layouts":"set","ast-page-background-enabled":"default","ast-page-background-meta":{"desktop":{"background-color":"var(--ast-global-color-4)","background-image":"","background-repeat":"repeat","background-position":"center center","background-size":"auto","background-attachment":"scroll","background-type":"","background-media":"","overlay-type":"","overlay-color":"","overlay-opacity":"","overlay-gradient":""},"tablet":{"background-color":"","background-image":"","background-repeat":"repeat","background-position":"center center","background-size":"auto","background-attachment":"scroll","background-type":"","background-media":"","overlay-type":"","overlay-color":"","overlay-opacity":"","overlay-gradient":""},"mobile":{"background-color":"","background-image":"","background-repeat":"repeat","background-position":"center center","background-size":"auto","background-attachment":"scroll","background-type":"","background-media":"","overlay-type":"","overlay-color":"","overlay-opacity":"","overlay-gradient":""}},"ast-content-background-meta":{"desktop":{"background-color":"var(--ast-global-color-5)","background-image":"","background-repeat":"repeat","background-position":"center center","background-size":"auto","background-attachment":"scroll","background-type":"","background-media":"","overlay-type":"","overlay-color":"","overlay-opacity":"","overlay-gradient":""},"tablet":{"background-color":"var(--ast-global-color-5)","background-image":"","background-repeat":"repeat","background-position":"center center","background-size":"auto","background-attachment":"scroll","background-type":"","background-media":"","overlay-type":"","overlay-color":"","overlay-opacity":"","overlay-gradient":""},"mobile":{"background-color":"var(--ast-global-color-5)","background-image":"","background-repeat":"repeat","background-position":"center center","background-size":"auto","background-attachment":"scroll","background-type":"","background-media":"","overlay-type":"","overlay-color":"","overlay-opacity":"","overlay-gradient":""}}},"product_brand":[],"product_cat":[16],"product_tag":[52,51,54,53,28,43,32,44,35,38,50,47,48,27,46],"class_list":{"0":"post-1488","1":"product","2":"type-product","3":"status-publish","4":"has-post-thumbnail","6":"product_cat-wire-rope","7":"product_tag-304-stainless-steel-cable","8":"product_tag-316-stainless-steel-wire-rope","9":"product_tag-coated-stainless-steel-wire-rope","10":"product_tag-corrosion-resistant-cable","11":"product_tag-custom-wire-rope","12":"product_tag-high-strength-wire-rope","13":"product_tag-industrial-wire-rope","14":"product_tag-lifting-wire-rope","15":"product_tag-marine-wire-rope","16":"product_tag-safety-cable","17":"product_tag-stainless-steel-wire-rope","18":"product_tag-steel-cable","19":"product_tag-wire-rope-construction","20":"product_tag-wire-rope-manufacturer","21":"product_tag-wire-rope-supplier","22":"desktop-align-left","23":"tablet-align-left","24":"mobile-align-left","25":"ast-product-gallery-layout-horizontal-slider","26":"ast-product-tabs-layout-horizontal","28":"first","29":"instock","30":"shipping-taxable","31":"product-type-simple"},"_links":{"self":[{"href":"https:\/\/www.precisionwirerope.com\/vi\/wp-json\/wp\/v2\/product\/1488","targetHints":{"allow":["GET"]}}],"collection":[{"href":"https:\/\/www.precisionwirerope.com\/vi\/wp-json\/wp\/v2\/product"}],"about":[{"href":"https:\/\/www.precisionwirerope.com\/vi\/wp-json\/wp\/v2\/types\/product"}],"replies":[{"embeddable":true,"href":"https:\/\/www.precisionwirerope.com\/vi\/wp-json\/wp\/v2\/comments?post=1488"}],"wp:featuredmedia":[{"embeddable":true,"href":"https:\/\/www.precisionwirerope.com\/vi\/wp-json\/wp\/v2\/media\/1489"}],"wp:attachment":[{"href":"https:\/\/www.precisionwirerope.com\/vi\/wp-json\/wp\/v2\/media?parent=1488"}],"wp:term":[{"taxonomy":"product_brand","embeddable":true,"href":"https:\/\/www.precisionwirerope.com\/vi\/wp-json\/wp\/v2\/product_brand?post=1488"},{"taxonomy":"product_cat","embeddable":true,"href":"https:\/\/www.precisionwirerope.com\/vi\/wp-json\/wp\/v2\/product_cat?post=1488"},{"taxonomy":"product_tag","embeddable":true,"href":"https:\/\/www.precisionwirerope.com\/vi\/wp-json\/wp\/v2\/product_tag?post=1488"}],"curies":[{"name":"wp","href":"https:\/\/api.w.org\/{rel}","templated":true}]}}