{"id":1484,"date":"2026-03-22T02:16:35","date_gmt":"2026-03-22T02:16:35","guid":{"rendered":"https:\/\/www.precisionwirerope.com\/?post_type=product&#038;p=1484"},"modified":"2026-03-22T02:32:48","modified_gmt":"2026-03-22T02:32:48","slug":"galvanized-steel-wire-rope-manufacturer-high-strength-corrosion-resistant-wire-rope","status":"publish","type":"product","link":"https:\/\/www.precisionwirerope.com\/vi\/product\/galvanized-steel-wire-rope-manufacturer-high-strength-corrosion-resistant-wire-rope\/","title":{"rendered":"Nh\u00e0 s\u1ea3n xu\u1ea5t d\u00e2y c\u00e1p th\u00e9p m\u1ea1 k\u1ebdm | D\u00e2y c\u00e1p th\u00e9p c\u00f3 \u0111\u1ed9 b\u1ec1n cao &amp; ch\u1ed1ng \u0103n m\u00f2n"},"content":{"rendered":"<p data-start=\"191\" data-end=\"493\">D\u00e2y c\u00e1p th\u00e9p m\u1ea1 k\u1ebdm \u0111\u01b0\u1ee3c s\u1ea3n xu\u1ea5t b\u1eb1ng c\u00e1ch \u00e1p d\u1ee5ng l\u1edbp ph\u1ee7 k\u1ebdm b\u1ea3o v\u1ec7 l\u00ean d\u00e2y th\u00e9p ch\u1ea5t l\u01b0\u1ee3ng cao th\u00f4ng qua quy tr\u00ecnh m\u1ea1 \u0111i\u1ec7n ho\u1eb7c m\u1ea1 k\u1ebdm nh\u00fang n\u00f3ng. L\u1edbp k\u1ebdm cung c\u1ea5p kh\u1ea3 n\u0103ng ch\u1ed1ng \u0103n m\u00f2n tuy\u1ec7t v\u1eddi, k\u00e9o d\u00e0i \u0111\u00e1ng k\u1ec3 tu\u1ed5i th\u1ecd c\u1ee7a d\u00e2y c\u00e1p trong m\u00f4i tr\u01b0\u1eddng kh\u1eafc nghi\u1ec7t.<\/p>\n<p data-start=\"495\" data-end=\"684\">T\u1ea1i Precision Wire Rope, ch\u00fang t\u00f4i cung c\u1ea5p m\u1ed9t lo\u1ea1t c\u00e1c d\u00e2y c\u00e1p m\u1ea1 k\u1ebdm \u0111\u01b0\u1ee3c thi\u1ebft k\u1ebf cho \u0111\u1ed9 b\u1ec1n, \u0111\u1ed9 b\u1ec1n v\u00e0 hi\u1ec7u su\u1ea5t \u0111\u00e1ng tin c\u1eady trong c\u00e1c \u1ee9ng d\u1ee5ng c\u00f4ng nghi\u1ec7p, h\u00e0ng h\u1ea3i v\u00e0 x\u00e2y d\u1ef1ng.<\/p>\n<h2 data-section-id=\"1lut59q\" data-start=\"691\" data-end=\"719\"><span role=\"text\"><strong data-start=\"694\" data-end=\"719\">C\u1ea5u tr\u00fac &amp; V\u1eadt li\u1ec7u<\/strong><\/span><\/h2>\n<h3 data-section-id=\"jyvvzq\" data-start=\"721\" data-end=\"739\"><span role=\"text\"><strong data-start=\"725\" data-end=\"739\">C\u00e1c lo\u1ea1i l\u00f5i<\/strong><\/span><\/h3>\n<ul data-start=\"740\" data-end=\"967\">\n<li data-section-id=\"1r7s64y\" data-start=\"740\" data-end=\"809\"><strong data-start=\"742\" data-end=\"761\">L\u00f5i s\u1ee3i (FC)<\/strong> \u2013 linh ho\u1ea1t, ph\u00f9 h\u1ee3p cho c\u00e1c \u1ee9ng d\u1ee5ng chung<\/li>\n<li data-section-id=\"14dylu4\" data-start=\"810\" data-end=\"887\"><strong data-start=\"812\" data-end=\"849\">L\u00f5i d\u00e2y c\u00e1p \u0111\u1ed9c l\u1eadp (IWRC)<\/strong> \u2013 \u0111\u1ed9 b\u1ec1n v\u00e0 kh\u1ea3 n\u0103ng t\u1ea3i cao h\u01a1n<\/li>\n<li data-section-id=\"6wwgba\" data-start=\"888\" data-end=\"967\"><strong data-start=\"890\" data-end=\"917\">L\u00f5i polypropylene (PP)<\/strong> \u2013 c\u1ea3i thi\u1ec7n kh\u1ea3 n\u0103ng ch\u1ed1ng \u1ea9m v\u00e0 \u0103n m\u00f2n<\/li>\n<\/ul>\n<h3 data-section-id=\"8bzjbh\" data-start=\"974\" data-end=\"999\"><span role=\"text\"><strong data-start=\"978\" data-end=\"999\">C\u00e1c lo\u1ea1i m\u1ea1 k\u1ebdm<\/strong><\/span><\/h3>\n<ul data-start=\"1000\" data-end=\"1157\">\n<li data-section-id=\"ucwl68\" data-start=\"1000\" data-end=\"1076\"><strong data-start=\"1002\" data-end=\"1024\">M\u1ea1 \u0111i\u1ec7n<\/strong> \u2013 b\u1ec1 m\u1eb7t m\u1ecbn, l\u1edbp ph\u1ee7 \u0111\u1ed3ng \u0111\u1ec1u, ti\u1ebft ki\u1ec7m chi ph\u00ed<\/li>\n<li data-section-id=\"1lmfcxi\" data-start=\"1077\" data-end=\"1157\"><strong data-start=\"1079\" data-end=\"1101\">M\u1ea1 k\u1ebdm nh\u00fang n\u00f3ng<\/strong> \u2013 l\u1edbp ph\u1ee7 k\u1ebdm d\u00e0y h\u01a1n, kh\u1ea3 n\u0103ng ch\u1ed1ng \u0103n m\u00f2n v\u01b0\u1ee3t tr\u1ed9i<\/li>\n<\/ul>\n<h3 data-section-id=\"3hc9yf\" data-start=\"1164\" data-end=\"1191\"><span role=\"text\"><strong data-start=\"1168\" data-end=\"1191\">C\u00e1c c\u1ea5p \u0111\u1ed9 l\u1edbp ph\u1ee7 k\u1ebdm<\/strong><\/span><\/h3>\n<ul data-start=\"1192\" data-end=\"1359\">\n<li data-section-id=\"61tcd\" data-start=\"1192\" data-end=\"1233\">L\u1edbp ph\u1ee7 nh\u1eb9 \u2013 cho m\u00f4i tr\u01b0\u1eddng nh\u1eb9<\/li>\n<li data-section-id=\"1hx6bct\" data-start=\"1234\" data-end=\"1288\">L\u1edbp ph\u1ee7 trung b\u00ecnh \u2013 cho \u0111i\u1ec1u ki\u1ec7n \u0103n m\u00f2n v\u1eeba ph\u1ea3i<\/li>\n<li data-section-id=\"15fq2vp\" data-start=\"1289\" data-end=\"1359\">L\u1edbp ph\u1ee7 n\u1eb7ng \u2013 cho m\u00f4i tr\u01b0\u1eddng kh\u1eafc nghi\u1ec7t (h\u00e0ng h\u1ea3i, ngo\u00e0i kh\u01a1i, khai th\u00e1c)<\/li>\n<\/ul>\n<h3 data-section-id=\"1qyaowq\" data-start=\"1366\" data-end=\"1400\"><span role=\"text\"><strong data-start=\"1370\" data-end=\"1400\">C\u1ea5u tr\u00fac d\u00e2y \u0111i\u1ec3n h\u00ecnh<\/strong><\/span><\/h3>\n<ul data-start=\"1401\" data-end=\"1476\">\n<li data-section-id=\"1d8ze2j\" data-start=\"1401\" data-end=\"1414\">1\u00d77, 1\u00d719<\/li>\n<li data-section-id=\"1ceibga\" data-start=\"1415\" data-end=\"1441\">6\u00d77, 6\u00d719, 6\u00d719 + IWRC<\/li>\n<li data-section-id=\"1gi7oer\" data-start=\"1442\" data-end=\"1461\">7\u00d77, 7\u00d719, 7\u00d737<\/li>\n<li data-section-id=\"196kycp\" data-start=\"1462\" data-end=\"1476\">6\u00d736, 6W19<\/li>\n<\/ul>\n<h3 data-section-id=\"w9aop\" data-start=\"1483\" data-end=\"1500\"><span role=\"text\"><strong data-start=\"1487\" data-end=\"1500\">C\u00e1c lo\u1ea1i b\u1ec7n<\/strong><\/span><\/h3>\n<ul data-start=\"1501\" data-end=\"1583\">\n<li data-section-id=\"a6ftli\" data-start=\"1501\" data-end=\"1530\">B\u1ec7n th\u01b0\u1eddng (RHRL \/ LHRL)<\/li>\n<li data-section-id=\"hxog5k\" data-start=\"1531\" data-end=\"1557\">B\u1ec7n lang (RHLL \/ LHLL)<\/li>\n<li data-section-id=\"po698e\" data-start=\"1558\" data-end=\"1583\">B\u1ec7n xen k\u1ebd \/ B\u1ec7n h\u1ed7n h\u1ee3p<\/li>\n<\/ul>\n<h2 data-section-id=\"id1bjs\" data-start=\"1590\" data-end=\"1621\"><span role=\"text\"><strong data-start=\"1593\" data-end=\"1621\">Th\u00f4ng s\u1ed1 k\u1ef9 thu\u1eadt<\/strong><\/span><\/h2>\n<div class=\"TyagGW_tableContainer\">\n<div class=\"group TyagGW_tableWrapper flex flex-col-reverse w-fit\" tabindex=\"-1\">\n<table class=\"w-fit min-w-(--thread-content-width)\" data-start=\"1623\" data-end=\"2384\">\n<thead data-start=\"1623\" data-end=\"1732\">\n<tr data-start=\"1623\" data-end=\"1732\">\n<th class=\"\" data-start=\"1623\" data-end=\"1644\" data-col-size=\"sm\">\u0110\u01b0\u1eddng k\u00ednh d\u00e2y (mm)<\/th>\n<th class=\"\" data-start=\"1644\" data-end=\"1659\" data-col-size=\"sm\">C\u1ea5u tr\u00fac<\/th>\n<th class=\"\" data-start=\"1659\" data-end=\"1671\" data-col-size=\"sm\">Lo\u1ea1i l\u00f5i<\/th>\n<th class=\"\" data-start=\"1671\" data-end=\"1681\" data-col-size=\"sm\">B\u1ec1 m\u1eb7t<\/th>\n<th class=\"\" data-start=\"1681\" data-end=\"1706\" data-col-size=\"sm\">\u0110\u1ed9 b\u1ec1n k\u00e9o (MPa)<\/th>\n<th class=\"\" data-start=\"1706\" data-end=\"1732\" data-col-size=\"sm\">\u0110\u1ed9 b\u1ec1n k\u00e9o (kN)<\/th>\n<\/tr>\n<\/thead>\n<tbody data-start=\"1840\" data-end=\"2384\">\n<tr data-start=\"1840\" data-end=\"1948\">\n<td data-start=\"1840\" data-end=\"1861\" data-col-size=\"sm\">1.0 \u2013 2.0<\/td>\n<td data-col-size=\"sm\" data-start=\"1861\" data-end=\"1874\">1\u00d77 \/ 1\u00d719<\/td>\n<td data-col-size=\"sm\" data-start=\"1874\" data-end=\"1885\">Th\u00e9p<\/td>\n<td data-col-size=\"sm\" data-start=\"1885\" data-end=\"1898\">M\u1ea1 k\u1ebdm<\/td>\n<td data-col-size=\"sm\" data-start=\"1898\" data-end=\"1922\">1570 \u2013 1770<\/td>\n<td data-col-size=\"sm\" data-start=\"1922\" data-end=\"1948\">0.8 \u2013 3.0<\/td>\n<\/tr>\n<tr data-start=\"1949\" data-end=\"2057\">\n<td data-start=\"1949\" data-end=\"1970\" data-col-size=\"sm\">2.0 \u2013 4.0<\/td>\n<td data-col-size=\"sm\" data-start=\"1970\" data-end=\"1983\">7\u00d77<\/td>\n<td data-col-size=\"sm\" data-start=\"1983\" data-end=\"1994\">FC \/ IWRC<\/td>\n<td data-col-size=\"sm\" data-start=\"1994\" data-end=\"2007\">M\u1ea1 k\u1ebdm<\/td>\n<td data-col-size=\"sm\" data-start=\"2007\" data-end=\"2031\">1570 \u2013 1960<\/td>\n<td data-col-size=\"sm\" data-start=\"2031\" data-end=\"2057\">3.0 \u2013 12.0<\/td>\n<\/tr>\n<tr data-start=\"2058\" data-end=\"2166\">\n<td data-start=\"2058\" data-end=\"2079\" data-col-size=\"sm\">3.0 \u2013 6.0<\/td>\n<td data-col-size=\"sm\" data-start=\"2079\" data-end=\"2092\">7\u00d719<\/td>\n<td data-col-size=\"sm\" data-start=\"2092\" data-end=\"2103\">FC \/ IWRC<\/td>\n<td data-col-size=\"sm\" data-start=\"2103\" data-end=\"2116\">M\u1ea1 k\u1ebdm<\/td>\n<td data-col-size=\"sm\" data-start=\"2116\" data-end=\"2140\">1570 \u2013 1960<\/td>\n<td data-col-size=\"sm\" data-start=\"2140\" data-end=\"2166\">10.0 \u2013 30.0<\/td>\n<\/tr>\n<tr data-start=\"2167\" data-end=\"2275\">\n<td data-start=\"2167\" data-end=\"2188\" data-col-size=\"sm\">6.0 \u2013 10.0<\/td>\n<td data-col-size=\"sm\" data-start=\"2188\" data-end=\"2201\">6\u00d719<\/td>\n<td data-col-size=\"sm\" data-start=\"2201\" data-end=\"2212\">IWRC<\/td>\n<td data-col-size=\"sm\" data-start=\"2212\" data-end=\"2225\">M\u1ea1 k\u1ebdm<\/td>\n<td data-col-size=\"sm\" data-start=\"2225\" data-end=\"2249\">1770 \u2013 2160<\/td>\n<td data-col-size=\"sm\" data-start=\"2249\" data-end=\"2275\">25.0 \u2013 80.0<\/td>\n<\/tr>\n<tr data-start=\"2276\" data-end=\"2384\">\n<td data-start=\"2276\" data-end=\"2297\" data-col-size=\"sm\">10.0 \u2013 20.0<\/td>\n<td data-start=\"2297\" data-end=\"2310\" data-col-size=\"sm\">6\u00d736<\/td>\n<td data-start=\"2310\" data-end=\"2321\" data-col-size=\"sm\">IWRC<\/td>\n<td data-start=\"2321\" data-end=\"2334\" data-col-size=\"sm\">M\u1ea1 k\u1ebdm<\/td>\n<td data-start=\"2334\" data-end=\"2358\" data-col-size=\"sm\">1770 \u2013 2160<\/td>\n<td data-start=\"2358\" data-end=\"2384\" data-col-size=\"sm\">80.0 \u2013 200.0<\/td>\n<\/tr>\n<\/tbody>\n<\/table>\n<\/div>\n<\/div>\n<blockquote data-start=\"2386\" data-end=\"2488\">\n<p data-start=\"2388\" data-end=\"2488\"><em data-start=\"2388\" data-end=\"2488\">L\u01b0u \u00fd: Th\u00f4ng s\u1ed1 k\u1ef9 thu\u1eadt c\u00f3 th\u1ec3 \u0111\u01b0\u1ee3c t\u00f9y ch\u1ec9nh d\u1ef1a tr\u00ean \u0111\u01b0\u1eddng k\u00ednh, c\u1ea5u tr\u00fac v\u00e0 y\u00eau c\u1ea7u v\u1ec1 \u0111\u1ed9 b\u1ec1n.<\/em><\/p>\n<\/blockquote>\n<h2 data-section-id=\"1j5qwet\" data-start=\"2495\" data-end=\"2514\"><span role=\"text\"><strong data-start=\"2498\" data-end=\"2514\">T\u00ednh n\u0103ng ch\u00ednh<\/strong><\/span><\/h2>\n<h3 data-section-id=\"18xz1q1\" data-start=\"2516\" data-end=\"2556\"><span role=\"text\"><strong data-start=\"2520\" data-end=\"2554\">Kh\u1ea3 n\u0103ng ch\u1ed1ng \u0103n m\u00f2n xu\u1ea5t s\u1eafc<\/strong><\/span><\/h3>\n<p data-start=\"2557\" data-end=\"2690\">L\u1edbp ph\u1ee7 k\u1ebdm b\u1ea3o v\u1ec7 th\u00e9p kh\u1ecfi \u0111\u1ed9 \u1ea9m, h\u00f3a ch\u1ea5t v\u00e0 ti\u1ebfp x\u00fac v\u1edbi m\u00f4i tr\u01b0\u1eddng, l\u00e0m cho n\u00f3 l\u00fd t\u01b0\u1edfng cho vi\u1ec7c s\u1eed d\u1ee5ng ngo\u00e0i tr\u1eddi v\u00e0 tr\u00ean bi\u1ec3n.<\/p>\n<h3 data-section-id=\"1xy76dm\" data-start=\"2692\" data-end=\"2728\"><span role=\"text\"><strong data-start=\"2696\" data-end=\"2726\">\u0110\u1ed9 b\u1ec1n cao &amp; \u0110\u1ed9 b\u1ec1n l\u00e2u d\u00e0i<\/strong><\/span><\/h3>\n<p data-start=\"2729\" data-end=\"2855\">\u0110\u01b0\u1ee3c s\u1ea3n xu\u1ea5t t\u1eeb th\u00e9p ch\u1ea5t l\u01b0\u1ee3ng cao v\u1edbi quy tr\u00ecnh x\u1eed l\u00fd nhi\u1ec7t \u0111\u01b0\u1ee3c ki\u1ec3m so\u00e1t \u0111\u1ec3 \u0111\u1ea3m b\u1ea3o \u0111\u1ed9 b\u1ec1n k\u00e9o v\u01b0\u1ee3t tr\u1ed9i v\u00e0 tu\u1ed5i th\u1ecd d\u00e0i.<\/p>\n<h3 data-section-id=\"1ku1gz7\" data-start=\"2857\" data-end=\"2886\"><span role=\"text\"><strong data-start=\"2861\" data-end=\"2884\">K\u00edch th\u01b0\u1edbc ch\u00ednh x\u00e1c<\/strong><\/span><\/h3>\n<p data-start=\"2887\" data-end=\"3001\">Quy tr\u00ecnh s\u1ea3n xu\u1ea5t ch\u00ednh x\u00e1c \u0111\u1ea3m b\u1ea3o \u0111\u1ed9 dung sai \u0111\u01b0\u1eddng k\u00ednh ch\u1eb7t ch\u1ebd (l\u00ean \u0111\u1ebfn \u00b10.05 mm), c\u1ea3i thi\u1ec7n kh\u1ea3 n\u0103ng t\u01b0\u01a1ng th\u00edch v\u1edbi thi\u1ebft b\u1ecb.<\/p>\n<h3 data-section-id=\"ra3ud0\" data-start=\"3003\" data-end=\"3036\"><span role=\"text\"><strong data-start=\"3007\" data-end=\"3034\">Gi\u1ea3i ph\u00e1p ti\u1ebft ki\u1ec7m chi ph\u00ed<\/strong><\/span><\/h3>\n<p data-start=\"3037\" data-end=\"3147\">So v\u1edbi d\u00e2y c\u00e1p th\u00e9p kh\u00f4ng g\u1ec9, d\u00e2y c\u00e1p k\u1ebdm cung c\u1ea5p s\u1ef1 c\u00e2n b\u1eb1ng gi\u1eefa hi\u1ec7u su\u1ea5t v\u00e0 gi\u00e1 c\u1ea3 ph\u1ea3i ch\u0103ng.<\/p>\n<h2 data-section-id=\"13c523q\" data-start=\"3154\" data-end=\"3180\"><span role=\"text\"><strong data-start=\"3157\" data-end=\"3180\">Ti\u00eau chu\u1ea9n &amp; Ch\u1ea5t l\u01b0\u1ee3ng<\/strong><\/span><\/h2>\n<p data-start=\"3182\" data-end=\"3277\">D\u00e2y c\u00e1p k\u1ebdm c\u1ee7a ch\u00fang t\u00f4i \u0111\u01b0\u1ee3c s\u1ea3n xu\u1ea5t theo ti\u00eau chu\u1ea9n qu\u1ed1c t\u1ebf, bao g\u1ed3m:<\/p>\n<ul data-start=\"3278\" data-end=\"3332\">\n<li data-section-id=\"1bu1c4s\" data-start=\"3278\" data-end=\"3292\">GB\/T 20118<\/li>\n<li data-section-id=\"169dxum\" data-start=\"3293\" data-end=\"3306\">GB\/T 8918<\/li>\n<li data-section-id=\"1i0nmy4\" data-start=\"3307\" data-end=\"3332\">JIS G3525 \/ JIS H0401<\/li>\n<\/ul>\n<p data-start=\"3334\" data-end=\"3427\">T\u1ea5t c\u1ea3 s\u1ea3n ph\u1ea9m \u0111\u1ec1u tr\u1ea3i qua ki\u1ec3m tra nghi\u00eam ng\u1eb7t \u0111\u1ec3 \u0111\u1ea3m b\u1ea3o t\u00ednh to\u00e0n v\u1eb9n c\u1ee7a l\u1edbp ph\u1ee7, \u0111\u1ed9 b\u1ec1n v\u00e0 \u0111\u1ed9 b\u1ec1n l\u00e2u d\u00e0i.<\/p>\n<h2 data-section-id=\"k0zlak\" data-start=\"3434\" data-end=\"3453\"><span role=\"text\"><strong data-start=\"3437\" data-end=\"3453\">\u1ee8ng d\u1ee5ng<\/strong><\/span><\/h2>\n<ul data-start=\"3455\" data-end=\"3654\">\n<li data-section-id=\"k89z7d\" data-start=\"3455\" data-end=\"3490\">X\u00e2y d\u1ef1ng v\u00e0 c\u01a1 s\u1edf h\u1ea1 t\u1ea7ng<\/li>\n<li data-section-id=\"1v729p7\" data-start=\"3491\" data-end=\"3526\">C\u00e1c ho\u1ea1t \u0111\u1ed9ng n\u00e2ng v\u00e0 k\u00e9o<\/li>\n<li data-section-id=\"pym0ka\" data-start=\"3527\" data-end=\"3563\">\u1ee8ng d\u1ee5ng h\u00e0ng h\u1ea3i v\u00e0 ngo\u00e0i kh\u01a1i<\/li>\n<li data-section-id=\"1ct221c\" data-start=\"3564\" data-end=\"3589\">Kh\u1ea3o s\u00e1t d\u1ea7u kh\u00ed<\/li>\n<li data-section-id=\"4ocv1n\" data-start=\"3590\" data-end=\"3614\">\u0110\u00e1nh b\u1eaft c\u00e1 v\u00e0 k\u00e9o l\u01b0\u1edbi<\/li>\n<li data-section-id=\"1gksk7t\" data-start=\"3615\" data-end=\"3654\">H\u1ec7 th\u1ed1ng v\u1eadn chuy\u1ec3n v\u00e0 b\u1ea3o \u0111\u1ea3m<\/li>\n<\/ul>\n<h2 data-section-id=\"kxvv1q\" data-start=\"3661\" data-end=\"3694\"><span role=\"text\"><strong data-start=\"3664\" data-end=\"3694\">Kh\u1ea3 n\u0103ng t\u00f9y ch\u1ec9nh<\/strong><\/span><\/h2>\n<p data-start=\"3696\" data-end=\"3755\">Ch\u00fang t\u00f4i cung c\u1ea5p c\u00e1c gi\u1ea3i ph\u00e1p t\u00f9y ch\u1ec9nh d\u1ef1a tr\u00ean y\u00eau c\u1ea7u c\u1ee7a b\u1ea1n:<\/p>\n<ul data-start=\"3756\" data-end=\"3915\">\n<li data-section-id=\"neki49\" data-start=\"3756\" data-end=\"3785\">\u0110\u01b0\u1eddng k\u00ednh v\u00e0 c\u1ea5u tr\u00fac<\/li>\n<li data-section-id=\"9j1apl\" data-start=\"3786\" data-end=\"3812\">\u0110\u1ed9 d\u00e0y l\u1edbp ph\u1ee7 k\u1ebdm<\/li>\n<li data-section-id=\"1jgg1a8\" data-start=\"3813\" data-end=\"3841\">Lo\u1ea1i l\u00f5i (FC, IWRC, PP)<\/li>\n<li data-section-id=\"4d5fwm\" data-start=\"3842\" data-end=\"3877\">Lo\u1ea1i b\u1ec7n (th\u00f4ng th\u01b0\u1eddng, lang, h\u1ed7n h\u1ee3p)<\/li>\n<li data-section-id=\"157b2r9\" data-start=\"3878\" data-end=\"3915\">B\u1ec1 m\u1eb7t ho\u00e0n thi\u1ec7n v\u00e0 c\u1ea5p \u0111\u1ed9 b\u1ec1n<\/li>\n<\/ul>\n<h2 data-section-id=\"1drsmsf\" data-start=\"3922\" data-end=\"3954\"><span role=\"text\"><strong data-start=\"3925\" data-end=\"3954\">Ki\u1ec3m so\u00e1t Ch\u1ea5t l\u01b0\u1ee3ng &amp; Ki\u1ec3m tra<\/strong><\/span><\/h2>\n<p data-start=\"3956\" data-end=\"4004\">M\u1ed7i d\u00e2y c\u00e1p th\u00e9p m\u1ea1 k\u1ebdm \u0111\u1ec1u \u0111\u01b0\u1ee3c ki\u1ec3m tra \u0111\u1ec3 \u0111\u1ea3m b\u1ea3o:<\/p>\n<ul data-start=\"4005\" data-end=\"4145\">\n<li data-section-id=\"i9leeb\" data-start=\"4005\" data-end=\"4047\">L\u1edbp m\u1ea1 k\u1ebdm \u0111\u1ed3ng nh\u1ea5t v\u00e0 b\u00e1m ch\u1eafc<\/li>\n<li data-section-id=\"1hmm5n9\" data-start=\"4048\" data-end=\"4099\">Kh\u00f4ng c\u00f3 hi\u1ec7n t\u01b0\u1ee3ng n\u1ee9t ho\u1eb7c bong tr\u00f3c d\u01b0\u1edbi \u0111i\u1ec1u ki\u1ec7n u\u1ed1n<\/li>\n<li data-section-id=\"bye72l\" data-start=\"4100\" data-end=\"4145\">Hi\u1ec7u su\u1ea5t ch\u1ed1ng \u0103n m\u00f2n \u0111\u00e3 \u0111\u01b0\u1ee3c x\u00e1c minh<\/li>\n<\/ul>\n<h2 data-section-id=\"i5yrmq\" data-start=\"4152\" data-end=\"4177\"><span role=\"text\"><strong data-start=\"4155\" data-end=\"4177\">Giao h\u00e0ng &amp; D\u1ecbch v\u1ee5<\/strong><\/span><\/h2>\n<ul data-start=\"4179\" data-end=\"4312\">\n<li data-section-id=\"1jszyqb\" data-start=\"4179\" data-end=\"4223\">S\u1ea3n ph\u1ea9m ti\u00eau chu\u1ea9n: <strong data-start=\"4200\" data-end=\"4221\">Giao h\u00e0ng trong 1\u20133 ng\u00e0y<\/strong><\/li>\n<li data-section-id=\"1h0ln2x\" data-start=\"4224\" data-end=\"4261\">S\u1ea3n xu\u1ea5t theo y\u00eau c\u1ea7u: <strong data-start=\"4245\" data-end=\"4259\">15\u201330 ng\u00e0y<\/strong><\/li>\n<li data-section-id=\"1i5g750\" data-start=\"4262\" data-end=\"4312\">B\u00e1o gi\u00e1 nhanh v\u00e0 h\u1ed7 tr\u1ee3 k\u1ef9 thu\u1eadt c\u00f3 s\u1eb5n<\/li>\n<\/ul>\n<h2 data-section-id=\"elc90z\" data-start=\"4319\" data-end=\"4329\"><span role=\"text\"><strong data-start=\"4322\" data-end=\"4329\">C\u00e2u h\u1ecfi th\u01b0\u1eddng g\u1eb7p<\/strong><\/span><\/h2>\n<p data-start=\"4331\" data-end=\"4560\"><strong data-start=\"4331\" data-end=\"4422\">Q1: S\u1ef1 kh\u00e1c bi\u1ec7t gi\u1eefa d\u00e2y c\u00e1p m\u1ea1 \u0111i\u1ec7n v\u00e0 d\u00e2y c\u00e1p m\u1ea1 k\u1ebdm nh\u00fang n\u00f3ng l\u00e0 g\u00ec?<\/strong><br data-start=\"4422\" data-end=\"4425\" \/>D\u00e2y c\u00e1p m\u1ea1 \u0111i\u1ec7n c\u00f3 b\u1ec1 m\u1eb7t m\u1ecbn h\u01a1n, trong khi d\u00e2y c\u00e1p m\u1ea1 k\u1ebdm nh\u00fang n\u00f3ng cung c\u1ea5p l\u1edbp m\u1ea1 d\u00e0y h\u01a1n v\u00e0 kh\u1ea3 n\u0103ng ch\u1ed1ng \u0103n m\u00f2n t\u1ed1t h\u01a1n.<\/p>\n<p data-start=\"4562\" data-end=\"4709\"><strong data-start=\"4562\" data-end=\"4627\">Q2: D\u00e2y c\u00e1p m\u1ea1 k\u1ebdm c\u00f3 ph\u00f9 h\u1ee3p cho m\u00f4i tr\u01b0\u1eddng bi\u1ec3n kh\u00f4ng?<\/strong><br data-start=\"4627\" data-end=\"4630\" \/>C\u00f3, \u0111\u1eb7c bi\u1ec7t l\u00e0 c\u00e1c lo\u1ea1i c\u00f3 l\u1edbp m\u1ea1 k\u1ebdm d\u00e0y ho\u1eb7c m\u1ea1 k\u1ebdm nh\u00fang n\u00f3ng \u0111\u01b0\u1ee3c khuy\u1ebfn ngh\u1ecb.<\/p>\n<p data-start=\"4711\" data-end=\"4842\"><strong data-start=\"4711\" data-end=\"4767\">Q3: T\u00f4i c\u00f3 th\u1ec3 t\u00f9y ch\u1ec9nh c\u1ea5u tr\u00fac v\u00e0 \u0111\u1ed9 b\u1ec1n c\u1ee7a d\u00e2y c\u00e1p kh\u00f4ng?<\/strong><br data-start=\"4767\" data-end=\"4770\" \/>C\u00f3, ch\u00fang t\u00f4i cung c\u1ea5p t\u00f9y ch\u1ec9nh ho\u00e0n to\u00e0n d\u1ef1a tr\u00ean y\u00eau c\u1ea7u \u1ee9ng d\u1ee5ng c\u1ee7a b\u1ea1n.<\/p>\n<h2 data-section-id=\"sr9zaj\" data-start=\"4849\" data-end=\"4911\"><span role=\"text\"><strong data-start=\"4852\" data-end=\"4909\">B\u1ea1n \u0111ang t\u00ecm ki\u1ebfm nh\u00e0 cung c\u1ea5p d\u00e2y c\u00e1p m\u1ea1 k\u1ebdm \u0111\u00e1ng tin c\u1eady?<\/strong><\/span><\/h2>\n<p data-start=\"4912\" data-end=\"5028\">Li\u00ean h\u1ec7 v\u1edbi ch\u00fang t\u00f4i h\u00f4m nay \u0111\u1ec3 nh\u1eadn s\u1ea3n ph\u1ea9m ch\u1ea5t l\u01b0\u1ee3ng cao, gi\u00e1 c\u1ea3 c\u1ea1nh tranh v\u00e0 gi\u1ea3i ph\u00e1p t\u00f9y ch\u1ec9nh ph\u00f9 h\u1ee3p v\u1edbi nhu c\u1ea7u c\u1ee7a b\u1ea1n.<\/p>","protected":false},"excerpt":{"rendered":"<p>D\u00e2y c\u00e1p th\u00e9p m\u1ea1 k\u1ebdm \u0111\u01b0\u1ee3c s\u1ea3n xu\u1ea5t b\u1eb1ng c\u00e1ch \u00e1p d\u1ee5ng l\u1edbp ph\u1ee7 k\u1ebdm b\u1ea3o v\u1ec7 l\u00ean d\u00e2y th\u00e9p ch\u1ea5t l\u01b0\u1ee3ng cao th\u00f4ng qua quy tr\u00ecnh m\u1ea1 \u0111i\u1ec7n ho\u1eb7c m\u1ea1 k\u1ebdm nh\u00fang n\u00f3ng. L\u1edbp k\u1ebdm cung c\u1ea5p kh\u1ea3 n\u0103ng ch\u1ed1ng \u0103n m\u00f2n tuy\u1ec7t v\u1eddi, k\u00e9o d\u00e0i \u0111\u00e1ng k\u1ec3 tu\u1ed5i th\u1ecd c\u1ee7a d\u00e2y c\u00e1p trong m\u00f4i tr\u01b0\u1eddng kh\u1eafc nghi\u1ec7t.<\/p>","protected":false},"featured_media":1485,"comment_status":"open","ping_status":"closed","template":"","meta":{"site-sidebar-layout":"default","site-content-layout":"","ast-site-content-layout":"default","site-content-style":"default","site-sidebar-style":"default","ast-global-header-display":"","ast-banner-title-visibility":"","ast-main-header-display":"","ast-hfb-above-header-display":"","ast-hfb-below-header-display":"","ast-hfb-mobile-header-display":"","site-post-title":"","ast-breadcrumbs-content":"","ast-featured-img":"","footer-sml-layout":"","ast-disable-related-posts":"","theme-transparent-header-meta":"default","adv-header-id-meta":"","stick-header-meta":"default","header-above-stick-meta":"","header-main-stick-meta":"","header-below-stick-meta":"","astra-migrate-meta-layouts":"set","ast-page-background-enabled":"default","ast-page-background-meta":{"desktop":{"background-color":"var(--ast-global-color-4)","background-image":"","background-repeat":"repeat","background-position":"center center","background-size":"auto","background-attachment":"scroll","background-type":"","background-media":"","overlay-type":"","overlay-color":"","overlay-opacity":"","overlay-gradient":""},"tablet":{"background-color":"","background-image":"","background-repeat":"repeat","background-position":"center center","background-size":"auto","background-attachment":"scroll","background-type":"","background-media":"","overlay-type":"","overlay-color":"","overlay-opacity":"","overlay-gradient":""},"mobile":{"background-color":"","background-image":"","background-repeat":"repeat","background-position":"center center","background-size":"auto","background-attachment":"scroll","background-type":"","background-media":"","overlay-type":"","overlay-color":"","overlay-opacity":"","overlay-gradient":""}},"ast-content-background-meta":{"desktop":{"background-color":"var(--ast-global-color-5)","background-image":"","background-repeat":"repeat","background-position":"center center","background-size":"auto","background-attachment":"scroll","background-type":"","background-media":"","overlay-type":"","overlay-color":"","overlay-opacity":"","overlay-gradient":""},"tablet":{"background-color":"var(--ast-global-color-5)","background-image":"","background-repeat":"repeat","background-position":"center center","background-size":"auto","background-attachment":"scroll","background-type":"","background-media":"","overlay-type":"","overlay-color":"","overlay-opacity":"","overlay-gradient":""},"mobile":{"background-color":"var(--ast-global-color-5)","background-image":"","background-repeat":"repeat","background-position":"center center","background-size":"auto","background-attachment":"scroll","background-type":"","background-media":"","overlay-type":"","overlay-color":"","overlay-opacity":"","overlay-gradient":""}}},"product_brand":[],"product_cat":[16],"product_tag":[33,45,28,42,40,43,41,32,49,44,35,47,48,27,46],"class_list":{"0":"post-1484","1":"product","2":"type-product","3":"status-publish","4":"has-post-thumbnail","6":"product_cat-wire-rope","7":"product_tag-corrosion-resistant-wire-rope","8":"product_tag-crane-wire-rope","9":"product_tag-custom-wire-rope","10":"product_tag-electro-galvanized-wire-rope","11":"product_tag-galvanized-steel-wire-rope","12":"product_tag-high-strength-wire-rope","13":"product_tag-hot-dip-galvanized-wire-rope","14":"product_tag-industrial-wire-rope","15":"product_tag-iwrc-wire-rope","16":"product_tag-lifting-wire-rope","17":"product_tag-marine-wire-rope","18":"product_tag-steel-cable","19":"product_tag-wire-rope-construction","20":"product_tag-wire-rope-manufacturer","21":"product_tag-wire-rope-supplier","22":"desktop-align-left","23":"tablet-align-left","24":"mobile-align-left","25":"ast-product-gallery-layout-horizontal-slider","26":"ast-product-tabs-layout-horizontal","28":"first","29":"instock","30":"shipping-taxable","31":"product-type-simple"},"_links":{"self":[{"href":"https:\/\/www.precisionwirerope.com\/vi\/wp-json\/wp\/v2\/product\/1484","targetHints":{"allow":["GET"]}}],"collection":[{"href":"https:\/\/www.precisionwirerope.com\/vi\/wp-json\/wp\/v2\/product"}],"about":[{"href":"https:\/\/www.precisionwirerope.com\/vi\/wp-json\/wp\/v2\/types\/product"}],"replies":[{"embeddable":true,"href":"https:\/\/www.precisionwirerope.com\/vi\/wp-json\/wp\/v2\/comments?post=1484"}],"wp:featuredmedia":[{"embeddable":true,"href":"https:\/\/www.precisionwirerope.com\/vi\/wp-json\/wp\/v2\/media\/1485"}],"wp:attachment":[{"href":"https:\/\/www.precisionwirerope.com\/vi\/wp-json\/wp\/v2\/media?parent=1484"}],"wp:term":[{"taxonomy":"product_brand","embeddable":true,"href":"https:\/\/www.precisionwirerope.com\/vi\/wp-json\/wp\/v2\/product_brand?post=1484"},{"taxonomy":"product_cat","embeddable":true,"href":"https:\/\/www.precisionwirerope.com\/vi\/wp-json\/wp\/v2\/product_cat?post=1484"},{"taxonomy":"product_tag","embeddable":true,"href":"https:\/\/www.precisionwirerope.com\/vi\/wp-json\/wp\/v2\/product_tag?post=1484"}],"curies":[{"name":"wp","href":"https:\/\/api.w.org\/{rel}","templated":true}]}}