{"id":1479,"date":"2026-03-22T02:02:09","date_gmt":"2026-03-22T02:02:09","guid":{"rendered":"https:\/\/www.precisionwirerope.com\/?post_type=product&#038;p=1479"},"modified":"2026-03-22T02:09:59","modified_gmt":"2026-03-22T02:09:59","slug":"pvc-coated-steel-wire-rope-manufacturer-custom-plastic-coated-wire-rope-solutions","status":"publish","type":"product","link":"https:\/\/www.precisionwirerope.com\/vi\/product\/pvc-coated-steel-wire-rope-manufacturer-custom-plastic-coated-wire-rope-solutions\/","title":{"rendered":"Nh\u00e0 s\u1ea3n xu\u1ea5t d\u00e2y c\u00e1p th\u00e9p m\u1ea1 PVC | Gi\u1ea3i ph\u00e1p d\u00e2y c\u00e1p th\u00e9p m\u1ea1 nh\u1ef1a t\u00f9y ch\u1ec9nh"},"content":{"rendered":"<p data-start=\"186\" data-end=\"512\">D\u00e2y c\u00e1p th\u00e9p ph\u1ee7 nh\u1ef1a \u0111\u01b0\u1ee3c s\u1ea3n xu\u1ea5t b\u1eb1ng c\u00e1ch \u00e1p d\u1ee5ng m\u1ed9t l\u1edbp ph\u1ee7 polymer b\u1ec1n l\u00ean d\u00e2y c\u00e1p th\u00e9p ch\u1ea5t l\u01b0\u1ee3ng cao, bao g\u1ed3m l\u00f5i m\u1ea1 k\u1ebdm, th\u00e9p kh\u00f4ng g\u1ec9 ho\u1eb7c l\u00f5i s\u00e1ng (\u0111\u01b0\u1ee3c b\u00f4i d\u1ea7u). L\u1edbp ngo\u00e0i n\u00e0y t\u0103ng c\u01b0\u1eddng kh\u1ea3 n\u0103ng ch\u1ed1ng \u0103n m\u00f2n, m\u00e0i m\u00f2n v\u00e0 ti\u1ebfp x\u00fac v\u1edbi m\u00f4i tr\u01b0\u1eddng, c\u1ea3i thi\u1ec7n \u0111\u00e1ng k\u1ec3 tu\u1ed5i th\u1ecd v\u00e0 hi\u1ec7u su\u1ea5t.<\/p>\n<p data-start=\"514\" data-end=\"693\">T\u1ea1i D\u00e2y c\u00e1p ch\u00ednh x\u00e1c, ch\u00fang t\u00f4i cung c\u1ea5p m\u1ed9t lo\u1ea1t c\u00e1c gi\u1ea3i ph\u00e1p d\u00e2y c\u00e1p ph\u1ee7 s\u1eed d\u1ee5ng c\u00e1c v\u1eadt li\u1ec7u nh\u01b0 PVC, PE, PU v\u00e0 nylon, ph\u00f9 h\u1ee3p cho c\u1ea3 \u1ee9ng d\u1ee5ng c\u00f4ng nghi\u1ec7p v\u00e0 ngo\u00e0i tr\u1eddi.<\/p>\n<h2 data-section-id=\"1lut59q\" data-start=\"700\" data-end=\"728\"><span role=\"text\"><strong data-start=\"703\" data-end=\"728\">C\u1ea5u tr\u00fac &amp; V\u1eadt li\u1ec7u<\/strong><\/span><\/h2>\n<h3 data-section-id=\"gruvid\" data-start=\"730\" data-end=\"752\"><span role=\"text\"><strong data-start=\"734\" data-end=\"752\">V\u1eadt li\u1ec7u l\u00f5i<\/strong><\/span><\/h3>\n<ul data-start=\"753\" data-end=\"930\">\n<li data-section-id=\"1c6ktf0\" data-start=\"753\" data-end=\"821\">Th\u00e9p kh\u00f4ng g\u1ec9 (304, 316, 316L) \u2013 kh\u1ea3 n\u0103ng ch\u1ed1ng \u0103n m\u00f2n v\u01b0\u1ee3t tr\u1ed9i<\/li>\n<li data-section-id=\"11la092\" data-start=\"822\" data-end=\"880\">Th\u00e9p m\u1ea1 k\u1ebdm \u2013 b\u1ea3o v\u1ec7 ch\u1ed1ng g\u1ec9 hi\u1ec7u qu\u1ea3 v\u1ec1 chi ph\u00ed<\/li>\n<li data-section-id=\"97mmxw\" data-start=\"881\" data-end=\"930\">Th\u00e9p s\u00e1ng \/ B\u00f4i d\u1ea7u \u2013 s\u1eed d\u1ee5ng c\u00f4ng nghi\u1ec7p chung<\/li>\n<\/ul>\n<h3 data-section-id=\"bi5xpj\" data-start=\"937\" data-end=\"962\"><span role=\"text\"><strong data-start=\"941\" data-end=\"962\">V\u1eadt li\u1ec7u ph\u1ee7<\/strong><\/span><\/h3>\n<ul data-start=\"963\" data-end=\"1124\">\n<li data-section-id=\"932mci\" data-start=\"963\" data-end=\"996\">PVC \u2013 linh ho\u1ea1t v\u00e0 kinh t\u1ebf<\/li>\n<li data-section-id=\"hwzyei\" data-start=\"997\" data-end=\"1030\">PE \u2013 kh\u1ea3 n\u0103ng ch\u1ed1ng h\u00f3a ch\u1ea5t t\u1ed1t<\/li>\n<li data-section-id=\"icmeb6\" data-start=\"1031\" data-end=\"1069\">PU \u2013 kh\u1ea3 n\u0103ng ch\u1ed1ng m\u00e0i m\u00f2n xu\u1ea5t s\u1eafc<\/li>\n<li data-section-id=\"7rekcw\" data-start=\"1070\" data-end=\"1124\">Nylon \u2013 \u0111\u1ed9 b\u1ec1n v\u01b0\u1ee3t tr\u1ed9i v\u00e0 kh\u1ea3 n\u0103ng ch\u1ed1ng m\u1ecfi<\/li>\n<\/ul>\n<p data-start=\"1126\" data-end=\"1201\">C\u00e1c v\u1eadt li\u1ec7u ph\u1ee7 t\u00f9y ch\u1ec9nh nh\u01b0 PTFE v\u00e0 epoxy c\u00f3 s\u1eb5n theo y\u00eau c\u1ea7u.<\/p>\n<h3 data-section-id=\"1qyaowq\" data-start=\"1208\" data-end=\"1242\"><span role=\"text\"><strong data-start=\"1212\" data-end=\"1242\">C\u1ea5u tr\u00fac d\u00e2y \u0111i\u1ec3n h\u00ecnh<\/strong><\/span><\/h3>\n<ul data-start=\"1243\" data-end=\"1318\">\n<li data-section-id=\"1d8ze2j\" data-start=\"1243\" data-end=\"1256\">1\u00d77, 1\u00d719<\/li>\n<li data-section-id=\"1gi7oer\" data-start=\"1257\" data-end=\"1276\">7\u00d77, 7\u00d719, 7\u00d737<\/li>\n<li data-section-id=\"1ceibga\" data-start=\"1277\" data-end=\"1303\">6\u00d77, 6\u00d719, 6\u00d719 + IWRC<\/li>\n<li data-section-id=\"196kycp\" data-start=\"1304\" data-end=\"1318\">6\u00d736, 6W19<\/li>\n<\/ul>\n<h2 data-section-id=\"id1bjs\" data-start=\"1325\" data-end=\"1356\"><span role=\"text\"><strong data-start=\"1328\" data-end=\"1356\">Th\u00f4ng s\u1ed1 k\u1ef9 thu\u1eadt<\/strong><\/span><\/h2>\n<div class=\"TyagGW_tableContainer\">\n<div class=\"group TyagGW_tableWrapper flex flex-col-reverse w-fit\" tabindex=\"-1\">\n<table class=\"w-fit min-w-(--thread-content-width)\" data-start=\"1358\" data-end=\"2158\">\n<thead data-start=\"1358\" data-end=\"1474\">\n<tr data-start=\"1358\" data-end=\"1474\">\n<th class=\"\" data-start=\"1358\" data-end=\"1379\" data-col-size=\"sm\">\u0110\u01b0\u1eddng k\u00ednh d\u00e2y (mm)<\/th>\n<th class=\"\" data-start=\"1379\" data-end=\"1394\" data-col-size=\"sm\">C\u1ea5u tr\u00fac<\/th>\n<th class=\"\" data-start=\"1394\" data-end=\"1406\" data-col-size=\"sm\">Lo\u1ea1i l\u00f5i<\/th>\n<th class=\"\" data-start=\"1406\" data-end=\"1425\" data-col-size=\"sm\">V\u1eadt li\u1ec7u ph\u1ee7<\/th>\n<th class=\"\" data-start=\"1425\" data-end=\"1448\" data-col-size=\"sm\">\u0110\u01b0\u1eddng k\u00ednh \u0111\u00e3 ph\u1ee7 (mm)<\/th>\n<th class=\"\" data-start=\"1448\" data-end=\"1474\" data-col-size=\"sm\">\u0110\u1ed9 b\u1ec1n k\u00e9o (kN)<\/th>\n<\/tr>\n<\/thead>\n<tbody data-start=\"1589\" data-end=\"2158\">\n<tr data-start=\"1589\" data-end=\"1702\">\n<td data-start=\"1589\" data-end=\"1610\" data-col-size=\"sm\">1.5 \u2013 2.0<\/td>\n<td data-start=\"1610\" data-end=\"1623\" data-col-size=\"sm\">1\u00d77 \/ 1\u00d719<\/td>\n<td data-start=\"1623\" data-end=\"1634\" data-col-size=\"sm\">Th\u00e9p<\/td>\n<td data-start=\"1634\" data-end=\"1653\" data-col-size=\"sm\">PVC \/ PE<\/td>\n<td data-start=\"1653\" data-end=\"1676\" data-col-size=\"sm\">2,0 \u2013 3,0<\/td>\n<td data-start=\"1676\" data-end=\"1702\" data-col-size=\"sm\">1.2 \u2013 3.5<\/td>\n<\/tr>\n<tr data-start=\"1703\" data-end=\"1816\">\n<td data-start=\"1703\" data-end=\"1724\" data-col-size=\"sm\">2.0 \u2013 4.0<\/td>\n<td data-col-size=\"sm\" data-start=\"1724\" data-end=\"1737\">7\u00d77<\/td>\n<td data-col-size=\"sm\" data-start=\"1737\" data-end=\"1748\">FC \/ IWRC<\/td>\n<td data-col-size=\"sm\" data-start=\"1748\" data-end=\"1767\">PVC \/ PU<\/td>\n<td data-col-size=\"sm\" data-start=\"1767\" data-end=\"1790\">3.0 \u2013 5.5<\/td>\n<td data-col-size=\"sm\" data-start=\"1790\" data-end=\"1816\">3.0 \u2013 10.0<\/td>\n<\/tr>\n<tr data-start=\"1817\" data-end=\"1930\">\n<td data-start=\"1817\" data-end=\"1838\" data-col-size=\"sm\">3.0 \u2013 6.0<\/td>\n<td data-start=\"1838\" data-end=\"1851\" data-col-size=\"sm\">7\u00d719<\/td>\n<td data-col-size=\"sm\" data-start=\"1851\" data-end=\"1862\">FC \/ IWRC<\/td>\n<td data-col-size=\"sm\" data-start=\"1862\" data-end=\"1881\">PVC \/ Nylon<\/td>\n<td data-col-size=\"sm\" data-start=\"1881\" data-end=\"1904\">4.0 \u2013 8.0<\/td>\n<td data-col-size=\"sm\" data-start=\"1904\" data-end=\"1930\">8.0 \u2013 25.0<\/td>\n<\/tr>\n<tr data-start=\"1931\" data-end=\"2044\">\n<td data-start=\"1931\" data-end=\"1952\" data-col-size=\"sm\">6.0 \u2013 10.0<\/td>\n<td data-col-size=\"sm\" data-start=\"1952\" data-end=\"1965\">6\u00d719<\/td>\n<td data-col-size=\"sm\" data-start=\"1965\" data-end=\"1976\">IWRC<\/td>\n<td data-col-size=\"sm\" data-start=\"1976\" data-end=\"1995\">PVC \/ PU<\/td>\n<td data-col-size=\"sm\" data-start=\"1995\" data-end=\"2018\">7.0 \u2013 12.0<\/td>\n<td data-col-size=\"sm\" data-start=\"2018\" data-end=\"2044\">20.0 \u2013 60.0<\/td>\n<\/tr>\n<tr data-start=\"2045\" data-end=\"2158\">\n<td data-start=\"2045\" data-end=\"2066\" data-col-size=\"sm\">10.0 \u2013 16.0<\/td>\n<td data-col-size=\"sm\" data-start=\"2066\" data-end=\"2079\">6\u00d736<\/td>\n<td data-col-size=\"sm\" data-start=\"2079\" data-end=\"2090\">IWRC<\/td>\n<td data-col-size=\"sm\" data-start=\"2090\" data-end=\"2109\">PVC \/ PE<\/td>\n<td data-col-size=\"sm\" data-start=\"2109\" data-end=\"2132\">12.0 \u2013 18.0<\/td>\n<td data-col-size=\"sm\" data-start=\"2132\" data-end=\"2158\">50.0 \u2013 150.0<\/td>\n<\/tr>\n<\/tbody>\n<\/table>\n<\/div>\n<\/div>\n<blockquote data-start=\"2160\" data-end=\"2233\">\n<p data-start=\"2162\" data-end=\"2233\"><em data-start=\"2162\" data-end=\"2233\">L\u01b0u \u00fd: Th\u00f4ng s\u1ed1 k\u1ef9 thu\u1eadt c\u00f3 th\u1ec3 \u0111\u01b0\u1ee3c t\u00f9y ch\u1ec9nh d\u1ef1a tr\u00ean y\u00eau c\u1ea7u c\u1ee7a d\u1ef1 \u00e1n.<\/em><\/p>\n<\/blockquote>\n<h2 data-section-id=\"dfn86d\" data-start=\"2240\" data-end=\"2269\"><span role=\"text\"><strong data-start=\"2243\" data-end=\"2269\">\u01afu \u0111i\u1ec3m hi\u1ec7u su\u1ea5t<\/strong><\/span><\/h2>\n<h3 data-section-id=\"rj61ag\" data-start=\"2271\" data-end=\"2310\"><span role=\"text\"><strong data-start=\"2275\" data-end=\"2308\">Kh\u1ea3 n\u0103ng ch\u1ed1ng \u0103n m\u00f2n v\u01b0\u1ee3t tr\u1ed9i<\/strong><\/span><\/h3>\n<p data-start=\"2311\" data-end=\"2478\">L\u1edbp ph\u1ee7 b\u1ea3o v\u1ec7 th\u00e9p kh\u1ecfi \u0111\u1ed9 \u1ea9m, h\u00f3a ch\u1ea5t v\u00e0 m\u00f4i tr\u01b0\u1eddng bi\u1ec3n, k\u00e9o d\u00e0i tu\u1ed5i th\u1ecd l\u00ean \u0111\u1ebfn <strong data-start=\"2422\" data-end=\"2435\">3\u20135 l\u1ea7n<\/strong> so v\u1edbi d\u00e2y c\u00e1p th\u00e9p m\u1ea1 k\u1ebdm ti\u00eau chu\u1ea9n.<\/p>\n<h3 data-section-id=\"10vrs96\" data-start=\"2480\" data-end=\"2514\"><span role=\"text\"><strong data-start=\"2484\" data-end=\"2512\">Kh\u1ea3 n\u0103ng ch\u1ed1ng m\u00e0i m\u00f2n \u0111\u01b0\u1ee3c c\u1ea3i thi\u1ec7n<\/strong><\/span><\/h3>\n<p data-start=\"2515\" data-end=\"2586\">Gi\u1ea3m ma s\u00e1t gi\u1eefa c\u00e1c d\u00e2y c\u1ea3i thi\u1ec7n \u0111\u1ed9 b\u1ec1n d\u01b0\u1edbi t\u1ea3i \u0111\u1ed9ng.<\/p>\n<h3 data-section-id=\"1oncnnb\" data-start=\"2588\" data-end=\"2627\"><span role=\"text\"><strong data-start=\"2592\" data-end=\"2625\">Hi\u1ec7u su\u1ea5t m\u1ec7t m\u1ecfi xu\u1ea5t s\u1eafc<\/strong><\/span><\/h3>\n<p data-start=\"2628\" data-end=\"2723\">D\u00e2y c\u00e1p \u0111\u01b0\u1ee3c ph\u1ee7 c\u00f3 th\u1ec3 \u0111\u1ea1t \u0111\u01b0\u1ee3c l\u00ean \u0111\u1ebfn <strong data-start=\"2664\" data-end=\"2690\">2\u00d7 tu\u1ed5i th\u1ecd m\u1ec7t m\u1ecfi l\u00e2u h\u01a1n<\/strong>, \u0111\u1eb7c bi\u1ec7t v\u1edbi l\u1edbp ph\u1ee7 nylon.<\/p>\n<h3 data-section-id=\"1veegyp\" data-start=\"2725\" data-end=\"2754\"><span role=\"text\"><strong data-start=\"2729\" data-end=\"2752\">Kh\u1ea3 n\u0103ng ch\u1ed1ng h\u00f3a ch\u1ea5t<\/strong><\/span><\/h3>\n<p data-start=\"2755\" data-end=\"2847\">Ch\u1ed1ng l\u1ea1i axit, ki\u1ec1m, d\u1ea7u v\u00e0 dung m\u00f4i, ph\u00f9 h\u1ee3p cho m\u00f4i tr\u01b0\u1eddng c\u00f4ng nghi\u1ec7p kh\u1eafc nghi\u1ec7t.<\/p>\n<hr data-start=\"2849\" data-end=\"2852\" \/>\n<h2 data-section-id=\"k0zlak\" data-start=\"2854\" data-end=\"2873\"><span role=\"text\"><strong data-start=\"2857\" data-end=\"2873\">\u1ee8ng d\u1ee5ng<\/strong><\/span><\/h2>\n<ul data-start=\"2875\" data-end=\"3086\">\n<li data-section-id=\"1g77fm3\" data-start=\"2875\" data-end=\"2907\">H\u1ec7 th\u1ed1ng n\u00e2ng v\u00e0 k\u00e9o<\/li>\n<li data-section-id=\"16bujyt\" data-start=\"2908\" data-end=\"2942\">Ho\u1ea1t \u0111\u1ed9ng tr\u00ean bi\u1ec3n v\u00e0 ngo\u00e0i kh\u01a1i<\/li>\n<li data-section-id=\"1wm6orh\" data-start=\"2943\" data-end=\"2982\">Thi\u1ebft b\u1ecb khai th\u00e1c v\u00e0 v\u1eadn chuy\u1ec3n<\/li>\n<li data-section-id=\"4ocv1n\" data-start=\"2983\" data-end=\"3007\">\u0110\u00e1nh b\u1eaft c\u00e1 v\u00e0 k\u00e9o l\u01b0\u1edbi<\/li>\n<li data-section-id=\"z4msnb\" data-start=\"3008\" data-end=\"3048\">C\u00e1p an to\u00e0n v\u00e0 h\u1ec7 th\u1ed1ng ch\u1ed1ng tr\u1ed9m<\/li>\n<li data-section-id=\"ipjmta\" data-start=\"3049\" data-end=\"3086\">\u1ee8ng d\u1ee5ng ki\u1ebfn tr\u00fac v\u00e0 trang tr\u00ed<\/li>\n<\/ul>\n<h2 data-section-id=\"kxvv1q\" data-start=\"3093\" data-end=\"3126\"><span role=\"text\"><strong data-start=\"3096\" data-end=\"3126\">Kh\u1ea3 n\u0103ng t\u00f9y ch\u1ec9nh<\/strong><\/span><\/h2>\n<p data-start=\"3128\" data-end=\"3185\">Ch\u00fang t\u00f4i cung c\u1ea5p t\u00f9y ch\u1ec9nh ho\u00e0n to\u00e0n d\u1ef1a tr\u00ean y\u00eau c\u1ea7u c\u1ee7a b\u1ea1n:<\/p>\n<ul data-start=\"3186\" data-end=\"3358\">\n<li data-section-id=\"x5pf81\" data-start=\"3186\" data-end=\"3212\">\u0110\u01b0\u1eddng k\u00ednh v\u00e0 c\u1ea5u tr\u00fac<\/li>\n<li data-section-id=\"j5pc7b\" data-start=\"3213\" data-end=\"3247\">V\u1eadt li\u1ec7u v\u00e0 \u0111\u1ed9 d\u00e0y l\u1edbp ph\u1ee7<\/li>\n<li data-section-id=\"epre32\" data-start=\"3248\" data-end=\"3285\">M\u00e0u s\u1eafc (trong su\u1ed1t ho\u1eb7c t\u00f9y ch\u1ec9nh)<\/li>\n<li data-section-id=\"yalb2g\" data-start=\"3286\" data-end=\"3317\">Ph\u1ee5 ki\u1ec7n v\u00e0 l\u1eafp r\u00e1p<\/li>\n<li data-section-id=\"lru5e\" data-start=\"3318\" data-end=\"3358\">C\u1ea5p \u0111\u1ed9 b\u1ec1n v\u00e0 x\u1eed l\u00fd b\u1ec1 m\u1eb7t<\/li>\n<\/ul>\n<h2 data-section-id=\"lk0893\" data-start=\"3365\" data-end=\"3389\"><span role=\"text\"><strong data-start=\"3368\" data-end=\"3389\">\u0110\u1ea3m b\u1ea3o ch\u1ea5t l\u01b0\u1ee3ng<\/strong><\/span><\/h2>\n<p data-start=\"3391\" data-end=\"3606\">T\u1ea5t c\u1ea3 s\u1ea3n ph\u1ea9m \u0111\u01b0\u1ee3c s\u1ea3n xu\u1ea5t d\u01b0\u1edbi quy tr\u00ecnh ki\u1ec3m so\u00e1t ch\u1ea5t l\u01b0\u1ee3ng nghi\u00eam ng\u1eb7t v\u00e0 \u0111\u01b0\u1ee3c ki\u1ec3m tra v\u1ec1 \u0111\u1ed9 b\u1ec1n, \u0111\u1ed9 b\u1ec1n v\u00e0 hi\u1ec7u su\u1ea5t. Ch\u00fang t\u00f4i \u0111\u1ea3m b\u1ea3o tu\u00e2n th\u1ee7 c\u00e1c ti\u00eau chu\u1ea9n qu\u1ed1c t\u1ebf \u0111\u1ec3 s\u1eed d\u1ee5ng \u0111\u00e1ng tin c\u1eady trong c\u00e1c \u1ee9ng d\u1ee5ng quan tr\u1ecdng.<\/p>\n<h2 data-section-id=\"i5yrmq\" data-start=\"3613\" data-end=\"3638\"><span role=\"text\"><strong data-start=\"3616\" data-end=\"3638\">Giao h\u00e0ng &amp; D\u1ecbch v\u1ee5<\/strong><\/span><\/h2>\n<ul data-start=\"3640\" data-end=\"3771\">\n<li data-section-id=\"1jszyqb\" data-start=\"3640\" data-end=\"3684\">S\u1ea3n ph\u1ea9m ti\u00eau chu\u1ea9n: <strong data-start=\"3661\" data-end=\"3682\">Giao h\u00e0ng trong 1\u20133 ng\u00e0y<\/strong><\/li>\n<li data-section-id=\"1yk6teq\" data-start=\"3685\" data-end=\"3720\">S\u1ea3n ph\u1ea9m t\u00f9y ch\u1ec9nh: <strong data-start=\"3704\" data-end=\"3718\">15\u201330 ng\u00e0y<\/strong><\/li>\n<li data-section-id=\"1i5g750\" data-start=\"3721\" data-end=\"3771\">B\u00e1o gi\u00e1 nhanh v\u00e0 h\u1ed7 tr\u1ee3 k\u1ef9 thu\u1eadt c\u00f3 s\u1eb5n<\/li>\n<\/ul>\n<h2 data-section-id=\"elc90z\" data-start=\"3778\" data-end=\"3788\"><span role=\"text\"><strong data-start=\"3781\" data-end=\"3788\">C\u00e2u h\u1ecfi th\u01b0\u1eddng g\u1eb7p<\/strong><\/span><\/h2>\n<p data-start=\"3790\" data-end=\"3955\"><strong data-start=\"3790\" data-end=\"3848\">Q1: S\u1ef1 kh\u00e1c bi\u1ec7t gi\u1eefa l\u1edbp ph\u1ee7 PVC v\u00e0 PU l\u00e0 g\u00ec?<\/strong><br data-start=\"3848\" data-end=\"3851\" \/>PVC kinh t\u1ebf h\u01a1n v\u00e0 linh ho\u1ea1t h\u01a1n, trong khi PU cung c\u1ea5p kh\u1ea3 n\u0103ng ch\u1ed1ng m\u00e0i m\u00f2n t\u1ed1t h\u01a1n v\u00e0 tu\u1ed5i th\u1ecd d\u00e0i h\u01a1n.<\/p>\n<p data-start=\"3957\" data-end=\"4104\"><strong data-start=\"3957\" data-end=\"4009\">Q2: T\u00f4i c\u00f3 th\u1ec3 t\u00f9y ch\u1ec9nh \u0111\u01b0\u1eddng k\u00ednh v\u00e0 m\u00e0u s\u1eafc c\u1ee7a d\u00e2y kh\u00f4ng?<\/strong><br data-start=\"4009\" data-end=\"4012\" \/>C\u00f3, ch\u00fang t\u00f4i cung c\u1ea5p t\u00f9y ch\u1ec9nh ho\u00e0n to\u00e0n bao g\u1ed3m \u0111\u01b0\u1eddng k\u00ednh, \u0111\u1ed9 d\u00e0y l\u1edbp ph\u1ee7 v\u00e0 t\u00f9y ch\u1ecdn m\u00e0u s\u1eafc.<\/p>\n<p data-start=\"4106\" data-end=\"4274\"><strong data-start=\"4106\" data-end=\"4167\">Q3: D\u00e2y c\u00e1p c\u00f3 l\u1edbp ph\u1ee7 c\u00f3 ph\u00f9 h\u1ee3p v\u1edbi m\u00f4i tr\u01b0\u1eddng bi\u1ec3n kh\u00f4ng?<\/strong><br data-start=\"4167\" data-end=\"4170\" \/>C\u00f3, \u0111\u1eb7c bi\u1ec7t khi s\u1eed d\u1ee5ng l\u00f5i th\u00e9p kh\u00f4ng g\u1ec9 v\u1edbi l\u1edbp ph\u1ee7 PE ho\u1eb7c PU \u0111\u1ec3 t\u0103ng c\u01b0\u1eddng kh\u1ea3 n\u0103ng ch\u1ed1ng \u0103n m\u00f2n.<\/p>\n<h2 data-section-id=\"qj60tn\" data-start=\"4281\" data-end=\"4322\"><span role=\"text\"><strong data-start=\"4284\" data-end=\"4320\">B\u1ea1n \u0111ang t\u00ecm ki\u1ebfm m\u1ed9t nh\u00e0 cung c\u1ea5p \u0111\u00e1ng tin c\u1eady?<\/strong><\/span><\/h2>\n<p data-start=\"4323\" data-end=\"4467\">Ch\u00fang t\u00f4i cung c\u1ea5p gi\u1ea3i ph\u00e1p d\u00e2y c\u00e1p c\u00f3 l\u1edbp ph\u1ee7 nh\u1ef1a hi\u1ec7u su\u1ea5t cao \u0111\u01b0\u1ee3c thi\u1ebft k\u1ebf ph\u00f9 h\u1ee3p v\u1edbi nhu c\u1ea7u c\u1ee7a b\u1ea1n. Li\u00ean h\u1ec7 v\u1edbi ch\u00fang t\u00f4i h\u00f4m nay \u0111\u1ec3 nh\u1eadn b\u00e1o gi\u00e1 nhanh v\u00e0 h\u1ed7 tr\u1ee3 chuy\u00ean gia.<\/p>","protected":false},"excerpt":{"rendered":"<p>D\u00e2y c\u00e1p th\u00e9p ph\u1ee7 nh\u1ef1a \u0111\u01b0\u1ee3c s\u1ea3n xu\u1ea5t b\u1eb1ng c\u00e1ch \u00e1p d\u1ee5ng m\u1ed9t l\u1edbp ph\u1ee7 polymer b\u1ec1n l\u00ean d\u00e2y c\u00e1p th\u00e9p ch\u1ea5t l\u01b0\u1ee3ng cao, bao g\u1ed3m l\u00f5i m\u1ea1 k\u1ebdm, th\u00e9p kh\u00f4ng g\u1ec9 ho\u1eb7c l\u00f5i s\u00e1ng (\u0111\u01b0\u1ee3c b\u00f4i d\u1ea7u). L\u1edbp ngo\u00e0i n\u00e0y t\u0103ng c\u01b0\u1eddng kh\u1ea3 n\u0103ng ch\u1ed1ng \u0103n m\u00f2n, m\u00e0i m\u00f2n v\u00e0 ti\u1ebfp x\u00fac v\u1edbi m\u00f4i tr\u01b0\u1eddng, c\u1ea3i thi\u1ec7n \u0111\u00e1ng k\u1ec3 tu\u1ed5i th\u1ecd v\u00e0 hi\u1ec7u su\u1ea5t.<\/p>","protected":false},"featured_media":1481,"comment_status":"open","ping_status":"closed","template":"","meta":{"site-sidebar-layout":"default","site-content-layout":"","ast-site-content-layout":"default","site-content-style":"default","site-sidebar-style":"default","ast-global-header-display":"","ast-banner-title-visibility":"","ast-main-header-display":"","ast-hfb-above-header-display":"","ast-hfb-below-header-display":"","ast-hfb-mobile-header-display":"","site-post-title":"","ast-breadcrumbs-content":"","ast-featured-img":"","footer-sml-layout":"","ast-disable-related-posts":"","theme-transparent-header-meta":"default","adv-header-id-meta":"","stick-header-meta":"default","header-above-stick-meta":"","header-main-stick-meta":"","header-below-stick-meta":"","astra-migrate-meta-layouts":"set","ast-page-background-enabled":"default","ast-page-background-meta":{"desktop":{"background-color":"var(--ast-global-color-4)","background-image":"","background-repeat":"repeat","background-position":"center center","background-size":"auto","background-attachment":"scroll","background-type":"","background-media":"","overlay-type":"","overlay-color":"","overlay-opacity":"","overlay-gradient":""},"tablet":{"background-color":"","background-image":"","background-repeat":"repeat","background-position":"center center","background-size":"auto","background-attachment":"scroll","background-type":"","background-media":"","overlay-type":"","overlay-color":"","overlay-opacity":"","overlay-gradient":""},"mobile":{"background-color":"","background-image":"","background-repeat":"repeat","background-position":"center center","background-size":"auto","background-attachment":"scroll","background-type":"","background-media":"","overlay-type":"","overlay-color":"","overlay-opacity":"","overlay-gradient":""}},"ast-content-background-meta":{"desktop":{"background-color":"var(--ast-global-color-5)","background-image":"","background-repeat":"repeat","background-position":"center center","background-size":"auto","background-attachment":"scroll","background-type":"","background-media":"","overlay-type":"","overlay-color":"","overlay-opacity":"","overlay-gradient":""},"tablet":{"background-color":"var(--ast-global-color-5)","background-image":"","background-repeat":"repeat","background-position":"center center","background-size":"auto","background-attachment":"scroll","background-type":"","background-media":"","overlay-type":"","overlay-color":"","overlay-opacity":"","overlay-gradient":""},"mobile":{"background-color":"var(--ast-global-color-5)","background-image":"","background-repeat":"repeat","background-position":"center center","background-size":"auto","background-attachment":"scroll","background-type":"","background-media":"","overlay-type":"","overlay-color":"","overlay-opacity":"","overlay-gradient":""}}},"product_brand":[],"product_cat":[16],"product_tag":[34,25,33,28,39,29,36,32,37,35,24,22,26,20,23,21,38,30,31,27],"class_list":{"0":"post-1479","1":"product","2":"type-product","3":"status-publish","4":"has-post-thumbnail","6":"product_cat-wire-rope","7":"product_tag-abrasion-resistant-cable","8":"product_tag-coated-steel-cable","9":"product_tag-corrosion-resistant-wire-rope","10":"product_tag-custom-wire-rope","11":"product_tag-decorative-wire-rope","12":"product_tag-galvanized-coated-wire-rope","13":"product_tag-hoisting-wire-rope","14":"product_tag-industrial-wire-rope","15":"product_tag-lifting-cable","16":"product_tag-marine-wire-rope","17":"product_tag-nylon-coated-wire-rope","18":"product_tag-pe-coated-steel-wire-rope","19":"product_tag-plastic-coated-cable","20":"product_tag-plastic-coated-wire-rope","21":"product_tag-pu-coated-wire-rope","22":"product_tag-pvc-coated-wire-rope","23":"product_tag-safety-cable","24":"product_tag-stainless-steel-coated-wire-rope","25":"product_tag-wire-rope-assemblies","26":"product_tag-wire-rope-manufacturer","27":"desktop-align-left","28":"tablet-align-left","29":"mobile-align-left","30":"ast-product-gallery-layout-horizontal-slider","31":"ast-product-tabs-layout-horizontal","33":"first","34":"instock","35":"shipping-taxable","36":"product-type-simple"},"_links":{"self":[{"href":"https:\/\/www.precisionwirerope.com\/vi\/wp-json\/wp\/v2\/product\/1479","targetHints":{"allow":["GET"]}}],"collection":[{"href":"https:\/\/www.precisionwirerope.com\/vi\/wp-json\/wp\/v2\/product"}],"about":[{"href":"https:\/\/www.precisionwirerope.com\/vi\/wp-json\/wp\/v2\/types\/product"}],"replies":[{"embeddable":true,"href":"https:\/\/www.precisionwirerope.com\/vi\/wp-json\/wp\/v2\/comments?post=1479"}],"wp:featuredmedia":[{"embeddable":true,"href":"https:\/\/www.precisionwirerope.com\/vi\/wp-json\/wp\/v2\/media\/1481"}],"wp:attachment":[{"href":"https:\/\/www.precisionwirerope.com\/vi\/wp-json\/wp\/v2\/media?parent=1479"}],"wp:term":[{"taxonomy":"product_brand","embeddable":true,"href":"https:\/\/www.precisionwirerope.com\/vi\/wp-json\/wp\/v2\/product_brand?post=1479"},{"taxonomy":"product_cat","embeddable":true,"href":"https:\/\/www.precisionwirerope.com\/vi\/wp-json\/wp\/v2\/product_cat?post=1479"},{"taxonomy":"product_tag","embeddable":true,"href":"https:\/\/www.precisionwirerope.com\/vi\/wp-json\/wp\/v2\/product_tag?post=1479"}],"curies":[{"name":"wp","href":"https:\/\/api.w.org\/{rel}","templated":true}]}}