{"id":1492,"date":"2026-03-22T02:52:03","date_gmt":"2026-03-22T02:52:03","guid":{"rendered":"https:\/\/www.precisionwirerope.com\/?post_type=product&#038;p=1492"},"modified":"2026-03-22T03:00:04","modified_gmt":"2026-03-22T03:00:04","slug":"304-stainless-steel-wire-rope-corrosion-resistant-industrial-cable-for-marine-lifting-and-construction-applications","status":"publish","type":"product","link":"https:\/\/www.precisionwirerope.com\/tr\/product\/304-stainless-steel-wire-rope-corrosion-resistant-industrial-cable-for-marine-lifting-and-construction-applications\/","title":{"rendered":"304 Paslanmaz \u00c7elik Tel Halat \u2013 Deniz, kald\u0131rma ve in\u015faat uygulamalar\u0131 i\u00e7in korozyona dayan\u0131kl\u0131 end\u00fcstriyel kablo"},"content":{"rendered":"<h3 data-section-id=\"e9m2df\" data-start=\"99\" data-end=\"148\"><span role=\"text\"><strong data-start=\"103\" data-end=\"148\">1. 304 Paslanmaz \u00c7elik Halat Nedir?<\/strong><\/span><\/h3>\n<p data-start=\"150\" data-end=\"453\">304 paslanmaz \u00e7elik halat, m\u00fckemmel korozyon direnci ve \u015fekillendirilebilirli\u011fi ile bilinen yayg\u0131n olarak kullan\u0131lan austenitik paslanmaz \u00e7elik s\u0131n\u0131f\u0131ndan yap\u0131lm\u0131\u015ft\u0131r. Yakla\u015f\u0131k 18% krom ve 8% nikel i\u00e7erir, genellikle 18\/8 paslanmaz \u00e7elik olarak adland\u0131r\u0131l\u0131r (ASTM, AISI 304'e e\u015fde\u011fer, GB standard\u0131: 06Cr19Ni10).<\/p>\n<p data-start=\"455\" data-end=\"645\">Dengeli mekanik ve kimyasal \u00f6zellikleri sayesinde, 304 paslanmaz \u00e7elik halat, end\u00fcstriyel, deniz ve mimari uygulamalar aras\u0131nda en yayg\u0131n kullan\u0131lan malzemelerden biridir.<\/p>\n<h3 data-section-id=\"g2a40k\" data-start=\"652\" data-end=\"677\"><span role=\"text\"><strong data-start=\"656\" data-end=\"677\">2. Teknik \u00d6zellikler<\/strong><\/span><\/h3>\n<p data-start=\"679\" data-end=\"749\">304 paslanmaz \u00e7elik halatlar geni\u015f bir boyut yelpazesinde mevcuttur:<\/p>\n<ul data-start=\"751\" data-end=\"918\">\n<li data-section-id=\"1bd1ls\" data-start=\"751\" data-end=\"790\"><strong data-start=\"753\" data-end=\"772\">\u00c7ap Aral\u0131\u011f\u0131:<\/strong> 0.03 mm \u2013 40 mm<\/li>\n<li data-section-id=\"82rtig\" data-start=\"791\" data-end=\"868\"><strong data-start=\"793\" data-end=\"813\">Y\u00fczey Se\u00e7enekleri:<\/strong> Parlak, kaplamal\u0131 (PVC\/naylon), galvanizli \u00e7ekirdek iste\u011fe ba\u011fl\u0131<\/li>\n<li data-section-id=\"187wep6\" data-start=\"869\" data-end=\"918\"><strong data-start=\"871\" data-end=\"894\">Yap\u0131 T\u00fcrleri:<\/strong> Esnek veya s\u0131k\u0131\u015ft\u0131r\u0131lm\u0131\u015f<\/li>\n<\/ul>\n<h3 data-section-id=\"nroqjc\" data-start=\"925\" data-end=\"956\"><span role=\"text\"><strong data-start=\"929\" data-end=\"956\">3. Yayg\u0131n Yap\u0131lar<\/strong><\/span><\/h3>\n<p data-start=\"958\" data-end=\"1050\">Farkl\u0131 dayan\u0131kl\u0131l\u0131k ve esneklik gereksinimlerini kar\u015f\u0131lamak i\u00e7in \u00e7e\u015fitli yap\u0131lar sunuyoruz:<\/p>\n<ul data-start=\"1052\" data-end=\"1127\">\n<li data-section-id=\"15ak4k9\" data-start=\"1052\" data-end=\"1059\">1\u00d77<\/li>\n<li data-section-id=\"d3f806\" data-start=\"1060\" data-end=\"1068\">1\u00d719<\/li>\n<li data-section-id=\"15gmdy6\" data-start=\"1069\" data-end=\"1076\">6\u00d77<\/li>\n<li data-section-id=\"15ha9lr\" data-start=\"1077\" data-end=\"1084\">7\u00d77<\/li>\n<li data-section-id=\"j94lmo\" data-start=\"1085\" data-end=\"1093\">7\u00d719<\/li>\n<li data-section-id=\"j96dho\" data-start=\"1094\" data-end=\"1102\">7\u00d737<\/li>\n<li data-section-id=\"in8mqp\" data-start=\"1103\" data-end=\"1111\">6\u00d719<\/li>\n<li data-section-id=\"glai79\" data-start=\"1112\" data-end=\"1127\">6\u00d719 + IWRC<\/li>\n<\/ul>\n<p data-start=\"1129\" data-end=\"1174\">\ud83d\udc49 En yayg\u0131n kullan\u0131lan: <strong data-start=\"1150\" data-end=\"1174\">1\u00d77, 1\u00d719, 7\u00d77, 7\u00d719<\/strong><\/p>\n<h3 data-section-id=\"6wf81s\" data-start=\"1181\" data-end=\"1212\"><span role=\"text\"><strong data-start=\"1185\" data-end=\"1212\">4. Kimyasal Bile\u015fim<\/strong><\/span><\/h3>\n<div class=\"TyagGW_tableContainer\">\n<div class=\"group TyagGW_tableWrapper flex flex-col-reverse w-fit\" tabindex=\"-1\">\n<table class=\"w-fit min-w-(--thread-content-width)\" data-start=\"1214\" data-end=\"1453\">\n<thead data-start=\"1214\" data-end=\"1239\">\n<tr data-start=\"1214\" data-end=\"1239\">\n<th class=\"\" data-start=\"1214\" data-end=\"1224\" data-col-size=\"sm\">Element<\/th>\n<th class=\"\" data-start=\"1224\" data-end=\"1239\" data-col-size=\"sm\">\u0130\u00e7erik (%)<\/th>\n<\/tr>\n<\/thead>\n<tbody data-start=\"1264\" data-end=\"1453\">\n<tr data-start=\"1264\" data-end=\"1287\">\n<td data-start=\"1264\" data-end=\"1277\" data-col-size=\"sm\">Karbon (C)<\/td>\n<td data-start=\"1277\" data-end=\"1287\" data-col-size=\"sm\">\u2264 0.07<\/td>\n<\/tr>\n<tr data-start=\"1288\" data-end=\"1312\">\n<td data-start=\"1288\" data-end=\"1303\" data-col-size=\"sm\">Silikon (Si)<\/td>\n<td data-start=\"1303\" data-end=\"1312\" data-col-size=\"sm\">\u2264 1.0<\/td>\n<\/tr>\n<tr data-start=\"1313\" data-end=\"1339\">\n<td data-start=\"1313\" data-end=\"1330\" data-col-size=\"sm\">Manganez (Mn)<\/td>\n<td data-start=\"1330\" data-end=\"1339\" data-col-size=\"sm\">\u2264 2.0<\/td>\n<\/tr>\n<tr data-start=\"1340\" data-end=\"1371\">\n<td data-start=\"1340\" data-end=\"1356\" data-col-size=\"sm\">Krom (Cr)<\/td>\n<td data-start=\"1356\" data-end=\"1371\" data-col-size=\"sm\">17.0 \u2013 19.0<\/td>\n<\/tr>\n<tr data-start=\"1372\" data-end=\"1400\">\n<td data-start=\"1372\" data-end=\"1386\" data-col-size=\"sm\">Nikel (Ni)<\/td>\n<td data-start=\"1386\" data-end=\"1400\" data-col-size=\"sm\">8.0 \u2013 11.0<\/td>\n<\/tr>\n<tr data-start=\"1401\" data-end=\"1424\">\n<td data-start=\"1401\" data-end=\"1414\" data-col-size=\"sm\">K\u00fck\u00fcrt (S)<\/td>\n<td data-start=\"1414\" data-end=\"1424\" data-col-size=\"sm\">\u2264 0.03<\/td>\n<\/tr>\n<tr data-start=\"1425\" data-end=\"1453\">\n<td data-start=\"1425\" data-end=\"1442\" data-col-size=\"sm\">Fosfor (P)<\/td>\n<td data-start=\"1442\" data-end=\"1453\" data-col-size=\"sm\">\u2264 0.035<\/td>\n<\/tr>\n<\/tbody>\n<\/table>\n<\/div>\n<\/div>\n<h3 data-section-id=\"giwx50\" data-start=\"1460\" data-end=\"1503\"><span role=\"text\"><strong data-start=\"1464\" data-end=\"1503\">5. Mekanik &amp; Fiziksel \u00d6zellikler<\/strong><\/span><\/h3>\n<div class=\"TyagGW_tableContainer\">\n<div class=\"group TyagGW_tableWrapper flex flex-col-reverse w-fit\" tabindex=\"-1\">\n<table class=\"w-fit min-w-(--thread-content-width)\" data-start=\"1505\" data-end=\"1767\">\n<thead data-start=\"1505\" data-end=\"1525\">\n<tr data-start=\"1505\" data-end=\"1525\">\n<th class=\"\" data-start=\"1505\" data-end=\"1516\" data-col-size=\"sm\">\u00d6zellik<\/th>\n<th class=\"\" data-start=\"1516\" data-end=\"1525\" data-col-size=\"sm\">De\u011fer<\/th>\n<\/tr>\n<\/thead>\n<tbody data-start=\"1545\" data-end=\"1767\">\n<tr data-start=\"1545\" data-end=\"1575\">\n<td data-start=\"1545\" data-end=\"1562\" data-col-size=\"sm\">Akma Dayan\u0131m\u0131<\/td>\n<td data-start=\"1562\" data-end=\"1575\" data-col-size=\"sm\">\u2265 205 MPa<\/td>\n<\/tr>\n<tr data-start=\"1576\" data-end=\"1608\">\n<td data-start=\"1576\" data-end=\"1595\" data-col-size=\"sm\">\u00c7ekme Dayan\u0131m\u0131<\/td>\n<td data-start=\"1595\" data-end=\"1608\" data-col-size=\"sm\">\u2265 520 MPa<\/td>\n<\/tr>\n<tr data-start=\"1609\" data-end=\"1631\">\n<td data-start=\"1609\" data-end=\"1622\" data-col-size=\"sm\">Uzama<\/td>\n<td data-start=\"1622\" data-end=\"1631\" data-col-size=\"sm\">\u2265 40%<\/td>\n<\/tr>\n<tr data-start=\"1632\" data-end=\"1666\">\n<td data-start=\"1632\" data-end=\"1643\" data-col-size=\"sm\">Sertlik<\/td>\n<td data-start=\"1643\" data-end=\"1666\" data-col-size=\"sm\">HB \u2264 187 \/ HRB \u2264 90<\/td>\n<\/tr>\n<tr data-start=\"1667\" data-end=\"1691\">\n<td data-start=\"1667\" data-end=\"1677\" data-col-size=\"sm\">Yo\u011funluk<\/td>\n<td data-start=\"1677\" data-end=\"1691\" data-col-size=\"sm\">7.93 g\/cm\u00b3<\/td>\n<\/tr>\n<tr data-start=\"1692\" data-end=\"1725\">\n<td data-start=\"1692\" data-end=\"1708\" data-col-size=\"sm\">Erime Noktas\u0131<\/td>\n<td data-col-size=\"sm\" data-start=\"1708\" data-end=\"1725\">1398 \u2013 1420\u00b0C<\/td>\n<\/tr>\n<tr data-start=\"1726\" data-end=\"1767\">\n<td data-start=\"1726\" data-end=\"1751\" data-col-size=\"sm\">Elektriksel Diren\u00e7<\/td>\n<td data-start=\"1751\" data-end=\"1767\" data-col-size=\"sm\">0.73 \u03a9\u00b7mm\u00b2\/m<\/td>\n<\/tr>\n<\/tbody>\n<\/table>\n<\/div>\n<\/div>\n<hr data-start=\"1769\" data-end=\"1772\" \/>\n<h3 data-section-id=\"1wy15uy\" data-start=\"1774\" data-end=\"1860\"><span role=\"text\"><strong data-start=\"1778\" data-end=\"1860\">6. Neden 304 Paslanmaz \u00c7elik Halat M\u00fckemmel Korozyon Direncine Sahip?<\/strong><\/span><\/h3>\n<p data-start=\"1862\" data-end=\"2119\">304 paslanmaz \u00e7eli\u011fin korozyon direnci, krom i\u00e7eri\u011finden gelir. Krom, havadaki oksijenle reaksiyona girerek y\u00fczeyde ince, stabil bir krom oksit tabakas\u0131 olu\u015fturur. Bu pasif film, malzemeyi daha fazla oksidasyondan ve korozyondan korur.<\/p>\n<p data-start=\"2121\" data-end=\"2355\">Nikel, korozyon direncini daha da art\u0131r\u0131r ve dayan\u0131kl\u0131l\u0131\u011f\u0131 ile s\u00fcneklik sa\u011flar. Uzun s\u00fcreli korozyon direncini korumak i\u00e7in uluslararas\u0131 standartlar en az 12% krom i\u00e7eri\u011fi gerektirir - 304 paslanmaz \u00e7elik bu gereksinimi a\u015far.<\/p>\n<h3 data-section-id=\"1sfd7bq\" data-start=\"2362\" data-end=\"2385\"><span role=\"text\"><strong data-start=\"2366\" data-end=\"2385\">7. Uygulamalar<\/strong><\/span><\/h3>\n<p data-start=\"2387\" data-end=\"2495\">304 paslanmaz \u00e7elik halat, hem dayan\u0131kl\u0131l\u0131k hem de korozyon direnci gerektiren end\u00fcstrilerde yayg\u0131n olarak kullan\u0131lmaktad\u0131r:<\/p>\n<ul data-start=\"2497\" data-end=\"2812\">\n<li data-section-id=\"193oore\" data-start=\"2497\" data-end=\"2537\"><strong data-start=\"2499\" data-end=\"2535\">Deniz ve a\u00e7\u0131k deniz uygulamalar\u0131<\/strong><\/li>\n<li data-section-id=\"1yr4t7d\" data-start=\"2538\" data-end=\"2583\"><strong data-start=\"2540\" data-end=\"2581\">\u0130n\u015faat ve mimari kablolar<\/strong><\/li>\n<li data-section-id=\"1j4mhl\" data-start=\"2584\" data-end=\"2619\"><strong data-start=\"2586\" data-end=\"2617\">Kald\u0131rma ve rigging sistemleri<\/strong><\/li>\n<li data-section-id=\"zc5czv\" data-start=\"2620\" data-end=\"2653\"><strong data-start=\"2622\" data-end=\"2651\">G\u0131da i\u015fleme ekipmanlar\u0131<\/strong><\/li>\n<li data-section-id=\"11qr8sq\" data-start=\"2654\" data-end=\"2695\"><strong data-start=\"2656\" data-end=\"2693\">Kimyasal ve end\u00fcstriyel ekipmanlar<\/strong><\/li>\n<li data-section-id=\"y437tx\" data-start=\"2696\" data-end=\"2732\"><strong data-start=\"2698\" data-end=\"2730\">G\u00fcvenlik kablolar\u0131 ve korkuluklar<\/strong><\/li>\n<li data-section-id=\"1s0prrr\" data-start=\"2733\" data-end=\"2773\"><strong data-start=\"2735\" data-end=\"2771\">Bal\u0131k avlama ipleri ve kontrol kablolar\u0131<\/strong><\/li>\n<li data-section-id=\"2f7dfh\" data-start=\"2774\" data-end=\"2812\"><strong data-start=\"2776\" data-end=\"2810\">Asans\u00f6rler ve kald\u0131rma sistemleri<\/strong><\/li>\n<\/ul>\n<p data-start=\"2814\" data-end=\"2905\">Ayr\u0131ca, dayan\u0131kl\u0131l\u0131\u011f\u0131 ve g\u00fcvenli\u011fi art\u0131rmak i\u00e7in kaplamal\u0131 formlarda (PVC veya naylon) yayg\u0131n olarak kullan\u0131lmaktad\u0131r.<\/p>\n<h3 data-section-id=\"auvml\" data-start=\"2912\" data-end=\"2944\"><span role=\"text\"><strong data-start=\"2916\" data-end=\"2944\">8. \u00d6zelle\u015ftirme Se\u00e7enekleri<\/strong><\/span><\/h3>\n<p data-start=\"2946\" data-end=\"3023\">Belirli proje gereksinimlerinizi kar\u015f\u0131lamak i\u00e7in esnek \u00f6zelle\u015ftirme sa\u011fl\u0131yoruz:<\/p>\n<ul data-start=\"3025\" data-end=\"3233\">\n<li data-section-id=\"19z3taj\" data-start=\"3025\" data-end=\"3055\">\u00d6zel \u00e7ap ve uzunluk<\/li>\n<li data-section-id=\"eau3kn\" data-start=\"3056\" data-end=\"3102\">Farkl\u0131 yap\u0131lar ve ip tasar\u0131mlar\u0131<\/li>\n<li data-section-id=\"1pvcvte\" data-start=\"3103\" data-end=\"3153\">PVC \/ Naylon kaplama (\u00e7e\u015fitli renkler mevcut)<\/li>\n<li data-section-id=\"17qulmx\" data-start=\"3154\" data-end=\"3194\">\u00d6nceden kesilmi\u015f ve monte edilmi\u015f tel halat kitleri<\/li>\n<li data-section-id=\"1ifnabl\" data-start=\"3195\" data-end=\"3233\">\u00d6zel ambalaj ve OEM markalama<\/li>\n<\/ul>\n<h3 data-section-id=\"ohslnw\" data-start=\"3240\" data-end=\"3264\"><span role=\"text\"><strong data-start=\"3244\" data-end=\"3264\">9. Neden Bizi Se\u00e7melisiniz<\/strong><\/span><\/h3>\n<ul data-start=\"3266\" data-end=\"3476\">\n<li data-section-id=\"5vc80a\" data-start=\"3266\" data-end=\"3318\">S\u0131k\u0131 kalite kontrol ve malzeme izlenebilirli\u011fi<\/li>\n<li data-section-id=\"c2t962\" data-start=\"3319\" data-end=\"3355\">Geni\u015f envanter ve h\u0131zl\u0131 teslimat<\/li>\n<li data-section-id=\"1lar1hp\" data-start=\"3356\" data-end=\"3386\">\u00d6zel m\u00fchendislik deste\u011fi<\/li>\n<li data-section-id=\"18yrkc1\" data-start=\"3387\" data-end=\"3426\">Toplu sipari\u015fler i\u00e7in rekabet\u00e7i fiyatland\u0131rma<\/li>\n<li data-section-id=\"1gdzeup\" data-start=\"3427\" data-end=\"3476\">End\u00fcstriyel uygulamalar i\u00e7in g\u00fcvenilir tedarik\u00e7i<\/li>\n<\/ul>","protected":false},"excerpt":{"rendered":"<p>304 paslanmaz \u00e7elik halat, m\u00fckemmel korozyon direnci ve \u015fekillendirilebilirli\u011fi ile bilinen yayg\u0131n olarak kullan\u0131lan austenitik paslanmaz \u00e7elik s\u0131n\u0131f\u0131ndan yap\u0131lm\u0131\u015ft\u0131r. Yakla\u015f\u0131k 18% krom ve 8% nikel i\u00e7erir, genellikle 18\/8 paslanmaz \u00e7elik olarak adland\u0131r\u0131l\u0131r (ASTM, AISI 304'e e\u015fde\u011fer, GB standard\u0131: 06Cr19Ni10).<\/p>","protected":false},"featured_media":1493,"comment_status":"open","ping_status":"closed","template":"","meta":{"site-sidebar-layout":"default","site-content-layout":"","ast-site-content-layout":"default","site-content-style":"default","site-sidebar-style":"default","ast-global-header-display":"","ast-banner-title-visibility":"","ast-main-header-display":"","ast-hfb-above-header-display":"","ast-hfb-below-header-display":"","ast-hfb-mobile-header-display":"","site-post-title":"","ast-breadcrumbs-content":"","ast-featured-img":"","footer-sml-layout":"","ast-disable-related-posts":"","theme-transparent-header-meta":"default","adv-header-id-meta":"","stick-header-meta":"default","header-above-stick-meta":"","header-main-stick-meta":"","header-below-stick-meta":"","astra-migrate-meta-layouts":"set","ast-page-background-enabled":"default","ast-page-background-meta":{"desktop":{"background-color":"var(--ast-global-color-4)","background-image":"","background-repeat":"repeat","background-position":"center center","background-size":"auto","background-attachment":"scroll","background-type":"","background-media":"","overlay-type":"","overlay-color":"","overlay-opacity":"","overlay-gradient":""},"tablet":{"background-color":"","background-image":"","background-repeat":"repeat","background-position":"center center","background-size":"auto","background-attachment":"scroll","background-type":"","background-media":"","overlay-type":"","overlay-color":"","overlay-opacity":"","overlay-gradient":""},"mobile":{"background-color":"","background-image":"","background-repeat":"repeat","background-position":"center center","background-size":"auto","background-attachment":"scroll","background-type":"","background-media":"","overlay-type":"","overlay-color":"","overlay-opacity":"","overlay-gradient":""}},"ast-content-background-meta":{"desktop":{"background-color":"var(--ast-global-color-5)","background-image":"","background-repeat":"repeat","background-position":"center center","background-size":"auto","background-attachment":"scroll","background-type":"","background-media":"","overlay-type":"","overlay-color":"","overlay-opacity":"","overlay-gradient":""},"tablet":{"background-color":"var(--ast-global-color-5)","background-image":"","background-repeat":"repeat","background-position":"center center","background-size":"auto","background-attachment":"scroll","background-type":"","background-media":"","overlay-type":"","overlay-color":"","overlay-opacity":"","overlay-gradient":""},"mobile":{"background-color":"var(--ast-global-color-5)","background-image":"","background-repeat":"repeat","background-position":"center center","background-size":"auto","background-attachment":"scroll","background-type":"","background-media":"","overlay-type":"","overlay-color":"","overlay-opacity":"","overlay-gradient":""}}},"product_brand":[],"product_cat":[16],"product_tag":[55,57,59,33,63,43,32,44,35,61,60,56,58,62,27],"class_list":{"0":"post-1492","1":"product","2":"type-product","3":"status-publish","4":"has-post-thumbnail","6":"product_cat-wire-rope","7":"product_tag-304-stainless-steel-wire-rope","8":"product_tag-7x19-wire-rope","9":"product_tag-coated-wire-rope","10":"product_tag-corrosion-resistant-wire-rope","11":"product_tag-flexible-wire-rope","12":"product_tag-high-strength-wire-rope","13":"product_tag-industrial-wire-rope","14":"product_tag-lifting-wire-rope","15":"product_tag-marine-wire-rope","16":"product_tag-nylon-coated-cable","17":"product_tag-pvc-wire-rope","18":"product_tag-stainless-steel-cable","19":"product_tag-stainless-steel-cable-supplier","20":"product_tag-stainless-steel-rigging-cable","21":"product_tag-wire-rope-manufacturer","22":"desktop-align-left","23":"tablet-align-left","24":"mobile-align-left","25":"ast-product-gallery-layout-horizontal-slider","26":"ast-product-tabs-layout-horizontal","28":"first","29":"instock","30":"shipping-taxable","31":"product-type-simple"},"_links":{"self":[{"href":"https:\/\/www.precisionwirerope.com\/tr\/wp-json\/wp\/v2\/product\/1492","targetHints":{"allow":["GET"]}}],"collection":[{"href":"https:\/\/www.precisionwirerope.com\/tr\/wp-json\/wp\/v2\/product"}],"about":[{"href":"https:\/\/www.precisionwirerope.com\/tr\/wp-json\/wp\/v2\/types\/product"}],"replies":[{"embeddable":true,"href":"https:\/\/www.precisionwirerope.com\/tr\/wp-json\/wp\/v2\/comments?post=1492"}],"wp:featuredmedia":[{"embeddable":true,"href":"https:\/\/www.precisionwirerope.com\/tr\/wp-json\/wp\/v2\/media\/1493"}],"wp:attachment":[{"href":"https:\/\/www.precisionwirerope.com\/tr\/wp-json\/wp\/v2\/media?parent=1492"}],"wp:term":[{"taxonomy":"product_brand","embeddable":true,"href":"https:\/\/www.precisionwirerope.com\/tr\/wp-json\/wp\/v2\/product_brand?post=1492"},{"taxonomy":"product_cat","embeddable":true,"href":"https:\/\/www.precisionwirerope.com\/tr\/wp-json\/wp\/v2\/product_cat?post=1492"},{"taxonomy":"product_tag","embeddable":true,"href":"https:\/\/www.precisionwirerope.com\/tr\/wp-json\/wp\/v2\/product_tag?post=1492"}],"curies":[{"name":"wp","href":"https:\/\/api.w.org\/{rel}","templated":true}]}}