{"id":1484,"date":"2026-03-22T02:16:35","date_gmt":"2026-03-22T02:16:35","guid":{"rendered":"https:\/\/www.precisionwirerope.com\/?post_type=product&#038;p=1484"},"modified":"2026-03-22T02:32:48","modified_gmt":"2026-03-22T02:32:48","slug":"galvanized-steel-wire-rope-manufacturer-high-strength-corrosion-resistant-wire-rope","status":"publish","type":"product","link":"https:\/\/www.precisionwirerope.com\/tr\/product\/galvanized-steel-wire-rope-manufacturer-high-strength-corrosion-resistant-wire-rope\/","title":{"rendered":"Galvanizli \u00c7elik Tel Halat \u00dcreticisi | Y\u00fcksek Dayan\u0131kl\u0131l\u0131k &amp; Korozyona Dayan\u0131kl\u0131 Tel Halat"},"content":{"rendered":"<p data-start=\"191\" data-end=\"493\">Galvanizli \u00e7elik tel halat, y\u00fcksek kaliteli \u00e7elik tele koruyucu bir \u00e7inko kaplama uygulayarak elektro-galvanizleme veya s\u0131cak dald\u0131rma galvanizleme s\u00fcre\u00e7leriyle \u00fcretilir. \u00c7inko tabakas\u0131 m\u00fckemmel korozyon direnci sa\u011flar ve tel halat\u0131n zorlu ortamlardaki hizmet \u00f6mr\u00fcn\u00fc \u00f6nemli \u00f6l\u00e7\u00fcde uzat\u0131r.<\/p>\n<p data-start=\"495\" data-end=\"684\">Hassas Tel Halat'ta, end\u00fcstriyel, deniz ve in\u015faat uygulamalar\u0131 i\u00e7in dayan\u0131kl\u0131l\u0131k, sa\u011flaml\u0131k ve g\u00fcvenilir performans i\u00e7in tasarlanm\u0131\u015f geni\u015f bir galvanizli tel halat yelpazesi sunuyoruz.<\/p>\n<h2 data-section-id=\"1lut59q\" data-start=\"691\" data-end=\"719\"><span role=\"text\"><strong data-start=\"694\" data-end=\"719\">Yap\u0131 &amp; Malzemeler<\/strong><\/span><\/h2>\n<h3 data-section-id=\"jyvvzq\" data-start=\"721\" data-end=\"739\"><span role=\"text\"><strong data-start=\"725\" data-end=\"739\">\u00c7ekirdek T\u00fcrleri<\/strong><\/span><\/h3>\n<ul data-start=\"740\" data-end=\"967\">\n<li data-section-id=\"1r7s64y\" data-start=\"740\" data-end=\"809\"><strong data-start=\"742\" data-end=\"761\">Lif \u00c7ekirdek (FC)<\/strong> \u2013 esnek, genel uygulamalar i\u00e7in uygun<\/li>\n<li data-section-id=\"14dylu4\" data-start=\"810\" data-end=\"887\"><strong data-start=\"812\" data-end=\"849\">Ba\u011f\u0131ms\u0131z Tel Halat \u00c7ekirde\u011fi (IWRC)<\/strong> \u2013 daha y\u00fcksek dayan\u0131kl\u0131l\u0131k ve y\u00fck kapasitesi<\/li>\n<li data-section-id=\"6wwgba\" data-start=\"888\" data-end=\"967\"><strong data-start=\"890\" data-end=\"917\">Polipropilen \u00c7ekirdek (PP)<\/strong> \u2013 nem ve korozyona kar\u015f\u0131 geli\u015ftirilmi\u015f diren\u00e7<\/li>\n<\/ul>\n<h3 data-section-id=\"8bzjbh\" data-start=\"974\" data-end=\"999\"><span role=\"text\"><strong data-start=\"978\" data-end=\"999\">Galvanizleme T\u00fcrleri<\/strong><\/span><\/h3>\n<ul data-start=\"1000\" data-end=\"1157\">\n<li data-section-id=\"ucwl68\" data-start=\"1000\" data-end=\"1076\"><strong data-start=\"1002\" data-end=\"1024\">Elektro-Galvanizli<\/strong> \u2013 p\u00fcr\u00fczs\u00fcz y\u00fczey, homojen kaplama, maliyet etkin<\/li>\n<li data-section-id=\"1lmfcxi\" data-start=\"1077\" data-end=\"1157\"><strong data-start=\"1079\" data-end=\"1101\">S\u0131cak Dald\u0131rma Galvanizli<\/strong> \u2013 daha kal\u0131n \u00e7inko kaplama, \u00fcst\u00fcn korozyon direnci<\/li>\n<\/ul>\n<h3 data-section-id=\"3hc9yf\" data-start=\"1164\" data-end=\"1191\"><span role=\"text\"><strong data-start=\"1168\" data-end=\"1191\">\u00c7inko Kaplama S\u0131n\u0131flar\u0131<\/strong><\/span><\/h3>\n<ul data-start=\"1192\" data-end=\"1359\">\n<li data-section-id=\"61tcd\" data-start=\"1192\" data-end=\"1233\">Hafif kaplama \u2013 hafif ortamlar i\u00e7in<\/li>\n<li data-section-id=\"1hx6bct\" data-start=\"1234\" data-end=\"1288\">Orta kaplama \u2013 orta korozyon ko\u015fullar\u0131 i\u00e7in<\/li>\n<li data-section-id=\"15fq2vp\" data-start=\"1289\" data-end=\"1359\">A\u011f\u0131r kaplama \u2013 \u015fiddetli ortamlar i\u00e7in (deniz, a\u00e7\u0131k deniz, madencilik)<\/li>\n<\/ul>\n<h3 data-section-id=\"1qyaowq\" data-start=\"1366\" data-end=\"1400\"><span role=\"text\"><strong data-start=\"1370\" data-end=\"1400\">Tipik \u0130p Yap\u0131lar\u0131<\/strong><\/span><\/h3>\n<ul data-start=\"1401\" data-end=\"1476\">\n<li data-section-id=\"1d8ze2j\" data-start=\"1401\" data-end=\"1414\">1\u00d77, 1\u00d719<\/li>\n<li data-section-id=\"1ceibga\" data-start=\"1415\" data-end=\"1441\">6\u00d77, 6\u00d719, 6\u00d719 + IWRC<\/li>\n<li data-section-id=\"1gi7oer\" data-start=\"1442\" data-end=\"1461\">7\u00d77, 7\u00d719, 7\u00d737<\/li>\n<li data-section-id=\"196kycp\" data-start=\"1462\" data-end=\"1476\">6\u00d736, 6W19<\/li>\n<\/ul>\n<h3 data-section-id=\"w9aop\" data-start=\"1483\" data-end=\"1500\"><span role=\"text\"><strong data-start=\"1487\" data-end=\"1500\">D\u00f6\u015feme T\u00fcrleri<\/strong><\/span><\/h3>\n<ul data-start=\"1501\" data-end=\"1583\">\n<li data-section-id=\"a6ftli\" data-start=\"1501\" data-end=\"1530\">Normal D\u00f6\u015feme (RHRL \/ LHRL)<\/li>\n<li data-section-id=\"hxog5k\" data-start=\"1531\" data-end=\"1557\">Uzun D\u00f6\u015feme (RHLL \/ LHLL)<\/li>\n<li data-section-id=\"po698e\" data-start=\"1558\" data-end=\"1583\">Alternatif \/ Kar\u0131\u015f\u0131k D\u00f6\u015feme<\/li>\n<\/ul>\n<h2 data-section-id=\"id1bjs\" data-start=\"1590\" data-end=\"1621\"><span role=\"text\"><strong data-start=\"1593\" data-end=\"1621\">Teknik \u00d6zellikler<\/strong><\/span><\/h2>\n<div class=\"TyagGW_tableContainer\">\n<div class=\"group TyagGW_tableWrapper flex flex-col-reverse w-fit\" tabindex=\"-1\">\n<table class=\"w-fit min-w-(--thread-content-width)\" data-start=\"1623\" data-end=\"2384\">\n<thead data-start=\"1623\" data-end=\"1732\">\n<tr data-start=\"1623\" data-end=\"1732\">\n<th class=\"\" data-start=\"1623\" data-end=\"1644\" data-col-size=\"sm\">\u0130p \u00c7ap\u0131 (mm)<\/th>\n<th class=\"\" data-start=\"1644\" data-end=\"1659\" data-col-size=\"sm\">Yap\u0131<\/th>\n<th class=\"\" data-start=\"1659\" data-end=\"1671\" data-col-size=\"sm\">\u00c7ekirdek T\u00fcr\u00fc<\/th>\n<th class=\"\" data-start=\"1671\" data-end=\"1681\" data-col-size=\"sm\">Y\u00fczey<\/th>\n<th class=\"\" data-start=\"1681\" data-end=\"1706\" data-col-size=\"sm\">\u00c7ekme Dayan\u0131m\u0131 (MPa)<\/th>\n<th class=\"\" data-start=\"1706\" data-end=\"1732\" data-col-size=\"sm\">Kopma Dayan\u0131m\u0131 (kN)<\/th>\n<\/tr>\n<\/thead>\n<tbody data-start=\"1840\" data-end=\"2384\">\n<tr data-start=\"1840\" data-end=\"1948\">\n<td data-start=\"1840\" data-end=\"1861\" data-col-size=\"sm\">1.0 \u2013 2.0<\/td>\n<td data-col-size=\"sm\" data-start=\"1861\" data-end=\"1874\">1\u00d77 \/ 1\u00d719<\/td>\n<td data-col-size=\"sm\" data-start=\"1874\" data-end=\"1885\">\u00c7elik<\/td>\n<td data-col-size=\"sm\" data-start=\"1885\" data-end=\"1898\">Galvanizli<\/td>\n<td data-col-size=\"sm\" data-start=\"1898\" data-end=\"1922\">1570 \u2013 1770<\/td>\n<td data-col-size=\"sm\" data-start=\"1922\" data-end=\"1948\">0.8 \u2013 3.0<\/td>\n<\/tr>\n<tr data-start=\"1949\" data-end=\"2057\">\n<td data-start=\"1949\" data-end=\"1970\" data-col-size=\"sm\">2.0 \u2013 4.0<\/td>\n<td data-col-size=\"sm\" data-start=\"1970\" data-end=\"1983\">7\u00d77<\/td>\n<td data-col-size=\"sm\" data-start=\"1983\" data-end=\"1994\">FC \/ IWRC<\/td>\n<td data-col-size=\"sm\" data-start=\"1994\" data-end=\"2007\">Galvanizli<\/td>\n<td data-col-size=\"sm\" data-start=\"2007\" data-end=\"2031\">1570 \u2013 1960<\/td>\n<td data-col-size=\"sm\" data-start=\"2031\" data-end=\"2057\">3.0 \u2013 12.0<\/td>\n<\/tr>\n<tr data-start=\"2058\" data-end=\"2166\">\n<td data-start=\"2058\" data-end=\"2079\" data-col-size=\"sm\">3.0 \u2013 6.0<\/td>\n<td data-col-size=\"sm\" data-start=\"2079\" data-end=\"2092\">7\u00d719<\/td>\n<td data-col-size=\"sm\" data-start=\"2092\" data-end=\"2103\">FC \/ IWRC<\/td>\n<td data-col-size=\"sm\" data-start=\"2103\" data-end=\"2116\">Galvanizli<\/td>\n<td data-col-size=\"sm\" data-start=\"2116\" data-end=\"2140\">1570 \u2013 1960<\/td>\n<td data-col-size=\"sm\" data-start=\"2140\" data-end=\"2166\">10.0 \u2013 30.0<\/td>\n<\/tr>\n<tr data-start=\"2167\" data-end=\"2275\">\n<td data-start=\"2167\" data-end=\"2188\" data-col-size=\"sm\">6.0 \u2013 10.0<\/td>\n<td data-col-size=\"sm\" data-start=\"2188\" data-end=\"2201\">6\u00d719<\/td>\n<td data-col-size=\"sm\" data-start=\"2201\" data-end=\"2212\">IWRC<\/td>\n<td data-col-size=\"sm\" data-start=\"2212\" data-end=\"2225\">Galvanizli<\/td>\n<td data-col-size=\"sm\" data-start=\"2225\" data-end=\"2249\">1770 \u2013 2160<\/td>\n<td data-col-size=\"sm\" data-start=\"2249\" data-end=\"2275\">25.0 \u2013 80.0<\/td>\n<\/tr>\n<tr data-start=\"2276\" data-end=\"2384\">\n<td data-start=\"2276\" data-end=\"2297\" data-col-size=\"sm\">10.0 \u2013 20.0<\/td>\n<td data-start=\"2297\" data-end=\"2310\" data-col-size=\"sm\">6\u00d736<\/td>\n<td data-start=\"2310\" data-end=\"2321\" data-col-size=\"sm\">IWRC<\/td>\n<td data-start=\"2321\" data-end=\"2334\" data-col-size=\"sm\">Galvanizli<\/td>\n<td data-start=\"2334\" data-end=\"2358\" data-col-size=\"sm\">1770 \u2013 2160<\/td>\n<td data-start=\"2358\" data-end=\"2384\" data-col-size=\"sm\">80.0 \u2013 200.0<\/td>\n<\/tr>\n<\/tbody>\n<\/table>\n<\/div>\n<\/div>\n<blockquote data-start=\"2386\" data-end=\"2488\">\n<p data-start=\"2388\" data-end=\"2488\"><em data-start=\"2388\" data-end=\"2488\">Not: \u00d6zellikler, \u00e7ap, yap\u0131 ve dayan\u0131kl\u0131l\u0131k gereksinimlerine g\u00f6re \u00f6zelle\u015ftirilebilir.<\/em><\/p>\n<\/blockquote>\n<h2 data-section-id=\"1j5qwet\" data-start=\"2495\" data-end=\"2514\"><span role=\"text\"><strong data-start=\"2498\" data-end=\"2514\">Ana \u00d6zellikler<\/strong><\/span><\/h2>\n<h3 data-section-id=\"18xz1q1\" data-start=\"2516\" data-end=\"2556\"><span role=\"text\"><strong data-start=\"2520\" data-end=\"2554\">M\u00fckemmel Korozyon Direnci<\/strong><\/span><\/h3>\n<p data-start=\"2557\" data-end=\"2690\">\u00c7inko kaplama, \u00e7eli\u011fi nem, kimyasallar ve \u00e7evresel etkilere kar\u015f\u0131 korur, bu da onu d\u0131\u015f mekan ve deniz kullan\u0131m\u0131 i\u00e7in ideal hale getirir.<\/p>\n<h3 data-section-id=\"1xy76dm\" data-start=\"2692\" data-end=\"2728\"><span role=\"text\"><strong data-start=\"2696\" data-end=\"2726\">Y\u00fcksek Dayan\u0131m ve Dayan\u0131kl\u0131l\u0131k<\/strong><\/span><\/h3>\n<p data-start=\"2729\" data-end=\"2855\">\u00dcst\u00fcn \u00e7ekme dayan\u0131m\u0131n\u0131 ve uzun hizmet \u00f6mr\u00fcn\u00fc sa\u011flamak i\u00e7in kontroll\u00fc \u0131s\u0131l i\u015flem ile y\u00fcksek kaliteli \u00e7elikten \u00fcretilmi\u015ftir.<\/p>\n<h3 data-section-id=\"1ku1gz7\" data-start=\"2857\" data-end=\"2886\"><span role=\"text\"><strong data-start=\"2861\" data-end=\"2884\">Do\u011fru Boyutlar<\/strong><\/span><\/h3>\n<p data-start=\"2887\" data-end=\"3001\">Hassas \u00fcretim, ekipmanla uyumu art\u0131rarak s\u0131k\u0131 \u00e7ap tolerans\u0131 (\u00b10.05 mm'ye kadar) sa\u011flar.<\/p>\n<h3 data-section-id=\"ra3ud0\" data-start=\"3003\" data-end=\"3036\"><span role=\"text\"><strong data-start=\"3007\" data-end=\"3034\">Maliyet Etkili \u00c7\u00f6z\u00fcm<\/strong><\/span><\/h3>\n<p data-start=\"3037\" data-end=\"3147\">Paslanmaz \u00e7elik halatla kar\u015f\u0131la\u015ft\u0131r\u0131ld\u0131\u011f\u0131nda, galvanizli halat performans ve uygun fiyat aras\u0131nda bir denge sunar.<\/p>\n<h2 data-section-id=\"13c523q\" data-start=\"3154\" data-end=\"3180\"><span role=\"text\"><strong data-start=\"3157\" data-end=\"3180\">Standartlar ve Kalite<\/strong><\/span><\/h2>\n<p data-start=\"3182\" data-end=\"3277\">Galvanizli halatlar\u0131m\u0131z uluslararas\u0131 standartlara uygun olarak \u00fcretilmektedir, bunlar aras\u0131nda:<\/p>\n<ul data-start=\"3278\" data-end=\"3332\">\n<li data-section-id=\"1bu1c4s\" data-start=\"3278\" data-end=\"3292\">GB\/T 20118<\/li>\n<li data-section-id=\"169dxum\" data-start=\"3293\" data-end=\"3306\">GB\/T 8918<\/li>\n<li data-section-id=\"1i0nmy4\" data-start=\"3307\" data-end=\"3332\">JIS G3525 \/ JIS H0401<\/li>\n<\/ul>\n<p data-start=\"3334\" data-end=\"3427\">T\u00fcm \u00fcr\u00fcnler kaplama b\u00fct\u00fcnl\u00fc\u011f\u00fc, dayan\u0131kl\u0131l\u0131k ve g\u00fc\u00e7 sa\u011flamak i\u00e7in s\u0131k\u0131 bir denetimden ge\u00e7mektedir.<\/p>\n<h2 data-section-id=\"k0zlak\" data-start=\"3434\" data-end=\"3453\"><span role=\"text\"><strong data-start=\"3437\" data-end=\"3453\">8. Uygulamalar<\/strong><\/span><\/h2>\n<ul data-start=\"3455\" data-end=\"3654\">\n<li data-section-id=\"k89z7d\" data-start=\"3455\" data-end=\"3490\">\u0130n\u015faat ve altyap\u0131<\/li>\n<li data-section-id=\"1v729p7\" data-start=\"3491\" data-end=\"3526\">Kald\u0131rma ve vin\u00e7 operasyonlar\u0131<\/li>\n<li data-section-id=\"pym0ka\" data-start=\"3527\" data-end=\"3563\">Deniz ve a\u00e7\u0131k deniz uygulamalar\u0131<\/li>\n<li data-section-id=\"1ct221c\" data-start=\"3564\" data-end=\"3589\">Petrol ve gaz ke\u015ffi<\/li>\n<li data-section-id=\"4ocv1n\" data-start=\"3590\" data-end=\"3614\">Bal\u0131k\u00e7\u0131l\u0131k ve a\u011f \u00e7ekme<\/li>\n<li data-section-id=\"1gksk7t\" data-start=\"3615\" data-end=\"3654\">Ta\u015f\u0131mac\u0131l\u0131k ve g\u00fcvenlik sistemleri<\/li>\n<\/ul>\n<h2 data-section-id=\"kxvv1q\" data-start=\"3661\" data-end=\"3694\"><span role=\"text\"><strong data-start=\"3664\" data-end=\"3694\">\u00d6zelle\u015ftirme Yetenekleri<\/strong><\/span><\/h2>\n<p data-start=\"3696\" data-end=\"3755\">\u0130htiya\u00e7lar\u0131n\u0131za g\u00f6re \u00f6zel \u00e7\u00f6z\u00fcmler sunuyoruz:<\/p>\n<ul data-start=\"3756\" data-end=\"3915\">\n<li data-section-id=\"neki49\" data-start=\"3756\" data-end=\"3785\">\u00c7ap ve yap\u0131<\/li>\n<li data-section-id=\"9j1apl\" data-start=\"3786\" data-end=\"3812\">\u00c7inko kaplama kal\u0131nl\u0131\u011f\u0131<\/li>\n<li data-section-id=\"1jgg1a8\" data-start=\"3813\" data-end=\"3841\">\u00c7ekirdek tipi (FC, IWRC, PP)<\/li>\n<li data-section-id=\"4d5fwm\" data-start=\"3842\" data-end=\"3877\">D\u00f6\u015feme tipi (normal, lang, kar\u0131\u015f\u0131k)<\/li>\n<li data-section-id=\"157b2r9\" data-start=\"3878\" data-end=\"3915\">Y\u00fczey finisaj\u0131 ve dayan\u0131m s\u0131n\u0131f\u0131<\/li>\n<\/ul>\n<h2 data-section-id=\"1drsmsf\" data-start=\"3922\" data-end=\"3954\"><span role=\"text\"><strong data-start=\"3925\" data-end=\"3954\">Kalite Kontrol ve Test<\/strong><\/span><\/h2>\n<p data-start=\"3956\" data-end=\"4004\">Her galvanizli tel halat, a\u015fa\u011f\u0131dakileri sa\u011flamak i\u00e7in test edilir:<\/p>\n<ul data-start=\"4005\" data-end=\"4145\">\n<li data-section-id=\"i9leeb\" data-start=\"4005\" data-end=\"4047\">Homojen ve sa\u011flam bir \u015fekilde ba\u011fl\u0131 \u00e7inko kaplama<\/li>\n<li data-section-id=\"1hmm5n9\" data-start=\"4048\" data-end=\"4099\">B\u00fckme ko\u015fullar\u0131 alt\u0131nda \u00e7atlama veya soyulma olmamas\u0131<\/li>\n<li data-section-id=\"bye72l\" data-start=\"4100\" data-end=\"4145\">Do\u011frulanm\u0131\u015f korozyon direnci performans\u0131<\/li>\n<\/ul>\n<h2 data-section-id=\"i5yrmq\" data-start=\"4152\" data-end=\"4177\"><span role=\"text\"><strong data-start=\"4155\" data-end=\"4177\">Teslimat &amp; Hizmet<\/strong><\/span><\/h2>\n<ul data-start=\"4179\" data-end=\"4312\">\n<li data-section-id=\"1jszyqb\" data-start=\"4179\" data-end=\"4223\">Standart \u00fcr\u00fcnler: <strong data-start=\"4200\" data-end=\"4221\">1\u20133 g\u00fcn teslimat<\/strong><\/li>\n<li data-section-id=\"1h0ln2x\" data-start=\"4224\" data-end=\"4261\">\u00d6zel \u00fcretim: <strong data-start=\"4245\" data-end=\"4259\">15\u201330 g\u00fcn<\/strong><\/li>\n<li data-section-id=\"1i5g750\" data-start=\"4262\" data-end=\"4312\">H\u0131zl\u0131 teklif ve teknik destek mevcuttur<\/li>\n<\/ul>\n<h2 data-section-id=\"elc90z\" data-start=\"4319\" data-end=\"4329\"><span role=\"text\"><strong data-start=\"4322\" data-end=\"4329\">SSS<\/strong><\/span><\/h2>\n<p data-start=\"4331\" data-end=\"4560\"><strong data-start=\"4331\" data-end=\"4422\">S1: Elektrik galvanizli ve s\u0131cak dald\u0131rma galvanizli tel halat aras\u0131ndaki fark nedir?<\/strong><br data-start=\"4422\" data-end=\"4425\" \/>Elektrik galvanizli tel halat daha p\u00fcr\u00fczs\u00fcz bir y\u00fczeye sahiptir, s\u0131cak dald\u0131rma galvanizli ise daha kal\u0131n kaplama ve daha iyi korozyon direnci sa\u011flar.<\/p>\n<p data-start=\"4562\" data-end=\"4709\"><strong data-start=\"4562\" data-end=\"4627\">S2: Galvanizli tel halat deniz ortamlar\u0131 i\u00e7in uygun mu?<\/strong><br data-start=\"4627\" data-end=\"4630\" \/>Evet, \u00f6zellikle a\u011f\u0131r \u00e7inko kaplama veya s\u0131cak dald\u0131rma galvanizli t\u00fcrler \u00f6nerilmektedir.<\/p>\n<p data-start=\"4711\" data-end=\"4842\"><strong data-start=\"4711\" data-end=\"4767\">S3: Halat yap\u0131s\u0131n\u0131 ve dayan\u0131m\u0131n\u0131 \u00f6zelle\u015ftirebilir miyim?<\/strong><br data-start=\"4767\" data-end=\"4770\" \/>Evet, uygulama gereksinimlerinize g\u00f6re tam \u00f6zelle\u015ftirme sunuyoruz.<\/p>\n<h2 data-section-id=\"sr9zaj\" data-start=\"4849\" data-end=\"4911\"><span role=\"text\"><strong data-start=\"4852\" data-end=\"4909\">G\u00fcvenilir Bir Galvanizli Tel Halat Tedarik\u00e7isi mi Ar\u0131yorsunuz?<\/strong><\/span><\/h2>\n<p data-start=\"4912\" data-end=\"5028\">Bug\u00fcn bizimle ileti\u015fime ge\u00e7in, y\u00fcksek kaliteli \u00fcr\u00fcnler, rekabet\u00e7i fiyatlar ve ihtiya\u00e7lar\u0131n\u0131za \u00f6zel \u00e7\u00f6z\u00fcmler al\u0131n.<\/p>","protected":false},"excerpt":{"rendered":"<p>Galvanizli \u00e7elik tel halat, y\u00fcksek kaliteli \u00e7elik tele koruyucu bir \u00e7inko kaplama uygulayarak elektro-galvanizleme veya s\u0131cak dald\u0131rma galvanizleme s\u00fcre\u00e7leriyle \u00fcretilir. \u00c7inko tabakas\u0131 m\u00fckemmel korozyon direnci sa\u011flar ve tel halat\u0131n zorlu ortamlardaki hizmet \u00f6mr\u00fcn\u00fc \u00f6nemli \u00f6l\u00e7\u00fcde uzat\u0131r.<\/p>","protected":false},"featured_media":1485,"comment_status":"open","ping_status":"closed","template":"","meta":{"site-sidebar-layout":"default","site-content-layout":"","ast-site-content-layout":"default","site-content-style":"default","site-sidebar-style":"default","ast-global-header-display":"","ast-banner-title-visibility":"","ast-main-header-display":"","ast-hfb-above-header-display":"","ast-hfb-below-header-display":"","ast-hfb-mobile-header-display":"","site-post-title":"","ast-breadcrumbs-content":"","ast-featured-img":"","footer-sml-layout":"","ast-disable-related-posts":"","theme-transparent-header-meta":"default","adv-header-id-meta":"","stick-header-meta":"default","header-above-stick-meta":"","header-main-stick-meta":"","header-below-stick-meta":"","astra-migrate-meta-layouts":"set","ast-page-background-enabled":"default","ast-page-background-meta":{"desktop":{"background-color":"var(--ast-global-color-4)","background-image":"","background-repeat":"repeat","background-position":"center center","background-size":"auto","background-attachment":"scroll","background-type":"","background-media":"","overlay-type":"","overlay-color":"","overlay-opacity":"","overlay-gradient":""},"tablet":{"background-color":"","background-image":"","background-repeat":"repeat","background-position":"center center","background-size":"auto","background-attachment":"scroll","background-type":"","background-media":"","overlay-type":"","overlay-color":"","overlay-opacity":"","overlay-gradient":""},"mobile":{"background-color":"","background-image":"","background-repeat":"repeat","background-position":"center center","background-size":"auto","background-attachment":"scroll","background-type":"","background-media":"","overlay-type":"","overlay-color":"","overlay-opacity":"","overlay-gradient":""}},"ast-content-background-meta":{"desktop":{"background-color":"var(--ast-global-color-5)","background-image":"","background-repeat":"repeat","background-position":"center center","background-size":"auto","background-attachment":"scroll","background-type":"","background-media":"","overlay-type":"","overlay-color":"","overlay-opacity":"","overlay-gradient":""},"tablet":{"background-color":"var(--ast-global-color-5)","background-image":"","background-repeat":"repeat","background-position":"center center","background-size":"auto","background-attachment":"scroll","background-type":"","background-media":"","overlay-type":"","overlay-color":"","overlay-opacity":"","overlay-gradient":""},"mobile":{"background-color":"var(--ast-global-color-5)","background-image":"","background-repeat":"repeat","background-position":"center center","background-size":"auto","background-attachment":"scroll","background-type":"","background-media":"","overlay-type":"","overlay-color":"","overlay-opacity":"","overlay-gradient":""}}},"product_brand":[],"product_cat":[16],"product_tag":[33,45,28,42,40,43,41,32,49,44,35,47,48,27,46],"class_list":{"0":"post-1484","1":"product","2":"type-product","3":"status-publish","4":"has-post-thumbnail","6":"product_cat-wire-rope","7":"product_tag-corrosion-resistant-wire-rope","8":"product_tag-crane-wire-rope","9":"product_tag-custom-wire-rope","10":"product_tag-electro-galvanized-wire-rope","11":"product_tag-galvanized-steel-wire-rope","12":"product_tag-high-strength-wire-rope","13":"product_tag-hot-dip-galvanized-wire-rope","14":"product_tag-industrial-wire-rope","15":"product_tag-iwrc-wire-rope","16":"product_tag-lifting-wire-rope","17":"product_tag-marine-wire-rope","18":"product_tag-steel-cable","19":"product_tag-wire-rope-construction","20":"product_tag-wire-rope-manufacturer","21":"product_tag-wire-rope-supplier","22":"desktop-align-left","23":"tablet-align-left","24":"mobile-align-left","25":"ast-product-gallery-layout-horizontal-slider","26":"ast-product-tabs-layout-horizontal","28":"first","29":"instock","30":"shipping-taxable","31":"product-type-simple"},"_links":{"self":[{"href":"https:\/\/www.precisionwirerope.com\/tr\/wp-json\/wp\/v2\/product\/1484","targetHints":{"allow":["GET"]}}],"collection":[{"href":"https:\/\/www.precisionwirerope.com\/tr\/wp-json\/wp\/v2\/product"}],"about":[{"href":"https:\/\/www.precisionwirerope.com\/tr\/wp-json\/wp\/v2\/types\/product"}],"replies":[{"embeddable":true,"href":"https:\/\/www.precisionwirerope.com\/tr\/wp-json\/wp\/v2\/comments?post=1484"}],"wp:featuredmedia":[{"embeddable":true,"href":"https:\/\/www.precisionwirerope.com\/tr\/wp-json\/wp\/v2\/media\/1485"}],"wp:attachment":[{"href":"https:\/\/www.precisionwirerope.com\/tr\/wp-json\/wp\/v2\/media?parent=1484"}],"wp:term":[{"taxonomy":"product_brand","embeddable":true,"href":"https:\/\/www.precisionwirerope.com\/tr\/wp-json\/wp\/v2\/product_brand?post=1484"},{"taxonomy":"product_cat","embeddable":true,"href":"https:\/\/www.precisionwirerope.com\/tr\/wp-json\/wp\/v2\/product_cat?post=1484"},{"taxonomy":"product_tag","embeddable":true,"href":"https:\/\/www.precisionwirerope.com\/tr\/wp-json\/wp\/v2\/product_tag?post=1484"}],"curies":[{"name":"wp","href":"https:\/\/api.w.org\/{rel}","templated":true}]}}