{"id":1479,"date":"2026-03-22T02:02:09","date_gmt":"2026-03-22T02:02:09","guid":{"rendered":"https:\/\/www.precisionwirerope.com\/?post_type=product&#038;p=1479"},"modified":"2026-03-22T02:09:59","modified_gmt":"2026-03-22T02:09:59","slug":"pvc-coated-steel-wire-rope-manufacturer-custom-plastic-coated-wire-rope-solutions","status":"publish","type":"product","link":"https:\/\/www.precisionwirerope.com\/tr\/product\/pvc-coated-steel-wire-rope-manufacturer-custom-plastic-coated-wire-rope-solutions\/","title":{"rendered":"PVC Kapl\u0131 \u00c7elik Tel Halat \u00dcreticisi | \u00d6zel Plastik Kapl\u0131 Tel Halat \u00c7\u00f6z\u00fcmleri"},"content":{"rendered":"<p data-start=\"186\" data-end=\"512\">Plastik kaplamal\u0131 \u00e7elik halat, y\u00fcksek kaliteli \u00e7elik halat\u0131n \u00fczerine dayan\u0131kl\u0131 bir polimer kaplama uygulanarak \u00fcretilir; bu halatlar galvanizli, paslanmaz \u00e7elik veya parlak (ya\u011fl\u0131) \u00e7ekirdekleri i\u00e7ermektedir. Bu d\u0131\u015f katman, korozyon, a\u015f\u0131nma ve \u00e7evresel etkilere kar\u015f\u0131 direnci art\u0131rarak, hizmet \u00f6mr\u00fcn\u00fc ve performans\u0131n\u0131 \u00f6nemli \u00f6l\u00e7\u00fcde iyile\u015ftirir.<\/p>\n<p data-start=\"514\" data-end=\"693\">Precision Wire Rope'ta, end\u00fcstriyel ve d\u0131\u015f mekan uygulamalar\u0131 i\u00e7in uygun PVC, PE, PU ve naylon gibi malzemeler kullanarak geni\u015f bir kaplamal\u0131 halat \u00e7\u00f6z\u00fcm\u00fc yelpazesi sunuyoruz.<\/p>\n<h2 data-section-id=\"1lut59q\" data-start=\"700\" data-end=\"728\"><span role=\"text\"><strong data-start=\"703\" data-end=\"728\">Yap\u0131 &amp; Malzemeler<\/strong><\/span><\/h2>\n<h3 data-section-id=\"gruvid\" data-start=\"730\" data-end=\"752\"><span role=\"text\"><strong data-start=\"734\" data-end=\"752\">\u00c7ekirdek Malzemeleri<\/strong><\/span><\/h3>\n<ul data-start=\"753\" data-end=\"930\">\n<li data-section-id=\"1c6ktf0\" data-start=\"753\" data-end=\"821\">Paslanmaz \u00c7elik (304, 316, 316L) \u2013 \u00fcst\u00fcn korozyon direnci<\/li>\n<li data-section-id=\"11la092\" data-start=\"822\" data-end=\"880\">Galvanizli \u00c7elik \u2013 maliyet etkin paslanma korumas\u0131<\/li>\n<li data-section-id=\"97mmxw\" data-start=\"881\" data-end=\"930\">Parlak \/ Ya\u011fl\u0131 \u00c7elik \u2013 genel end\u00fcstriyel kullan\u0131m<\/li>\n<\/ul>\n<h3 data-section-id=\"bi5xpj\" data-start=\"937\" data-end=\"962\"><span role=\"text\"><strong data-start=\"941\" data-end=\"962\">Kaplama Malzemeleri<\/strong><\/span><\/h3>\n<ul data-start=\"963\" data-end=\"1124\">\n<li data-section-id=\"932mci\" data-start=\"963\" data-end=\"996\">PVC \u2013 esnek ve ekonomik<\/li>\n<li data-section-id=\"hwzyei\" data-start=\"997\" data-end=\"1030\">PE \u2013 iyi kimyasal direnci<\/li>\n<li data-section-id=\"icmeb6\" data-start=\"1031\" data-end=\"1069\">PU \u2013 m\u00fckemmel a\u015f\u0131nma direnci<\/li>\n<li data-section-id=\"7rekcw\" data-start=\"1070\" data-end=\"1124\">Naylon \u2013 \u00fcst\u00fcn dayan\u0131kl\u0131l\u0131k ve yorgunluk direnci<\/li>\n<\/ul>\n<p data-start=\"1126\" data-end=\"1201\">PTFE ve epoksi gibi \u00f6zel kaplama malzemeleri talep \u00fczerine mevcuttur.<\/p>\n<h3 data-section-id=\"1qyaowq\" data-start=\"1208\" data-end=\"1242\"><span role=\"text\"><strong data-start=\"1212\" data-end=\"1242\">Tipik \u0130p Yap\u0131lar\u0131<\/strong><\/span><\/h3>\n<ul data-start=\"1243\" data-end=\"1318\">\n<li data-section-id=\"1d8ze2j\" data-start=\"1243\" data-end=\"1256\">1\u00d77, 1\u00d719<\/li>\n<li data-section-id=\"1gi7oer\" data-start=\"1257\" data-end=\"1276\">7\u00d77, 7\u00d719, 7\u00d737<\/li>\n<li data-section-id=\"1ceibga\" data-start=\"1277\" data-end=\"1303\">6\u00d77, 6\u00d719, 6\u00d719 + IWRC<\/li>\n<li data-section-id=\"196kycp\" data-start=\"1304\" data-end=\"1318\">6\u00d736, 6W19<\/li>\n<\/ul>\n<h2 data-section-id=\"id1bjs\" data-start=\"1325\" data-end=\"1356\"><span role=\"text\"><strong data-start=\"1328\" data-end=\"1356\">Teknik \u00d6zellikler<\/strong><\/span><\/h2>\n<div class=\"TyagGW_tableContainer\">\n<div class=\"group TyagGW_tableWrapper flex flex-col-reverse w-fit\" tabindex=\"-1\">\n<table class=\"w-fit min-w-(--thread-content-width)\" data-start=\"1358\" data-end=\"2158\">\n<thead data-start=\"1358\" data-end=\"1474\">\n<tr data-start=\"1358\" data-end=\"1474\">\n<th class=\"\" data-start=\"1358\" data-end=\"1379\" data-col-size=\"sm\">\u0130p \u00c7ap\u0131 (mm)<\/th>\n<th class=\"\" data-start=\"1379\" data-end=\"1394\" data-col-size=\"sm\">Yap\u0131<\/th>\n<th class=\"\" data-start=\"1394\" data-end=\"1406\" data-col-size=\"sm\">\u00c7ekirdek T\u00fcr\u00fc<\/th>\n<th class=\"\" data-start=\"1406\" data-end=\"1425\" data-col-size=\"sm\">Kaplama Malzemesi<\/th>\n<th class=\"\" data-start=\"1425\" data-end=\"1448\" data-col-size=\"sm\">Kaplanm\u0131\u015f \u00c7ap (mm)<\/th>\n<th class=\"\" data-start=\"1448\" data-end=\"1474\" data-col-size=\"sm\">Kopma Dayan\u0131m\u0131 (kN)<\/th>\n<\/tr>\n<\/thead>\n<tbody data-start=\"1589\" data-end=\"2158\">\n<tr data-start=\"1589\" data-end=\"1702\">\n<td data-start=\"1589\" data-end=\"1610\" data-col-size=\"sm\">1.5 \u2013 2.0<\/td>\n<td data-start=\"1610\" data-end=\"1623\" data-col-size=\"sm\">1\u00d77 \/ 1\u00d719<\/td>\n<td data-start=\"1623\" data-end=\"1634\" data-col-size=\"sm\">\u00c7elik<\/td>\n<td data-start=\"1634\" data-end=\"1653\" data-col-size=\"sm\">PVC \/ PE<\/td>\n<td data-start=\"1653\" data-end=\"1676\" data-col-size=\"sm\">2.0 \u2013 3.0<\/td>\n<td data-start=\"1676\" data-end=\"1702\" data-col-size=\"sm\">1.2 \u2013 3.5<\/td>\n<\/tr>\n<tr data-start=\"1703\" data-end=\"1816\">\n<td data-start=\"1703\" data-end=\"1724\" data-col-size=\"sm\">2.0 \u2013 4.0<\/td>\n<td data-col-size=\"sm\" data-start=\"1724\" data-end=\"1737\">7\u00d77<\/td>\n<td data-col-size=\"sm\" data-start=\"1737\" data-end=\"1748\">FC \/ IWRC<\/td>\n<td data-col-size=\"sm\" data-start=\"1748\" data-end=\"1767\">PVC \/ PU<\/td>\n<td data-col-size=\"sm\" data-start=\"1767\" data-end=\"1790\">3.0 \u2013 5.5<\/td>\n<td data-col-size=\"sm\" data-start=\"1790\" data-end=\"1816\">3.0 \u2013 10.0<\/td>\n<\/tr>\n<tr data-start=\"1817\" data-end=\"1930\">\n<td data-start=\"1817\" data-end=\"1838\" data-col-size=\"sm\">3.0 \u2013 6.0<\/td>\n<td data-start=\"1838\" data-end=\"1851\" data-col-size=\"sm\">7\u00d719<\/td>\n<td data-col-size=\"sm\" data-start=\"1851\" data-end=\"1862\">FC \/ IWRC<\/td>\n<td data-col-size=\"sm\" data-start=\"1862\" data-end=\"1881\">PVC \/ Naylon<\/td>\n<td data-col-size=\"sm\" data-start=\"1881\" data-end=\"1904\">4.0 \u2013 8.0<\/td>\n<td data-col-size=\"sm\" data-start=\"1904\" data-end=\"1930\">8.0 \u2013 25.0<\/td>\n<\/tr>\n<tr data-start=\"1931\" data-end=\"2044\">\n<td data-start=\"1931\" data-end=\"1952\" data-col-size=\"sm\">6.0 \u2013 10.0<\/td>\n<td data-col-size=\"sm\" data-start=\"1952\" data-end=\"1965\">6\u00d719<\/td>\n<td data-col-size=\"sm\" data-start=\"1965\" data-end=\"1976\">IWRC<\/td>\n<td data-col-size=\"sm\" data-start=\"1976\" data-end=\"1995\">PVC \/ PU<\/td>\n<td data-col-size=\"sm\" data-start=\"1995\" data-end=\"2018\">7.0 \u2013 12.0<\/td>\n<td data-col-size=\"sm\" data-start=\"2018\" data-end=\"2044\">20.0 \u2013 60.0<\/td>\n<\/tr>\n<tr data-start=\"2045\" data-end=\"2158\">\n<td data-start=\"2045\" data-end=\"2066\" data-col-size=\"sm\">10.0 \u2013 16.0<\/td>\n<td data-col-size=\"sm\" data-start=\"2066\" data-end=\"2079\">6\u00d736<\/td>\n<td data-col-size=\"sm\" data-start=\"2079\" data-end=\"2090\">IWRC<\/td>\n<td data-col-size=\"sm\" data-start=\"2090\" data-end=\"2109\">PVC \/ PE<\/td>\n<td data-col-size=\"sm\" data-start=\"2109\" data-end=\"2132\">12.0 \u2013 18.0<\/td>\n<td data-col-size=\"sm\" data-start=\"2132\" data-end=\"2158\">50.0 \u2013 150.0<\/td>\n<\/tr>\n<\/tbody>\n<\/table>\n<\/div>\n<\/div>\n<blockquote data-start=\"2160\" data-end=\"2233\">\n<p data-start=\"2162\" data-end=\"2233\"><em data-start=\"2162\" data-end=\"2233\">Not: \u00d6zellikler proje gereksinimlerine g\u00f6re \u00f6zelle\u015ftirilebilir.<\/em><\/p>\n<\/blockquote>\n<h2 data-section-id=\"dfn86d\" data-start=\"2240\" data-end=\"2269\"><span role=\"text\"><strong data-start=\"2243\" data-end=\"2269\">Performans Avantajlar\u0131<\/strong><\/span><\/h2>\n<h3 data-section-id=\"rj61ag\" data-start=\"2271\" data-end=\"2310\"><span role=\"text\"><strong data-start=\"2275\" data-end=\"2308\">\u00dcst\u00fcn Korozyon Direnci<\/strong><\/span><\/h3>\n<p data-start=\"2311\" data-end=\"2478\">Kaplama, \u00e7eli\u011fi nem, kimyasallar ve deniz ortamlar\u0131ndan koruyarak hizmet \u00f6mr\u00fcn\u00fc uzat\u0131r <strong data-start=\"2422\" data-end=\"2435\">3\u20135 kat<\/strong> standart galvanizli tel halat\u0131na k\u0131yasla.<\/p>\n<h3 data-section-id=\"10vrs96\" data-start=\"2480\" data-end=\"2514\"><span role=\"text\"><strong data-start=\"2484\" data-end=\"2512\">Geli\u015ftirilmi\u015f A\u015f\u0131nma Direnci<\/strong><\/span><\/h3>\n<p data-start=\"2515\" data-end=\"2586\">Teller aras\u0131ndaki s\u00fcrt\u00fcnmenin azalmas\u0131, dinamik y\u00fckler alt\u0131nda dayan\u0131kl\u0131l\u0131\u011f\u0131 art\u0131r\u0131r.<\/p>\n<h3 data-section-id=\"1oncnnb\" data-start=\"2588\" data-end=\"2627\"><span role=\"text\"><strong data-start=\"2592\" data-end=\"2625\">M\u00fckemmel Yorgunluk Performans\u0131<\/strong><\/span><\/h3>\n<p data-start=\"2628\" data-end=\"2723\">Kaplamal\u0131 tel halatlar, <strong data-start=\"2664\" data-end=\"2690\">2\u00d7 daha uzun yorgunluk \u00f6mr\u00fc<\/strong>, \u00f6zellikle naylon kaplamalarla.<\/p>\n<h3 data-section-id=\"1veegyp\" data-start=\"2725\" data-end=\"2754\"><span role=\"text\"><strong data-start=\"2729\" data-end=\"2752\">Kimyasal Diren\u00e7<\/strong><\/span><\/h3>\n<p data-start=\"2755\" data-end=\"2847\">Asitlere, alkali maddelere, ya\u011flara ve \u00e7\u00f6z\u00fcc\u00fclere kar\u015f\u0131 diren\u00e7li, sert end\u00fcstriyel ortamlar i\u00e7in uygundur.<\/p>\n<hr data-start=\"2849\" data-end=\"2852\" \/>\n<h2 data-section-id=\"k0zlak\" data-start=\"2854\" data-end=\"2873\"><span role=\"text\"><strong data-start=\"2857\" data-end=\"2873\">8. Uygulamalar<\/strong><\/span><\/h2>\n<ul data-start=\"2875\" data-end=\"3086\">\n<li data-section-id=\"1g77fm3\" data-start=\"2875\" data-end=\"2907\">Y\u00fckleme ve kald\u0131rma sistemleri<\/li>\n<li data-section-id=\"16bujyt\" data-start=\"2908\" data-end=\"2942\">Deniz ve a\u00e7\u0131k deniz operasyonlar\u0131<\/li>\n<li data-section-id=\"1wm6orh\" data-start=\"2943\" data-end=\"2982\">Madencilik ve ta\u015f\u0131ma ekipmanlar\u0131<\/li>\n<li data-section-id=\"4ocv1n\" data-start=\"2983\" data-end=\"3007\">Bal\u0131k\u00e7\u0131l\u0131k ve a\u011f \u00e7ekme<\/li>\n<li data-section-id=\"z4msnb\" data-start=\"3008\" data-end=\"3048\">G\u00fcvenlik kablolar\u0131 ve h\u0131rs\u0131zl\u0131k \u00f6nleme sistemleri<\/li>\n<li data-section-id=\"ipjmta\" data-start=\"3049\" data-end=\"3086\">Mimari ve dekoratif kullan\u0131mlar<\/li>\n<\/ul>\n<h2 data-section-id=\"kxvv1q\" data-start=\"3093\" data-end=\"3126\"><span role=\"text\"><strong data-start=\"3096\" data-end=\"3126\">\u00d6zelle\u015ftirme Yetenekleri<\/strong><\/span><\/h2>\n<p data-start=\"3128\" data-end=\"3185\">Gereksinimlerinize g\u00f6re tam \u00f6zelle\u015ftirme sunuyoruz:<\/p>\n<ul data-start=\"3186\" data-end=\"3358\">\n<li data-section-id=\"x5pf81\" data-start=\"3186\" data-end=\"3212\">\u00c7ap ve yap\u0131<\/li>\n<li data-section-id=\"j5pc7b\" data-start=\"3213\" data-end=\"3247\">Kaplama malzemesi ve kal\u0131nl\u0131\u011f\u0131<\/li>\n<li data-section-id=\"epre32\" data-start=\"3248\" data-end=\"3285\">Renk (\u015feffaf veya \u00f6zelle\u015ftirilmi\u015f)<\/li>\n<li data-section-id=\"yalb2g\" data-start=\"3286\" data-end=\"3317\">U\u00e7 ba\u011flant\u0131lar\u0131 ve montajlar<\/li>\n<li data-section-id=\"lru5e\" data-start=\"3318\" data-end=\"3358\">Dayan\u0131m s\u0131n\u0131f\u0131 ve y\u00fczey i\u015flemi<\/li>\n<\/ul>\n<h2 data-section-id=\"lk0893\" data-start=\"3365\" data-end=\"3389\"><span role=\"text\"><strong data-start=\"3368\" data-end=\"3389\">Kalite G\u00fcvencesi<\/strong><\/span><\/h2>\n<p data-start=\"3391\" data-end=\"3606\">T\u00fcm \u00fcr\u00fcnler, s\u0131k\u0131 kalite kontrol s\u00fcre\u00e7leri alt\u0131nda \u00fcretilmekte ve dayan\u0131kl\u0131l\u0131k, mukavemet ve performans a\u00e7\u0131s\u0131ndan test edilmektedir. Kritik uygulamalarda g\u00fcvenilir kullan\u0131m i\u00e7in uluslararas\u0131 standartlara uyum sa\u011fl\u0131yoruz.<\/p>\n<h2 data-section-id=\"i5yrmq\" data-start=\"3613\" data-end=\"3638\"><span role=\"text\"><strong data-start=\"3616\" data-end=\"3638\">Teslimat &amp; Hizmet<\/strong><\/span><\/h2>\n<ul data-start=\"3640\" data-end=\"3771\">\n<li data-section-id=\"1jszyqb\" data-start=\"3640\" data-end=\"3684\">Standart \u00fcr\u00fcnler: <strong data-start=\"3661\" data-end=\"3682\">1\u20133 g\u00fcn teslimat<\/strong><\/li>\n<li data-section-id=\"1yk6teq\" data-start=\"3685\" data-end=\"3720\">\u00d6zel \u00fcr\u00fcnler: <strong data-start=\"3704\" data-end=\"3718\">15\u201330 g\u00fcn<\/strong><\/li>\n<li data-section-id=\"1i5g750\" data-start=\"3721\" data-end=\"3771\">H\u0131zl\u0131 teklif ve teknik destek mevcuttur<\/li>\n<\/ul>\n<h2 data-section-id=\"elc90z\" data-start=\"3778\" data-end=\"3788\"><span role=\"text\"><strong data-start=\"3781\" data-end=\"3788\">SSS<\/strong><\/span><\/h2>\n<p data-start=\"3790\" data-end=\"3955\"><strong data-start=\"3790\" data-end=\"3848\">S1: PVC ve PU kaplama aras\u0131ndaki fark nedir?<\/strong><br data-start=\"3848\" data-end=\"3851\" \/>PVC daha ekonomik ve esnekken, PU daha iyi a\u015f\u0131nma direnci ve daha uzun hizmet \u00f6mr\u00fc sunar.<\/p>\n<p data-start=\"3957\" data-end=\"4104\"><strong data-start=\"3957\" data-end=\"4009\">S2: Kordon \u00e7ap\u0131n\u0131 ve rengini \u00f6zelle\u015ftirebilir miyim?<\/strong><br data-start=\"4009\" data-end=\"4012\" \/>Evet, \u00e7ap, kaplama kal\u0131nl\u0131\u011f\u0131 ve renk se\u00e7enekleri dahil olmak \u00fczere tam \u00f6zelle\u015ftirme sa\u011fl\u0131yoruz.<\/p>\n<p data-start=\"4106\" data-end=\"4274\"><strong data-start=\"4106\" data-end=\"4167\">S3: Kaplamal\u0131 tel halat deniz ortamlar\u0131 i\u00e7in uygun mudur?<\/strong><br data-start=\"4167\" data-end=\"4170\" \/>Evet, \u00f6zellikle paslanmaz \u00e7elik \u00e7ekirdek ile PE veya PU kaplama kullan\u0131ld\u0131\u011f\u0131nda korozyon direncini art\u0131rmak i\u00e7in uygundur.<\/p>\n<h2 data-section-id=\"qj60tn\" data-start=\"4281\" data-end=\"4322\"><span role=\"text\"><strong data-start=\"4284\" data-end=\"4320\">G\u00fcvenilir Bir Tedarik\u00e7i mi Ar\u0131yorsunuz?<\/strong><\/span><\/h2>\n<p data-start=\"4323\" data-end=\"4467\">\u0130htiya\u00e7lar\u0131n\u0131za g\u00f6re uyarlanm\u0131\u015f y\u00fcksek performansl\u0131 plastik kaplamal\u0131 tel halat \u00e7\u00f6z\u00fcmleri sunuyoruz. H\u0131zl\u0131 bir teklif ve uzman destek i\u00e7in bug\u00fcn bizimle ileti\u015fime ge\u00e7in.<\/p>","protected":false},"excerpt":{"rendered":"<p>Plastik kaplamal\u0131 \u00e7elik halat, y\u00fcksek kaliteli \u00e7elik halat\u0131n \u00fczerine dayan\u0131kl\u0131 bir polimer kaplama uygulanarak \u00fcretilir; bu halatlar galvanizli, paslanmaz \u00e7elik veya parlak (ya\u011fl\u0131) \u00e7ekirdekleri i\u00e7ermektedir. Bu d\u0131\u015f katman, korozyon, a\u015f\u0131nma ve \u00e7evresel etkilere kar\u015f\u0131 direnci art\u0131rarak, hizmet \u00f6mr\u00fcn\u00fc ve performans\u0131n\u0131 \u00f6nemli \u00f6l\u00e7\u00fcde iyile\u015ftirir.<\/p>","protected":false},"featured_media":1481,"comment_status":"open","ping_status":"closed","template":"","meta":{"site-sidebar-layout":"default","site-content-layout":"","ast-site-content-layout":"default","site-content-style":"default","site-sidebar-style":"default","ast-global-header-display":"","ast-banner-title-visibility":"","ast-main-header-display":"","ast-hfb-above-header-display":"","ast-hfb-below-header-display":"","ast-hfb-mobile-header-display":"","site-post-title":"","ast-breadcrumbs-content":"","ast-featured-img":"","footer-sml-layout":"","ast-disable-related-posts":"","theme-transparent-header-meta":"default","adv-header-id-meta":"","stick-header-meta":"default","header-above-stick-meta":"","header-main-stick-meta":"","header-below-stick-meta":"","astra-migrate-meta-layouts":"set","ast-page-background-enabled":"default","ast-page-background-meta":{"desktop":{"background-color":"var(--ast-global-color-4)","background-image":"","background-repeat":"repeat","background-position":"center center","background-size":"auto","background-attachment":"scroll","background-type":"","background-media":"","overlay-type":"","overlay-color":"","overlay-opacity":"","overlay-gradient":""},"tablet":{"background-color":"","background-image":"","background-repeat":"repeat","background-position":"center center","background-size":"auto","background-attachment":"scroll","background-type":"","background-media":"","overlay-type":"","overlay-color":"","overlay-opacity":"","overlay-gradient":""},"mobile":{"background-color":"","background-image":"","background-repeat":"repeat","background-position":"center center","background-size":"auto","background-attachment":"scroll","background-type":"","background-media":"","overlay-type":"","overlay-color":"","overlay-opacity":"","overlay-gradient":""}},"ast-content-background-meta":{"desktop":{"background-color":"var(--ast-global-color-5)","background-image":"","background-repeat":"repeat","background-position":"center center","background-size":"auto","background-attachment":"scroll","background-type":"","background-media":"","overlay-type":"","overlay-color":"","overlay-opacity":"","overlay-gradient":""},"tablet":{"background-color":"var(--ast-global-color-5)","background-image":"","background-repeat":"repeat","background-position":"center center","background-size":"auto","background-attachment":"scroll","background-type":"","background-media":"","overlay-type":"","overlay-color":"","overlay-opacity":"","overlay-gradient":""},"mobile":{"background-color":"var(--ast-global-color-5)","background-image":"","background-repeat":"repeat","background-position":"center center","background-size":"auto","background-attachment":"scroll","background-type":"","background-media":"","overlay-type":"","overlay-color":"","overlay-opacity":"","overlay-gradient":""}}},"product_brand":[],"product_cat":[16],"product_tag":[34,25,33,28,39,29,36,32,37,35,24,22,26,20,23,21,38,30,31,27],"class_list":{"0":"post-1479","1":"product","2":"type-product","3":"status-publish","4":"has-post-thumbnail","6":"product_cat-wire-rope","7":"product_tag-abrasion-resistant-cable","8":"product_tag-coated-steel-cable","9":"product_tag-corrosion-resistant-wire-rope","10":"product_tag-custom-wire-rope","11":"product_tag-decorative-wire-rope","12":"product_tag-galvanized-coated-wire-rope","13":"product_tag-hoisting-wire-rope","14":"product_tag-industrial-wire-rope","15":"product_tag-lifting-cable","16":"product_tag-marine-wire-rope","17":"product_tag-nylon-coated-wire-rope","18":"product_tag-pe-coated-steel-wire-rope","19":"product_tag-plastic-coated-cable","20":"product_tag-plastic-coated-wire-rope","21":"product_tag-pu-coated-wire-rope","22":"product_tag-pvc-coated-wire-rope","23":"product_tag-safety-cable","24":"product_tag-stainless-steel-coated-wire-rope","25":"product_tag-wire-rope-assemblies","26":"product_tag-wire-rope-manufacturer","27":"desktop-align-left","28":"tablet-align-left","29":"mobile-align-left","30":"ast-product-gallery-layout-horizontal-slider","31":"ast-product-tabs-layout-horizontal","33":"first","34":"instock","35":"shipping-taxable","36":"product-type-simple"},"_links":{"self":[{"href":"https:\/\/www.precisionwirerope.com\/tr\/wp-json\/wp\/v2\/product\/1479","targetHints":{"allow":["GET"]}}],"collection":[{"href":"https:\/\/www.precisionwirerope.com\/tr\/wp-json\/wp\/v2\/product"}],"about":[{"href":"https:\/\/www.precisionwirerope.com\/tr\/wp-json\/wp\/v2\/types\/product"}],"replies":[{"embeddable":true,"href":"https:\/\/www.precisionwirerope.com\/tr\/wp-json\/wp\/v2\/comments?post=1479"}],"wp:featuredmedia":[{"embeddable":true,"href":"https:\/\/www.precisionwirerope.com\/tr\/wp-json\/wp\/v2\/media\/1481"}],"wp:attachment":[{"href":"https:\/\/www.precisionwirerope.com\/tr\/wp-json\/wp\/v2\/media?parent=1479"}],"wp:term":[{"taxonomy":"product_brand","embeddable":true,"href":"https:\/\/www.precisionwirerope.com\/tr\/wp-json\/wp\/v2\/product_brand?post=1479"},{"taxonomy":"product_cat","embeddable":true,"href":"https:\/\/www.precisionwirerope.com\/tr\/wp-json\/wp\/v2\/product_cat?post=1479"},{"taxonomy":"product_tag","embeddable":true,"href":"https:\/\/www.precisionwirerope.com\/tr\/wp-json\/wp\/v2\/product_tag?post=1479"}],"curies":[{"name":"wp","href":"https:\/\/api.w.org\/{rel}","templated":true}]}}