{"id":1496,"date":"2026-03-22T03:24:39","date_gmt":"2026-03-22T03:24:39","guid":{"rendered":"https:\/\/www.precisionwirerope.com\/?post_type=product&#038;p=1496"},"modified":"2026-03-22T03:24:39","modified_gmt":"2026-03-22T03:24:39","slug":"316-stainless-steel-wire-rope-marine-grade-corrosion-resistant-cable-for-industrial-applications","status":"publish","type":"product","link":"https:\/\/www.precisionwirerope.com\/sv\/product\/316-stainless-steel-wire-rope-marine-grade-corrosion-resistant-cable-for-industrial-applications\/","title":{"rendered":"316 Rostfritt st\u00e5l Wire Rope \u2013 Marin klass korrosionsbest\u00e4ndig kabel f\u00f6r industriella applikationer"},"content":{"rendered":"<p data-start=\"189\" data-end=\"492\">316 rostfritt st\u00e5l wire rope tillverkas av h\u00f6gkvalitativ austenitisk rostfritt st\u00e5l som inneh\u00e5ller krom, nickel och molybden. J\u00e4mf\u00f6rt med standard 304 rostfritt st\u00e5l f\u00f6rb\u00e4ttrar tillsatsen av molybden korrosionsbest\u00e4ndigheten avsev\u00e4rt, s\u00e4rskilt i kloridrika och h\u00e5rda milj\u00f6er.<\/p>\n<p data-start=\"494\" data-end=\"712\">Denna typ av wire rope \u00e4r allm\u00e4nt erk\u00e4nd som en marin klass rostfri st\u00e5l kabel, vilket g\u00f6r den idealisk f\u00f6r till\u00e4mpningar som kr\u00e4ver \u00f6verl\u00e4gsen h\u00e5llbarhet, styrka och l\u00e5ngsiktig motst\u00e5ndskraft mot rost och kemisk exponering.<\/p>\n<h2 data-section-id=\"1uq2vdj\" data-start=\"719\" data-end=\"743\"><span role=\"text\"><strong data-start=\"722\" data-end=\"743\">2. Specifikationer<\/strong><\/span><\/h2>\n<ul data-start=\"744\" data-end=\"994\">\n<li data-section-id=\"ydfmjl\" data-start=\"744\" data-end=\"783\"><strong data-start=\"746\" data-end=\"765\">Diameteromr\u00e5de:<\/strong> 0,03 mm \u2013 36 mm<\/li>\n<li data-section-id=\"1dxipv8\" data-start=\"784\" data-end=\"864\"><strong data-start=\"786\" data-end=\"809\">Konstruktionstyper:<\/strong><br data-start=\"809\" data-end=\"812\" \/>1\u00d77, 1\u00d719, 6\u00d77, 7\u00d77, 7\u00d719, 7\u00d737, 6W19, 6\u00d719+IWRC<\/li>\n<li data-section-id=\"fqxok2\" data-start=\"865\" data-end=\"922\"><strong data-start=\"867\" data-end=\"895\">Mest popul\u00e4ra strukturer:<\/strong><br data-start=\"895\" data-end=\"898\" \/>1\u00d77, 1\u00d719, 7\u00d77, 7\u00d719<\/li>\n<li data-section-id=\"1rgu7kw\" data-start=\"923\" data-end=\"994\"><strong data-start=\"925\" data-end=\"939\">K\u00e4rntyp:<\/strong><br data-start=\"939\" data-end=\"942\" \/>FC (Fiber Core), IWRC (Oberoende Wire Rope Core)<\/li>\n<\/ul>\n<hr data-start=\"996\" data-end=\"999\" \/>\n<h2 data-section-id=\"ykyzlw\" data-start=\"1001\" data-end=\"1031\"><span role=\"text\"><strong data-start=\"1004\" data-end=\"1031\">3. Kemisk sammans\u00e4ttning<\/strong><\/span><\/h2>\n<div class=\"TyagGW_tableContainer\">\n<div class=\"group TyagGW_tableWrapper flex flex-col-reverse w-fit\" tabindex=\"-1\">\n<table class=\"w-fit min-w-(--thread-content-width)\" data-start=\"1032\" data-end=\"1221\">\n<thead data-start=\"1032\" data-end=\"1057\">\n<tr data-start=\"1032\" data-end=\"1057\">\n<th class=\"\" data-start=\"1032\" data-end=\"1042\" data-col-size=\"sm\">Element<\/th>\n<th class=\"\" data-start=\"1042\" data-end=\"1057\" data-col-size=\"sm\">Inneh\u00e5ll (%)<\/th>\n<\/tr>\n<\/thead>\n<tbody data-start=\"1083\" data-end=\"1221\">\n<tr data-start=\"1083\" data-end=\"1097\">\n<td data-start=\"1083\" data-end=\"1087\" data-col-size=\"sm\">C<\/td>\n<td data-start=\"1087\" data-end=\"1097\" data-col-size=\"sm\">\u2264 0,08<\/td>\n<\/tr>\n<tr data-start=\"1098\" data-end=\"1113\">\n<td data-start=\"1098\" data-end=\"1103\" data-col-size=\"sm\">Si<\/td>\n<td data-start=\"1103\" data-end=\"1113\" data-col-size=\"sm\">\u2264 1,00<\/td>\n<\/tr>\n<tr data-start=\"1114\" data-end=\"1129\">\n<td data-start=\"1114\" data-end=\"1119\" data-col-size=\"sm\">Mn<\/td>\n<td data-start=\"1119\" data-end=\"1129\" data-col-size=\"sm\">\u2264 2,00<\/td>\n<\/tr>\n<tr data-start=\"1130\" data-end=\"1145\">\n<td data-start=\"1130\" data-end=\"1134\" data-col-size=\"sm\">P<\/td>\n<td data-start=\"1134\" data-end=\"1145\" data-col-size=\"sm\">\u2264 0.035<\/td>\n<\/tr>\n<tr data-start=\"1146\" data-end=\"1160\">\n<td data-start=\"1146\" data-end=\"1150\" data-col-size=\"sm\">S<\/td>\n<td data-start=\"1150\" data-end=\"1160\" data-col-size=\"sm\">\u2264 0.03<\/td>\n<\/tr>\n<tr data-start=\"1161\" data-end=\"1181\">\n<td data-start=\"1161\" data-end=\"1166\" data-col-size=\"sm\">Cr<\/td>\n<td data-start=\"1166\" data-end=\"1181\" data-col-size=\"sm\">16,0 \u2013 18,5<\/td>\n<\/tr>\n<tr data-start=\"1182\" data-end=\"1202\">\n<td data-start=\"1182\" data-end=\"1187\" data-col-size=\"sm\">Ni<\/td>\n<td data-start=\"1187\" data-end=\"1202\" data-col-size=\"sm\">10,0 \u2013 14,0<\/td>\n<\/tr>\n<tr data-start=\"1203\" data-end=\"1221\">\n<td data-start=\"1203\" data-end=\"1208\" data-col-size=\"sm\">Mo<\/td>\n<td data-start=\"1208\" data-end=\"1221\" data-col-size=\"sm\">2,0 \u2013 3,0<\/td>\n<\/tr>\n<\/tbody>\n<\/table>\n<\/div>\n<\/div>\n<h2 data-section-id=\"1ejbybq\" data-start=\"1228\" data-end=\"1270\"><span role=\"text\"><strong data-start=\"1231\" data-end=\"1270\">4. Mekaniska och fysiska egenskaper<\/strong><\/span><\/h2>\n<div class=\"TyagGW_tableContainer\">\n<div class=\"group TyagGW_tableWrapper flex flex-col-reverse w-fit\" tabindex=\"-1\">\n<table class=\"w-fit min-w-(--thread-content-width)\" data-start=\"1271\" data-end=\"1525\">\n<thead data-start=\"1271\" data-end=\"1291\">\n<tr data-start=\"1271\" data-end=\"1291\">\n<th class=\"\" data-start=\"1271\" data-end=\"1282\" data-col-size=\"sm\">Egenskap<\/th>\n<th class=\"\" data-start=\"1282\" data-end=\"1291\" data-col-size=\"sm\">V\u00e4rde<\/th>\n<\/tr>\n<\/thead>\n<tbody data-start=\"1312\" data-end=\"1525\">\n<tr data-start=\"1312\" data-end=\"1344\">\n<td data-start=\"1312\" data-end=\"1331\" data-col-size=\"sm\">Dragh\u00e5llfasthet<\/td>\n<td data-col-size=\"sm\" data-start=\"1331\" data-end=\"1344\">\u2265 620 MPa<\/td>\n<\/tr>\n<tr data-start=\"1345\" data-end=\"1375\">\n<td data-start=\"1345\" data-end=\"1362\" data-col-size=\"sm\">Flytande styrka<\/td>\n<td data-start=\"1362\" data-end=\"1375\" data-col-size=\"sm\">\u2265 310 MPa<\/td>\n<\/tr>\n<tr data-start=\"1376\" data-end=\"1398\">\n<td data-start=\"1376\" data-end=\"1389\" data-col-size=\"sm\">F\u00f6rl\u00e4ngning<\/td>\n<td data-start=\"1389\" data-end=\"1398\" data-col-size=\"sm\">\u2265 30%<\/td>\n<\/tr>\n<tr data-start=\"1399\" data-end=\"1428\">\n<td data-start=\"1399\" data-end=\"1419\" data-col-size=\"sm\">Omr\u00e5de minskning<\/td>\n<td data-start=\"1419\" data-end=\"1428\" data-col-size=\"sm\">\u2265 40%<\/td>\n<\/tr>\n<tr data-start=\"1429\" data-end=\"1453\">\n<td data-start=\"1429\" data-end=\"1439\" data-col-size=\"sm\">Densitet<\/td>\n<td data-start=\"1439\" data-end=\"1453\" data-col-size=\"sm\">8.03 g\/cm\u00b3<\/td>\n<\/tr>\n<tr data-start=\"1454\" data-end=\"1492\">\n<td data-start=\"1454\" data-end=\"1465\" data-col-size=\"sm\">H\u00e5rdhet<\/td>\n<td data-col-size=\"sm\" data-start=\"1465\" data-end=\"1492\">\u2264 HB187 \/ HRB90 \/ HV200<\/td>\n<\/tr>\n<tr data-start=\"1493\" data-end=\"1525\">\n<td data-start=\"1493\" data-end=\"1509\" data-col-size=\"sm\">Sm\u00e4ltpunkt<\/td>\n<td data-col-size=\"sm\" data-start=\"1509\" data-end=\"1525\">1398 \u2013 1420\u2103<\/td>\n<\/tr>\n<\/tbody>\n<\/table>\n<\/div>\n<\/div>\n<h2 data-section-id=\"1drd74e\" data-start=\"1532\" data-end=\"1554\"><span role=\"text\"><strong data-start=\"1535\" data-end=\"1554\">5. Nyckelfunktioner<\/strong><\/span><\/h2>\n<ul data-start=\"1555\" data-end=\"2044\">\n<li data-section-id=\"12fvyby\" data-start=\"1555\" data-end=\"1667\"><strong data-start=\"1557\" data-end=\"1591\">Utm\u00e4rkt korrosionsbest\u00e4ndighet<\/strong><br data-start=\"1591\" data-end=\"1594\" \/>F\u00f6rb\u00e4ttrad med molybden, idealisk f\u00f6r saltvatten och kemiska milj\u00f6er<\/li>\n<li data-section-id=\"1wjo9ou\" data-start=\"1669\" data-end=\"1770\"><strong data-start=\"1671\" data-end=\"1701\">H\u00f6g styrka och h\u00e5llbarhet<\/strong><br data-start=\"1701\" data-end=\"1704\" \/>L\u00e4mplig f\u00f6r tunga industriella och strukturella till\u00e4mpningar<\/li>\n<li data-section-id=\"1dimx9r\" data-start=\"1772\" data-end=\"1868\"><strong data-start=\"1774\" data-end=\"1805\">\u00d6verl\u00e4gsen tr\u00f6tthetsbest\u00e4ndighet<\/strong><br data-start=\"1805\" data-end=\"1808\" \/>Presterar bra under upprepad belastning och dynamiska f\u00f6rh\u00e5llanden<\/li>\n<li data-section-id=\"1idykoz\" data-start=\"1870\" data-end=\"1962\"><strong data-start=\"1872\" data-end=\"1896\">God v\u00e4rmebest\u00e4ndighet<\/strong><br data-start=\"1896\" data-end=\"1899\" \/>Bibeh\u00e5ller mekaniska egenskaper vid f\u00f6rh\u00f6jda temperaturer<\/li>\n<li data-section-id=\"185bhjk\" data-start=\"1964\" data-end=\"2044\"><strong data-start=\"1966\" data-end=\"1987\">L\u00e5ng livsl\u00e4ngd<\/strong><br data-start=\"1987\" data-end=\"1990\" \/>Minskat underh\u00e5llskostnad och frekvens f\u00f6r utbyte<\/li>\n<\/ul>\n<h2 data-section-id=\"1pfsubh\" data-start=\"2051\" data-end=\"2116\"><span role=\"text\"><strong data-start=\"2054\" data-end=\"2116\">6. Varf\u00f6r 316 rostfritt st\u00e5l har b\u00e4ttre korrosionsbest\u00e4ndighet<\/strong><\/span><\/h2>\n<p data-start=\"2117\" data-end=\"2151\">J\u00e4mf\u00f6rt med 304 rostfritt st\u00e5l:<\/p>\n<ul data-start=\"2153\" data-end=\"2434\">\n<li data-section-id=\"1hdl0he\" data-start=\"2153\" data-end=\"2223\">H\u00f6gre <strong data-start=\"2162\" data-end=\"2188\">nickelhalt (+2\u20134%)<\/strong> f\u00f6rb\u00e4ttrar motst\u00e5ndet mot oxidation<\/li>\n<li data-section-id=\"r6rsay\" data-start=\"2224\" data-end=\"2368\">Tillsats av <strong data-start=\"2238\" data-end=\"2257\">molybden (Mo)<\/strong> f\u00f6rb\u00e4ttrar avsev\u00e4rt motst\u00e5ndet mot:\n<ul data-start=\"2298\" data-end=\"2368\">\n<li data-section-id=\"1kasw3m\" data-start=\"2298\" data-end=\"2320\">Kloridkorrosion<\/li>\n<li data-section-id=\"1or07zd\" data-start=\"2323\" data-end=\"2344\">Pittingkorrosion<\/li>\n<li data-section-id=\"1onky49\" data-start=\"2347\" data-end=\"2368\">Exponering f\u00f6r havsvatten<\/li>\n<\/ul>\n<\/li>\n<li data-section-id=\"1nzjqd8\" data-start=\"2369\" data-end=\"2434\">Renare st\u00e5lkonstruktion s\u00e4kerst\u00e4ller <strong data-start=\"2403\" data-end=\"2434\">stabil kemisk prestanda<\/strong><\/li>\n<\/ul>\n<h2 data-section-id=\"16fm4et\" data-start=\"2441\" data-end=\"2463\"><span role=\"text\"><strong data-start=\"2444\" data-end=\"2463\">7. Till\u00e4mpningar<\/strong><\/span><\/h2>\n<p data-start=\"2464\" data-end=\"2512\">316 rostfritt st\u00e5l wire rope anv\u00e4nds i stor utstr\u00e4ckning inom:<\/p>\n<ul data-start=\"2514\" data-end=\"2818\">\n<li data-section-id=\"5rria2\" data-start=\"2514\" data-end=\"2549\">Marin- och offshore-ingenj\u00f6rskonst<\/li>\n<li data-section-id=\"7o1xqs\" data-start=\"2550\" data-end=\"2583\">Kustbyggnadsprojekt<\/li>\n<li data-section-id=\"1r5tb74\" data-start=\"2584\" data-end=\"2622\">Kemi- och processindustrier<\/li>\n<li data-section-id=\"1j9tydd\" data-start=\"2623\" data-end=\"2657\">Skeppsbyggnad och hamnhantering<\/li>\n<li data-section-id=\"1bw6ns9\" data-start=\"2658\" data-end=\"2697\">Kraftverk och k\u00e4rnanl\u00e4ggningar<\/li>\n<li data-section-id=\"10kou17\" data-start=\"2698\" data-end=\"2727\">Livsmedelsbearbetningsutrustning<\/li>\n<li data-section-id=\"1sanjgw\" data-start=\"2728\" data-end=\"2770\">Lyft-, rigg- och hissystem<\/li>\n<li data-section-id=\"1q8y64d\" data-start=\"2771\" data-end=\"2818\">Arkitektoniska kabelsystem och r\u00e4cken<\/li>\n<\/ul>\n<h2 data-section-id=\"xhagqj\" data-start=\"2825\" data-end=\"2844\"><span role=\"text\"><strong data-start=\"2828\" data-end=\"2844\">8. Standarder<\/strong><\/span><\/h2>\n<ul data-start=\"2845\" data-end=\"2907\">\n<li data-section-id=\"1jwgap5\" data-start=\"2845\" data-end=\"2861\"><strong data-start=\"2847\" data-end=\"2854\">GB:<\/strong> GB\/T<\/li>\n<li data-section-id=\"1rynxp4\" data-start=\"2862\" data-end=\"2887\"><strong data-start=\"2864\" data-end=\"2885\">ASTM \/ AISI (USA)<\/strong><\/li>\n<li data-section-id=\"1hdlk31\" data-start=\"2888\" data-end=\"2907\"><strong data-start=\"2890\" data-end=\"2905\">JIS (Japan)<\/strong><\/li>\n<\/ul>\n<h2 data-section-id=\"1c2uxzz\" data-start=\"2914\" data-end=\"2945\"><span role=\"text\"><strong data-start=\"2917\" data-end=\"2945\">9. Anpassningsalternativ<\/strong><\/span><\/h2>\n<p data-start=\"2946\" data-end=\"3006\">Vi st\u00f6djer anpassad produktion baserat p\u00e5 dina krav:<\/p>\n<ul data-start=\"3008\" data-end=\"3126\">\n<li data-section-id=\"1fz3mxk\" data-start=\"3008\" data-end=\"3031\">Diameter och l\u00e4ngd<\/li>\n<li data-section-id=\"qkmqy5\" data-start=\"3032\" data-end=\"3053\">Konstruktions typ<\/li>\n<li data-section-id=\"1vdpdpj\" data-start=\"3054\" data-end=\"3097\">Ytbehandling (ljus, belagd, PVC)<\/li>\n<li data-section-id=\"1g9mduz\" data-start=\"3098\" data-end=\"3126\">F\u00f6rpackning och spole typ<\/li>\n<\/ul>","protected":false},"excerpt":{"rendered":"<p>316 rostfritt st\u00e5l wire rope tillverkas av h\u00f6gkvalitativ austenitisk rostfritt st\u00e5l som inneh\u00e5ller krom, nickel och molybden. J\u00e4mf\u00f6rt med standard 304 rostfritt st\u00e5l f\u00f6rb\u00e4ttrar tillsatsen av molybden korrosionsbest\u00e4ndigheten avsev\u00e4rt, s\u00e4rskilt i kloridrika och h\u00e5rda milj\u00f6er.<\/p>","protected":false},"featured_media":1497,"comment_status":"open","ping_status":"closed","template":"","meta":{"site-sidebar-layout":"default","site-content-layout":"","ast-site-content-layout":"default","site-content-style":"default","site-sidebar-style":"default","ast-global-header-display":"","ast-banner-title-visibility":"","ast-main-header-display":"","ast-hfb-above-header-display":"","ast-hfb-below-header-display":"","ast-hfb-mobile-header-display":"","site-post-title":"","ast-breadcrumbs-content":"","ast-featured-img":"","footer-sml-layout":"","ast-disable-related-posts":"","theme-transparent-header-meta":"default","adv-header-id-meta":"","stick-header-meta":"default","header-above-stick-meta":"","header-main-stick-meta":"","header-below-stick-meta":"","astra-migrate-meta-layouts":"set","ast-page-background-enabled":"default","ast-page-background-meta":{"desktop":{"background-color":"var(--ast-global-color-4)","background-image":"","background-repeat":"repeat","background-position":"center center","background-size":"auto","background-attachment":"scroll","background-type":"","background-media":"","overlay-type":"","overlay-color":"","overlay-opacity":"","overlay-gradient":""},"tablet":{"background-color":"","background-image":"","background-repeat":"repeat","background-position":"center center","background-size":"auto","background-attachment":"scroll","background-type":"","background-media":"","overlay-type":"","overlay-color":"","overlay-opacity":"","overlay-gradient":""},"mobile":{"background-color":"","background-image":"","background-repeat":"repeat","background-position":"center center","background-size":"auto","background-attachment":"scroll","background-type":"","background-media":"","overlay-type":"","overlay-color":"","overlay-opacity":"","overlay-gradient":""}},"ast-content-background-meta":{"desktop":{"background-color":"var(--ast-global-color-5)","background-image":"","background-repeat":"repeat","background-position":"center center","background-size":"auto","background-attachment":"scroll","background-type":"","background-media":"","overlay-type":"","overlay-color":"","overlay-opacity":"","overlay-gradient":""},"tablet":{"background-color":"var(--ast-global-color-5)","background-image":"","background-repeat":"repeat","background-position":"center center","background-size":"auto","background-attachment":"scroll","background-type":"","background-media":"","overlay-type":"","overlay-color":"","overlay-opacity":"","overlay-gradient":""},"mobile":{"background-color":"var(--ast-global-color-5)","background-image":"","background-repeat":"repeat","background-position":"center center","background-size":"auto","background-attachment":"scroll","background-type":"","background-media":"","overlay-type":"","overlay-color":"","overlay-opacity":"","overlay-gradient":""}}},"product_brand":[],"product_cat":[16],"product_tag":[51,68,65,33,32,67,64,56,66,27],"class_list":{"0":"post-1496","1":"product","2":"type-product","3":"status-publish","4":"has-post-thumbnail","6":"product_cat-wire-rope","7":"product_tag-316-stainless-steel-wire-rope","8":"product_tag-316-steel-cable-supplier","9":"product_tag-7x19-stainless-steel-cable","10":"product_tag-corrosion-resistant-wire-rope","11":"product_tag-industrial-wire-rope","12":"product_tag-marine-cable","13":"product_tag-marine-grade-wire-rope","14":"product_tag-stainless-steel-cable","15":"product_tag-stainless-steel-lifting-cable","16":"product_tag-wire-rope-manufacturer","17":"desktop-align-left","18":"tablet-align-left","19":"mobile-align-left","20":"ast-product-gallery-layout-horizontal-slider","21":"ast-product-tabs-layout-horizontal","23":"first","24":"instock","25":"shipping-taxable","26":"product-type-simple"},"_links":{"self":[{"href":"https:\/\/www.precisionwirerope.com\/sv\/wp-json\/wp\/v2\/product\/1496","targetHints":{"allow":["GET"]}}],"collection":[{"href":"https:\/\/www.precisionwirerope.com\/sv\/wp-json\/wp\/v2\/product"}],"about":[{"href":"https:\/\/www.precisionwirerope.com\/sv\/wp-json\/wp\/v2\/types\/product"}],"replies":[{"embeddable":true,"href":"https:\/\/www.precisionwirerope.com\/sv\/wp-json\/wp\/v2\/comments?post=1496"}],"wp:featuredmedia":[{"embeddable":true,"href":"https:\/\/www.precisionwirerope.com\/sv\/wp-json\/wp\/v2\/media\/1497"}],"wp:attachment":[{"href":"https:\/\/www.precisionwirerope.com\/sv\/wp-json\/wp\/v2\/media?parent=1496"}],"wp:term":[{"taxonomy":"product_brand","embeddable":true,"href":"https:\/\/www.precisionwirerope.com\/sv\/wp-json\/wp\/v2\/product_brand?post=1496"},{"taxonomy":"product_cat","embeddable":true,"href":"https:\/\/www.precisionwirerope.com\/sv\/wp-json\/wp\/v2\/product_cat?post=1496"},{"taxonomy":"product_tag","embeddable":true,"href":"https:\/\/www.precisionwirerope.com\/sv\/wp-json\/wp\/v2\/product_tag?post=1496"}],"curies":[{"name":"wp","href":"https:\/\/api.w.org\/{rel}","templated":true}]}}