{"id":1492,"date":"2026-03-22T02:52:03","date_gmt":"2026-03-22T02:52:03","guid":{"rendered":"https:\/\/www.precisionwirerope.com\/?post_type=product&#038;p=1492"},"modified":"2026-03-22T03:00:04","modified_gmt":"2026-03-22T03:00:04","slug":"304-stainless-steel-wire-rope-corrosion-resistant-industrial-cable-for-marine-lifting-and-construction-applications","status":"publish","type":"product","link":"https:\/\/www.precisionwirerope.com\/sv\/product\/304-stainless-steel-wire-rope-corrosion-resistant-industrial-cable-for-marine-lifting-and-construction-applications\/","title":{"rendered":"304 Rostfritt st\u00e5l Wire Rope \u2013 Korrosionsbest\u00e4ndig industriell kabel f\u00f6r marina, lyft- och byggapplikationer"},"content":{"rendered":"<h3 data-section-id=\"e9m2df\" data-start=\"99\" data-end=\"148\"><span role=\"text\"><strong data-start=\"103\" data-end=\"148\">1. Vad \u00e4r 304 rostfritt st\u00e5l wire rope?<\/strong><\/span><\/h3>\n<p data-start=\"150\" data-end=\"453\">304 rostfritt st\u00e5l wire rope \u00e4r tillverkat av en allm\u00e4nt anv\u00e4nd austenitisk rostfri st\u00e5ltyp k\u00e4nd f\u00f6r sin utm\u00e4rkta korrosionsbest\u00e4ndighet och formbarhet. Det inneh\u00e5ller cirka 18% krom och 8% nickel, ofta kallat 18\/8 rostfritt st\u00e5l (ASTM motsvarar AISI 304, GB-standard: 06Cr19Ni10).<\/p>\n<p data-start=\"455\" data-end=\"645\">Tack vare sina balanserade mekaniska och kemiska egenskaper \u00e4r 304 rostfritt st\u00e5l wire rope ett av de mest anv\u00e4nda materialen inom industriella, marina och arkitektoniska applikationer.<\/p>\n<h3 data-section-id=\"g2a40k\" data-start=\"652\" data-end=\"677\"><span role=\"text\"><strong data-start=\"656\" data-end=\"677\">2. Specifikationer<\/strong><\/span><\/h3>\n<p data-start=\"679\" data-end=\"749\">304 rostfria st\u00e5l wire ropes finns i ett brett utbud av storlekar:<\/p>\n<ul data-start=\"751\" data-end=\"918\">\n<li data-section-id=\"1bd1ls\" data-start=\"751\" data-end=\"790\"><strong data-start=\"753\" data-end=\"772\">Diameteromr\u00e5de:<\/strong> 0,03 mm \u2013 40 mm<\/li>\n<li data-section-id=\"82rtig\" data-start=\"791\" data-end=\"868\"><strong data-start=\"793\" data-end=\"813\">Ytbehandlingsalternativ:<\/strong> Blank, belagd (PVC\/nylon), galvaniserad k\u00e4rna valfri<\/li>\n<li data-section-id=\"187wep6\" data-start=\"869\" data-end=\"918\"><strong data-start=\"871\" data-end=\"894\">Konstruktionstyper:<\/strong> Flexibel eller kompakt<\/li>\n<\/ul>\n<h3 data-section-id=\"nroqjc\" data-start=\"925\" data-end=\"956\"><span role=\"text\"><strong data-start=\"929\" data-end=\"956\">3. Vanliga konstruktioner<\/strong><\/span><\/h3>\n<p data-start=\"958\" data-end=\"1050\">Vi erbjuder en m\u00e4ngd olika konstruktioner f\u00f6r att m\u00f6ta olika styrke- och flexibilitetskrav:<\/p>\n<ul data-start=\"1052\" data-end=\"1127\">\n<li data-section-id=\"15ak4k9\" data-start=\"1052\" data-end=\"1059\">1\u00d77<\/li>\n<li data-section-id=\"d3f806\" data-start=\"1060\" data-end=\"1068\">1\u00d719<\/li>\n<li data-section-id=\"15gmdy6\" data-start=\"1069\" data-end=\"1076\">6\u00d77<\/li>\n<li data-section-id=\"15ha9lr\" data-start=\"1077\" data-end=\"1084\">7\u00d77<\/li>\n<li data-section-id=\"j94lmo\" data-start=\"1085\" data-end=\"1093\">7\u00d719<\/li>\n<li data-section-id=\"j96dho\" data-start=\"1094\" data-end=\"1102\">7\u00d737<\/li>\n<li data-section-id=\"in8mqp\" data-start=\"1103\" data-end=\"1111\">6\u00d719<\/li>\n<li data-section-id=\"glai79\" data-start=\"1112\" data-end=\"1127\">6\u00d719 + IWRC<\/li>\n<\/ul>\n<p data-start=\"1129\" data-end=\"1174\">\ud83d\udc49 Mest anv\u00e4nda: <strong data-start=\"1150\" data-end=\"1174\">1\u00d77, 1\u00d719, 7\u00d77, 7\u00d719<\/strong><\/p>\n<h3 data-section-id=\"6wf81s\" data-start=\"1181\" data-end=\"1212\"><span role=\"text\"><strong data-start=\"1185\" data-end=\"1212\">4. Kemisk sammans\u00e4ttning<\/strong><\/span><\/h3>\n<div class=\"TyagGW_tableContainer\">\n<div class=\"group TyagGW_tableWrapper flex flex-col-reverse w-fit\" tabindex=\"-1\">\n<table class=\"w-fit min-w-(--thread-content-width)\" data-start=\"1214\" data-end=\"1453\">\n<thead data-start=\"1214\" data-end=\"1239\">\n<tr data-start=\"1214\" data-end=\"1239\">\n<th class=\"\" data-start=\"1214\" data-end=\"1224\" data-col-size=\"sm\">Element<\/th>\n<th class=\"\" data-start=\"1224\" data-end=\"1239\" data-col-size=\"sm\">Inneh\u00e5ll (%)<\/th>\n<\/tr>\n<\/thead>\n<tbody data-start=\"1264\" data-end=\"1453\">\n<tr data-start=\"1264\" data-end=\"1287\">\n<td data-start=\"1264\" data-end=\"1277\" data-col-size=\"sm\">Kol (C)<\/td>\n<td data-start=\"1277\" data-end=\"1287\" data-col-size=\"sm\">\u2264 0.07<\/td>\n<\/tr>\n<tr data-start=\"1288\" data-end=\"1312\">\n<td data-start=\"1288\" data-end=\"1303\" data-col-size=\"sm\">Kisel (Si)<\/td>\n<td data-start=\"1303\" data-end=\"1312\" data-col-size=\"sm\">\u2264 1.0<\/td>\n<\/tr>\n<tr data-start=\"1313\" data-end=\"1339\">\n<td data-start=\"1313\" data-end=\"1330\" data-col-size=\"sm\">Mangan (Mn)<\/td>\n<td data-start=\"1330\" data-end=\"1339\" data-col-size=\"sm\">\u2264 2.0<\/td>\n<\/tr>\n<tr data-start=\"1340\" data-end=\"1371\">\n<td data-start=\"1340\" data-end=\"1356\" data-col-size=\"sm\">Krom (Cr)<\/td>\n<td data-start=\"1356\" data-end=\"1371\" data-col-size=\"sm\">17.0 \u2013 19.0<\/td>\n<\/tr>\n<tr data-start=\"1372\" data-end=\"1400\">\n<td data-start=\"1372\" data-end=\"1386\" data-col-size=\"sm\">Nickel (Ni)<\/td>\n<td data-start=\"1386\" data-end=\"1400\" data-col-size=\"sm\">8.0 \u2013 11.0<\/td>\n<\/tr>\n<tr data-start=\"1401\" data-end=\"1424\">\n<td data-start=\"1401\" data-end=\"1414\" data-col-size=\"sm\">Svavel (S)<\/td>\n<td data-start=\"1414\" data-end=\"1424\" data-col-size=\"sm\">\u2264 0.03<\/td>\n<\/tr>\n<tr data-start=\"1425\" data-end=\"1453\">\n<td data-start=\"1425\" data-end=\"1442\" data-col-size=\"sm\">Fosfor (P)<\/td>\n<td data-start=\"1442\" data-end=\"1453\" data-col-size=\"sm\">\u2264 0.035<\/td>\n<\/tr>\n<\/tbody>\n<\/table>\n<\/div>\n<\/div>\n<h3 data-section-id=\"giwx50\" data-start=\"1460\" data-end=\"1503\"><span role=\"text\"><strong data-start=\"1464\" data-end=\"1503\">5. Mekaniska och fysikaliska egenskaper<\/strong><\/span><\/h3>\n<div class=\"TyagGW_tableContainer\">\n<div class=\"group TyagGW_tableWrapper flex flex-col-reverse w-fit\" tabindex=\"-1\">\n<table class=\"w-fit min-w-(--thread-content-width)\" data-start=\"1505\" data-end=\"1767\">\n<thead data-start=\"1505\" data-end=\"1525\">\n<tr data-start=\"1505\" data-end=\"1525\">\n<th class=\"\" data-start=\"1505\" data-end=\"1516\" data-col-size=\"sm\">Egenskap<\/th>\n<th class=\"\" data-start=\"1516\" data-end=\"1525\" data-col-size=\"sm\">V\u00e4rde<\/th>\n<\/tr>\n<\/thead>\n<tbody data-start=\"1545\" data-end=\"1767\">\n<tr data-start=\"1545\" data-end=\"1575\">\n<td data-start=\"1545\" data-end=\"1562\" data-col-size=\"sm\">Flytande styrka<\/td>\n<td data-start=\"1562\" data-end=\"1575\" data-col-size=\"sm\">\u2265 205 MPa<\/td>\n<\/tr>\n<tr data-start=\"1576\" data-end=\"1608\">\n<td data-start=\"1576\" data-end=\"1595\" data-col-size=\"sm\">Dragh\u00e5llfasthet<\/td>\n<td data-start=\"1595\" data-end=\"1608\" data-col-size=\"sm\">\u2265 520 MPa<\/td>\n<\/tr>\n<tr data-start=\"1609\" data-end=\"1631\">\n<td data-start=\"1609\" data-end=\"1622\" data-col-size=\"sm\">F\u00f6rl\u00e4ngning<\/td>\n<td data-start=\"1622\" data-end=\"1631\" data-col-size=\"sm\">\u2265 40%<\/td>\n<\/tr>\n<tr data-start=\"1632\" data-end=\"1666\">\n<td data-start=\"1632\" data-end=\"1643\" data-col-size=\"sm\">H\u00e5rdhet<\/td>\n<td data-start=\"1643\" data-end=\"1666\" data-col-size=\"sm\">HB \u2264 187 \/ HRB \u2264 90<\/td>\n<\/tr>\n<tr data-start=\"1667\" data-end=\"1691\">\n<td data-start=\"1667\" data-end=\"1677\" data-col-size=\"sm\">Densitet<\/td>\n<td data-start=\"1677\" data-end=\"1691\" data-col-size=\"sm\">7.93 g\/cm\u00b3<\/td>\n<\/tr>\n<tr data-start=\"1692\" data-end=\"1725\">\n<td data-start=\"1692\" data-end=\"1708\" data-col-size=\"sm\">Sm\u00e4ltpunkt<\/td>\n<td data-col-size=\"sm\" data-start=\"1708\" data-end=\"1725\">1398 \u2013 1420\u00b0C<\/td>\n<\/tr>\n<tr data-start=\"1726\" data-end=\"1767\">\n<td data-start=\"1726\" data-end=\"1751\" data-col-size=\"sm\">Elektrisk resistivitet<\/td>\n<td data-start=\"1751\" data-end=\"1767\" data-col-size=\"sm\">0.73 \u03a9\u00b7mm\u00b2\/m<\/td>\n<\/tr>\n<\/tbody>\n<\/table>\n<\/div>\n<\/div>\n<hr data-start=\"1769\" data-end=\"1772\" \/>\n<h3 data-section-id=\"1wy15uy\" data-start=\"1774\" data-end=\"1860\"><span role=\"text\"><strong data-start=\"1778\" data-end=\"1860\">6. Varf\u00f6r har 304 rostfritt st\u00e5l wireremmar utm\u00e4rkt korrosionsbest\u00e4ndighet?<\/strong><\/span><\/h3>\n<p data-start=\"1862\" data-end=\"2119\">Korrosionsbest\u00e4ndigheten hos 304 rostfritt st\u00e5l kommer fr\u00e5n dess krominneh\u00e5ll. Krom reagerar med syre i luften f\u00f6r att bilda ett tunt, stabilt kromoxidlager p\u00e5 ytan. Denna passiva film skyddar materialet fr\u00e5n ytterligare oxidation och korrosion.<\/p>\n<p data-start=\"2121\" data-end=\"2355\">Nickel f\u00f6rb\u00e4ttrar ytterligare korrosionsbest\u00e4ndigheten och f\u00f6rb\u00e4ttrar seghet och duktilitet. F\u00f6r att uppr\u00e4tth\u00e5lla l\u00e5ngsiktig korrosionsbest\u00e4ndighet kr\u00e4ver internationella standarder minst 12% krominneh\u00e5ll\u2014304 rostfritt st\u00e5l \u00f6verstiger detta krav.<\/p>\n<h3 data-section-id=\"1sfd7bq\" data-start=\"2362\" data-end=\"2385\"><span role=\"text\"><strong data-start=\"2366\" data-end=\"2385\">7. Till\u00e4mpningar<\/strong><\/span><\/h3>\n<p data-start=\"2387\" data-end=\"2495\">304 rostfritt st\u00e5l wireremmar anv\u00e4nds i stor utstr\u00e4ckning inom industrier som kr\u00e4ver b\u00e5de styrka och korrosionsbest\u00e4ndighet:<\/p>\n<ul data-start=\"2497\" data-end=\"2812\">\n<li data-section-id=\"193oore\" data-start=\"2497\" data-end=\"2537\"><strong data-start=\"2499\" data-end=\"2535\">Marin- och offshore-till\u00e4mpningar<\/strong><\/li>\n<li data-section-id=\"1yr4t7d\" data-start=\"2538\" data-end=\"2583\"><strong data-start=\"2540\" data-end=\"2581\">Bygg- och arkitektoniska kablar<\/strong><\/li>\n<li data-section-id=\"1j4mhl\" data-start=\"2584\" data-end=\"2619\"><strong data-start=\"2586\" data-end=\"2617\">Lyft- och riggsystem<\/strong><\/li>\n<li data-section-id=\"zc5czv\" data-start=\"2620\" data-end=\"2653\"><strong data-start=\"2622\" data-end=\"2651\">Livsmedelsbearbetningsutrustning<\/strong><\/li>\n<li data-section-id=\"11qr8sq\" data-start=\"2654\" data-end=\"2695\"><strong data-start=\"2656\" data-end=\"2693\">Kemisk och industriell utrustning<\/strong><\/li>\n<li data-section-id=\"y437tx\" data-start=\"2696\" data-end=\"2732\"><strong data-start=\"2698\" data-end=\"2730\">S\u00e4kerhetskablar och r\u00e4cken<\/strong><\/li>\n<li data-section-id=\"1s0prrr\" data-start=\"2733\" data-end=\"2773\"><strong data-start=\"2735\" data-end=\"2771\">Fiskelinor och kontrollkablar<\/strong><\/li>\n<li data-section-id=\"2f7dfh\" data-start=\"2774\" data-end=\"2812\"><strong data-start=\"2776\" data-end=\"2810\">Hissar och lyftsystem<\/strong><\/li>\n<\/ul>\n<p data-start=\"2814\" data-end=\"2905\">Det anv\u00e4nds ocks\u00e5 vanligtvis i belagda former (PVC eller nylon) f\u00f6r \u00f6kad h\u00e5llbarhet och s\u00e4kerhet.<\/p>\n<h3 data-section-id=\"auvml\" data-start=\"2912\" data-end=\"2944\"><span role=\"text\"><strong data-start=\"2916\" data-end=\"2944\">8. Anpassningsalternativ<\/strong><\/span><\/h3>\n<p data-start=\"2946\" data-end=\"3023\">Vi erbjuder flexibel anpassning f\u00f6r att m\u00f6ta dina specifika projektkrav:<\/p>\n<ul data-start=\"3025\" data-end=\"3233\">\n<li data-section-id=\"19z3taj\" data-start=\"3025\" data-end=\"3055\">Anpassad diameter och l\u00e4ngd<\/li>\n<li data-section-id=\"eau3kn\" data-start=\"3056\" data-end=\"3102\">Olika konstruktioner och tr\u00e5ddesigner<\/li>\n<li data-section-id=\"1pvcvte\" data-start=\"3103\" data-end=\"3153\">PVC \/ Nylon bel\u00e4ggning (flera f\u00e4rger tillg\u00e4ngliga)<\/li>\n<li data-section-id=\"17qulmx\" data-start=\"3154\" data-end=\"3194\">F\u00f6rskurna och monterade wire rope-kit<\/li>\n<li data-section-id=\"1ifnabl\" data-start=\"3195\" data-end=\"3233\">Speciell f\u00f6rpackning och OEM-m\u00e4rkning<\/li>\n<\/ul>\n<h3 data-section-id=\"ohslnw\" data-start=\"3240\" data-end=\"3264\"><span role=\"text\"><strong data-start=\"3244\" data-end=\"3264\">9. Varf\u00f6r v\u00e4lja oss<\/strong><\/span><\/h3>\n<ul data-start=\"3266\" data-end=\"3476\">\n<li data-section-id=\"5vc80a\" data-start=\"3266\" data-end=\"3318\">Strikt kvalitetskontroll och materialsp\u00e5rbarhet<\/li>\n<li data-section-id=\"c2t962\" data-start=\"3319\" data-end=\"3355\">Stort lager och snabb leverans<\/li>\n<li data-section-id=\"1lar1hp\" data-start=\"3356\" data-end=\"3386\">Anpassat ingenj\u00f6rsst\u00f6d<\/li>\n<li data-section-id=\"18yrkc1\" data-start=\"3387\" data-end=\"3426\">Konkurrenskraftiga priser f\u00f6r bulkbest\u00e4llningar<\/li>\n<li data-section-id=\"1gdzeup\" data-start=\"3427\" data-end=\"3476\">P\u00e5litlig leverant\u00f6r f\u00f6r industriella till\u00e4mpningar<\/li>\n<\/ul>","protected":false},"excerpt":{"rendered":"<p>304 rostfritt st\u00e5l wire rope \u00e4r tillverkat av en allm\u00e4nt anv\u00e4nd austenitisk rostfri st\u00e5ltyp k\u00e4nd f\u00f6r sin utm\u00e4rkta korrosionsbest\u00e4ndighet och formbarhet. Det inneh\u00e5ller cirka 18% krom och 8% nickel, ofta kallat 18\/8 rostfritt st\u00e5l (ASTM motsvarar AISI 304, GB-standard: 06Cr19Ni10).<\/p>","protected":false},"featured_media":1493,"comment_status":"open","ping_status":"closed","template":"","meta":{"site-sidebar-layout":"default","site-content-layout":"","ast-site-content-layout":"default","site-content-style":"default","site-sidebar-style":"default","ast-global-header-display":"","ast-banner-title-visibility":"","ast-main-header-display":"","ast-hfb-above-header-display":"","ast-hfb-below-header-display":"","ast-hfb-mobile-header-display":"","site-post-title":"","ast-breadcrumbs-content":"","ast-featured-img":"","footer-sml-layout":"","ast-disable-related-posts":"","theme-transparent-header-meta":"default","adv-header-id-meta":"","stick-header-meta":"default","header-above-stick-meta":"","header-main-stick-meta":"","header-below-stick-meta":"","astra-migrate-meta-layouts":"set","ast-page-background-enabled":"default","ast-page-background-meta":{"desktop":{"background-color":"var(--ast-global-color-4)","background-image":"","background-repeat":"repeat","background-position":"center center","background-size":"auto","background-attachment":"scroll","background-type":"","background-media":"","overlay-type":"","overlay-color":"","overlay-opacity":"","overlay-gradient":""},"tablet":{"background-color":"","background-image":"","background-repeat":"repeat","background-position":"center center","background-size":"auto","background-attachment":"scroll","background-type":"","background-media":"","overlay-type":"","overlay-color":"","overlay-opacity":"","overlay-gradient":""},"mobile":{"background-color":"","background-image":"","background-repeat":"repeat","background-position":"center center","background-size":"auto","background-attachment":"scroll","background-type":"","background-media":"","overlay-type":"","overlay-color":"","overlay-opacity":"","overlay-gradient":""}},"ast-content-background-meta":{"desktop":{"background-color":"var(--ast-global-color-5)","background-image":"","background-repeat":"repeat","background-position":"center center","background-size":"auto","background-attachment":"scroll","background-type":"","background-media":"","overlay-type":"","overlay-color":"","overlay-opacity":"","overlay-gradient":""},"tablet":{"background-color":"var(--ast-global-color-5)","background-image":"","background-repeat":"repeat","background-position":"center center","background-size":"auto","background-attachment":"scroll","background-type":"","background-media":"","overlay-type":"","overlay-color":"","overlay-opacity":"","overlay-gradient":""},"mobile":{"background-color":"var(--ast-global-color-5)","background-image":"","background-repeat":"repeat","background-position":"center center","background-size":"auto","background-attachment":"scroll","background-type":"","background-media":"","overlay-type":"","overlay-color":"","overlay-opacity":"","overlay-gradient":""}}},"product_brand":[],"product_cat":[16],"product_tag":[55,57,59,33,63,43,32,44,35,61,60,56,58,62,27],"class_list":{"0":"post-1492","1":"product","2":"type-product","3":"status-publish","4":"has-post-thumbnail","6":"product_cat-wire-rope","7":"product_tag-304-stainless-steel-wire-rope","8":"product_tag-7x19-wire-rope","9":"product_tag-coated-wire-rope","10":"product_tag-corrosion-resistant-wire-rope","11":"product_tag-flexible-wire-rope","12":"product_tag-high-strength-wire-rope","13":"product_tag-industrial-wire-rope","14":"product_tag-lifting-wire-rope","15":"product_tag-marine-wire-rope","16":"product_tag-nylon-coated-cable","17":"product_tag-pvc-wire-rope","18":"product_tag-stainless-steel-cable","19":"product_tag-stainless-steel-cable-supplier","20":"product_tag-stainless-steel-rigging-cable","21":"product_tag-wire-rope-manufacturer","22":"desktop-align-left","23":"tablet-align-left","24":"mobile-align-left","25":"ast-product-gallery-layout-horizontal-slider","26":"ast-product-tabs-layout-horizontal","28":"first","29":"instock","30":"shipping-taxable","31":"product-type-simple"},"_links":{"self":[{"href":"https:\/\/www.precisionwirerope.com\/sv\/wp-json\/wp\/v2\/product\/1492","targetHints":{"allow":["GET"]}}],"collection":[{"href":"https:\/\/www.precisionwirerope.com\/sv\/wp-json\/wp\/v2\/product"}],"about":[{"href":"https:\/\/www.precisionwirerope.com\/sv\/wp-json\/wp\/v2\/types\/product"}],"replies":[{"embeddable":true,"href":"https:\/\/www.precisionwirerope.com\/sv\/wp-json\/wp\/v2\/comments?post=1492"}],"wp:featuredmedia":[{"embeddable":true,"href":"https:\/\/www.precisionwirerope.com\/sv\/wp-json\/wp\/v2\/media\/1493"}],"wp:attachment":[{"href":"https:\/\/www.precisionwirerope.com\/sv\/wp-json\/wp\/v2\/media?parent=1492"}],"wp:term":[{"taxonomy":"product_brand","embeddable":true,"href":"https:\/\/www.precisionwirerope.com\/sv\/wp-json\/wp\/v2\/product_brand?post=1492"},{"taxonomy":"product_cat","embeddable":true,"href":"https:\/\/www.precisionwirerope.com\/sv\/wp-json\/wp\/v2\/product_cat?post=1492"},{"taxonomy":"product_tag","embeddable":true,"href":"https:\/\/www.precisionwirerope.com\/sv\/wp-json\/wp\/v2\/product_tag?post=1492"}],"curies":[{"name":"wp","href":"https:\/\/api.w.org\/{rel}","templated":true}]}}