{"id":594,"date":"2026-03-18T06:08:29","date_gmt":"2026-03-18T06:08:29","guid":{"rendered":"https:\/\/www.precisionwirerope.com\/about-us\/"},"modified":"2026-05-10T09:12:19","modified_gmt":"2026-05-10T09:12:19","slug":"about-us","status":"publish","type":"page","link":"https:\/\/www.precisionwirerope.com\/pt\/about-us\/","title":{"rendered":"Sobre N\u00f3s"},"content":{"rendered":"<div data-elementor-type=\"wp-page\" data-elementor-id=\"594\" class=\"elementor elementor-594\" data-elementor-post-type=\"page\">\n\t\t\t\t<div class=\"elementor-element elementor-element-071f7e0 e-flex e-con-boxed e-con e-parent\" data-id=\"071f7e0\" data-element_type=\"container\" data-e-type=\"container\" data-settings=\"{&quot;background_background&quot;:&quot;classic&quot;}\">\n\t\t\t\t\t<div class=\"e-con-inner\">\n\t\t\t\t<div class=\"elementor-element elementor-element-2c6f4b1 elementor-widget elementor-widget-image-box\" data-id=\"2c6f4b1\" data-element_type=\"widget\" data-e-type=\"widget\" data-widget_type=\"image-box.default\">\n\t\t\t\t<div class=\"elementor-widget-container\">\n\t\t\t\t\t<div class=\"elementor-image-box-wrapper\"><div class=\"elementor-image-box-content\"><h1 class=\"elementor-image-box-title\">Sobre N\u00f3s<\/h1><p class=\"elementor-image-box-description\">Bem-vindo \u00e0 Corda de A\u00e7o de Precis\u00e3o, onde a expertise em engenharia encontra desempenho confi\u00e1vel. N\u00f3s nos especializamos em fornecer solu\u00e7\u00f5es de corda de a\u00e7o de alta qualidade projetadas para atender \u00e0s exig\u00eancias rigorosas das ind\u00fastrias modernas. Com um forte foco em precis\u00e3o, durabilidade e consist\u00eancia, ajudamos nossos clientes a alcan\u00e7ar opera\u00e7\u00f5es seguras e eficientes.<\/p><\/div><\/div>\t\t\t\t<\/div>\n\t\t\t\t<\/div>\n\t\t\t\t\t<\/div>\n\t\t\t\t<\/div>\n\t\t<div class=\"elementor-element elementor-element-8bceba8 e-flex e-con-boxed e-con e-parent\" data-id=\"8bceba8\" data-element_type=\"container\" data-e-type=\"container\" data-settings=\"{&quot;background_background&quot;:&quot;classic&quot;}\">\n\t\t\t\t\t<div class=\"e-con-inner\">\n\t\t\t\t<div class=\"elementor-element elementor-element-c2477d7 elementor-widget elementor-widget-image-box\" data-id=\"c2477d7\" data-element_type=\"widget\" data-e-type=\"widget\" data-widget_type=\"image-box.default\">\n\t\t\t\t<div class=\"elementor-widget-container\">\n\t\t\t\t\t<div class=\"elementor-image-box-wrapper\"><div class=\"elementor-image-box-content\"><h2 class=\"elementor-image-box-title\">Quem somos<\/h2><p class=\"elementor-image-box-description\">A Corda de A\u00e7o de Precis\u00e3o \u00e9 um fabricante e fornecedor confi\u00e1vel de cordas de a\u00e7o industriais e solu\u00e7\u00f5es relacionadas. Apoiada por capacidades de produ\u00e7\u00e3o avan\u00e7adas e controle de qualidade rigoroso, atendemos clientes em todo o mundo em uma ampla gama de ind\u00fastrias, fornecendo produtos que funcionam de forma confi\u00e1vel em aplica\u00e7\u00f5es cr\u00edticas.<\/p><\/div><\/div>\t\t\t\t<\/div>\n\t\t\t\t<\/div>\n\t\t\t\t<div class=\"elementor-element elementor-element-ed7f4b4 elementor-widget elementor-widget-image\" data-id=\"ed7f4b4\" data-element_type=\"widget\" data-e-type=\"widget\" data-widget_type=\"image.default\">\n\t\t\t\t<div class=\"elementor-widget-container\">\n\t\t\t\t\t\t\t\t\t\t\t\t\t\t\t<img fetchpriority=\"high\" decoding=\"async\" width=\"1024\" height=\"532\" src=\"https:\/\/www.precisionwirerope.com\/wp-content\/uploads\/2026\/05\/wire-rope-1024x532.png\" class=\"attachment-large size-large wp-image-1560\" alt=\"\" srcset=\"https:\/\/www.precisionwirerope.com\/wp-content\/uploads\/2026\/05\/wire-rope-1024x532.png 1024w, https:\/\/www.precisionwirerope.com\/wp-content\/uploads\/2026\/05\/wire-rope-300x156.png 300w, https:\/\/www.precisionwirerope.com\/wp-content\/uploads\/2026\/05\/wire-rope-768x399.png 768w, https:\/\/www.precisionwirerope.com\/wp-content\/uploads\/2026\/05\/wire-rope-1536x798.png 1536w, https:\/\/www.precisionwirerope.com\/wp-content\/uploads\/2026\/05\/wire-rope-600x312.png 600w, https:\/\/www.precisionwirerope.com\/wp-content\/uploads\/2026\/05\/wire-rope.png 1739w\" sizes=\"(max-width: 1024px) 100vw, 1024px\" \/>\t\t\t\t\t\t\t\t\t\t\t\t\t\t\t<\/div>\n\t\t\t\t<\/div>\n\t\t\t\t\t<\/div>\n\t\t\t\t<\/div>\n\t\t<div class=\"elementor-element elementor-element-c1878d7 e-flex e-con-boxed e-con e-parent\" data-id=\"c1878d7\" data-element_type=\"container\" data-e-type=\"container\" data-settings=\"{&quot;background_background&quot;:&quot;classic&quot;}\">\n\t\t\t\t\t<div class=\"e-con-inner\">\n\t\t\t\t<div class=\"elementor-element elementor-element-fc0abf1 elementor-widget elementor-widget-image-box\" data-id=\"fc0abf1\" data-element_type=\"widget\" data-e-type=\"widget\" data-widget_type=\"image-box.default\">\n\t\t\t\t<div class=\"elementor-widget-container\">\n\t\t\t\t\t<div class=\"elementor-image-box-wrapper\"><div class=\"elementor-image-box-content\"><h2 class=\"elementor-image-box-title\">For\u00e7as Centrais<\/h2><p class=\"elementor-image-box-description\">Com instala\u00e7\u00f5es de fabrica\u00e7\u00e3o modernas e uma equipe t\u00e9cnica qualificada, estamos comprometidos em entregar produtos que atendam aos padr\u00f5es internacionais. Nossa for\u00e7a reside na engenharia de precis\u00e3o, personaliza\u00e7\u00e3o flex\u00edvel e melhoria cont\u00ednua para garantir valor a longo prazo para nossos clientes.<\/p><\/div><\/div>\t\t\t\t<\/div>\n\t\t\t\t<\/div>\n\t\t<div class=\"elementor-element elementor-element-76fbaff e-con-full e-flex e-con e-child\" data-id=\"76fbaff\" data-element_type=\"container\" data-e-type=\"container\">\n\t\t<div class=\"elementor-element elementor-element-6ee184d e-con-full e-flex e-con e-child\" data-id=\"6ee184d\" data-element_type=\"container\" data-e-type=\"container\">\n\t\t\t\t<div class=\"elementor-element elementor-element-fb5e25c elementor-widget elementor-widget-image-box\" data-id=\"fb5e25c\" data-element_type=\"widget\" data-e-type=\"widget\" data-widget_type=\"image-box.default\">\n\t\t\t\t<div class=\"elementor-widget-container\">\n\t\t\t\t\t<div class=\"elementor-image-box-wrapper\"><div class=\"elementor-image-box-content\"><h3 class=\"elementor-image-box-title\">Confi\u00e1vel<\/h3><p class=\"elementor-image-box-description\">N\u00f3s entregamos qualidade consistente na qual voc\u00ea pode confiar. Cada produto \u00e9 fabricado e testado para garantir estabilidade, seguran\u00e7a e longa vida \u00fatil em ambientes exigentes.<\/p><\/div><\/div>\t\t\t\t<\/div>\n\t\t\t\t<\/div>\n\t\t\t\t<\/div>\n\t\t<div class=\"elementor-element elementor-element-a8ac873 e-con-full e-flex e-con e-child\" data-id=\"a8ac873\" data-element_type=\"container\" data-e-type=\"container\">\n\t\t\t\t<div class=\"elementor-element elementor-element-e139aa5 elementor-widget elementor-widget-image-box\" data-id=\"e139aa5\" data-element_type=\"widget\" data-e-type=\"widget\" data-widget_type=\"image-box.default\">\n\t\t\t\t<div class=\"elementor-widget-container\">\n\t\t\t\t\t<div class=\"elementor-image-box-wrapper\"><div class=\"elementor-image-box-content\"><h3 class=\"elementor-image-box-title\">Profissional<\/h3><p class=\"elementor-image-box-description\">Nossa equipe experiente segue padr\u00f5es rigorosos da ind\u00fastria e processos de produ\u00e7\u00e3o, garantindo que cada corda de a\u00e7o seja projetada com precis\u00e3o e aten\u00e7\u00e3o aos detalhes.<\/p><\/div><\/div>\t\t\t\t<\/div>\n\t\t\t\t<\/div>\n\t\t\t\t<\/div>\n\t\t<div class=\"elementor-element elementor-element-3c8ddf9 e-con-full e-flex e-con e-child\" data-id=\"3c8ddf9\" data-element_type=\"container\" data-e-type=\"container\">\n\t\t\t\t<div class=\"elementor-element elementor-element-963cdb9 elementor-widget elementor-widget-image-box\" data-id=\"963cdb9\" data-element_type=\"widget\" data-e-type=\"widget\" data-widget_type=\"image-box.default\">\n\t\t\t\t<div class=\"elementor-widget-container\">\n\t\t\t\t\t<div class=\"elementor-image-box-wrapper\"><div class=\"elementor-image-box-content\"><h3 class=\"elementor-image-box-title\">Confi\u00e1vel<\/h3><p class=\"elementor-image-box-description\">Nosso compromisso com a qualidade e o servi\u00e7o conquistou a confian\u00e7a de clientes em todo o mundo. N\u00f3s nos concentramos em construir parcerias de longo prazo por meio de produtos confi\u00e1veis e suporte responsivo.<\/p><\/div><\/div>\t\t\t\t<\/div>\n\t\t\t\t<\/div>\n\t\t\t\t<\/div>\n\t\t\t\t<\/div>\n\t\t\t\t\t<\/div>\n\t\t\t\t<\/div>\n\t\t<div class=\"elementor-element elementor-element-d18d709 e-flex e-con-boxed e-con e-parent\" data-id=\"d18d709\" data-element_type=\"container\" data-e-type=\"container\" data-settings=\"{&quot;background_background&quot;:&quot;classic&quot;}\">\n\t\t\t\t\t<div class=\"e-con-inner\">\n\t\t<div class=\"elementor-element elementor-element-81e508f e-con-full e-flex e-con e-child\" data-id=\"81e508f\" data-element_type=\"container\" data-e-type=\"container\">\n\t\t\t\t<div class=\"elementor-element elementor-element-6670386 elementor-widget__width-initial elementor-widget-mobile__width-inherit elementor-widget elementor-widget-heading\" data-id=\"6670386\" data-element_type=\"widget\" data-e-type=\"widget\" data-widget_type=\"heading.default\">\n\t\t\t\t<div class=\"elementor-widget-container\">\n\t\t\t\t\t<h2 class=\"elementor-heading-title elementor-size-default\">Ind\u00fastrias &amp; Clientes<\/h2>\t\t\t\t<\/div>\n\t\t\t\t<\/div>\n\t\t\t\t<div class=\"elementor-element elementor-element-5de8cf7 elementor-widget__width-initial elementor-widget-mobile__width-inherit elementor-widget elementor-widget-heading\" data-id=\"5de8cf7\" data-element_type=\"widget\" data-e-type=\"widget\" data-widget_type=\"heading.default\">\n\t\t\t\t<div class=\"elementor-widget-container\">\n\t\t\t\t\t<p class=\"elementor-heading-title elementor-size-default\">Temos apoiado empresas em ind\u00fastrias como constru\u00e7\u00e3o, eleva\u00e7\u00e3o, marinha e m\u00e1quinas industriais. Nossas solu\u00e7\u00f5es s\u00e3o adaptadas para atender a requisitos operacionais espec\u00edficos, ajudando os clientes a melhorar a efici\u00eancia, seguran\u00e7a e desempenho.<\/p>\t\t\t\t<\/div>\n\t\t\t\t<\/div>\n\t\t\t\t<\/div>\n\t\t<div class=\"elementor-element elementor-element-1f4d1be e-con-full e-flex e-con e-child\" data-id=\"1f4d1be\" data-element_type=\"container\" data-e-type=\"container\">\n\t\t\t\t<\/div>\n\t\t\t\t\t<\/div>\n\t\t\t\t<\/div>\n\t\t<div class=\"elementor-element elementor-element-5d22111 e-flex e-con-boxed e-con e-parent\" data-id=\"5d22111\" data-element_type=\"container\" data-e-type=\"container\" data-settings=\"{&quot;background_background&quot;:&quot;classic&quot;}\">\n\t\t\t\t\t<div class=\"e-con-inner\">\n\t\t\t\t<div class=\"elementor-element elementor-element-161e116 elementor-widget elementor-widget-heading\" data-id=\"161e116\" data-element_type=\"widget\" data-e-type=\"widget\" data-widget_type=\"heading.default\">\n\t\t\t\t<div class=\"elementor-widget-container\">\n\t\t\t\t\t<h2 class=\"elementor-heading-title elementor-size-default\">N\u00f3s entregamos solu\u00e7\u00f5es de corda de a\u00e7o de alta qualidade projetadas para precis\u00e3o e durabilidade.<\/h2>\t\t\t\t<\/div>\n\t\t\t\t<\/div>\n\t\t\t\t<div class=\"elementor-element elementor-element-3e5fbee elementor-widget elementor-widget-heading\" data-id=\"3e5fbee\" data-element_type=\"widget\" data-e-type=\"widget\" data-widget_type=\"heading.default\">\n\t\t\t\t<div class=\"elementor-widget-container\">\n\t\t\t\t\t<p class=\"elementor-heading-title elementor-size-default\">Nossa equipe est\u00e1 comprometida em entender suas necessidades espec\u00edficas e fornecer produtos confi\u00e1veis que aumentem a seguran\u00e7a, efici\u00eancia e consist\u00eancia operacional.<\/p>\t\t\t\t<\/div>\n\t\t\t\t<\/div>\n\t\t\t\t<div class=\"elementor-element elementor-element-414f36d elementor-align-center elementor-widget elementor-widget-button\" data-id=\"414f36d\" data-element_type=\"widget\" data-e-type=\"widget\" data-widget_type=\"button.default\">\n\t\t\t\t<div class=\"elementor-widget-container\">\n\t\t\t\t\t\t\t\t\t<div class=\"elementor-button-wrapper\">\n\t\t\t\t\t<a class=\"elementor-button elementor-button-link elementor-size-sm\" href=\"#\">\n\t\t\t\t\t\t<span class=\"elementor-button-content-wrapper\">\n\t\t\t\t\t\t\t\t\t<span class=\"elementor-button-text\">Entre em contato<\/span>\n\t\t\t\t\t<\/span>\n\t\t\t\t\t<\/a>\n\t\t\t\t<\/div>\n\t\t\t\t\t\t\t\t<\/div>\n\t\t\t\t<\/div>\n\t\t\t\t\t<\/div>\n\t\t\t\t<\/div>\n\t\t\t\t<\/div>","protected":false},"excerpt":{"rendered":"<p>About Us Welcome to Precision Wire Rope, where engineering expertise meets reliable performance. We specialize in delivering high-quality wire rope solutions designed to meet the demanding needs of modern industries. With a strong focus on precision, durability, and consistency, we help our clients achieve safe and efficient operations. Who we are Precision Wire Rope is [&hellip;]<\/p>\n","protected":false},"author":1,"featured_media":0,"parent":0,"menu_order":0,"comment_status":"closed","ping_status":"closed","template":"","meta":{"site-sidebar-layout":"no-sidebar","site-content-layout":"page-builder","ast-site-content-layout":"full-width-container","site-content-style":"default","site-sidebar-style":"default","ast-global-header-display":"","ast-banner-title-visibility":"disabled","ast-main-header-display":"","ast-hfb-above-header-display":"","ast-hfb-below-header-display":"","ast-hfb-mobile-header-display":"","site-post-title":"","ast-breadcrumbs-content":"","ast-featured-img":"disabled","footer-sml-layout":"","ast-disable-related-posts":"","theme-transparent-header-meta":"enabled","adv-header-id-meta":"","stick-header-meta":"","header-above-stick-meta":"","header-main-stick-meta":"","header-below-stick-meta":"","astra-migrate-meta-layouts":"set","ast-page-background-enabled":"default","ast-page-background-meta":{"desktop":{"background-color":"var(--ast-global-color-4)","background-image":"","background-repeat":"repeat","background-position":"center center","background-size":"auto","background-attachment":"scroll","background-type":"","background-media":"","overlay-type":"","overlay-color":"","overlay-opacity":"","overlay-gradient":""},"tablet":{"background-color":"","background-image":"","background-repeat":"repeat","background-position":"center center","background-size":"auto","background-attachment":"scroll","background-type":"","background-media":"","overlay-type":"","overlay-color":"","overlay-opacity":"","overlay-gradient":""},"mobile":{"background-color":"","background-image":"","background-repeat":"repeat","background-position":"center center","background-size":"auto","background-attachment":"scroll","background-type":"","background-media":"","overlay-type":"","overlay-color":"","overlay-opacity":"","overlay-gradient":""}},"ast-content-background-meta":{"desktop":{"background-color":"var(--ast-global-color-5)","background-image":"","background-repeat":"repeat","background-position":"center center","background-size":"auto","background-attachment":"scroll","background-type":"","background-media":"","overlay-type":"","overlay-color":"","overlay-opacity":"","overlay-gradient":""},"tablet":{"background-color":"var(--ast-global-color-5)","background-image":"","background-repeat":"repeat","background-position":"center center","background-size":"auto","background-attachment":"scroll","background-type":"","background-media":"","overlay-type":"","overlay-color":"","overlay-opacity":"","overlay-gradient":""},"mobile":{"background-color":"var(--ast-global-color-5)","background-image":"","background-repeat":"repeat","background-position":"center center","background-size":"auto","background-attachment":"scroll","background-type":"","background-media":"","overlay-type":"","overlay-color":"","overlay-opacity":"","overlay-gradient":""}},"footnotes":""},"class_list":["post-594","page","type-page","status-publish","hentry"],"_links":{"self":[{"href":"https:\/\/www.precisionwirerope.com\/pt\/wp-json\/wp\/v2\/pages\/594","targetHints":{"allow":["GET"]}}],"collection":[{"href":"https:\/\/www.precisionwirerope.com\/pt\/wp-json\/wp\/v2\/pages"}],"about":[{"href":"https:\/\/www.precisionwirerope.com\/pt\/wp-json\/wp\/v2\/types\/page"}],"author":[{"embeddable":true,"href":"https:\/\/www.precisionwirerope.com\/pt\/wp-json\/wp\/v2\/users\/1"}],"replies":[{"embeddable":true,"href":"https:\/\/www.precisionwirerope.com\/pt\/wp-json\/wp\/v2\/comments?post=594"}],"version-history":[{"count":9,"href":"https:\/\/www.precisionwirerope.com\/pt\/wp-json\/wp\/v2\/pages\/594\/revisions"}],"predecessor-version":[{"id":1568,"href":"https:\/\/www.precisionwirerope.com\/pt\/wp-json\/wp\/v2\/pages\/594\/revisions\/1568"}],"wp:attachment":[{"href":"https:\/\/www.precisionwirerope.com\/pt\/wp-json\/wp\/v2\/media?parent=594"}],"curies":[{"name":"wp","href":"https:\/\/api.w.org\/{rel}","templated":true}]}}