{"id":1488,"date":"2026-03-22T02:46:11","date_gmt":"2026-03-22T02:46:11","guid":{"rendered":"https:\/\/www.precisionwirerope.com\/?post_type=product&#038;p=1488"},"modified":"2026-05-11T22:08:22","modified_gmt":"2026-05-11T22:08:22","slug":"stainless-steel-wire-rope-manufacturer-high-strength-corrosion-resistant-cable","status":"publish","type":"product","link":"https:\/\/www.precisionwirerope.com\/nl\/product\/stainless-steel-wire-rope-manufacturer-high-strength-corrosion-resistant-cable\/","title":{"rendered":"RVS Draadkabel Fabrikant | Hoge sterkte &amp; corrosiebestendige kabel"},"content":{"rendered":"<p data-start=\"186\" data-end=\"526\">RVS draad touw wordt vervaardigd door meerdere strengen roestvrijstalen draden in een enkele touwstructuur te draaien, met een vezelkern of stalen kern. Bekend om zijn uitstekende corrosiebestendigheid, sterkte en duurzaamheid, wordt het veel gebruikt in veeleisende omgevingen zoals maritieme, bouw- en industri\u00eble toepassingen.<\/p>\n<p data-start=\"528\" data-end=\"696\">Bij Precision Wire Rope leveren we hoogwaardige roestvrijstalen draad touwen in verschillende kwaliteiten, constructies en configuraties om aan diverse toepassingsvereisten te voldoen.<\/p>\n<h2 data-section-id=\"1lut59q\" data-start=\"703\" data-end=\"731\"><span role=\"text\"><strong data-start=\"706\" data-end=\"731\">Structuur &amp; Materialen<\/strong><\/span><\/h2>\n<h3 data-section-id=\"ldjiy3\" data-start=\"733\" data-end=\"756\"><span role=\"text\"><strong data-start=\"737\" data-end=\"756\">Materiaal Kwaliteiten<\/strong><\/span><\/h3>\n<p data-start=\"757\" data-end=\"818\">We bieden een breed scala aan roestvrijstalen kwaliteiten, waaronder:<\/p>\n<ul data-start=\"819\" data-end=\"1061\">\n<li data-section-id=\"sv9rza\" data-start=\"819\" data-end=\"876\"><strong data-start=\"821\" data-end=\"835\">304 \/ 304L<\/strong> \u2013 algemene corrosiebestendigheid<\/li>\n<li data-section-id=\"1cauyhq\" data-start=\"877\" data-end=\"964\"><strong data-start=\"879\" data-end=\"893\">316 \/ 316L<\/strong> \u2013 uitstekende corrosiebestendigheid voor maritieme en chemische omgevingen<\/li>\n<li data-section-id=\"1rg6dz4\" data-start=\"965\" data-end=\"1012\"><strong data-start=\"967\" data-end=\"980\">201 \/ 202<\/strong> \u2013 kosteneffectieve alternatieven<\/li>\n<li data-section-id=\"v8lgqu\" data-start=\"1013\" data-end=\"1061\"><strong data-start=\"1015\" data-end=\"1029\">310 \/ 310S<\/strong> \u2013 hoge temperatuur weerstand<\/li>\n<\/ul>\n<h3 data-section-id=\"jyvvzq\" data-start=\"1068\" data-end=\"1086\"><span role=\"text\"><strong data-start=\"1072\" data-end=\"1086\">Kern Types<\/strong><\/span><\/h3>\n<ul data-start=\"1087\" data-end=\"1281\">\n<li data-section-id=\"wjt1lq\" data-start=\"1087\" data-end=\"1137\"><strong data-start=\"1089\" data-end=\"1108\">Vezel Kern (FC)<\/strong> \u2013 flexibel en lichtgewicht<\/li>\n<li data-section-id=\"v9x8v3\" data-start=\"1138\" data-end=\"1212\"><strong data-start=\"1140\" data-end=\"1177\">Onafhankelijke Draad Touw Kern (IWRC)<\/strong> \u2013 hogere sterkte en duurzaamheid<\/li>\n<li data-section-id=\"ydvdhi\" data-start=\"1213\" data-end=\"1281\"><strong data-start=\"1215\" data-end=\"1247\">Stalen Draad Streng Kern (IWS)<\/strong> \u2013 verbeterde structurele stabiliteit<\/li>\n<\/ul>\n<h3 data-section-id=\"1qyaowq\" data-start=\"1288\" data-end=\"1322\"><span role=\"text\"><strong data-start=\"1292\" data-end=\"1322\">Typische Touwconstructies<\/strong><\/span><\/h3>\n<ul data-start=\"1323\" data-end=\"1397\">\n<li data-section-id=\"1cgrpeq\" data-start=\"1323\" data-end=\"1341\">1\u00d73, 1\u00d77, 1\u00d719<\/li>\n<li data-section-id=\"2qzil7\" data-start=\"1342\" data-end=\"1355\">6\u00d77, 6\u00d719<\/li>\n<li data-section-id=\"1gi7oer\" data-start=\"1356\" data-end=\"1375\">7\u00d77, 7\u00d719, 7\u00d737<\/li>\n<li data-section-id=\"gg6z5s\" data-start=\"1376\" data-end=\"1397\">6W19, 6\u00d719 + IWRC<\/li>\n<\/ul>\n<h3 data-section-id=\"w9aop\" data-start=\"1404\" data-end=\"1421\"><span role=\"text\"><strong data-start=\"1408\" data-end=\"1421\">Lay Types<\/strong><\/span><\/h3>\n<ul data-start=\"1422\" data-end=\"1492\">\n<li data-section-id=\"a6ftli\" data-start=\"1422\" data-end=\"1451\">Reguliere Lay (RHRL \/ LHRL)<\/li>\n<li data-section-id=\"hxog5k\" data-start=\"1452\" data-end=\"1478\">Lange Lay (RHLL \/ LHLL)<\/li>\n<li data-section-id=\"672p7l\" data-start=\"1479\" data-end=\"1492\">Gemengde Lay<\/li>\n<\/ul>\n<h3 data-section-id=\"hdtwc8\" data-start=\"1499\" data-end=\"1520\"><span role=\"text\"><strong data-start=\"1503\" data-end=\"1520\">Oppervlakte Types<\/strong><\/span><\/h3>\n<ul data-start=\"1521\" data-end=\"1589\">\n<li data-section-id=\"vhd1x5\" data-start=\"1521\" data-end=\"1538\">Heldere afwerking<\/li>\n<li data-section-id=\"uw1ss2\" data-start=\"1539\" data-end=\"1555\">Matte afwerking<\/li>\n<li data-section-id=\"wseuwf\" data-start=\"1556\" data-end=\"1589\">Gecoat (PVC \/ Nylon optioneel)<\/li>\n<\/ul>\n<h2 data-section-id=\"id1bjs\" data-start=\"1596\" data-end=\"1627\"><span role=\"text\"><strong data-start=\"1599\" data-end=\"1627\">Technische Specificaties<\/strong><\/span><\/h2>\n<div class=\"TyagGW_tableContainer\">\n<div class=\"group TyagGW_tableWrapper flex flex-col-reverse w-fit\" tabindex=\"-1\">\n<table class=\"w-fit min-w-(--thread-content-width)\" data-start=\"1629\" data-end=\"2424\">\n<thead data-start=\"1629\" data-end=\"1745\">\n<tr data-start=\"1629\" data-end=\"1745\">\n<th class=\"\" data-start=\"1629\" data-end=\"1650\" data-col-size=\"sm\">Touwdiameter (mm)<\/th>\n<th class=\"\" data-start=\"1650\" data-end=\"1665\" data-col-size=\"sm\">Constructie<\/th>\n<th class=\"\" data-start=\"1665\" data-end=\"1682\" data-col-size=\"sm\">Materiaal Kwaliteit<\/th>\n<th class=\"\" data-start=\"1682\" data-end=\"1694\" data-col-size=\"sm\">Kern Type<\/th>\n<th class=\"\" data-start=\"1694\" data-end=\"1719\" data-col-size=\"sm\">Treksterkte (MPa)<\/th>\n<th class=\"\" data-start=\"1719\" data-end=\"1745\" data-col-size=\"sm\">Breeksterkte (kN)<\/th>\n<\/tr>\n<\/thead>\n<tbody data-start=\"1860\" data-end=\"2424\">\n<tr data-start=\"1860\" data-end=\"1972\">\n<td data-start=\"1860\" data-end=\"1881\" data-col-size=\"sm\">0.3 \u2013 1.0<\/td>\n<td data-col-size=\"sm\" data-start=\"1881\" data-end=\"1894\">1\u00d77 \/ 1\u00d719<\/td>\n<td data-col-size=\"sm\" data-start=\"1894\" data-end=\"1911\">304 \/ 316<\/td>\n<td data-col-size=\"sm\" data-start=\"1911\" data-end=\"1922\">Staal<\/td>\n<td data-col-size=\"sm\" data-start=\"1922\" data-end=\"1946\">1570 \u2013 1770<\/td>\n<td data-col-size=\"sm\" data-start=\"1946\" data-end=\"1972\">0,2 \u2013 1,5<\/td>\n<\/tr>\n<tr data-start=\"1973\" data-end=\"2085\">\n<td data-start=\"1973\" data-end=\"1994\" data-col-size=\"sm\">1,0 \u2013 3,0<\/td>\n<td data-col-size=\"sm\" data-start=\"1994\" data-end=\"2007\">7\u00d77<\/td>\n<td data-col-size=\"sm\" data-start=\"2007\" data-end=\"2024\">304 \/ 316<\/td>\n<td data-col-size=\"sm\" data-start=\"2024\" data-end=\"2035\">FC \/ IWRC<\/td>\n<td data-col-size=\"sm\" data-start=\"2035\" data-end=\"2059\">1570 \u2013 1960<\/td>\n<td data-col-size=\"sm\" data-start=\"2059\" data-end=\"2085\">1,5 \u2013 8,0<\/td>\n<\/tr>\n<tr data-start=\"2086\" data-end=\"2198\">\n<td data-start=\"2086\" data-end=\"2107\" data-col-size=\"sm\">2,0 \u2013 6,0<\/td>\n<td data-start=\"2107\" data-end=\"2120\" data-col-size=\"sm\">7\u00d719<\/td>\n<td data-start=\"2120\" data-end=\"2137\" data-col-size=\"sm\">304 \/ 316<\/td>\n<td data-start=\"2137\" data-end=\"2148\" data-col-size=\"sm\">FC \/ IWRC<\/td>\n<td data-start=\"2148\" data-end=\"2172\" data-col-size=\"sm\">1570 \u2013 1960<\/td>\n<td data-start=\"2172\" data-end=\"2198\" data-col-size=\"sm\">5,0 \u2013 25,0<\/td>\n<\/tr>\n<tr data-start=\"2199\" data-end=\"2311\">\n<td data-start=\"2199\" data-end=\"2220\" data-col-size=\"sm\">6,0 \u2013 12,0<\/td>\n<td data-start=\"2220\" data-end=\"2233\" data-col-size=\"sm\">6\u00d719<\/td>\n<td data-start=\"2233\" data-end=\"2250\" data-col-size=\"sm\">304 \/ 316<\/td>\n<td data-start=\"2250\" data-end=\"2261\" data-col-size=\"sm\">IWRC<\/td>\n<td data-start=\"2261\" data-end=\"2285\" data-col-size=\"sm\">1770 \u2013 2160<\/td>\n<td data-col-size=\"sm\" data-start=\"2285\" data-end=\"2311\">20,0 \u2013 80,0<\/td>\n<\/tr>\n<tr data-start=\"2312\" data-end=\"2424\">\n<td data-start=\"2312\" data-end=\"2333\" data-col-size=\"sm\">12,0 \u2013 20,0<\/td>\n<td data-col-size=\"sm\" data-start=\"2333\" data-end=\"2346\">6\u00d736<\/td>\n<td data-col-size=\"sm\" data-start=\"2346\" data-end=\"2363\">316 \/ 316L<\/td>\n<td data-col-size=\"sm\" data-start=\"2363\" data-end=\"2374\">IWRC<\/td>\n<td data-col-size=\"sm\" data-start=\"2374\" data-end=\"2398\">1770 \u2013 2160<\/td>\n<td data-col-size=\"sm\" data-start=\"2398\" data-end=\"2424\">80,0 \u2013 200,0<\/td>\n<\/tr>\n<\/tbody>\n<\/table>\n<\/div>\n<\/div>\n<blockquote data-start=\"2426\" data-end=\"2521\">\n<p data-start=\"2428\" data-end=\"2521\"><em data-start=\"2428\" data-end=\"2521\">Opmerking: Alle specificaties kunnen worden aangepast op basis van uw toepassing en laadvereisten.<\/em><\/p>\n<\/blockquote>\n<h2 data-section-id=\"1j5qwet\" data-start=\"2528\" data-end=\"2547\"><span role=\"text\"><strong data-start=\"2531\" data-end=\"2547\">Belangrijkste Kenmerken<\/strong><\/span><\/h2>\n<h3 data-section-id=\"18xz1q1\" data-start=\"2549\" data-end=\"2589\"><span role=\"text\"><strong data-start=\"2553\" data-end=\"2587\">Uitstekende Corrosiebestendigheid<\/strong><\/span><\/h3>\n<p data-start=\"2590\" data-end=\"2717\">Roestvrijstalen materialen (vooral 316\/316L) bieden uitstekende weerstand tegen vocht, chemicali\u00ebn en mariene omgevingen.<\/p>\n<h3 data-section-id=\"15xpeud\" data-start=\"2719\" data-end=\"2763\"><span role=\"text\"><strong data-start=\"2723\" data-end=\"2761\">Hoge sterkte en vermoeiingsweerstand<\/strong><\/span><\/h3>\n<p data-start=\"2764\" data-end=\"2827\">Ontworpen voor duurzaamheid onder dynamische belastingen en herhaald gebruik.<\/p>\n<h3 data-section-id=\"1wjfr4u\" data-start=\"2829\" data-end=\"2867\"><span role=\"text\"><strong data-start=\"2833\" data-end=\"2865\">Hoge precisie productie<\/strong><\/span><\/h3>\n<p data-start=\"2868\" data-end=\"2948\">Diameter tolerantie kan bereiken <strong data-start=\"2897\" data-end=\"2909\">\u00b10,01 mm<\/strong>, wat consistentie en betrouwbaarheid garandeert.<\/p>\n<h3 data-section-id=\"3hhe0f\" data-start=\"2950\" data-end=\"2992\"><span role=\"text\"><strong data-start=\"2954\" data-end=\"2990\">Schoon en milieuvriendelijk<\/strong><\/span><\/h3>\n<p data-start=\"2993\" data-end=\"3075\">Stabiele chemische samenstelling en laag onzuiverheidsgehalte zorgen voor langdurige prestaties.<\/p>\n<h2 data-section-id=\"197pqvq\" data-start=\"3082\" data-end=\"3111\"><span role=\"text\"><strong data-start=\"3085\" data-end=\"3111\">Normen en naleving<\/strong><\/span><\/h2>\n<p data-start=\"3113\" data-end=\"3193\">Onze roestvrijstalen kabels voldoen aan internationale normen, waaronder:<\/p>\n<ul data-start=\"3194\" data-end=\"3241\">\n<li data-section-id=\"15m0q8m\" data-start=\"3194\" data-end=\"3207\">GB\/T 9944<\/li>\n<li data-section-id=\"mi670e\" data-start=\"3208\" data-end=\"3223\">ASTM \/ AISI<\/li>\n<li data-section-id=\"kxeg6o\" data-start=\"3224\" data-end=\"3241\">JIS-normen<\/li>\n<\/ul>\n<h2 data-section-id=\"k0zlak\" data-start=\"3248\" data-end=\"3267\"><span role=\"text\"><strong data-start=\"3251\" data-end=\"3267\">Toepassingen<\/strong><\/span><\/h2>\n<ul data-start=\"3269\" data-end=\"3531\">\n<li data-section-id=\"16bujyt\" data-start=\"3269\" data-end=\"3303\">Maritieme en offshore operaties<\/li>\n<li data-section-id=\"1qatlvb\" data-start=\"3304\" data-end=\"3338\">Hef- en hijsapparatuur<\/li>\n<li data-section-id=\"k89z7d\" data-start=\"3339\" data-end=\"3374\">Constructie en infrastructuur<\/li>\n<li data-section-id=\"130ydzw\" data-start=\"3375\" data-end=\"3405\">Lift- en kraansystemen<\/li>\n<li data-section-id=\"z4msnb\" data-start=\"3406\" data-end=\"3446\">Veiligheidskabels en diefstalbeveiligingssystemen<\/li>\n<li data-section-id=\"bz30y8\" data-start=\"3447\" data-end=\"3485\">Vislijnen en agrarisch gebruik<\/li>\n<li data-section-id=\"1cqfb8n\" data-start=\"3486\" data-end=\"3531\">Architectonische en decoratieve toepassingen<\/li>\n<\/ul>\n<h2 data-section-id=\"kxvv1q\" data-start=\"3538\" data-end=\"3571\"><span role=\"text\"><strong data-start=\"3541\" data-end=\"3571\">Aanpassingsmogelijkheden<\/strong><\/span><\/h2>\n<p data-start=\"3573\" data-end=\"3613\">We bieden op maat gemaakte oplossingen, waaronder:<\/p>\n<ul data-start=\"3614\" data-end=\"3813\">\n<li data-section-id=\"neki49\" data-start=\"3614\" data-end=\"3643\">Diameter en constructie<\/li>\n<li data-section-id=\"1naxzm0\" data-start=\"3644\" data-end=\"3679\">Materiaalklasse (304, 316, enz.)<\/li>\n<li data-section-id=\"15deegd\" data-start=\"3680\" data-end=\"3709\">Kern type (FC, IWRC, IWS)<\/li>\n<li data-section-id=\"9scxek\" data-start=\"3710\" data-end=\"3752\">Oppervlakteafwerking (glanzend, mat, gecoat)<\/li>\n<li data-section-id=\"1uvq9sq\" data-start=\"3753\" data-end=\"3781\">Coating (PVC, nylon, PE)<\/li>\n<li data-section-id=\"yalb2g\" data-start=\"3782\" data-end=\"3813\">Eindbevestigingen en assemblages<\/li>\n<\/ul>\n<h2 data-section-id=\"lk0893\" data-start=\"3820\" data-end=\"3844\"><span role=\"text\"><strong data-start=\"3823\" data-end=\"3844\">Kwaliteitsgarantie<\/strong><\/span><\/h2>\n<p data-start=\"3846\" data-end=\"3909\">Alle producten ondergaan strikte inspectie en testen om te waarborgen:<\/p>\n<ul data-start=\"3910\" data-end=\"4003\">\n<li data-section-id=\"fivfgh\" data-start=\"3910\" data-end=\"3941\">Consistente treksterkte<\/li>\n<li data-section-id=\"1hjn31u\" data-start=\"3942\" data-end=\"3966\">Structurele integriteit<\/li>\n<li data-section-id=\"1clt7ez\" data-start=\"3967\" data-end=\"4003\">Corrosiebestendigheid prestaties<\/li>\n<\/ul>\n<h2 data-section-id=\"i5yrmq\" data-start=\"4010\" data-end=\"4035\"><span role=\"text\"><strong data-start=\"4013\" data-end=\"4035\">Levering &amp; Service<\/strong><\/span><\/h2>\n<ul data-start=\"4037\" data-end=\"4156\">\n<li data-section-id=\"1jszyqb\" data-start=\"4037\" data-end=\"4081\">Standaardproducten: <strong data-start=\"4058\" data-end=\"4079\">1\u20133 dagen levering<\/strong><\/li>\n<li data-section-id=\"yobqmf\" data-start=\"4082\" data-end=\"4115\">Aangepaste bestellingen: <strong data-start=\"4099\" data-end=\"4113\">15\u201330 dagen<\/strong><\/li>\n<li data-section-id=\"cax0sd\" data-start=\"4116\" data-end=\"4156\">Snelle offerte en technische ondersteuning<\/li>\n<\/ul>\n<h2 data-section-id=\"elc90z\" data-start=\"4163\" data-end=\"4173\"><span role=\"text\"><strong data-start=\"4166\" data-end=\"4173\">FAQ<\/strong><\/span><\/h2>\n<p data-start=\"4175\" data-end=\"4342\"><strong data-start=\"4175\" data-end=\"4252\">Q1: Wat is het verschil tussen 304 en 316 roestvrijstalen kabel?<\/strong><br data-start=\"4252\" data-end=\"4255\" \/>316 biedt betere corrosiebestendigheid, vooral in mariene en chemische omgevingen.<\/p>\n<p data-start=\"4344\" data-end=\"4471\"><strong data-start=\"4344\" data-end=\"4392\">Q2: Kan roestvrijstalen kabel worden gecoat?<\/strong><br data-start=\"4392\" data-end=\"4395\" \/>Ja, PVC, nylon en andere coatings zijn beschikbaar voor extra bescherming.<\/p>\n<p data-start=\"4473\" data-end=\"4610\"><strong data-start=\"4473\" data-end=\"4518\">Q3: Hoe kies je de juiste constructie?<\/strong><br data-start=\"4518\" data-end=\"4521\" \/>Het hangt af van flexibiliteit, belasting en toepassing. Ons team kan de beste optie aanbevelen.<\/p>\n<h2 data-section-id=\"zwdc7d\" data-start=\"4617\" data-end=\"4684\"><span role=\"text\"><strong data-start=\"4620\" data-end=\"4682\">Op zoek naar een betrouwbare leverancier van roestvrijstalen kabel?<\/strong><\/span><\/h2>\n<p data-start=\"4685\" data-end=\"4775\">Neem vandaag nog contact met ons op voor hoogwaardige producten, concurrerende prijzen en op maat gemaakte oplossingen.<\/p>","protected":false},"excerpt":{"rendered":"<p>RVS draad touw wordt vervaardigd door meerdere strengen roestvrijstalen draden in een enkele touwstructuur te draaien, met een vezelkern of stalen kern. Bekend om zijn uitstekende corrosiebestendigheid, sterkte en duurzaamheid, wordt het veel gebruikt in veeleisende omgevingen zoals maritieme, bouw- en industri\u00eble toepassingen.<\/p>","protected":false},"featured_media":1489,"comment_status":"open","ping_status":"closed","template":"","meta":{"site-sidebar-layout":"default","site-content-layout":"","ast-site-content-layout":"default","site-content-style":"default","site-sidebar-style":"default","ast-global-header-display":"","ast-banner-title-visibility":"","ast-main-header-display":"","ast-hfb-above-header-display":"","ast-hfb-below-header-display":"","ast-hfb-mobile-header-display":"","site-post-title":"","ast-breadcrumbs-content":"","ast-featured-img":"","footer-sml-layout":"","ast-disable-related-posts":"","theme-transparent-header-meta":"default","adv-header-id-meta":"","stick-header-meta":"default","header-above-stick-meta":"","header-main-stick-meta":"","header-below-stick-meta":"","astra-migrate-meta-layouts":"set","ast-page-background-enabled":"default","ast-page-background-meta":{"desktop":{"background-color":"var(--ast-global-color-4)","background-image":"","background-repeat":"repeat","background-position":"center center","background-size":"auto","background-attachment":"scroll","background-type":"","background-media":"","overlay-type":"","overlay-color":"","overlay-opacity":"","overlay-gradient":""},"tablet":{"background-color":"","background-image":"","background-repeat":"repeat","background-position":"center center","background-size":"auto","background-attachment":"scroll","background-type":"","background-media":"","overlay-type":"","overlay-color":"","overlay-opacity":"","overlay-gradient":""},"mobile":{"background-color":"","background-image":"","background-repeat":"repeat","background-position":"center center","background-size":"auto","background-attachment":"scroll","background-type":"","background-media":"","overlay-type":"","overlay-color":"","overlay-opacity":"","overlay-gradient":""}},"ast-content-background-meta":{"desktop":{"background-color":"var(--ast-global-color-5)","background-image":"","background-repeat":"repeat","background-position":"center center","background-size":"auto","background-attachment":"scroll","background-type":"","background-media":"","overlay-type":"","overlay-color":"","overlay-opacity":"","overlay-gradient":""},"tablet":{"background-color":"var(--ast-global-color-5)","background-image":"","background-repeat":"repeat","background-position":"center center","background-size":"auto","background-attachment":"scroll","background-type":"","background-media":"","overlay-type":"","overlay-color":"","overlay-opacity":"","overlay-gradient":""},"mobile":{"background-color":"var(--ast-global-color-5)","background-image":"","background-repeat":"repeat","background-position":"center center","background-size":"auto","background-attachment":"scroll","background-type":"","background-media":"","overlay-type":"","overlay-color":"","overlay-opacity":"","overlay-gradient":""}}},"product_brand":[],"product_cat":[16],"product_tag":[52,51,54,53,28,43,32,44,35,38,50,47,48,27,46],"class_list":{"0":"post-1488","1":"product","2":"type-product","3":"status-publish","4":"has-post-thumbnail","6":"product_cat-wire-rope","7":"product_tag-304-stainless-steel-cable","8":"product_tag-316-stainless-steel-wire-rope","9":"product_tag-coated-stainless-steel-wire-rope","10":"product_tag-corrosion-resistant-cable","11":"product_tag-custom-wire-rope","12":"product_tag-high-strength-wire-rope","13":"product_tag-industrial-wire-rope","14":"product_tag-lifting-wire-rope","15":"product_tag-marine-wire-rope","16":"product_tag-safety-cable","17":"product_tag-stainless-steel-wire-rope","18":"product_tag-steel-cable","19":"product_tag-wire-rope-construction","20":"product_tag-wire-rope-manufacturer","21":"product_tag-wire-rope-supplier","22":"desktop-align-left","23":"tablet-align-left","24":"mobile-align-left","25":"ast-product-gallery-layout-horizontal-slider","26":"ast-product-tabs-layout-horizontal","28":"first","29":"instock","30":"shipping-taxable","31":"product-type-simple"},"_links":{"self":[{"href":"https:\/\/www.precisionwirerope.com\/nl\/wp-json\/wp\/v2\/product\/1488","targetHints":{"allow":["GET"]}}],"collection":[{"href":"https:\/\/www.precisionwirerope.com\/nl\/wp-json\/wp\/v2\/product"}],"about":[{"href":"https:\/\/www.precisionwirerope.com\/nl\/wp-json\/wp\/v2\/types\/product"}],"replies":[{"embeddable":true,"href":"https:\/\/www.precisionwirerope.com\/nl\/wp-json\/wp\/v2\/comments?post=1488"}],"wp:featuredmedia":[{"embeddable":true,"href":"https:\/\/www.precisionwirerope.com\/nl\/wp-json\/wp\/v2\/media\/1489"}],"wp:attachment":[{"href":"https:\/\/www.precisionwirerope.com\/nl\/wp-json\/wp\/v2\/media?parent=1488"}],"wp:term":[{"taxonomy":"product_brand","embeddable":true,"href":"https:\/\/www.precisionwirerope.com\/nl\/wp-json\/wp\/v2\/product_brand?post=1488"},{"taxonomy":"product_cat","embeddable":true,"href":"https:\/\/www.precisionwirerope.com\/nl\/wp-json\/wp\/v2\/product_cat?post=1488"},{"taxonomy":"product_tag","embeddable":true,"href":"https:\/\/www.precisionwirerope.com\/nl\/wp-json\/wp\/v2\/product_tag?post=1488"}],"curies":[{"name":"wp","href":"https:\/\/api.w.org\/{rel}","templated":true}]}}