{"id":1496,"date":"2026-03-22T03:24:39","date_gmt":"2026-03-22T03:24:39","guid":{"rendered":"https:\/\/www.precisionwirerope.com\/?post_type=product&#038;p=1496"},"modified":"2026-03-22T03:24:39","modified_gmt":"2026-03-22T03:24:39","slug":"316-stainless-steel-wire-rope-marine-grade-corrosion-resistant-cable-for-industrial-applications","status":"publish","type":"product","link":"https:\/\/www.precisionwirerope.com\/it\/product\/316-stainless-steel-wire-rope-marine-grade-corrosion-resistant-cable-for-industrial-applications\/","title":{"rendered":"Cavo d'acciaio in acciaio inossidabile 316 \u2013 Cavo marino resistente alla corrosione per applicazioni industriali"},"content":{"rendered":"<p data-start=\"189\" data-end=\"492\">Il cavo in acciaio inossidabile 316 \u00e8 realizzato in acciaio inossidabile austenitico di alta qualit\u00e0 contenente cromo, nichel e molibdeno. Rispetto all'acciaio inossidabile standard 304, l'aggiunta di molibdeno migliora significativamente la resistenza alla corrosione, specialmente in ambienti ricchi di cloruri e difficili.<\/p>\n<p data-start=\"494\" data-end=\"712\">Questo tipo di cavo \u00e8 ampiamente riconosciuto come cavo in acciaio inossidabile di grado marino, rendendolo ideale per applicazioni che richiedono una durata superiore, resistenza e resistenza a lungo termine alla ruggine e all'esposizione chimica.<\/p>\n<h2 data-section-id=\"1uq2vdj\" data-start=\"719\" data-end=\"743\"><span role=\"text\"><strong data-start=\"722\" data-end=\"743\">2. Specifiche<\/strong><\/span><\/h2>\n<ul data-start=\"744\" data-end=\"994\">\n<li data-section-id=\"ydfmjl\" data-start=\"744\" data-end=\"783\"><strong data-start=\"746\" data-end=\"765\">Gamma di diametri:<\/strong> 0,03 mm \u2013 36 mm<\/li>\n<li data-section-id=\"1dxipv8\" data-start=\"784\" data-end=\"864\"><strong data-start=\"786\" data-end=\"809\">Tipi di costruzione:<\/strong><br data-start=\"809\" data-end=\"812\" \/>1\u00d77, 1\u00d719, 6\u00d77, 7\u00d77, 7\u00d719, 7\u00d737, 6W19, 6\u00d719+IWRC<\/li>\n<li data-section-id=\"fqxok2\" data-start=\"865\" data-end=\"922\"><strong data-start=\"867\" data-end=\"895\">Strutture pi\u00f9 popolari:<\/strong><br data-start=\"895\" data-end=\"898\" \/>1\u00d77, 1\u00d719, 7\u00d77, 7\u00d719<\/li>\n<li data-section-id=\"1rgu7kw\" data-start=\"923\" data-end=\"994\"><strong data-start=\"925\" data-end=\"939\">Tipo di nucleo:<\/strong><br data-start=\"939\" data-end=\"942\" \/>FC (Nucleo in fibra), IWRC (Nucleo di cavo in acciaio indipendente)<\/li>\n<\/ul>\n<hr data-start=\"996\" data-end=\"999\" \/>\n<h2 data-section-id=\"ykyzlw\" data-start=\"1001\" data-end=\"1031\"><span role=\"text\"><strong data-start=\"1004\" data-end=\"1031\">3. Composizione chimica<\/strong><\/span><\/h2>\n<div class=\"TyagGW_tableContainer\">\n<div class=\"group TyagGW_tableWrapper flex flex-col-reverse w-fit\" tabindex=\"-1\">\n<table class=\"w-fit min-w-(--thread-content-width)\" data-start=\"1032\" data-end=\"1221\">\n<thead data-start=\"1032\" data-end=\"1057\">\n<tr data-start=\"1032\" data-end=\"1057\">\n<th class=\"\" data-start=\"1032\" data-end=\"1042\" data-col-size=\"sm\">Elemento<\/th>\n<th class=\"\" data-start=\"1042\" data-end=\"1057\" data-col-size=\"sm\">Contenuto (%)<\/th>\n<\/tr>\n<\/thead>\n<tbody data-start=\"1083\" data-end=\"1221\">\n<tr data-start=\"1083\" data-end=\"1097\">\n<td data-start=\"1083\" data-end=\"1087\" data-col-size=\"sm\">C<\/td>\n<td data-start=\"1087\" data-end=\"1097\" data-col-size=\"sm\">\u2264 0,08<\/td>\n<\/tr>\n<tr data-start=\"1098\" data-end=\"1113\">\n<td data-start=\"1098\" data-end=\"1103\" data-col-size=\"sm\">Si<\/td>\n<td data-start=\"1103\" data-end=\"1113\" data-col-size=\"sm\">\u2264 1,00<\/td>\n<\/tr>\n<tr data-start=\"1114\" data-end=\"1129\">\n<td data-start=\"1114\" data-end=\"1119\" data-col-size=\"sm\">Mn<\/td>\n<td data-start=\"1119\" data-end=\"1129\" data-col-size=\"sm\">\u2264 2,00<\/td>\n<\/tr>\n<tr data-start=\"1130\" data-end=\"1145\">\n<td data-start=\"1130\" data-end=\"1134\" data-col-size=\"sm\">P<\/td>\n<td data-start=\"1134\" data-end=\"1145\" data-col-size=\"sm\">\u2264 0.035<\/td>\n<\/tr>\n<tr data-start=\"1146\" data-end=\"1160\">\n<td data-start=\"1146\" data-end=\"1150\" data-col-size=\"sm\">S<\/td>\n<td data-start=\"1150\" data-end=\"1160\" data-col-size=\"sm\">\u2264 0.03<\/td>\n<\/tr>\n<tr data-start=\"1161\" data-end=\"1181\">\n<td data-start=\"1161\" data-end=\"1166\" data-col-size=\"sm\">Cr<\/td>\n<td data-start=\"1166\" data-end=\"1181\" data-col-size=\"sm\">16,0 \u2013 18,5<\/td>\n<\/tr>\n<tr data-start=\"1182\" data-end=\"1202\">\n<td data-start=\"1182\" data-end=\"1187\" data-col-size=\"sm\">Ni<\/td>\n<td data-start=\"1187\" data-end=\"1202\" data-col-size=\"sm\">10,0 \u2013 14,0<\/td>\n<\/tr>\n<tr data-start=\"1203\" data-end=\"1221\">\n<td data-start=\"1203\" data-end=\"1208\" data-col-size=\"sm\">Mo<\/td>\n<td data-start=\"1208\" data-end=\"1221\" data-col-size=\"sm\">2,0 \u2013 3,0<\/td>\n<\/tr>\n<\/tbody>\n<\/table>\n<\/div>\n<\/div>\n<h2 data-section-id=\"1ejbybq\" data-start=\"1228\" data-end=\"1270\"><span role=\"text\"><strong data-start=\"1231\" data-end=\"1270\">4. Propriet\u00e0 meccaniche e fisiche<\/strong><\/span><\/h2>\n<div class=\"TyagGW_tableContainer\">\n<div class=\"group TyagGW_tableWrapper flex flex-col-reverse w-fit\" tabindex=\"-1\">\n<table class=\"w-fit min-w-(--thread-content-width)\" data-start=\"1271\" data-end=\"1525\">\n<thead data-start=\"1271\" data-end=\"1291\">\n<tr data-start=\"1271\" data-end=\"1291\">\n<th class=\"\" data-start=\"1271\" data-end=\"1282\" data-col-size=\"sm\">Propriet\u00e0<\/th>\n<th class=\"\" data-start=\"1282\" data-end=\"1291\" data-col-size=\"sm\">Valore<\/th>\n<\/tr>\n<\/thead>\n<tbody data-start=\"1312\" data-end=\"1525\">\n<tr data-start=\"1312\" data-end=\"1344\">\n<td data-start=\"1312\" data-end=\"1331\" data-col-size=\"sm\">Resistenza alla trazione<\/td>\n<td data-col-size=\"sm\" data-start=\"1331\" data-end=\"1344\">\u2265 620 MPa<\/td>\n<\/tr>\n<tr data-start=\"1345\" data-end=\"1375\">\n<td data-start=\"1345\" data-end=\"1362\" data-col-size=\"sm\">Resistenza alla snervatura<\/td>\n<td data-start=\"1362\" data-end=\"1375\" data-col-size=\"sm\">\u2265 310 MPa<\/td>\n<\/tr>\n<tr data-start=\"1376\" data-end=\"1398\">\n<td data-start=\"1376\" data-end=\"1389\" data-col-size=\"sm\">Allungamento<\/td>\n<td data-start=\"1389\" data-end=\"1398\" data-col-size=\"sm\">\u2265 30%<\/td>\n<\/tr>\n<tr data-start=\"1399\" data-end=\"1428\">\n<td data-start=\"1399\" data-end=\"1419\" data-col-size=\"sm\">Riduzione dell'area<\/td>\n<td data-start=\"1419\" data-end=\"1428\" data-col-size=\"sm\">\u2265 40%<\/td>\n<\/tr>\n<tr data-start=\"1429\" data-end=\"1453\">\n<td data-start=\"1429\" data-end=\"1439\" data-col-size=\"sm\">Densit\u00e0<\/td>\n<td data-start=\"1439\" data-end=\"1453\" data-col-size=\"sm\">8,03 g\/cm\u00b3<\/td>\n<\/tr>\n<tr data-start=\"1454\" data-end=\"1492\">\n<td data-start=\"1454\" data-end=\"1465\" data-col-size=\"sm\">Durezza<\/td>\n<td data-col-size=\"sm\" data-start=\"1465\" data-end=\"1492\">\u2264 HB187 \/ HRB90 \/ HV200<\/td>\n<\/tr>\n<tr data-start=\"1493\" data-end=\"1525\">\n<td data-start=\"1493\" data-end=\"1509\" data-col-size=\"sm\">Punto di fusione<\/td>\n<td data-col-size=\"sm\" data-start=\"1509\" data-end=\"1525\">1398 \u2013 1420\u2103<\/td>\n<\/tr>\n<\/tbody>\n<\/table>\n<\/div>\n<\/div>\n<h2 data-section-id=\"1drd74e\" data-start=\"1532\" data-end=\"1554\"><span role=\"text\"><strong data-start=\"1535\" data-end=\"1554\">5. Caratteristiche principali<\/strong><\/span><\/h2>\n<ul data-start=\"1555\" data-end=\"2044\">\n<li data-section-id=\"12fvyby\" data-start=\"1555\" data-end=\"1667\"><strong data-start=\"1557\" data-end=\"1591\">Eccellente resistenza alla corrosione<\/strong><br data-start=\"1591\" data-end=\"1594\" \/>Migliorato con molibdeno, ideale per ambienti salini e chimici<\/li>\n<li data-section-id=\"1wjo9ou\" data-start=\"1669\" data-end=\"1770\"><strong data-start=\"1671\" data-end=\"1701\">Alta resistenza e durata<\/strong><br data-start=\"1701\" data-end=\"1704\" \/>Adatto per applicazioni industriali e strutturali pesanti<\/li>\n<li data-section-id=\"1dimx9r\" data-start=\"1772\" data-end=\"1868\"><strong data-start=\"1774\" data-end=\"1805\">Superiore resistenza alla fatica<\/strong><br data-start=\"1805\" data-end=\"1808\" \/>Funziona bene sotto carico ripetuto e condizioni dinamiche<\/li>\n<li data-section-id=\"1idykoz\" data-start=\"1870\" data-end=\"1962\"><strong data-start=\"1872\" data-end=\"1896\">Buona resistenza al calore<\/strong><br data-start=\"1896\" data-end=\"1899\" \/>Mantiene le propriet\u00e0 meccaniche a temperature elevate<\/li>\n<li data-section-id=\"185bhjk\" data-start=\"1964\" data-end=\"2044\"><strong data-start=\"1966\" data-end=\"1987\">Lunga vita utile<\/strong><br data-start=\"1987\" data-end=\"1990\" \/>Riduzione dei costi di manutenzione e della frequenza di sostituzione<\/li>\n<\/ul>\n<h2 data-section-id=\"1pfsubh\" data-start=\"2051\" data-end=\"2116\"><span role=\"text\"><strong data-start=\"2054\" data-end=\"2116\">6. Perch\u00e9 l'acciaio inossidabile 316 ha una migliore resistenza alla corrosione<\/strong><\/span><\/h2>\n<p data-start=\"2117\" data-end=\"2151\">Rispetto all'acciaio inossidabile 304:<\/p>\n<ul data-start=\"2153\" data-end=\"2434\">\n<li data-section-id=\"1hdl0he\" data-start=\"2153\" data-end=\"2223\">Maggiore <strong data-start=\"2162\" data-end=\"2188\">contenuto di nichel (+2\u20134%)<\/strong> migliora la resistenza all'ossidazione<\/li>\n<li data-section-id=\"r6rsay\" data-start=\"2224\" data-end=\"2368\">Aggiunta di <strong data-start=\"2238\" data-end=\"2257\">molibdeno (Mo)<\/strong> migliora significativamente la resistenza a:\n<ul data-start=\"2298\" data-end=\"2368\">\n<li data-section-id=\"1kasw3m\" data-start=\"2298\" data-end=\"2320\">corrosione da cloruri<\/li>\n<li data-section-id=\"1or07zd\" data-start=\"2323\" data-end=\"2344\">corrosione da pitting<\/li>\n<li data-section-id=\"1onky49\" data-start=\"2347\" data-end=\"2368\">esposizione all'acqua di mare<\/li>\n<\/ul>\n<\/li>\n<li data-section-id=\"1nzjqd8\" data-start=\"2369\" data-end=\"2434\">Struttura in acciaio pi\u00f9 pulita garantisce <strong data-start=\"2403\" data-end=\"2434\">prestazioni chimiche stabili<\/strong><\/li>\n<\/ul>\n<h2 data-section-id=\"16fm4et\" data-start=\"2441\" data-end=\"2463\"><span role=\"text\"><strong data-start=\"2444\" data-end=\"2463\">7. Applicazioni<\/strong><\/span><\/h2>\n<p data-start=\"2464\" data-end=\"2512\">Il cavo in acciaio inossidabile 316 \u00e8 ampiamente utilizzato in:<\/p>\n<ul data-start=\"2514\" data-end=\"2818\">\n<li data-section-id=\"5rria2\" data-start=\"2514\" data-end=\"2549\">Ingegneria marina e offshore<\/li>\n<li data-section-id=\"7o1xqs\" data-start=\"2550\" data-end=\"2583\">Progetti di costruzione costiera<\/li>\n<li data-section-id=\"1r5tb74\" data-start=\"2584\" data-end=\"2622\">Industrie chimiche e di lavorazione<\/li>\n<li data-section-id=\"1j9tydd\" data-start=\"2623\" data-end=\"2657\">Costruzione navale e movimentazione portuale<\/li>\n<li data-section-id=\"1bw6ns9\" data-start=\"2658\" data-end=\"2697\">Centrali elettriche e impianti nucleari<\/li>\n<li data-section-id=\"10kou17\" data-start=\"2698\" data-end=\"2727\">Attrezzature per la lavorazione degli alimenti<\/li>\n<li data-section-id=\"1sanjgw\" data-start=\"2728\" data-end=\"2770\">Sistemi di sollevamento, attrezzature e hoisting<\/li>\n<li data-section-id=\"1q8y64d\" data-start=\"2771\" data-end=\"2818\">Sistemi di cavi architettonici e parapetti<\/li>\n<\/ul>\n<h2 data-section-id=\"xhagqj\" data-start=\"2825\" data-end=\"2844\"><span role=\"text\"><strong data-start=\"2828\" data-end=\"2844\">8. Standard<\/strong><\/span><\/h2>\n<ul data-start=\"2845\" data-end=\"2907\">\n<li data-section-id=\"1jwgap5\" data-start=\"2845\" data-end=\"2861\"><strong data-start=\"2847\" data-end=\"2854\">GB:<\/strong> GB\/T<\/li>\n<li data-section-id=\"1rynxp4\" data-start=\"2862\" data-end=\"2887\"><strong data-start=\"2864\" data-end=\"2885\">ASTM \/ AISI (USA)<\/strong><\/li>\n<li data-section-id=\"1hdlk31\" data-start=\"2888\" data-end=\"2907\"><strong data-start=\"2890\" data-end=\"2905\">JIS (Giappone)<\/strong><\/li>\n<\/ul>\n<h2 data-section-id=\"1c2uxzz\" data-start=\"2914\" data-end=\"2945\"><span role=\"text\"><strong data-start=\"2917\" data-end=\"2945\">9. Opzioni di personalizzazione<\/strong><\/span><\/h2>\n<p data-start=\"2946\" data-end=\"3006\">Supportiamo la produzione personalizzata in base alle tue esigenze:<\/p>\n<ul data-start=\"3008\" data-end=\"3126\">\n<li data-section-id=\"1fz3mxk\" data-start=\"3008\" data-end=\"3031\">Diametro e lunghezza<\/li>\n<li data-section-id=\"qkmqy5\" data-start=\"3032\" data-end=\"3053\">Tipo di costruzione<\/li>\n<li data-section-id=\"1vdpdpj\" data-start=\"3054\" data-end=\"3097\">Trattamento superficiale (luminoso, rivestito, PVC)<\/li>\n<li data-section-id=\"1g9mduz\" data-start=\"3098\" data-end=\"3126\">Tipo di imballaggio e bobina<\/li>\n<\/ul>","protected":false},"excerpt":{"rendered":"<p>Il cavo in acciaio inossidabile 316 \u00e8 realizzato in acciaio inossidabile austenitico di alta qualit\u00e0 contenente cromo, nichel e molibdeno. Rispetto all'acciaio inossidabile standard 304, l'aggiunta di molibdeno migliora significativamente la resistenza alla corrosione, specialmente in ambienti ricchi di cloruri e difficili.<\/p>","protected":false},"featured_media":1497,"comment_status":"open","ping_status":"closed","template":"","meta":{"site-sidebar-layout":"default","site-content-layout":"","ast-site-content-layout":"default","site-content-style":"default","site-sidebar-style":"default","ast-global-header-display":"","ast-banner-title-visibility":"","ast-main-header-display":"","ast-hfb-above-header-display":"","ast-hfb-below-header-display":"","ast-hfb-mobile-header-display":"","site-post-title":"","ast-breadcrumbs-content":"","ast-featured-img":"","footer-sml-layout":"","ast-disable-related-posts":"","theme-transparent-header-meta":"default","adv-header-id-meta":"","stick-header-meta":"default","header-above-stick-meta":"","header-main-stick-meta":"","header-below-stick-meta":"","astra-migrate-meta-layouts":"set","ast-page-background-enabled":"default","ast-page-background-meta":{"desktop":{"background-color":"var(--ast-global-color-4)","background-image":"","background-repeat":"repeat","background-position":"center center","background-size":"auto","background-attachment":"scroll","background-type":"","background-media":"","overlay-type":"","overlay-color":"","overlay-opacity":"","overlay-gradient":""},"tablet":{"background-color":"","background-image":"","background-repeat":"repeat","background-position":"center center","background-size":"auto","background-attachment":"scroll","background-type":"","background-media":"","overlay-type":"","overlay-color":"","overlay-opacity":"","overlay-gradient":""},"mobile":{"background-color":"","background-image":"","background-repeat":"repeat","background-position":"center center","background-size":"auto","background-attachment":"scroll","background-type":"","background-media":"","overlay-type":"","overlay-color":"","overlay-opacity":"","overlay-gradient":""}},"ast-content-background-meta":{"desktop":{"background-color":"var(--ast-global-color-5)","background-image":"","background-repeat":"repeat","background-position":"center center","background-size":"auto","background-attachment":"scroll","background-type":"","background-media":"","overlay-type":"","overlay-color":"","overlay-opacity":"","overlay-gradient":""},"tablet":{"background-color":"var(--ast-global-color-5)","background-image":"","background-repeat":"repeat","background-position":"center center","background-size":"auto","background-attachment":"scroll","background-type":"","background-media":"","overlay-type":"","overlay-color":"","overlay-opacity":"","overlay-gradient":""},"mobile":{"background-color":"var(--ast-global-color-5)","background-image":"","background-repeat":"repeat","background-position":"center center","background-size":"auto","background-attachment":"scroll","background-type":"","background-media":"","overlay-type":"","overlay-color":"","overlay-opacity":"","overlay-gradient":""}}},"product_brand":[],"product_cat":[16],"product_tag":[51,68,65,33,32,67,64,56,66,27],"class_list":{"0":"post-1496","1":"product","2":"type-product","3":"status-publish","4":"has-post-thumbnail","6":"product_cat-wire-rope","7":"product_tag-316-stainless-steel-wire-rope","8":"product_tag-316-steel-cable-supplier","9":"product_tag-7x19-stainless-steel-cable","10":"product_tag-corrosion-resistant-wire-rope","11":"product_tag-industrial-wire-rope","12":"product_tag-marine-cable","13":"product_tag-marine-grade-wire-rope","14":"product_tag-stainless-steel-cable","15":"product_tag-stainless-steel-lifting-cable","16":"product_tag-wire-rope-manufacturer","17":"desktop-align-left","18":"tablet-align-left","19":"mobile-align-left","20":"ast-product-gallery-layout-horizontal-slider","21":"ast-product-tabs-layout-horizontal","23":"first","24":"instock","25":"shipping-taxable","26":"product-type-simple"},"_links":{"self":[{"href":"https:\/\/www.precisionwirerope.com\/it\/wp-json\/wp\/v2\/product\/1496","targetHints":{"allow":["GET"]}}],"collection":[{"href":"https:\/\/www.precisionwirerope.com\/it\/wp-json\/wp\/v2\/product"}],"about":[{"href":"https:\/\/www.precisionwirerope.com\/it\/wp-json\/wp\/v2\/types\/product"}],"replies":[{"embeddable":true,"href":"https:\/\/www.precisionwirerope.com\/it\/wp-json\/wp\/v2\/comments?post=1496"}],"wp:featuredmedia":[{"embeddable":true,"href":"https:\/\/www.precisionwirerope.com\/it\/wp-json\/wp\/v2\/media\/1497"}],"wp:attachment":[{"href":"https:\/\/www.precisionwirerope.com\/it\/wp-json\/wp\/v2\/media?parent=1496"}],"wp:term":[{"taxonomy":"product_brand","embeddable":true,"href":"https:\/\/www.precisionwirerope.com\/it\/wp-json\/wp\/v2\/product_brand?post=1496"},{"taxonomy":"product_cat","embeddable":true,"href":"https:\/\/www.precisionwirerope.com\/it\/wp-json\/wp\/v2\/product_cat?post=1496"},{"taxonomy":"product_tag","embeddable":true,"href":"https:\/\/www.precisionwirerope.com\/it\/wp-json\/wp\/v2\/product_tag?post=1496"}],"curies":[{"name":"wp","href":"https:\/\/api.w.org\/{rel}","templated":true}]}}