{"id":1479,"date":"2026-03-22T02:02:09","date_gmt":"2026-03-22T02:02:09","guid":{"rendered":"https:\/\/www.precisionwirerope.com\/?post_type=product&#038;p=1479"},"modified":"2026-03-22T02:09:59","modified_gmt":"2026-03-22T02:09:59","slug":"pvc-coated-steel-wire-rope-manufacturer-custom-plastic-coated-wire-rope-solutions","status":"publish","type":"product","link":"https:\/\/www.precisionwirerope.com\/it\/product\/pvc-coated-steel-wire-rope-manufacturer-custom-plastic-coated-wire-rope-solutions\/","title":{"rendered":"Fabbricante di Cavo d'acciaio rivestito in PVC | Soluzioni personalizzate per cavi rivestiti in plastica"},"content":{"rendered":"<p data-start=\"186\" data-end=\"512\">La fune in acciaio rivestita in plastica \u00e8 prodotta applicando un rivestimento polimerico durevole su funi in acciaio di alta qualit\u00e0, inclusi nuclei zincati, in acciaio inossidabile o brillanti (oliati). Questo strato esterno migliora la resistenza alla corrosione, all'abrasione e all'esposizione ambientale, migliorando significativamente la durata e le prestazioni.<\/p>\n<p data-start=\"514\" data-end=\"693\">Presso Precision Wire Rope, forniamo una vasta gamma di soluzioni per funi rivestite utilizzando materiali come PVC, PE, PU e nylon, adatte per applicazioni industriali e all'aperto.<\/p>\n<h2 data-section-id=\"1lut59q\" data-start=\"700\" data-end=\"728\"><span role=\"text\"><strong data-start=\"703\" data-end=\"728\">Struttura e materiali<\/strong><\/span><\/h2>\n<h3 data-section-id=\"gruvid\" data-start=\"730\" data-end=\"752\"><span role=\"text\"><strong data-start=\"734\" data-end=\"752\">Materiali di base<\/strong><\/span><\/h3>\n<ul data-start=\"753\" data-end=\"930\">\n<li data-section-id=\"1c6ktf0\" data-start=\"753\" data-end=\"821\">Acciaio inossidabile (304, 316, 316L) \u2013 resistenza alla corrosione superiore<\/li>\n<li data-section-id=\"11la092\" data-start=\"822\" data-end=\"880\">Acciaio zincato \u2013 protezione anti-ruggine economica<\/li>\n<li data-section-id=\"97mmxw\" data-start=\"881\" data-end=\"930\">Acciaio brillante \/ oliato \u2013 uso industriale generale<\/li>\n<\/ul>\n<h3 data-section-id=\"bi5xpj\" data-start=\"937\" data-end=\"962\"><span role=\"text\"><strong data-start=\"941\" data-end=\"962\">Materiali di rivestimento<\/strong><\/span><\/h3>\n<ul data-start=\"963\" data-end=\"1124\">\n<li data-section-id=\"932mci\" data-start=\"963\" data-end=\"996\">PVC \u2013 flessibile ed economico<\/li>\n<li data-section-id=\"hwzyei\" data-start=\"997\" data-end=\"1030\">PE \u2013 buona resistenza chimica<\/li>\n<li data-section-id=\"icmeb6\" data-start=\"1031\" data-end=\"1069\">PU \u2013 eccellente resistenza all'abrasione<\/li>\n<li data-section-id=\"7rekcw\" data-start=\"1070\" data-end=\"1124\">Nylon \u2013 durata superiore e resistenza alla fatica<\/li>\n<\/ul>\n<p data-start=\"1126\" data-end=\"1201\">Materiali di rivestimento personalizzati come PTFE ed epoxy sono disponibili su richiesta.<\/p>\n<h3 data-section-id=\"1qyaowq\" data-start=\"1208\" data-end=\"1242\"><span role=\"text\"><strong data-start=\"1212\" data-end=\"1242\">Costruzioni di corda tipiche<\/strong><\/span><\/h3>\n<ul data-start=\"1243\" data-end=\"1318\">\n<li data-section-id=\"1d8ze2j\" data-start=\"1243\" data-end=\"1256\">1\u00d77, 1\u00d719<\/li>\n<li data-section-id=\"1gi7oer\" data-start=\"1257\" data-end=\"1276\">7\u00d77, 7\u00d719, 7\u00d737<\/li>\n<li data-section-id=\"1ceibga\" data-start=\"1277\" data-end=\"1303\">6\u00d77, 6\u00d719, 6\u00d719 + IWRC<\/li>\n<li data-section-id=\"196kycp\" data-start=\"1304\" data-end=\"1318\">6\u00d736, 6W19<\/li>\n<\/ul>\n<h2 data-section-id=\"id1bjs\" data-start=\"1325\" data-end=\"1356\"><span role=\"text\"><strong data-start=\"1328\" data-end=\"1356\">Specifiche tecniche<\/strong><\/span><\/h2>\n<div class=\"TyagGW_tableContainer\">\n<div class=\"group TyagGW_tableWrapper flex flex-col-reverse w-fit\" tabindex=\"-1\">\n<table class=\"w-fit min-w-(--thread-content-width)\" data-start=\"1358\" data-end=\"2158\">\n<thead data-start=\"1358\" data-end=\"1474\">\n<tr data-start=\"1358\" data-end=\"1474\">\n<th class=\"\" data-start=\"1358\" data-end=\"1379\" data-col-size=\"sm\">Diametro della corda (mm)<\/th>\n<th class=\"\" data-start=\"1379\" data-end=\"1394\" data-col-size=\"sm\">Costruzione<\/th>\n<th class=\"\" data-start=\"1394\" data-end=\"1406\" data-col-size=\"sm\">Tipo di nucleo<\/th>\n<th class=\"\" data-start=\"1406\" data-end=\"1425\" data-col-size=\"sm\">Materiale di rivestimento<\/th>\n<th class=\"\" data-start=\"1425\" data-end=\"1448\" data-col-size=\"sm\">Diametro Rivestito (mm)<\/th>\n<th class=\"\" data-start=\"1448\" data-end=\"1474\" data-col-size=\"sm\">Resistenza alla rottura (kN)<\/th>\n<\/tr>\n<\/thead>\n<tbody data-start=\"1589\" data-end=\"2158\">\n<tr data-start=\"1589\" data-end=\"1702\">\n<td data-start=\"1589\" data-end=\"1610\" data-col-size=\"sm\">1.5 \u2013 2.0<\/td>\n<td data-start=\"1610\" data-end=\"1623\" data-col-size=\"sm\">1\u00d77 \/ 1\u00d719<\/td>\n<td data-start=\"1623\" data-end=\"1634\" data-col-size=\"sm\">Acciaio<\/td>\n<td data-start=\"1634\" data-end=\"1653\" data-col-size=\"sm\">PVC \/ PE<\/td>\n<td data-start=\"1653\" data-end=\"1676\" data-col-size=\"sm\">2,0 \u2013 3,0<\/td>\n<td data-start=\"1676\" data-end=\"1702\" data-col-size=\"sm\">1.2 \u2013 3.5<\/td>\n<\/tr>\n<tr data-start=\"1703\" data-end=\"1816\">\n<td data-start=\"1703\" data-end=\"1724\" data-col-size=\"sm\">2.0 \u2013 4.0<\/td>\n<td data-col-size=\"sm\" data-start=\"1724\" data-end=\"1737\">7\u00d77<\/td>\n<td data-col-size=\"sm\" data-start=\"1737\" data-end=\"1748\">FC \/ IWRC<\/td>\n<td data-col-size=\"sm\" data-start=\"1748\" data-end=\"1767\">PVC \/ PU<\/td>\n<td data-col-size=\"sm\" data-start=\"1767\" data-end=\"1790\">3.0 \u2013 5.5<\/td>\n<td data-col-size=\"sm\" data-start=\"1790\" data-end=\"1816\">3.0 \u2013 10.0<\/td>\n<\/tr>\n<tr data-start=\"1817\" data-end=\"1930\">\n<td data-start=\"1817\" data-end=\"1838\" data-col-size=\"sm\">3.0 \u2013 6.0<\/td>\n<td data-start=\"1838\" data-end=\"1851\" data-col-size=\"sm\">7\u00d719<\/td>\n<td data-col-size=\"sm\" data-start=\"1851\" data-end=\"1862\">FC \/ IWRC<\/td>\n<td data-col-size=\"sm\" data-start=\"1862\" data-end=\"1881\">PVC \/ Nylon<\/td>\n<td data-col-size=\"sm\" data-start=\"1881\" data-end=\"1904\">4.0 \u2013 8.0<\/td>\n<td data-col-size=\"sm\" data-start=\"1904\" data-end=\"1930\">8.0 \u2013 25.0<\/td>\n<\/tr>\n<tr data-start=\"1931\" data-end=\"2044\">\n<td data-start=\"1931\" data-end=\"1952\" data-col-size=\"sm\">6.0 \u2013 10.0<\/td>\n<td data-col-size=\"sm\" data-start=\"1952\" data-end=\"1965\">6\u00d719<\/td>\n<td data-col-size=\"sm\" data-start=\"1965\" data-end=\"1976\">IWRC<\/td>\n<td data-col-size=\"sm\" data-start=\"1976\" data-end=\"1995\">PVC \/ PU<\/td>\n<td data-col-size=\"sm\" data-start=\"1995\" data-end=\"2018\">7.0 \u2013 12.0<\/td>\n<td data-col-size=\"sm\" data-start=\"2018\" data-end=\"2044\">20.0 \u2013 60.0<\/td>\n<\/tr>\n<tr data-start=\"2045\" data-end=\"2158\">\n<td data-start=\"2045\" data-end=\"2066\" data-col-size=\"sm\">10.0 \u2013 16.0<\/td>\n<td data-col-size=\"sm\" data-start=\"2066\" data-end=\"2079\">6\u00d736<\/td>\n<td data-col-size=\"sm\" data-start=\"2079\" data-end=\"2090\">IWRC<\/td>\n<td data-col-size=\"sm\" data-start=\"2090\" data-end=\"2109\">PVC \/ PE<\/td>\n<td data-col-size=\"sm\" data-start=\"2109\" data-end=\"2132\">12.0 \u2013 18.0<\/td>\n<td data-col-size=\"sm\" data-start=\"2132\" data-end=\"2158\">50.0 \u2013 150.0<\/td>\n<\/tr>\n<\/tbody>\n<\/table>\n<\/div>\n<\/div>\n<blockquote data-start=\"2160\" data-end=\"2233\">\n<p data-start=\"2162\" data-end=\"2233\"><em data-start=\"2162\" data-end=\"2233\">Nota: Le specifiche possono essere personalizzate in base ai requisiti del progetto.<\/em><\/p>\n<\/blockquote>\n<h2 data-section-id=\"dfn86d\" data-start=\"2240\" data-end=\"2269\"><span role=\"text\"><strong data-start=\"2243\" data-end=\"2269\">Vantaggi delle Prestazioni<\/strong><\/span><\/h2>\n<h3 data-section-id=\"rj61ag\" data-start=\"2271\" data-end=\"2310\"><span role=\"text\"><strong data-start=\"2275\" data-end=\"2308\">Superiore Resistenza alla Corrosione<\/strong><\/span><\/h3>\n<p data-start=\"2311\" data-end=\"2478\">Il rivestimento protegge l'acciaio da umidit\u00e0, sostanze chimiche e ambienti marini, prolungando la vita utile fino a <strong data-start=\"2422\" data-end=\"2435\">3\u20135 volte<\/strong> rispetto al cavo in acciaio zincato standard.<\/p>\n<h3 data-section-id=\"10vrs96\" data-start=\"2480\" data-end=\"2514\"><span role=\"text\"><strong data-start=\"2484\" data-end=\"2512\">Maggiore Resistenza all'Usura<\/strong><\/span><\/h3>\n<p data-start=\"2515\" data-end=\"2586\">La riduzione dell'attrito tra i fili migliora la durata sotto carichi dinamici.<\/p>\n<h3 data-section-id=\"1oncnnb\" data-start=\"2588\" data-end=\"2627\"><span role=\"text\"><strong data-start=\"2592\" data-end=\"2625\">Eccellente Prestazione in Fatica<\/strong><\/span><\/h3>\n<p data-start=\"2628\" data-end=\"2723\">I cavi rivestiti possono raggiungere fino a <strong data-start=\"2664\" data-end=\"2690\">2\u00d7 vita in fatica pi\u00f9 lunga<\/strong>, specialmente con rivestimenti in nylon.<\/p>\n<h3 data-section-id=\"1veegyp\" data-start=\"2725\" data-end=\"2754\"><span role=\"text\"><strong data-start=\"2729\" data-end=\"2752\">Resistenza Chimica<\/strong><\/span><\/h3>\n<p data-start=\"2755\" data-end=\"2847\">Resistente ad acidi, alcali, oli e solventi, adatto per ambienti industriali difficili.<\/p>\n<hr data-start=\"2849\" data-end=\"2852\" \/>\n<h2 data-section-id=\"k0zlak\" data-start=\"2854\" data-end=\"2873\"><span role=\"text\"><strong data-start=\"2857\" data-end=\"2873\">Applicazioni<\/strong><\/span><\/h2>\n<ul data-start=\"2875\" data-end=\"3086\">\n<li data-section-id=\"1g77fm3\" data-start=\"2875\" data-end=\"2907\">Sistemi di sollevamento e hoisting<\/li>\n<li data-section-id=\"16bujyt\" data-start=\"2908\" data-end=\"2942\">Operazioni marittime e offshore<\/li>\n<li data-section-id=\"1wm6orh\" data-start=\"2943\" data-end=\"2982\">Attrezzature per minerazione e trasporto<\/li>\n<li data-section-id=\"4ocv1n\" data-start=\"2983\" data-end=\"3007\">Pesca e traino<\/li>\n<li data-section-id=\"z4msnb\" data-start=\"3008\" data-end=\"3048\">Cavi di sicurezza e sistemi antifurto<\/li>\n<li data-section-id=\"ipjmta\" data-start=\"3049\" data-end=\"3086\">Usi architettonici e decorativi<\/li>\n<\/ul>\n<h2 data-section-id=\"kxvv1q\" data-start=\"3093\" data-end=\"3126\"><span role=\"text\"><strong data-start=\"3096\" data-end=\"3126\">Capacit\u00e0 di personalizzazione<\/strong><\/span><\/h2>\n<p data-start=\"3128\" data-end=\"3185\">Offriamo personalizzazione completa in base alle vostre esigenze:<\/p>\n<ul data-start=\"3186\" data-end=\"3358\">\n<li data-section-id=\"x5pf81\" data-start=\"3186\" data-end=\"3212\">Diametro e struttura<\/li>\n<li data-section-id=\"j5pc7b\" data-start=\"3213\" data-end=\"3247\">Materiale di rivestimento e spessore<\/li>\n<li data-section-id=\"epre32\" data-start=\"3248\" data-end=\"3285\">Colore (trasparente o personalizzato)<\/li>\n<li data-section-id=\"yalb2g\" data-start=\"3286\" data-end=\"3317\">Accessori e assemblaggi finali<\/li>\n<li data-section-id=\"lru5e\" data-start=\"3318\" data-end=\"3358\">Classe di resistenza e trattamento superficiale<\/li>\n<\/ul>\n<h2 data-section-id=\"lk0893\" data-start=\"3365\" data-end=\"3389\"><span role=\"text\"><strong data-start=\"3368\" data-end=\"3389\">Garanzia di qualit\u00e0<\/strong><\/span><\/h2>\n<p data-start=\"3391\" data-end=\"3606\">Tutti i prodotti sono realizzati sotto rigorosi processi di controllo qualit\u00e0 e testati per resistenza, durata e prestazioni. Garantiamo la conformit\u00e0 agli standard internazionali per un uso affidabile in applicazioni critiche.<\/p>\n<h2 data-section-id=\"i5yrmq\" data-start=\"3613\" data-end=\"3638\"><span role=\"text\"><strong data-start=\"3616\" data-end=\"3638\">Consegna e Servizio<\/strong><\/span><\/h2>\n<ul data-start=\"3640\" data-end=\"3771\">\n<li data-section-id=\"1jszyqb\" data-start=\"3640\" data-end=\"3684\">Prodotti standard: <strong data-start=\"3661\" data-end=\"3682\">Consegna in 1\u20133 giorni<\/strong><\/li>\n<li data-section-id=\"1yk6teq\" data-start=\"3685\" data-end=\"3720\">Prodotti personalizzati: <strong data-start=\"3704\" data-end=\"3718\">15\u201330 giorni<\/strong><\/li>\n<li data-section-id=\"1i5g750\" data-start=\"3721\" data-end=\"3771\">Quotazioni rapide e supporto tecnico disponibili<\/li>\n<\/ul>\n<h2 data-section-id=\"elc90z\" data-start=\"3778\" data-end=\"3788\"><span role=\"text\"><strong data-start=\"3781\" data-end=\"3788\">FAQ<\/strong><\/span><\/h2>\n<p data-start=\"3790\" data-end=\"3955\"><strong data-start=\"3790\" data-end=\"3848\">D1: Qual \u00e8 la differenza tra rivestimento in PVC e PU?<\/strong><br data-start=\"3848\" data-end=\"3851\" \/>Il PVC \u00e8 pi\u00f9 economico e flessibile, mentre il PU offre una migliore resistenza all'abrasione e una vita utile pi\u00f9 lunga.<\/p>\n<p data-start=\"3957\" data-end=\"4104\"><strong data-start=\"3957\" data-end=\"4009\">D2: Posso personalizzare il diametro e il colore della corda?<\/strong><br data-start=\"4009\" data-end=\"4012\" \/>S\u00ec, forniamo personalizzazione completa, incluso diametro, spessore del rivestimento e opzioni di colore.<\/p>\n<p data-start=\"4106\" data-end=\"4274\"><strong data-start=\"4106\" data-end=\"4167\">D3: La corda metallica rivestita \u00e8 adatta per ambienti marini?<\/strong><br data-start=\"4167\" data-end=\"4170\" \/>S\u00ec, soprattutto quando si utilizza un'anima in acciaio inossidabile con rivestimento in PE o PU per una maggiore resistenza alla corrosione.<\/p>\n<h2 data-section-id=\"qj60tn\" data-start=\"4281\" data-end=\"4322\"><span role=\"text\"><strong data-start=\"4284\" data-end=\"4320\">Cerchi un fornitore affidabile?<\/strong><\/span><\/h2>\n<p data-start=\"4323\" data-end=\"4467\">Forniamo soluzioni di corda metallica rivestita in plastica ad alte prestazioni su misura per le vostre esigenze. Contattateci oggi per un preventivo veloce e supporto esperto.<\/p>","protected":false},"excerpt":{"rendered":"<p>La fune in acciaio rivestita in plastica \u00e8 prodotta applicando un rivestimento polimerico durevole su funi in acciaio di alta qualit\u00e0, inclusi nuclei zincati, in acciaio inossidabile o brillanti (oliati). Questo strato esterno migliora la resistenza alla corrosione, all'abrasione e all'esposizione ambientale, migliorando significativamente la durata e le prestazioni.<\/p>","protected":false},"featured_media":1481,"comment_status":"open","ping_status":"closed","template":"","meta":{"site-sidebar-layout":"default","site-content-layout":"","ast-site-content-layout":"default","site-content-style":"default","site-sidebar-style":"default","ast-global-header-display":"","ast-banner-title-visibility":"","ast-main-header-display":"","ast-hfb-above-header-display":"","ast-hfb-below-header-display":"","ast-hfb-mobile-header-display":"","site-post-title":"","ast-breadcrumbs-content":"","ast-featured-img":"","footer-sml-layout":"","ast-disable-related-posts":"","theme-transparent-header-meta":"default","adv-header-id-meta":"","stick-header-meta":"default","header-above-stick-meta":"","header-main-stick-meta":"","header-below-stick-meta":"","astra-migrate-meta-layouts":"set","ast-page-background-enabled":"default","ast-page-background-meta":{"desktop":{"background-color":"var(--ast-global-color-4)","background-image":"","background-repeat":"repeat","background-position":"center center","background-size":"auto","background-attachment":"scroll","background-type":"","background-media":"","overlay-type":"","overlay-color":"","overlay-opacity":"","overlay-gradient":""},"tablet":{"background-color":"","background-image":"","background-repeat":"repeat","background-position":"center center","background-size":"auto","background-attachment":"scroll","background-type":"","background-media":"","overlay-type":"","overlay-color":"","overlay-opacity":"","overlay-gradient":""},"mobile":{"background-color":"","background-image":"","background-repeat":"repeat","background-position":"center center","background-size":"auto","background-attachment":"scroll","background-type":"","background-media":"","overlay-type":"","overlay-color":"","overlay-opacity":"","overlay-gradient":""}},"ast-content-background-meta":{"desktop":{"background-color":"var(--ast-global-color-5)","background-image":"","background-repeat":"repeat","background-position":"center center","background-size":"auto","background-attachment":"scroll","background-type":"","background-media":"","overlay-type":"","overlay-color":"","overlay-opacity":"","overlay-gradient":""},"tablet":{"background-color":"var(--ast-global-color-5)","background-image":"","background-repeat":"repeat","background-position":"center center","background-size":"auto","background-attachment":"scroll","background-type":"","background-media":"","overlay-type":"","overlay-color":"","overlay-opacity":"","overlay-gradient":""},"mobile":{"background-color":"var(--ast-global-color-5)","background-image":"","background-repeat":"repeat","background-position":"center center","background-size":"auto","background-attachment":"scroll","background-type":"","background-media":"","overlay-type":"","overlay-color":"","overlay-opacity":"","overlay-gradient":""}}},"product_brand":[],"product_cat":[16],"product_tag":[34,25,33,28,39,29,36,32,37,35,24,22,26,20,23,21,38,30,31,27],"class_list":{"0":"post-1479","1":"product","2":"type-product","3":"status-publish","4":"has-post-thumbnail","6":"product_cat-wire-rope","7":"product_tag-abrasion-resistant-cable","8":"product_tag-coated-steel-cable","9":"product_tag-corrosion-resistant-wire-rope","10":"product_tag-custom-wire-rope","11":"product_tag-decorative-wire-rope","12":"product_tag-galvanized-coated-wire-rope","13":"product_tag-hoisting-wire-rope","14":"product_tag-industrial-wire-rope","15":"product_tag-lifting-cable","16":"product_tag-marine-wire-rope","17":"product_tag-nylon-coated-wire-rope","18":"product_tag-pe-coated-steel-wire-rope","19":"product_tag-plastic-coated-cable","20":"product_tag-plastic-coated-wire-rope","21":"product_tag-pu-coated-wire-rope","22":"product_tag-pvc-coated-wire-rope","23":"product_tag-safety-cable","24":"product_tag-stainless-steel-coated-wire-rope","25":"product_tag-wire-rope-assemblies","26":"product_tag-wire-rope-manufacturer","27":"desktop-align-left","28":"tablet-align-left","29":"mobile-align-left","30":"ast-product-gallery-layout-horizontal-slider","31":"ast-product-tabs-layout-horizontal","33":"first","34":"instock","35":"shipping-taxable","36":"product-type-simple"},"_links":{"self":[{"href":"https:\/\/www.precisionwirerope.com\/it\/wp-json\/wp\/v2\/product\/1479","targetHints":{"allow":["GET"]}}],"collection":[{"href":"https:\/\/www.precisionwirerope.com\/it\/wp-json\/wp\/v2\/product"}],"about":[{"href":"https:\/\/www.precisionwirerope.com\/it\/wp-json\/wp\/v2\/types\/product"}],"replies":[{"embeddable":true,"href":"https:\/\/www.precisionwirerope.com\/it\/wp-json\/wp\/v2\/comments?post=1479"}],"wp:featuredmedia":[{"embeddable":true,"href":"https:\/\/www.precisionwirerope.com\/it\/wp-json\/wp\/v2\/media\/1481"}],"wp:attachment":[{"href":"https:\/\/www.precisionwirerope.com\/it\/wp-json\/wp\/v2\/media?parent=1479"}],"wp:term":[{"taxonomy":"product_brand","embeddable":true,"href":"https:\/\/www.precisionwirerope.com\/it\/wp-json\/wp\/v2\/product_brand?post=1479"},{"taxonomy":"product_cat","embeddable":true,"href":"https:\/\/www.precisionwirerope.com\/it\/wp-json\/wp\/v2\/product_cat?post=1479"},{"taxonomy":"product_tag","embeddable":true,"href":"https:\/\/www.precisionwirerope.com\/it\/wp-json\/wp\/v2\/product_tag?post=1479"}],"curies":[{"name":"wp","href":"https:\/\/api.w.org\/{rel}","templated":true}]}}