{"id":594,"date":"2026-03-18T06:08:29","date_gmt":"2026-03-18T06:08:29","guid":{"rendered":"https:\/\/www.precisionwirerope.com\/about-us\/"},"modified":"2026-05-10T09:12:19","modified_gmt":"2026-05-10T09:12:19","slug":"about-us","status":"publish","type":"page","link":"https:\/\/www.precisionwirerope.com\/it\/about-us\/","title":{"rendered":"Chi Siamo"},"content":{"rendered":"<div data-elementor-type=\"wp-page\" data-elementor-id=\"594\" class=\"elementor elementor-594\" data-elementor-post-type=\"page\">\n\t\t\t\t<div class=\"elementor-element elementor-element-071f7e0 e-flex e-con-boxed e-con e-parent\" data-id=\"071f7e0\" data-element_type=\"container\" data-e-type=\"container\" data-settings=\"{&quot;background_background&quot;:&quot;classic&quot;}\">\n\t\t\t\t\t<div class=\"e-con-inner\">\n\t\t\t\t<div class=\"elementor-element elementor-element-2c6f4b1 elementor-widget elementor-widget-image-box\" data-id=\"2c6f4b1\" data-element_type=\"widget\" data-e-type=\"widget\" data-widget_type=\"image-box.default\">\n\t\t\t\t<div class=\"elementor-widget-container\">\n\t\t\t\t\t<div class=\"elementor-image-box-wrapper\"><div class=\"elementor-image-box-content\"><h1 class=\"elementor-image-box-title\">Chi Siamo<\/h1><p class=\"elementor-image-box-description\">Benvenuti in Cavi in Acciaio di Precisione, dove l'expertise ingegneristica incontra prestazioni affidabili. Siamo specializzati nella fornitura di soluzioni in cavo di alta qualit\u00e0 progettate per soddisfare le esigenze impegnative delle industrie moderne. Con un forte focus su precisione, durata e coerenza, aiutiamo i nostri clienti a raggiungere operazioni sicure ed efficienti.<\/p><\/div><\/div>\t\t\t\t<\/div>\n\t\t\t\t<\/div>\n\t\t\t\t\t<\/div>\n\t\t\t\t<\/div>\n\t\t<div class=\"elementor-element elementor-element-8bceba8 e-flex e-con-boxed e-con e-parent\" data-id=\"8bceba8\" data-element_type=\"container\" data-e-type=\"container\" data-settings=\"{&quot;background_background&quot;:&quot;classic&quot;}\">\n\t\t\t\t\t<div class=\"e-con-inner\">\n\t\t\t\t<div class=\"elementor-element elementor-element-c2477d7 elementor-widget elementor-widget-image-box\" data-id=\"c2477d7\" data-element_type=\"widget\" data-e-type=\"widget\" data-widget_type=\"image-box.default\">\n\t\t\t\t<div class=\"elementor-widget-container\">\n\t\t\t\t\t<div class=\"elementor-image-box-wrapper\"><div class=\"elementor-image-box-content\"><h2 class=\"elementor-image-box-title\">Chi siamo<\/h2><p class=\"elementor-image-box-description\">Cavi in Acciaio di Precisione \u00e8 un produttore e fornitore affidabile di cavi industriali e soluzioni correlate. Supportati da capacit\u00e0 produttive avanzate e rigorosi controlli di qualit\u00e0, serviamo clienti in tutto il mondo in una vasta gamma di settori, fornendo prodotti che funzionano in modo affidabile in applicazioni critiche.<\/p><\/div><\/div>\t\t\t\t<\/div>\n\t\t\t\t<\/div>\n\t\t\t\t<div class=\"elementor-element elementor-element-ed7f4b4 elementor-widget elementor-widget-image\" data-id=\"ed7f4b4\" data-element_type=\"widget\" data-e-type=\"widget\" data-widget_type=\"image.default\">\n\t\t\t\t<div class=\"elementor-widget-container\">\n\t\t\t\t\t\t\t\t\t\t\t\t\t\t\t<img fetchpriority=\"high\" decoding=\"async\" width=\"1024\" height=\"532\" src=\"https:\/\/www.precisionwirerope.com\/wp-content\/uploads\/2026\/05\/wire-rope-1024x532.png\" class=\"attachment-large size-large wp-image-1560\" alt=\"\" srcset=\"https:\/\/www.precisionwirerope.com\/wp-content\/uploads\/2026\/05\/wire-rope-1024x532.png 1024w, https:\/\/www.precisionwirerope.com\/wp-content\/uploads\/2026\/05\/wire-rope-300x156.png 300w, https:\/\/www.precisionwirerope.com\/wp-content\/uploads\/2026\/05\/wire-rope-768x399.png 768w, https:\/\/www.precisionwirerope.com\/wp-content\/uploads\/2026\/05\/wire-rope-1536x798.png 1536w, https:\/\/www.precisionwirerope.com\/wp-content\/uploads\/2026\/05\/wire-rope-600x312.png 600w, https:\/\/www.precisionwirerope.com\/wp-content\/uploads\/2026\/05\/wire-rope.png 1739w\" sizes=\"(max-width: 1024px) 100vw, 1024px\" \/>\t\t\t\t\t\t\t\t\t\t\t\t\t\t\t<\/div>\n\t\t\t\t<\/div>\n\t\t\t\t\t<\/div>\n\t\t\t\t<\/div>\n\t\t<div class=\"elementor-element elementor-element-c1878d7 e-flex e-con-boxed e-con e-parent\" data-id=\"c1878d7\" data-element_type=\"container\" data-e-type=\"container\" data-settings=\"{&quot;background_background&quot;:&quot;classic&quot;}\">\n\t\t\t\t\t<div class=\"e-con-inner\">\n\t\t\t\t<div class=\"elementor-element elementor-element-fc0abf1 elementor-widget elementor-widget-image-box\" data-id=\"fc0abf1\" data-element_type=\"widget\" data-e-type=\"widget\" data-widget_type=\"image-box.default\">\n\t\t\t\t<div class=\"elementor-widget-container\">\n\t\t\t\t\t<div class=\"elementor-image-box-wrapper\"><div class=\"elementor-image-box-content\"><h2 class=\"elementor-image-box-title\">Punti di Forza<\/h2><p class=\"elementor-image-box-description\">Con strutture di produzione moderne e un team tecnico qualificato, ci impegniamo a fornire prodotti che soddisfano gli standard internazionali. La nostra forza risiede nell'ingegneria di precisione, nella personalizzazione flessibile e nel miglioramento continuo per garantire un valore a lungo termine per i nostri clienti.<\/p><\/div><\/div>\t\t\t\t<\/div>\n\t\t\t\t<\/div>\n\t\t<div class=\"elementor-element elementor-element-76fbaff e-con-full e-flex e-con e-child\" data-id=\"76fbaff\" data-element_type=\"container\" data-e-type=\"container\">\n\t\t<div class=\"elementor-element elementor-element-6ee184d e-con-full e-flex e-con e-child\" data-id=\"6ee184d\" data-element_type=\"container\" data-e-type=\"container\">\n\t\t\t\t<div class=\"elementor-element elementor-element-fb5e25c elementor-widget elementor-widget-image-box\" data-id=\"fb5e25c\" data-element_type=\"widget\" data-e-type=\"widget\" data-widget_type=\"image-box.default\">\n\t\t\t\t<div class=\"elementor-widget-container\">\n\t\t\t\t\t<div class=\"elementor-image-box-wrapper\"><div class=\"elementor-image-box-content\"><h3 class=\"elementor-image-box-title\">Affidabile<\/h3><p class=\"elementor-image-box-description\">Forniamo una qualit\u00e0 costante su cui puoi contare. Ogni prodotto \u00e8 fabbricato e testato per garantire stabilit\u00e0, sicurezza e lunga durata in ambienti impegnativi.<\/p><\/div><\/div>\t\t\t\t<\/div>\n\t\t\t\t<\/div>\n\t\t\t\t<\/div>\n\t\t<div class=\"elementor-element elementor-element-a8ac873 e-con-full e-flex e-con e-child\" data-id=\"a8ac873\" data-element_type=\"container\" data-e-type=\"container\">\n\t\t\t\t<div class=\"elementor-element elementor-element-e139aa5 elementor-widget elementor-widget-image-box\" data-id=\"e139aa5\" data-element_type=\"widget\" data-e-type=\"widget\" data-widget_type=\"image-box.default\">\n\t\t\t\t<div class=\"elementor-widget-container\">\n\t\t\t\t\t<div class=\"elementor-image-box-wrapper\"><div class=\"elementor-image-box-content\"><h3 class=\"elementor-image-box-title\">Professionale<\/h3><p class=\"elementor-image-box-description\">Il nostro team esperto segue rigorosi standard di settore e processi di produzione, garantendo che ogni cavo sia progettato con precisione e attenzione ai dettagli.<\/p><\/div><\/div>\t\t\t\t<\/div>\n\t\t\t\t<\/div>\n\t\t\t\t<\/div>\n\t\t<div class=\"elementor-element elementor-element-3c8ddf9 e-con-full e-flex e-con e-child\" data-id=\"3c8ddf9\" data-element_type=\"container\" data-e-type=\"container\">\n\t\t\t\t<div class=\"elementor-element elementor-element-963cdb9 elementor-widget elementor-widget-image-box\" data-id=\"963cdb9\" data-element_type=\"widget\" data-e-type=\"widget\" data-widget_type=\"image-box.default\">\n\t\t\t\t<div class=\"elementor-widget-container\">\n\t\t\t\t\t<div class=\"elementor-image-box-wrapper\"><div class=\"elementor-image-box-content\"><h3 class=\"elementor-image-box-title\">Affidabile<\/h3><p class=\"elementor-image-box-description\">Il nostro impegno per la qualit\u00e0 e il servizio ha guadagnato la fiducia dei clienti in tutto il mondo. Ci concentriamo sulla costruzione di partnership a lungo termine attraverso prodotti affidabili e supporto reattivo.<\/p><\/div><\/div>\t\t\t\t<\/div>\n\t\t\t\t<\/div>\n\t\t\t\t<\/div>\n\t\t\t\t<\/div>\n\t\t\t\t\t<\/div>\n\t\t\t\t<\/div>\n\t\t<div class=\"elementor-element elementor-element-d18d709 e-flex e-con-boxed e-con e-parent\" data-id=\"d18d709\" data-element_type=\"container\" data-e-type=\"container\" data-settings=\"{&quot;background_background&quot;:&quot;classic&quot;}\">\n\t\t\t\t\t<div class=\"e-con-inner\">\n\t\t<div class=\"elementor-element elementor-element-81e508f e-con-full e-flex e-con e-child\" data-id=\"81e508f\" data-element_type=\"container\" data-e-type=\"container\">\n\t\t\t\t<div class=\"elementor-element elementor-element-6670386 elementor-widget__width-initial elementor-widget-mobile__width-inherit elementor-widget elementor-widget-heading\" data-id=\"6670386\" data-element_type=\"widget\" data-e-type=\"widget\" data-widget_type=\"heading.default\">\n\t\t\t\t<div class=\"elementor-widget-container\">\n\t\t\t\t\t<h2 class=\"elementor-heading-title elementor-size-default\">Settori e Clienti<\/h2>\t\t\t\t<\/div>\n\t\t\t\t<\/div>\n\t\t\t\t<div class=\"elementor-element elementor-element-5de8cf7 elementor-widget__width-initial elementor-widget-mobile__width-inherit elementor-widget elementor-widget-heading\" data-id=\"5de8cf7\" data-element_type=\"widget\" data-e-type=\"widget\" data-widget_type=\"heading.default\">\n\t\t\t\t<div class=\"elementor-widget-container\">\n\t\t\t\t\t<p class=\"elementor-heading-title elementor-size-default\">Abbiamo supportato aziende in settori come costruzione, sollevamento, marittimo e macchinari industriali. Le nostre soluzioni sono personalizzate per soddisfare requisiti operativi specifici, aiutando i clienti a migliorare efficienza, sicurezza e prestazioni.<\/p>\t\t\t\t<\/div>\n\t\t\t\t<\/div>\n\t\t\t\t<\/div>\n\t\t<div class=\"elementor-element elementor-element-1f4d1be e-con-full e-flex e-con e-child\" data-id=\"1f4d1be\" data-element_type=\"container\" data-e-type=\"container\">\n\t\t\t\t<\/div>\n\t\t\t\t\t<\/div>\n\t\t\t\t<\/div>\n\t\t<div class=\"elementor-element elementor-element-5d22111 e-flex e-con-boxed e-con e-parent\" data-id=\"5d22111\" data-element_type=\"container\" data-e-type=\"container\" data-settings=\"{&quot;background_background&quot;:&quot;classic&quot;}\">\n\t\t\t\t\t<div class=\"e-con-inner\">\n\t\t\t\t<div class=\"elementor-element elementor-element-161e116 elementor-widget elementor-widget-heading\" data-id=\"161e116\" data-element_type=\"widget\" data-e-type=\"widget\" data-widget_type=\"heading.default\">\n\t\t\t\t<div class=\"elementor-widget-container\">\n\t\t\t\t\t<h2 class=\"elementor-heading-title elementor-size-default\">Forniamo soluzioni in cavo di alta qualit\u00e0 progettate per precisione e durata.<\/h2>\t\t\t\t<\/div>\n\t\t\t\t<\/div>\n\t\t\t\t<div class=\"elementor-element elementor-element-3e5fbee elementor-widget elementor-widget-heading\" data-id=\"3e5fbee\" data-element_type=\"widget\" data-e-type=\"widget\" data-widget_type=\"heading.default\">\n\t\t\t\t<div class=\"elementor-widget-container\">\n\t\t\t\t\t<p class=\"elementor-heading-title elementor-size-default\">Il nostro team \u00e8 impegnato a comprendere le tue esigenze specifiche e a fornire prodotti affidabili che migliorano sicurezza, efficienza e coerenza operativa.<\/p>\t\t\t\t<\/div>\n\t\t\t\t<\/div>\n\t\t\t\t<div class=\"elementor-element elementor-element-414f36d elementor-align-center elementor-widget elementor-widget-button\" data-id=\"414f36d\" data-element_type=\"widget\" data-e-type=\"widget\" data-widget_type=\"button.default\">\n\t\t\t\t<div class=\"elementor-widget-container\">\n\t\t\t\t\t\t\t\t\t<div class=\"elementor-button-wrapper\">\n\t\t\t\t\t<a class=\"elementor-button elementor-button-link elementor-size-sm\" href=\"#\">\n\t\t\t\t\t\t<span class=\"elementor-button-content-wrapper\">\n\t\t\t\t\t\t\t\t\t<span class=\"elementor-button-text\">Mettiti in contatto<\/span>\n\t\t\t\t\t<\/span>\n\t\t\t\t\t<\/a>\n\t\t\t\t<\/div>\n\t\t\t\t\t\t\t\t<\/div>\n\t\t\t\t<\/div>\n\t\t\t\t\t<\/div>\n\t\t\t\t<\/div>\n\t\t\t\t<\/div>","protected":false},"excerpt":{"rendered":"<p>About Us Welcome to Precision Wire Rope, where engineering expertise meets reliable performance. We specialize in delivering high-quality wire rope solutions designed to meet the demanding needs of modern industries. With a strong focus on precision, durability, and consistency, we help our clients achieve safe and efficient operations. Who we are Precision Wire Rope is [&hellip;]<\/p>\n","protected":false},"author":1,"featured_media":0,"parent":0,"menu_order":0,"comment_status":"closed","ping_status":"closed","template":"","meta":{"site-sidebar-layout":"no-sidebar","site-content-layout":"page-builder","ast-site-content-layout":"full-width-container","site-content-style":"default","site-sidebar-style":"default","ast-global-header-display":"","ast-banner-title-visibility":"disabled","ast-main-header-display":"","ast-hfb-above-header-display":"","ast-hfb-below-header-display":"","ast-hfb-mobile-header-display":"","site-post-title":"","ast-breadcrumbs-content":"","ast-featured-img":"disabled","footer-sml-layout":"","ast-disable-related-posts":"","theme-transparent-header-meta":"enabled","adv-header-id-meta":"","stick-header-meta":"","header-above-stick-meta":"","header-main-stick-meta":"","header-below-stick-meta":"","astra-migrate-meta-layouts":"set","ast-page-background-enabled":"default","ast-page-background-meta":{"desktop":{"background-color":"var(--ast-global-color-4)","background-image":"","background-repeat":"repeat","background-position":"center center","background-size":"auto","background-attachment":"scroll","background-type":"","background-media":"","overlay-type":"","overlay-color":"","overlay-opacity":"","overlay-gradient":""},"tablet":{"background-color":"","background-image":"","background-repeat":"repeat","background-position":"center center","background-size":"auto","background-attachment":"scroll","background-type":"","background-media":"","overlay-type":"","overlay-color":"","overlay-opacity":"","overlay-gradient":""},"mobile":{"background-color":"","background-image":"","background-repeat":"repeat","background-position":"center center","background-size":"auto","background-attachment":"scroll","background-type":"","background-media":"","overlay-type":"","overlay-color":"","overlay-opacity":"","overlay-gradient":""}},"ast-content-background-meta":{"desktop":{"background-color":"var(--ast-global-color-5)","background-image":"","background-repeat":"repeat","background-position":"center center","background-size":"auto","background-attachment":"scroll","background-type":"","background-media":"","overlay-type":"","overlay-color":"","overlay-opacity":"","overlay-gradient":""},"tablet":{"background-color":"var(--ast-global-color-5)","background-image":"","background-repeat":"repeat","background-position":"center center","background-size":"auto","background-attachment":"scroll","background-type":"","background-media":"","overlay-type":"","overlay-color":"","overlay-opacity":"","overlay-gradient":""},"mobile":{"background-color":"var(--ast-global-color-5)","background-image":"","background-repeat":"repeat","background-position":"center center","background-size":"auto","background-attachment":"scroll","background-type":"","background-media":"","overlay-type":"","overlay-color":"","overlay-opacity":"","overlay-gradient":""}},"footnotes":""},"class_list":["post-594","page","type-page","status-publish","hentry"],"_links":{"self":[{"href":"https:\/\/www.precisionwirerope.com\/it\/wp-json\/wp\/v2\/pages\/594","targetHints":{"allow":["GET"]}}],"collection":[{"href":"https:\/\/www.precisionwirerope.com\/it\/wp-json\/wp\/v2\/pages"}],"about":[{"href":"https:\/\/www.precisionwirerope.com\/it\/wp-json\/wp\/v2\/types\/page"}],"author":[{"embeddable":true,"href":"https:\/\/www.precisionwirerope.com\/it\/wp-json\/wp\/v2\/users\/1"}],"replies":[{"embeddable":true,"href":"https:\/\/www.precisionwirerope.com\/it\/wp-json\/wp\/v2\/comments?post=594"}],"version-history":[{"count":9,"href":"https:\/\/www.precisionwirerope.com\/it\/wp-json\/wp\/v2\/pages\/594\/revisions"}],"predecessor-version":[{"id":1568,"href":"https:\/\/www.precisionwirerope.com\/it\/wp-json\/wp\/v2\/pages\/594\/revisions\/1568"}],"wp:attachment":[{"href":"https:\/\/www.precisionwirerope.com\/it\/wp-json\/wp\/v2\/media?parent=594"}],"curies":[{"name":"wp","href":"https:\/\/api.w.org\/{rel}","templated":true}]}}