{"id":1496,"date":"2026-03-22T03:24:39","date_gmt":"2026-03-22T03:24:39","guid":{"rendered":"https:\/\/www.precisionwirerope.com\/?post_type=product&#038;p=1496"},"modified":"2026-03-22T03:24:39","modified_gmt":"2026-03-22T03:24:39","slug":"316-stainless-steel-wire-rope-marine-grade-corrosion-resistant-cable-for-industrial-applications","status":"publish","type":"product","link":"https:\/\/www.precisionwirerope.com\/hu\/product\/316-stainless-steel-wire-rope-marine-grade-corrosion-resistant-cable-for-industrial-applications\/","title":{"rendered":"316 Rozsdamentes Ac\u00e9l Dr\u00f3tk\u00f6t\u00e9l \u2013 Tengeri Min\u0151s\u00e9g\u0171 Korr\u00f3zi\u00f3\u00e1ll\u00f3 K\u00e1bel Ipari Alkalmaz\u00e1sokhoz"},"content":{"rendered":"<p data-start=\"189\" data-end=\"492\">A 316 rozsdamentes ac\u00e9l k\u00f6t\u00e9l kiv\u00e1l\u00f3 min\u0151s\u00e9g\u0171 austenitikus rozsdamentes ac\u00e9lb\u00f3l k\u00e9sz\u00fcl, amely kr\u00f3mot, nikkelt \u00e9s molibd\u00e9nt tartalmaz. A standard 304 rozsdamentes ac\u00e9lhoz k\u00e9pest a molibd\u00e9n hozz\u00e1ad\u00e1sa jelent\u0151sen jav\u00edtja a korr\u00f3zi\u00f3\u00e1ll\u00f3s\u00e1got, k\u00fcl\u00f6n\u00f6sen kloridban gazdag \u00e9s zord k\u00f6rnyezetben.<\/p>\n<p data-start=\"494\" data-end=\"712\">Ez a t\u00edpus\u00fa k\u00f6t\u00e9l sz\u00e9les k\u00f6rben elismert tengeri min\u0151s\u00e9g\u0171 rozsdamentes ac\u00e9l k\u00e1belk\u00e9nt, \u00edgy ide\u00e1lis olyan alkalmaz\u00e1sokhoz, amelyek kiv\u00e1l\u00f3 tart\u00f3ss\u00e1got, szil\u00e1rds\u00e1got \u00e9s hossz\u00fa t\u00e1v\u00fa ellen\u00e1ll\u00e1st ig\u00e9nyelnek a rozsd\u00e1val \u00e9s vegyi anyagokkal szemben.<\/p>\n<h2 data-section-id=\"1uq2vdj\" data-start=\"719\" data-end=\"743\"><span role=\"text\"><strong data-start=\"722\" data-end=\"743\">2. M\u0171szaki adatok<\/strong><\/span><\/h2>\n<ul data-start=\"744\" data-end=\"994\">\n<li data-section-id=\"ydfmjl\" data-start=\"744\" data-end=\"783\"><strong data-start=\"746\" data-end=\"765\">\u00c1tm\u00e9r\u0151 Tartom\u00e1ny:<\/strong> 0,03 mm \u2013 36 mm<\/li>\n<li data-section-id=\"1dxipv8\" data-start=\"784\" data-end=\"864\"><strong data-start=\"786\" data-end=\"809\">\u00c9p\u00edt\u00e9si T\u00edpusok:<\/strong><br data-start=\"809\" data-end=\"812\" \/>1\u00d77, 1\u00d719, 6\u00d77, 7\u00d77, 7\u00d719, 7\u00d737, 6W19, 6\u00d719+IWRC<\/li>\n<li data-section-id=\"fqxok2\" data-start=\"865\" data-end=\"922\"><strong data-start=\"867\" data-end=\"895\">Legn\u00e9pszer\u0171bb szerkezetek:<\/strong><br data-start=\"895\" data-end=\"898\" \/>1\u00d77, 1\u00d719, 7\u00d77, 7\u00d719<\/li>\n<li data-section-id=\"1rgu7kw\" data-start=\"923\" data-end=\"994\"><strong data-start=\"925\" data-end=\"939\">Magt\u00edpus:<\/strong><br data-start=\"939\" data-end=\"942\" \/>FC (Sz\u00e1lmag), IWRC (F\u00fcggetlen K\u00f6t\u00e9lmag)<\/li>\n<\/ul>\n<hr data-start=\"996\" data-end=\"999\" \/>\n<h2 data-section-id=\"ykyzlw\" data-start=\"1001\" data-end=\"1031\"><span role=\"text\"><strong data-start=\"1004\" data-end=\"1031\">3. K\u00e9miai \u00d6sszet\u00e9tel<\/strong><\/span><\/h2>\n<div class=\"TyagGW_tableContainer\">\n<div class=\"group TyagGW_tableWrapper flex flex-col-reverse w-fit\" tabindex=\"-1\">\n<table class=\"w-fit min-w-(--thread-content-width)\" data-start=\"1032\" data-end=\"1221\">\n<thead data-start=\"1032\" data-end=\"1057\">\n<tr data-start=\"1032\" data-end=\"1057\">\n<th class=\"\" data-start=\"1032\" data-end=\"1042\" data-col-size=\"sm\">Elem<\/th>\n<th class=\"\" data-start=\"1042\" data-end=\"1057\" data-col-size=\"sm\">Tartalom (%)<\/th>\n<\/tr>\n<\/thead>\n<tbody data-start=\"1083\" data-end=\"1221\">\n<tr data-start=\"1083\" data-end=\"1097\">\n<td data-start=\"1083\" data-end=\"1087\" data-col-size=\"sm\">C<\/td>\n<td data-start=\"1087\" data-end=\"1097\" data-col-size=\"sm\">\u2264 0,08<\/td>\n<\/tr>\n<tr data-start=\"1098\" data-end=\"1113\">\n<td data-start=\"1098\" data-end=\"1103\" data-col-size=\"sm\">Si<\/td>\n<td data-start=\"1103\" data-end=\"1113\" data-col-size=\"sm\">\u2264 1,00<\/td>\n<\/tr>\n<tr data-start=\"1114\" data-end=\"1129\">\n<td data-start=\"1114\" data-end=\"1119\" data-col-size=\"sm\">Mn<\/td>\n<td data-start=\"1119\" data-end=\"1129\" data-col-size=\"sm\">\u2264 2,00<\/td>\n<\/tr>\n<tr data-start=\"1130\" data-end=\"1145\">\n<td data-start=\"1130\" data-end=\"1134\" data-col-size=\"sm\">P<\/td>\n<td data-start=\"1134\" data-end=\"1145\" data-col-size=\"sm\">\u2264 0.035<\/td>\n<\/tr>\n<tr data-start=\"1146\" data-end=\"1160\">\n<td data-start=\"1146\" data-end=\"1150\" data-col-size=\"sm\">S<\/td>\n<td data-start=\"1150\" data-end=\"1160\" data-col-size=\"sm\">\u2264 0.03<\/td>\n<\/tr>\n<tr data-start=\"1161\" data-end=\"1181\">\n<td data-start=\"1161\" data-end=\"1166\" data-col-size=\"sm\">Cr<\/td>\n<td data-start=\"1166\" data-end=\"1181\" data-col-size=\"sm\">16,0 \u2013 18,5<\/td>\n<\/tr>\n<tr data-start=\"1182\" data-end=\"1202\">\n<td data-start=\"1182\" data-end=\"1187\" data-col-size=\"sm\">Ni<\/td>\n<td data-start=\"1187\" data-end=\"1202\" data-col-size=\"sm\">10,0 \u2013 14,0<\/td>\n<\/tr>\n<tr data-start=\"1203\" data-end=\"1221\">\n<td data-start=\"1203\" data-end=\"1208\" data-col-size=\"sm\">Mo<\/td>\n<td data-start=\"1208\" data-end=\"1221\" data-col-size=\"sm\">2,0 \u2013 3,0<\/td>\n<\/tr>\n<\/tbody>\n<\/table>\n<\/div>\n<\/div>\n<h2 data-section-id=\"1ejbybq\" data-start=\"1228\" data-end=\"1270\"><span role=\"text\"><strong data-start=\"1231\" data-end=\"1270\">4. Mechanikai \u00e9s Fizikai Tulajdons\u00e1gok<\/strong><\/span><\/h2>\n<div class=\"TyagGW_tableContainer\">\n<div class=\"group TyagGW_tableWrapper flex flex-col-reverse w-fit\" tabindex=\"-1\">\n<table class=\"w-fit min-w-(--thread-content-width)\" data-start=\"1271\" data-end=\"1525\">\n<thead data-start=\"1271\" data-end=\"1291\">\n<tr data-start=\"1271\" data-end=\"1291\">\n<th class=\"\" data-start=\"1271\" data-end=\"1282\" data-col-size=\"sm\">Tulajdons\u00e1g<\/th>\n<th class=\"\" data-start=\"1282\" data-end=\"1291\" data-col-size=\"sm\">\u00c9rt\u00e9k<\/th>\n<\/tr>\n<\/thead>\n<tbody data-start=\"1312\" data-end=\"1525\">\n<tr data-start=\"1312\" data-end=\"1344\">\n<td data-start=\"1312\" data-end=\"1331\" data-col-size=\"sm\">H\u00faz\u00f3er\u0151<\/td>\n<td data-col-size=\"sm\" data-start=\"1331\" data-end=\"1344\">\u2265 620 MPa<\/td>\n<\/tr>\n<tr data-start=\"1345\" data-end=\"1375\">\n<td data-start=\"1345\" data-end=\"1362\" data-col-size=\"sm\">Megengedett fesz\u00fclts\u00e9g<\/td>\n<td data-start=\"1362\" data-end=\"1375\" data-col-size=\"sm\">1. \u2265 310 MPa<\/td>\n<\/tr>\n<tr data-start=\"1376\" data-end=\"1398\">\n<td data-start=\"1376\" data-end=\"1389\" data-col-size=\"sm\">Ny\u00fal\u00e1s<\/td>\n<td data-start=\"1389\" data-end=\"1398\" data-col-size=\"sm\">2. \u2265 30%<\/td>\n<\/tr>\n<tr data-start=\"1399\" data-end=\"1428\">\n<td data-start=\"1399\" data-end=\"1419\" data-col-size=\"sm\">3. Ter\u00fcletcs\u00f6kkent\u00e9s<\/td>\n<td data-start=\"1419\" data-end=\"1428\" data-col-size=\"sm\">\u2265 40%<\/td>\n<\/tr>\n<tr data-start=\"1429\" data-end=\"1453\">\n<td data-start=\"1429\" data-end=\"1439\" data-col-size=\"sm\">S\u0171r\u0171s\u00e9g<\/td>\n<td data-start=\"1439\" data-end=\"1453\" data-col-size=\"sm\">4. 8.03 g\/cm\u00b3<\/td>\n<\/tr>\n<tr data-start=\"1454\" data-end=\"1492\">\n<td data-start=\"1454\" data-end=\"1465\" data-col-size=\"sm\">Kem\u00e9nys\u00e9g<\/td>\n<td data-col-size=\"sm\" data-start=\"1465\" data-end=\"1492\">5. \u2264 HB187 \/ HRB90 \/ HV200<\/td>\n<\/tr>\n<tr data-start=\"1493\" data-end=\"1525\">\n<td data-start=\"1493\" data-end=\"1509\" data-col-size=\"sm\">Olvad\u00e1spont<\/td>\n<td data-col-size=\"sm\" data-start=\"1509\" data-end=\"1525\">6. 1398 \u2013 1420\u2103<\/td>\n<\/tr>\n<\/tbody>\n<\/table>\n<\/div>\n<\/div>\n<h2 data-section-id=\"1drd74e\" data-start=\"1532\" data-end=\"1554\"><span role=\"text\"><strong data-start=\"1535\" data-end=\"1554\">7. 5. F\u0151bb jellemz\u0151k<\/strong><\/span><\/h2>\n<ul data-start=\"1555\" data-end=\"2044\">\n<li data-section-id=\"12fvyby\" data-start=\"1555\" data-end=\"1667\"><strong data-start=\"1557\" data-end=\"1591\">8. Kiv\u00e1l\u00f3 korr\u00f3zi\u00f3\u00e1ll\u00f3s\u00e1g<\/strong><br data-start=\"1591\" data-end=\"1594\" \/>9. Molibd\u00e9nnel jav\u00edtva, ide\u00e1lis s\u00f3s v\u00edz \u00e9s vegyi k\u00f6rnyezetekhez<\/li>\n<li data-section-id=\"1wjo9ou\" data-start=\"1669\" data-end=\"1770\"><strong data-start=\"1671\" data-end=\"1701\">10. Magas szil\u00e1rds\u00e1g \u00e9s tart\u00f3ss\u00e1g<\/strong><br data-start=\"1701\" data-end=\"1704\" \/>11. Megfelel\u0151 neh\u00e9z ipari \u00e9s szerkezeti alkalmaz\u00e1sokhoz<\/li>\n<li data-section-id=\"1dimx9r\" data-start=\"1772\" data-end=\"1868\"><strong data-start=\"1774\" data-end=\"1805\">12. Kiv\u00e1l\u00f3 f\u00e1radts\u00e1g\u00e1ll\u00f3s\u00e1g<\/strong><br data-start=\"1805\" data-end=\"1808\" \/>13. J\u00f3l teljes\u00edt ism\u00e9telt terhel\u00e9s \u00e9s dinamikus k\u00f6r\u00fclm\u00e9nyek k\u00f6z\u00f6tt<\/li>\n<li data-section-id=\"1idykoz\" data-start=\"1870\" data-end=\"1962\"><strong data-start=\"1872\" data-end=\"1896\">14. J\u00f3 h\u0151\u00e1ll\u00f3s\u00e1g<\/strong><br data-start=\"1896\" data-end=\"1899\" \/>15. Meg\u0151rzi a mechanikai tulajdons\u00e1gokat emelt h\u0151m\u00e9rs\u00e9kleten<\/li>\n<li data-section-id=\"185bhjk\" data-start=\"1964\" data-end=\"2044\"><strong data-start=\"1966\" data-end=\"1987\">16. Hossz\u00fa \u00e9lettartam<\/strong><br data-start=\"1987\" data-end=\"1990\" \/>17. Cs\u00f6kkentett karbantart\u00e1si k\u00f6lts\u00e9g \u00e9s csere gyakoris\u00e1g<\/li>\n<\/ul>\n<h2 data-section-id=\"1pfsubh\" data-start=\"2051\" data-end=\"2116\"><span role=\"text\"><strong data-start=\"2054\" data-end=\"2116\">18. 6. Mi\u00e9rt van a 316-os rozsdamentes ac\u00e9lnak jobb korr\u00f3zi\u00f3\u00e1ll\u00f3s\u00e1ga<\/strong><\/span><\/h2>\n<p data-start=\"2117\" data-end=\"2151\">19. A 304-es rozsdamentes ac\u00e9lhoz k\u00e9pest:<\/p>\n<ul data-start=\"2153\" data-end=\"2434\">\n<li data-section-id=\"1hdl0he\" data-start=\"2153\" data-end=\"2223\">20. Magasabb <strong data-start=\"2162\" data-end=\"2188\">21. nikkel tartalom (+2\u20134%)<\/strong> 22. jav\u00edtja az oxid\u00e1ci\u00f3val szembeni ellen\u00e1ll\u00e1st<\/li>\n<li data-section-id=\"r6rsay\" data-start=\"2224\" data-end=\"2368\">23. Molibd\u00e9n (Mo) hozz\u00e1ad\u00e1sa <strong data-start=\"2238\" data-end=\"2257\">24. jelent\u0151sen n\u00f6veli az ellen\u00e1ll\u00e1st:<\/strong> 25. Kl\u00f3r korr\u00f3zi\u00f3\n<ul data-start=\"2298\" data-end=\"2368\">\n<li data-section-id=\"1kasw3m\" data-start=\"2298\" data-end=\"2320\">26. Pitting korr\u00f3zi\u00f3<\/li>\n<li data-section-id=\"1or07zd\" data-start=\"2323\" data-end=\"2344\">27. Tengerv\u00edz expoz\u00edci\u00f3<\/li>\n<li data-section-id=\"1onky49\" data-start=\"2347\" data-end=\"2368\">28. Tiszt\u00e1bb ac\u00e9l szerkezet biztos\u00edtja<\/li>\n<\/ul>\n<\/li>\n<li data-section-id=\"1nzjqd8\" data-start=\"2369\" data-end=\"2434\">29. stabil k\u00e9miai teljes\u00edtm\u00e9ny <strong data-start=\"2403\" data-end=\"2434\">stabil k\u00e9miai teljes\u00edtm\u00e9ny<\/strong><\/li>\n<\/ul>\n<h2 data-section-id=\"16fm4et\" data-start=\"2441\" data-end=\"2463\"><span role=\"text\"><strong data-start=\"2444\" data-end=\"2463\">7. Alkalmaz\u00e1sok<\/strong><\/span><\/h2>\n<p data-start=\"2464\" data-end=\"2512\">A 316 rozsdamentes ac\u00e9l dr\u00f3tk\u00f6t\u00e9l sz\u00e9les k\u00f6rben haszn\u00e1latos:<\/p>\n<ul data-start=\"2514\" data-end=\"2818\">\n<li data-section-id=\"5rria2\" data-start=\"2514\" data-end=\"2549\">Tengeri \u00e9s off-shore m\u00e9rn\u00f6ki munk\u00e1k<\/li>\n<li data-section-id=\"7o1xqs\" data-start=\"2550\" data-end=\"2583\">Part menti \u00e9p\u00edtkez\u00e9si projektek<\/li>\n<li data-section-id=\"1r5tb74\" data-start=\"2584\" data-end=\"2622\">Vegyipari \u00e9s feldolgoz\u00f3 ipar<\/li>\n<li data-section-id=\"1j9tydd\" data-start=\"2623\" data-end=\"2657\">Haj\u00f3\u00e9p\u00edt\u00e9s \u00e9s kik\u00f6t\u0151i kezel\u00e9s<\/li>\n<li data-section-id=\"1bw6ns9\" data-start=\"2658\" data-end=\"2697\">Er\u0151m\u0171vek \u00e9s nukle\u00e1ris l\u00e9tes\u00edtm\u00e9nyek<\/li>\n<li data-section-id=\"10kou17\" data-start=\"2698\" data-end=\"2727\">\u00c9lelmiszer-feldolgoz\u00f3 berendez\u00e9sek<\/li>\n<li data-section-id=\"1sanjgw\" data-start=\"2728\" data-end=\"2770\">Emel\u00e9si, \u00e1llv\u00e1nyoz\u00e1si \u00e9s felvon\u00f3 rendszerek<\/li>\n<li data-section-id=\"1q8y64d\" data-start=\"2771\" data-end=\"2818\">\u00c9p\u00edt\u00e9szeti k\u00e1belrendszerek \u00e9s korl\u00e1tok<\/li>\n<\/ul>\n<h2 data-section-id=\"xhagqj\" data-start=\"2825\" data-end=\"2844\"><span role=\"text\"><strong data-start=\"2828\" data-end=\"2844\">8. Szabv\u00e1nyok<\/strong><\/span><\/h2>\n<ul data-start=\"2845\" data-end=\"2907\">\n<li data-section-id=\"1jwgap5\" data-start=\"2845\" data-end=\"2861\"><strong data-start=\"2847\" data-end=\"2854\">GB:<\/strong> GB\/T<\/li>\n<li data-section-id=\"1rynxp4\" data-start=\"2862\" data-end=\"2887\"><strong data-start=\"2864\" data-end=\"2885\">ASTM \/ AISI (USA)<\/strong><\/li>\n<li data-section-id=\"1hdlk31\" data-start=\"2888\" data-end=\"2907\"><strong data-start=\"2890\" data-end=\"2905\">JIS (Jap\u00e1n)<\/strong><\/li>\n<\/ul>\n<h2 data-section-id=\"1c2uxzz\" data-start=\"2914\" data-end=\"2945\"><span role=\"text\"><strong data-start=\"2917\" data-end=\"2945\">9. Testreszab\u00e1si lehet\u0151s\u00e9gek<\/strong><\/span><\/h2>\n<p data-start=\"2946\" data-end=\"3006\">T\u00e1mogatjuk a testreszabott gy\u00e1rt\u00e1st az \u00d6n ig\u00e9nyei alapj\u00e1n:<\/p>\n<ul data-start=\"3008\" data-end=\"3126\">\n<li data-section-id=\"1fz3mxk\" data-start=\"3008\" data-end=\"3031\">\u00c1tm\u00e9r\u0151 \u00e9s hossz<\/li>\n<li data-section-id=\"qkmqy5\" data-start=\"3032\" data-end=\"3053\">\u00c9p\u00edt\u00e9si t\u00edpus<\/li>\n<li data-section-id=\"1vdpdpj\" data-start=\"3054\" data-end=\"3097\">Fel\u00fcletkezel\u00e9s (f\u00e9nyes, bevont, PVC)<\/li>\n<li data-section-id=\"1g9mduz\" data-start=\"3098\" data-end=\"3126\">Csomagol\u00e1s \u00e9s ors\u00f3 t\u00edpus<\/li>\n<\/ul>","protected":false},"excerpt":{"rendered":"<p>A 316 rozsdamentes ac\u00e9l k\u00f6t\u00e9l kiv\u00e1l\u00f3 min\u0151s\u00e9g\u0171 austenitikus rozsdamentes ac\u00e9lb\u00f3l k\u00e9sz\u00fcl, amely kr\u00f3mot, nikkelt \u00e9s molibd\u00e9nt tartalmaz. A standard 304 rozsdamentes ac\u00e9lhoz k\u00e9pest a molibd\u00e9n hozz\u00e1ad\u00e1sa jelent\u0151sen jav\u00edtja a korr\u00f3zi\u00f3\u00e1ll\u00f3s\u00e1got, k\u00fcl\u00f6n\u00f6sen kloridban gazdag \u00e9s zord k\u00f6rnyezetben.<\/p>","protected":false},"featured_media":1497,"comment_status":"open","ping_status":"closed","template":"","meta":{"site-sidebar-layout":"default","site-content-layout":"","ast-site-content-layout":"default","site-content-style":"default","site-sidebar-style":"default","ast-global-header-display":"","ast-banner-title-visibility":"","ast-main-header-display":"","ast-hfb-above-header-display":"","ast-hfb-below-header-display":"","ast-hfb-mobile-header-display":"","site-post-title":"","ast-breadcrumbs-content":"","ast-featured-img":"","footer-sml-layout":"","ast-disable-related-posts":"","theme-transparent-header-meta":"default","adv-header-id-meta":"","stick-header-meta":"default","header-above-stick-meta":"","header-main-stick-meta":"","header-below-stick-meta":"","astra-migrate-meta-layouts":"set","ast-page-background-enabled":"default","ast-page-background-meta":{"desktop":{"background-color":"var(--ast-global-color-4)","background-image":"","background-repeat":"repeat","background-position":"center center","background-size":"auto","background-attachment":"scroll","background-type":"","background-media":"","overlay-type":"","overlay-color":"","overlay-opacity":"","overlay-gradient":""},"tablet":{"background-color":"","background-image":"","background-repeat":"repeat","background-position":"center center","background-size":"auto","background-attachment":"scroll","background-type":"","background-media":"","overlay-type":"","overlay-color":"","overlay-opacity":"","overlay-gradient":""},"mobile":{"background-color":"","background-image":"","background-repeat":"repeat","background-position":"center center","background-size":"auto","background-attachment":"scroll","background-type":"","background-media":"","overlay-type":"","overlay-color":"","overlay-opacity":"","overlay-gradient":""}},"ast-content-background-meta":{"desktop":{"background-color":"var(--ast-global-color-5)","background-image":"","background-repeat":"repeat","background-position":"center center","background-size":"auto","background-attachment":"scroll","background-type":"","background-media":"","overlay-type":"","overlay-color":"","overlay-opacity":"","overlay-gradient":""},"tablet":{"background-color":"var(--ast-global-color-5)","background-image":"","background-repeat":"repeat","background-position":"center center","background-size":"auto","background-attachment":"scroll","background-type":"","background-media":"","overlay-type":"","overlay-color":"","overlay-opacity":"","overlay-gradient":""},"mobile":{"background-color":"var(--ast-global-color-5)","background-image":"","background-repeat":"repeat","background-position":"center center","background-size":"auto","background-attachment":"scroll","background-type":"","background-media":"","overlay-type":"","overlay-color":"","overlay-opacity":"","overlay-gradient":""}}},"product_brand":[],"product_cat":[16],"product_tag":[51,68,65,33,32,67,64,56,66,27],"class_list":{"0":"post-1496","1":"product","2":"type-product","3":"status-publish","4":"has-post-thumbnail","6":"product_cat-wire-rope","7":"product_tag-316-stainless-steel-wire-rope","8":"product_tag-316-steel-cable-supplier","9":"product_tag-7x19-stainless-steel-cable","10":"product_tag-corrosion-resistant-wire-rope","11":"product_tag-industrial-wire-rope","12":"product_tag-marine-cable","13":"product_tag-marine-grade-wire-rope","14":"product_tag-stainless-steel-cable","15":"product_tag-stainless-steel-lifting-cable","16":"product_tag-wire-rope-manufacturer","17":"desktop-align-left","18":"tablet-align-left","19":"mobile-align-left","20":"ast-product-gallery-layout-horizontal-slider","21":"ast-product-tabs-layout-horizontal","23":"first","24":"instock","25":"shipping-taxable","26":"product-type-simple"},"_links":{"self":[{"href":"https:\/\/www.precisionwirerope.com\/hu\/wp-json\/wp\/v2\/product\/1496","targetHints":{"allow":["GET"]}}],"collection":[{"href":"https:\/\/www.precisionwirerope.com\/hu\/wp-json\/wp\/v2\/product"}],"about":[{"href":"https:\/\/www.precisionwirerope.com\/hu\/wp-json\/wp\/v2\/types\/product"}],"replies":[{"embeddable":true,"href":"https:\/\/www.precisionwirerope.com\/hu\/wp-json\/wp\/v2\/comments?post=1496"}],"wp:featuredmedia":[{"embeddable":true,"href":"https:\/\/www.precisionwirerope.com\/hu\/wp-json\/wp\/v2\/media\/1497"}],"wp:attachment":[{"href":"https:\/\/www.precisionwirerope.com\/hu\/wp-json\/wp\/v2\/media?parent=1496"}],"wp:term":[{"taxonomy":"product_brand","embeddable":true,"href":"https:\/\/www.precisionwirerope.com\/hu\/wp-json\/wp\/v2\/product_brand?post=1496"},{"taxonomy":"product_cat","embeddable":true,"href":"https:\/\/www.precisionwirerope.com\/hu\/wp-json\/wp\/v2\/product_cat?post=1496"},{"taxonomy":"product_tag","embeddable":true,"href":"https:\/\/www.precisionwirerope.com\/hu\/wp-json\/wp\/v2\/product_tag?post=1496"}],"curies":[{"name":"wp","href":"https:\/\/api.w.org\/{rel}","templated":true}]}}