{"id":596,"date":"2026-03-18T06:08:30","date_gmt":"2026-03-18T06:08:30","guid":{"rendered":"https:\/\/www.precisionwirerope.com\/industries\/"},"modified":"2026-05-10T09:37:39","modified_gmt":"2026-05-10T09:37:39","slug":"applications","status":"publish","type":"page","link":"https:\/\/www.precisionwirerope.com\/hu\/applications\/","title":{"rendered":"Alkalmaz\u00e1sok"},"content":{"rendered":"<div data-elementor-type=\"wp-page\" data-elementor-id=\"596\" class=\"elementor elementor-596\" data-elementor-post-type=\"page\">\n\t\t\t\t<div class=\"elementor-element elementor-element-d1da8a0 e-flex e-con-boxed e-con e-parent\" data-id=\"d1da8a0\" data-element_type=\"container\" data-e-type=\"container\" data-settings=\"{&quot;background_background&quot;:&quot;classic&quot;}\">\n\t\t\t\t\t<div class=\"e-con-inner\">\n\t\t\t\t<div class=\"elementor-element elementor-element-2205d48 elementor-widget elementor-widget-image-box\" data-id=\"2205d48\" data-element_type=\"widget\" data-e-type=\"widget\" data-widget_type=\"image-box.default\">\n\t\t\t\t<div class=\"elementor-widget-container\">\n\t\t\t\t\t<div class=\"elementor-image-box-wrapper\"><div class=\"elementor-image-box-content\"><h1 class=\"elementor-image-box-title\">Alkalmaz\u00e1sok<\/h1><p class=\"elementor-image-box-description\">K\u00fcl\u00f6nb\u00f6z\u0151 ipari alkalmaz\u00e1sokhoz tervezve, dr\u00f3tk\u00f6tel\u00fcnk megb\u00edzhat\u00f3 teljes\u00edtm\u00e9nyt, prec\u00edz mozg\u00e1st \u00e9s tart\u00f3s tart\u00f3ss\u00e1got biztos\u00edt a k\u00f6vetelm\u00e9nyes k\u00f6rnyezetekben.<\/p><\/div><\/div>\t\t\t\t<\/div>\n\t\t\t\t<\/div>\n\t\t\t\t\t<\/div>\n\t\t\t\t<\/div>\n\t\t<div class=\"elementor-element elementor-element-928efb7 e-flex e-con-boxed e-con e-parent\" data-id=\"928efb7\" data-element_type=\"container\" data-e-type=\"container\">\n\t\t\t\t\t<div class=\"e-con-inner\">\n\t\t\t\t<div class=\"elementor-element elementor-element-065b686 elementor-widget elementor-widget-image-box\" data-id=\"065b686\" data-element_type=\"widget\" data-e-type=\"widget\" data-widget_type=\"image-box.default\">\n\t\t\t\t<div class=\"elementor-widget-container\">\n\t\t\t\t\t<div class=\"elementor-image-box-wrapper\"><div class=\"elementor-image-box-content\"><h2 class=\"elementor-image-box-title\">Ipar\u00e1gak, amelyeket kiszolg\u00e1lunk<\/h2><p class=\"elementor-image-box-description\">Magas teljes\u00edtm\u00e9ny\u0171 dr\u00f3tk\u00f6t\u00e9l megold\u00e1sokat k\u00edn\u00e1lunk, amelyek sz\u00e9les ipar\u00e1gakra szabottak, biztos\u00edtva az er\u0151t, a precizit\u00e1st \u00e9s a hossz\u00fa t\u00e1v\u00fa megb\u00edzhat\u00f3s\u00e1got a k\u00f6vetelm\u00e9nyes alkalmaz\u00e1sokban.<\/p><\/div><\/div>\t\t\t\t<\/div>\n\t\t\t\t<\/div>\n\t\t<div class=\"elementor-element elementor-element-88bad77 e-con-full e-flex e-con e-child\" data-id=\"88bad77\" data-element_type=\"container\" data-e-type=\"container\">\n\t\t<div class=\"elementor-element elementor-element-6f92712 e-con-full e-flex e-con e-child\" data-id=\"6f92712\" data-element_type=\"container\" data-e-type=\"container\" data-settings=\"{&quot;background_background&quot;:&quot;classic&quot;}\">\n\t\t\t\t<div class=\"elementor-element elementor-element-3a18acc elementor-widget elementor-widget-heading\" data-id=\"3a18acc\" data-element_type=\"widget\" data-e-type=\"widget\" data-widget_type=\"heading.default\">\n\t\t\t\t<div class=\"elementor-widget-container\">\n\t\t\t\t\t<h3 class=\"elementor-heading-title elementor-size-default\">Emel\u00e9s \u00e9s vontat\u00e1s<\/h3>\t\t\t\t<\/div>\n\t\t\t\t<\/div>\n\t\t\t\t<div class=\"elementor-element elementor-element-878d18c elementor-widget elementor-widget-heading\" data-id=\"878d18c\" data-element_type=\"widget\" data-e-type=\"widget\" data-widget_type=\"heading.default\">\n\t\t\t\t<div class=\"elementor-widget-container\">\n\t\t\t\t\t<p class=\"elementor-heading-title elementor-size-default\">Nagy szil\u00e1rds\u00e1g\u00fa dr\u00f3tok darukhoz, vontat\u00f3khoz \u00e9s emel\u0151rendszerekhez a biztons\u00e1g \u00e9s hat\u00e9konys\u00e1g biztos\u00edt\u00e1sa \u00e9rdek\u00e9ben.<\/p>\t\t\t\t<\/div>\n\t\t\t\t<\/div>\n\t\t\t\t<\/div>\n\t\t<div class=\"elementor-element elementor-element-b958d6d e-con-full e-flex e-con e-child\" data-id=\"b958d6d\" data-element_type=\"container\" data-e-type=\"container\" data-settings=\"{&quot;background_background&quot;:&quot;classic&quot;}\">\n\t\t\t\t<div class=\"elementor-element elementor-element-ba9a723 elementor-widget elementor-widget-heading\" data-id=\"ba9a723\" data-element_type=\"widget\" data-e-type=\"widget\" data-widget_type=\"heading.default\">\n\t\t\t\t<div class=\"elementor-widget-container\">\n\t\t\t\t\t<h3 class=\"elementor-heading-title elementor-size-default\">Mechanikai \u00c1tvitel<\/h3>\t\t\t\t<\/div>\n\t\t\t\t<\/div>\n\t\t\t\t<div class=\"elementor-element elementor-element-01dfe20 elementor-widget elementor-widget-heading\" data-id=\"01dfe20\" data-element_type=\"widget\" data-e-type=\"widget\" data-widget_type=\"heading.default\">\n\t\t\t\t<div class=\"elementor-widget-container\">\n\t\t\t\t\t<p class=\"elementor-heading-title elementor-size-default\">Tart\u00f3s k\u00f6telek \u00e9s k\u00e1belek prec\u00edz mechanikai mozg\u00e1shoz ipari g\u00e9pekben.<\/p>\t\t\t\t<\/div>\n\t\t\t\t<\/div>\n\t\t\t\t<\/div>\n\t\t<div class=\"elementor-element elementor-element-48046d6 e-con-full e-flex e-con e-child\" data-id=\"48046d6\" data-element_type=\"container\" data-e-type=\"container\" data-settings=\"{&quot;background_background&quot;:&quot;classic&quot;}\">\n\t\t\t\t<div class=\"elementor-element elementor-element-80003e6 elementor-widget elementor-widget-heading\" data-id=\"80003e6\" data-element_type=\"widget\" data-e-type=\"widget\" data-widget_type=\"heading.default\">\n\t\t\t\t<div class=\"elementor-widget-container\">\n\t\t\t\t\t<h3 class=\"elementor-heading-title elementor-size-default\">T\u00f6m\u00edt\u0151- &amp; Fesz\u00edt\u0151 Rendszerek<\/h3>\t\t\t\t<\/div>\n\t\t\t\t<\/div>\n\t\t\t\t<div class=\"elementor-element elementor-element-dd32802 elementor-widget elementor-widget-heading\" data-id=\"dd32802\" data-element_type=\"widget\" data-e-type=\"widget\" data-widget_type=\"heading.default\">\n\t\t\t\t<div class=\"elementor-widget-container\">\n\t\t\t\t\t<p class=\"elementor-heading-title elementor-size-default\">Dr\u00f3tok, amelyeket t\u00f6m\u00edt\u00e9sekhez, fesz\u00edt\u0151kh\u00f6z \u00e9s biztons\u00e1gkritikus szerelv\u00e9nyekhez terveztek.<\/p>\t\t\t\t<\/div>\n\t\t\t\t<\/div>\n\t\t\t\t<\/div>\n\t\t\t\t<\/div>\n\t\t<div class=\"elementor-element elementor-element-be6ac0f e-con-full e-flex e-con e-child\" data-id=\"be6ac0f\" data-element_type=\"container\" data-e-type=\"container\">\n\t\t<div class=\"elementor-element elementor-element-8be7f7f e-con-full e-flex e-con e-child\" data-id=\"8be7f7f\" data-element_type=\"container\" data-e-type=\"container\" data-settings=\"{&quot;background_background&quot;:&quot;classic&quot;}\">\n\t\t\t\t<div class=\"elementor-element elementor-element-2714542 elementor-widget elementor-widget-heading\" data-id=\"2714542\" data-element_type=\"widget\" data-e-type=\"widget\" data-widget_type=\"heading.default\">\n\t\t\t\t<div class=\"elementor-widget-container\">\n\t\t\t\t\t<h3 class=\"elementor-heading-title elementor-size-default\">Lift &amp; F\u00fcgg\u0151leges Sz\u00e1ll\u00edt\u00e1s<\/h3>\t\t\t\t<\/div>\n\t\t\t\t<\/div>\n\t\t\t\t<div class=\"elementor-element elementor-element-2b74f70 elementor-widget elementor-widget-heading\" data-id=\"2b74f70\" data-element_type=\"widget\" data-e-type=\"widget\" data-widget_type=\"heading.default\">\n\t\t\t\t<div class=\"elementor-widget-container\">\n\t\t\t\t\t<p class=\"elementor-heading-title elementor-size-default\">Megb\u00edzhat\u00f3 dr\u00f3tok utas- \u00e9s ipari liftekhez, t\u00e1mogatva a sima \u00e9s biztons\u00e1gos m\u0171k\u00f6d\u00e9st.<\/p>\t\t\t\t<\/div>\n\t\t\t\t<\/div>\n\t\t\t\t<\/div>\n\t\t<div class=\"elementor-element elementor-element-ac42722 e-con-full e-flex e-con e-child\" data-id=\"ac42722\" data-element_type=\"container\" data-e-type=\"container\" data-settings=\"{&quot;background_background&quot;:&quot;classic&quot;}\">\n\t\t\t\t<div class=\"elementor-element elementor-element-c390db3 elementor-widget elementor-widget-heading\" data-id=\"c390db3\" data-element_type=\"widget\" data-e-type=\"widget\" data-widget_type=\"heading.default\">\n\t\t\t\t<div class=\"elementor-widget-container\">\n\t\t\t\t\t<h3 class=\"elementor-heading-title elementor-size-default\">\u00c9p\u00edt\u00e9s &amp; \u00c1llv\u00e1nyoz\u00e1s<\/h3>\t\t\t\t<\/div>\n\t\t\t\t<\/div>\n\t\t\t\t<div class=\"elementor-element elementor-element-eb7fe10 elementor-widget elementor-widget-heading\" data-id=\"eb7fe10\" data-element_type=\"widget\" data-e-type=\"widget\" data-widget_type=\"heading.default\">\n\t\t\t\t<div class=\"elementor-widget-container\">\n\t\t\t\t\t<p class=\"elementor-heading-title elementor-size-default\">K\u00f6telek neh\u00e9z terhekhez, \u00e1llv\u00e1nyoz\u00e1shoz \u00e9s \u00e1llv\u00e1nyoz\u00e1shoz \u00e9p\u00edt\u00e9si projektekben.<\/p>\t\t\t\t<\/div>\n\t\t\t\t<\/div>\n\t\t\t\t<\/div>\n\t\t<div class=\"elementor-element elementor-element-90b4017 e-con-full e-flex e-con e-child\" data-id=\"90b4017\" data-element_type=\"container\" data-e-type=\"container\" data-settings=\"{&quot;background_background&quot;:&quot;classic&quot;}\">\n\t\t\t\t<div class=\"elementor-element elementor-element-d53aa35 elementor-widget elementor-widget-heading\" data-id=\"d53aa35\" data-element_type=\"widget\" data-e-type=\"widget\" data-widget_type=\"heading.default\">\n\t\t\t\t<div class=\"elementor-widget-container\">\n\t\t\t\t\t<h3 class=\"elementor-heading-title elementor-size-default\">Tengeri &amp; Off-shore Alkalmaz\u00e1sok<\/h3>\t\t\t\t<\/div>\n\t\t\t\t<\/div>\n\t\t\t\t<div class=\"elementor-element elementor-element-02f7b28 elementor-widget elementor-widget-heading\" data-id=\"02f7b28\" data-element_type=\"widget\" data-e-type=\"widget\" data-widget_type=\"heading.default\">\n\t\t\t\t<div class=\"elementor-widget-container\">\n\t\t\t\t\t<p class=\"elementor-heading-title elementor-size-default\">Korrozi\u00f3\u00e1ll\u00f3 dr\u00f3tok, amelyek alkalmasak haj\u00f3khoz, dokkokhoz \u00e9s off-shore platformokhoz.<\/p>\t\t\t\t<\/div>\n\t\t\t\t<\/div>\n\t\t\t\t<\/div>\n\t\t\t\t<\/div>\n\t\t<div class=\"elementor-element elementor-element-44cd5cc e-con-full e-flex e-con e-child\" data-id=\"44cd5cc\" data-element_type=\"container\" data-e-type=\"container\">\n\t\t<div class=\"elementor-element elementor-element-46eb1db e-con-full e-flex e-con e-child\" data-id=\"46eb1db\" data-element_type=\"container\" data-e-type=\"container\" data-settings=\"{&quot;background_background&quot;:&quot;classic&quot;}\">\n\t\t\t\t<div class=\"elementor-element elementor-element-f2b6d5e elementor-widget elementor-widget-heading\" data-id=\"f2b6d5e\" data-element_type=\"widget\" data-e-type=\"widget\" data-widget_type=\"heading.default\">\n\t\t\t\t<div class=\"elementor-widget-container\">\n\t\t\t\t\t<h3 class=\"elementor-heading-title elementor-size-default\">B\u00e1ny\u00e1szat &amp; Anyagkezel\u00e9s<\/h3>\t\t\t\t<\/div>\n\t\t\t\t<\/div>\n\t\t\t\t<div class=\"elementor-element elementor-element-085ac57 elementor-widget elementor-widget-heading\" data-id=\"085ac57\" data-element_type=\"widget\" data-e-type=\"widget\" data-widget_type=\"heading.default\">\n\t\t\t\t<div class=\"elementor-widget-container\">\n\t\t\t\t\t<p class=\"elementor-heading-title elementor-size-default\">Tart\u00f3s k\u00f6telek sz\u00e1ll\u00edt\u00f3szalagokhoz, emel\u0151khez \u00e9s anyagsz\u00e1ll\u00edt\u00e1shoz b\u00e1ny\u00e1szati m\u0171veletekben.<\/p>\t\t\t\t<\/div>\n\t\t\t\t<\/div>\n\t\t\t\t<\/div>\n\t\t<div class=\"elementor-element elementor-element-a8138ca e-con-full e-flex e-con e-child\" data-id=\"a8138ca\" data-element_type=\"container\" data-e-type=\"container\" data-settings=\"{&quot;background_background&quot;:&quot;classic&quot;}\">\n\t\t\t\t<div class=\"elementor-element elementor-element-d708eae elementor-widget elementor-widget-heading\" data-id=\"d708eae\" data-element_type=\"widget\" data-e-type=\"widget\" data-widget_type=\"heading.default\">\n\t\t\t\t<div class=\"elementor-widget-container\">\n\t\t\t\t\t<h3 class=\"elementor-heading-title elementor-size-default\">Aut\u00f3ipar &amp; M\u00e9rn\u00f6ki<\/h3>\t\t\t\t<\/div>\n\t\t\t\t<\/div>\n\t\t\t\t<div class=\"elementor-element elementor-element-70a3aa1 elementor-widget elementor-widget-heading\" data-id=\"70a3aa1\" data-element_type=\"widget\" data-e-type=\"widget\" data-widget_type=\"heading.default\">\n\t\t\t\t<div class=\"elementor-widget-container\">\n\t\t\t\t\t<p class=\"elementor-heading-title elementor-size-default\">Prec\u00edzi\u00f3s dr\u00f3tok mechanikai kapcsolatokhoz, vez\u00e9rl\u0151 k\u00e1belekhez \u00e9s ipari g\u00e9pekhez.<\/p>\t\t\t\t<\/div>\n\t\t\t\t<\/div>\n\t\t\t\t<\/div>\n\t\t<div class=\"elementor-element elementor-element-f8d7a8b e-con-full e-flex e-con e-child\" data-id=\"f8d7a8b\" data-element_type=\"container\" data-e-type=\"container\" data-settings=\"{&quot;background_background&quot;:&quot;classic&quot;}\">\n\t\t\t\t<div class=\"elementor-element elementor-element-d7f552b elementor-widget elementor-widget-heading\" data-id=\"d7f552b\" data-element_type=\"widget\" data-e-type=\"widget\" data-widget_type=\"heading.default\">\n\t\t\t\t<div class=\"elementor-widget-container\">\n\t\t\t\t\t<h3 class=\"elementor-heading-title elementor-size-default\">L\u00e9gik\u00f6zleked\u00e9s &amp; Magas Technol\u00f3giai Berendez\u00e9sek<\/h3>\t\t\t\t<\/div>\n\t\t\t\t<\/div>\n\t\t\t\t<div class=\"elementor-element elementor-element-b66a813 elementor-widget elementor-widget-heading\" data-id=\"b66a813\" data-element_type=\"widget\" data-e-type=\"widget\" data-widget_type=\"heading.default\">\n\t\t\t\t<div class=\"elementor-widget-container\">\n\t\t\t\t\t<p class=\"elementor-heading-title elementor-size-default\">Dr\u00f3tok kritikus l\u00e9gik\u00f6zleked\u00e9si alkalmaz\u00e1sokhoz, t\u00e1mogatva a megb\u00edzhat\u00f3s\u00e1got \u00e9s a biztons\u00e1got sz\u00e9ls\u0151s\u00e9ges k\u00f6r\u00fclm\u00e9nyek k\u00f6z\u00f6tt.<\/p>\t\t\t\t<\/div>\n\t\t\t\t<\/div>\n\t\t\t\t<\/div>\n\t\t\t\t<\/div>\n\t\t\t\t\t<\/div>\n\t\t\t\t<\/div>\n\t\t<div class=\"elementor-element elementor-element-cb198ac e-flex e-con-boxed e-con e-parent\" data-id=\"cb198ac\" data-element_type=\"container\" data-e-type=\"container\" data-settings=\"{&quot;background_background&quot;:&quot;classic&quot;}\">\n\t\t\t\t\t<div class=\"e-con-inner\">\n\t\t\t\t<div class=\"elementor-element elementor-element-a0c38bc elementor-widget elementor-widget-heading\" data-id=\"a0c38bc\" data-element_type=\"widget\" data-e-type=\"widget\" data-widget_type=\"heading.default\">\n\t\t\t\t<div class=\"elementor-widget-container\">\n\t\t\t\t\t<h2 class=\"elementor-heading-title elementor-size-default\">Seg\u00edt\u00fcnk a v\u00e1llalkoz\u00e1soknak a nagy precizit\u00e1s\u00fa gy\u00e1rt\u00e1s el\u00e9r\u00e9s\u00e9ben megb\u00edzhat\u00f3, magas min\u0151s\u00e9g\u0171 dr\u00f3tk\u00f6t\u00e9l megold\u00e1sokkal.<\/h2>\t\t\t\t<\/div>\n\t\t\t\t<\/div>\n\t\t\t\t<div class=\"elementor-element elementor-element-4d745e4 elementor-widget elementor-widget-heading\" data-id=\"4d745e4\" data-element_type=\"widget\" data-e-type=\"widget\" data-widget_type=\"heading.default\">\n\t\t\t\t<div class=\"elementor-widget-container\">\n\t\t\t\t\t<p class=\"elementor-heading-title elementor-size-default\">A k\u00f6vetkezetess\u00e9gre, tart\u00f3ss\u00e1gra \u00e9s teljes\u00edtm\u00e9nyre \u00f6sszpontos\u00edtva biztos\u00edtjuk az optim\u00e1lis eredm\u00e9nyeket a k\u00f6vetelm\u00e9nyes ipari alkalmaz\u00e1sokban.<\/p>\t\t\t\t<\/div>\n\t\t\t\t<\/div>\n\t\t\t\t<div class=\"elementor-element elementor-element-843900d elementor-align-center elementor-widget elementor-widget-button\" data-id=\"843900d\" data-element_type=\"widget\" data-e-type=\"widget\" data-widget_type=\"button.default\">\n\t\t\t\t<div class=\"elementor-widget-container\">\n\t\t\t\t\t\t\t\t\t<div class=\"elementor-button-wrapper\">\n\t\t\t\t\t<a class=\"elementor-button elementor-button-link elementor-size-sm\" href=\"#\">\n\t\t\t\t\t\t<span class=\"elementor-button-content-wrapper\">\n\t\t\t\t\t\t\t\t\t<span class=\"elementor-button-text\">L\u00e9pjen kapcsolatba vel\u00fcnk<\/span>\n\t\t\t\t\t<\/span>\n\t\t\t\t\t<\/a>\n\t\t\t\t<\/div>\n\t\t\t\t\t\t\t\t<\/div>\n\t\t\t\t<\/div>\n\t\t\t\t\t<\/div>\n\t\t\t\t<\/div>\n\t\t\t\t<\/div>","protected":false},"excerpt":{"rendered":"<p>Applications Engineered for diverse industrial applications, our wire ropes deliver reliable performance, precision motion, and long-lasting durability across demanding environments. Industries We Serve We provide high-performance wire rope solutions tailored for a wide range of industries, ensuring strength, precision, and long-term reliability in demanding applications. Lifting &amp; Hoisting High-strength wire ropes for cranes, winches, and [&hellip;]<\/p>\n","protected":false},"author":1,"featured_media":0,"parent":0,"menu_order":0,"comment_status":"closed","ping_status":"closed","template":"","meta":{"site-sidebar-layout":"no-sidebar","site-content-layout":"page-builder","ast-site-content-layout":"full-width-container","site-content-style":"default","site-sidebar-style":"default","ast-global-header-display":"","ast-banner-title-visibility":"disabled","ast-main-header-display":"","ast-hfb-above-header-display":"","ast-hfb-below-header-display":"","ast-hfb-mobile-header-display":"","site-post-title":"disabled","ast-breadcrumbs-content":"","ast-featured-img":"disabled","footer-sml-layout":"","ast-disable-related-posts":"","theme-transparent-header-meta":"enabled","adv-header-id-meta":"","stick-header-meta":"","header-above-stick-meta":"","header-main-stick-meta":"","header-below-stick-meta":"","astra-migrate-meta-layouts":"set","ast-page-background-enabled":"default","ast-page-background-meta":{"desktop":{"background-color":"var(--ast-global-color-4)","background-image":"","background-repeat":"repeat","background-position":"center center","background-size":"auto","background-attachment":"scroll","background-type":"","background-media":"","overlay-type":"","overlay-color":"","overlay-opacity":"","overlay-gradient":""},"tablet":{"background-color":"","background-image":"","background-repeat":"repeat","background-position":"center center","background-size":"auto","background-attachment":"scroll","background-type":"","background-media":"","overlay-type":"","overlay-color":"","overlay-opacity":"","overlay-gradient":""},"mobile":{"background-color":"","background-image":"","background-repeat":"repeat","background-position":"center center","background-size":"auto","background-attachment":"scroll","background-type":"","background-media":"","overlay-type":"","overlay-color":"","overlay-opacity":"","overlay-gradient":""}},"ast-content-background-meta":{"desktop":{"background-color":"var(--ast-global-color-5)","background-image":"","background-repeat":"repeat","background-position":"center center","background-size":"auto","background-attachment":"scroll","background-type":"","background-media":"","overlay-type":"","overlay-color":"","overlay-opacity":"","overlay-gradient":""},"tablet":{"background-color":"var(--ast-global-color-5)","background-image":"","background-repeat":"repeat","background-position":"center center","background-size":"auto","background-attachment":"scroll","background-type":"","background-media":"","overlay-type":"","overlay-color":"","overlay-opacity":"","overlay-gradient":""},"mobile":{"background-color":"var(--ast-global-color-5)","background-image":"","background-repeat":"repeat","background-position":"center center","background-size":"auto","background-attachment":"scroll","background-type":"","background-media":"","overlay-type":"","overlay-color":"","overlay-opacity":"","overlay-gradient":""}},"footnotes":""},"class_list":["post-596","page","type-page","status-publish","hentry"],"_links":{"self":[{"href":"https:\/\/www.precisionwirerope.com\/hu\/wp-json\/wp\/v2\/pages\/596","targetHints":{"allow":["GET"]}}],"collection":[{"href":"https:\/\/www.precisionwirerope.com\/hu\/wp-json\/wp\/v2\/pages"}],"about":[{"href":"https:\/\/www.precisionwirerope.com\/hu\/wp-json\/wp\/v2\/types\/page"}],"author":[{"embeddable":true,"href":"https:\/\/www.precisionwirerope.com\/hu\/wp-json\/wp\/v2\/users\/1"}],"replies":[{"embeddable":true,"href":"https:\/\/www.precisionwirerope.com\/hu\/wp-json\/wp\/v2\/comments?post=596"}],"version-history":[{"count":30,"href":"https:\/\/www.precisionwirerope.com\/hu\/wp-json\/wp\/v2\/pages\/596\/revisions"}],"predecessor-version":[{"id":1580,"href":"https:\/\/www.precisionwirerope.com\/hu\/wp-json\/wp\/v2\/pages\/596\/revisions\/1580"}],"wp:attachment":[{"href":"https:\/\/www.precisionwirerope.com\/hu\/wp-json\/wp\/v2\/media?parent=596"}],"curies":[{"name":"wp","href":"https:\/\/api.w.org\/{rel}","templated":true}]}}