{"id":1496,"date":"2026-03-22T03:24:39","date_gmt":"2026-03-22T03:24:39","guid":{"rendered":"https:\/\/www.precisionwirerope.com\/?post_type=product&#038;p=1496"},"modified":"2026-03-22T03:24:39","modified_gmt":"2026-03-22T03:24:39","slug":"316-stainless-steel-wire-rope-marine-grade-corrosion-resistant-cable-for-industrial-applications","status":"publish","type":"product","link":"https:\/\/www.precisionwirerope.com\/fr\/product\/316-stainless-steel-wire-rope-marine-grade-corrosion-resistant-cable-for-industrial-applications\/","title":{"rendered":"C\u00e2ble en acier \u00e0 fil en acier inoxydable 316 \u2013 C\u00e2ble r\u00e9sistant \u00e0 la corrosion de qualit\u00e9 marine pour applications industrielles"},"content":{"rendered":"<p data-start=\"189\" data-end=\"492\">Le c\u00e2ble en acier inoxydable 316 est fabriqu\u00e9 \u00e0 partir d'acier inoxydable aust\u00e9nitique de haute qualit\u00e9 contenant du chrome, du nickel et du molybd\u00e8ne. Compar\u00e9 \u00e0 l'acier inoxydable 304 standard, l'ajout de molybd\u00e8ne am\u00e9liore consid\u00e9rablement la r\u00e9sistance \u00e0 la corrosion, en particulier dans des environnements riches en chlorure et difficiles.<\/p>\n<p data-start=\"494\" data-end=\"712\">Ce type de c\u00e2ble est largement reconnu comme un c\u00e2ble en acier inoxydable de qualit\u00e9 marine, ce qui le rend id\u00e9al pour les applications n\u00e9cessitant une durabilit\u00e9, une r\u00e9sistance et une r\u00e9sistance \u00e0 la rouille et \u00e0 l'exposition chimique \u00e0 long terme.<\/p>\n<h2 data-section-id=\"1uq2vdj\" data-start=\"719\" data-end=\"743\"><span role=\"text\"><strong data-start=\"722\" data-end=\"743\">2. Sp\u00e9cifications<\/strong><\/span><\/h2>\n<ul data-start=\"744\" data-end=\"994\">\n<li data-section-id=\"ydfmjl\" data-start=\"744\" data-end=\"783\"><strong data-start=\"746\" data-end=\"765\">Plage de diam\u00e8tre :<\/strong> 0,03 mm \u2013 36 mm<\/li>\n<li data-section-id=\"1dxipv8\" data-start=\"784\" data-end=\"864\"><strong data-start=\"786\" data-end=\"809\">Types de construction :<\/strong><br data-start=\"809\" data-end=\"812\" \/>1\u00d77, 1\u00d719, 6\u00d77, 7\u00d77, 7\u00d719, 7\u00d737, 6W19, 6\u00d719+IWRC<\/li>\n<li data-section-id=\"fqxok2\" data-start=\"865\" data-end=\"922\"><strong data-start=\"867\" data-end=\"895\">Structures les plus populaires :<\/strong><br data-start=\"895\" data-end=\"898\" \/>1\u00d77, 1\u00d719, 7\u00d77, 7\u00d719<\/li>\n<li data-section-id=\"1rgu7kw\" data-start=\"923\" data-end=\"994\"><strong data-start=\"925\" data-end=\"939\">Type de c\u0153ur :<\/strong><br data-start=\"939\" data-end=\"942\" \/>FC (C\u0153ur en fibre), IWRC (C\u0153ur de c\u00e2ble en acier ind\u00e9pendant)<\/li>\n<\/ul>\n<hr data-start=\"996\" data-end=\"999\" \/>\n<h2 data-section-id=\"ykyzlw\" data-start=\"1001\" data-end=\"1031\"><span role=\"text\"><strong data-start=\"1004\" data-end=\"1031\">3. Composition chimique<\/strong><\/span><\/h2>\n<div class=\"TyagGW_tableContainer\">\n<div class=\"group TyagGW_tableWrapper flex flex-col-reverse w-fit\" tabindex=\"-1\">\n<table class=\"w-fit min-w-(--thread-content-width)\" data-start=\"1032\" data-end=\"1221\">\n<thead data-start=\"1032\" data-end=\"1057\">\n<tr data-start=\"1032\" data-end=\"1057\">\n<th class=\"\" data-start=\"1032\" data-end=\"1042\" data-col-size=\"sm\">\u00c9l\u00e9ment<\/th>\n<th class=\"\" data-start=\"1042\" data-end=\"1057\" data-col-size=\"sm\">Contenu (%)<\/th>\n<\/tr>\n<\/thead>\n<tbody data-start=\"1083\" data-end=\"1221\">\n<tr data-start=\"1083\" data-end=\"1097\">\n<td data-start=\"1083\" data-end=\"1087\" data-col-size=\"sm\">C<\/td>\n<td data-start=\"1087\" data-end=\"1097\" data-col-size=\"sm\">\u2264 0,08<\/td>\n<\/tr>\n<tr data-start=\"1098\" data-end=\"1113\">\n<td data-start=\"1098\" data-end=\"1103\" data-col-size=\"sm\">Si<\/td>\n<td data-start=\"1103\" data-end=\"1113\" data-col-size=\"sm\">\u2264 1,00<\/td>\n<\/tr>\n<tr data-start=\"1114\" data-end=\"1129\">\n<td data-start=\"1114\" data-end=\"1119\" data-col-size=\"sm\">Mn<\/td>\n<td data-start=\"1119\" data-end=\"1129\" data-col-size=\"sm\">\u2264 2,00<\/td>\n<\/tr>\n<tr data-start=\"1130\" data-end=\"1145\">\n<td data-start=\"1130\" data-end=\"1134\" data-col-size=\"sm\">P<\/td>\n<td data-start=\"1134\" data-end=\"1145\" data-col-size=\"sm\">\u2264 0.035<\/td>\n<\/tr>\n<tr data-start=\"1146\" data-end=\"1160\">\n<td data-start=\"1146\" data-end=\"1150\" data-col-size=\"sm\">S<\/td>\n<td data-start=\"1150\" data-end=\"1160\" data-col-size=\"sm\">\u2264 0.03<\/td>\n<\/tr>\n<tr data-start=\"1161\" data-end=\"1181\">\n<td data-start=\"1161\" data-end=\"1166\" data-col-size=\"sm\">Cr<\/td>\n<td data-start=\"1166\" data-end=\"1181\" data-col-size=\"sm\">16,0 \u2013 18,5<\/td>\n<\/tr>\n<tr data-start=\"1182\" data-end=\"1202\">\n<td data-start=\"1182\" data-end=\"1187\" data-col-size=\"sm\">Ni<\/td>\n<td data-start=\"1187\" data-end=\"1202\" data-col-size=\"sm\">10,0 \u2013 14,0<\/td>\n<\/tr>\n<tr data-start=\"1203\" data-end=\"1221\">\n<td data-start=\"1203\" data-end=\"1208\" data-col-size=\"sm\">Mo<\/td>\n<td data-start=\"1208\" data-end=\"1221\" data-col-size=\"sm\">2,0 \u2013 3,0<\/td>\n<\/tr>\n<\/tbody>\n<\/table>\n<\/div>\n<\/div>\n<h2 data-section-id=\"1ejbybq\" data-start=\"1228\" data-end=\"1270\"><span role=\"text\"><strong data-start=\"1231\" data-end=\"1270\">4. Propri\u00e9t\u00e9s m\u00e9caniques et physiques<\/strong><\/span><\/h2>\n<div class=\"TyagGW_tableContainer\">\n<div class=\"group TyagGW_tableWrapper flex flex-col-reverse w-fit\" tabindex=\"-1\">\n<table class=\"w-fit min-w-(--thread-content-width)\" data-start=\"1271\" data-end=\"1525\">\n<thead data-start=\"1271\" data-end=\"1291\">\n<tr data-start=\"1271\" data-end=\"1291\">\n<th class=\"\" data-start=\"1271\" data-end=\"1282\" data-col-size=\"sm\">Propri\u00e9t\u00e9<\/th>\n<th class=\"\" data-start=\"1282\" data-end=\"1291\" data-col-size=\"sm\">Valeur<\/th>\n<\/tr>\n<\/thead>\n<tbody data-start=\"1312\" data-end=\"1525\">\n<tr data-start=\"1312\" data-end=\"1344\">\n<td data-start=\"1312\" data-end=\"1331\" data-col-size=\"sm\">R\u00e9sistance \u00e0 la traction<\/td>\n<td data-col-size=\"sm\" data-start=\"1331\" data-end=\"1344\">\u2265 620 MPa<\/td>\n<\/tr>\n<tr data-start=\"1345\" data-end=\"1375\">\n<td data-start=\"1345\" data-end=\"1362\" data-col-size=\"sm\">Limite d'\u00e9lasticit\u00e9<\/td>\n<td data-start=\"1362\" data-end=\"1375\" data-col-size=\"sm\">1. \u2265 310 MPa<\/td>\n<\/tr>\n<tr data-start=\"1376\" data-end=\"1398\">\n<td data-start=\"1376\" data-end=\"1389\" data-col-size=\"sm\">Allongement<\/td>\n<td data-start=\"1389\" data-end=\"1398\" data-col-size=\"sm\">2. \u2265 30%<\/td>\n<\/tr>\n<tr data-start=\"1399\" data-end=\"1428\">\n<td data-start=\"1399\" data-end=\"1419\" data-col-size=\"sm\">3. R\u00e9duction de la surface<\/td>\n<td data-start=\"1419\" data-end=\"1428\" data-col-size=\"sm\">\u2265 40%<\/td>\n<\/tr>\n<tr data-start=\"1429\" data-end=\"1453\">\n<td data-start=\"1429\" data-end=\"1439\" data-col-size=\"sm\">Densit\u00e9<\/td>\n<td data-start=\"1439\" data-end=\"1453\" data-col-size=\"sm\">4. 8,03 g\/cm\u00b3<\/td>\n<\/tr>\n<tr data-start=\"1454\" data-end=\"1492\">\n<td data-start=\"1454\" data-end=\"1465\" data-col-size=\"sm\">Duret\u00e9<\/td>\n<td data-col-size=\"sm\" data-start=\"1465\" data-end=\"1492\">5. \u2264 HB187 \/ HRB90 \/ HV200<\/td>\n<\/tr>\n<tr data-start=\"1493\" data-end=\"1525\">\n<td data-start=\"1493\" data-end=\"1509\" data-col-size=\"sm\">Point de fusion<\/td>\n<td data-col-size=\"sm\" data-start=\"1509\" data-end=\"1525\">6. 1398 \u2013 1420\u2103<\/td>\n<\/tr>\n<\/tbody>\n<\/table>\n<\/div>\n<\/div>\n<h2 data-section-id=\"1drd74e\" data-start=\"1532\" data-end=\"1554\"><span role=\"text\"><strong data-start=\"1535\" data-end=\"1554\">7. 5. Caract\u00e9ristiques cl\u00e9s<\/strong><\/span><\/h2>\n<ul data-start=\"1555\" data-end=\"2044\">\n<li data-section-id=\"12fvyby\" data-start=\"1555\" data-end=\"1667\"><strong data-start=\"1557\" data-end=\"1591\">8. Excellente r\u00e9sistance \u00e0 la corrosion<\/strong><br data-start=\"1591\" data-end=\"1594\" \/>9. Am\u00e9lior\u00e9 par le molybd\u00e8ne, id\u00e9al pour les environnements en eau sal\u00e9e et chimiques<\/li>\n<li data-section-id=\"1wjo9ou\" data-start=\"1669\" data-end=\"1770\"><strong data-start=\"1671\" data-end=\"1701\">10. Haute r\u00e9sistance et durabilit\u00e9<\/strong><br data-start=\"1701\" data-end=\"1704\" \/>11. Convient aux applications industrielles et structurelles lourdes<\/li>\n<li data-section-id=\"1dimx9r\" data-start=\"1772\" data-end=\"1868\"><strong data-start=\"1774\" data-end=\"1805\">12. R\u00e9sistance sup\u00e9rieure \u00e0 la fatigue<\/strong><br data-start=\"1805\" data-end=\"1808\" \/>13. Fonctionne bien sous des charges r\u00e9p\u00e9t\u00e9es et des conditions dynamiques<\/li>\n<li data-section-id=\"1idykoz\" data-start=\"1870\" data-end=\"1962\"><strong data-start=\"1872\" data-end=\"1896\">14. Bonne r\u00e9sistance \u00e0 la chaleur<\/strong><br data-start=\"1896\" data-end=\"1899\" \/>15. Maintient les propri\u00e9t\u00e9s m\u00e9caniques \u00e0 des temp\u00e9ratures \u00e9lev\u00e9es<\/li>\n<li data-section-id=\"185bhjk\" data-start=\"1964\" data-end=\"2044\"><strong data-start=\"1966\" data-end=\"1987\">16. Longue dur\u00e9e de vie<\/strong><br data-start=\"1987\" data-end=\"1990\" \/>17. Co\u00fbt de maintenance r\u00e9duit et fr\u00e9quence de remplacement diminu\u00e9e<\/li>\n<\/ul>\n<h2 data-section-id=\"1pfsubh\" data-start=\"2051\" data-end=\"2116\"><span role=\"text\"><strong data-start=\"2054\" data-end=\"2116\">18. 6. Pourquoi l'acier inoxydable 316 a une meilleure r\u00e9sistance \u00e0 la corrosion<\/strong><\/span><\/h2>\n<p data-start=\"2117\" data-end=\"2151\">19. Compar\u00e9 \u00e0 l'acier inoxydable 304 :<\/p>\n<ul data-start=\"2153\" data-end=\"2434\">\n<li data-section-id=\"1hdl0he\" data-start=\"2153\" data-end=\"2223\">20. Contenu en nickel plus \u00e9lev\u00e9 (+2\u20134%) <strong data-start=\"2162\" data-end=\"2188\">21. am\u00e9liore la r\u00e9sistance \u00e0 l'oxydation<\/strong> 22. Ajout de<\/li>\n<li data-section-id=\"r6rsay\" data-start=\"2224\" data-end=\"2368\">23. molybd\u00e8ne (Mo) <strong data-start=\"2238\" data-end=\"2257\">24. am\u00e9liore consid\u00e9rablement la r\u00e9sistance \u00e0 :<\/strong> 25. La corrosion par chlorure\n<ul data-start=\"2298\" data-end=\"2368\">\n<li data-section-id=\"1kasw3m\" data-start=\"2298\" data-end=\"2320\">26. La corrosion par piq\u00fbres<\/li>\n<li data-section-id=\"1or07zd\" data-start=\"2323\" data-end=\"2344\">27. L'exposition \u00e0 l'eau de mer<\/li>\n<li data-section-id=\"1onky49\" data-start=\"2347\" data-end=\"2368\">28. Une structure en acier plus propre garantit<\/li>\n<\/ul>\n<\/li>\n<li data-section-id=\"1nzjqd8\" data-start=\"2369\" data-end=\"2434\">29. une performance chimique stable <strong data-start=\"2403\" data-end=\"2434\">performance chimique stable<\/strong><\/li>\n<\/ul>\n<h2 data-section-id=\"16fm4et\" data-start=\"2441\" data-end=\"2463\"><span role=\"text\"><strong data-start=\"2444\" data-end=\"2463\">7. Applications<\/strong><\/span><\/h2>\n<p data-start=\"2464\" data-end=\"2512\">Le c\u00e2ble en acier inoxydable 316 est largement utilis\u00e9 dans :<\/p>\n<ul data-start=\"2514\" data-end=\"2818\">\n<li data-section-id=\"5rria2\" data-start=\"2514\" data-end=\"2549\">L'ing\u00e9nierie marine et offshore<\/li>\n<li data-section-id=\"7o1xqs\" data-start=\"2550\" data-end=\"2583\">Les projets de construction c\u00f4ti\u00e8re<\/li>\n<li data-section-id=\"1r5tb74\" data-start=\"2584\" data-end=\"2622\">Les industries chimiques et de transformation<\/li>\n<li data-section-id=\"1j9tydd\" data-start=\"2623\" data-end=\"2657\">La construction navale et la manutention portuaire<\/li>\n<li data-section-id=\"1bw6ns9\" data-start=\"2658\" data-end=\"2697\">Les centrales \u00e9lectriques et les installations nucl\u00e9aires<\/li>\n<li data-section-id=\"10kou17\" data-start=\"2698\" data-end=\"2727\">\u00c9quipements de transformation des aliments<\/li>\n<li data-section-id=\"1sanjgw\" data-start=\"2728\" data-end=\"2770\">Les syst\u00e8mes de levage, de gr\u00e9ement et de levage<\/li>\n<li data-section-id=\"1q8y64d\" data-start=\"2771\" data-end=\"2818\">Les syst\u00e8mes de c\u00e2bles architecturaux et les balustrades<\/li>\n<\/ul>\n<h2 data-section-id=\"xhagqj\" data-start=\"2825\" data-end=\"2844\"><span role=\"text\"><strong data-start=\"2828\" data-end=\"2844\">8. Normes<\/strong><\/span><\/h2>\n<ul data-start=\"2845\" data-end=\"2907\">\n<li data-section-id=\"1jwgap5\" data-start=\"2845\" data-end=\"2861\"><strong data-start=\"2847\" data-end=\"2854\">GB :<\/strong> GB\/T<\/li>\n<li data-section-id=\"1rynxp4\" data-start=\"2862\" data-end=\"2887\"><strong data-start=\"2864\" data-end=\"2885\">ASTM \/ AISI (USA)<\/strong><\/li>\n<li data-section-id=\"1hdlk31\" data-start=\"2888\" data-end=\"2907\"><strong data-start=\"2890\" data-end=\"2905\">JIS (Japon)<\/strong><\/li>\n<\/ul>\n<h2 data-section-id=\"1c2uxzz\" data-start=\"2914\" data-end=\"2945\"><span role=\"text\"><strong data-start=\"2917\" data-end=\"2945\">9. Options de personnalisation<\/strong><\/span><\/h2>\n<p data-start=\"2946\" data-end=\"3006\">Nous soutenons la production personnalis\u00e9e en fonction de vos exigences :<\/p>\n<ul data-start=\"3008\" data-end=\"3126\">\n<li data-section-id=\"1fz3mxk\" data-start=\"3008\" data-end=\"3031\">Diam\u00e8tre et longueur<\/li>\n<li data-section-id=\"qkmqy5\" data-start=\"3032\" data-end=\"3053\">Type de construction<\/li>\n<li data-section-id=\"1vdpdpj\" data-start=\"3054\" data-end=\"3097\">Traitement de surface (brillant, rev\u00eatu, PVC)<\/li>\n<li data-section-id=\"1g9mduz\" data-start=\"3098\" data-end=\"3126\">Type d'emballage et de bobine<\/li>\n<\/ul>","protected":false},"excerpt":{"rendered":"<p>Le c\u00e2ble en acier inoxydable 316 est fabriqu\u00e9 \u00e0 partir d'acier inoxydable aust\u00e9nitique de haute qualit\u00e9 contenant du chrome, du nickel et du molybd\u00e8ne. Compar\u00e9 \u00e0 l'acier inoxydable 304 standard, l'ajout de molybd\u00e8ne am\u00e9liore consid\u00e9rablement la r\u00e9sistance \u00e0 la corrosion, en particulier dans des environnements riches en chlorure et difficiles.<\/p>","protected":false},"featured_media":1497,"comment_status":"open","ping_status":"closed","template":"","meta":{"site-sidebar-layout":"default","site-content-layout":"","ast-site-content-layout":"default","site-content-style":"default","site-sidebar-style":"default","ast-global-header-display":"","ast-banner-title-visibility":"","ast-main-header-display":"","ast-hfb-above-header-display":"","ast-hfb-below-header-display":"","ast-hfb-mobile-header-display":"","site-post-title":"","ast-breadcrumbs-content":"","ast-featured-img":"","footer-sml-layout":"","ast-disable-related-posts":"","theme-transparent-header-meta":"default","adv-header-id-meta":"","stick-header-meta":"default","header-above-stick-meta":"","header-main-stick-meta":"","header-below-stick-meta":"","astra-migrate-meta-layouts":"set","ast-page-background-enabled":"default","ast-page-background-meta":{"desktop":{"background-color":"var(--ast-global-color-4)","background-image":"","background-repeat":"repeat","background-position":"center center","background-size":"auto","background-attachment":"scroll","background-type":"","background-media":"","overlay-type":"","overlay-color":"","overlay-opacity":"","overlay-gradient":""},"tablet":{"background-color":"","background-image":"","background-repeat":"repeat","background-position":"center center","background-size":"auto","background-attachment":"scroll","background-type":"","background-media":"","overlay-type":"","overlay-color":"","overlay-opacity":"","overlay-gradient":""},"mobile":{"background-color":"","background-image":"","background-repeat":"repeat","background-position":"center center","background-size":"auto","background-attachment":"scroll","background-type":"","background-media":"","overlay-type":"","overlay-color":"","overlay-opacity":"","overlay-gradient":""}},"ast-content-background-meta":{"desktop":{"background-color":"var(--ast-global-color-5)","background-image":"","background-repeat":"repeat","background-position":"center center","background-size":"auto","background-attachment":"scroll","background-type":"","background-media":"","overlay-type":"","overlay-color":"","overlay-opacity":"","overlay-gradient":""},"tablet":{"background-color":"var(--ast-global-color-5)","background-image":"","background-repeat":"repeat","background-position":"center center","background-size":"auto","background-attachment":"scroll","background-type":"","background-media":"","overlay-type":"","overlay-color":"","overlay-opacity":"","overlay-gradient":""},"mobile":{"background-color":"var(--ast-global-color-5)","background-image":"","background-repeat":"repeat","background-position":"center center","background-size":"auto","background-attachment":"scroll","background-type":"","background-media":"","overlay-type":"","overlay-color":"","overlay-opacity":"","overlay-gradient":""}}},"product_brand":[],"product_cat":[16],"product_tag":[51,68,65,33,32,67,64,56,66,27],"class_list":{"0":"post-1496","1":"product","2":"type-product","3":"status-publish","4":"has-post-thumbnail","6":"product_cat-wire-rope","7":"product_tag-316-stainless-steel-wire-rope","8":"product_tag-316-steel-cable-supplier","9":"product_tag-7x19-stainless-steel-cable","10":"product_tag-corrosion-resistant-wire-rope","11":"product_tag-industrial-wire-rope","12":"product_tag-marine-cable","13":"product_tag-marine-grade-wire-rope","14":"product_tag-stainless-steel-cable","15":"product_tag-stainless-steel-lifting-cable","16":"product_tag-wire-rope-manufacturer","17":"desktop-align-left","18":"tablet-align-left","19":"mobile-align-left","20":"ast-product-gallery-layout-horizontal-slider","21":"ast-product-tabs-layout-horizontal","23":"first","24":"instock","25":"shipping-taxable","26":"product-type-simple"},"_links":{"self":[{"href":"https:\/\/www.precisionwirerope.com\/fr\/wp-json\/wp\/v2\/product\/1496","targetHints":{"allow":["GET"]}}],"collection":[{"href":"https:\/\/www.precisionwirerope.com\/fr\/wp-json\/wp\/v2\/product"}],"about":[{"href":"https:\/\/www.precisionwirerope.com\/fr\/wp-json\/wp\/v2\/types\/product"}],"replies":[{"embeddable":true,"href":"https:\/\/www.precisionwirerope.com\/fr\/wp-json\/wp\/v2\/comments?post=1496"}],"wp:featuredmedia":[{"embeddable":true,"href":"https:\/\/www.precisionwirerope.com\/fr\/wp-json\/wp\/v2\/media\/1497"}],"wp:attachment":[{"href":"https:\/\/www.precisionwirerope.com\/fr\/wp-json\/wp\/v2\/media?parent=1496"}],"wp:term":[{"taxonomy":"product_brand","embeddable":true,"href":"https:\/\/www.precisionwirerope.com\/fr\/wp-json\/wp\/v2\/product_brand?post=1496"},{"taxonomy":"product_cat","embeddable":true,"href":"https:\/\/www.precisionwirerope.com\/fr\/wp-json\/wp\/v2\/product_cat?post=1496"},{"taxonomy":"product_tag","embeddable":true,"href":"https:\/\/www.precisionwirerope.com\/fr\/wp-json\/wp\/v2\/product_tag?post=1496"}],"curies":[{"name":"wp","href":"https:\/\/api.w.org\/{rel}","templated":true}]}}