{"id":1492,"date":"2026-03-22T02:52:03","date_gmt":"2026-03-22T02:52:03","guid":{"rendered":"https:\/\/www.precisionwirerope.com\/?post_type=product&#038;p=1492"},"modified":"2026-03-22T03:00:04","modified_gmt":"2026-03-22T03:00:04","slug":"304-stainless-steel-wire-rope-corrosion-resistant-industrial-cable-for-marine-lifting-and-construction-applications","status":"publish","type":"product","link":"https:\/\/www.precisionwirerope.com\/fr\/product\/304-stainless-steel-wire-rope-corrosion-resistant-industrial-cable-for-marine-lifting-and-construction-applications\/","title":{"rendered":"C\u00e2ble en acier \u00e0 fil en acier inoxydable 304 \u2013 C\u00e2ble industriel r\u00e9sistant \u00e0 la corrosion pour applications maritimes, de levage et de construction"},"content":{"rendered":"<h3 data-section-id=\"e9m2df\" data-start=\"99\" data-end=\"148\"><span role=\"text\"><strong data-start=\"103\" data-end=\"148\">1. Qu'est-ce que le c\u00e2ble en fil d'acier inoxydable 304 ?<\/strong><\/span><\/h3>\n<p data-start=\"150\" data-end=\"453\">Le c\u00e2ble en fil d'acier inoxydable 304 est fabriqu\u00e9 \u00e0 partir d'un grade d'acier inoxydable aust\u00e9nitique largement utilis\u00e9, connu pour sa r\u00e9sistance \u00e0 la corrosion et sa formabilit\u00e9 excellentes. Il contient environ 18% de chrome et 8% de nickel, souvent appel\u00e9 acier inoxydable 18\/8 (\u00e9quivalent ASTM \u00e0 AISI 304, norme GB : 06Cr19Ni10).<\/p>\n<p data-start=\"455\" data-end=\"645\">Gr\u00e2ce \u00e0 ses propri\u00e9t\u00e9s m\u00e9caniques et chimiques \u00e9quilibr\u00e9es, le c\u00e2ble en fil d'acier inoxydable 304 est l'un des mat\u00e9riaux les plus couramment utilis\u00e9s dans les applications industrielles, maritimes et architecturales.<\/p>\n<h3 data-section-id=\"g2a40k\" data-start=\"652\" data-end=\"677\"><span role=\"text\"><strong data-start=\"656\" data-end=\"677\">2. Sp\u00e9cifications<\/strong><\/span><\/h3>\n<p data-start=\"679\" data-end=\"749\">Les c\u00e2bles en fil d'acier inoxydable 304 sont disponibles dans une large gamme de tailles :<\/p>\n<ul data-start=\"751\" data-end=\"918\">\n<li data-section-id=\"1bd1ls\" data-start=\"751\" data-end=\"790\"><strong data-start=\"753\" data-end=\"772\">Plage de diam\u00e8tre :<\/strong> 0,03 mm \u2013 40 mm<\/li>\n<li data-section-id=\"82rtig\" data-start=\"791\" data-end=\"868\"><strong data-start=\"793\" data-end=\"813\">Options de surface :<\/strong> Brillant, rev\u00eatu (PVC\/nylon), c\u0153ur galvanis\u00e9 en option<\/li>\n<li data-section-id=\"187wep6\" data-start=\"869\" data-end=\"918\"><strong data-start=\"871\" data-end=\"894\">Types de construction :<\/strong> Flexible ou compact\u00e9<\/li>\n<\/ul>\n<h3 data-section-id=\"nroqjc\" data-start=\"925\" data-end=\"956\"><span role=\"text\"><strong data-start=\"929\" data-end=\"956\">3. Constructions courantes<\/strong><\/span><\/h3>\n<p data-start=\"958\" data-end=\"1050\">Nous offrons une vari\u00e9t\u00e9 de constructions pour r\u00e9pondre \u00e0 diff\u00e9rentes exigences de r\u00e9sistance et de flexibilit\u00e9 :<\/p>\n<ul data-start=\"1052\" data-end=\"1127\">\n<li data-section-id=\"15ak4k9\" data-start=\"1052\" data-end=\"1059\">1\u00d77<\/li>\n<li data-section-id=\"d3f806\" data-start=\"1060\" data-end=\"1068\">1\u00d719<\/li>\n<li data-section-id=\"15gmdy6\" data-start=\"1069\" data-end=\"1076\">6\u00d77<\/li>\n<li data-section-id=\"15ha9lr\" data-start=\"1077\" data-end=\"1084\">7\u00d77<\/li>\n<li data-section-id=\"j94lmo\" data-start=\"1085\" data-end=\"1093\">7\u00d719<\/li>\n<li data-section-id=\"j96dho\" data-start=\"1094\" data-end=\"1102\">7\u00d737<\/li>\n<li data-section-id=\"in8mqp\" data-start=\"1103\" data-end=\"1111\">6\u00d719<\/li>\n<li data-section-id=\"glai79\" data-start=\"1112\" data-end=\"1127\">6\u00d719 + IWRC<\/li>\n<\/ul>\n<p data-start=\"1129\" data-end=\"1174\">\ud83d\udc49 Les plus utilis\u00e9s : <strong data-start=\"1150\" data-end=\"1174\">1\u00d77, 1\u00d719, 7\u00d77, 7\u00d719<\/strong><\/p>\n<h3 data-section-id=\"6wf81s\" data-start=\"1181\" data-end=\"1212\"><span role=\"text\"><strong data-start=\"1185\" data-end=\"1212\">4. Composition chimique<\/strong><\/span><\/h3>\n<div class=\"TyagGW_tableContainer\">\n<div class=\"group TyagGW_tableWrapper flex flex-col-reverse w-fit\" tabindex=\"-1\">\n<table class=\"w-fit min-w-(--thread-content-width)\" data-start=\"1214\" data-end=\"1453\">\n<thead data-start=\"1214\" data-end=\"1239\">\n<tr data-start=\"1214\" data-end=\"1239\">\n<th class=\"\" data-start=\"1214\" data-end=\"1224\" data-col-size=\"sm\">\u00c9l\u00e9ment<\/th>\n<th class=\"\" data-start=\"1224\" data-end=\"1239\" data-col-size=\"sm\">Contenu (%)<\/th>\n<\/tr>\n<\/thead>\n<tbody data-start=\"1264\" data-end=\"1453\">\n<tr data-start=\"1264\" data-end=\"1287\">\n<td data-start=\"1264\" data-end=\"1277\" data-col-size=\"sm\">Carbone (C)<\/td>\n<td data-start=\"1277\" data-end=\"1287\" data-col-size=\"sm\">\u2264 0.07<\/td>\n<\/tr>\n<tr data-start=\"1288\" data-end=\"1312\">\n<td data-start=\"1288\" data-end=\"1303\" data-col-size=\"sm\">Silicium (Si)<\/td>\n<td data-start=\"1303\" data-end=\"1312\" data-col-size=\"sm\">\u2264 1.0<\/td>\n<\/tr>\n<tr data-start=\"1313\" data-end=\"1339\">\n<td data-start=\"1313\" data-end=\"1330\" data-col-size=\"sm\">Mangan\u00e8se (Mn)<\/td>\n<td data-start=\"1330\" data-end=\"1339\" data-col-size=\"sm\">\u2264 2.0<\/td>\n<\/tr>\n<tr data-start=\"1340\" data-end=\"1371\">\n<td data-start=\"1340\" data-end=\"1356\" data-col-size=\"sm\">Chrome (Cr)<\/td>\n<td data-start=\"1356\" data-end=\"1371\" data-col-size=\"sm\">17.0 \u2013 19.0<\/td>\n<\/tr>\n<tr data-start=\"1372\" data-end=\"1400\">\n<td data-start=\"1372\" data-end=\"1386\" data-col-size=\"sm\">Nickel (Ni)<\/td>\n<td data-start=\"1386\" data-end=\"1400\" data-col-size=\"sm\">8.0 \u2013 11.0<\/td>\n<\/tr>\n<tr data-start=\"1401\" data-end=\"1424\">\n<td data-start=\"1401\" data-end=\"1414\" data-col-size=\"sm\">Soufre (S)<\/td>\n<td data-start=\"1414\" data-end=\"1424\" data-col-size=\"sm\">\u2264 0.03<\/td>\n<\/tr>\n<tr data-start=\"1425\" data-end=\"1453\">\n<td data-start=\"1425\" data-end=\"1442\" data-col-size=\"sm\">Phosphore (P)<\/td>\n<td data-start=\"1442\" data-end=\"1453\" data-col-size=\"sm\">\u2264 0.035<\/td>\n<\/tr>\n<\/tbody>\n<\/table>\n<\/div>\n<\/div>\n<h3 data-section-id=\"giwx50\" data-start=\"1460\" data-end=\"1503\"><span role=\"text\"><strong data-start=\"1464\" data-end=\"1503\">5. Propri\u00e9t\u00e9s m\u00e9caniques et physiques<\/strong><\/span><\/h3>\n<div class=\"TyagGW_tableContainer\">\n<div class=\"group TyagGW_tableWrapper flex flex-col-reverse w-fit\" tabindex=\"-1\">\n<table class=\"w-fit min-w-(--thread-content-width)\" data-start=\"1505\" data-end=\"1767\">\n<thead data-start=\"1505\" data-end=\"1525\">\n<tr data-start=\"1505\" data-end=\"1525\">\n<th class=\"\" data-start=\"1505\" data-end=\"1516\" data-col-size=\"sm\">Propri\u00e9t\u00e9<\/th>\n<th class=\"\" data-start=\"1516\" data-end=\"1525\" data-col-size=\"sm\">Valeur<\/th>\n<\/tr>\n<\/thead>\n<tbody data-start=\"1545\" data-end=\"1767\">\n<tr data-start=\"1545\" data-end=\"1575\">\n<td data-start=\"1545\" data-end=\"1562\" data-col-size=\"sm\">Limite d'\u00e9lasticit\u00e9<\/td>\n<td data-start=\"1562\" data-end=\"1575\" data-col-size=\"sm\">\u2265 205 MPa<\/td>\n<\/tr>\n<tr data-start=\"1576\" data-end=\"1608\">\n<td data-start=\"1576\" data-end=\"1595\" data-col-size=\"sm\">R\u00e9sistance \u00e0 la traction<\/td>\n<td data-start=\"1595\" data-end=\"1608\" data-col-size=\"sm\">\u2265 520 MPa<\/td>\n<\/tr>\n<tr data-start=\"1609\" data-end=\"1631\">\n<td data-start=\"1609\" data-end=\"1622\" data-col-size=\"sm\">Allongement<\/td>\n<td data-start=\"1622\" data-end=\"1631\" data-col-size=\"sm\">\u2265 40%<\/td>\n<\/tr>\n<tr data-start=\"1632\" data-end=\"1666\">\n<td data-start=\"1632\" data-end=\"1643\" data-col-size=\"sm\">Duret\u00e9<\/td>\n<td data-start=\"1643\" data-end=\"1666\" data-col-size=\"sm\">HB \u2264 187 \/ HRB \u2264 90<\/td>\n<\/tr>\n<tr data-start=\"1667\" data-end=\"1691\">\n<td data-start=\"1667\" data-end=\"1677\" data-col-size=\"sm\">Densit\u00e9<\/td>\n<td data-start=\"1677\" data-end=\"1691\" data-col-size=\"sm\">7,93 g\/cm\u00b3<\/td>\n<\/tr>\n<tr data-start=\"1692\" data-end=\"1725\">\n<td data-start=\"1692\" data-end=\"1708\" data-col-size=\"sm\">Point de fusion<\/td>\n<td data-col-size=\"sm\" data-start=\"1708\" data-end=\"1725\">1398 \u2013 1420\u00b0C<\/td>\n<\/tr>\n<tr data-start=\"1726\" data-end=\"1767\">\n<td data-start=\"1726\" data-end=\"1751\" data-col-size=\"sm\">R\u00e9sistivit\u00e9 \u00e9lectrique<\/td>\n<td data-start=\"1751\" data-end=\"1767\" data-col-size=\"sm\">0,73 \u03a9\u00b7mm\u00b2\/m<\/td>\n<\/tr>\n<\/tbody>\n<\/table>\n<\/div>\n<\/div>\n<hr data-start=\"1769\" data-end=\"1772\" \/>\n<h3 data-section-id=\"1wy15uy\" data-start=\"1774\" data-end=\"1860\"><span role=\"text\"><strong data-start=\"1778\" data-end=\"1860\">6. Pourquoi le c\u00e2ble en acier inoxydable 304 a-t-il une excellente r\u00e9sistance \u00e0 la corrosion ?<\/strong><\/span><\/h3>\n<p data-start=\"1862\" data-end=\"2119\">La r\u00e9sistance \u00e0 la corrosion de l'acier inoxydable 304 provient de sa teneur en chrome. Le chrome r\u00e9agit avec l'oxyg\u00e8ne dans l'air pour former une fine couche stable d'oxyde de chrome \u00e0 la surface. Ce film passif prot\u00e8ge le mat\u00e9riau d'une oxydation et d'une corrosion suppl\u00e9mentaires.<\/p>\n<p data-start=\"2121\" data-end=\"2355\">Le nickel am\u00e9liore encore la r\u00e9sistance \u00e0 la corrosion et am\u00e9liore la t\u00e9nacit\u00e9 et la ductilit\u00e9. Pour maintenir une r\u00e9sistance \u00e0 la corrosion \u00e0 long terme, les normes internationales exigent une teneur en chrome d'au moins 12% - l'acier inoxydable 304 d\u00e9passe cette exigence.<\/p>\n<h3 data-section-id=\"1sfd7bq\" data-start=\"2362\" data-end=\"2385\"><span role=\"text\"><strong data-start=\"2366\" data-end=\"2385\">7. Applications<\/strong><\/span><\/h3>\n<p data-start=\"2387\" data-end=\"2495\">Le c\u00e2ble en acier inoxydable 304 est largement utilis\u00e9 dans les industries n\u00e9cessitant \u00e0 la fois r\u00e9sistance et r\u00e9sistance \u00e0 la corrosion :<\/p>\n<ul data-start=\"2497\" data-end=\"2812\">\n<li data-section-id=\"193oore\" data-start=\"2497\" data-end=\"2537\"><strong data-start=\"2499\" data-end=\"2535\">Applications maritimes et offshore<\/strong><\/li>\n<li data-section-id=\"1yr4t7d\" data-start=\"2538\" data-end=\"2583\"><strong data-start=\"2540\" data-end=\"2581\">C\u00e2bles de construction et architecturaux<\/strong><\/li>\n<li data-section-id=\"1j4mhl\" data-start=\"2584\" data-end=\"2619\"><strong data-start=\"2586\" data-end=\"2617\">Syst\u00e8mes de levage et de gr\u00e9ement<\/strong><\/li>\n<li data-section-id=\"zc5czv\" data-start=\"2620\" data-end=\"2653\"><strong data-start=\"2622\" data-end=\"2651\">\u00c9quipements de transformation des aliments<\/strong><\/li>\n<li data-section-id=\"11qr8sq\" data-start=\"2654\" data-end=\"2695\"><strong data-start=\"2656\" data-end=\"2693\">\u00c9quipements chimiques et industriels<\/strong><\/li>\n<li data-section-id=\"y437tx\" data-start=\"2696\" data-end=\"2732\"><strong data-start=\"2698\" data-end=\"2730\">C\u00e2bles de s\u00e9curit\u00e9 et garde-corps<\/strong><\/li>\n<li data-section-id=\"1s0prrr\" data-start=\"2733\" data-end=\"2773\"><strong data-start=\"2735\" data-end=\"2771\">Lignes de p\u00eache et c\u00e2bles de contr\u00f4le<\/strong><\/li>\n<li data-section-id=\"2f7dfh\" data-start=\"2774\" data-end=\"2812\"><strong data-start=\"2776\" data-end=\"2810\">Ascenseurs et syst\u00e8mes de levage<\/strong><\/li>\n<\/ul>\n<p data-start=\"2814\" data-end=\"2905\">Il est \u00e9galement couramment utilis\u00e9 sous forme rev\u00eatue (PVC ou nylon) pour une durabilit\u00e9 et une s\u00e9curit\u00e9 accrues.<\/p>\n<h3 data-section-id=\"auvml\" data-start=\"2912\" data-end=\"2944\"><span role=\"text\"><strong data-start=\"2916\" data-end=\"2944\">8. Options de personnalisation<\/strong><\/span><\/h3>\n<p data-start=\"2946\" data-end=\"3023\">Nous proposons une personnalisation flexible pour r\u00e9pondre \u00e0 vos exigences sp\u00e9cifiques de projet :<\/p>\n<ul data-start=\"3025\" data-end=\"3233\">\n<li data-section-id=\"19z3taj\" data-start=\"3025\" data-end=\"3055\">Diam\u00e8tre et longueur personnalis\u00e9s<\/li>\n<li data-section-id=\"eau3kn\" data-start=\"3056\" data-end=\"3102\">Diff\u00e9rentes constructions et conceptions de brins<\/li>\n<li data-section-id=\"1pvcvte\" data-start=\"3103\" data-end=\"3153\">Rev\u00eatement en PVC \/ Nylon (diff\u00e9rentes couleurs disponibles)<\/li>\n<li data-section-id=\"17qulmx\" data-start=\"3154\" data-end=\"3194\">Kits de c\u00e2bles pr\u00e9-d\u00e9coup\u00e9s et assembl\u00e9s<\/li>\n<li data-section-id=\"1ifnabl\" data-start=\"3195\" data-end=\"3233\">Emballage sp\u00e9cial et marque OEM<\/li>\n<\/ul>\n<h3 data-section-id=\"ohslnw\" data-start=\"3240\" data-end=\"3264\"><span role=\"text\"><strong data-start=\"3244\" data-end=\"3264\">9. Pourquoi nous choisir<\/strong><\/span><\/h3>\n<ul data-start=\"3266\" data-end=\"3476\">\n<li data-section-id=\"5vc80a\" data-start=\"3266\" data-end=\"3318\">Contr\u00f4le qualit\u00e9 strict et tra\u00e7abilit\u00e9 des mat\u00e9riaux<\/li>\n<li data-section-id=\"c2t962\" data-start=\"3319\" data-end=\"3355\">Large inventaire et livraison rapide<\/li>\n<li data-section-id=\"1lar1hp\" data-start=\"3356\" data-end=\"3386\">Support d'ing\u00e9nierie personnalis\u00e9<\/li>\n<li data-section-id=\"18yrkc1\" data-start=\"3387\" data-end=\"3426\">Tarification comp\u00e9titive pour les commandes en gros<\/li>\n<li data-section-id=\"1gdzeup\" data-start=\"3427\" data-end=\"3476\">Fournisseur fiable pour les applications industrielles<\/li>\n<\/ul>","protected":false},"excerpt":{"rendered":"<p>Le c\u00e2ble en fil d'acier inoxydable 304 est fabriqu\u00e9 \u00e0 partir d'un grade d'acier inoxydable aust\u00e9nitique largement utilis\u00e9, connu pour sa r\u00e9sistance \u00e0 la corrosion et sa formabilit\u00e9 excellentes. Il contient environ 18% de chrome et 8% de nickel, souvent appel\u00e9 acier inoxydable 18\/8 (\u00e9quivalent ASTM \u00e0 AISI 304, norme GB : 06Cr19Ni10).<\/p>","protected":false},"featured_media":1493,"comment_status":"open","ping_status":"closed","template":"","meta":{"site-sidebar-layout":"default","site-content-layout":"","ast-site-content-layout":"default","site-content-style":"default","site-sidebar-style":"default","ast-global-header-display":"","ast-banner-title-visibility":"","ast-main-header-display":"","ast-hfb-above-header-display":"","ast-hfb-below-header-display":"","ast-hfb-mobile-header-display":"","site-post-title":"","ast-breadcrumbs-content":"","ast-featured-img":"","footer-sml-layout":"","ast-disable-related-posts":"","theme-transparent-header-meta":"default","adv-header-id-meta":"","stick-header-meta":"default","header-above-stick-meta":"","header-main-stick-meta":"","header-below-stick-meta":"","astra-migrate-meta-layouts":"set","ast-page-background-enabled":"default","ast-page-background-meta":{"desktop":{"background-color":"var(--ast-global-color-4)","background-image":"","background-repeat":"repeat","background-position":"center center","background-size":"auto","background-attachment":"scroll","background-type":"","background-media":"","overlay-type":"","overlay-color":"","overlay-opacity":"","overlay-gradient":""},"tablet":{"background-color":"","background-image":"","background-repeat":"repeat","background-position":"center center","background-size":"auto","background-attachment":"scroll","background-type":"","background-media":"","overlay-type":"","overlay-color":"","overlay-opacity":"","overlay-gradient":""},"mobile":{"background-color":"","background-image":"","background-repeat":"repeat","background-position":"center center","background-size":"auto","background-attachment":"scroll","background-type":"","background-media":"","overlay-type":"","overlay-color":"","overlay-opacity":"","overlay-gradient":""}},"ast-content-background-meta":{"desktop":{"background-color":"var(--ast-global-color-5)","background-image":"","background-repeat":"repeat","background-position":"center center","background-size":"auto","background-attachment":"scroll","background-type":"","background-media":"","overlay-type":"","overlay-color":"","overlay-opacity":"","overlay-gradient":""},"tablet":{"background-color":"var(--ast-global-color-5)","background-image":"","background-repeat":"repeat","background-position":"center center","background-size":"auto","background-attachment":"scroll","background-type":"","background-media":"","overlay-type":"","overlay-color":"","overlay-opacity":"","overlay-gradient":""},"mobile":{"background-color":"var(--ast-global-color-5)","background-image":"","background-repeat":"repeat","background-position":"center center","background-size":"auto","background-attachment":"scroll","background-type":"","background-media":"","overlay-type":"","overlay-color":"","overlay-opacity":"","overlay-gradient":""}}},"product_brand":[],"product_cat":[16],"product_tag":[55,57,59,33,63,43,32,44,35,61,60,56,58,62,27],"class_list":{"0":"post-1492","1":"product","2":"type-product","3":"status-publish","4":"has-post-thumbnail","6":"product_cat-wire-rope","7":"product_tag-304-stainless-steel-wire-rope","8":"product_tag-7x19-wire-rope","9":"product_tag-coated-wire-rope","10":"product_tag-corrosion-resistant-wire-rope","11":"product_tag-flexible-wire-rope","12":"product_tag-high-strength-wire-rope","13":"product_tag-industrial-wire-rope","14":"product_tag-lifting-wire-rope","15":"product_tag-marine-wire-rope","16":"product_tag-nylon-coated-cable","17":"product_tag-pvc-wire-rope","18":"product_tag-stainless-steel-cable","19":"product_tag-stainless-steel-cable-supplier","20":"product_tag-stainless-steel-rigging-cable","21":"product_tag-wire-rope-manufacturer","22":"desktop-align-left","23":"tablet-align-left","24":"mobile-align-left","25":"ast-product-gallery-layout-horizontal-slider","26":"ast-product-tabs-layout-horizontal","28":"first","29":"instock","30":"shipping-taxable","31":"product-type-simple"},"_links":{"self":[{"href":"https:\/\/www.precisionwirerope.com\/fr\/wp-json\/wp\/v2\/product\/1492","targetHints":{"allow":["GET"]}}],"collection":[{"href":"https:\/\/www.precisionwirerope.com\/fr\/wp-json\/wp\/v2\/product"}],"about":[{"href":"https:\/\/www.precisionwirerope.com\/fr\/wp-json\/wp\/v2\/types\/product"}],"replies":[{"embeddable":true,"href":"https:\/\/www.precisionwirerope.com\/fr\/wp-json\/wp\/v2\/comments?post=1492"}],"wp:featuredmedia":[{"embeddable":true,"href":"https:\/\/www.precisionwirerope.com\/fr\/wp-json\/wp\/v2\/media\/1493"}],"wp:attachment":[{"href":"https:\/\/www.precisionwirerope.com\/fr\/wp-json\/wp\/v2\/media?parent=1492"}],"wp:term":[{"taxonomy":"product_brand","embeddable":true,"href":"https:\/\/www.precisionwirerope.com\/fr\/wp-json\/wp\/v2\/product_brand?post=1492"},{"taxonomy":"product_cat","embeddable":true,"href":"https:\/\/www.precisionwirerope.com\/fr\/wp-json\/wp\/v2\/product_cat?post=1492"},{"taxonomy":"product_tag","embeddable":true,"href":"https:\/\/www.precisionwirerope.com\/fr\/wp-json\/wp\/v2\/product_tag?post=1492"}],"curies":[{"name":"wp","href":"https:\/\/api.w.org\/{rel}","templated":true}]}}