{"id":1484,"date":"2026-03-22T02:16:35","date_gmt":"2026-03-22T02:16:35","guid":{"rendered":"https:\/\/www.precisionwirerope.com\/?post_type=product&#038;p=1484"},"modified":"2026-03-22T02:32:48","modified_gmt":"2026-03-22T02:32:48","slug":"galvanized-steel-wire-rope-manufacturer-high-strength-corrosion-resistant-wire-rope","status":"publish","type":"product","link":"https:\/\/www.precisionwirerope.com\/fi\/product\/galvanized-steel-wire-rope-manufacturer-high-strength-corrosion-resistant-wire-rope\/","title":{"rendered":"Galvanoitu Ter\u00e4svaijeri Valmistaja | Korkea Lujuus &amp; Korroosionkest\u00e4v\u00e4 Vaijeri"},"content":{"rendered":"<p data-start=\"191\" data-end=\"493\">Galvanoitu ter\u00e4slanka k\u00f6ysi valmistetaan levitt\u00e4m\u00e4ll\u00e4 suojaava sinkkikerros korkealaatuiseen ter\u00e4slankaan elektro-galvanoimalla tai kuumadip-galvanoimalla. Sinkkikerros tarjoaa erinomaisen korroosionkest\u00e4vyyden, mik\u00e4 merkitt\u00e4v\u00e4sti pident\u00e4\u00e4 k\u00f6yden k\u00e4ytt\u00f6ik\u00e4\u00e4 vaativissa ymp\u00e4rist\u00f6iss\u00e4.<\/p>\n<p data-start=\"495\" data-end=\"684\">Precision Wire Rope -yrityksess\u00e4 tarjoamme laajan valikoiman galvanoituja k\u00f6ysi\u00e4, jotka on suunniteltu kest\u00e4vyyteen, lujuuteen ja luotettavaan suorituskykyyn teollisuus-, meriliikenne- ja rakennussovelluksissa.<\/p>\n<h2 data-section-id=\"1lut59q\" data-start=\"691\" data-end=\"719\"><span role=\"text\"><strong data-start=\"694\" data-end=\"719\">Rakenne &amp; Materiaalit<\/strong><\/span><\/h2>\n<h3 data-section-id=\"jyvvzq\" data-start=\"721\" data-end=\"739\"><span role=\"text\"><strong data-start=\"725\" data-end=\"739\">Ydintyypit<\/strong><\/span><\/h3>\n<ul data-start=\"740\" data-end=\"967\">\n<li data-section-id=\"1r7s64y\" data-start=\"740\" data-end=\"809\"><strong data-start=\"742\" data-end=\"761\">Kuituydin (FC)<\/strong> \u2013 joustava, sopii yleisiin sovelluksiin<\/li>\n<li data-section-id=\"14dylu4\" data-start=\"810\" data-end=\"887\"><strong data-start=\"812\" data-end=\"849\">Itsen\u00e4inen k\u00f6ysi ydin (IWRC)<\/strong> \u2013 suurempi lujuus ja kuormakapasiteetti<\/li>\n<li data-section-id=\"6wwgba\" data-start=\"888\" data-end=\"967\"><strong data-start=\"890\" data-end=\"917\">Polypropeeni ydin (PP)<\/strong> \u2013 parannettu kest\u00e4vyys kosteutta ja korroosiota vastaan<\/li>\n<\/ul>\n<h3 data-section-id=\"8bzjbh\" data-start=\"974\" data-end=\"999\"><span role=\"text\"><strong data-start=\"978\" data-end=\"999\">Galvanoimistyypit<\/strong><\/span><\/h3>\n<ul data-start=\"1000\" data-end=\"1157\">\n<li data-section-id=\"ucwl68\" data-start=\"1000\" data-end=\"1076\"><strong data-start=\"1002\" data-end=\"1024\">Elektro-galvanoitu<\/strong> \u2013 sile\u00e4 pinta, tasainen pinnoite, kustannustehokas<\/li>\n<li data-section-id=\"1lmfcxi\" data-start=\"1077\" data-end=\"1157\"><strong data-start=\"1079\" data-end=\"1101\">Kuumadip galvanoitu<\/strong> \u2013 paksumpi sinkkikerros, erinomainen korroosionkest\u00e4vyys<\/li>\n<\/ul>\n<h3 data-section-id=\"3hc9yf\" data-start=\"1164\" data-end=\"1191\"><span role=\"text\"><strong data-start=\"1168\" data-end=\"1191\">Sinkkipinnoitteen luokat<\/strong><\/span><\/h3>\n<ul data-start=\"1192\" data-end=\"1359\">\n<li data-section-id=\"61tcd\" data-start=\"1192\" data-end=\"1233\">Kevyt pinnoite \u2013 lieville ymp\u00e4rist\u00f6ille<\/li>\n<li data-section-id=\"1hx6bct\" data-start=\"1234\" data-end=\"1288\">Keskipinnoite \u2013 kohtuullisille korroosiolosuhteille<\/li>\n<li data-section-id=\"15fq2vp\" data-start=\"1289\" data-end=\"1359\">Raskas pinnoite \u2013 vaativille ymp\u00e4rist\u00f6ille (meri, merialue, kaivostoiminta)<\/li>\n<\/ul>\n<h3 data-section-id=\"1qyaowq\" data-start=\"1366\" data-end=\"1400\"><span role=\"text\"><strong data-start=\"1370\" data-end=\"1400\">Tyypilliset k\u00f6ysirakenteet<\/strong><\/span><\/h3>\n<ul data-start=\"1401\" data-end=\"1476\">\n<li data-section-id=\"1d8ze2j\" data-start=\"1401\" data-end=\"1414\">1\u00d77, 1\u00d719<\/li>\n<li data-section-id=\"1ceibga\" data-start=\"1415\" data-end=\"1441\">6\u00d77, 6\u00d719, 6\u00d719 + IWRC<\/li>\n<li data-section-id=\"1gi7oer\" data-start=\"1442\" data-end=\"1461\">7\u00d77, 7\u00d719, 7\u00d737<\/li>\n<li data-section-id=\"196kycp\" data-start=\"1462\" data-end=\"1476\">6\u00d736, 6W19<\/li>\n<\/ul>\n<h3 data-section-id=\"w9aop\" data-start=\"1483\" data-end=\"1500\"><span role=\"text\"><strong data-start=\"1487\" data-end=\"1500\">Kierretyypit<\/strong><\/span><\/h3>\n<ul data-start=\"1501\" data-end=\"1583\">\n<li data-section-id=\"a6ftli\" data-start=\"1501\" data-end=\"1530\">Tavallinen kierre (RHRL \/ LHRL)<\/li>\n<li data-section-id=\"hxog5k\" data-start=\"1531\" data-end=\"1557\">Pitk\u00e4 kierre (RHLL \/ LHLL)<\/li>\n<li data-section-id=\"po698e\" data-start=\"1558\" data-end=\"1583\">Vaihtoehtoinen \/ Sekakierre<\/li>\n<\/ul>\n<h2 data-section-id=\"id1bjs\" data-start=\"1590\" data-end=\"1621\"><span role=\"text\"><strong data-start=\"1593\" data-end=\"1621\">Teknisi\u00e4 tietoja<\/strong><\/span><\/h2>\n<div class=\"TyagGW_tableContainer\">\n<div class=\"group TyagGW_tableWrapper flex flex-col-reverse w-fit\" tabindex=\"-1\">\n<table class=\"w-fit min-w-(--thread-content-width)\" data-start=\"1623\" data-end=\"2384\">\n<thead data-start=\"1623\" data-end=\"1732\">\n<tr data-start=\"1623\" data-end=\"1732\">\n<th class=\"\" data-start=\"1623\" data-end=\"1644\" data-col-size=\"sm\">K\u00f6yden halkaisija (mm)<\/th>\n<th class=\"\" data-start=\"1644\" data-end=\"1659\" data-col-size=\"sm\">Rakenne<\/th>\n<th class=\"\" data-start=\"1659\" data-end=\"1671\" data-col-size=\"sm\">Ydin tyyppi<\/th>\n<th class=\"\" data-start=\"1671\" data-end=\"1681\" data-col-size=\"sm\">Pinta<\/th>\n<th class=\"\" data-start=\"1681\" data-end=\"1706\" data-col-size=\"sm\">Vetolujuus (MPa)<\/th>\n<th class=\"\" data-start=\"1706\" data-end=\"1732\" data-col-size=\"sm\">Murtolujuus (kN)<\/th>\n<\/tr>\n<\/thead>\n<tbody data-start=\"1840\" data-end=\"2384\">\n<tr data-start=\"1840\" data-end=\"1948\">\n<td data-start=\"1840\" data-end=\"1861\" data-col-size=\"sm\">1.0 \u2013 2.0<\/td>\n<td data-col-size=\"sm\" data-start=\"1861\" data-end=\"1874\">1\u00d77 \/ 1\u00d719<\/td>\n<td data-col-size=\"sm\" data-start=\"1874\" data-end=\"1885\">Ter\u00e4s<\/td>\n<td data-col-size=\"sm\" data-start=\"1885\" data-end=\"1898\">Galvanoitu<\/td>\n<td data-col-size=\"sm\" data-start=\"1898\" data-end=\"1922\">1570 \u2013 1770<\/td>\n<td data-col-size=\"sm\" data-start=\"1922\" data-end=\"1948\">0.8 \u2013 3.0<\/td>\n<\/tr>\n<tr data-start=\"1949\" data-end=\"2057\">\n<td data-start=\"1949\" data-end=\"1970\" data-col-size=\"sm\">2.0 \u2013 4.0<\/td>\n<td data-col-size=\"sm\" data-start=\"1970\" data-end=\"1983\">7\u00d77<\/td>\n<td data-col-size=\"sm\" data-start=\"1983\" data-end=\"1994\">FC \/ IWRC<\/td>\n<td data-col-size=\"sm\" data-start=\"1994\" data-end=\"2007\">Galvanoitu<\/td>\n<td data-col-size=\"sm\" data-start=\"2007\" data-end=\"2031\">1570 \u2013 1960<\/td>\n<td data-col-size=\"sm\" data-start=\"2031\" data-end=\"2057\">3.0 \u2013 12.0<\/td>\n<\/tr>\n<tr data-start=\"2058\" data-end=\"2166\">\n<td data-start=\"2058\" data-end=\"2079\" data-col-size=\"sm\">3.0 \u2013 6.0<\/td>\n<td data-col-size=\"sm\" data-start=\"2079\" data-end=\"2092\">7\u00d719<\/td>\n<td data-col-size=\"sm\" data-start=\"2092\" data-end=\"2103\">FC \/ IWRC<\/td>\n<td data-col-size=\"sm\" data-start=\"2103\" data-end=\"2116\">Galvanoitu<\/td>\n<td data-col-size=\"sm\" data-start=\"2116\" data-end=\"2140\">1570 \u2013 1960<\/td>\n<td data-col-size=\"sm\" data-start=\"2140\" data-end=\"2166\">10.0 \u2013 30.0<\/td>\n<\/tr>\n<tr data-start=\"2167\" data-end=\"2275\">\n<td data-start=\"2167\" data-end=\"2188\" data-col-size=\"sm\">6.0 \u2013 10.0<\/td>\n<td data-col-size=\"sm\" data-start=\"2188\" data-end=\"2201\">6\u00d719<\/td>\n<td data-col-size=\"sm\" data-start=\"2201\" data-end=\"2212\">IWRC<\/td>\n<td data-col-size=\"sm\" data-start=\"2212\" data-end=\"2225\">Galvanoitu<\/td>\n<td data-col-size=\"sm\" data-start=\"2225\" data-end=\"2249\">1770 \u2013 2160<\/td>\n<td data-col-size=\"sm\" data-start=\"2249\" data-end=\"2275\">25.0 \u2013 80.0<\/td>\n<\/tr>\n<tr data-start=\"2276\" data-end=\"2384\">\n<td data-start=\"2276\" data-end=\"2297\" data-col-size=\"sm\">10.0 \u2013 20.0<\/td>\n<td data-start=\"2297\" data-end=\"2310\" data-col-size=\"sm\">6\u00d736<\/td>\n<td data-start=\"2310\" data-end=\"2321\" data-col-size=\"sm\">IWRC<\/td>\n<td data-start=\"2321\" data-end=\"2334\" data-col-size=\"sm\">Galvanoitu<\/td>\n<td data-start=\"2334\" data-end=\"2358\" data-col-size=\"sm\">1770 \u2013 2160<\/td>\n<td data-start=\"2358\" data-end=\"2384\" data-col-size=\"sm\">80.0 \u2013 200.0<\/td>\n<\/tr>\n<\/tbody>\n<\/table>\n<\/div>\n<\/div>\n<blockquote data-start=\"2386\" data-end=\"2488\">\n<p data-start=\"2388\" data-end=\"2488\"><em data-start=\"2388\" data-end=\"2488\">Huom: Eritysm\u00e4\u00e4ritykset voidaan r\u00e4\u00e4t\u00e4l\u00f6id\u00e4 halkaisijan, rakenteen ja lujuusvaatimusten mukaan.<\/em><\/p>\n<\/blockquote>\n<h2 data-section-id=\"1j5qwet\" data-start=\"2495\" data-end=\"2514\"><span role=\"text\"><strong data-start=\"2498\" data-end=\"2514\">Avainominaisuudet<\/strong><\/span><\/h2>\n<h3 data-section-id=\"18xz1q1\" data-start=\"2516\" data-end=\"2556\"><span role=\"text\"><strong data-start=\"2520\" data-end=\"2554\">8. Erinomainen korroosionkest\u00e4vyys<\/strong><\/span><\/h3>\n<p data-start=\"2557\" data-end=\"2690\">Sinkkipinnoite suojaa ter\u00e4st\u00e4 kosteudelta, kemikaaleilta ja ymp\u00e4rist\u00f6vaikutuksilta, mik\u00e4 tekee siit\u00e4 ihanteellisen ulko- ja merik\u00e4ytt\u00f6\u00f6n.<\/p>\n<h3 data-section-id=\"1xy76dm\" data-start=\"2692\" data-end=\"2728\"><span role=\"text\"><strong data-start=\"2696\" data-end=\"2726\">10. Korkea lujuus ja kest\u00e4vyys<\/strong><\/span><\/h3>\n<p data-start=\"2729\" data-end=\"2855\">Valmistettu korkealaatuisesta ter\u00e4ksest\u00e4, jossa on hallittu l\u00e4mp\u00f6k\u00e4sittely, jotta saavutetaan erinomainen vetolujuus ja pitk\u00e4 k\u00e4ytt\u00f6ik\u00e4.<\/p>\n<h3 data-section-id=\"1ku1gz7\" data-start=\"2857\" data-end=\"2886\"><span role=\"text\"><strong data-start=\"2861\" data-end=\"2884\">Tarkat mitat<\/strong><\/span><\/h3>\n<p data-start=\"2887\" data-end=\"3001\">Tarkkuusvalmistus varmistaa tiukan halkaisijasietokyvyn (jopa \u00b10.05 mm), parantaen yhteensopivuutta laitteiden kanssa.<\/p>\n<h3 data-section-id=\"ra3ud0\" data-start=\"3003\" data-end=\"3036\"><span role=\"text\"><strong data-start=\"3007\" data-end=\"3034\">Kustannustehokas ratkaisu<\/strong><\/span><\/h3>\n<p data-start=\"3037\" data-end=\"3147\">Verrattuna ruostumattomasta ter\u00e4ksest\u00e4 valmistettuun vaijeriin, galvanoitu vaijeri tarjoaa tasapainon suorituskyvyn ja edullisuuden v\u00e4lill\u00e4.<\/p>\n<h2 data-section-id=\"13c523q\" data-start=\"3154\" data-end=\"3180\"><span role=\"text\"><strong data-start=\"3157\" data-end=\"3180\">Standardit ja laatu<\/strong><\/span><\/h2>\n<p data-start=\"3182\" data-end=\"3277\">Galvanoidut vaijerimme valmistetaan kansainv\u00e4listen standardien mukaisesti, mukaan lukien:<\/p>\n<ul data-start=\"3278\" data-end=\"3332\">\n<li data-section-id=\"1bu1c4s\" data-start=\"3278\" data-end=\"3292\">GB\/T 20118<\/li>\n<li data-section-id=\"169dxum\" data-start=\"3293\" data-end=\"3306\">GB\/T 8918<\/li>\n<li data-section-id=\"1i0nmy4\" data-start=\"3307\" data-end=\"3332\">JIS G3525 \/ JIS H0401<\/li>\n<\/ul>\n<p data-start=\"3334\" data-end=\"3427\">Kaikki tuotteet k\u00e4yv\u00e4t l\u00e4pi tiukan tarkastuksen pinnoitteen eheyden, lujuuden ja kest\u00e4vyuden varmistamiseksi.<\/p>\n<h2 data-section-id=\"k0zlak\" data-start=\"3434\" data-end=\"3453\"><span role=\"text\"><strong data-start=\"3437\" data-end=\"3453\">Sovellukset<\/strong><\/span><\/h2>\n<ul data-start=\"3455\" data-end=\"3654\">\n<li data-section-id=\"k89z7d\" data-start=\"3455\" data-end=\"3490\">Rakentaminen ja infrastruktuuri<\/li>\n<li data-section-id=\"1v729p7\" data-start=\"3491\" data-end=\"3526\">Nostaminen ja nostotoiminnot<\/li>\n<li data-section-id=\"pym0ka\" data-start=\"3527\" data-end=\"3563\">Meri- ja offshore-sovellukset<\/li>\n<li data-section-id=\"1ct221c\" data-start=\"3564\" data-end=\"3589\">\u00d6ljy- ja kaasuhaku<\/li>\n<li data-section-id=\"4ocv1n\" data-start=\"3590\" data-end=\"3614\">Kalastus ja vetouistelua<\/li>\n<li data-section-id=\"1gksk7t\" data-start=\"3615\" data-end=\"3654\">Kuljetus- ja kiinnitysj\u00e4rjestelm\u00e4t<\/li>\n<\/ul>\n<h2 data-section-id=\"kxvv1q\" data-start=\"3661\" data-end=\"3694\"><span role=\"text\"><strong data-start=\"3664\" data-end=\"3694\">R\u00e4\u00e4t\u00e4l\u00f6intimahdollisuudet<\/strong><\/span><\/h2>\n<p data-start=\"3696\" data-end=\"3755\">Tarjoamme r\u00e4\u00e4t\u00e4l\u00f6ityj\u00e4 ratkaisuja tarpeidesi mukaan:<\/p>\n<ul data-start=\"3756\" data-end=\"3915\">\n<li data-section-id=\"neki49\" data-start=\"3756\" data-end=\"3785\">Halkaisija ja rakenne<\/li>\n<li data-section-id=\"9j1apl\" data-start=\"3786\" data-end=\"3812\">Sinkkipinnoitteen paksuus<\/li>\n<li data-section-id=\"1jgg1a8\" data-start=\"3813\" data-end=\"3841\">Ydin tyyppi (FC, IWRC, PP)<\/li>\n<li data-section-id=\"4d5fwm\" data-start=\"3842\" data-end=\"3877\">Kierretyyppi (tavallinen, pitk\u00e4, sekoitettu)<\/li>\n<li data-section-id=\"157b2r9\" data-start=\"3878\" data-end=\"3915\">Pintak\u00e4sittely ja lujuusluokka<\/li>\n<\/ul>\n<h2 data-section-id=\"1drsmsf\" data-start=\"3922\" data-end=\"3954\"><span role=\"text\"><strong data-start=\"3925\" data-end=\"3954\">Laadunvalvonta ja testaus<\/strong><\/span><\/h2>\n<p data-start=\"3956\" data-end=\"4004\">Jokainen galvanoitu vaijeri testataan varmistaakseen:<\/p>\n<ul data-start=\"4005\" data-end=\"4145\">\n<li data-section-id=\"i9leeb\" data-start=\"4005\" data-end=\"4047\">Yhten\u00e4inen ja tiukasti kiinnitetty sinkkikerros<\/li>\n<li data-section-id=\"1hmm5n9\" data-start=\"4048\" data-end=\"4099\">Ei halkeamia tai kuorintaa taivutustilanteissa<\/li>\n<li data-section-id=\"bye72l\" data-start=\"4100\" data-end=\"4145\">Vahvistettu korroosionkest\u00e4vyys<\/li>\n<\/ul>\n<h2 data-section-id=\"i5yrmq\" data-start=\"4152\" data-end=\"4177\"><span role=\"text\"><strong data-start=\"4155\" data-end=\"4177\">Toimitus &amp; Palvelu<\/strong><\/span><\/h2>\n<ul data-start=\"4179\" data-end=\"4312\">\n<li data-section-id=\"1jszyqb\" data-start=\"4179\" data-end=\"4223\">Standardituotteet: <strong data-start=\"4200\" data-end=\"4221\">1\u20133 p\u00e4iv\u00e4n toimitus<\/strong><\/li>\n<li data-section-id=\"1h0ln2x\" data-start=\"4224\" data-end=\"4261\">R\u00e4\u00e4t\u00e4l\u00f6ity tuotanto: <strong data-start=\"4245\" data-end=\"4259\">15\u201330 p\u00e4iv\u00e4\u00e4<\/strong><\/li>\n<li data-section-id=\"1i5g750\" data-start=\"4262\" data-end=\"4312\">Nopea tarjous ja tekninen tuki saatavilla<\/li>\n<\/ul>\n<h2 data-section-id=\"elc90z\" data-start=\"4319\" data-end=\"4329\"><span role=\"text\"><strong data-start=\"4322\" data-end=\"4329\">UKK<\/strong><\/span><\/h2>\n<p data-start=\"4331\" data-end=\"4560\"><strong data-start=\"4331\" data-end=\"4422\">K1: Mik\u00e4 on ero s\u00e4hk\u00f6galvanoidun ja kuumasinkityn vaijerin v\u00e4lill\u00e4?<\/strong><br data-start=\"4422\" data-end=\"4425\" \/>S\u00e4hk\u00f6galvanoidulla vaijerilla on tasaisempi pinta, kun taas kuumasinkityt tarjoavat paksumman pinnoitteen ja paremman korroosionkest\u00e4vyyden.<\/p>\n<p data-start=\"4562\" data-end=\"4709\"><strong data-start=\"4562\" data-end=\"4627\">K2: Onko galvanoitu vaijeri sopiva meriveden ymp\u00e4rist\u00f6ihin?<\/strong><br data-start=\"4627\" data-end=\"4630\" \/>Kyll\u00e4, erityisesti raskasta sinkkipinnoitetta tai kuumasinkittyj\u00e4 tyyppej\u00e4 suositellaan.<\/p>\n<p data-start=\"4711\" data-end=\"4842\"><strong data-start=\"4711\" data-end=\"4767\">K3: Voinko r\u00e4\u00e4t\u00e4l\u00f6id\u00e4 vaijerin rakenteen ja lujuuden?<\/strong><br data-start=\"4767\" data-end=\"4770\" \/>Kyll\u00e4, tarjoamme t\u00e4ydellist\u00e4 r\u00e4\u00e4t\u00e4l\u00f6inti\u00e4 sovellusvaatimustesi perusteella.<\/p>\n<h2 data-section-id=\"sr9zaj\" data-start=\"4849\" data-end=\"4911\"><span role=\"text\"><strong data-start=\"4852\" data-end=\"4909\">Etsitk\u00f6 luotettavaa galvanoitua vaijerin toimittajaa?<\/strong><\/span><\/h2>\n<p data-start=\"4912\" data-end=\"5028\">Ota meihin yhteytt\u00e4 t\u00e4n\u00e4\u00e4n saadaksesi korkealaatuisia tuotteita, kilpailukykyisi\u00e4 hintoja ja r\u00e4\u00e4t\u00e4l\u00f6ityj\u00e4 ratkaisuja tarpeidesi mukaan.<\/p>","protected":false},"excerpt":{"rendered":"<p>Galvanoitu ter\u00e4slanka k\u00f6ysi valmistetaan levitt\u00e4m\u00e4ll\u00e4 suojaava sinkkikerros korkealaatuiseen ter\u00e4slankaan elektro-galvanoimalla tai kuumadip-galvanoimalla. Sinkkikerros tarjoaa erinomaisen korroosionkest\u00e4vyyden, mik\u00e4 merkitt\u00e4v\u00e4sti pident\u00e4\u00e4 k\u00f6yden k\u00e4ytt\u00f6ik\u00e4\u00e4 vaativissa ymp\u00e4rist\u00f6iss\u00e4.<\/p>","protected":false},"featured_media":1485,"comment_status":"open","ping_status":"closed","template":"","meta":{"site-sidebar-layout":"default","site-content-layout":"","ast-site-content-layout":"default","site-content-style":"default","site-sidebar-style":"default","ast-global-header-display":"","ast-banner-title-visibility":"","ast-main-header-display":"","ast-hfb-above-header-display":"","ast-hfb-below-header-display":"","ast-hfb-mobile-header-display":"","site-post-title":"","ast-breadcrumbs-content":"","ast-featured-img":"","footer-sml-layout":"","ast-disable-related-posts":"","theme-transparent-header-meta":"default","adv-header-id-meta":"","stick-header-meta":"default","header-above-stick-meta":"","header-main-stick-meta":"","header-below-stick-meta":"","astra-migrate-meta-layouts":"set","ast-page-background-enabled":"default","ast-page-background-meta":{"desktop":{"background-color":"var(--ast-global-color-4)","background-image":"","background-repeat":"repeat","background-position":"center center","background-size":"auto","background-attachment":"scroll","background-type":"","background-media":"","overlay-type":"","overlay-color":"","overlay-opacity":"","overlay-gradient":""},"tablet":{"background-color":"","background-image":"","background-repeat":"repeat","background-position":"center center","background-size":"auto","background-attachment":"scroll","background-type":"","background-media":"","overlay-type":"","overlay-color":"","overlay-opacity":"","overlay-gradient":""},"mobile":{"background-color":"","background-image":"","background-repeat":"repeat","background-position":"center center","background-size":"auto","background-attachment":"scroll","background-type":"","background-media":"","overlay-type":"","overlay-color":"","overlay-opacity":"","overlay-gradient":""}},"ast-content-background-meta":{"desktop":{"background-color":"var(--ast-global-color-5)","background-image":"","background-repeat":"repeat","background-position":"center center","background-size":"auto","background-attachment":"scroll","background-type":"","background-media":"","overlay-type":"","overlay-color":"","overlay-opacity":"","overlay-gradient":""},"tablet":{"background-color":"var(--ast-global-color-5)","background-image":"","background-repeat":"repeat","background-position":"center center","background-size":"auto","background-attachment":"scroll","background-type":"","background-media":"","overlay-type":"","overlay-color":"","overlay-opacity":"","overlay-gradient":""},"mobile":{"background-color":"var(--ast-global-color-5)","background-image":"","background-repeat":"repeat","background-position":"center center","background-size":"auto","background-attachment":"scroll","background-type":"","background-media":"","overlay-type":"","overlay-color":"","overlay-opacity":"","overlay-gradient":""}}},"product_brand":[],"product_cat":[16],"product_tag":[33,45,28,42,40,43,41,32,49,44,35,47,48,27,46],"class_list":{"0":"post-1484","1":"product","2":"type-product","3":"status-publish","4":"has-post-thumbnail","6":"product_cat-wire-rope","7":"product_tag-corrosion-resistant-wire-rope","8":"product_tag-crane-wire-rope","9":"product_tag-custom-wire-rope","10":"product_tag-electro-galvanized-wire-rope","11":"product_tag-galvanized-steel-wire-rope","12":"product_tag-high-strength-wire-rope","13":"product_tag-hot-dip-galvanized-wire-rope","14":"product_tag-industrial-wire-rope","15":"product_tag-iwrc-wire-rope","16":"product_tag-lifting-wire-rope","17":"product_tag-marine-wire-rope","18":"product_tag-steel-cable","19":"product_tag-wire-rope-construction","20":"product_tag-wire-rope-manufacturer","21":"product_tag-wire-rope-supplier","22":"desktop-align-left","23":"tablet-align-left","24":"mobile-align-left","25":"ast-product-gallery-layout-horizontal-slider","26":"ast-product-tabs-layout-horizontal","28":"first","29":"instock","30":"shipping-taxable","31":"product-type-simple"},"_links":{"self":[{"href":"https:\/\/www.precisionwirerope.com\/fi\/wp-json\/wp\/v2\/product\/1484","targetHints":{"allow":["GET"]}}],"collection":[{"href":"https:\/\/www.precisionwirerope.com\/fi\/wp-json\/wp\/v2\/product"}],"about":[{"href":"https:\/\/www.precisionwirerope.com\/fi\/wp-json\/wp\/v2\/types\/product"}],"replies":[{"embeddable":true,"href":"https:\/\/www.precisionwirerope.com\/fi\/wp-json\/wp\/v2\/comments?post=1484"}],"wp:featuredmedia":[{"embeddable":true,"href":"https:\/\/www.precisionwirerope.com\/fi\/wp-json\/wp\/v2\/media\/1485"}],"wp:attachment":[{"href":"https:\/\/www.precisionwirerope.com\/fi\/wp-json\/wp\/v2\/media?parent=1484"}],"wp:term":[{"taxonomy":"product_brand","embeddable":true,"href":"https:\/\/www.precisionwirerope.com\/fi\/wp-json\/wp\/v2\/product_brand?post=1484"},{"taxonomy":"product_cat","embeddable":true,"href":"https:\/\/www.precisionwirerope.com\/fi\/wp-json\/wp\/v2\/product_cat?post=1484"},{"taxonomy":"product_tag","embeddable":true,"href":"https:\/\/www.precisionwirerope.com\/fi\/wp-json\/wp\/v2\/product_tag?post=1484"}],"curies":[{"name":"wp","href":"https:\/\/api.w.org\/{rel}","templated":true}]}}