{"id":1488,"date":"2026-03-22T02:46:11","date_gmt":"2026-03-22T02:46:11","guid":{"rendered":"https:\/\/www.precisionwirerope.com\/?post_type=product&#038;p=1488"},"modified":"2026-05-11T22:08:22","modified_gmt":"2026-05-11T22:08:22","slug":"stainless-steel-wire-rope-manufacturer-high-strength-corrosion-resistant-cable","status":"publish","type":"product","link":"https:\/\/www.precisionwirerope.com\/es\/product\/stainless-steel-wire-rope-manufacturer-high-strength-corrosion-resistant-cable\/","title":{"rendered":"Fabricante de Cable de Acero Inoxidable | Cable de Alta Resistencia y Resistente a la Corrosi\u00f3n"},"content":{"rendered":"<p data-start=\"186\" data-end=\"526\">El cable de acero inoxidable se fabrica torciendo m\u00faltiples hebras de alambres de acero inoxidable en una \u00fanica estructura de cable, con un n\u00facleo de fibra o un n\u00facleo de acero. Conocido por su excelente resistencia a la corrosi\u00f3n, fuerza y durabilidad, se utiliza ampliamente en entornos exigentes como el marino, la construcci\u00f3n y aplicaciones industriales.<\/p>\n<p data-start=\"528\" data-end=\"696\">En Precision Wire Rope, suministramos cables de acero inoxidable de alta calidad en varias calidades, construcciones y configuraciones para satisfacer diversos requisitos de aplicaci\u00f3n.<\/p>\n<h2 data-section-id=\"1lut59q\" data-start=\"703\" data-end=\"731\"><span role=\"text\"><strong data-start=\"706\" data-end=\"731\">Estructura y Materiales<\/strong><\/span><\/h2>\n<h3 data-section-id=\"ldjiy3\" data-start=\"733\" data-end=\"756\"><span role=\"text\"><strong data-start=\"737\" data-end=\"756\">Grados de Material<\/strong><\/span><\/h3>\n<p data-start=\"757\" data-end=\"818\">Ofrecemos una amplia gama de grados de acero inoxidable, incluyendo:<\/p>\n<ul data-start=\"819\" data-end=\"1061\">\n<li data-section-id=\"sv9rza\" data-start=\"819\" data-end=\"876\"><strong data-start=\"821\" data-end=\"835\">304 \/ 304L<\/strong> \u2013 resistencia a la corrosi\u00f3n de uso general<\/li>\n<li data-section-id=\"1cauyhq\" data-start=\"877\" data-end=\"964\"><strong data-start=\"879\" data-end=\"893\">316 \/ 316L<\/strong> \u2013 resistencia a la corrosi\u00f3n excelente para entornos marinos y qu\u00edmicos<\/li>\n<li data-section-id=\"1rg6dz4\" data-start=\"965\" data-end=\"1012\"><strong data-start=\"967\" data-end=\"980\">201 \/ 202<\/strong> \u2013 alternativas rentables<\/li>\n<li data-section-id=\"v8lgqu\" data-start=\"1013\" data-end=\"1061\"><strong data-start=\"1015\" data-end=\"1029\">310 \/ 310S<\/strong> \u2013 resistencia a altas temperaturas<\/li>\n<\/ul>\n<h3 data-section-id=\"jyvvzq\" data-start=\"1068\" data-end=\"1086\"><span role=\"text\"><strong data-start=\"1072\" data-end=\"1086\">Tipos de N\u00facleo<\/strong><\/span><\/h3>\n<ul data-start=\"1087\" data-end=\"1281\">\n<li data-section-id=\"wjt1lq\" data-start=\"1087\" data-end=\"1137\"><strong data-start=\"1089\" data-end=\"1108\">N\u00facleo de Fibra (FC)<\/strong> \u2013 flexible y ligero<\/li>\n<li data-section-id=\"v9x8v3\" data-start=\"1138\" data-end=\"1212\"><strong data-start=\"1140\" data-end=\"1177\">N\u00facleo de Cable de Alambre Independiente (IWRC)<\/strong> \u2013 mayor resistencia y durabilidad<\/li>\n<li data-section-id=\"ydvdhi\" data-start=\"1213\" data-end=\"1281\"><strong data-start=\"1215\" data-end=\"1247\">N\u00facleo de Estrand de Alambre de Acero (IWS)<\/strong> \u2013 estabilidad estructural mejorada<\/li>\n<\/ul>\n<h3 data-section-id=\"1qyaowq\" data-start=\"1288\" data-end=\"1322\"><span role=\"text\"><strong data-start=\"1292\" data-end=\"1322\">Construcciones de Cuerda T\u00edpicas<\/strong><\/span><\/h3>\n<ul data-start=\"1323\" data-end=\"1397\">\n<li data-section-id=\"1cgrpeq\" data-start=\"1323\" data-end=\"1341\">1\u00d73, 1\u00d77, 1\u00d719<\/li>\n<li data-section-id=\"2qzil7\" data-start=\"1342\" data-end=\"1355\">6\u00d77, 6\u00d719<\/li>\n<li data-section-id=\"1gi7oer\" data-start=\"1356\" data-end=\"1375\">7\u00d77, 7\u00d719, 7\u00d737<\/li>\n<li data-section-id=\"gg6z5s\" data-start=\"1376\" data-end=\"1397\">6W19, 6\u00d719 + IWRC<\/li>\n<\/ul>\n<h3 data-section-id=\"w9aop\" data-start=\"1404\" data-end=\"1421\"><span role=\"text\"><strong data-start=\"1408\" data-end=\"1421\">Tipos de Trenzado<\/strong><\/span><\/h3>\n<ul data-start=\"1422\" data-end=\"1492\">\n<li data-section-id=\"a6ftli\" data-start=\"1422\" data-end=\"1451\">Trenzado Regular (RHRL \/ LHRL)<\/li>\n<li data-section-id=\"hxog5k\" data-start=\"1452\" data-end=\"1478\">Trenzado Lang (RHLL \/ LHLL)<\/li>\n<li data-section-id=\"672p7l\" data-start=\"1479\" data-end=\"1492\">Mezcla de Lay<\/li>\n<\/ul>\n<h3 data-section-id=\"hdtwc8\" data-start=\"1499\" data-end=\"1520\"><span role=\"text\"><strong data-start=\"1503\" data-end=\"1520\">Tipos de Superficie<\/strong><\/span><\/h3>\n<ul data-start=\"1521\" data-end=\"1589\">\n<li data-section-id=\"vhd1x5\" data-start=\"1521\" data-end=\"1538\">Acabado brillante<\/li>\n<li data-section-id=\"uw1ss2\" data-start=\"1539\" data-end=\"1555\">Acabado mate<\/li>\n<li data-section-id=\"wseuwf\" data-start=\"1556\" data-end=\"1589\">Recubierto (PVC \/ Nylon opcional)<\/li>\n<\/ul>\n<h2 data-section-id=\"id1bjs\" data-start=\"1596\" data-end=\"1627\"><span role=\"text\"><strong data-start=\"1599\" data-end=\"1627\">Especificaciones T\u00e9cnicas<\/strong><\/span><\/h2>\n<div class=\"TyagGW_tableContainer\">\n<div class=\"group TyagGW_tableWrapper flex flex-col-reverse w-fit\" tabindex=\"-1\">\n<table class=\"w-fit min-w-(--thread-content-width)\" data-start=\"1629\" data-end=\"2424\">\n<thead data-start=\"1629\" data-end=\"1745\">\n<tr data-start=\"1629\" data-end=\"1745\">\n<th class=\"\" data-start=\"1629\" data-end=\"1650\" data-col-size=\"sm\">Di\u00e1metro de la Cuerda (mm)<\/th>\n<th class=\"\" data-start=\"1650\" data-end=\"1665\" data-col-size=\"sm\">Construcci\u00f3n<\/th>\n<th class=\"\" data-start=\"1665\" data-end=\"1682\" data-col-size=\"sm\">Grado de Material<\/th>\n<th class=\"\" data-start=\"1682\" data-end=\"1694\" data-col-size=\"sm\">Tipo de N\u00facleo<\/th>\n<th class=\"\" data-start=\"1694\" data-end=\"1719\" data-col-size=\"sm\">Resistencia a la Tracci\u00f3n (MPa)<\/th>\n<th class=\"\" data-start=\"1719\" data-end=\"1745\" data-col-size=\"sm\">Resistencia a la Rotura (kN)<\/th>\n<\/tr>\n<\/thead>\n<tbody data-start=\"1860\" data-end=\"2424\">\n<tr data-start=\"1860\" data-end=\"1972\">\n<td data-start=\"1860\" data-end=\"1881\" data-col-size=\"sm\">0.3 \u2013 1.0<\/td>\n<td data-col-size=\"sm\" data-start=\"1881\" data-end=\"1894\">1\u00d77 \/ 1\u00d719<\/td>\n<td data-col-size=\"sm\" data-start=\"1894\" data-end=\"1911\">304 \/ 316<\/td>\n<td data-col-size=\"sm\" data-start=\"1911\" data-end=\"1922\">Acero<\/td>\n<td data-col-size=\"sm\" data-start=\"1922\" data-end=\"1946\">1570 \u2013 1770<\/td>\n<td data-col-size=\"sm\" data-start=\"1946\" data-end=\"1972\">0.2 \u2013 1.5<\/td>\n<\/tr>\n<tr data-start=\"1973\" data-end=\"2085\">\n<td data-start=\"1973\" data-end=\"1994\" data-col-size=\"sm\">1.0 \u2013 3.0<\/td>\n<td data-col-size=\"sm\" data-start=\"1994\" data-end=\"2007\">7\u00d77<\/td>\n<td data-col-size=\"sm\" data-start=\"2007\" data-end=\"2024\">304 \/ 316<\/td>\n<td data-col-size=\"sm\" data-start=\"2024\" data-end=\"2035\">FC \/ IWRC<\/td>\n<td data-col-size=\"sm\" data-start=\"2035\" data-end=\"2059\">1570 \u2013 1960<\/td>\n<td data-col-size=\"sm\" data-start=\"2059\" data-end=\"2085\">1.5 \u2013 8.0<\/td>\n<\/tr>\n<tr data-start=\"2086\" data-end=\"2198\">\n<td data-start=\"2086\" data-end=\"2107\" data-col-size=\"sm\">2.0 \u2013 6.0<\/td>\n<td data-start=\"2107\" data-end=\"2120\" data-col-size=\"sm\">7\u00d719<\/td>\n<td data-start=\"2120\" data-end=\"2137\" data-col-size=\"sm\">304 \/ 316<\/td>\n<td data-start=\"2137\" data-end=\"2148\" data-col-size=\"sm\">FC \/ IWRC<\/td>\n<td data-start=\"2148\" data-end=\"2172\" data-col-size=\"sm\">1570 \u2013 1960<\/td>\n<td data-start=\"2172\" data-end=\"2198\" data-col-size=\"sm\">5.0 \u2013 25.0<\/td>\n<\/tr>\n<tr data-start=\"2199\" data-end=\"2311\">\n<td data-start=\"2199\" data-end=\"2220\" data-col-size=\"sm\">6.0 \u2013 12.0<\/td>\n<td data-start=\"2220\" data-end=\"2233\" data-col-size=\"sm\">6\u00d719<\/td>\n<td data-start=\"2233\" data-end=\"2250\" data-col-size=\"sm\">304 \/ 316<\/td>\n<td data-start=\"2250\" data-end=\"2261\" data-col-size=\"sm\">IWRC<\/td>\n<td data-start=\"2261\" data-end=\"2285\" data-col-size=\"sm\">1770 \u2013 2160<\/td>\n<td data-col-size=\"sm\" data-start=\"2285\" data-end=\"2311\">20.0 \u2013 80.0<\/td>\n<\/tr>\n<tr data-start=\"2312\" data-end=\"2424\">\n<td data-start=\"2312\" data-end=\"2333\" data-col-size=\"sm\">12.0 \u2013 20.0<\/td>\n<td data-col-size=\"sm\" data-start=\"2333\" data-end=\"2346\">6\u00d736<\/td>\n<td data-col-size=\"sm\" data-start=\"2346\" data-end=\"2363\">316 \/ 316L<\/td>\n<td data-col-size=\"sm\" data-start=\"2363\" data-end=\"2374\">IWRC<\/td>\n<td data-col-size=\"sm\" data-start=\"2374\" data-end=\"2398\">1770 \u2013 2160<\/td>\n<td data-col-size=\"sm\" data-start=\"2398\" data-end=\"2424\">80.0 \u2013 200.0<\/td>\n<\/tr>\n<\/tbody>\n<\/table>\n<\/div>\n<\/div>\n<blockquote data-start=\"2426\" data-end=\"2521\">\n<p data-start=\"2428\" data-end=\"2521\"><em data-start=\"2428\" data-end=\"2521\">Nota: Todas las especificaciones se pueden personalizar seg\u00fan su aplicaci\u00f3n y requisitos de carga.<\/em><\/p>\n<\/blockquote>\n<h2 data-section-id=\"1j5qwet\" data-start=\"2528\" data-end=\"2547\"><span role=\"text\"><strong data-start=\"2531\" data-end=\"2547\">Caracter\u00edsticas clave<\/strong><\/span><\/h2>\n<h3 data-section-id=\"18xz1q1\" data-start=\"2549\" data-end=\"2589\"><span role=\"text\"><strong data-start=\"2553\" data-end=\"2587\">Excelente resistencia a la corrosi\u00f3n<\/strong><\/span><\/h3>\n<p data-start=\"2590\" data-end=\"2717\">Los materiales de acero inoxidable (especialmente 316\/316L) ofrecen una resistencia excepcional a la humedad, productos qu\u00edmicos y entornos marinos.<\/p>\n<h3 data-section-id=\"15xpeud\" data-start=\"2719\" data-end=\"2763\"><span role=\"text\"><strong data-start=\"2723\" data-end=\"2761\">Alta resistencia y resistencia a la fatiga<\/strong><\/span><\/h3>\n<p data-start=\"2764\" data-end=\"2827\">Dise\u00f1ado para durabilidad bajo cargas din\u00e1micas y uso repetido.<\/p>\n<h3 data-section-id=\"1wjfr4u\" data-start=\"2829\" data-end=\"2867\"><span role=\"text\"><strong data-start=\"2833\" data-end=\"2865\">Fabricaci\u00f3n de alta precisi\u00f3n<\/strong><\/span><\/h3>\n<p data-start=\"2868\" data-end=\"2948\">La tolerancia de di\u00e1metro puede alcanzar <strong data-start=\"2897\" data-end=\"2909\">\u00b10.01 mm<\/strong>, asegurando consistencia y fiabilidad.<\/p>\n<h3 data-section-id=\"3hhe0f\" data-start=\"2950\" data-end=\"2992\"><span role=\"text\"><strong data-start=\"2954\" data-end=\"2990\">Limpio y ecol\u00f3gico<\/strong><\/span><\/h3>\n<p data-start=\"2993\" data-end=\"3075\">La composici\u00f3n qu\u00edmica estable y el bajo contenido de impurezas aseguran un rendimiento a largo plazo.<\/p>\n<h2 data-section-id=\"197pqvq\" data-start=\"3082\" data-end=\"3111\"><span role=\"text\"><strong data-start=\"3085\" data-end=\"3111\">Normas y cumplimiento<\/strong><\/span><\/h2>\n<p data-start=\"3113\" data-end=\"3193\">Nuestras cuerdas de acero inoxidable cumplen con normas internacionales, incluyendo:<\/p>\n<ul data-start=\"3194\" data-end=\"3241\">\n<li data-section-id=\"15m0q8m\" data-start=\"3194\" data-end=\"3207\">GB\/T 9944<\/li>\n<li data-section-id=\"mi670e\" data-start=\"3208\" data-end=\"3223\">ASTM \/ AISI<\/li>\n<li data-section-id=\"kxeg6o\" data-start=\"3224\" data-end=\"3241\">Normas JIS<\/li>\n<\/ul>\n<h2 data-section-id=\"k0zlak\" data-start=\"3248\" data-end=\"3267\"><span role=\"text\"><strong data-start=\"3251\" data-end=\"3267\">Aplicaciones<\/strong><\/span><\/h2>\n<ul data-start=\"3269\" data-end=\"3531\">\n<li data-section-id=\"16bujyt\" data-start=\"3269\" data-end=\"3303\">Operaciones marinas y en alta mar<\/li>\n<li data-section-id=\"1qatlvb\" data-start=\"3304\" data-end=\"3338\">Equipos de elevaci\u00f3n y izado<\/li>\n<li data-section-id=\"k89z7d\" data-start=\"3339\" data-end=\"3374\">Construcci\u00f3n e infraestructura<\/li>\n<li data-section-id=\"130ydzw\" data-start=\"3375\" data-end=\"3405\">Sistemas de ascensores y gr\u00faas<\/li>\n<li data-section-id=\"z4msnb\" data-start=\"3406\" data-end=\"3446\">Cables de seguridad y sistemas antirrobo<\/li>\n<li data-section-id=\"bz30y8\" data-start=\"3447\" data-end=\"3485\">L\u00edneas de pesca y uso agr\u00edcola<\/li>\n<li data-section-id=\"1cqfb8n\" data-start=\"3486\" data-end=\"3531\">Aplicaciones arquitect\u00f3nicas y decorativas<\/li>\n<\/ul>\n<h2 data-section-id=\"kxvv1q\" data-start=\"3538\" data-end=\"3571\"><span role=\"text\"><strong data-start=\"3541\" data-end=\"3571\">Capacidades de personalizaci\u00f3n<\/strong><\/span><\/h2>\n<p data-start=\"3573\" data-end=\"3613\">Ofrecemos soluciones personalizadas que incluyen:<\/p>\n<ul data-start=\"3614\" data-end=\"3813\">\n<li data-section-id=\"neki49\" data-start=\"3614\" data-end=\"3643\">Di\u00e1metro y construcci\u00f3n<\/li>\n<li data-section-id=\"1naxzm0\" data-start=\"3644\" data-end=\"3679\">Grado de material (304, 316, etc.)<\/li>\n<li data-section-id=\"15deegd\" data-start=\"3680\" data-end=\"3709\">Tipo de n\u00facleo (FC, IWRC, IWS)<\/li>\n<li data-section-id=\"9scxek\" data-start=\"3710\" data-end=\"3752\">Acabado de superficie (brillante, mate, recubierto)<\/li>\n<li data-section-id=\"1uvq9sq\" data-start=\"3753\" data-end=\"3781\">Recubrimiento (PVC, nylon, PE)<\/li>\n<li data-section-id=\"yalb2g\" data-start=\"3782\" data-end=\"3813\">Accesorios y ensamblajes finales<\/li>\n<\/ul>\n<h2 data-section-id=\"lk0893\" data-start=\"3820\" data-end=\"3844\"><span role=\"text\"><strong data-start=\"3823\" data-end=\"3844\">Aseguramiento de calidad<\/strong><\/span><\/h2>\n<p data-start=\"3846\" data-end=\"3909\">Todos los productos pasan por una estricta inspecci\u00f3n y pruebas para garantizar:<\/p>\n<ul data-start=\"3910\" data-end=\"4003\">\n<li data-section-id=\"fivfgh\" data-start=\"3910\" data-end=\"3941\">Resistencia a la tracci\u00f3n consistente<\/li>\n<li data-section-id=\"1hjn31u\" data-start=\"3942\" data-end=\"3966\">Integridad estructural<\/li>\n<li data-section-id=\"1clt7ez\" data-start=\"3967\" data-end=\"4003\">Rendimiento de resistencia a la corrosi\u00f3n<\/li>\n<\/ul>\n<h2 data-section-id=\"i5yrmq\" data-start=\"4010\" data-end=\"4035\"><span role=\"text\"><strong data-start=\"4013\" data-end=\"4035\">Entrega y servicio<\/strong><\/span><\/h2>\n<ul data-start=\"4037\" data-end=\"4156\">\n<li data-section-id=\"1jszyqb\" data-start=\"4037\" data-end=\"4081\">Productos est\u00e1ndar: <strong data-start=\"4058\" data-end=\"4079\">Entrega de 1 a 3 d\u00edas<\/strong><\/li>\n<li data-section-id=\"yobqmf\" data-start=\"4082\" data-end=\"4115\">Pedidos personalizados: <strong data-start=\"4099\" data-end=\"4113\">15 a 30 d\u00edas<\/strong><\/li>\n<li data-section-id=\"cax0sd\" data-start=\"4116\" data-end=\"4156\">Cotizaci\u00f3n r\u00e1pida y soporte t\u00e9cnico<\/li>\n<\/ul>\n<h2 data-section-id=\"elc90z\" data-start=\"4163\" data-end=\"4173\"><span role=\"text\"><strong data-start=\"4166\" data-end=\"4173\">Preguntas frecuentes<\/strong><\/span><\/h2>\n<p data-start=\"4175\" data-end=\"4342\"><strong data-start=\"4175\" data-end=\"4252\">P1: \u00bfCu\u00e1l es la diferencia entre el cable de acero inoxidable 304 y 316?<\/strong><br data-start=\"4252\" data-end=\"4255\" \/>El 316 ofrece mejor resistencia a la corrosi\u00f3n, especialmente en entornos marinos y qu\u00edmicos.<\/p>\n<p data-start=\"4344\" data-end=\"4471\"><strong data-start=\"4344\" data-end=\"4392\">P2: \u00bfSe puede recubrir el cable de acero inoxidable?<\/strong><br data-start=\"4392\" data-end=\"4395\" \/>S\u00ed, est\u00e1n disponibles recubrimientos de PVC, nylon y otros para protecci\u00f3n adicional.<\/p>\n<p data-start=\"4473\" data-end=\"4610\"><strong data-start=\"4473\" data-end=\"4518\">P3: \u00bfC\u00f3mo elegir la construcci\u00f3n adecuada?<\/strong><br data-start=\"4518\" data-end=\"4521\" \/>Depende de la flexibilidad, la carga y la aplicaci\u00f3n. Nuestro equipo puede recomendar la mejor opci\u00f3n.<\/p>\n<h2 data-section-id=\"zwdc7d\" data-start=\"4617\" data-end=\"4684\"><span role=\"text\"><strong data-start=\"4620\" data-end=\"4682\">\u00bfBuscando un proveedor confiable de cable de acero inoxidable?<\/strong><\/span><\/h2>\n<p data-start=\"4685\" data-end=\"4775\">Cont\u00e1ctenos hoy para productos de alta calidad, precios competitivos y soluciones personalizadas.<\/p>","protected":false},"excerpt":{"rendered":"<p>El cable de acero inoxidable se fabrica torciendo m\u00faltiples hebras de alambres de acero inoxidable en una \u00fanica estructura de cable, con un n\u00facleo de fibra o un n\u00facleo de acero. Conocido por su excelente resistencia a la corrosi\u00f3n, fuerza y durabilidad, se utiliza ampliamente en entornos exigentes como el marino, la construcci\u00f3n y aplicaciones industriales.<\/p>","protected":false},"featured_media":1489,"comment_status":"open","ping_status":"closed","template":"","meta":{"site-sidebar-layout":"default","site-content-layout":"","ast-site-content-layout":"default","site-content-style":"default","site-sidebar-style":"default","ast-global-header-display":"","ast-banner-title-visibility":"","ast-main-header-display":"","ast-hfb-above-header-display":"","ast-hfb-below-header-display":"","ast-hfb-mobile-header-display":"","site-post-title":"","ast-breadcrumbs-content":"","ast-featured-img":"","footer-sml-layout":"","ast-disable-related-posts":"","theme-transparent-header-meta":"default","adv-header-id-meta":"","stick-header-meta":"default","header-above-stick-meta":"","header-main-stick-meta":"","header-below-stick-meta":"","astra-migrate-meta-layouts":"set","ast-page-background-enabled":"default","ast-page-background-meta":{"desktop":{"background-color":"var(--ast-global-color-4)","background-image":"","background-repeat":"repeat","background-position":"center center","background-size":"auto","background-attachment":"scroll","background-type":"","background-media":"","overlay-type":"","overlay-color":"","overlay-opacity":"","overlay-gradient":""},"tablet":{"background-color":"","background-image":"","background-repeat":"repeat","background-position":"center center","background-size":"auto","background-attachment":"scroll","background-type":"","background-media":"","overlay-type":"","overlay-color":"","overlay-opacity":"","overlay-gradient":""},"mobile":{"background-color":"","background-image":"","background-repeat":"repeat","background-position":"center center","background-size":"auto","background-attachment":"scroll","background-type":"","background-media":"","overlay-type":"","overlay-color":"","overlay-opacity":"","overlay-gradient":""}},"ast-content-background-meta":{"desktop":{"background-color":"var(--ast-global-color-5)","background-image":"","background-repeat":"repeat","background-position":"center center","background-size":"auto","background-attachment":"scroll","background-type":"","background-media":"","overlay-type":"","overlay-color":"","overlay-opacity":"","overlay-gradient":""},"tablet":{"background-color":"var(--ast-global-color-5)","background-image":"","background-repeat":"repeat","background-position":"center center","background-size":"auto","background-attachment":"scroll","background-type":"","background-media":"","overlay-type":"","overlay-color":"","overlay-opacity":"","overlay-gradient":""},"mobile":{"background-color":"var(--ast-global-color-5)","background-image":"","background-repeat":"repeat","background-position":"center center","background-size":"auto","background-attachment":"scroll","background-type":"","background-media":"","overlay-type":"","overlay-color":"","overlay-opacity":"","overlay-gradient":""}}},"product_brand":[],"product_cat":[16],"product_tag":[52,51,54,53,28,43,32,44,35,38,50,47,48,27,46],"class_list":{"0":"post-1488","1":"product","2":"type-product","3":"status-publish","4":"has-post-thumbnail","6":"product_cat-wire-rope","7":"product_tag-304-stainless-steel-cable","8":"product_tag-316-stainless-steel-wire-rope","9":"product_tag-coated-stainless-steel-wire-rope","10":"product_tag-corrosion-resistant-cable","11":"product_tag-custom-wire-rope","12":"product_tag-high-strength-wire-rope","13":"product_tag-industrial-wire-rope","14":"product_tag-lifting-wire-rope","15":"product_tag-marine-wire-rope","16":"product_tag-safety-cable","17":"product_tag-stainless-steel-wire-rope","18":"product_tag-steel-cable","19":"product_tag-wire-rope-construction","20":"product_tag-wire-rope-manufacturer","21":"product_tag-wire-rope-supplier","22":"desktop-align-left","23":"tablet-align-left","24":"mobile-align-left","25":"ast-product-gallery-layout-horizontal-slider","26":"ast-product-tabs-layout-horizontal","28":"first","29":"instock","30":"shipping-taxable","31":"product-type-simple"},"_links":{"self":[{"href":"https:\/\/www.precisionwirerope.com\/es\/wp-json\/wp\/v2\/product\/1488","targetHints":{"allow":["GET"]}}],"collection":[{"href":"https:\/\/www.precisionwirerope.com\/es\/wp-json\/wp\/v2\/product"}],"about":[{"href":"https:\/\/www.precisionwirerope.com\/es\/wp-json\/wp\/v2\/types\/product"}],"replies":[{"embeddable":true,"href":"https:\/\/www.precisionwirerope.com\/es\/wp-json\/wp\/v2\/comments?post=1488"}],"wp:featuredmedia":[{"embeddable":true,"href":"https:\/\/www.precisionwirerope.com\/es\/wp-json\/wp\/v2\/media\/1489"}],"wp:attachment":[{"href":"https:\/\/www.precisionwirerope.com\/es\/wp-json\/wp\/v2\/media?parent=1488"}],"wp:term":[{"taxonomy":"product_brand","embeddable":true,"href":"https:\/\/www.precisionwirerope.com\/es\/wp-json\/wp\/v2\/product_brand?post=1488"},{"taxonomy":"product_cat","embeddable":true,"href":"https:\/\/www.precisionwirerope.com\/es\/wp-json\/wp\/v2\/product_cat?post=1488"},{"taxonomy":"product_tag","embeddable":true,"href":"https:\/\/www.precisionwirerope.com\/es\/wp-json\/wp\/v2\/product_tag?post=1488"}],"curies":[{"name":"wp","href":"https:\/\/api.w.org\/{rel}","templated":true}]}}