{"id":1484,"date":"2026-03-22T02:16:35","date_gmt":"2026-03-22T02:16:35","guid":{"rendered":"https:\/\/www.precisionwirerope.com\/?post_type=product&#038;p=1484"},"modified":"2026-03-22T02:32:48","modified_gmt":"2026-03-22T02:32:48","slug":"galvanized-steel-wire-rope-manufacturer-high-strength-corrosion-resistant-wire-rope","status":"publish","type":"product","link":"https:\/\/www.precisionwirerope.com\/es\/product\/galvanized-steel-wire-rope-manufacturer-high-strength-corrosion-resistant-wire-rope\/","title":{"rendered":"Fabricante de Cable de Acero Galvanizado | Cable de Alta Resistencia y Resistente a la Corrosi\u00f3n"},"content":{"rendered":"<p data-start=\"191\" data-end=\"493\">El cable de acero galvanizado se produce aplicando un recubrimiento protector de zinc a alambre de acero de alta calidad a trav\u00e9s de procesos de electro-galvanizado o galvanizado en caliente. La capa de zinc proporciona una excelente resistencia a la corrosi\u00f3n, extendiendo significativamente la vida \u00fatil del cable en entornos dif\u00edciles.<\/p>\n<p data-start=\"495\" data-end=\"684\">En Precision Wire Rope, suministramos una amplia gama de cables de alambre galvanizado dise\u00f1ados para la resistencia, durabilidad y rendimiento confiable en aplicaciones industriales, marinas y de construcci\u00f3n.<\/p>\n<h2 data-section-id=\"1lut59q\" data-start=\"691\" data-end=\"719\"><span role=\"text\"><strong data-start=\"694\" data-end=\"719\">Estructura y Materiales<\/strong><\/span><\/h2>\n<h3 data-section-id=\"jyvvzq\" data-start=\"721\" data-end=\"739\"><span role=\"text\"><strong data-start=\"725\" data-end=\"739\">Tipos de N\u00facleo<\/strong><\/span><\/h3>\n<ul data-start=\"740\" data-end=\"967\">\n<li data-section-id=\"1r7s64y\" data-start=\"740\" data-end=\"809\"><strong data-start=\"742\" data-end=\"761\">N\u00facleo de Fibra (FC)<\/strong> \u2013 flexible, adecuado para aplicaciones generales<\/li>\n<li data-section-id=\"14dylu4\" data-start=\"810\" data-end=\"887\"><strong data-start=\"812\" data-end=\"849\">N\u00facleo de Cable de Alambre Independiente (IWRC)<\/strong> \u2013 mayor resistencia y capacidad de carga<\/li>\n<li data-section-id=\"6wwgba\" data-start=\"888\" data-end=\"967\"><strong data-start=\"890\" data-end=\"917\">N\u00facleo de Polipropileno (PP)<\/strong> \u2013 mejor resistencia a la humedad y a la corrosi\u00f3n<\/li>\n<\/ul>\n<h3 data-section-id=\"8bzjbh\" data-start=\"974\" data-end=\"999\"><span role=\"text\"><strong data-start=\"978\" data-end=\"999\">Tipos de Galvanizado<\/strong><\/span><\/h3>\n<ul data-start=\"1000\" data-end=\"1157\">\n<li data-section-id=\"ucwl68\" data-start=\"1000\" data-end=\"1076\"><strong data-start=\"1002\" data-end=\"1024\">Electro-Galvanizado<\/strong> \u2013 superficie lisa, recubrimiento uniforme, rentable<\/li>\n<li data-section-id=\"1lmfcxi\" data-start=\"1077\" data-end=\"1157\"><strong data-start=\"1079\" data-end=\"1101\">Galvanizado en Caliente<\/strong> \u2013 recubrimiento de zinc m\u00e1s grueso, superior resistencia a la corrosi\u00f3n<\/li>\n<\/ul>\n<h3 data-section-id=\"3hc9yf\" data-start=\"1164\" data-end=\"1191\"><span role=\"text\"><strong data-start=\"1168\" data-end=\"1191\">Grados de Recubrimiento de Zinc<\/strong><\/span><\/h3>\n<ul data-start=\"1192\" data-end=\"1359\">\n<li data-section-id=\"61tcd\" data-start=\"1192\" data-end=\"1233\">Recubrimiento ligero \u2013 para entornos suaves<\/li>\n<li data-section-id=\"1hx6bct\" data-start=\"1234\" data-end=\"1288\">Recubrimiento medio \u2013 para condiciones de corrosi\u00f3n moderada<\/li>\n<li data-section-id=\"15fq2vp\" data-start=\"1289\" data-end=\"1359\">Recubrimiento pesado \u2013 para entornos severos (marinos, en alta mar, miner\u00eda)<\/li>\n<\/ul>\n<h3 data-section-id=\"1qyaowq\" data-start=\"1366\" data-end=\"1400\"><span role=\"text\"><strong data-start=\"1370\" data-end=\"1400\">Construcciones de Cuerda T\u00edpicas<\/strong><\/span><\/h3>\n<ul data-start=\"1401\" data-end=\"1476\">\n<li data-section-id=\"1d8ze2j\" data-start=\"1401\" data-end=\"1414\">1\u00d77, 1\u00d719<\/li>\n<li data-section-id=\"1ceibga\" data-start=\"1415\" data-end=\"1441\">6\u00d77, 6\u00d719, 6\u00d719 + IWRC<\/li>\n<li data-section-id=\"1gi7oer\" data-start=\"1442\" data-end=\"1461\">7\u00d77, 7\u00d719, 7\u00d737<\/li>\n<li data-section-id=\"196kycp\" data-start=\"1462\" data-end=\"1476\">6\u00d736, 6W19<\/li>\n<\/ul>\n<h3 data-section-id=\"w9aop\" data-start=\"1483\" data-end=\"1500\"><span role=\"text\"><strong data-start=\"1487\" data-end=\"1500\">Tipos de Trenzado<\/strong><\/span><\/h3>\n<ul data-start=\"1501\" data-end=\"1583\">\n<li data-section-id=\"a6ftli\" data-start=\"1501\" data-end=\"1530\">Trenzado Regular (RHRL \/ LHRL)<\/li>\n<li data-section-id=\"hxog5k\" data-start=\"1531\" data-end=\"1557\">Trenzado Lang (RHLL \/ LHLL)<\/li>\n<li data-section-id=\"po698e\" data-start=\"1558\" data-end=\"1583\">Trenzado Alterno \/ Mixto<\/li>\n<\/ul>\n<h2 data-section-id=\"id1bjs\" data-start=\"1590\" data-end=\"1621\"><span role=\"text\"><strong data-start=\"1593\" data-end=\"1621\">Especificaciones T\u00e9cnicas<\/strong><\/span><\/h2>\n<div class=\"TyagGW_tableContainer\">\n<div class=\"group TyagGW_tableWrapper flex flex-col-reverse w-fit\" tabindex=\"-1\">\n<table class=\"w-fit min-w-(--thread-content-width)\" data-start=\"1623\" data-end=\"2384\">\n<thead data-start=\"1623\" data-end=\"1732\">\n<tr data-start=\"1623\" data-end=\"1732\">\n<th class=\"\" data-start=\"1623\" data-end=\"1644\" data-col-size=\"sm\">Di\u00e1metro de la Cuerda (mm)<\/th>\n<th class=\"\" data-start=\"1644\" data-end=\"1659\" data-col-size=\"sm\">Construcci\u00f3n<\/th>\n<th class=\"\" data-start=\"1659\" data-end=\"1671\" data-col-size=\"sm\">Tipo de N\u00facleo<\/th>\n<th class=\"\" data-start=\"1671\" data-end=\"1681\" data-col-size=\"sm\">Superficie<\/th>\n<th class=\"\" data-start=\"1681\" data-end=\"1706\" data-col-size=\"sm\">Resistencia a la Tracci\u00f3n (MPa)<\/th>\n<th class=\"\" data-start=\"1706\" data-end=\"1732\" data-col-size=\"sm\">Resistencia a la Rotura (kN)<\/th>\n<\/tr>\n<\/thead>\n<tbody data-start=\"1840\" data-end=\"2384\">\n<tr data-start=\"1840\" data-end=\"1948\">\n<td data-start=\"1840\" data-end=\"1861\" data-col-size=\"sm\">1.0 \u2013 2.0<\/td>\n<td data-col-size=\"sm\" data-start=\"1861\" data-end=\"1874\">1\u00d77 \/ 1\u00d719<\/td>\n<td data-col-size=\"sm\" data-start=\"1874\" data-end=\"1885\">Acero<\/td>\n<td data-col-size=\"sm\" data-start=\"1885\" data-end=\"1898\">Galvanizado<\/td>\n<td data-col-size=\"sm\" data-start=\"1898\" data-end=\"1922\">1570 \u2013 1770<\/td>\n<td data-col-size=\"sm\" data-start=\"1922\" data-end=\"1948\">0.8 \u2013 3.0<\/td>\n<\/tr>\n<tr data-start=\"1949\" data-end=\"2057\">\n<td data-start=\"1949\" data-end=\"1970\" data-col-size=\"sm\">2.0 \u2013 4.0<\/td>\n<td data-col-size=\"sm\" data-start=\"1970\" data-end=\"1983\">7\u00d77<\/td>\n<td data-col-size=\"sm\" data-start=\"1983\" data-end=\"1994\">FC \/ IWRC<\/td>\n<td data-col-size=\"sm\" data-start=\"1994\" data-end=\"2007\">Galvanizado<\/td>\n<td data-col-size=\"sm\" data-start=\"2007\" data-end=\"2031\">1570 \u2013 1960<\/td>\n<td data-col-size=\"sm\" data-start=\"2031\" data-end=\"2057\">3.0 \u2013 12.0<\/td>\n<\/tr>\n<tr data-start=\"2058\" data-end=\"2166\">\n<td data-start=\"2058\" data-end=\"2079\" data-col-size=\"sm\">3.0 \u2013 6.0<\/td>\n<td data-col-size=\"sm\" data-start=\"2079\" data-end=\"2092\">7\u00d719<\/td>\n<td data-col-size=\"sm\" data-start=\"2092\" data-end=\"2103\">FC \/ IWRC<\/td>\n<td data-col-size=\"sm\" data-start=\"2103\" data-end=\"2116\">Galvanizado<\/td>\n<td data-col-size=\"sm\" data-start=\"2116\" data-end=\"2140\">1570 \u2013 1960<\/td>\n<td data-col-size=\"sm\" data-start=\"2140\" data-end=\"2166\">10.0 \u2013 30.0<\/td>\n<\/tr>\n<tr data-start=\"2167\" data-end=\"2275\">\n<td data-start=\"2167\" data-end=\"2188\" data-col-size=\"sm\">6.0 \u2013 10.0<\/td>\n<td data-col-size=\"sm\" data-start=\"2188\" data-end=\"2201\">6\u00d719<\/td>\n<td data-col-size=\"sm\" data-start=\"2201\" data-end=\"2212\">IWRC<\/td>\n<td data-col-size=\"sm\" data-start=\"2212\" data-end=\"2225\">Galvanizado<\/td>\n<td data-col-size=\"sm\" data-start=\"2225\" data-end=\"2249\">1770 \u2013 2160<\/td>\n<td data-col-size=\"sm\" data-start=\"2249\" data-end=\"2275\">25.0 \u2013 80.0<\/td>\n<\/tr>\n<tr data-start=\"2276\" data-end=\"2384\">\n<td data-start=\"2276\" data-end=\"2297\" data-col-size=\"sm\">10.0 \u2013 20.0<\/td>\n<td data-start=\"2297\" data-end=\"2310\" data-col-size=\"sm\">6\u00d736<\/td>\n<td data-start=\"2310\" data-end=\"2321\" data-col-size=\"sm\">IWRC<\/td>\n<td data-start=\"2321\" data-end=\"2334\" data-col-size=\"sm\">Galvanizado<\/td>\n<td data-start=\"2334\" data-end=\"2358\" data-col-size=\"sm\">1770 \u2013 2160<\/td>\n<td data-start=\"2358\" data-end=\"2384\" data-col-size=\"sm\">80.0 \u2013 200.0<\/td>\n<\/tr>\n<\/tbody>\n<\/table>\n<\/div>\n<\/div>\n<blockquote data-start=\"2386\" data-end=\"2488\">\n<p data-start=\"2388\" data-end=\"2488\"><em data-start=\"2388\" data-end=\"2488\">Nota: Las especificaciones se pueden personalizar seg\u00fan el di\u00e1metro, la construcci\u00f3n y los requisitos de resistencia.<\/em><\/p>\n<\/blockquote>\n<h2 data-section-id=\"1j5qwet\" data-start=\"2495\" data-end=\"2514\"><span role=\"text\"><strong data-start=\"2498\" data-end=\"2514\">Caracter\u00edsticas clave<\/strong><\/span><\/h2>\n<h3 data-section-id=\"18xz1q1\" data-start=\"2516\" data-end=\"2556\"><span role=\"text\"><strong data-start=\"2520\" data-end=\"2554\">Excelente resistencia a la corrosi\u00f3n<\/strong><\/span><\/h3>\n<p data-start=\"2557\" data-end=\"2690\">El recubrimiento de zinc protege el acero de la humedad, productos qu\u00edmicos y exposici\u00f3n ambiental, lo que lo hace ideal para uso en exteriores y marino.<\/p>\n<h3 data-section-id=\"1xy76dm\" data-start=\"2692\" data-end=\"2728\"><span role=\"text\"><strong data-start=\"2696\" data-end=\"2726\">Alta resistencia y durabilidad<\/strong><\/span><\/h3>\n<p data-start=\"2729\" data-end=\"2855\">Fabricado con acero de alta calidad con tratamiento t\u00e9rmico controlado para garantizar una resistencia a la tracci\u00f3n superior y una larga vida \u00fatil.<\/p>\n<h3 data-section-id=\"1ku1gz7\" data-start=\"2857\" data-end=\"2886\"><span role=\"text\"><strong data-start=\"2861\" data-end=\"2884\">Dimensiones precisas<\/strong><\/span><\/h3>\n<p data-start=\"2887\" data-end=\"3001\">La fabricaci\u00f3n de precisi\u00f3n garantiza una tolerancia de di\u00e1metro ajustada (hasta \u00b10.05 mm), mejorando la compatibilidad con el equipo.<\/p>\n<h3 data-section-id=\"ra3ud0\" data-start=\"3003\" data-end=\"3036\"><span role=\"text\"><strong data-start=\"3007\" data-end=\"3034\">Soluci\u00f3n rentable<\/strong><\/span><\/h3>\n<p data-start=\"3037\" data-end=\"3147\">En comparaci\u00f3n con el cable de acero inoxidable, el cable de acero galvanizado ofrece un equilibrio entre rendimiento y asequibilidad.<\/p>\n<h2 data-section-id=\"13c523q\" data-start=\"3154\" data-end=\"3180\"><span role=\"text\"><strong data-start=\"3157\" data-end=\"3180\">Normas y calidad<\/strong><\/span><\/h2>\n<p data-start=\"3182\" data-end=\"3277\">Nuestros cables de acero galvanizado se producen de acuerdo con normas internacionales, incluyendo:<\/p>\n<ul data-start=\"3278\" data-end=\"3332\">\n<li data-section-id=\"1bu1c4s\" data-start=\"3278\" data-end=\"3292\">GB\/T 20118<\/li>\n<li data-section-id=\"169dxum\" data-start=\"3293\" data-end=\"3306\">GB\/T 8918<\/li>\n<li data-section-id=\"1i0nmy4\" data-start=\"3307\" data-end=\"3332\">JIS G3525 \/ JIS H0401<\/li>\n<\/ul>\n<p data-start=\"3334\" data-end=\"3427\">Todos los productos pasan por una estricta inspecci\u00f3n para garantizar la integridad del recubrimiento, la resistencia y la durabilidad.<\/p>\n<h2 data-section-id=\"k0zlak\" data-start=\"3434\" data-end=\"3453\"><span role=\"text\"><strong data-start=\"3437\" data-end=\"3453\">Aplicaciones<\/strong><\/span><\/h2>\n<ul data-start=\"3455\" data-end=\"3654\">\n<li data-section-id=\"k89z7d\" data-start=\"3455\" data-end=\"3490\">Construcci\u00f3n e infraestructura<\/li>\n<li data-section-id=\"1v729p7\" data-start=\"3491\" data-end=\"3526\">Operaciones de elevaci\u00f3n y izado<\/li>\n<li data-section-id=\"pym0ka\" data-start=\"3527\" data-end=\"3563\">Aplicaciones marinas y en alta mar<\/li>\n<li data-section-id=\"1ct221c\" data-start=\"3564\" data-end=\"3589\">Exploraci\u00f3n de petr\u00f3leo y gas<\/li>\n<li data-section-id=\"4ocv1n\" data-start=\"3590\" data-end=\"3614\">Pesca y arrastre<\/li>\n<li data-section-id=\"1gksk7t\" data-start=\"3615\" data-end=\"3654\">Sistemas de transporte y aseguramiento<\/li>\n<\/ul>\n<h2 data-section-id=\"kxvv1q\" data-start=\"3661\" data-end=\"3694\"><span role=\"text\"><strong data-start=\"3664\" data-end=\"3694\">Capacidades de personalizaci\u00f3n<\/strong><\/span><\/h2>\n<p data-start=\"3696\" data-end=\"3755\">Proporcionamos soluciones personalizadas seg\u00fan sus requisitos:<\/p>\n<ul data-start=\"3756\" data-end=\"3915\">\n<li data-section-id=\"neki49\" data-start=\"3756\" data-end=\"3785\">Di\u00e1metro y construcci\u00f3n<\/li>\n<li data-section-id=\"9j1apl\" data-start=\"3786\" data-end=\"3812\">Grosor del recubrimiento de zinc<\/li>\n<li data-section-id=\"1jgg1a8\" data-start=\"3813\" data-end=\"3841\">Tipo de n\u00facleo (FC, IWRC, PP)<\/li>\n<li data-section-id=\"4d5fwm\" data-start=\"3842\" data-end=\"3877\">Tipo de trenzado (regular, lang, mixto)<\/li>\n<li data-section-id=\"157b2r9\" data-start=\"3878\" data-end=\"3915\">Acabado de superficie y grado de resistencia<\/li>\n<\/ul>\n<h2 data-section-id=\"1drsmsf\" data-start=\"3922\" data-end=\"3954\"><span role=\"text\"><strong data-start=\"3925\" data-end=\"3954\">Control de Calidad y Pruebas<\/strong><\/span><\/h2>\n<p data-start=\"3956\" data-end=\"4004\">Cada cable de acero galvanizado se prueba para garantizar:<\/p>\n<ul data-start=\"4005\" data-end=\"4145\">\n<li data-section-id=\"i9leeb\" data-start=\"4005\" data-end=\"4047\">Recubrimiento de zinc uniforme y firmemente adherido<\/li>\n<li data-section-id=\"1hmm5n9\" data-start=\"4048\" data-end=\"4099\">Sin agrietamiento ni pelado bajo condiciones de flexi\u00f3n<\/li>\n<li data-section-id=\"bye72l\" data-start=\"4100\" data-end=\"4145\">Rendimiento de resistencia a la corrosi\u00f3n verificado<\/li>\n<\/ul>\n<h2 data-section-id=\"i5yrmq\" data-start=\"4152\" data-end=\"4177\"><span role=\"text\"><strong data-start=\"4155\" data-end=\"4177\">Entrega y servicio<\/strong><\/span><\/h2>\n<ul data-start=\"4179\" data-end=\"4312\">\n<li data-section-id=\"1jszyqb\" data-start=\"4179\" data-end=\"4223\">Productos est\u00e1ndar: <strong data-start=\"4200\" data-end=\"4221\">Entrega de 1 a 3 d\u00edas<\/strong><\/li>\n<li data-section-id=\"1h0ln2x\" data-start=\"4224\" data-end=\"4261\">Producci\u00f3n personalizada: <strong data-start=\"4245\" data-end=\"4259\">15 a 30 d\u00edas<\/strong><\/li>\n<li data-section-id=\"1i5g750\" data-start=\"4262\" data-end=\"4312\">Cotizaci\u00f3n r\u00e1pida y soporte t\u00e9cnico disponible<\/li>\n<\/ul>\n<h2 data-section-id=\"elc90z\" data-start=\"4319\" data-end=\"4329\"><span role=\"text\"><strong data-start=\"4322\" data-end=\"4329\">Preguntas frecuentes<\/strong><\/span><\/h2>\n<p data-start=\"4331\" data-end=\"4560\"><strong data-start=\"4331\" data-end=\"4422\">P1: \u00bfCu\u00e1l es la diferencia entre el cable de acero galvanizado electro y el galvanizado en caliente?<\/strong><br data-start=\"4422\" data-end=\"4425\" \/>El cable de acero galvanizado electro tiene una superficie m\u00e1s suave, mientras que el galvanizado en caliente proporciona un recubrimiento m\u00e1s grueso y mejor resistencia a la corrosi\u00f3n.<\/p>\n<p data-start=\"4562\" data-end=\"4709\"><strong data-start=\"4562\" data-end=\"4627\">P2: \u00bfEs adecuado el cable de acero galvanizado para entornos marinos?<\/strong><br data-start=\"4627\" data-end=\"4630\" \/>S\u00ed, especialmente se recomiendan los tipos con recubrimiento de zinc pesado o galvanizado en caliente.<\/p>\n<p data-start=\"4711\" data-end=\"4842\"><strong data-start=\"4711\" data-end=\"4767\">P3: \u00bfPuedo personalizar la estructura y la resistencia del cable?<\/strong><br data-start=\"4767\" data-end=\"4770\" \/>S\u00ed, ofrecemos personalizaci\u00f3n completa seg\u00fan los requisitos de su aplicaci\u00f3n.<\/p>\n<h2 data-section-id=\"sr9zaj\" data-start=\"4849\" data-end=\"4911\"><span role=\"text\"><strong data-start=\"4852\" data-end=\"4909\">\u00bfBuscando un proveedor confiable de cables de acero galvanizado?<\/strong><\/span><\/h2>\n<p data-start=\"4912\" data-end=\"5028\">Cont\u00e1ctenos hoy para obtener productos de alta calidad, precios competitivos y soluciones personalizadas adaptadas a sus necesidades.<\/p>","protected":false},"excerpt":{"rendered":"<p>El cable de acero galvanizado se produce aplicando un recubrimiento protector de zinc a alambre de acero de alta calidad a trav\u00e9s de procesos de electro-galvanizado o galvanizado en caliente. La capa de zinc proporciona una excelente resistencia a la corrosi\u00f3n, extendiendo significativamente la vida \u00fatil del cable en entornos dif\u00edciles.<\/p>","protected":false},"featured_media":1485,"comment_status":"open","ping_status":"closed","template":"","meta":{"site-sidebar-layout":"default","site-content-layout":"","ast-site-content-layout":"default","site-content-style":"default","site-sidebar-style":"default","ast-global-header-display":"","ast-banner-title-visibility":"","ast-main-header-display":"","ast-hfb-above-header-display":"","ast-hfb-below-header-display":"","ast-hfb-mobile-header-display":"","site-post-title":"","ast-breadcrumbs-content":"","ast-featured-img":"","footer-sml-layout":"","ast-disable-related-posts":"","theme-transparent-header-meta":"default","adv-header-id-meta":"","stick-header-meta":"default","header-above-stick-meta":"","header-main-stick-meta":"","header-below-stick-meta":"","astra-migrate-meta-layouts":"set","ast-page-background-enabled":"default","ast-page-background-meta":{"desktop":{"background-color":"var(--ast-global-color-4)","background-image":"","background-repeat":"repeat","background-position":"center center","background-size":"auto","background-attachment":"scroll","background-type":"","background-media":"","overlay-type":"","overlay-color":"","overlay-opacity":"","overlay-gradient":""},"tablet":{"background-color":"","background-image":"","background-repeat":"repeat","background-position":"center center","background-size":"auto","background-attachment":"scroll","background-type":"","background-media":"","overlay-type":"","overlay-color":"","overlay-opacity":"","overlay-gradient":""},"mobile":{"background-color":"","background-image":"","background-repeat":"repeat","background-position":"center center","background-size":"auto","background-attachment":"scroll","background-type":"","background-media":"","overlay-type":"","overlay-color":"","overlay-opacity":"","overlay-gradient":""}},"ast-content-background-meta":{"desktop":{"background-color":"var(--ast-global-color-5)","background-image":"","background-repeat":"repeat","background-position":"center center","background-size":"auto","background-attachment":"scroll","background-type":"","background-media":"","overlay-type":"","overlay-color":"","overlay-opacity":"","overlay-gradient":""},"tablet":{"background-color":"var(--ast-global-color-5)","background-image":"","background-repeat":"repeat","background-position":"center center","background-size":"auto","background-attachment":"scroll","background-type":"","background-media":"","overlay-type":"","overlay-color":"","overlay-opacity":"","overlay-gradient":""},"mobile":{"background-color":"var(--ast-global-color-5)","background-image":"","background-repeat":"repeat","background-position":"center center","background-size":"auto","background-attachment":"scroll","background-type":"","background-media":"","overlay-type":"","overlay-color":"","overlay-opacity":"","overlay-gradient":""}}},"product_brand":[],"product_cat":[16],"product_tag":[33,45,28,42,40,43,41,32,49,44,35,47,48,27,46],"class_list":{"0":"post-1484","1":"product","2":"type-product","3":"status-publish","4":"has-post-thumbnail","6":"product_cat-wire-rope","7":"product_tag-corrosion-resistant-wire-rope","8":"product_tag-crane-wire-rope","9":"product_tag-custom-wire-rope","10":"product_tag-electro-galvanized-wire-rope","11":"product_tag-galvanized-steel-wire-rope","12":"product_tag-high-strength-wire-rope","13":"product_tag-hot-dip-galvanized-wire-rope","14":"product_tag-industrial-wire-rope","15":"product_tag-iwrc-wire-rope","16":"product_tag-lifting-wire-rope","17":"product_tag-marine-wire-rope","18":"product_tag-steel-cable","19":"product_tag-wire-rope-construction","20":"product_tag-wire-rope-manufacturer","21":"product_tag-wire-rope-supplier","22":"desktop-align-left","23":"tablet-align-left","24":"mobile-align-left","25":"ast-product-gallery-layout-horizontal-slider","26":"ast-product-tabs-layout-horizontal","28":"first","29":"instock","30":"shipping-taxable","31":"product-type-simple"},"_links":{"self":[{"href":"https:\/\/www.precisionwirerope.com\/es\/wp-json\/wp\/v2\/product\/1484","targetHints":{"allow":["GET"]}}],"collection":[{"href":"https:\/\/www.precisionwirerope.com\/es\/wp-json\/wp\/v2\/product"}],"about":[{"href":"https:\/\/www.precisionwirerope.com\/es\/wp-json\/wp\/v2\/types\/product"}],"replies":[{"embeddable":true,"href":"https:\/\/www.precisionwirerope.com\/es\/wp-json\/wp\/v2\/comments?post=1484"}],"wp:featuredmedia":[{"embeddable":true,"href":"https:\/\/www.precisionwirerope.com\/es\/wp-json\/wp\/v2\/media\/1485"}],"wp:attachment":[{"href":"https:\/\/www.precisionwirerope.com\/es\/wp-json\/wp\/v2\/media?parent=1484"}],"wp:term":[{"taxonomy":"product_brand","embeddable":true,"href":"https:\/\/www.precisionwirerope.com\/es\/wp-json\/wp\/v2\/product_brand?post=1484"},{"taxonomy":"product_cat","embeddable":true,"href":"https:\/\/www.precisionwirerope.com\/es\/wp-json\/wp\/v2\/product_cat?post=1484"},{"taxonomy":"product_tag","embeddable":true,"href":"https:\/\/www.precisionwirerope.com\/es\/wp-json\/wp\/v2\/product_tag?post=1484"}],"curies":[{"name":"wp","href":"https:\/\/api.w.org\/{rel}","templated":true}]}}