{"id":594,"date":"2026-03-18T06:08:29","date_gmt":"2026-03-18T06:08:29","guid":{"rendered":"https:\/\/www.precisionwirerope.com\/about-us\/"},"modified":"2026-05-10T09:12:19","modified_gmt":"2026-05-10T09:12:19","slug":"about-us","status":"publish","type":"page","link":"https:\/\/www.precisionwirerope.com\/es\/about-us\/","title":{"rendered":"Sobre Nosotros"},"content":{"rendered":"<div data-elementor-type=\"wp-page\" data-elementor-id=\"594\" class=\"elementor elementor-594\" data-elementor-post-type=\"page\">\n\t\t\t\t<div class=\"elementor-element elementor-element-071f7e0 e-flex e-con-boxed e-con e-parent\" data-id=\"071f7e0\" data-element_type=\"container\" data-e-type=\"container\" data-settings=\"{&quot;background_background&quot;:&quot;classic&quot;}\">\n\t\t\t\t\t<div class=\"e-con-inner\">\n\t\t\t\t<div class=\"elementor-element elementor-element-2c6f4b1 elementor-widget elementor-widget-image-box\" data-id=\"2c6f4b1\" data-element_type=\"widget\" data-e-type=\"widget\" data-widget_type=\"image-box.default\">\n\t\t\t\t<div class=\"elementor-widget-container\">\n\t\t\t\t\t<div class=\"elementor-image-box-wrapper\"><div class=\"elementor-image-box-content\"><h1 class=\"elementor-image-box-title\">Sobre Nosotros<\/h1><p class=\"elementor-image-box-description\">Bienvenido a Precision Wire Rope, donde la experiencia en ingenier\u00eda se encuentra con un rendimiento confiable. Nos especializamos en ofrecer soluciones de cables de acero de alta calidad dise\u00f1adas para satisfacer las exigentes necesidades de las industrias modernas. Con un fuerte enfoque en la precisi\u00f3n, durabilidad y consistencia, ayudamos a nuestros clientes a lograr operaciones seguras y eficientes.<\/p><\/div><\/div>\t\t\t\t<\/div>\n\t\t\t\t<\/div>\n\t\t\t\t\t<\/div>\n\t\t\t\t<\/div>\n\t\t<div class=\"elementor-element elementor-element-8bceba8 e-flex e-con-boxed e-con e-parent\" data-id=\"8bceba8\" data-element_type=\"container\" data-e-type=\"container\" data-settings=\"{&quot;background_background&quot;:&quot;classic&quot;}\">\n\t\t\t\t\t<div class=\"e-con-inner\">\n\t\t\t\t<div class=\"elementor-element elementor-element-c2477d7 elementor-widget elementor-widget-image-box\" data-id=\"c2477d7\" data-element_type=\"widget\" data-e-type=\"widget\" data-widget_type=\"image-box.default\">\n\t\t\t\t<div class=\"elementor-widget-container\">\n\t\t\t\t\t<div class=\"elementor-image-box-wrapper\"><div class=\"elementor-image-box-content\"><h2 class=\"elementor-image-box-title\">Qui\u00e9nes somos<\/h2><p class=\"elementor-image-box-description\">Precision Wire Rope es un fabricante y proveedor de confianza de cables de acero industriales y soluciones relacionadas. Respaldados por capacidades de producci\u00f3n avanzadas y un estricto control de calidad, servimos a clientes en todo el mundo en una amplia gama de industrias, proporcionando productos que funcionan de manera confiable en aplicaciones cr\u00edticas.<\/p><\/div><\/div>\t\t\t\t<\/div>\n\t\t\t\t<\/div>\n\t\t\t\t<div class=\"elementor-element elementor-element-ed7f4b4 elementor-widget elementor-widget-image\" data-id=\"ed7f4b4\" data-element_type=\"widget\" data-e-type=\"widget\" data-widget_type=\"image.default\">\n\t\t\t\t<div class=\"elementor-widget-container\">\n\t\t\t\t\t\t\t\t\t\t\t\t\t\t\t<img fetchpriority=\"high\" decoding=\"async\" width=\"1024\" height=\"532\" src=\"https:\/\/www.precisionwirerope.com\/wp-content\/uploads\/2026\/05\/wire-rope-1024x532.png\" class=\"attachment-large size-large wp-image-1560\" alt=\"\" srcset=\"https:\/\/www.precisionwirerope.com\/wp-content\/uploads\/2026\/05\/wire-rope-1024x532.png 1024w, https:\/\/www.precisionwirerope.com\/wp-content\/uploads\/2026\/05\/wire-rope-300x156.png 300w, https:\/\/www.precisionwirerope.com\/wp-content\/uploads\/2026\/05\/wire-rope-768x399.png 768w, https:\/\/www.precisionwirerope.com\/wp-content\/uploads\/2026\/05\/wire-rope-1536x798.png 1536w, https:\/\/www.precisionwirerope.com\/wp-content\/uploads\/2026\/05\/wire-rope-600x312.png 600w, https:\/\/www.precisionwirerope.com\/wp-content\/uploads\/2026\/05\/wire-rope.png 1739w\" sizes=\"(max-width: 1024px) 100vw, 1024px\" \/>\t\t\t\t\t\t\t\t\t\t\t\t\t\t\t<\/div>\n\t\t\t\t<\/div>\n\t\t\t\t\t<\/div>\n\t\t\t\t<\/div>\n\t\t<div class=\"elementor-element elementor-element-c1878d7 e-flex e-con-boxed e-con e-parent\" data-id=\"c1878d7\" data-element_type=\"container\" data-e-type=\"container\" data-settings=\"{&quot;background_background&quot;:&quot;classic&quot;}\">\n\t\t\t\t\t<div class=\"e-con-inner\">\n\t\t\t\t<div class=\"elementor-element elementor-element-fc0abf1 elementor-widget elementor-widget-image-box\" data-id=\"fc0abf1\" data-element_type=\"widget\" data-e-type=\"widget\" data-widget_type=\"image-box.default\">\n\t\t\t\t<div class=\"elementor-widget-container\">\n\t\t\t\t\t<div class=\"elementor-image-box-wrapper\"><div class=\"elementor-image-box-content\"><h2 class=\"elementor-image-box-title\">Fortalezas clave<\/h2><p class=\"elementor-image-box-description\">Con instalaciones de fabricaci\u00f3n modernas y un equipo t\u00e9cnico calificado, estamos comprometidos a ofrecer productos que cumplan con los est\u00e1ndares internacionales. Nuestra fortaleza radica en la ingenier\u00eda de precisi\u00f3n, la personalizaci\u00f3n flexible y la mejora continua para garantizar un valor a largo plazo para nuestros clientes.<\/p><\/div><\/div>\t\t\t\t<\/div>\n\t\t\t\t<\/div>\n\t\t<div class=\"elementor-element elementor-element-76fbaff e-con-full e-flex e-con e-child\" data-id=\"76fbaff\" data-element_type=\"container\" data-e-type=\"container\">\n\t\t<div class=\"elementor-element elementor-element-6ee184d e-con-full e-flex e-con e-child\" data-id=\"6ee184d\" data-element_type=\"container\" data-e-type=\"container\">\n\t\t\t\t<div class=\"elementor-element elementor-element-fb5e25c elementor-widget elementor-widget-image-box\" data-id=\"fb5e25c\" data-element_type=\"widget\" data-e-type=\"widget\" data-widget_type=\"image-box.default\">\n\t\t\t\t<div class=\"elementor-widget-container\">\n\t\t\t\t\t<div class=\"elementor-image-box-wrapper\"><div class=\"elementor-image-box-content\"><h3 class=\"elementor-image-box-title\">Confiable<\/h3><p class=\"elementor-image-box-description\">Ofrecemos una calidad constante en la que puede confiar. Cada producto se fabrica y prueba para garantizar estabilidad, seguridad y una larga vida \u00fatil en entornos exigentes.<\/p><\/div><\/div>\t\t\t\t<\/div>\n\t\t\t\t<\/div>\n\t\t\t\t<\/div>\n\t\t<div class=\"elementor-element elementor-element-a8ac873 e-con-full e-flex e-con e-child\" data-id=\"a8ac873\" data-element_type=\"container\" data-e-type=\"container\">\n\t\t\t\t<div class=\"elementor-element elementor-element-e139aa5 elementor-widget elementor-widget-image-box\" data-id=\"e139aa5\" data-element_type=\"widget\" data-e-type=\"widget\" data-widget_type=\"image-box.default\">\n\t\t\t\t<div class=\"elementor-widget-container\">\n\t\t\t\t\t<div class=\"elementor-image-box-wrapper\"><div class=\"elementor-image-box-content\"><h3 class=\"elementor-image-box-title\">Profesional<\/h3><p class=\"elementor-image-box-description\">Nuestro equipo experimentado sigue estrictos est\u00e1ndares de la industria y procesos de producci\u00f3n, asegurando que cada cable de acero est\u00e9 dise\u00f1ado con precisi\u00f3n y atenci\u00f3n al detalle.<\/p><\/div><\/div>\t\t\t\t<\/div>\n\t\t\t\t<\/div>\n\t\t\t\t<\/div>\n\t\t<div class=\"elementor-element elementor-element-3c8ddf9 e-con-full e-flex e-con e-child\" data-id=\"3c8ddf9\" data-element_type=\"container\" data-e-type=\"container\">\n\t\t\t\t<div class=\"elementor-element elementor-element-963cdb9 elementor-widget elementor-widget-image-box\" data-id=\"963cdb9\" data-element_type=\"widget\" data-e-type=\"widget\" data-widget_type=\"image-box.default\">\n\t\t\t\t<div class=\"elementor-widget-container\">\n\t\t\t\t\t<div class=\"elementor-image-box-wrapper\"><div class=\"elementor-image-box-content\"><h3 class=\"elementor-image-box-title\">Confiable<\/h3><p class=\"elementor-image-box-description\">Nuestro compromiso con la calidad y el servicio ha ganado la confianza de clientes en todo el mundo. Nos enfocamos en construir asociaciones a largo plazo a trav\u00e9s de productos confiables y un soporte receptivo.<\/p><\/div><\/div>\t\t\t\t<\/div>\n\t\t\t\t<\/div>\n\t\t\t\t<\/div>\n\t\t\t\t<\/div>\n\t\t\t\t\t<\/div>\n\t\t\t\t<\/div>\n\t\t<div class=\"elementor-element elementor-element-d18d709 e-flex e-con-boxed e-con e-parent\" data-id=\"d18d709\" data-element_type=\"container\" data-e-type=\"container\" data-settings=\"{&quot;background_background&quot;:&quot;classic&quot;}\">\n\t\t\t\t\t<div class=\"e-con-inner\">\n\t\t<div class=\"elementor-element elementor-element-81e508f e-con-full e-flex e-con e-child\" data-id=\"81e508f\" data-element_type=\"container\" data-e-type=\"container\">\n\t\t\t\t<div class=\"elementor-element elementor-element-6670386 elementor-widget__width-initial elementor-widget-mobile__width-inherit elementor-widget elementor-widget-heading\" data-id=\"6670386\" data-element_type=\"widget\" data-e-type=\"widget\" data-widget_type=\"heading.default\">\n\t\t\t\t<div class=\"elementor-widget-container\">\n\t\t\t\t\t<h2 class=\"elementor-heading-title elementor-size-default\">Industrias y clientes<\/h2>\t\t\t\t<\/div>\n\t\t\t\t<\/div>\n\t\t\t\t<div class=\"elementor-element elementor-element-5de8cf7 elementor-widget__width-initial elementor-widget-mobile__width-inherit elementor-widget elementor-widget-heading\" data-id=\"5de8cf7\" data-element_type=\"widget\" data-e-type=\"widget\" data-widget_type=\"heading.default\">\n\t\t\t\t<div class=\"elementor-widget-container\">\n\t\t\t\t\t<p class=\"elementor-heading-title elementor-size-default\">Hemos apoyado a empresas en industrias como la construcci\u00f3n, elevaci\u00f3n, marina y maquinaria industrial. Nuestras soluciones est\u00e1n dise\u00f1adas para satisfacer requisitos operativos espec\u00edficos, ayudando a los clientes a mejorar la eficiencia, la seguridad y el rendimiento.<\/p>\t\t\t\t<\/div>\n\t\t\t\t<\/div>\n\t\t\t\t<\/div>\n\t\t<div class=\"elementor-element elementor-element-1f4d1be e-con-full e-flex e-con e-child\" data-id=\"1f4d1be\" data-element_type=\"container\" data-e-type=\"container\">\n\t\t\t\t<\/div>\n\t\t\t\t\t<\/div>\n\t\t\t\t<\/div>\n\t\t<div class=\"elementor-element elementor-element-5d22111 e-flex e-con-boxed e-con e-parent\" data-id=\"5d22111\" data-element_type=\"container\" data-e-type=\"container\" data-settings=\"{&quot;background_background&quot;:&quot;classic&quot;}\">\n\t\t\t\t\t<div class=\"e-con-inner\">\n\t\t\t\t<div class=\"elementor-element elementor-element-161e116 elementor-widget elementor-widget-heading\" data-id=\"161e116\" data-element_type=\"widget\" data-e-type=\"widget\" data-widget_type=\"heading.default\">\n\t\t\t\t<div class=\"elementor-widget-container\">\n\t\t\t\t\t<h2 class=\"elementor-heading-title elementor-size-default\">Ofrecemos soluciones de cables de acero de alta calidad dise\u00f1adas para la precisi\u00f3n y la durabilidad.<\/h2>\t\t\t\t<\/div>\n\t\t\t\t<\/div>\n\t\t\t\t<div class=\"elementor-element elementor-element-3e5fbee elementor-widget elementor-widget-heading\" data-id=\"3e5fbee\" data-element_type=\"widget\" data-e-type=\"widget\" data-widget_type=\"heading.default\">\n\t\t\t\t<div class=\"elementor-widget-container\">\n\t\t\t\t\t<p class=\"elementor-heading-title elementor-size-default\">Nuestro equipo est\u00e1 comprometido a entender sus requisitos espec\u00edficos y a ofrecer productos confiables que mejoren la seguridad, la eficiencia y la consistencia operativa.<\/p>\t\t\t\t<\/div>\n\t\t\t\t<\/div>\n\t\t\t\t<div class=\"elementor-element elementor-element-414f36d elementor-align-center elementor-widget elementor-widget-button\" data-id=\"414f36d\" data-element_type=\"widget\" data-e-type=\"widget\" data-widget_type=\"button.default\">\n\t\t\t\t<div class=\"elementor-widget-container\">\n\t\t\t\t\t\t\t\t\t<div class=\"elementor-button-wrapper\">\n\t\t\t\t\t<a class=\"elementor-button elementor-button-link elementor-size-sm\" href=\"#\">\n\t\t\t\t\t\t<span class=\"elementor-button-content-wrapper\">\n\t\t\t\t\t\t\t\t\t<span class=\"elementor-button-text\">P\u00f3ngase en contacto<\/span>\n\t\t\t\t\t<\/span>\n\t\t\t\t\t<\/a>\n\t\t\t\t<\/div>\n\t\t\t\t\t\t\t\t<\/div>\n\t\t\t\t<\/div>\n\t\t\t\t\t<\/div>\n\t\t\t\t<\/div>\n\t\t\t\t<\/div>","protected":false},"excerpt":{"rendered":"<p>About Us Welcome to Precision Wire Rope, where engineering expertise meets reliable performance. We specialize in delivering high-quality wire rope solutions designed to meet the demanding needs of modern industries. With a strong focus on precision, durability, and consistency, we help our clients achieve safe and efficient operations. Who we are Precision Wire Rope is [&hellip;]<\/p>\n","protected":false},"author":1,"featured_media":0,"parent":0,"menu_order":0,"comment_status":"closed","ping_status":"closed","template":"","meta":{"site-sidebar-layout":"no-sidebar","site-content-layout":"page-builder","ast-site-content-layout":"full-width-container","site-content-style":"default","site-sidebar-style":"default","ast-global-header-display":"","ast-banner-title-visibility":"disabled","ast-main-header-display":"","ast-hfb-above-header-display":"","ast-hfb-below-header-display":"","ast-hfb-mobile-header-display":"","site-post-title":"","ast-breadcrumbs-content":"","ast-featured-img":"disabled","footer-sml-layout":"","ast-disable-related-posts":"","theme-transparent-header-meta":"enabled","adv-header-id-meta":"","stick-header-meta":"","header-above-stick-meta":"","header-main-stick-meta":"","header-below-stick-meta":"","astra-migrate-meta-layouts":"set","ast-page-background-enabled":"default","ast-page-background-meta":{"desktop":{"background-color":"var(--ast-global-color-4)","background-image":"","background-repeat":"repeat","background-position":"center center","background-size":"auto","background-attachment":"scroll","background-type":"","background-media":"","overlay-type":"","overlay-color":"","overlay-opacity":"","overlay-gradient":""},"tablet":{"background-color":"","background-image":"","background-repeat":"repeat","background-position":"center center","background-size":"auto","background-attachment":"scroll","background-type":"","background-media":"","overlay-type":"","overlay-color":"","overlay-opacity":"","overlay-gradient":""},"mobile":{"background-color":"","background-image":"","background-repeat":"repeat","background-position":"center center","background-size":"auto","background-attachment":"scroll","background-type":"","background-media":"","overlay-type":"","overlay-color":"","overlay-opacity":"","overlay-gradient":""}},"ast-content-background-meta":{"desktop":{"background-color":"var(--ast-global-color-5)","background-image":"","background-repeat":"repeat","background-position":"center center","background-size":"auto","background-attachment":"scroll","background-type":"","background-media":"","overlay-type":"","overlay-color":"","overlay-opacity":"","overlay-gradient":""},"tablet":{"background-color":"var(--ast-global-color-5)","background-image":"","background-repeat":"repeat","background-position":"center center","background-size":"auto","background-attachment":"scroll","background-type":"","background-media":"","overlay-type":"","overlay-color":"","overlay-opacity":"","overlay-gradient":""},"mobile":{"background-color":"var(--ast-global-color-5)","background-image":"","background-repeat":"repeat","background-position":"center center","background-size":"auto","background-attachment":"scroll","background-type":"","background-media":"","overlay-type":"","overlay-color":"","overlay-opacity":"","overlay-gradient":""}},"footnotes":""},"class_list":["post-594","page","type-page","status-publish","hentry"],"_links":{"self":[{"href":"https:\/\/www.precisionwirerope.com\/es\/wp-json\/wp\/v2\/pages\/594","targetHints":{"allow":["GET"]}}],"collection":[{"href":"https:\/\/www.precisionwirerope.com\/es\/wp-json\/wp\/v2\/pages"}],"about":[{"href":"https:\/\/www.precisionwirerope.com\/es\/wp-json\/wp\/v2\/types\/page"}],"author":[{"embeddable":true,"href":"https:\/\/www.precisionwirerope.com\/es\/wp-json\/wp\/v2\/users\/1"}],"replies":[{"embeddable":true,"href":"https:\/\/www.precisionwirerope.com\/es\/wp-json\/wp\/v2\/comments?post=594"}],"version-history":[{"count":9,"href":"https:\/\/www.precisionwirerope.com\/es\/wp-json\/wp\/v2\/pages\/594\/revisions"}],"predecessor-version":[{"id":1568,"href":"https:\/\/www.precisionwirerope.com\/es\/wp-json\/wp\/v2\/pages\/594\/revisions\/1568"}],"wp:attachment":[{"href":"https:\/\/www.precisionwirerope.com\/es\/wp-json\/wp\/v2\/media?parent=594"}],"curies":[{"name":"wp","href":"https:\/\/api.w.org\/{rel}","templated":true}]}}