{"id":1492,"date":"2026-03-22T02:52:03","date_gmt":"2026-03-22T02:52:03","guid":{"rendered":"https:\/\/www.precisionwirerope.com\/?post_type=product&#038;p=1492"},"modified":"2026-03-22T03:00:04","modified_gmt":"2026-03-22T03:00:04","slug":"304-stainless-steel-wire-rope-corrosion-resistant-industrial-cable-for-marine-lifting-and-construction-applications","status":"publish","type":"product","link":"https:\/\/www.precisionwirerope.com\/cs\/product\/304-stainless-steel-wire-rope-corrosion-resistant-industrial-cable-for-marine-lifting-and-construction-applications\/","title":{"rendered":"Ocelov\u00e9 lano z nerezov\u00e9 oceli 304 \u2013 Odoln\u00fd pr\u016fmyslov\u00fd kabel proti korozi pro n\u00e1mo\u0159n\u00ed, zvedac\u00ed a stavebn\u00ed aplikace"},"content":{"rendered":"<h3 data-section-id=\"e9m2df\" data-start=\"99\" data-end=\"148\"><span role=\"text\"><strong data-start=\"103\" data-end=\"148\">1. Co je 304 nerezov\u00e1 ocel lanov\u00fd kabel?<\/strong><\/span><\/h3>\n<p data-start=\"150\" data-end=\"453\">304 nerezov\u00e1 ocel lanov\u00fd kabel je vyroben z \u0161iroce pou\u017e\u00edvan\u00e9 austenitick\u00e9 nerezov\u00e9 oceli, kter\u00e1 je zn\u00e1m\u00e1 svou vynikaj\u00edc\u00ed odolnost\u00ed proti korozi a tv\u00e1\u0159itelnost\u00ed. Obsahuje p\u0159ibli\u017en\u011b 18% chromu a 8% niklu, \u010dasto ozna\u010dov\u00e1na jako nerezov\u00e1 ocel 18\/8 (ASTM ekvivalent AISI 304, GB standard: 06Cr19Ni10).<\/p>\n<p data-start=\"455\" data-end=\"645\">D\u00edky sv\u00fdm vyv\u00e1\u017een\u00fdm mechanick\u00fdm a chemick\u00fdm vlastnostem je 304 nerezov\u00e1 ocel lanov\u00fd kabel jedn\u00edm z nej\u010dast\u011bji pou\u017e\u00edvan\u00fdch materi\u00e1l\u016f v pr\u016fmyslov\u00fdch, n\u00e1mo\u0159n\u00edch a architektonick\u00fdch aplikac\u00edch.<\/p>\n<h3 data-section-id=\"g2a40k\" data-start=\"652\" data-end=\"677\"><span role=\"text\"><strong data-start=\"656\" data-end=\"677\">2. Specifikace<\/strong><\/span><\/h3>\n<p data-start=\"679\" data-end=\"749\">304 nerezov\u00e9 ocelov\u00e9 lanov\u00e9 kabely jsou k dispozici v \u0161irok\u00e9 \u0161k\u00e1le velikost\u00ed:<\/p>\n<ul data-start=\"751\" data-end=\"918\">\n<li data-section-id=\"1bd1ls\" data-start=\"751\" data-end=\"790\"><strong data-start=\"753\" data-end=\"772\">Rozsah pr\u016fm\u011bru:<\/strong> 0,03 mm \u2013 40 mm<\/li>\n<li data-section-id=\"82rtig\" data-start=\"791\" data-end=\"868\"><strong data-start=\"793\" data-end=\"813\">Mo\u017enosti povrchu:<\/strong> Leskl\u00fd, pota\u017een\u00fd (PVC\/nylon), pozinkovan\u00e9 j\u00e1dro voliteln\u00e9<\/li>\n<li data-section-id=\"187wep6\" data-start=\"869\" data-end=\"918\"><strong data-start=\"871\" data-end=\"894\">Typy konstrukce:<\/strong> Flexibiln\u00ed nebo kompaktn\u00ed<\/li>\n<\/ul>\n<h3 data-section-id=\"nroqjc\" data-start=\"925\" data-end=\"956\"><span role=\"text\"><strong data-start=\"929\" data-end=\"956\">3. B\u011b\u017en\u00e9 konstrukce<\/strong><\/span><\/h3>\n<p data-start=\"958\" data-end=\"1050\">Nab\u00edz\u00edme r\u016fzn\u00e9 konstrukce, abychom splnili r\u016fzn\u00e9 po\u017eadavky na pevnost a flexibilitu:<\/p>\n<ul data-start=\"1052\" data-end=\"1127\">\n<li data-section-id=\"15ak4k9\" data-start=\"1052\" data-end=\"1059\">1\u00d77<\/li>\n<li data-section-id=\"d3f806\" data-start=\"1060\" data-end=\"1068\">1\u00d719<\/li>\n<li data-section-id=\"15gmdy6\" data-start=\"1069\" data-end=\"1076\">6\u00d77<\/li>\n<li data-section-id=\"15ha9lr\" data-start=\"1077\" data-end=\"1084\">7\u00d77<\/li>\n<li data-section-id=\"j94lmo\" data-start=\"1085\" data-end=\"1093\">7\u00d719<\/li>\n<li data-section-id=\"j96dho\" data-start=\"1094\" data-end=\"1102\">7\u00d737<\/li>\n<li data-section-id=\"in8mqp\" data-start=\"1103\" data-end=\"1111\">6\u00d719<\/li>\n<li data-section-id=\"glai79\" data-start=\"1112\" data-end=\"1127\">6\u00d719 + IWRC<\/li>\n<\/ul>\n<p data-start=\"1129\" data-end=\"1174\">\ud83d\udc49 Nejpou\u017e\u00edvan\u011bj\u0161\u00ed: <strong data-start=\"1150\" data-end=\"1174\">1\u00d77, 1\u00d719, 7\u00d77, 7\u00d719<\/strong><\/p>\n<h3 data-section-id=\"6wf81s\" data-start=\"1181\" data-end=\"1212\"><span role=\"text\"><strong data-start=\"1185\" data-end=\"1212\">4. Chemick\u00e9 slo\u017een\u00ed<\/strong><\/span><\/h3>\n<div class=\"TyagGW_tableContainer\">\n<div class=\"group TyagGW_tableWrapper flex flex-col-reverse w-fit\" tabindex=\"-1\">\n<table class=\"w-fit min-w-(--thread-content-width)\" data-start=\"1214\" data-end=\"1453\">\n<thead data-start=\"1214\" data-end=\"1239\">\n<tr data-start=\"1214\" data-end=\"1239\">\n<th class=\"\" data-start=\"1214\" data-end=\"1224\" data-col-size=\"sm\">Prvek<\/th>\n<th class=\"\" data-start=\"1224\" data-end=\"1239\" data-col-size=\"sm\">Obsah (%)<\/th>\n<\/tr>\n<\/thead>\n<tbody data-start=\"1264\" data-end=\"1453\">\n<tr data-start=\"1264\" data-end=\"1287\">\n<td data-start=\"1264\" data-end=\"1277\" data-col-size=\"sm\">Uhl\u00edk (C)<\/td>\n<td data-start=\"1277\" data-end=\"1287\" data-col-size=\"sm\">\u2264 0,07<\/td>\n<\/tr>\n<tr data-start=\"1288\" data-end=\"1312\">\n<td data-start=\"1288\" data-end=\"1303\" data-col-size=\"sm\">K\u0159em\u00edk (Si)<\/td>\n<td data-start=\"1303\" data-end=\"1312\" data-col-size=\"sm\">\u2264 1,0<\/td>\n<\/tr>\n<tr data-start=\"1313\" data-end=\"1339\">\n<td data-start=\"1313\" data-end=\"1330\" data-col-size=\"sm\">Mangan (Mn)<\/td>\n<td data-start=\"1330\" data-end=\"1339\" data-col-size=\"sm\">\u2264 2,0<\/td>\n<\/tr>\n<tr data-start=\"1340\" data-end=\"1371\">\n<td data-start=\"1340\" data-end=\"1356\" data-col-size=\"sm\">Chrom (Cr)<\/td>\n<td data-start=\"1356\" data-end=\"1371\" data-col-size=\"sm\">17,0 \u2013 19,0<\/td>\n<\/tr>\n<tr data-start=\"1372\" data-end=\"1400\">\n<td data-start=\"1372\" data-end=\"1386\" data-col-size=\"sm\">Nikl (Ni)<\/td>\n<td data-start=\"1386\" data-end=\"1400\" data-col-size=\"sm\">8,0 \u2013 11,0<\/td>\n<\/tr>\n<tr data-start=\"1401\" data-end=\"1424\">\n<td data-start=\"1401\" data-end=\"1414\" data-col-size=\"sm\">S\u00edra (S)<\/td>\n<td data-start=\"1414\" data-end=\"1424\" data-col-size=\"sm\">\u2264 0,03<\/td>\n<\/tr>\n<tr data-start=\"1425\" data-end=\"1453\">\n<td data-start=\"1425\" data-end=\"1442\" data-col-size=\"sm\">Fosfor (P)<\/td>\n<td data-start=\"1442\" data-end=\"1453\" data-col-size=\"sm\">\u2264 0,035<\/td>\n<\/tr>\n<\/tbody>\n<\/table>\n<\/div>\n<\/div>\n<h3 data-section-id=\"giwx50\" data-start=\"1460\" data-end=\"1503\"><span role=\"text\"><strong data-start=\"1464\" data-end=\"1503\">5. Mechanick\u00e9 a fyzik\u00e1ln\u00ed vlastnosti<\/strong><\/span><\/h3>\n<div class=\"TyagGW_tableContainer\">\n<div class=\"group TyagGW_tableWrapper flex flex-col-reverse w-fit\" tabindex=\"-1\">\n<table class=\"w-fit min-w-(--thread-content-width)\" data-start=\"1505\" data-end=\"1767\">\n<thead data-start=\"1505\" data-end=\"1525\">\n<tr data-start=\"1505\" data-end=\"1525\">\n<th class=\"\" data-start=\"1505\" data-end=\"1516\" data-col-size=\"sm\">Vlastnost<\/th>\n<th class=\"\" data-start=\"1516\" data-end=\"1525\" data-col-size=\"sm\">Hodnota<\/th>\n<\/tr>\n<\/thead>\n<tbody data-start=\"1545\" data-end=\"1767\">\n<tr data-start=\"1545\" data-end=\"1575\">\n<td data-start=\"1545\" data-end=\"1562\" data-col-size=\"sm\">Mezn\u00ed pevnost<\/td>\n<td data-start=\"1562\" data-end=\"1575\" data-col-size=\"sm\">\u2265 205 MPa<\/td>\n<\/tr>\n<tr data-start=\"1576\" data-end=\"1608\">\n<td data-start=\"1576\" data-end=\"1595\" data-col-size=\"sm\">Pevnost v tahu<\/td>\n<td data-start=\"1595\" data-end=\"1608\" data-col-size=\"sm\">\u2265 520 MPa<\/td>\n<\/tr>\n<tr data-start=\"1609\" data-end=\"1631\">\n<td data-start=\"1609\" data-end=\"1622\" data-col-size=\"sm\">Prodlou\u017een\u00ed<\/td>\n<td data-start=\"1622\" data-end=\"1631\" data-col-size=\"sm\">\u2265 40%<\/td>\n<\/tr>\n<tr data-start=\"1632\" data-end=\"1666\">\n<td data-start=\"1632\" data-end=\"1643\" data-col-size=\"sm\">Tvrdost<\/td>\n<td data-start=\"1643\" data-end=\"1666\" data-col-size=\"sm\">HB \u2264 187 \/ HRB \u2264 90<\/td>\n<\/tr>\n<tr data-start=\"1667\" data-end=\"1691\">\n<td data-start=\"1667\" data-end=\"1677\" data-col-size=\"sm\">Hustota<\/td>\n<td data-start=\"1677\" data-end=\"1691\" data-col-size=\"sm\">7,93 g\/cm\u00b3<\/td>\n<\/tr>\n<tr data-start=\"1692\" data-end=\"1725\">\n<td data-start=\"1692\" data-end=\"1708\" data-col-size=\"sm\">T\u00e1n\u00ed<\/td>\n<td data-col-size=\"sm\" data-start=\"1708\" data-end=\"1725\">1398 \u2013 1420\u00b0C<\/td>\n<\/tr>\n<tr data-start=\"1726\" data-end=\"1767\">\n<td data-start=\"1726\" data-end=\"1751\" data-col-size=\"sm\">Elektrick\u00e1 rezistivita<\/td>\n<td data-start=\"1751\" data-end=\"1767\" data-col-size=\"sm\">0,73 \u03a9\u00b7mm\u00b2\/m<\/td>\n<\/tr>\n<\/tbody>\n<\/table>\n<\/div>\n<\/div>\n<hr data-start=\"1769\" data-end=\"1772\" \/>\n<h3 data-section-id=\"1wy15uy\" data-start=\"1774\" data-end=\"1860\"><span role=\"text\"><strong data-start=\"1778\" data-end=\"1860\">6. Pro\u010d m\u00e1 ocel 304 vynikaj\u00edc\u00ed odolnost proti korozi?<\/strong><\/span><\/h3>\n<p data-start=\"1862\" data-end=\"2119\">Odolnost proti korozi oceli 304 poch\u00e1z\u00ed z jej\u00edho obsahu chromu. Chrom reaguje s kysl\u00edkem ve vzduchu a vytv\u00e1\u0159\u00ed tenkou, stabiln\u00ed vrstvu oxidu chromit\u00e9ho na povrchu. Tato pasivn\u00ed vrstva chr\u00e1n\u00ed materi\u00e1l p\u0159ed dal\u0161\u00edm oxidov\u00e1n\u00edm a koroz\u00ed.<\/p>\n<p data-start=\"2121\" data-end=\"2355\">Nikl d\u00e1le zvy\u0161uje odolnost proti korozi a zlep\u0161uje hou\u017eevnatost a ta\u017enost. Aby byla zaji\u0161t\u011bna dlouhodob\u00e1 odolnost proti korozi, mezin\u00e1rodn\u00ed normy vy\u017eaduj\u00ed alespo\u0148 12% obsah chromu \u2013 ocel 304 tuto po\u017eadavek p\u0159ekra\u010duje.<\/p>\n<h3 data-section-id=\"1sfd7bq\" data-start=\"2362\" data-end=\"2385\"><span role=\"text\"><strong data-start=\"2366\" data-end=\"2385\">7. Aplikace<\/strong><\/span><\/h3>\n<p data-start=\"2387\" data-end=\"2495\">Ocel 304 je \u0161iroce pou\u017e\u00edv\u00e1na v pr\u016fmyslech vy\u017eaduj\u00edc\u00edch jak pevnost, tak odolnost proti korozi:<\/p>\n<ul data-start=\"2497\" data-end=\"2812\">\n<li data-section-id=\"193oore\" data-start=\"2497\" data-end=\"2537\"><strong data-start=\"2499\" data-end=\"2535\">N\u00e1mo\u0159n\u00ed a pob\u0159e\u017en\u00ed aplikace<\/strong><\/li>\n<li data-section-id=\"1yr4t7d\" data-start=\"2538\" data-end=\"2583\"><strong data-start=\"2540\" data-end=\"2581\">Konstruk\u010dn\u00ed a architektonick\u00e9 kabely<\/strong><\/li>\n<li data-section-id=\"1j4mhl\" data-start=\"2584\" data-end=\"2619\"><strong data-start=\"2586\" data-end=\"2617\">Zvedac\u00ed a riggingov\u00e9 syst\u00e9my<\/strong><\/li>\n<li data-section-id=\"zc5czv\" data-start=\"2620\" data-end=\"2653\"><strong data-start=\"2622\" data-end=\"2651\">Za\u0159\u00edzen\u00ed pro zpracov\u00e1n\u00ed potravin<\/strong><\/li>\n<li data-section-id=\"11qr8sq\" data-start=\"2654\" data-end=\"2695\"><strong data-start=\"2656\" data-end=\"2693\">Chemick\u00e9 a pr\u016fmyslov\u00e9 za\u0159\u00edzen\u00ed<\/strong><\/li>\n<li data-section-id=\"y437tx\" data-start=\"2696\" data-end=\"2732\"><strong data-start=\"2698\" data-end=\"2730\">Bezpe\u010dnostn\u00ed kabely a z\u00e1bradl\u00ed<\/strong><\/li>\n<li data-section-id=\"1s0prrr\" data-start=\"2733\" data-end=\"2773\"><strong data-start=\"2735\" data-end=\"2771\">Ryb\u00e1\u0159sk\u00e9 vlasce a ovl\u00e1dac\u00ed kabely<\/strong><\/li>\n<li data-section-id=\"2f7dfh\" data-start=\"2774\" data-end=\"2812\"><strong data-start=\"2776\" data-end=\"2810\">V\u00fdtahy a zvedac\u00ed syst\u00e9my<\/strong><\/li>\n<\/ul>\n<p data-start=\"2814\" data-end=\"2905\">Je tak\u00e9 b\u011b\u017en\u011b pou\u017e\u00edv\u00e1na v pota\u017een\u00fdch form\u00e1ch (PVC nebo nylon) pro zv\u00fd\u0161enou trvanlivost a bezpe\u010dnost.<\/p>\n<h3 data-section-id=\"auvml\" data-start=\"2912\" data-end=\"2944\"><span role=\"text\"><strong data-start=\"2916\" data-end=\"2944\">8. Mo\u017enosti p\u0159izp\u016fsoben\u00ed<\/strong><\/span><\/h3>\n<p data-start=\"2946\" data-end=\"3023\">Poskytujeme flexibiln\u00ed p\u0159izp\u016fsoben\u00ed, abychom splnili va\u0161e specifick\u00e9 po\u017eadavky na projekt:<\/p>\n<ul data-start=\"3025\" data-end=\"3233\">\n<li data-section-id=\"19z3taj\" data-start=\"3025\" data-end=\"3055\">Vlastn\u00ed pr\u016fm\u011br a d\u00e9lka<\/li>\n<li data-section-id=\"eau3kn\" data-start=\"3056\" data-end=\"3102\">R\u016fzn\u00e9 konstrukce a designy pramen\u016f<\/li>\n<li data-section-id=\"1pvcvte\" data-start=\"3103\" data-end=\"3153\">PVC \/ Nylonov\u00fd povlak (r\u016fzn\u00e9 dostupn\u00e9 barvy)<\/li>\n<li data-section-id=\"17qulmx\" data-start=\"3154\" data-end=\"3194\">P\u0159ed\u0159ezan\u00e9 a sestaven\u00e9 sady lan<\/li>\n<li data-section-id=\"1ifnabl\" data-start=\"3195\" data-end=\"3233\">Speci\u00e1ln\u00ed balen\u00ed a OEM branding<\/li>\n<\/ul>\n<h3 data-section-id=\"ohslnw\" data-start=\"3240\" data-end=\"3264\"><span role=\"text\"><strong data-start=\"3244\" data-end=\"3264\">9. Pro\u010d si vybrat n\u00e1s<\/strong><\/span><\/h3>\n<ul data-start=\"3266\" data-end=\"3476\">\n<li data-section-id=\"5vc80a\" data-start=\"3266\" data-end=\"3318\">P\u0159\u00edsn\u00e1 kontrola kvality a sledovatelnost materi\u00e1l\u016f<\/li>\n<li data-section-id=\"c2t962\" data-start=\"3319\" data-end=\"3355\">\u0160irok\u00e1 z\u00e1soba a rychl\u00e9 dod\u00e1n\u00ed<\/li>\n<li data-section-id=\"1lar1hp\" data-start=\"3356\" data-end=\"3386\">Vlastn\u00ed in\u017een\u00fdrsk\u00e1 podpora<\/li>\n<li data-section-id=\"18yrkc1\" data-start=\"3387\" data-end=\"3426\">Konkurenceschopn\u00e9 ceny pro hromadn\u00e9 objedn\u00e1vky<\/li>\n<li data-section-id=\"1gdzeup\" data-start=\"3427\" data-end=\"3476\">Spolehliv\u00fd dodavatel pro pr\u016fmyslov\u00e9 aplikace<\/li>\n<\/ul>","protected":false},"excerpt":{"rendered":"<p>304 nerezov\u00e1 ocel lanov\u00fd kabel je vyroben z \u0161iroce pou\u017e\u00edvan\u00e9 austenitick\u00e9 nerezov\u00e9 oceli, kter\u00e1 je zn\u00e1m\u00e1 svou vynikaj\u00edc\u00ed odolnost\u00ed proti korozi a tv\u00e1\u0159itelnost\u00ed. Obsahuje p\u0159ibli\u017en\u011b 18% chromu a 8% niklu, \u010dasto ozna\u010dov\u00e1na jako nerezov\u00e1 ocel 18\/8 (ASTM ekvivalent AISI 304, GB standard: 06Cr19Ni10).<\/p>","protected":false},"featured_media":1493,"comment_status":"open","ping_status":"closed","template":"","meta":{"site-sidebar-layout":"default","site-content-layout":"","ast-site-content-layout":"default","site-content-style":"default","site-sidebar-style":"default","ast-global-header-display":"","ast-banner-title-visibility":"","ast-main-header-display":"","ast-hfb-above-header-display":"","ast-hfb-below-header-display":"","ast-hfb-mobile-header-display":"","site-post-title":"","ast-breadcrumbs-content":"","ast-featured-img":"","footer-sml-layout":"","ast-disable-related-posts":"","theme-transparent-header-meta":"default","adv-header-id-meta":"","stick-header-meta":"default","header-above-stick-meta":"","header-main-stick-meta":"","header-below-stick-meta":"","astra-migrate-meta-layouts":"set","ast-page-background-enabled":"default","ast-page-background-meta":{"desktop":{"background-color":"var(--ast-global-color-4)","background-image":"","background-repeat":"repeat","background-position":"center center","background-size":"auto","background-attachment":"scroll","background-type":"","background-media":"","overlay-type":"","overlay-color":"","overlay-opacity":"","overlay-gradient":""},"tablet":{"background-color":"","background-image":"","background-repeat":"repeat","background-position":"center center","background-size":"auto","background-attachment":"scroll","background-type":"","background-media":"","overlay-type":"","overlay-color":"","overlay-opacity":"","overlay-gradient":""},"mobile":{"background-color":"","background-image":"","background-repeat":"repeat","background-position":"center center","background-size":"auto","background-attachment":"scroll","background-type":"","background-media":"","overlay-type":"","overlay-color":"","overlay-opacity":"","overlay-gradient":""}},"ast-content-background-meta":{"desktop":{"background-color":"var(--ast-global-color-5)","background-image":"","background-repeat":"repeat","background-position":"center center","background-size":"auto","background-attachment":"scroll","background-type":"","background-media":"","overlay-type":"","overlay-color":"","overlay-opacity":"","overlay-gradient":""},"tablet":{"background-color":"var(--ast-global-color-5)","background-image":"","background-repeat":"repeat","background-position":"center center","background-size":"auto","background-attachment":"scroll","background-type":"","background-media":"","overlay-type":"","overlay-color":"","overlay-opacity":"","overlay-gradient":""},"mobile":{"background-color":"var(--ast-global-color-5)","background-image":"","background-repeat":"repeat","background-position":"center center","background-size":"auto","background-attachment":"scroll","background-type":"","background-media":"","overlay-type":"","overlay-color":"","overlay-opacity":"","overlay-gradient":""}}},"product_brand":[],"product_cat":[16],"product_tag":[55,57,59,33,63,43,32,44,35,61,60,56,58,62,27],"class_list":{"0":"post-1492","1":"product","2":"type-product","3":"status-publish","4":"has-post-thumbnail","6":"product_cat-wire-rope","7":"product_tag-304-stainless-steel-wire-rope","8":"product_tag-7x19-wire-rope","9":"product_tag-coated-wire-rope","10":"product_tag-corrosion-resistant-wire-rope","11":"product_tag-flexible-wire-rope","12":"product_tag-high-strength-wire-rope","13":"product_tag-industrial-wire-rope","14":"product_tag-lifting-wire-rope","15":"product_tag-marine-wire-rope","16":"product_tag-nylon-coated-cable","17":"product_tag-pvc-wire-rope","18":"product_tag-stainless-steel-cable","19":"product_tag-stainless-steel-cable-supplier","20":"product_tag-stainless-steel-rigging-cable","21":"product_tag-wire-rope-manufacturer","22":"desktop-align-left","23":"tablet-align-left","24":"mobile-align-left","25":"ast-product-gallery-layout-horizontal-slider","26":"ast-product-tabs-layout-horizontal","28":"first","29":"instock","30":"shipping-taxable","31":"product-type-simple"},"_links":{"self":[{"href":"https:\/\/www.precisionwirerope.com\/cs\/wp-json\/wp\/v2\/product\/1492","targetHints":{"allow":["GET"]}}],"collection":[{"href":"https:\/\/www.precisionwirerope.com\/cs\/wp-json\/wp\/v2\/product"}],"about":[{"href":"https:\/\/www.precisionwirerope.com\/cs\/wp-json\/wp\/v2\/types\/product"}],"replies":[{"embeddable":true,"href":"https:\/\/www.precisionwirerope.com\/cs\/wp-json\/wp\/v2\/comments?post=1492"}],"wp:featuredmedia":[{"embeddable":true,"href":"https:\/\/www.precisionwirerope.com\/cs\/wp-json\/wp\/v2\/media\/1493"}],"wp:attachment":[{"href":"https:\/\/www.precisionwirerope.com\/cs\/wp-json\/wp\/v2\/media?parent=1492"}],"wp:term":[{"taxonomy":"product_brand","embeddable":true,"href":"https:\/\/www.precisionwirerope.com\/cs\/wp-json\/wp\/v2\/product_brand?post=1492"},{"taxonomy":"product_cat","embeddable":true,"href":"https:\/\/www.precisionwirerope.com\/cs\/wp-json\/wp\/v2\/product_cat?post=1492"},{"taxonomy":"product_tag","embeddable":true,"href":"https:\/\/www.precisionwirerope.com\/cs\/wp-json\/wp\/v2\/product_tag?post=1492"}],"curies":[{"name":"wp","href":"https:\/\/api.w.org\/{rel}","templated":true}]}}