{"id":1484,"date":"2026-03-22T02:16:35","date_gmt":"2026-03-22T02:16:35","guid":{"rendered":"https:\/\/www.precisionwirerope.com\/?post_type=product&#038;p=1484"},"modified":"2026-03-22T02:32:48","modified_gmt":"2026-03-22T02:32:48","slug":"galvanized-steel-wire-rope-manufacturer-high-strength-corrosion-resistant-wire-rope","status":"publish","type":"product","link":"https:\/\/www.precisionwirerope.com\/cs\/product\/galvanized-steel-wire-rope-manufacturer-high-strength-corrosion-resistant-wire-rope\/","title":{"rendered":"V\u00fdrobce pozinkovan\u00e9ho ocelov\u00e9ho lana | Vysok\u00e1 pevnost a odoln\u00e9 proti korozi ocelov\u00e9 lano"},"content":{"rendered":"<p data-start=\"191\" data-end=\"493\">Pozinkovan\u00e9 ocelov\u00e9 lano se vyr\u00e1b\u00ed aplikac\u00ed ochrann\u00e9ho zinkov\u00e9ho povlaku na vysoce kvalitn\u00ed ocelov\u00e9 lano prost\u0159ednictv\u00edm elektro-zinkov\u00e1n\u00ed nebo zinkov\u00e1n\u00ed pono\u0159en\u00edm. Zinkov\u00e1 vrstva poskytuje vynikaj\u00edc\u00ed odolnost proti korozi, co\u017e v\u00fdrazn\u011b prodlu\u017euje \u017eivotnost lana v n\u00e1ro\u010dn\u00fdch podm\u00ednk\u00e1ch.<\/p>\n<p data-start=\"495\" data-end=\"684\">V Precision Wire Rope dod\u00e1v\u00e1me \u0161irokou \u0161k\u00e1lu pozinkovan\u00fdch lan navr\u017een\u00fdch pro pevnost, trvanlivost a spolehliv\u00fd v\u00fdkon v pr\u016fmyslov\u00fdch, n\u00e1mo\u0159n\u00edch a stavebn\u00edch aplikac\u00edch.<\/p>\n<h2 data-section-id=\"1lut59q\" data-start=\"691\" data-end=\"719\"><span role=\"text\"><strong data-start=\"694\" data-end=\"719\">Struktura a materi\u00e1ly<\/strong><\/span><\/h2>\n<h3 data-section-id=\"jyvvzq\" data-start=\"721\" data-end=\"739\"><span role=\"text\"><strong data-start=\"725\" data-end=\"739\">Typy jader<\/strong><\/span><\/h3>\n<ul data-start=\"740\" data-end=\"967\">\n<li data-section-id=\"1r7s64y\" data-start=\"740\" data-end=\"809\"><strong data-start=\"742\" data-end=\"761\">J\u00e1dro z vl\u00e1ken (FC)<\/strong> \u2013 flexibiln\u00ed, vhodn\u00e9 pro obecn\u00e9 aplikace<\/li>\n<li data-section-id=\"14dylu4\" data-start=\"810\" data-end=\"887\"><strong data-start=\"812\" data-end=\"849\">J\u00e1dro z nez\u00e1visl\u00e9ho ocelov\u00e9ho lana (IWRC)<\/strong> \u2013 vy\u0161\u0161\u00ed pevnost a nosnost<\/li>\n<li data-section-id=\"6wwgba\" data-start=\"888\" data-end=\"967\"><strong data-start=\"890\" data-end=\"917\">J\u00e1dro z polypropylenu (PP)<\/strong> \u2013 zlep\u0161en\u00e1 odolnost proti vlhkosti a korozi<\/li>\n<\/ul>\n<h3 data-section-id=\"8bzjbh\" data-start=\"974\" data-end=\"999\"><span role=\"text\"><strong data-start=\"978\" data-end=\"999\">Typy zinkov\u00e1n\u00ed<\/strong><\/span><\/h3>\n<ul data-start=\"1000\" data-end=\"1157\">\n<li data-section-id=\"ucwl68\" data-start=\"1000\" data-end=\"1076\"><strong data-start=\"1002\" data-end=\"1024\">Elektro-zinkovan\u00e9<\/strong> \u2013 hladk\u00fd povrch, rovnom\u011brn\u00fd povlak, n\u00e1kladov\u011b efektivn\u00ed<\/li>\n<li data-section-id=\"1lmfcxi\" data-start=\"1077\" data-end=\"1157\"><strong data-start=\"1079\" data-end=\"1101\">Zinkovan\u00e9 pono\u0159en\u00edm<\/strong> \u2013 siln\u011bj\u0161\u00ed zinkov\u00fd povlak, vynikaj\u00edc\u00ed odolnost proti korozi<\/li>\n<\/ul>\n<h3 data-section-id=\"3hc9yf\" data-start=\"1164\" data-end=\"1191\"><span role=\"text\"><strong data-start=\"1168\" data-end=\"1191\">T\u0159\u00eddy zinkov\u00e9ho povlaku<\/strong><\/span><\/h3>\n<ul data-start=\"1192\" data-end=\"1359\">\n<li data-section-id=\"61tcd\" data-start=\"1192\" data-end=\"1233\">Lehk\u00fd povlak \u2013 pro m\u00edrn\u00e9 prost\u0159ed\u00ed<\/li>\n<li data-section-id=\"1hx6bct\" data-start=\"1234\" data-end=\"1288\">St\u0159edn\u00ed povlak \u2013 pro m\u00edrn\u00e9 korozn\u00ed podm\u00ednky<\/li>\n<li data-section-id=\"15fq2vp\" data-start=\"1289\" data-end=\"1359\">T\u011b\u017ek\u00fd povlak \u2013 pro extr\u00e9mn\u00ed prost\u0159ed\u00ed (n\u00e1mo\u0159n\u00ed, pob\u0159e\u017en\u00ed, t\u011b\u017eebn\u00ed)<\/li>\n<\/ul>\n<h3 data-section-id=\"1qyaowq\" data-start=\"1366\" data-end=\"1400\"><span role=\"text\"><strong data-start=\"1370\" data-end=\"1400\">Typick\u00e9 konstrukce lan<\/strong><\/span><\/h3>\n<ul data-start=\"1401\" data-end=\"1476\">\n<li data-section-id=\"1d8ze2j\" data-start=\"1401\" data-end=\"1414\">1\u00d77, 1\u00d719<\/li>\n<li data-section-id=\"1ceibga\" data-start=\"1415\" data-end=\"1441\">6\u00d77, 6\u00d719, 6\u00d719 + IWRC<\/li>\n<li data-section-id=\"1gi7oer\" data-start=\"1442\" data-end=\"1461\">7\u00d77, 7\u00d719, 7\u00d737<\/li>\n<li data-section-id=\"196kycp\" data-start=\"1462\" data-end=\"1476\">6\u00d736, 6W19<\/li>\n<\/ul>\n<h3 data-section-id=\"w9aop\" data-start=\"1483\" data-end=\"1500\"><span role=\"text\"><strong data-start=\"1487\" data-end=\"1500\">Typy ulo\u017een\u00ed<\/strong><\/span><\/h3>\n<ul data-start=\"1501\" data-end=\"1583\">\n<li data-section-id=\"a6ftli\" data-start=\"1501\" data-end=\"1530\">Pravideln\u00e9 ulo\u017een\u00ed (RHRL \/ LHRL)<\/li>\n<li data-section-id=\"hxog5k\" data-start=\"1531\" data-end=\"1557\">Lang ulo\u017een\u00ed (RHLL \/ LHLL)<\/li>\n<li data-section-id=\"po698e\" data-start=\"1558\" data-end=\"1583\">Alternativn\u00ed \/ sm\u00ed\u0161en\u00e9 ulo\u017een\u00ed<\/li>\n<\/ul>\n<h2 data-section-id=\"id1bjs\" data-start=\"1590\" data-end=\"1621\"><span role=\"text\"><strong data-start=\"1593\" data-end=\"1621\">Technick\u00e9 specifikace<\/strong><\/span><\/h2>\n<div class=\"TyagGW_tableContainer\">\n<div class=\"group TyagGW_tableWrapper flex flex-col-reverse w-fit\" tabindex=\"-1\">\n<table class=\"w-fit min-w-(--thread-content-width)\" data-start=\"1623\" data-end=\"2384\">\n<thead data-start=\"1623\" data-end=\"1732\">\n<tr data-start=\"1623\" data-end=\"1732\">\n<th class=\"\" data-start=\"1623\" data-end=\"1644\" data-col-size=\"sm\">Pr\u016fm\u011br lana (mm)<\/th>\n<th class=\"\" data-start=\"1644\" data-end=\"1659\" data-col-size=\"sm\">Konstrukce<\/th>\n<th class=\"\" data-start=\"1659\" data-end=\"1671\" data-col-size=\"sm\">Typ j\u00e1dra<\/th>\n<th class=\"\" data-start=\"1671\" data-end=\"1681\" data-col-size=\"sm\">Povrch<\/th>\n<th class=\"\" data-start=\"1681\" data-end=\"1706\" data-col-size=\"sm\">Pevnost v tahu (MPa)<\/th>\n<th class=\"\" data-start=\"1706\" data-end=\"1732\" data-col-size=\"sm\">Lomov\u00e1 pevnost (kN)<\/th>\n<\/tr>\n<\/thead>\n<tbody data-start=\"1840\" data-end=\"2384\">\n<tr data-start=\"1840\" data-end=\"1948\">\n<td data-start=\"1840\" data-end=\"1861\" data-col-size=\"sm\">1.0 \u2013 2.0<\/td>\n<td data-col-size=\"sm\" data-start=\"1861\" data-end=\"1874\">1\u00d77 \/ 1\u00d719<\/td>\n<td data-col-size=\"sm\" data-start=\"1874\" data-end=\"1885\">Ocel<\/td>\n<td data-col-size=\"sm\" data-start=\"1885\" data-end=\"1898\">Pozinkovan\u00e9<\/td>\n<td data-col-size=\"sm\" data-start=\"1898\" data-end=\"1922\">1570 \u2013 1770<\/td>\n<td data-col-size=\"sm\" data-start=\"1922\" data-end=\"1948\">0.8 \u2013 3.0<\/td>\n<\/tr>\n<tr data-start=\"1949\" data-end=\"2057\">\n<td data-start=\"1949\" data-end=\"1970\" data-col-size=\"sm\">2.0 \u2013 4.0<\/td>\n<td data-col-size=\"sm\" data-start=\"1970\" data-end=\"1983\">7\u00d77<\/td>\n<td data-col-size=\"sm\" data-start=\"1983\" data-end=\"1994\">FC \/ IWRC<\/td>\n<td data-col-size=\"sm\" data-start=\"1994\" data-end=\"2007\">Pozinkovan\u00e9<\/td>\n<td data-col-size=\"sm\" data-start=\"2007\" data-end=\"2031\">1570 \u2013 1960<\/td>\n<td data-col-size=\"sm\" data-start=\"2031\" data-end=\"2057\">3.0 \u2013 12.0<\/td>\n<\/tr>\n<tr data-start=\"2058\" data-end=\"2166\">\n<td data-start=\"2058\" data-end=\"2079\" data-col-size=\"sm\">3.0 \u2013 6.0<\/td>\n<td data-col-size=\"sm\" data-start=\"2079\" data-end=\"2092\">7\u00d719<\/td>\n<td data-col-size=\"sm\" data-start=\"2092\" data-end=\"2103\">FC \/ IWRC<\/td>\n<td data-col-size=\"sm\" data-start=\"2103\" data-end=\"2116\">Pozinkovan\u00e9<\/td>\n<td data-col-size=\"sm\" data-start=\"2116\" data-end=\"2140\">1570 \u2013 1960<\/td>\n<td data-col-size=\"sm\" data-start=\"2140\" data-end=\"2166\">10.0 \u2013 30.0<\/td>\n<\/tr>\n<tr data-start=\"2167\" data-end=\"2275\">\n<td data-start=\"2167\" data-end=\"2188\" data-col-size=\"sm\">6.0 \u2013 10.0<\/td>\n<td data-col-size=\"sm\" data-start=\"2188\" data-end=\"2201\">6\u00d719<\/td>\n<td data-col-size=\"sm\" data-start=\"2201\" data-end=\"2212\">IWRC<\/td>\n<td data-col-size=\"sm\" data-start=\"2212\" data-end=\"2225\">Pozinkovan\u00e9<\/td>\n<td data-col-size=\"sm\" data-start=\"2225\" data-end=\"2249\">1770 \u2013 2160<\/td>\n<td data-col-size=\"sm\" data-start=\"2249\" data-end=\"2275\">25,0 \u2013 80,0<\/td>\n<\/tr>\n<tr data-start=\"2276\" data-end=\"2384\">\n<td data-start=\"2276\" data-end=\"2297\" data-col-size=\"sm\">10,0 \u2013 20,0<\/td>\n<td data-start=\"2297\" data-end=\"2310\" data-col-size=\"sm\">6\u00d736<\/td>\n<td data-start=\"2310\" data-end=\"2321\" data-col-size=\"sm\">IWRC<\/td>\n<td data-start=\"2321\" data-end=\"2334\" data-col-size=\"sm\">Pozinkovan\u00e9<\/td>\n<td data-start=\"2334\" data-end=\"2358\" data-col-size=\"sm\">1770 \u2013 2160<\/td>\n<td data-start=\"2358\" data-end=\"2384\" data-col-size=\"sm\">80,0 \u2013 200,0<\/td>\n<\/tr>\n<\/tbody>\n<\/table>\n<\/div>\n<\/div>\n<blockquote data-start=\"2386\" data-end=\"2488\">\n<p data-start=\"2388\" data-end=\"2488\"><em data-start=\"2388\" data-end=\"2488\">Pozn\u00e1mka: Specifikace mohou b\u00fdt p\u0159izp\u016fsobeny na z\u00e1klad\u011b pr\u016fm\u011bru, konstrukce a po\u017eadavk\u016f na pevnost.<\/em><\/p>\n<\/blockquote>\n<h2 data-section-id=\"1j5qwet\" data-start=\"2495\" data-end=\"2514\"><span role=\"text\"><strong data-start=\"2498\" data-end=\"2514\">Kl\u00ed\u010dov\u00e9 vlastnosti<\/strong><\/span><\/h2>\n<h3 data-section-id=\"18xz1q1\" data-start=\"2516\" data-end=\"2556\"><span role=\"text\"><strong data-start=\"2520\" data-end=\"2554\">Vynikaj\u00edc\u00ed odolnost proti korozi<\/strong><\/span><\/h3>\n<p data-start=\"2557\" data-end=\"2690\">Zinkov\u00fd povlak chr\u00e1n\u00ed ocel p\u0159ed vlhkost\u00ed, chemik\u00e1liemi a vlivy prost\u0159ed\u00ed, co\u017e ji \u010din\u00ed ide\u00e1ln\u00ed pro venkovn\u00ed a n\u00e1mo\u0159n\u00ed pou\u017eit\u00ed.<\/p>\n<h3 data-section-id=\"1xy76dm\" data-start=\"2692\" data-end=\"2728\"><span role=\"text\"><strong data-start=\"2696\" data-end=\"2726\">Vysok\u00e1 pevnost a trvanlivost<\/strong><\/span><\/h3>\n<p data-start=\"2729\" data-end=\"2855\">Vyrobeno z vysoce kvalitn\u00ed oceli s kontrolovan\u00fdm tepeln\u00fdm zpracov\u00e1n\u00edm pro zaji\u0161t\u011bn\u00ed vynikaj\u00edc\u00ed pevnosti v tahu a dlouh\u00e9 \u017eivotnosti.<\/p>\n<h3 data-section-id=\"1ku1gz7\" data-start=\"2857\" data-end=\"2886\"><span role=\"text\"><strong data-start=\"2861\" data-end=\"2884\">P\u0159esn\u00e9 rozm\u011bry<\/strong><\/span><\/h3>\n<p data-start=\"2887\" data-end=\"3001\">Precizn\u00ed v\u00fdroba zaji\u0161\u0165uje t\u011bsn\u00e9 tolerance pr\u016fm\u011bru (a\u017e \u00b10,05 mm), co\u017e zlep\u0161uje kompatibilitu s vybaven\u00edm.<\/p>\n<h3 data-section-id=\"ra3ud0\" data-start=\"3003\" data-end=\"3036\"><span role=\"text\"><strong data-start=\"3007\" data-end=\"3034\">N\u00e1kladov\u011b efektivn\u00ed \u0159e\u0161en\u00ed<\/strong><\/span><\/h3>\n<p data-start=\"3037\" data-end=\"3147\">Ve srovn\u00e1n\u00ed s nerezovou ocelovou lanovkou nab\u00edz\u00ed pozinkovan\u00e1 lanovka rovnov\u00e1hu mezi v\u00fdkonem a cenovou dostupnost\u00ed.<\/p>\n<h2 data-section-id=\"13c523q\" data-start=\"3154\" data-end=\"3180\"><span role=\"text\"><strong data-start=\"3157\" data-end=\"3180\">Normy a kvalita<\/strong><\/span><\/h2>\n<p data-start=\"3182\" data-end=\"3277\">Na\u0161e pozinkovan\u00e9 lanovky jsou vyr\u00e1b\u011bny v souladu s mezin\u00e1rodn\u00edmi standardy, v\u010detn\u011b:<\/p>\n<ul data-start=\"3278\" data-end=\"3332\">\n<li data-section-id=\"1bu1c4s\" data-start=\"3278\" data-end=\"3292\">GB\/T 20118<\/li>\n<li data-section-id=\"169dxum\" data-start=\"3293\" data-end=\"3306\">GB\/T 8918<\/li>\n<li data-section-id=\"1i0nmy4\" data-start=\"3307\" data-end=\"3332\">JIS G3525 \/ JIS H0401<\/li>\n<\/ul>\n<p data-start=\"3334\" data-end=\"3427\">V\u0161echny produkty proch\u00e1zej\u00ed p\u0159\u00edsnou kontrolou, aby se zajistila integrita povlaku, pevnost a trvanlivost.<\/p>\n<h2 data-section-id=\"k0zlak\" data-start=\"3434\" data-end=\"3453\"><span role=\"text\"><strong data-start=\"3437\" data-end=\"3453\">Aplikace<\/strong><\/span><\/h2>\n<ul data-start=\"3455\" data-end=\"3654\">\n<li data-section-id=\"k89z7d\" data-start=\"3455\" data-end=\"3490\">V\u00fdstavba a infrastruktura<\/li>\n<li data-section-id=\"1v729p7\" data-start=\"3491\" data-end=\"3526\">Zvedac\u00ed a zdvihac\u00ed operace<\/li>\n<li data-section-id=\"pym0ka\" data-start=\"3527\" data-end=\"3563\">N\u00e1mo\u0159n\u00ed a pob\u0159e\u017en\u00ed aplikace<\/li>\n<li data-section-id=\"1ct221c\" data-start=\"3564\" data-end=\"3589\">Pr\u016fzkum ropy a plynu<\/li>\n<li data-section-id=\"4ocv1n\" data-start=\"3590\" data-end=\"3614\">Ryba\u0159en\u00ed a vle\u010den\u00ed<\/li>\n<li data-section-id=\"1gksk7t\" data-start=\"3615\" data-end=\"3654\">Dopravn\u00ed a zabezpe\u010dovac\u00ed syst\u00e9my<\/li>\n<\/ul>\n<h2 data-section-id=\"kxvv1q\" data-start=\"3661\" data-end=\"3694\"><span role=\"text\"><strong data-start=\"3664\" data-end=\"3694\">Mo\u017enosti p\u0159izp\u016fsoben\u00ed<\/strong><\/span><\/h2>\n<p data-start=\"3696\" data-end=\"3755\">Poskytujeme p\u0159izp\u016fsoben\u00e1 \u0159e\u0161en\u00ed na z\u00e1klad\u011b va\u0161ich po\u017eadavk\u016f:<\/p>\n<ul data-start=\"3756\" data-end=\"3915\">\n<li data-section-id=\"neki49\" data-start=\"3756\" data-end=\"3785\">Pr\u016fm\u011br a konstrukce<\/li>\n<li data-section-id=\"9j1apl\" data-start=\"3786\" data-end=\"3812\">Tlou\u0161\u0165ka zinkov\u00e9ho povlaku<\/li>\n<li data-section-id=\"1jgg1a8\" data-start=\"3813\" data-end=\"3841\">Typ j\u00e1dra (FC, IWRC, PP)<\/li>\n<li data-section-id=\"4d5fwm\" data-start=\"3842\" data-end=\"3877\">Typ ulo\u017een\u00ed (b\u011b\u017en\u00e9, lang, sm\u00ed\u0161en\u00e9)<\/li>\n<li data-section-id=\"157b2r9\" data-start=\"3878\" data-end=\"3915\">Povrchov\u00e1 \u00faprava a t\u0159\u00edda pevnosti<\/li>\n<\/ul>\n<h2 data-section-id=\"1drsmsf\" data-start=\"3922\" data-end=\"3954\"><span role=\"text\"><strong data-start=\"3925\" data-end=\"3954\">Kontrola kvality a testov\u00e1n\u00ed<\/strong><\/span><\/h2>\n<p data-start=\"3956\" data-end=\"4004\">Ka\u017ed\u00fd pozinkovan\u00fd lanov\u00fd kabel je testov\u00e1n, aby se zajistilo:<\/p>\n<ul data-start=\"4005\" data-end=\"4145\">\n<li data-section-id=\"i9leeb\" data-start=\"4005\" data-end=\"4047\">Rovnom\u011brn\u00fd a pevn\u011b p\u0159ilnav\u00fd zinkov\u00fd povlak<\/li>\n<li data-section-id=\"1hmm5n9\" data-start=\"4048\" data-end=\"4099\">\u017d\u00e1dn\u00e9 prask\u00e1n\u00ed nebo odlupov\u00e1n\u00ed za podm\u00ednek ohybu<\/li>\n<li data-section-id=\"bye72l\" data-start=\"4100\" data-end=\"4145\">Ov\u011b\u0159en\u00fd v\u00fdkon odolnosti proti korozi<\/li>\n<\/ul>\n<h2 data-section-id=\"i5yrmq\" data-start=\"4152\" data-end=\"4177\"><span role=\"text\"><strong data-start=\"4155\" data-end=\"4177\">Dod\u00e1vka a slu\u017eby<\/strong><\/span><\/h2>\n<ul data-start=\"4179\" data-end=\"4312\">\n<li data-section-id=\"1jszyqb\" data-start=\"4179\" data-end=\"4223\">Standardn\u00ed produkty: <strong data-start=\"4200\" data-end=\"4221\">Dod\u00e1n\u00ed 1\u20133 dny<\/strong><\/li>\n<li data-section-id=\"1h0ln2x\" data-start=\"4224\" data-end=\"4261\">Zak\u00e1zkov\u00e1 v\u00fdroba: <strong data-start=\"4245\" data-end=\"4259\">15\u201330 dn\u00ed<\/strong><\/li>\n<li data-section-id=\"1i5g750\" data-start=\"4262\" data-end=\"4312\">Rychl\u00e9 cenov\u00e9 nab\u00eddky a technick\u00e1 podpora k dispozici<\/li>\n<\/ul>\n<h2 data-section-id=\"elc90z\" data-start=\"4319\" data-end=\"4329\"><span role=\"text\"><strong data-start=\"4322\" data-end=\"4329\">\u010casto kladen\u00e9 ot\u00e1zky<\/strong><\/span><\/h2>\n<p data-start=\"4331\" data-end=\"4560\"><strong data-start=\"4331\" data-end=\"4422\">Q1: Jak\u00fd je rozd\u00edl mezi elektro-zinkovan\u00fdm a horko-zinkovan\u00fdm lanov\u00fdm kabelem?<\/strong><br data-start=\"4422\" data-end=\"4425\" \/>Elektro-zinkovan\u00fd lanov\u00fd kabel m\u00e1 hlad\u0161\u00ed povrch, zat\u00edmco horko-zinkovan\u00fd poskytuje siln\u011bj\u0161\u00ed povlak a lep\u0161\u00ed odolnost proti korozi.<\/p>\n<p data-start=\"4562\" data-end=\"4709\"><strong data-start=\"4562\" data-end=\"4627\">Q2: Je pozinkovan\u00fd lanov\u00fd kabel vhodn\u00fd pro n\u00e1mo\u0159n\u00ed prost\u0159ed\u00ed?<\/strong><br data-start=\"4627\" data-end=\"4630\" \/>Ano, zejm\u00e9na se doporu\u010duj\u00ed typy s t\u011b\u017ek\u00fdm zinkov\u00fdm povlakem nebo horko-zinkovan\u00e9.<\/p>\n<p data-start=\"4711\" data-end=\"4842\"><strong data-start=\"4711\" data-end=\"4767\">Q3: Mohu si p\u0159izp\u016fsobit strukturu a pevnost lana?<\/strong><br data-start=\"4767\" data-end=\"4770\" \/>Ano, nab\u00edz\u00edme plnou p\u0159izp\u016fsobitelnost na z\u00e1klad\u011b va\u0161ich po\u017eadavk\u016f na aplikaci.<\/p>\n<h2 data-section-id=\"sr9zaj\" data-start=\"4849\" data-end=\"4911\"><span role=\"text\"><strong data-start=\"4852\" data-end=\"4909\">Hled\u00e1te spolehliv\u00e9ho dodavatele pozinkovan\u00fdch lanov\u00fdch kabel\u016f?<\/strong><\/span><\/h2>\n<p data-start=\"4912\" data-end=\"5028\">Kontaktujte n\u00e1s je\u0161t\u011b dnes, abyste z\u00edskali vysoce kvalitn\u00ed produkty, konkurenceschopn\u00e9 ceny a p\u0159izp\u016fsoben\u00e1 \u0159e\u0161en\u00ed na m\u00edru va\u0161im pot\u0159eb\u00e1m.<\/p>","protected":false},"excerpt":{"rendered":"<p>Pozinkovan\u00e9 ocelov\u00e9 lano se vyr\u00e1b\u00ed aplikac\u00ed ochrann\u00e9ho zinkov\u00e9ho povlaku na vysoce kvalitn\u00ed ocelov\u00e9 lano prost\u0159ednictv\u00edm elektro-zinkov\u00e1n\u00ed nebo zinkov\u00e1n\u00ed pono\u0159en\u00edm. Zinkov\u00e1 vrstva poskytuje vynikaj\u00edc\u00ed odolnost proti korozi, co\u017e v\u00fdrazn\u011b prodlu\u017euje \u017eivotnost lana v n\u00e1ro\u010dn\u00fdch podm\u00ednk\u00e1ch.<\/p>","protected":false},"featured_media":1485,"comment_status":"open","ping_status":"closed","template":"","meta":{"site-sidebar-layout":"default","site-content-layout":"","ast-site-content-layout":"default","site-content-style":"default","site-sidebar-style":"default","ast-global-header-display":"","ast-banner-title-visibility":"","ast-main-header-display":"","ast-hfb-above-header-display":"","ast-hfb-below-header-display":"","ast-hfb-mobile-header-display":"","site-post-title":"","ast-breadcrumbs-content":"","ast-featured-img":"","footer-sml-layout":"","ast-disable-related-posts":"","theme-transparent-header-meta":"default","adv-header-id-meta":"","stick-header-meta":"default","header-above-stick-meta":"","header-main-stick-meta":"","header-below-stick-meta":"","astra-migrate-meta-layouts":"set","ast-page-background-enabled":"default","ast-page-background-meta":{"desktop":{"background-color":"var(--ast-global-color-4)","background-image":"","background-repeat":"repeat","background-position":"center center","background-size":"auto","background-attachment":"scroll","background-type":"","background-media":"","overlay-type":"","overlay-color":"","overlay-opacity":"","overlay-gradient":""},"tablet":{"background-color":"","background-image":"","background-repeat":"repeat","background-position":"center center","background-size":"auto","background-attachment":"scroll","background-type":"","background-media":"","overlay-type":"","overlay-color":"","overlay-opacity":"","overlay-gradient":""},"mobile":{"background-color":"","background-image":"","background-repeat":"repeat","background-position":"center center","background-size":"auto","background-attachment":"scroll","background-type":"","background-media":"","overlay-type":"","overlay-color":"","overlay-opacity":"","overlay-gradient":""}},"ast-content-background-meta":{"desktop":{"background-color":"var(--ast-global-color-5)","background-image":"","background-repeat":"repeat","background-position":"center center","background-size":"auto","background-attachment":"scroll","background-type":"","background-media":"","overlay-type":"","overlay-color":"","overlay-opacity":"","overlay-gradient":""},"tablet":{"background-color":"var(--ast-global-color-5)","background-image":"","background-repeat":"repeat","background-position":"center center","background-size":"auto","background-attachment":"scroll","background-type":"","background-media":"","overlay-type":"","overlay-color":"","overlay-opacity":"","overlay-gradient":""},"mobile":{"background-color":"var(--ast-global-color-5)","background-image":"","background-repeat":"repeat","background-position":"center center","background-size":"auto","background-attachment":"scroll","background-type":"","background-media":"","overlay-type":"","overlay-color":"","overlay-opacity":"","overlay-gradient":""}}},"product_brand":[],"product_cat":[16],"product_tag":[33,45,28,42,40,43,41,32,49,44,35,47,48,27,46],"class_list":{"0":"post-1484","1":"product","2":"type-product","3":"status-publish","4":"has-post-thumbnail","6":"product_cat-wire-rope","7":"product_tag-corrosion-resistant-wire-rope","8":"product_tag-crane-wire-rope","9":"product_tag-custom-wire-rope","10":"product_tag-electro-galvanized-wire-rope","11":"product_tag-galvanized-steel-wire-rope","12":"product_tag-high-strength-wire-rope","13":"product_tag-hot-dip-galvanized-wire-rope","14":"product_tag-industrial-wire-rope","15":"product_tag-iwrc-wire-rope","16":"product_tag-lifting-wire-rope","17":"product_tag-marine-wire-rope","18":"product_tag-steel-cable","19":"product_tag-wire-rope-construction","20":"product_tag-wire-rope-manufacturer","21":"product_tag-wire-rope-supplier","22":"desktop-align-left","23":"tablet-align-left","24":"mobile-align-left","25":"ast-product-gallery-layout-horizontal-slider","26":"ast-product-tabs-layout-horizontal","28":"first","29":"instock","30":"shipping-taxable","31":"product-type-simple"},"_links":{"self":[{"href":"https:\/\/www.precisionwirerope.com\/cs\/wp-json\/wp\/v2\/product\/1484","targetHints":{"allow":["GET"]}}],"collection":[{"href":"https:\/\/www.precisionwirerope.com\/cs\/wp-json\/wp\/v2\/product"}],"about":[{"href":"https:\/\/www.precisionwirerope.com\/cs\/wp-json\/wp\/v2\/types\/product"}],"replies":[{"embeddable":true,"href":"https:\/\/www.precisionwirerope.com\/cs\/wp-json\/wp\/v2\/comments?post=1484"}],"wp:featuredmedia":[{"embeddable":true,"href":"https:\/\/www.precisionwirerope.com\/cs\/wp-json\/wp\/v2\/media\/1485"}],"wp:attachment":[{"href":"https:\/\/www.precisionwirerope.com\/cs\/wp-json\/wp\/v2\/media?parent=1484"}],"wp:term":[{"taxonomy":"product_brand","embeddable":true,"href":"https:\/\/www.precisionwirerope.com\/cs\/wp-json\/wp\/v2\/product_brand?post=1484"},{"taxonomy":"product_cat","embeddable":true,"href":"https:\/\/www.precisionwirerope.com\/cs\/wp-json\/wp\/v2\/product_cat?post=1484"},{"taxonomy":"product_tag","embeddable":true,"href":"https:\/\/www.precisionwirerope.com\/cs\/wp-json\/wp\/v2\/product_tag?post=1484"}],"curies":[{"name":"wp","href":"https:\/\/api.w.org\/{rel}","templated":true}]}}