{"id":1479,"date":"2026-03-22T02:02:09","date_gmt":"2026-03-22T02:02:09","guid":{"rendered":"https:\/\/www.precisionwirerope.com\/?post_type=product&#038;p=1479"},"modified":"2026-03-22T02:09:59","modified_gmt":"2026-03-22T02:09:59","slug":"pvc-coated-steel-wire-rope-manufacturer-custom-plastic-coated-wire-rope-solutions","status":"publish","type":"product","link":"https:\/\/www.precisionwirerope.com\/cs\/product\/pvc-coated-steel-wire-rope-manufacturer-custom-plastic-coated-wire-rope-solutions\/","title":{"rendered":"V\u00fdrobce ocelov\u00e9ho lana s PVC povlakem | \u0158e\u0161en\u00ed ocelov\u00e9ho lana s plastov\u00fdm povlakem na m\u00edru"},"content":{"rendered":"<p data-start=\"186\" data-end=\"512\">Ocelov\u00e9 lano pota\u017een\u00e9 plastem je vyr\u00e1b\u011bno aplikac\u00ed odoln\u00e9ho polymern\u00edho povlaku na vysoce kvalitn\u00ed ocelov\u00e9 lano, v\u010detn\u011b pozinkovan\u00fdch, nerezov\u00fdch nebo jasn\u00fdch (olejovan\u00fdch) jader. Tato vn\u011bj\u0161\u00ed vrstva zvy\u0161uje odolnost proti korozi, od\u011bru a vliv\u016fm prost\u0159ed\u00ed, co\u017e v\u00fdrazn\u011b zlep\u0161uje \u017eivotnost a v\u00fdkon.<\/p>\n<p data-start=\"514\" data-end=\"693\">V Precision Wire Rope dod\u00e1v\u00e1me \u0161irokou \u0161k\u00e1lu \u0159e\u0161en\u00ed pota\u017een\u00fdch lan pomoc\u00ed materi\u00e1l\u016f jako PVC, PE, PU a nylon, vhodn\u00fdch pro pr\u016fmyslov\u00e9 i venkovn\u00ed aplikace.<\/p>\n<h2 data-section-id=\"1lut59q\" data-start=\"700\" data-end=\"728\"><span role=\"text\"><strong data-start=\"703\" data-end=\"728\">Struktura a materi\u00e1ly<\/strong><\/span><\/h2>\n<h3 data-section-id=\"gruvid\" data-start=\"730\" data-end=\"752\"><span role=\"text\"><strong data-start=\"734\" data-end=\"752\">J\u00e1drov\u00e9 materi\u00e1ly<\/strong><\/span><\/h3>\n<ul data-start=\"753\" data-end=\"930\">\n<li data-section-id=\"1c6ktf0\" data-start=\"753\" data-end=\"821\">Nerezov\u00e1 ocel (304, 316, 316L) \u2013 vynikaj\u00edc\u00ed odolnost proti korozi<\/li>\n<li data-section-id=\"11la092\" data-start=\"822\" data-end=\"880\">Pozinkovan\u00e1 ocel \u2013 n\u00e1kladov\u011b efektivn\u00ed ochrana proti rzi<\/li>\n<li data-section-id=\"97mmxw\" data-start=\"881\" data-end=\"930\">Jasn\u00e1 \/ Olejovan\u00e1 ocel \u2013 obecn\u00e9 pr\u016fmyslov\u00e9 pou\u017eit\u00ed<\/li>\n<\/ul>\n<h3 data-section-id=\"bi5xpj\" data-start=\"937\" data-end=\"962\"><span role=\"text\"><strong data-start=\"941\" data-end=\"962\">Pota\u017een\u00e9 materi\u00e1ly<\/strong><\/span><\/h3>\n<ul data-start=\"963\" data-end=\"1124\">\n<li data-section-id=\"932mci\" data-start=\"963\" data-end=\"996\">PVC \u2013 flexibiln\u00ed a ekonomick\u00e9<\/li>\n<li data-section-id=\"hwzyei\" data-start=\"997\" data-end=\"1030\">PE \u2013 dobr\u00e1 chemick\u00e1 odolnost<\/li>\n<li data-section-id=\"icmeb6\" data-start=\"1031\" data-end=\"1069\">PU \u2013 vynikaj\u00edc\u00ed odolnost proti od\u011bru<\/li>\n<li data-section-id=\"7rekcw\" data-start=\"1070\" data-end=\"1124\">Nylon \u2013 vynikaj\u00edc\u00ed trvanlivost a odolnost proti \u00fanav\u011b<\/li>\n<\/ul>\n<p data-start=\"1126\" data-end=\"1201\">Na po\u017e\u00e1d\u00e1n\u00ed jsou k dispozici vlastn\u00ed povlakov\u00e9 materi\u00e1ly, jako je PTFE a epoxid.<\/p>\n<h3 data-section-id=\"1qyaowq\" data-start=\"1208\" data-end=\"1242\"><span role=\"text\"><strong data-start=\"1212\" data-end=\"1242\">Typick\u00e9 konstrukce lan<\/strong><\/span><\/h3>\n<ul data-start=\"1243\" data-end=\"1318\">\n<li data-section-id=\"1d8ze2j\" data-start=\"1243\" data-end=\"1256\">1\u00d77, 1\u00d719<\/li>\n<li data-section-id=\"1gi7oer\" data-start=\"1257\" data-end=\"1276\">7\u00d77, 7\u00d719, 7\u00d737<\/li>\n<li data-section-id=\"1ceibga\" data-start=\"1277\" data-end=\"1303\">6\u00d77, 6\u00d719, 6\u00d719 + IWRC<\/li>\n<li data-section-id=\"196kycp\" data-start=\"1304\" data-end=\"1318\">6\u00d736, 6W19<\/li>\n<\/ul>\n<h2 data-section-id=\"id1bjs\" data-start=\"1325\" data-end=\"1356\"><span role=\"text\"><strong data-start=\"1328\" data-end=\"1356\">Technick\u00e9 specifikace<\/strong><\/span><\/h2>\n<div class=\"TyagGW_tableContainer\">\n<div class=\"group TyagGW_tableWrapper flex flex-col-reverse w-fit\" tabindex=\"-1\">\n<table class=\"w-fit min-w-(--thread-content-width)\" data-start=\"1358\" data-end=\"2158\">\n<thead data-start=\"1358\" data-end=\"1474\">\n<tr data-start=\"1358\" data-end=\"1474\">\n<th class=\"\" data-start=\"1358\" data-end=\"1379\" data-col-size=\"sm\">Pr\u016fm\u011br lana (mm)<\/th>\n<th class=\"\" data-start=\"1379\" data-end=\"1394\" data-col-size=\"sm\">Konstrukce<\/th>\n<th class=\"\" data-start=\"1394\" data-end=\"1406\" data-col-size=\"sm\">Typ j\u00e1dra<\/th>\n<th class=\"\" data-start=\"1406\" data-end=\"1425\" data-col-size=\"sm\">Materi\u00e1l povlaku<\/th>\n<th class=\"\" data-start=\"1425\" data-end=\"1448\" data-col-size=\"sm\">Pr\u016fm\u011br s povlakem (mm)<\/th>\n<th class=\"\" data-start=\"1448\" data-end=\"1474\" data-col-size=\"sm\">Lomov\u00e1 pevnost (kN)<\/th>\n<\/tr>\n<\/thead>\n<tbody data-start=\"1589\" data-end=\"2158\">\n<tr data-start=\"1589\" data-end=\"1702\">\n<td data-start=\"1589\" data-end=\"1610\" data-col-size=\"sm\">1.5 \u2013 2.0<\/td>\n<td data-start=\"1610\" data-end=\"1623\" data-col-size=\"sm\">1\u00d77 \/ 1\u00d719<\/td>\n<td data-start=\"1623\" data-end=\"1634\" data-col-size=\"sm\">Ocel<\/td>\n<td data-start=\"1634\" data-end=\"1653\" data-col-size=\"sm\">PVC \/ PE<\/td>\n<td data-start=\"1653\" data-end=\"1676\" data-col-size=\"sm\">2,0 \u2013 3,0<\/td>\n<td data-start=\"1676\" data-end=\"1702\" data-col-size=\"sm\">1.2 \u2013 3.5<\/td>\n<\/tr>\n<tr data-start=\"1703\" data-end=\"1816\">\n<td data-start=\"1703\" data-end=\"1724\" data-col-size=\"sm\">2.0 \u2013 4.0<\/td>\n<td data-col-size=\"sm\" data-start=\"1724\" data-end=\"1737\">7\u00d77<\/td>\n<td data-col-size=\"sm\" data-start=\"1737\" data-end=\"1748\">FC \/ IWRC<\/td>\n<td data-col-size=\"sm\" data-start=\"1748\" data-end=\"1767\">PVC \/ PU<\/td>\n<td data-col-size=\"sm\" data-start=\"1767\" data-end=\"1790\">3.0 \u2013 5.5<\/td>\n<td data-col-size=\"sm\" data-start=\"1790\" data-end=\"1816\">3.0 \u2013 10.0<\/td>\n<\/tr>\n<tr data-start=\"1817\" data-end=\"1930\">\n<td data-start=\"1817\" data-end=\"1838\" data-col-size=\"sm\">3.0 \u2013 6.0<\/td>\n<td data-start=\"1838\" data-end=\"1851\" data-col-size=\"sm\">7\u00d719<\/td>\n<td data-col-size=\"sm\" data-start=\"1851\" data-end=\"1862\">FC \/ IWRC<\/td>\n<td data-col-size=\"sm\" data-start=\"1862\" data-end=\"1881\">PVC \/ Nylon<\/td>\n<td data-col-size=\"sm\" data-start=\"1881\" data-end=\"1904\">4.0 \u2013 8.0<\/td>\n<td data-col-size=\"sm\" data-start=\"1904\" data-end=\"1930\">8.0 \u2013 25.0<\/td>\n<\/tr>\n<tr data-start=\"1931\" data-end=\"2044\">\n<td data-start=\"1931\" data-end=\"1952\" data-col-size=\"sm\">6.0 \u2013 10.0<\/td>\n<td data-col-size=\"sm\" data-start=\"1952\" data-end=\"1965\">6\u00d719<\/td>\n<td data-col-size=\"sm\" data-start=\"1965\" data-end=\"1976\">IWRC<\/td>\n<td data-col-size=\"sm\" data-start=\"1976\" data-end=\"1995\">PVC \/ PU<\/td>\n<td data-col-size=\"sm\" data-start=\"1995\" data-end=\"2018\">7.0 \u2013 12.0<\/td>\n<td data-col-size=\"sm\" data-start=\"2018\" data-end=\"2044\">20.0 \u2013 60.0<\/td>\n<\/tr>\n<tr data-start=\"2045\" data-end=\"2158\">\n<td data-start=\"2045\" data-end=\"2066\" data-col-size=\"sm\">10.0 \u2013 16.0<\/td>\n<td data-col-size=\"sm\" data-start=\"2066\" data-end=\"2079\">6\u00d736<\/td>\n<td data-col-size=\"sm\" data-start=\"2079\" data-end=\"2090\">IWRC<\/td>\n<td data-col-size=\"sm\" data-start=\"2090\" data-end=\"2109\">PVC \/ PE<\/td>\n<td data-col-size=\"sm\" data-start=\"2109\" data-end=\"2132\">12.0 \u2013 18.0<\/td>\n<td data-col-size=\"sm\" data-start=\"2132\" data-end=\"2158\">50.0 \u2013 150.0<\/td>\n<\/tr>\n<\/tbody>\n<\/table>\n<\/div>\n<\/div>\n<blockquote data-start=\"2160\" data-end=\"2233\">\n<p data-start=\"2162\" data-end=\"2233\"><em data-start=\"2162\" data-end=\"2233\">Pozn\u00e1mka: Specifikace mohou b\u00fdt p\u0159izp\u016fsobeny na z\u00e1klad\u011b po\u017eadavk\u016f projektu.<\/em><\/p>\n<\/blockquote>\n<h2 data-section-id=\"dfn86d\" data-start=\"2240\" data-end=\"2269\"><span role=\"text\"><strong data-start=\"2243\" data-end=\"2269\">V\u00fdkonnostn\u00ed v\u00fdhody<\/strong><\/span><\/h2>\n<h3 data-section-id=\"rj61ag\" data-start=\"2271\" data-end=\"2310\"><span role=\"text\"><strong data-start=\"2275\" data-end=\"2308\">Vynikaj\u00edc\u00ed odolnost proti korozi<\/strong><\/span><\/h3>\n<p data-start=\"2311\" data-end=\"2478\">N\u00e1t\u011br chr\u00e1n\u00ed ocel p\u0159ed vlhkost\u00ed, chemik\u00e1liemi a mo\u0159sk\u00fdm prost\u0159ed\u00edm, \u010d\u00edm\u017e prodlu\u017euje \u017eivotnost a\u017e na <strong data-start=\"2422\" data-end=\"2435\">3\u20135 kr\u00e1t<\/strong> ve srovn\u00e1n\u00ed se standardn\u00edm pozinkovan\u00fdm lanem.<\/p>\n<h3 data-section-id=\"10vrs96\" data-start=\"2480\" data-end=\"2514\"><span role=\"text\"><strong data-start=\"2484\" data-end=\"2512\">Zlep\u0161en\u00e1 odolnost proti opot\u0159eben\u00ed<\/strong><\/span><\/h3>\n<p data-start=\"2515\" data-end=\"2586\">Sn\u00ed\u017een\u00e9 t\u0159en\u00ed mezi dr\u00e1ty zvy\u0161uje trvanlivost p\u0159i dynamick\u00fdch zat\u00ed\u017een\u00edch.<\/p>\n<h3 data-section-id=\"1oncnnb\" data-start=\"2588\" data-end=\"2627\"><span role=\"text\"><strong data-start=\"2592\" data-end=\"2625\">Vynikaj\u00edc\u00ed \u00fanosnost<\/strong><\/span><\/h3>\n<p data-start=\"2628\" data-end=\"2723\">Potahovan\u00e1 lana mohou dos\u00e1hnout a\u017e <strong data-start=\"2664\" data-end=\"2690\">2\u00d7 del\u0161\u00ed \u017eivotnosti p\u0159i \u00fanav\u011b<\/strong>, zejm\u00e9na s nylonov\u00fdmi n\u00e1t\u011bry.<\/p>\n<h3 data-section-id=\"1veegyp\" data-start=\"2725\" data-end=\"2754\"><span role=\"text\"><strong data-start=\"2729\" data-end=\"2752\">Chemick\u00e1 odolnost<\/strong><\/span><\/h3>\n<p data-start=\"2755\" data-end=\"2847\">Odoln\u00e9 v\u016f\u010di kyselin\u00e1m, z\u00e1sad\u00e1m, olej\u016fm a rozpou\u0161t\u011bdl\u016fm, vhodn\u00e9 pro n\u00e1ro\u010dn\u00e9 pr\u016fmyslov\u00e9 prost\u0159ed\u00ed.<\/p>\n<hr data-start=\"2849\" data-end=\"2852\" \/>\n<h2 data-section-id=\"k0zlak\" data-start=\"2854\" data-end=\"2873\"><span role=\"text\"><strong data-start=\"2857\" data-end=\"2873\">Aplikace<\/strong><\/span><\/h2>\n<ul data-start=\"2875\" data-end=\"3086\">\n<li data-section-id=\"1g77fm3\" data-start=\"2875\" data-end=\"2907\">Zvedac\u00ed a vykl\u00e1p\u011bc\u00ed syst\u00e9my<\/li>\n<li data-section-id=\"16bujyt\" data-start=\"2908\" data-end=\"2942\">N\u00e1mo\u0159n\u00ed a pob\u0159e\u017en\u00ed operace<\/li>\n<li data-section-id=\"1wm6orh\" data-start=\"2943\" data-end=\"2982\">T\u011b\u017eebn\u00ed a dopravn\u00ed za\u0159\u00edzen\u00ed<\/li>\n<li data-section-id=\"4ocv1n\" data-start=\"2983\" data-end=\"3007\">Ryba\u0159en\u00ed a vle\u010den\u00ed<\/li>\n<li data-section-id=\"z4msnb\" data-start=\"3008\" data-end=\"3048\">Bezpe\u010dnostn\u00ed kabely a syst\u00e9my proti kr\u00e1de\u017ei<\/li>\n<li data-section-id=\"ipjmta\" data-start=\"3049\" data-end=\"3086\">Architektonick\u00e9 a dekorativn\u00ed pou\u017eit\u00ed<\/li>\n<\/ul>\n<h2 data-section-id=\"kxvv1q\" data-start=\"3093\" data-end=\"3126\"><span role=\"text\"><strong data-start=\"3096\" data-end=\"3126\">Mo\u017enosti p\u0159izp\u016fsoben\u00ed<\/strong><\/span><\/h2>\n<p data-start=\"3128\" data-end=\"3185\">Nab\u00edz\u00edme pln\u00e9 p\u0159izp\u016fsoben\u00ed na z\u00e1klad\u011b va\u0161ich po\u017eadavk\u016f:<\/p>\n<ul data-start=\"3186\" data-end=\"3358\">\n<li data-section-id=\"x5pf81\" data-start=\"3186\" data-end=\"3212\">Pr\u016fm\u011br a struktura<\/li>\n<li data-section-id=\"j5pc7b\" data-start=\"3213\" data-end=\"3247\">Materi\u00e1l a tlou\u0161\u0165ka n\u00e1t\u011bru<\/li>\n<li data-section-id=\"epre32\" data-start=\"3248\" data-end=\"3285\">Barva (pr\u016fhledn\u00e1 nebo p\u0159izp\u016fsoben\u00e1)<\/li>\n<li data-section-id=\"yalb2g\" data-start=\"3286\" data-end=\"3317\">Konektory a sestavy<\/li>\n<li data-section-id=\"lru5e\" data-start=\"3318\" data-end=\"3358\">T\u0159\u00edda pevnosti a povrchov\u00e1 \u00faprava<\/li>\n<\/ul>\n<h2 data-section-id=\"lk0893\" data-start=\"3365\" data-end=\"3389\"><span role=\"text\"><strong data-start=\"3368\" data-end=\"3389\">Zaji\u0161t\u011bn\u00ed kvality<\/strong><\/span><\/h2>\n<p data-start=\"3391\" data-end=\"3606\">V\u0161echny produkty jsou vyr\u00e1b\u011bny pod p\u0159\u00edsn\u00fdmi kontroln\u00edmi procesy kvality a testov\u00e1ny na pevnost, odolnost a v\u00fdkon. Zaji\u0161\u0165ujeme shodu s mezin\u00e1rodn\u00edmi standardy pro spolehliv\u00e9 pou\u017eit\u00ed v kritick\u00fdch aplikac\u00edch.<\/p>\n<h2 data-section-id=\"i5yrmq\" data-start=\"3613\" data-end=\"3638\"><span role=\"text\"><strong data-start=\"3616\" data-end=\"3638\">Dod\u00e1vka a slu\u017eby<\/strong><\/span><\/h2>\n<ul data-start=\"3640\" data-end=\"3771\">\n<li data-section-id=\"1jszyqb\" data-start=\"3640\" data-end=\"3684\">Standardn\u00ed produkty: <strong data-start=\"3661\" data-end=\"3682\">Dod\u00e1n\u00ed 1\u20133 dny<\/strong><\/li>\n<li data-section-id=\"1yk6teq\" data-start=\"3685\" data-end=\"3720\">Zak\u00e1zkov\u00e9 produkty: <strong data-start=\"3704\" data-end=\"3718\">15\u201330 dn\u00ed<\/strong><\/li>\n<li data-section-id=\"1i5g750\" data-start=\"3721\" data-end=\"3771\">Rychl\u00e9 cenov\u00e9 nab\u00eddky a technick\u00e1 podpora k dispozici<\/li>\n<\/ul>\n<h2 data-section-id=\"elc90z\" data-start=\"3778\" data-end=\"3788\"><span role=\"text\"><strong data-start=\"3781\" data-end=\"3788\">\u010casto kladen\u00e9 ot\u00e1zky<\/strong><\/span><\/h2>\n<p data-start=\"3790\" data-end=\"3955\"><strong data-start=\"3790\" data-end=\"3848\">Q1: Jak\u00fd je rozd\u00edl mezi PVC a PU povlakem?<\/strong><br data-start=\"3848\" data-end=\"3851\" \/>PVC je ekonomi\u010dt\u011bj\u0161\u00ed a flexibiln\u011bj\u0161\u00ed, zat\u00edmco PU nab\u00edz\u00ed lep\u0161\u00ed odolnost proti od\u011bru a del\u0161\u00ed \u017eivotnost.<\/p>\n<p data-start=\"3957\" data-end=\"4104\"><strong data-start=\"3957\" data-end=\"4009\">Q2: Mohu si p\u0159izp\u016fsobit pr\u016fm\u011br a barvu lana?<\/strong><br data-start=\"4009\" data-end=\"4012\" \/>Ano, poskytujeme pln\u00e9 p\u0159izp\u016fsoben\u00ed v\u010detn\u011b pr\u016fm\u011bru, tlou\u0161\u0165ky povlaku a mo\u017enost\u00ed barev.<\/p>\n<p data-start=\"4106\" data-end=\"4274\"><strong data-start=\"4106\" data-end=\"4167\">Q3: Je pota\u017een\u00e9 ocelov\u00e9 lano vhodn\u00e9 pro n\u00e1mo\u0159n\u00ed prost\u0159ed\u00ed?<\/strong><br data-start=\"4167\" data-end=\"4170\" \/>Ano, zejm\u00e9na p\u0159i pou\u017eit\u00ed j\u00e1dra z nerezov\u00e9 oceli s PE nebo PU povlakem pro zv\u00fd\u0161enou odolnost proti korozi.<\/p>\n<h2 data-section-id=\"qj60tn\" data-start=\"4281\" data-end=\"4322\"><span role=\"text\"><strong data-start=\"4284\" data-end=\"4320\">Hled\u00e1te spolehliv\u00e9ho dodavatele?<\/strong><\/span><\/h2>\n<p data-start=\"4323\" data-end=\"4467\">Poskytujeme vysoce v\u00fdkonn\u00e1 \u0159e\u0161en\u00ed pota\u017een\u00e9ho ocelov\u00e9ho lana p\u0159izp\u016fsoben\u00e1 va\u0161im pot\u0159eb\u00e1m. Kontaktujte n\u00e1s dnes pro rychlou nab\u00eddku a odbornou podporu.<\/p>","protected":false},"excerpt":{"rendered":"<p>Ocelov\u00e9 lano pota\u017een\u00e9 plastem je vyr\u00e1b\u011bno aplikac\u00ed odoln\u00e9ho polymern\u00edho povlaku na vysoce kvalitn\u00ed ocelov\u00e9 lano, v\u010detn\u011b pozinkovan\u00fdch, nerezov\u00fdch nebo jasn\u00fdch (olejovan\u00fdch) jader. Tato vn\u011bj\u0161\u00ed vrstva zvy\u0161uje odolnost proti korozi, od\u011bru a vliv\u016fm prost\u0159ed\u00ed, co\u017e v\u00fdrazn\u011b zlep\u0161uje \u017eivotnost a v\u00fdkon.<\/p>","protected":false},"featured_media":1481,"comment_status":"open","ping_status":"closed","template":"","meta":{"site-sidebar-layout":"default","site-content-layout":"","ast-site-content-layout":"default","site-content-style":"default","site-sidebar-style":"default","ast-global-header-display":"","ast-banner-title-visibility":"","ast-main-header-display":"","ast-hfb-above-header-display":"","ast-hfb-below-header-display":"","ast-hfb-mobile-header-display":"","site-post-title":"","ast-breadcrumbs-content":"","ast-featured-img":"","footer-sml-layout":"","ast-disable-related-posts":"","theme-transparent-header-meta":"default","adv-header-id-meta":"","stick-header-meta":"default","header-above-stick-meta":"","header-main-stick-meta":"","header-below-stick-meta":"","astra-migrate-meta-layouts":"set","ast-page-background-enabled":"default","ast-page-background-meta":{"desktop":{"background-color":"var(--ast-global-color-4)","background-image":"","background-repeat":"repeat","background-position":"center center","background-size":"auto","background-attachment":"scroll","background-type":"","background-media":"","overlay-type":"","overlay-color":"","overlay-opacity":"","overlay-gradient":""},"tablet":{"background-color":"","background-image":"","background-repeat":"repeat","background-position":"center center","background-size":"auto","background-attachment":"scroll","background-type":"","background-media":"","overlay-type":"","overlay-color":"","overlay-opacity":"","overlay-gradient":""},"mobile":{"background-color":"","background-image":"","background-repeat":"repeat","background-position":"center center","background-size":"auto","background-attachment":"scroll","background-type":"","background-media":"","overlay-type":"","overlay-color":"","overlay-opacity":"","overlay-gradient":""}},"ast-content-background-meta":{"desktop":{"background-color":"var(--ast-global-color-5)","background-image":"","background-repeat":"repeat","background-position":"center center","background-size":"auto","background-attachment":"scroll","background-type":"","background-media":"","overlay-type":"","overlay-color":"","overlay-opacity":"","overlay-gradient":""},"tablet":{"background-color":"var(--ast-global-color-5)","background-image":"","background-repeat":"repeat","background-position":"center center","background-size":"auto","background-attachment":"scroll","background-type":"","background-media":"","overlay-type":"","overlay-color":"","overlay-opacity":"","overlay-gradient":""},"mobile":{"background-color":"var(--ast-global-color-5)","background-image":"","background-repeat":"repeat","background-position":"center center","background-size":"auto","background-attachment":"scroll","background-type":"","background-media":"","overlay-type":"","overlay-color":"","overlay-opacity":"","overlay-gradient":""}}},"product_brand":[],"product_cat":[16],"product_tag":[34,25,33,28,39,29,36,32,37,35,24,22,26,20,23,21,38,30,31,27],"class_list":{"0":"post-1479","1":"product","2":"type-product","3":"status-publish","4":"has-post-thumbnail","6":"product_cat-wire-rope","7":"product_tag-abrasion-resistant-cable","8":"product_tag-coated-steel-cable","9":"product_tag-corrosion-resistant-wire-rope","10":"product_tag-custom-wire-rope","11":"product_tag-decorative-wire-rope","12":"product_tag-galvanized-coated-wire-rope","13":"product_tag-hoisting-wire-rope","14":"product_tag-industrial-wire-rope","15":"product_tag-lifting-cable","16":"product_tag-marine-wire-rope","17":"product_tag-nylon-coated-wire-rope","18":"product_tag-pe-coated-steel-wire-rope","19":"product_tag-plastic-coated-cable","20":"product_tag-plastic-coated-wire-rope","21":"product_tag-pu-coated-wire-rope","22":"product_tag-pvc-coated-wire-rope","23":"product_tag-safety-cable","24":"product_tag-stainless-steel-coated-wire-rope","25":"product_tag-wire-rope-assemblies","26":"product_tag-wire-rope-manufacturer","27":"desktop-align-left","28":"tablet-align-left","29":"mobile-align-left","30":"ast-product-gallery-layout-horizontal-slider","31":"ast-product-tabs-layout-horizontal","33":"first","34":"instock","35":"shipping-taxable","36":"product-type-simple"},"_links":{"self":[{"href":"https:\/\/www.precisionwirerope.com\/cs\/wp-json\/wp\/v2\/product\/1479","targetHints":{"allow":["GET"]}}],"collection":[{"href":"https:\/\/www.precisionwirerope.com\/cs\/wp-json\/wp\/v2\/product"}],"about":[{"href":"https:\/\/www.precisionwirerope.com\/cs\/wp-json\/wp\/v2\/types\/product"}],"replies":[{"embeddable":true,"href":"https:\/\/www.precisionwirerope.com\/cs\/wp-json\/wp\/v2\/comments?post=1479"}],"wp:featuredmedia":[{"embeddable":true,"href":"https:\/\/www.precisionwirerope.com\/cs\/wp-json\/wp\/v2\/media\/1481"}],"wp:attachment":[{"href":"https:\/\/www.precisionwirerope.com\/cs\/wp-json\/wp\/v2\/media?parent=1479"}],"wp:term":[{"taxonomy":"product_brand","embeddable":true,"href":"https:\/\/www.precisionwirerope.com\/cs\/wp-json\/wp\/v2\/product_brand?post=1479"},{"taxonomy":"product_cat","embeddable":true,"href":"https:\/\/www.precisionwirerope.com\/cs\/wp-json\/wp\/v2\/product_cat?post=1479"},{"taxonomy":"product_tag","embeddable":true,"href":"https:\/\/www.precisionwirerope.com\/cs\/wp-json\/wp\/v2\/product_tag?post=1479"}],"curies":[{"name":"wp","href":"https:\/\/api.w.org\/{rel}","templated":true}]}}