{"id":596,"date":"2026-03-18T06:08:30","date_gmt":"2026-03-18T06:08:30","guid":{"rendered":"https:\/\/www.precisionwirerope.com\/industries\/"},"modified":"2026-05-10T09:37:39","modified_gmt":"2026-05-10T09:37:39","slug":"applications","status":"publish","type":"page","link":"https:\/\/www.precisionwirerope.com\/cs\/applications\/","title":{"rendered":"Aplikace"},"content":{"rendered":"<div data-elementor-type=\"wp-page\" data-elementor-id=\"596\" class=\"elementor elementor-596\" data-elementor-post-type=\"page\">\n\t\t\t\t<div class=\"elementor-element elementor-element-d1da8a0 e-flex e-con-boxed e-con e-parent\" data-id=\"d1da8a0\" data-element_type=\"container\" data-e-type=\"container\" data-settings=\"{&quot;background_background&quot;:&quot;classic&quot;}\">\n\t\t\t\t\t<div class=\"e-con-inner\">\n\t\t\t\t<div class=\"elementor-element elementor-element-2205d48 elementor-widget elementor-widget-image-box\" data-id=\"2205d48\" data-element_type=\"widget\" data-e-type=\"widget\" data-widget_type=\"image-box.default\">\n\t\t\t\t<div class=\"elementor-widget-container\">\n\t\t\t\t\t<div class=\"elementor-image-box-wrapper\"><div class=\"elementor-image-box-content\"><h1 class=\"elementor-image-box-title\">Aplikace<\/h1><p class=\"elementor-image-box-description\">Navr\u017eeno pro r\u016fzn\u00e9 pr\u016fmyslov\u00e9 aplikace, na\u0161e lanov\u00e9 dr\u00e1ty poskytuj\u00ed spolehliv\u00fd v\u00fdkon, p\u0159esn\u00fd pohyb a dlouhotrvaj\u00edc\u00ed odolnost v n\u00e1ro\u010dn\u00fdch prost\u0159ed\u00edch.<\/p><\/div><\/div>\t\t\t\t<\/div>\n\t\t\t\t<\/div>\n\t\t\t\t\t<\/div>\n\t\t\t\t<\/div>\n\t\t<div class=\"elementor-element elementor-element-928efb7 e-flex e-con-boxed e-con e-parent\" data-id=\"928efb7\" data-element_type=\"container\" data-e-type=\"container\">\n\t\t\t\t\t<div class=\"e-con-inner\">\n\t\t\t\t<div class=\"elementor-element elementor-element-065b686 elementor-widget elementor-widget-image-box\" data-id=\"065b686\" data-element_type=\"widget\" data-e-type=\"widget\" data-widget_type=\"image-box.default\">\n\t\t\t\t<div class=\"elementor-widget-container\">\n\t\t\t\t\t<div class=\"elementor-image-box-wrapper\"><div class=\"elementor-image-box-content\"><h2 class=\"elementor-image-box-title\">Pr\u016fmysly, kter\u00e9 obsluhujeme<\/h2><p class=\"elementor-image-box-description\">Poskytujeme vysoce v\u00fdkonn\u00e1 \u0159e\u0161en\u00ed lanov\u00fdch dr\u00e1t\u016f p\u0159izp\u016fsoben\u00e1 \u0161irok\u00e9 \u0161k\u00e1le pr\u016fmysl\u016f, zaji\u0161\u0165uj\u00edc\u00ed s\u00edlu, p\u0159esnost a dlouhodobou spolehlivost v n\u00e1ro\u010dn\u00fdch aplikac\u00edch.<\/p><\/div><\/div>\t\t\t\t<\/div>\n\t\t\t\t<\/div>\n\t\t<div class=\"elementor-element elementor-element-88bad77 e-con-full e-flex e-con e-child\" data-id=\"88bad77\" data-element_type=\"container\" data-e-type=\"container\">\n\t\t<div class=\"elementor-element elementor-element-6f92712 e-con-full e-flex e-con e-child\" data-id=\"6f92712\" data-element_type=\"container\" data-e-type=\"container\" data-settings=\"{&quot;background_background&quot;:&quot;classic&quot;}\">\n\t\t\t\t<div class=\"elementor-element elementor-element-3a18acc elementor-widget elementor-widget-heading\" data-id=\"3a18acc\" data-element_type=\"widget\" data-e-type=\"widget\" data-widget_type=\"heading.default\">\n\t\t\t\t<div class=\"elementor-widget-container\">\n\t\t\t\t\t<h3 class=\"elementor-heading-title elementor-size-default\">Zved\u00e1n\u00ed a zdvih\u00e1n\u00ed<\/h3>\t\t\t\t<\/div>\n\t\t\t\t<\/div>\n\t\t\t\t<div class=\"elementor-element elementor-element-878d18c elementor-widget elementor-widget-heading\" data-id=\"878d18c\" data-element_type=\"widget\" data-e-type=\"widget\" data-widget_type=\"heading.default\">\n\t\t\t\t<div class=\"elementor-widget-container\">\n\t\t\t\t\t<p class=\"elementor-heading-title elementor-size-default\">Vysoce pevn\u00e1 lana pro je\u0159\u00e1by, navij\u00e1ky a zvedac\u00ed syst\u00e9my, kter\u00e1 zaji\u0161\u0165uj\u00ed bezpe\u010dnost a efektivitu.<\/p>\t\t\t\t<\/div>\n\t\t\t\t<\/div>\n\t\t\t\t<\/div>\n\t\t<div class=\"elementor-element elementor-element-b958d6d e-con-full e-flex e-con e-child\" data-id=\"b958d6d\" data-element_type=\"container\" data-e-type=\"container\" data-settings=\"{&quot;background_background&quot;:&quot;classic&quot;}\">\n\t\t\t\t<div class=\"elementor-element elementor-element-ba9a723 elementor-widget elementor-widget-heading\" data-id=\"ba9a723\" data-element_type=\"widget\" data-e-type=\"widget\" data-widget_type=\"heading.default\">\n\t\t\t\t<div class=\"elementor-widget-container\">\n\t\t\t\t\t<h3 class=\"elementor-heading-title elementor-size-default\">Mechanick\u00fd P\u0159enos<\/h3>\t\t\t\t<\/div>\n\t\t\t\t<\/div>\n\t\t\t\t<div class=\"elementor-element elementor-element-01dfe20 elementor-widget elementor-widget-heading\" data-id=\"01dfe20\" data-element_type=\"widget\" data-e-type=\"widget\" data-widget_type=\"heading.default\">\n\t\t\t\t<div class=\"elementor-widget-container\">\n\t\t\t\t\t<p class=\"elementor-heading-title elementor-size-default\">Odoln\u00e1 lana a kabely pro p\u0159esn\u00fd mechanick\u00fd pohyb v pr\u016fmyslov\u00fdch stroj\u00edch.<\/p>\t\t\t\t<\/div>\n\t\t\t\t<\/div>\n\t\t\t\t<\/div>\n\t\t<div class=\"elementor-element elementor-element-48046d6 e-con-full e-flex e-con e-child\" data-id=\"48046d6\" data-element_type=\"container\" data-e-type=\"container\" data-settings=\"{&quot;background_background&quot;:&quot;classic&quot;}\">\n\t\t\t\t<div class=\"elementor-element elementor-element-80003e6 elementor-widget elementor-widget-heading\" data-id=\"80003e6\" data-element_type=\"widget\" data-e-type=\"widget\" data-widget_type=\"heading.default\">\n\t\t\t\t<div class=\"elementor-widget-container\">\n\t\t\t\t\t<h3 class=\"elementor-heading-title elementor-size-default\">Ut\u011bs\u0148ovac\u00ed &amp; Nap\u00ednac\u00ed Syst\u00e9my<\/h3>\t\t\t\t<\/div>\n\t\t\t\t<\/div>\n\t\t\t\t<div class=\"elementor-element elementor-element-dd32802 elementor-widget elementor-widget-heading\" data-id=\"dd32802\" data-element_type=\"widget\" data-e-type=\"widget\" data-widget_type=\"heading.default\">\n\t\t\t\t<div class=\"elementor-widget-container\">\n\t\t\t\t\t<p class=\"elementor-heading-title elementor-size-default\">Lana navr\u017een\u00e1 pro t\u011bsn\u011bn\u00ed, nap\u00edna\u010de a bezpe\u010dnostn\u011b kritick\u00e9 sestavy.<\/p>\t\t\t\t<\/div>\n\t\t\t\t<\/div>\n\t\t\t\t<\/div>\n\t\t\t\t<\/div>\n\t\t<div class=\"elementor-element elementor-element-be6ac0f e-con-full e-flex e-con e-child\" data-id=\"be6ac0f\" data-element_type=\"container\" data-e-type=\"container\">\n\t\t<div class=\"elementor-element elementor-element-8be7f7f e-con-full e-flex e-con e-child\" data-id=\"8be7f7f\" data-element_type=\"container\" data-e-type=\"container\" data-settings=\"{&quot;background_background&quot;:&quot;classic&quot;}\">\n\t\t\t\t<div class=\"elementor-element elementor-element-2714542 elementor-widget elementor-widget-heading\" data-id=\"2714542\" data-element_type=\"widget\" data-e-type=\"widget\" data-widget_type=\"heading.default\">\n\t\t\t\t<div class=\"elementor-widget-container\">\n\t\t\t\t\t<h3 class=\"elementor-heading-title elementor-size-default\">V\u00fdtahy &amp; Vertik\u00e1ln\u00ed Doprava<\/h3>\t\t\t\t<\/div>\n\t\t\t\t<\/div>\n\t\t\t\t<div class=\"elementor-element elementor-element-2b74f70 elementor-widget elementor-widget-heading\" data-id=\"2b74f70\" data-element_type=\"widget\" data-e-type=\"widget\" data-widget_type=\"heading.default\">\n\t\t\t\t<div class=\"elementor-widget-container\">\n\t\t\t\t\t<p class=\"elementor-heading-title elementor-size-default\">Spolehliv\u00e1 lana pro osobn\u00ed a pr\u016fmyslov\u00e9 v\u00fdtahy, podporuj\u00edc\u00ed hladk\u00fd a bezpe\u010dn\u00fd provoz.<\/p>\t\t\t\t<\/div>\n\t\t\t\t<\/div>\n\t\t\t\t<\/div>\n\t\t<div class=\"elementor-element elementor-element-ac42722 e-con-full e-flex e-con e-child\" data-id=\"ac42722\" data-element_type=\"container\" data-e-type=\"container\" data-settings=\"{&quot;background_background&quot;:&quot;classic&quot;}\">\n\t\t\t\t<div class=\"elementor-element elementor-element-c390db3 elementor-widget elementor-widget-heading\" data-id=\"c390db3\" data-element_type=\"widget\" data-e-type=\"widget\" data-widget_type=\"heading.default\">\n\t\t\t\t<div class=\"elementor-widget-container\">\n\t\t\t\t\t<h3 class=\"elementor-heading-title elementor-size-default\">Stavebnictv\u00ed &amp; Rigging<\/h3>\t\t\t\t<\/div>\n\t\t\t\t<\/div>\n\t\t\t\t<div class=\"elementor-element elementor-element-eb7fe10 elementor-widget elementor-widget-heading\" data-id=\"eb7fe10\" data-element_type=\"widget\" data-e-type=\"widget\" data-widget_type=\"heading.default\">\n\t\t\t\t<div class=\"elementor-widget-container\">\n\t\t\t\t\t<p class=\"elementor-heading-title elementor-size-default\">Lana navr\u017een\u00e1 pro t\u011b\u017ek\u00e9 zat\u00ed\u017een\u00ed, le\u0161en\u00ed a rigging ve stavebn\u00edch projektech.<\/p>\t\t\t\t<\/div>\n\t\t\t\t<\/div>\n\t\t\t\t<\/div>\n\t\t<div class=\"elementor-element elementor-element-90b4017 e-con-full e-flex e-con e-child\" data-id=\"90b4017\" data-element_type=\"container\" data-e-type=\"container\" data-settings=\"{&quot;background_background&quot;:&quot;classic&quot;}\">\n\t\t\t\t<div class=\"elementor-element elementor-element-d53aa35 elementor-widget elementor-widget-heading\" data-id=\"d53aa35\" data-element_type=\"widget\" data-e-type=\"widget\" data-widget_type=\"heading.default\">\n\t\t\t\t<div class=\"elementor-widget-container\">\n\t\t\t\t\t<h3 class=\"elementor-heading-title elementor-size-default\">N\u00e1mo\u0159n\u00ed &amp; Offshorov\u00e9 Aplikace<\/h3>\t\t\t\t<\/div>\n\t\t\t\t<\/div>\n\t\t\t\t<div class=\"elementor-element elementor-element-02f7b28 elementor-widget elementor-widget-heading\" data-id=\"02f7b28\" data-element_type=\"widget\" data-e-type=\"widget\" data-widget_type=\"heading.default\">\n\t\t\t\t<div class=\"elementor-widget-container\">\n\t\t\t\t\t<p class=\"elementor-heading-title elementor-size-default\">Korozi odoln\u00e1 lana vhodn\u00e1 pro lod\u011b, p\u0159\u00edstavy a offshore platformy.<\/p>\t\t\t\t<\/div>\n\t\t\t\t<\/div>\n\t\t\t\t<\/div>\n\t\t\t\t<\/div>\n\t\t<div class=\"elementor-element elementor-element-44cd5cc e-con-full e-flex e-con e-child\" data-id=\"44cd5cc\" data-element_type=\"container\" data-e-type=\"container\">\n\t\t<div class=\"elementor-element elementor-element-46eb1db e-con-full e-flex e-con e-child\" data-id=\"46eb1db\" data-element_type=\"container\" data-e-type=\"container\" data-settings=\"{&quot;background_background&quot;:&quot;classic&quot;}\">\n\t\t\t\t<div class=\"elementor-element elementor-element-f2b6d5e elementor-widget elementor-widget-heading\" data-id=\"f2b6d5e\" data-element_type=\"widget\" data-e-type=\"widget\" data-widget_type=\"heading.default\">\n\t\t\t\t<div class=\"elementor-widget-container\">\n\t\t\t\t\t<h3 class=\"elementor-heading-title elementor-size-default\">T\u011b\u017eba &amp; Manipulace s Materi\u00e1lem<\/h3>\t\t\t\t<\/div>\n\t\t\t\t<\/div>\n\t\t\t\t<div class=\"elementor-element elementor-element-085ac57 elementor-widget elementor-widget-heading\" data-id=\"085ac57\" data-element_type=\"widget\" data-e-type=\"widget\" data-widget_type=\"heading.default\">\n\t\t\t\t<div class=\"elementor-widget-container\">\n\t\t\t\t\t<p class=\"elementor-heading-title elementor-size-default\">Odoln\u00e1 lana pro dopravn\u00edky, zved\u00e1ky a p\u0159epravu materi\u00e1lu v t\u011b\u017eebn\u00edch operac\u00edch.<\/p>\t\t\t\t<\/div>\n\t\t\t\t<\/div>\n\t\t\t\t<\/div>\n\t\t<div class=\"elementor-element elementor-element-a8138ca e-con-full e-flex e-con e-child\" data-id=\"a8138ca\" data-element_type=\"container\" data-e-type=\"container\" data-settings=\"{&quot;background_background&quot;:&quot;classic&quot;}\">\n\t\t\t\t<div class=\"elementor-element elementor-element-d708eae elementor-widget elementor-widget-heading\" data-id=\"d708eae\" data-element_type=\"widget\" data-e-type=\"widget\" data-widget_type=\"heading.default\">\n\t\t\t\t<div class=\"elementor-widget-container\">\n\t\t\t\t\t<h3 class=\"elementor-heading-title elementor-size-default\">Automobilov\u00fd Pr\u016fmysl &amp; In\u017een\u00fdrstv\u00ed<\/h3>\t\t\t\t<\/div>\n\t\t\t\t<\/div>\n\t\t\t\t<div class=\"elementor-element elementor-element-70a3aa1 elementor-widget elementor-widget-heading\" data-id=\"70a3aa1\" data-element_type=\"widget\" data-e-type=\"widget\" data-widget_type=\"heading.default\">\n\t\t\t\t<div class=\"elementor-widget-container\">\n\t\t\t\t\t<p class=\"elementor-heading-title elementor-size-default\">P\u0159esn\u00e1 lana pro mechanick\u00e9 spojen\u00ed, ovl\u00e1dac\u00ed kabely a pr\u016fmyslov\u00e9 stroje.<\/p>\t\t\t\t<\/div>\n\t\t\t\t<\/div>\n\t\t\t\t<\/div>\n\t\t<div class=\"elementor-element elementor-element-f8d7a8b e-con-full e-flex e-con e-child\" data-id=\"f8d7a8b\" data-element_type=\"container\" data-e-type=\"container\" data-settings=\"{&quot;background_background&quot;:&quot;classic&quot;}\">\n\t\t\t\t<div class=\"elementor-element elementor-element-d7f552b elementor-widget elementor-widget-heading\" data-id=\"d7f552b\" data-element_type=\"widget\" data-e-type=\"widget\" data-widget_type=\"heading.default\">\n\t\t\t\t<div class=\"elementor-widget-container\">\n\t\t\t\t\t<h3 class=\"elementor-heading-title elementor-size-default\">Vesm\u00edrn\u00fd Pr\u016fmysl &amp; Vysoce Technologick\u00e9 Za\u0159\u00edzen\u00ed<\/h3>\t\t\t\t<\/div>\n\t\t\t\t<\/div>\n\t\t\t\t<div class=\"elementor-element elementor-element-b66a813 elementor-widget elementor-widget-heading\" data-id=\"b66a813\" data-element_type=\"widget\" data-e-type=\"widget\" data-widget_type=\"heading.default\">\n\t\t\t\t<div class=\"elementor-widget-container\">\n\t\t\t\t\t<p class=\"elementor-heading-title elementor-size-default\">Lana pro kritick\u00e9 aplikace v letectv\u00ed, podporuj\u00edc\u00ed spolehlivost a bezpe\u010dnost v extr\u00e9mn\u00edch podm\u00ednk\u00e1ch.<\/p>\t\t\t\t<\/div>\n\t\t\t\t<\/div>\n\t\t\t\t<\/div>\n\t\t\t\t<\/div>\n\t\t\t\t\t<\/div>\n\t\t\t\t<\/div>\n\t\t<div class=\"elementor-element elementor-element-cb198ac e-flex e-con-boxed e-con e-parent\" data-id=\"cb198ac\" data-element_type=\"container\" data-e-type=\"container\" data-settings=\"{&quot;background_background&quot;:&quot;classic&quot;}\">\n\t\t\t\t\t<div class=\"e-con-inner\">\n\t\t\t\t<div class=\"elementor-element elementor-element-a0c38bc elementor-widget elementor-widget-heading\" data-id=\"a0c38bc\" data-element_type=\"widget\" data-e-type=\"widget\" data-widget_type=\"heading.default\">\n\t\t\t\t<div class=\"elementor-widget-container\">\n\t\t\t\t\t<h2 class=\"elementor-heading-title elementor-size-default\">Pom\u00e1h\u00e1me podnik\u016fm dos\u00e1hnout vysoce p\u0159esn\u00e9 v\u00fdroby s spolehliv\u00fdmi, vysoce kvalitn\u00edmi \u0159e\u0161en\u00edmi lanov\u00fdch dr\u00e1t\u016f.<\/h2>\t\t\t\t<\/div>\n\t\t\t\t<\/div>\n\t\t\t\t<div class=\"elementor-element elementor-element-4d745e4 elementor-widget elementor-widget-heading\" data-id=\"4d745e4\" data-element_type=\"widget\" data-e-type=\"widget\" data-widget_type=\"heading.default\">\n\t\t\t\t<div class=\"elementor-widget-container\">\n\t\t\t\t\t<p class=\"elementor-heading-title elementor-size-default\">N\u00e1\u0161 d\u016fraz na konzistenci, odolnost a v\u00fdkon zaji\u0161\u0165uje optim\u00e1ln\u00ed v\u00fdsledky v n\u00e1ro\u010dn\u00fdch pr\u016fmyslov\u00fdch aplikac\u00edch.<\/p>\t\t\t\t<\/div>\n\t\t\t\t<\/div>\n\t\t\t\t<div class=\"elementor-element elementor-element-843900d elementor-align-center elementor-widget elementor-widget-button\" data-id=\"843900d\" data-element_type=\"widget\" data-e-type=\"widget\" data-widget_type=\"button.default\">\n\t\t\t\t<div class=\"elementor-widget-container\">\n\t\t\t\t\t\t\t\t\t<div class=\"elementor-button-wrapper\">\n\t\t\t\t\t<a class=\"elementor-button elementor-button-link elementor-size-sm\" href=\"#\">\n\t\t\t\t\t\t<span class=\"elementor-button-content-wrapper\">\n\t\t\t\t\t\t\t\t\t<span class=\"elementor-button-text\">Spojte se s n\u00e1mi<\/span>\n\t\t\t\t\t<\/span>\n\t\t\t\t\t<\/a>\n\t\t\t\t<\/div>\n\t\t\t\t\t\t\t\t<\/div>\n\t\t\t\t<\/div>\n\t\t\t\t\t<\/div>\n\t\t\t\t<\/div>\n\t\t\t\t<\/div>","protected":false},"excerpt":{"rendered":"<p>Applications Engineered for diverse industrial applications, our wire ropes deliver reliable performance, precision motion, and long-lasting durability across demanding environments. Industries We Serve We provide high-performance wire rope solutions tailored for a wide range of industries, ensuring strength, precision, and long-term reliability in demanding applications. Lifting &amp; Hoisting High-strength wire ropes for cranes, winches, and [&hellip;]<\/p>\n","protected":false},"author":1,"featured_media":0,"parent":0,"menu_order":0,"comment_status":"closed","ping_status":"closed","template":"","meta":{"site-sidebar-layout":"no-sidebar","site-content-layout":"page-builder","ast-site-content-layout":"full-width-container","site-content-style":"default","site-sidebar-style":"default","ast-global-header-display":"","ast-banner-title-visibility":"disabled","ast-main-header-display":"","ast-hfb-above-header-display":"","ast-hfb-below-header-display":"","ast-hfb-mobile-header-display":"","site-post-title":"disabled","ast-breadcrumbs-content":"","ast-featured-img":"disabled","footer-sml-layout":"","ast-disable-related-posts":"","theme-transparent-header-meta":"enabled","adv-header-id-meta":"","stick-header-meta":"","header-above-stick-meta":"","header-main-stick-meta":"","header-below-stick-meta":"","astra-migrate-meta-layouts":"set","ast-page-background-enabled":"default","ast-page-background-meta":{"desktop":{"background-color":"var(--ast-global-color-4)","background-image":"","background-repeat":"repeat","background-position":"center center","background-size":"auto","background-attachment":"scroll","background-type":"","background-media":"","overlay-type":"","overlay-color":"","overlay-opacity":"","overlay-gradient":""},"tablet":{"background-color":"","background-image":"","background-repeat":"repeat","background-position":"center center","background-size":"auto","background-attachment":"scroll","background-type":"","background-media":"","overlay-type":"","overlay-color":"","overlay-opacity":"","overlay-gradient":""},"mobile":{"background-color":"","background-image":"","background-repeat":"repeat","background-position":"center center","background-size":"auto","background-attachment":"scroll","background-type":"","background-media":"","overlay-type":"","overlay-color":"","overlay-opacity":"","overlay-gradient":""}},"ast-content-background-meta":{"desktop":{"background-color":"var(--ast-global-color-5)","background-image":"","background-repeat":"repeat","background-position":"center center","background-size":"auto","background-attachment":"scroll","background-type":"","background-media":"","overlay-type":"","overlay-color":"","overlay-opacity":"","overlay-gradient":""},"tablet":{"background-color":"var(--ast-global-color-5)","background-image":"","background-repeat":"repeat","background-position":"center center","background-size":"auto","background-attachment":"scroll","background-type":"","background-media":"","overlay-type":"","overlay-color":"","overlay-opacity":"","overlay-gradient":""},"mobile":{"background-color":"var(--ast-global-color-5)","background-image":"","background-repeat":"repeat","background-position":"center center","background-size":"auto","background-attachment":"scroll","background-type":"","background-media":"","overlay-type":"","overlay-color":"","overlay-opacity":"","overlay-gradient":""}},"footnotes":""},"class_list":["post-596","page","type-page","status-publish","hentry"],"_links":{"self":[{"href":"https:\/\/www.precisionwirerope.com\/cs\/wp-json\/wp\/v2\/pages\/596","targetHints":{"allow":["GET"]}}],"collection":[{"href":"https:\/\/www.precisionwirerope.com\/cs\/wp-json\/wp\/v2\/pages"}],"about":[{"href":"https:\/\/www.precisionwirerope.com\/cs\/wp-json\/wp\/v2\/types\/page"}],"author":[{"embeddable":true,"href":"https:\/\/www.precisionwirerope.com\/cs\/wp-json\/wp\/v2\/users\/1"}],"replies":[{"embeddable":true,"href":"https:\/\/www.precisionwirerope.com\/cs\/wp-json\/wp\/v2\/comments?post=596"}],"version-history":[{"count":30,"href":"https:\/\/www.precisionwirerope.com\/cs\/wp-json\/wp\/v2\/pages\/596\/revisions"}],"predecessor-version":[{"id":1580,"href":"https:\/\/www.precisionwirerope.com\/cs\/wp-json\/wp\/v2\/pages\/596\/revisions\/1580"}],"wp:attachment":[{"href":"https:\/\/www.precisionwirerope.com\/cs\/wp-json\/wp\/v2\/media?parent=596"}],"curies":[{"name":"wp","href":"https:\/\/api.w.org\/{rel}","templated":true}]}}